{"id":5598,"date":"2019-08-29T09:26:23","date_gmt":"2019-08-29T07:26:23","guid":{"rendered":"https:\/\/www.perfectvanwamel.com\/product\/weidenmulcher-lb-serie\/"},"modified":"2020-09-30T15:25:21","modified_gmt":"2020-09-30T13:25:21","slug":"weidenmulcher-lb-serie","status":"publish","type":"product","link":"https:\/\/www.perfectvanwamel.com\/de\/produkt\/weidenmulcher-lb-serie\/","title":{"rendered":"LB-Serie, Optimaler Weidenmulcher mit Keilriemenantrieb"},"content":{"rendered":"<p>Die Rotoren des LB sind nicht in Reihe, sondern V-f\u00f6rmig montiert, sodass eine gro\u00dfz\u00fcgige \u00dcberschneidung der M\u00e4hmesser sichergestellt ist. Das f\u00fchrt im Ergebnis zu au\u00dferordentlich guter Schnittqualit\u00e4t und hohem Durchsatz.<\/p>\n<p>Die M\u00e4hmesser sind beidseitig nutzbar und zeichnen sich damit durch eine doppelt so lange Lebensdauer aus. Der effiziente Keilriemenantrieb mit automatischer Keilriemenspannung ist Garant f\u00fcr einen effizienten und wartungsarmen Antrieb.<\/p>\n<p>Alle LB-Mulcher k\u00f6nnen in Seitenauslage verwendet werden. Zudem verf\u00fcgen die Modelle LB-245V und LB-275V \u00fcber ein Schnellkupplungssystem, sodass die Maschine sicher an- und abgekoppelt und schnell in die Seitenauslage gebracht werden kann.<\/p>\n","protected":false},"excerpt":{"rendered":"<p>LB-Weidenmulcher sind mit verschlei\u00dffesten, profilierten Gleitleisten ausgestattet, wodurch sich die Maschine problemlos an Unebenheiten anpasst. Mit dem effizienten Antrieb ist der hohe Durchsatz der Maschine sichergestellt.<\/p>\n","protected":false},"featured_media":28428,"template":"","meta":{"_acf_changed":false},"product_brand":[],"product_cat":[1542],"product_tag":[],"class_list":{"0":"post-5598","1":"product","2":"type-product","3":"status-publish","4":"has-post-thumbnail","6":"product_cat-streifenmaher","7":"pa_aftakas-opm-540-de","8":"pa_denkende-schijf-nein","9":"pa_gewicht-kg-360-de","10":"pa_gewicht-kg-460-de","11":"pa_gewicht-kg-510-de","12":"pa_gewicht-kg-670-de","13":"pa_hefinrichting-tractor-cat-i-ii-de","14":"pa_maaihoogte-cm-4-14-de","15":"pa_maairotors-aantal-2-de","16":"pa_maairotors-aantal-3-de","17":"pa_maairotors-aantal-4-de","18":"pa_maairotors-opm-1540-de","19":"pa_maairotors-opm-1685-de","20":"pa_max-parallellogram-verstek-135-de","21":"pa_max-parallellogram-verstek-200-de","22":"pa_max-parallellogram-verstek-218-de","23":"pa_max-parallellogram-verstek-224-de","24":"pa_maximum-handmatig-standaard-135-de","25":"pa_maximum-handmatig-standaard-205-de","26":"pa_maximum-handmatig-standaard-220-de","27":"pa_maximum-handmatig-standaard-230-de","28":"pa_min-benodigd-vermogen-kw-pk-18-25-de-2","29":"pa_min-benodigd-vermogen-kw-pk-26-35-de-2","30":"pa_min-benodigd-vermogen-kw-pk-29-40-de-2","31":"pa_min-benodigd-vermogen-kw-pk-33-45-de-2","32":"pa_minimum-centr-aankoppeling-122-de","33":"pa_minimum-centr-aankoppeling-138-de","34":"pa_minimum-centr-aankoppeling-183-de","35":"pa_minimum-centr-aankoppeling-93-de","36":"pa_totale-breedte-cm-194-de","37":"pa_totale-breedte-cm-258-de","38":"pa_totale-breedte-cm-284-de","39":"pa_totale-breedte-cm-374-de","40":"pa_werkbreedte-cm-120-de","41":"pa_werkbreedte-cm-245-de","42":"pa_werkbreedte-cm-275-de","43":"pa_werkbreedte-cm-360-de","45":"first","46":"instock","47":"shipping-taxable","48":"product-type-simple"},"acf":[],"yoast_head":"<!-- This site is optimized with the Yoast SEO plugin v27.4 - https:\/\/yoast.com\/product\/yoast-seo-wordpress\/ -->\n<title>LB-Serie, Optimaler Weidenmulcher mit Keilriemenantrieb - PERFECT - Van Wamel<\/title>\n<meta name=\"robots\" content=\"index, follow, max-snippet:-1, max-image-preview:large, max-video-preview:-1\" \/>\n<link rel=\"canonical\" href=\"https:\/\/www.perfectvanwamel.com\/de\/produkt\/weidenmulcher-lb-serie\/\" \/>\n<meta property=\"og:locale\" content=\"de_DE\" \/>\n<meta property=\"og:type\" content=\"article\" \/>\n<meta property=\"og:title\" content=\"LB-Serie, Optimaler Weidenmulcher mit Keilriemenantrieb - PERFECT - Van Wamel\" \/>\n<meta property=\"og:description\" content=\"LB-Weidenmulcher sind mit verschlei\u00dffesten, profilierten Gleitleisten ausgestattet, wodurch sich die Maschine problemlos an Unebenheiten anpasst. Mit dem effizienten Antrieb ist der hohe Durchsatz der Maschine sichergestellt.\" \/>\n<meta property=\"og:url\" content=\"https:\/\/www.perfectvanwamel.com\/de\/produkt\/weidenmulcher-lb-serie\/\" \/>\n<meta property=\"og:site_name\" content=\"PERFECT - Van Wamel\" \/>\n<meta property=\"article:modified_time\" content=\"2020-09-30T13:25:21+00:00\" \/>\n<meta name=\"twitter:card\" content=\"summary_large_image\" \/>\n<meta name=\"twitter:label1\" content=\"Gesch\u00e4tzte Lesezeit\" \/>\n\t<meta name=\"twitter:data1\" content=\"1\u00a0Minute\" \/>\n<script type=\"application\/ld+json\" class=\"yoast-schema-graph\">{\"@context\":\"https:\\\/\\\/schema.org\",\"@graph\":[{\"@type\":\"WebPage\",\"@id\":\"https:\\\/\\\/www.perfectvanwamel.com\\\/de\\\/produkt\\\/weidenmulcher-lb-serie\\\/\",\"url\":\"https:\\\/\\\/www.perfectvanwamel.com\\\/de\\\/produkt\\\/weidenmulcher-lb-serie\\\/\",\"name\":\"LB-Serie, Optimaler Weidenmulcher mit Keilriemenantrieb - PERFECT - Van Wamel\",\"isPartOf\":{\"@id\":\"https:\\\/\\\/www.perfectvanwamel.com\\\/de\\\/#website\"},\"primaryImageOfPage\":{\"@id\":\"https:\\\/\\\/www.perfectvanwamel.com\\\/de\\\/produkt\\\/weidenmulcher-lb-serie\\\/#primaryimage\"},\"image\":{\"@id\":\"https:\\\/\\\/www.perfectvanwamel.com\\\/de\\\/produkt\\\/weidenmulcher-lb-serie\\\/#primaryimage\"},\"thumbnailUrl\":\"https:\\\/\\\/www.perfectvanwamel.com\\\/wp-content\\\/uploads\\\/2019\\\/08\\\/LB-275V.jpg\",\"datePublished\":\"2019-08-29T07:26:23+00:00\",\"dateModified\":\"2020-09-30T13:25:21+00:00\",\"breadcrumb\":{\"@id\":\"https:\\\/\\\/www.perfectvanwamel.com\\\/de\\\/produkt\\\/weidenmulcher-lb-serie\\\/#breadcrumb\"},\"inLanguage\":\"de\",\"potentialAction\":[{\"@type\":\"ReadAction\",\"target\":[\"https:\\\/\\\/www.perfectvanwamel.com\\\/de\\\/produkt\\\/weidenmulcher-lb-serie\\\/\"]}]},{\"@type\":\"ImageObject\",\"inLanguage\":\"de\",\"@id\":\"https:\\\/\\\/www.perfectvanwamel.com\\\/de\\\/produkt\\\/weidenmulcher-lb-serie\\\/#primaryimage\",\"url\":\"https:\\\/\\\/www.perfectvanwamel.com\\\/wp-content\\\/uploads\\\/2019\\\/08\\\/LB-275V.jpg\",\"contentUrl\":\"https:\\\/\\\/www.perfectvanwamel.com\\\/wp-content\\\/uploads\\\/2019\\\/08\\\/LB-275V.jpg\",\"width\":1772,\"height\":1068,\"caption\":\"LB-275V\"},{\"@type\":\"BreadcrumbList\",\"@id\":\"https:\\\/\\\/www.perfectvanwamel.com\\\/de\\\/produkt\\\/weidenmulcher-lb-serie\\\/#breadcrumb\",\"itemListElement\":[{\"@type\":\"ListItem\",\"position\":1,\"name\":\"Home\",\"item\":\"https:\\\/\\\/staging.perfectvanwamel.com\\\/de\\\/\"},{\"@type\":\"ListItem\",\"position\":2,\"name\":\"Technologie\",\"item\":\"https:\\\/\\\/staging.perfectvanwamel.com\\\/de\\\/technologie\\\/\"},{\"@type\":\"ListItem\",\"position\":3,\"name\":\"LB-Serie, Optimaler Weidenmulcher mit Keilriemenantrieb\"}]},{\"@type\":\"WebSite\",\"@id\":\"https:\\\/\\\/www.perfectvanwamel.com\\\/de\\\/#website\",\"url\":\"https:\\\/\\\/www.perfectvanwamel.com\\\/de\\\/\",\"name\":\"PERFECT - Van Wamel\",\"description\":\"\",\"potentialAction\":[{\"@type\":\"SearchAction\",\"target\":{\"@type\":\"EntryPoint\",\"urlTemplate\":\"https:\\\/\\\/www.perfectvanwamel.com\\\/de\\\/?s={search_term_string}\"},\"query-input\":{\"@type\":\"PropertyValueSpecification\",\"valueRequired\":true,\"valueName\":\"search_term_string\"}}],\"inLanguage\":\"de\"}]}<\/script>\n<!-- \/ Yoast SEO plugin. -->","yoast_head_json":{"title":"LB-Serie, Optimaler Weidenmulcher mit Keilriemenantrieb - PERFECT - Van Wamel","robots":{"index":"index","follow":"follow","max-snippet":"max-snippet:-1","max-image-preview":"max-image-preview:large","max-video-preview":"max-video-preview:-1"},"canonical":"https:\/\/www.perfectvanwamel.com\/de\/produkt\/weidenmulcher-lb-serie\/","og_locale":"de_DE","og_type":"article","og_title":"LB-Serie, Optimaler Weidenmulcher mit Keilriemenantrieb - PERFECT - Van Wamel","og_description":"LB-Weidenmulcher sind mit verschlei\u00dffesten, profilierten Gleitleisten ausgestattet, wodurch sich die Maschine problemlos an Unebenheiten anpasst. Mit dem effizienten Antrieb ist der hohe Durchsatz der Maschine sichergestellt.","og_url":"https:\/\/www.perfectvanwamel.com\/de\/produkt\/weidenmulcher-lb-serie\/","og_site_name":"PERFECT - Van Wamel","article_modified_time":"2020-09-30T13:25:21+00:00","twitter_card":"summary_large_image","twitter_misc":{"Gesch\u00e4tzte Lesezeit":"1\u00a0Minute"},"schema":{"@context":"https:\/\/schema.org","@graph":[{"@type":"WebPage","@id":"https:\/\/www.perfectvanwamel.com\/de\/produkt\/weidenmulcher-lb-serie\/","url":"https:\/\/www.perfectvanwamel.com\/de\/produkt\/weidenmulcher-lb-serie\/","name":"LB-Serie, Optimaler Weidenmulcher mit Keilriemenantrieb - PERFECT - Van Wamel","isPartOf":{"@id":"https:\/\/www.perfectvanwamel.com\/de\/#website"},"primaryImageOfPage":{"@id":"https:\/\/www.perfectvanwamel.com\/de\/produkt\/weidenmulcher-lb-serie\/#primaryimage"},"image":{"@id":"https:\/\/www.perfectvanwamel.com\/de\/produkt\/weidenmulcher-lb-serie\/#primaryimage"},"thumbnailUrl":"https:\/\/www.perfectvanwamel.com\/wp-content\/uploads\/2019\/08\/LB-275V.jpg","datePublished":"2019-08-29T07:26:23+00:00","dateModified":"2020-09-30T13:25:21+00:00","breadcrumb":{"@id":"https:\/\/www.perfectvanwamel.com\/de\/produkt\/weidenmulcher-lb-serie\/#breadcrumb"},"inLanguage":"de","potentialAction":[{"@type":"ReadAction","target":["https:\/\/www.perfectvanwamel.com\/de\/produkt\/weidenmulcher-lb-serie\/"]}]},{"@type":"ImageObject","inLanguage":"de","@id":"https:\/\/www.perfectvanwamel.com\/de\/produkt\/weidenmulcher-lb-serie\/#primaryimage","url":"https:\/\/www.perfectvanwamel.com\/wp-content\/uploads\/2019\/08\/LB-275V.jpg","contentUrl":"https:\/\/www.perfectvanwamel.com\/wp-content\/uploads\/2019\/08\/LB-275V.jpg","width":1772,"height":1068,"caption":"LB-275V"},{"@type":"BreadcrumbList","@id":"https:\/\/www.perfectvanwamel.com\/de\/produkt\/weidenmulcher-lb-serie\/#breadcrumb","itemListElement":[{"@type":"ListItem","position":1,"name":"Home","item":"https:\/\/staging.perfectvanwamel.com\/de\/"},{"@type":"ListItem","position":2,"name":"Technologie","item":"https:\/\/staging.perfectvanwamel.com\/de\/technologie\/"},{"@type":"ListItem","position":3,"name":"LB-Serie, Optimaler Weidenmulcher mit Keilriemenantrieb"}]},{"@type":"WebSite","@id":"https:\/\/www.perfectvanwamel.com\/de\/#website","url":"https:\/\/www.perfectvanwamel.com\/de\/","name":"PERFECT - Van Wamel","description":"","potentialAction":[{"@type":"SearchAction","target":{"@type":"EntryPoint","urlTemplate":"https:\/\/www.perfectvanwamel.com\/de\/?s={search_term_string}"},"query-input":{"@type":"PropertyValueSpecification","valueRequired":true,"valueName":"search_term_string"}}],"inLanguage":"de"}]}},"_links":{"self":[{"href":"https:\/\/www.perfectvanwamel.com\/de\/wp-json\/wp\/v2\/product\/5598","targetHints":{"allow":["GET"]}}],"collection":[{"href":"https:\/\/www.perfectvanwamel.com\/de\/wp-json\/wp\/v2\/product"}],"about":[{"href":"https:\/\/www.perfectvanwamel.com\/de\/wp-json\/wp\/v2\/types\/product"}],"wp:featuredmedia":[{"embeddable":true,"href":"https:\/\/www.perfectvanwamel.com\/de\/wp-json\/wp\/v2\/media\/28428"}],"wp:attachment":[{"href":"https:\/\/www.perfectvanwamel.com\/de\/wp-json\/wp\/v2\/media?parent=5598"}],"wp:term":[{"taxonomy":"product_brand","embeddable":true,"href":"https:\/\/www.perfectvanwamel.com\/de\/wp-json\/wp\/v2\/product_brand?post=5598"},{"taxonomy":"product_cat","embeddable":true,"href":"https:\/\/www.perfectvanwamel.com\/de\/wp-json\/wp\/v2\/product_cat?post=5598"},{"taxonomy":"product_tag","embeddable":true,"href":"https:\/\/www.perfectvanwamel.com\/de\/wp-json\/wp\/v2\/product_tag?post=5598"}],"curies":[{"name":"wp","href":"https:\/\/api.w.org\/{rel}","templated":true}]}}