{"id":7642,"date":"2020-10-22T20:37:02","date_gmt":"2020-10-22T18:37:04","guid":{"rendered":"https:\/\/www.perfectvanwamel.com\/?post_type=product&#038;p=7642"},"modified":"2020-11-02T23:13:29","modified_gmt":"2020-11-02T22:13:29","slug":"perfect-schlegel-hacksler","status":"publish","type":"product","link":"https:\/\/www.perfectvanwamel.com\/de\/produkt\/perfect-schlegel-hacksler\/","title":{"rendered":"PERFECT Schlegel"},"content":{"rendered":"<h2>0,9 kg Schlegel<\/h2>\n<p>Gerade, ununterbrochene Schnittfl\u00e4chen ergeben ein ausgezeichnetes Schnittbild.<br \/>\nIdeal f\u00fcr Rasen, Gr\u00fcnd\u00fcngung und andere leichtere Gew\u00e4chse bzw. Gew\u00e4chsreste bis zirka 3 cm Durchmesser.<\/p>\n<h2>2,2 kg Schlegel<\/h2>\n<p>Schwerer Hammerschlegel mit extra breiter Aufh\u00e4ngung f\u00fcr schwere Materialien und Schnitte mit einem Durchmesser von bis zu 10 cm. Die extra breite Aufh\u00e4ngung und die hohe Schlagkraft sorgen daf\u00fcr, dass dieser Schlegel auch auf Parzellen mit gro\u00dfen Steinen \u00e4u\u00dferst widerstandsf\u00e4hig ist. F\u00fcr Maisstoppeln oder schwerste Bedingungen.<\/p>\n<h2>Kombi-Schlegel (2,7 kg) NEU<\/h2>\n<p>Schlegel mit austauschbarer Hammerklinge. Die spezielle Stahlhammerklinge, die ihre Sch\u00e4rfe beibeh\u00e4lt, sorgt daf\u00fcr, dass der PERFECT Kombi-Schlegel beim Zerkleinern von Schnitten sehr fein zerkleinert, bietet aber auch beim M\u00e4hen von Gras ein sehr sch\u00f6nes Schnittbild.<\/p>\n<p>Original PERFECT Schflegel sind am PERFECT-Logo zu erkennen. Eine Garantie f\u00fcr Qualit\u00e4t und Langlebigkeit.<\/p>\n<h2>Pro-fix Schlegelaufh\u00e4ngung<\/h2>\n<p>Sch\u00fctzt die Schlegelaufh\u00e4ngung vor Besch\u00e4digungen durch Steine \u200b\u200boder andere Gegenst\u00e4nde. Zus\u00e4tzlicher Schutz f\u00fcr den Einsatz unter h\u00e4rtesten Bedingungen.<\/p>\n","protected":false},"excerpt":{"rendered":"<p>PERFECT Maschinen sind mit einer Vielzahl von Schlegeln erh\u00e4ltlich. Je nach Maschinentyp und Anwendung k\u00f6nnen Sie daher immer den am besten geeigneten Schlegel ausw\u00e4hlen.<\/p>\n<p>Alle Schlegel werden mit 20-mm-Hochleistungsschrauben und austauschbaren Buchsen an der Schlegelwelle befestigt.<br \/>\nDiese einzigartigen Buchsen in Kombination mit dem doppelten elektronischen Auswuchten der Schlegelwellen gew\u00e4hrleisten die sehr lange Lebensdauer, f\u00fcr die die PERFECT Schlegelm\u00e4her und Zerkleinerer bekannt sind.<\/p>\n","protected":false},"featured_media":7585,"template":"","meta":{"_acf_changed":false},"product_brand":[],"product_cat":[1100],"product_tag":[],"class_list":{"0":"post-7642","1":"product","2":"type-product","3":"status-publish","4":"has-post-thumbnail","6":"product_cat-holzschnitthacksler","7":"pa_aftakas-opm-1000-de","8":"pa_denkende-schijf-nein","9":"pa_gewicht-kg-1030-de","10":"pa_gewicht-kg-1320-de","11":"pa_gewicht-kg-900-de","12":"pa_gewicht-kg-970-de","13":"pa_hefinrichting-tractor-cat-ii-de","14":"pa_min-benodigd-vermogen-kw-pk-21-18-de","15":"pa_min-benodigd-vermogen-kw-pk-24-16-de","16":"pa_min-benodigd-vermogen-kw-pk-28-16-de","17":"pa_min-benodigd-vermogen-kw-pk-32-20-de","18":"pa_totale-breedte-cm-274-de","19":"pa_totale-breedte-cm-299-de","20":"pa_totale-breedte-cm-329-de","21":"pa_totale-breedte-cm-349-de","22":"pa_werkbreedte-cm-245-de","23":"pa_werkbreedte-cm-270-de","24":"pa_werkbreedte-cm-300-de","25":"pa_werkbreedte-cm-320-de","27":"first","28":"instock","29":"shipping-taxable","30":"product-type-simple"},"acf":[],"yoast_head":"<!-- This site is optimized with the Yoast SEO plugin v27.4 - https:\/\/yoast.com\/product\/yoast-seo-wordpress\/ -->\n<title>PERFECT Schlegel - PERFECT - Van Wamel<\/title>\n<meta name=\"robots\" content=\"index, follow, max-snippet:-1, max-image-preview:large, max-video-preview:-1\" \/>\n<link rel=\"canonical\" href=\"https:\/\/www.perfectvanwamel.com\/de\/produkt\/perfect-schlegel-hacksler\/\" \/>\n<meta property=\"og:locale\" content=\"de_DE\" \/>\n<meta property=\"og:type\" content=\"article\" \/>\n<meta property=\"og:title\" content=\"PERFECT Schlegel - PERFECT - Van Wamel\" \/>\n<meta property=\"og:description\" content=\"PERFECT Maschinen sind mit einer Vielzahl von Schlegeln erh\u00e4ltlich. Je nach Maschinentyp und Anwendung k\u00f6nnen Sie daher immer den am besten geeigneten Schlegel ausw\u00e4hlen.  Alle Schlegel werden mit 20-mm-Hochleistungsschrauben und austauschbaren Buchsen an der Schlegelwelle befestigt. Diese einzigartigen Buchsen in Kombination mit dem doppelten elektronischen Auswuchten der Schlegelwellen gew\u00e4hrleisten die sehr lange Lebensdauer, f\u00fcr die die PERFECT Schlegelm\u00e4her und Zerkleinerer bekannt sind.\" \/>\n<meta property=\"og:url\" content=\"https:\/\/www.perfectvanwamel.com\/de\/produkt\/perfect-schlegel-hacksler\/\" \/>\n<meta property=\"og:site_name\" content=\"PERFECT - Van Wamel\" \/>\n<meta property=\"article:modified_time\" content=\"2020-11-02T22:13:29+00:00\" \/>\n<meta property=\"og:image\" content=\"https:\/\/staging.perfectvanwamel.com\/wp-content\/uploads\/2020\/10\/Combi-klepel-tekening.jpg\" \/>\n\t<meta property=\"og:image:width\" content=\"1150\" \/>\n\t<meta property=\"og:image:height\" content=\"771\" \/>\n\t<meta property=\"og:image:type\" content=\"image\/jpeg\" \/>\n<meta name=\"twitter:card\" content=\"summary_large_image\" \/>\n<meta name=\"twitter:label1\" content=\"Gesch\u00e4tzte Lesezeit\" \/>\n\t<meta name=\"twitter:data1\" content=\"1\u00a0Minute\" \/>\n<script type=\"application\/ld+json\" class=\"yoast-schema-graph\">{\"@context\":\"https:\\\/\\\/schema.org\",\"@graph\":[{\"@type\":\"WebPage\",\"@id\":\"https:\\\/\\\/www.perfectvanwamel.com\\\/de\\\/produkt\\\/perfect-schlegel-hacksler\\\/\",\"url\":\"https:\\\/\\\/www.perfectvanwamel.com\\\/de\\\/produkt\\\/perfect-schlegel-hacksler\\\/\",\"name\":\"PERFECT Schlegel - PERFECT - Van Wamel\",\"isPartOf\":{\"@id\":\"https:\\\/\\\/www.perfectvanwamel.com\\\/de\\\/#website\"},\"primaryImageOfPage\":{\"@id\":\"https:\\\/\\\/www.perfectvanwamel.com\\\/de\\\/produkt\\\/perfect-schlegel-hacksler\\\/#primaryimage\"},\"image\":{\"@id\":\"https:\\\/\\\/www.perfectvanwamel.com\\\/de\\\/produkt\\\/perfect-schlegel-hacksler\\\/#primaryimage\"},\"thumbnailUrl\":\"https:\\\/\\\/www.perfectvanwamel.com\\\/wp-content\\\/uploads\\\/2020\\\/10\\\/Combi-klepel-tekening.jpg\",\"datePublished\":\"2020-10-22T18:37:04+00:00\",\"dateModified\":\"2020-11-02T22:13:29+00:00\",\"breadcrumb\":{\"@id\":\"https:\\\/\\\/www.perfectvanwamel.com\\\/de\\\/produkt\\\/perfect-schlegel-hacksler\\\/#breadcrumb\"},\"inLanguage\":\"de\",\"potentialAction\":[{\"@type\":\"ReadAction\",\"target\":[\"https:\\\/\\\/www.perfectvanwamel.com\\\/de\\\/produkt\\\/perfect-schlegel-hacksler\\\/\"]}]},{\"@type\":\"ImageObject\",\"inLanguage\":\"de\",\"@id\":\"https:\\\/\\\/www.perfectvanwamel.com\\\/de\\\/produkt\\\/perfect-schlegel-hacksler\\\/#primaryimage\",\"url\":\"https:\\\/\\\/www.perfectvanwamel.com\\\/wp-content\\\/uploads\\\/2020\\\/10\\\/Combi-klepel-tekening.jpg\",\"contentUrl\":\"https:\\\/\\\/www.perfectvanwamel.com\\\/wp-content\\\/uploads\\\/2020\\\/10\\\/Combi-klepel-tekening.jpg\",\"width\":1150,\"height\":771},{\"@type\":\"BreadcrumbList\",\"@id\":\"https:\\\/\\\/www.perfectvanwamel.com\\\/de\\\/produkt\\\/perfect-schlegel-hacksler\\\/#breadcrumb\",\"itemListElement\":[{\"@type\":\"ListItem\",\"position\":1,\"name\":\"Home\",\"item\":\"https:\\\/\\\/staging.perfectvanwamel.com\\\/de\\\/\"},{\"@type\":\"ListItem\",\"position\":2,\"name\":\"Technologie\",\"item\":\"https:\\\/\\\/staging.perfectvanwamel.com\\\/de\\\/technologie\\\/\"},{\"@type\":\"ListItem\",\"position\":3,\"name\":\"PERFECT Schlegel\"}]},{\"@type\":\"WebSite\",\"@id\":\"https:\\\/\\\/www.perfectvanwamel.com\\\/de\\\/#website\",\"url\":\"https:\\\/\\\/www.perfectvanwamel.com\\\/de\\\/\",\"name\":\"PERFECT - Van Wamel\",\"description\":\"\",\"potentialAction\":[{\"@type\":\"SearchAction\",\"target\":{\"@type\":\"EntryPoint\",\"urlTemplate\":\"https:\\\/\\\/www.perfectvanwamel.com\\\/de\\\/?s={search_term_string}\"},\"query-input\":{\"@type\":\"PropertyValueSpecification\",\"valueRequired\":true,\"valueName\":\"search_term_string\"}}],\"inLanguage\":\"de\"}]}<\/script>\n<!-- \/ Yoast SEO plugin. -->","yoast_head_json":{"title":"PERFECT Schlegel - PERFECT - Van Wamel","robots":{"index":"index","follow":"follow","max-snippet":"max-snippet:-1","max-image-preview":"max-image-preview:large","max-video-preview":"max-video-preview:-1"},"canonical":"https:\/\/www.perfectvanwamel.com\/de\/produkt\/perfect-schlegel-hacksler\/","og_locale":"de_DE","og_type":"article","og_title":"PERFECT Schlegel - PERFECT - Van Wamel","og_description":"PERFECT Maschinen sind mit einer Vielzahl von Schlegeln erh\u00e4ltlich. Je nach Maschinentyp und Anwendung k\u00f6nnen Sie daher immer den am besten geeigneten Schlegel ausw\u00e4hlen.  Alle Schlegel werden mit 20-mm-Hochleistungsschrauben und austauschbaren Buchsen an der Schlegelwelle befestigt. Diese einzigartigen Buchsen in Kombination mit dem doppelten elektronischen Auswuchten der Schlegelwellen gew\u00e4hrleisten die sehr lange Lebensdauer, f\u00fcr die die PERFECT Schlegelm\u00e4her und Zerkleinerer bekannt sind.","og_url":"https:\/\/www.perfectvanwamel.com\/de\/produkt\/perfect-schlegel-hacksler\/","og_site_name":"PERFECT - Van Wamel","article_modified_time":"2020-11-02T22:13:29+00:00","og_image":[{"width":1150,"height":771,"url":"https:\/\/staging.perfectvanwamel.com\/wp-content\/uploads\/2020\/10\/Combi-klepel-tekening.jpg","type":"image\/jpeg"}],"twitter_card":"summary_large_image","twitter_misc":{"Gesch\u00e4tzte Lesezeit":"1\u00a0Minute"},"schema":{"@context":"https:\/\/schema.org","@graph":[{"@type":"WebPage","@id":"https:\/\/www.perfectvanwamel.com\/de\/produkt\/perfect-schlegel-hacksler\/","url":"https:\/\/www.perfectvanwamel.com\/de\/produkt\/perfect-schlegel-hacksler\/","name":"PERFECT Schlegel - PERFECT - Van Wamel","isPartOf":{"@id":"https:\/\/www.perfectvanwamel.com\/de\/#website"},"primaryImageOfPage":{"@id":"https:\/\/www.perfectvanwamel.com\/de\/produkt\/perfect-schlegel-hacksler\/#primaryimage"},"image":{"@id":"https:\/\/www.perfectvanwamel.com\/de\/produkt\/perfect-schlegel-hacksler\/#primaryimage"},"thumbnailUrl":"https:\/\/www.perfectvanwamel.com\/wp-content\/uploads\/2020\/10\/Combi-klepel-tekening.jpg","datePublished":"2020-10-22T18:37:04+00:00","dateModified":"2020-11-02T22:13:29+00:00","breadcrumb":{"@id":"https:\/\/www.perfectvanwamel.com\/de\/produkt\/perfect-schlegel-hacksler\/#breadcrumb"},"inLanguage":"de","potentialAction":[{"@type":"ReadAction","target":["https:\/\/www.perfectvanwamel.com\/de\/produkt\/perfect-schlegel-hacksler\/"]}]},{"@type":"ImageObject","inLanguage":"de","@id":"https:\/\/www.perfectvanwamel.com\/de\/produkt\/perfect-schlegel-hacksler\/#primaryimage","url":"https:\/\/www.perfectvanwamel.com\/wp-content\/uploads\/2020\/10\/Combi-klepel-tekening.jpg","contentUrl":"https:\/\/www.perfectvanwamel.com\/wp-content\/uploads\/2020\/10\/Combi-klepel-tekening.jpg","width":1150,"height":771},{"@type":"BreadcrumbList","@id":"https:\/\/www.perfectvanwamel.com\/de\/produkt\/perfect-schlegel-hacksler\/#breadcrumb","itemListElement":[{"@type":"ListItem","position":1,"name":"Home","item":"https:\/\/staging.perfectvanwamel.com\/de\/"},{"@type":"ListItem","position":2,"name":"Technologie","item":"https:\/\/staging.perfectvanwamel.com\/de\/technologie\/"},{"@type":"ListItem","position":3,"name":"PERFECT Schlegel"}]},{"@type":"WebSite","@id":"https:\/\/www.perfectvanwamel.com\/de\/#website","url":"https:\/\/www.perfectvanwamel.com\/de\/","name":"PERFECT - Van Wamel","description":"","potentialAction":[{"@type":"SearchAction","target":{"@type":"EntryPoint","urlTemplate":"https:\/\/www.perfectvanwamel.com\/de\/?s={search_term_string}"},"query-input":{"@type":"PropertyValueSpecification","valueRequired":true,"valueName":"search_term_string"}}],"inLanguage":"de"}]}},"_links":{"self":[{"href":"https:\/\/www.perfectvanwamel.com\/de\/wp-json\/wp\/v2\/product\/7642","targetHints":{"allow":["GET"]}}],"collection":[{"href":"https:\/\/www.perfectvanwamel.com\/de\/wp-json\/wp\/v2\/product"}],"about":[{"href":"https:\/\/www.perfectvanwamel.com\/de\/wp-json\/wp\/v2\/types\/product"}],"wp:featuredmedia":[{"embeddable":true,"href":"https:\/\/www.perfectvanwamel.com\/de\/wp-json\/wp\/v2\/media\/7585"}],"wp:attachment":[{"href":"https:\/\/www.perfectvanwamel.com\/de\/wp-json\/wp\/v2\/media?parent=7642"}],"wp:term":[{"taxonomy":"product_brand","embeddable":true,"href":"https:\/\/www.perfectvanwamel.com\/de\/wp-json\/wp\/v2\/product_brand?post=7642"},{"taxonomy":"product_cat","embeddable":true,"href":"https:\/\/www.perfectvanwamel.com\/de\/wp-json\/wp\/v2\/product_cat?post=7642"},{"taxonomy":"product_tag","embeddable":true,"href":"https:\/\/www.perfectvanwamel.com\/de\/wp-json\/wp\/v2\/product_tag?post=7642"}],"curies":[{"name":"wp","href":"https:\/\/api.w.org\/{rel}","templated":true}]}}