{"id":8595,"date":"2021-02-23T11:17:06","date_gmt":"2021-04-06T07:15:04","guid":{"rendered":"https:\/\/www.perfectvanwamel.com\/?post_type=product&#038;p=8595"},"modified":"2021-04-29T09:23:26","modified_gmt":"2021-04-29T07:23:26","slug":"duo-swing","status":"publish","type":"product","link":"https:\/\/www.perfectvanwamel.com\/de\/produkt\/duo-swing\/","title":{"rendered":"Duo-Swing"},"content":{"rendered":"<section class=\"l-section wpb_row height_small\"><div class=\"l-section-h i-cf\"><div class=\"g-cols vc_row type_default valign_top\"><div class=\"vc_col-sm-12 wpb_column vc_column_container\"><div class=\"vc_column-inner\"><div class=\"wpb_wrapper\"><div class=\"wpb_text_column\" ><div class=\"wpb_wrapper\"><p>Bei der serienm\u00e4\u00dfig mit Schlegelmessern ausgestatteten Schwenkscheibe sind M\u00e4hh\u00f6he und Anfahrdruck verstellbar; damit ist eine Anpassung an unterschiedliche Arbeitsbedingungen m\u00f6glich.<\/p>\n<p>Die Duo-Swing-Modelle werden standardm\u00e4\u00dfig mit zwei schwenkbaren Scheiben geliefert. Um den M\u00e4hbereich zu maximieren, kann die Breite nicht nur hydraulisch eingestellt werden, sondern durch eine mechanische Gleitverstellung im Anbaubock auch beidseitig um weitere 25 cm herausgezogen werden. Dadurch wird eine Gesamtverstellung von 2,00 m realisiert, wodurch die Maschine f\u00fcr Anbauen von 2,5 bis \u00fcber 4,5 m geeignet ist.<\/p>\n<p>Zwei R\u00e4der und eine Lagerst\u00fctzschale sorgen f\u00fcr eine gute Bodenanpassung.<\/p>\n<p>F\u00fcr optimale Sicht sind die Duo-Swing-Modelle sowohl f\u00fcr die 3-Punkt- als auch f\u00fcr Frontanbau am Traktor erh\u00e4ltlich.<\/p>\n<p>Optional kann der Duo-Swing mit einem mechanisch-hydraulischen Vortaster ausgestattet werden; Besonders bei empfindlichen B\u00e4umen (sehr junge Pflanzungen) kann diese Option von gro\u00dfem Wert sein.<\/p>\n<\/div><\/div><\/div><\/div><\/div><\/div><\/div><\/section>\n","protected":false},"excerpt":{"rendered":"<p>Der Solo-Swing ist eine hydraulisch angetriebene Schwenkscheibe zum M\u00e4hen um B\u00e4ume, Pfosten und andere Hindernisse. Die Duo-Swing-Modelle k\u00f6nnen Gras und Unkraut auf beiden Seiten des Grasstreifens um den Baum oder die Rebe in einem Durchgang m\u00e4hen.<\/p>\n<p>Um beim Obst- und Weinbau zwischen B\u00e4ume und Weinreben zu gelangen, stehen Drehscheiben mit Durchmessern von 42, 50 und 60 cm zur Auswahl.<\/p>\n","protected":false},"featured_media":28469,"template":"","meta":{"_acf_changed":false},"product_brand":[],"product_cat":[1331],"product_tag":[],"class_list":{"0":"post-8595","1":"product","2":"type-product","3":"status-publish","4":"has-post-thumbnail","6":"product_cat-schwenkscheibe","8":"first","9":"instock","10":"shipping-taxable","11":"product-type-simple"},"acf":[],"yoast_head":"<!-- This site is optimized with the Yoast SEO plugin v27.4 - https:\/\/yoast.com\/product\/yoast-seo-wordpress\/ -->\n<title>Duo-Swing - PERFECT - Van Wamel<\/title>\n<meta name=\"description\" content=\"Doppelzwenkscheibe zum in einem Durchgang M\u00e4hen im Obstbau, Baumschule und Weinbau. M\u00e4ht automatisch um den Baum oder die Rebe.\" \/>\n<meta name=\"robots\" content=\"index, follow, max-snippet:-1, max-image-preview:large, max-video-preview:-1\" \/>\n<link rel=\"canonical\" href=\"https:\/\/www.perfectvanwamel.com\/de\/produkt\/duo-swing\/\" \/>\n<meta property=\"og:locale\" content=\"de_DE\" \/>\n<meta property=\"og:type\" content=\"article\" \/>\n<meta property=\"og:title\" content=\"Duo-Swing - PERFECT - Van Wamel\" \/>\n<meta property=\"og:description\" content=\"Doppelzwenkscheibe zum in einem Durchgang M\u00e4hen im Obstbau, Baumschule und Weinbau. M\u00e4ht automatisch um den Baum oder die Rebe.\" \/>\n<meta property=\"og:url\" content=\"https:\/\/www.perfectvanwamel.com\/de\/produkt\/duo-swing\/\" \/>\n<meta property=\"og:site_name\" content=\"PERFECT - Van Wamel\" \/>\n<meta property=\"article:modified_time\" content=\"2021-04-29T07:23:26+00:00\" \/>\n<meta property=\"og:image\" content=\"https:\/\/staging.perfectvanwamel.com\/wp-content\/uploads\/2021\/02\/Duo-Swing-600-met-tasters.jpg\" \/>\n\t<meta property=\"og:image:width\" content=\"1236\" \/>\n\t<meta property=\"og:image:height\" content=\"1029\" \/>\n\t<meta property=\"og:image:type\" content=\"image\/jpeg\" \/>\n<meta name=\"twitter:card\" content=\"summary_large_image\" \/>\n<meta name=\"twitter:label1\" content=\"Gesch\u00e4tzte Lesezeit\" \/>\n\t<meta name=\"twitter:data1\" content=\"1\u00a0Minute\" \/>\n<script type=\"application\/ld+json\" class=\"yoast-schema-graph\">{\"@context\":\"https:\\\/\\\/schema.org\",\"@graph\":[{\"@type\":\"WebPage\",\"@id\":\"https:\\\/\\\/www.perfectvanwamel.com\\\/de\\\/produkt\\\/duo-swing\\\/\",\"url\":\"https:\\\/\\\/www.perfectvanwamel.com\\\/de\\\/produkt\\\/duo-swing\\\/\",\"name\":\"Duo-Swing - PERFECT - Van Wamel\",\"isPartOf\":{\"@id\":\"https:\\\/\\\/www.perfectvanwamel.com\\\/de\\\/#website\"},\"primaryImageOfPage\":{\"@id\":\"https:\\\/\\\/www.perfectvanwamel.com\\\/de\\\/produkt\\\/duo-swing\\\/#primaryimage\"},\"image\":{\"@id\":\"https:\\\/\\\/www.perfectvanwamel.com\\\/de\\\/produkt\\\/duo-swing\\\/#primaryimage\"},\"thumbnailUrl\":\"https:\\\/\\\/www.perfectvanwamel.com\\\/wp-content\\\/uploads\\\/2021\\\/02\\\/Duo-Swing-600-met-tasters.jpg\",\"datePublished\":\"2021-04-06T07:15:04+00:00\",\"dateModified\":\"2021-04-29T07:23:26+00:00\",\"description\":\"Doppelzwenkscheibe zum in einem Durchgang M\u00e4hen im Obstbau, Baumschule und Weinbau. M\u00e4ht automatisch um den Baum oder die Rebe.\",\"breadcrumb\":{\"@id\":\"https:\\\/\\\/www.perfectvanwamel.com\\\/de\\\/produkt\\\/duo-swing\\\/#breadcrumb\"},\"inLanguage\":\"de\",\"potentialAction\":[{\"@type\":\"ReadAction\",\"target\":[\"https:\\\/\\\/www.perfectvanwamel.com\\\/de\\\/produkt\\\/duo-swing\\\/\"]}]},{\"@type\":\"ImageObject\",\"inLanguage\":\"de\",\"@id\":\"https:\\\/\\\/www.perfectvanwamel.com\\\/de\\\/produkt\\\/duo-swing\\\/#primaryimage\",\"url\":\"https:\\\/\\\/www.perfectvanwamel.com\\\/wp-content\\\/uploads\\\/2021\\\/02\\\/Duo-Swing-600-met-tasters.jpg\",\"contentUrl\":\"https:\\\/\\\/www.perfectvanwamel.com\\\/wp-content\\\/uploads\\\/2021\\\/02\\\/Duo-Swing-600-met-tasters.jpg\",\"width\":1236,\"height\":1029},{\"@type\":\"BreadcrumbList\",\"@id\":\"https:\\\/\\\/www.perfectvanwamel.com\\\/de\\\/produkt\\\/duo-swing\\\/#breadcrumb\",\"itemListElement\":[{\"@type\":\"ListItem\",\"position\":1,\"name\":\"Home\",\"item\":\"https:\\\/\\\/staging.perfectvanwamel.com\\\/de\\\/\"},{\"@type\":\"ListItem\",\"position\":2,\"name\":\"Technologie\",\"item\":\"https:\\\/\\\/staging.perfectvanwamel.com\\\/de\\\/technologie\\\/\"},{\"@type\":\"ListItem\",\"position\":3,\"name\":\"Duo-Swing\"}]},{\"@type\":\"WebSite\",\"@id\":\"https:\\\/\\\/www.perfectvanwamel.com\\\/de\\\/#website\",\"url\":\"https:\\\/\\\/www.perfectvanwamel.com\\\/de\\\/\",\"name\":\"PERFECT - Van Wamel\",\"description\":\"\",\"potentialAction\":[{\"@type\":\"SearchAction\",\"target\":{\"@type\":\"EntryPoint\",\"urlTemplate\":\"https:\\\/\\\/www.perfectvanwamel.com\\\/de\\\/?s={search_term_string}\"},\"query-input\":{\"@type\":\"PropertyValueSpecification\",\"valueRequired\":true,\"valueName\":\"search_term_string\"}}],\"inLanguage\":\"de\"}]}<\/script>\n<!-- \/ Yoast SEO plugin. -->","yoast_head_json":{"title":"Duo-Swing - PERFECT - Van Wamel","description":"Doppelzwenkscheibe zum in einem Durchgang M\u00e4hen im Obstbau, Baumschule und Weinbau. M\u00e4ht automatisch um den Baum oder die Rebe.","robots":{"index":"index","follow":"follow","max-snippet":"max-snippet:-1","max-image-preview":"max-image-preview:large","max-video-preview":"max-video-preview:-1"},"canonical":"https:\/\/www.perfectvanwamel.com\/de\/produkt\/duo-swing\/","og_locale":"de_DE","og_type":"article","og_title":"Duo-Swing - PERFECT - Van Wamel","og_description":"Doppelzwenkscheibe zum in einem Durchgang M\u00e4hen im Obstbau, Baumschule und Weinbau. M\u00e4ht automatisch um den Baum oder die Rebe.","og_url":"https:\/\/www.perfectvanwamel.com\/de\/produkt\/duo-swing\/","og_site_name":"PERFECT - Van Wamel","article_modified_time":"2021-04-29T07:23:26+00:00","og_image":[{"width":1236,"height":1029,"url":"https:\/\/staging.perfectvanwamel.com\/wp-content\/uploads\/2021\/02\/Duo-Swing-600-met-tasters.jpg","type":"image\/jpeg"}],"twitter_card":"summary_large_image","twitter_misc":{"Gesch\u00e4tzte Lesezeit":"1\u00a0Minute"},"schema":{"@context":"https:\/\/schema.org","@graph":[{"@type":"WebPage","@id":"https:\/\/www.perfectvanwamel.com\/de\/produkt\/duo-swing\/","url":"https:\/\/www.perfectvanwamel.com\/de\/produkt\/duo-swing\/","name":"Duo-Swing - PERFECT - Van Wamel","isPartOf":{"@id":"https:\/\/www.perfectvanwamel.com\/de\/#website"},"primaryImageOfPage":{"@id":"https:\/\/www.perfectvanwamel.com\/de\/produkt\/duo-swing\/#primaryimage"},"image":{"@id":"https:\/\/www.perfectvanwamel.com\/de\/produkt\/duo-swing\/#primaryimage"},"thumbnailUrl":"https:\/\/www.perfectvanwamel.com\/wp-content\/uploads\/2021\/02\/Duo-Swing-600-met-tasters.jpg","datePublished":"2021-04-06T07:15:04+00:00","dateModified":"2021-04-29T07:23:26+00:00","description":"Doppelzwenkscheibe zum in einem Durchgang M\u00e4hen im Obstbau, Baumschule und Weinbau. M\u00e4ht automatisch um den Baum oder die Rebe.","breadcrumb":{"@id":"https:\/\/www.perfectvanwamel.com\/de\/produkt\/duo-swing\/#breadcrumb"},"inLanguage":"de","potentialAction":[{"@type":"ReadAction","target":["https:\/\/www.perfectvanwamel.com\/de\/produkt\/duo-swing\/"]}]},{"@type":"ImageObject","inLanguage":"de","@id":"https:\/\/www.perfectvanwamel.com\/de\/produkt\/duo-swing\/#primaryimage","url":"https:\/\/www.perfectvanwamel.com\/wp-content\/uploads\/2021\/02\/Duo-Swing-600-met-tasters.jpg","contentUrl":"https:\/\/www.perfectvanwamel.com\/wp-content\/uploads\/2021\/02\/Duo-Swing-600-met-tasters.jpg","width":1236,"height":1029},{"@type":"BreadcrumbList","@id":"https:\/\/www.perfectvanwamel.com\/de\/produkt\/duo-swing\/#breadcrumb","itemListElement":[{"@type":"ListItem","position":1,"name":"Home","item":"https:\/\/staging.perfectvanwamel.com\/de\/"},{"@type":"ListItem","position":2,"name":"Technologie","item":"https:\/\/staging.perfectvanwamel.com\/de\/technologie\/"},{"@type":"ListItem","position":3,"name":"Duo-Swing"}]},{"@type":"WebSite","@id":"https:\/\/www.perfectvanwamel.com\/de\/#website","url":"https:\/\/www.perfectvanwamel.com\/de\/","name":"PERFECT - Van Wamel","description":"","potentialAction":[{"@type":"SearchAction","target":{"@type":"EntryPoint","urlTemplate":"https:\/\/www.perfectvanwamel.com\/de\/?s={search_term_string}"},"query-input":{"@type":"PropertyValueSpecification","valueRequired":true,"valueName":"search_term_string"}}],"inLanguage":"de"}]}},"_links":{"self":[{"href":"https:\/\/www.perfectvanwamel.com\/de\/wp-json\/wp\/v2\/product\/8595","targetHints":{"allow":["GET"]}}],"collection":[{"href":"https:\/\/www.perfectvanwamel.com\/de\/wp-json\/wp\/v2\/product"}],"about":[{"href":"https:\/\/www.perfectvanwamel.com\/de\/wp-json\/wp\/v2\/types\/product"}],"wp:featuredmedia":[{"embeddable":true,"href":"https:\/\/www.perfectvanwamel.com\/de\/wp-json\/wp\/v2\/media\/28469"}],"wp:attachment":[{"href":"https:\/\/www.perfectvanwamel.com\/de\/wp-json\/wp\/v2\/media?parent=8595"}],"wp:term":[{"taxonomy":"product_brand","embeddable":true,"href":"https:\/\/www.perfectvanwamel.com\/de\/wp-json\/wp\/v2\/product_brand?post=8595"},{"taxonomy":"product_cat","embeddable":true,"href":"https:\/\/www.perfectvanwamel.com\/de\/wp-json\/wp\/v2\/product_cat?post=8595"},{"taxonomy":"product_tag","embeddable":true,"href":"https:\/\/www.perfectvanwamel.com\/de\/wp-json\/wp\/v2\/product_tag?post=8595"}],"curies":[{"name":"wp","href":"https:\/\/api.w.org\/{rel}","templated":true}]}}