{"id":9197,"date":"2021-11-05T08:48:54","date_gmt":"2021-11-05T09:31:50","guid":{"rendered":"https:\/\/www.perfectvanwamel.com\/?post_type=product&#038;p=9197"},"modified":"2023-02-28T08:55:41","modified_gmt":"2023-02-28T07:55:41","slug":"terra-ranger-mechanische-unkrautbekampfung-in-der-reihe","status":"publish","type":"product","link":"https:\/\/www.perfectvanwamel.com\/de\/produkt\/terra-ranger-mechanische-unkrautbekampfung-in-der-reihe\/","title":{"rendered":"Terra Ranger, Mechanische Unkrautbek\u00e4mpfung im Unterstockbereich"},"content":{"rendered":"<p>Beide Fr\u00e4seinheiten werden von der Zapfwelle des Traktors angetrieben; Dank dieses vollmechanischen Antriebs verf\u00fcgt die Maschine \u00fcber eine hervorragende Energieeffizienz. Die gesamte Maschine ben\u00f6tigt eine bescheidene Traktorleistung; der Einsatz geht mit einem g\u00fcnstigen Kraftstoffverbrauch einher. Der Terra Ranger kann mit fast jedem Traktor ab 45 PS verwendet werden!<\/p>\n<p>Die Fr\u00e4seinheiten sorgen f\u00fcr ein hervorragendes Zerbr\u00f6ckeln, auch bei schwereren Bodenarten. Die Fr\u00e4stiefe ist stufenlos von 0 bis 70 mm einstellbar; Bei der ersten Operation werden arbeiten in der Regel in einer Tiefe von wenigen Zentimetern ausgef\u00fchrt, bei den folgenden Operationen reicht eine oberfl\u00e4chlichere Operation aus. Der Fr\u00e4ser wird mittels einer Kette angetrieben; Um Sch\u00e4den an den Fr\u00e4seinheiten und dem Antrieb durch Verstopfungen (z.B. durch gro\u00dfe Steine) zu vermeiden, ist der Antrieb mit einer Rutschkupplung ausgestattet.<\/p>\n<p>Das Traggestell des Terra-Ranger ist stufenlos in der Breite verstellbar; der rahmen ist gefedert und passt sich v\u00f6llig unabh\u00e4ngig von Traktor und Boden an. Eine Version ist auch f\u00fcr den Anbau im Frontkraftheber erh\u00e4ltlich.<\/p>\n","protected":false},"excerpt":{"rendered":"<p>Der PERFECT Terra Ranger ist speziell entwickelt, um eine schnelle und effektive Bodenbearbeitung in der Reihe zu erm\u00f6glichen. Die Kombination aus zwei Gegenfr\u00e4saggregaten und intelligent positionierten Fingerhacken erm\u00f6glicht eine Arbeitsgeschwindigkeit von bis zu 15 km\/h. Dadurch wird die Vegetation auf beiden Seiten der Graspiste und in der Reihe entfernt.<\/p>\n<p>&nbsp;<\/p>\n<p>Damit ist der Terra Ranger die erste Maschine, die eine effektive Unkrautbek\u00e4mpfung unter dem Baum und in der Reihe mit einer hohen Fahrgeschwindigkeit kombiniert. Durch den Einsatz unterschiedlichen breiten Fr\u00e4sen und Fingerhacken kann die Maschine in Obst- und Weing\u00e4rten mit Pflanzabst\u00e4nden zwischen 2,5 und 4,0 m eingesetzt werden.<\/p>\n","protected":false},"featured_media":9099,"template":"","meta":{"_acf_changed":false},"product_brand":[],"product_cat":[2355],"product_tag":[],"class_list":{"0":"post-9197","1":"product","2":"type-product","3":"status-publish","4":"has-post-thumbnail","6":"product_cat-unkrautbekampfung-in-der-reihe-im-obstgarten","8":"first","9":"instock","10":"shipping-taxable","11":"product-type-simple"},"acf":[],"yoast_head":"<!-- This site is optimized with the Yoast SEO plugin v27.5 - https:\/\/yoast.com\/product\/yoast-seo-wordpress\/ -->\n<title>Terra Ranger, Mechanische Unkrautbek\u00e4mpfung im Unterstockbereich - PERFECT - Van Wamel<\/title>\n<meta name=\"robots\" content=\"index, follow, max-snippet:-1, max-image-preview:large, max-video-preview:-1\" \/>\n<link rel=\"canonical\" href=\"https:\/\/www.perfectvanwamel.com\/de\/produkt\/terra-ranger-mechanische-unkrautbekampfung-in-der-reihe\/\" \/>\n<meta property=\"og:locale\" content=\"de_DE\" \/>\n<meta property=\"og:type\" content=\"article\" \/>\n<meta property=\"og:title\" content=\"Terra Ranger, Mechanische Unkrautbek\u00e4mpfung im Unterstockbereich - PERFECT - Van Wamel\" \/>\n<meta property=\"og:description\" content=\"Der PERFECT Terra Ranger ist speziell entwickelt, um eine schnelle und effektive Bodenbearbeitung in der Reihe zu erm\u00f6glichen. Die Kombination aus zwei Gegenfr\u00e4saggregaten und intelligent positionierten Fingerhacken erm\u00f6glicht eine Arbeitsgeschwindigkeit von bis zu 15 km\/h. Dadurch wird die Vegetation auf beiden Seiten der Graspiste und in der Reihe entfernt.  &nbsp;  Damit ist der Terra Ranger die erste Maschine, die eine effektive Unkrautbek\u00e4mpfung unter dem Baum und in der Reihe mit einer hohen Fahrgeschwindigkeit kombiniert. Durch den Einsatz unterschiedlichen breiten Fr\u00e4sen und Fingerhacken kann die Maschine in Obst- und Weing\u00e4rten mit Pflanzabst\u00e4nden zwischen 2,5 und 4,0 m eingesetzt werden.\" \/>\n<meta property=\"og:url\" content=\"https:\/\/www.perfectvanwamel.com\/de\/produkt\/terra-ranger-mechanische-unkrautbekampfung-in-der-reihe\/\" \/>\n<meta property=\"og:site_name\" content=\"PERFECT - Van Wamel\" \/>\n<meta property=\"article:modified_time\" content=\"2023-02-28T07:55:41+00:00\" \/>\n<meta property=\"og:image\" content=\"https:\/\/staging.perfectvanwamel.com\/wp-content\/uploads\/2021\/09\/Terraranger-vrijstaand-klein.jpg\" \/>\n\t<meta property=\"og:image:width\" content=\"2000\" \/>\n\t<meta property=\"og:image:height\" content=\"1334\" \/>\n\t<meta property=\"og:image:type\" content=\"image\/jpeg\" \/>\n<meta name=\"twitter:card\" content=\"summary_large_image\" \/>\n<meta name=\"twitter:label1\" content=\"Gesch\u00e4tzte Lesezeit\" \/>\n\t<meta name=\"twitter:data1\" content=\"1\u00a0Minute\" \/>\n<script type=\"application\/ld+json\" class=\"yoast-schema-graph\">{\"@context\":\"https:\\\/\\\/schema.org\",\"@graph\":[{\"@type\":\"WebPage\",\"@id\":\"https:\\\/\\\/www.perfectvanwamel.com\\\/de\\\/produkt\\\/terra-ranger-mechanische-unkrautbekampfung-in-der-reihe\\\/\",\"url\":\"https:\\\/\\\/www.perfectvanwamel.com\\\/de\\\/produkt\\\/terra-ranger-mechanische-unkrautbekampfung-in-der-reihe\\\/\",\"name\":\"Terra Ranger, Mechanische Unkrautbek\u00e4mpfung im Unterstockbereich - PERFECT - Van Wamel\",\"isPartOf\":{\"@id\":\"https:\\\/\\\/www.perfectvanwamel.com\\\/de\\\/#website\"},\"primaryImageOfPage\":{\"@id\":\"https:\\\/\\\/www.perfectvanwamel.com\\\/de\\\/produkt\\\/terra-ranger-mechanische-unkrautbekampfung-in-der-reihe\\\/#primaryimage\"},\"image\":{\"@id\":\"https:\\\/\\\/www.perfectvanwamel.com\\\/de\\\/produkt\\\/terra-ranger-mechanische-unkrautbekampfung-in-der-reihe\\\/#primaryimage\"},\"thumbnailUrl\":\"https:\\\/\\\/www.perfectvanwamel.com\\\/wp-content\\\/uploads\\\/2021\\\/09\\\/Terraranger-vrijstaand-klein.jpg\",\"datePublished\":\"2021-11-05T09:31:50+00:00\",\"dateModified\":\"2023-02-28T07:55:41+00:00\",\"breadcrumb\":{\"@id\":\"https:\\\/\\\/www.perfectvanwamel.com\\\/de\\\/produkt\\\/terra-ranger-mechanische-unkrautbekampfung-in-der-reihe\\\/#breadcrumb\"},\"inLanguage\":\"de\",\"potentialAction\":[{\"@type\":\"ReadAction\",\"target\":[\"https:\\\/\\\/www.perfectvanwamel.com\\\/de\\\/produkt\\\/terra-ranger-mechanische-unkrautbekampfung-in-der-reihe\\\/\"]}]},{\"@type\":\"ImageObject\",\"inLanguage\":\"de\",\"@id\":\"https:\\\/\\\/www.perfectvanwamel.com\\\/de\\\/produkt\\\/terra-ranger-mechanische-unkrautbekampfung-in-der-reihe\\\/#primaryimage\",\"url\":\"https:\\\/\\\/www.perfectvanwamel.com\\\/wp-content\\\/uploads\\\/2021\\\/09\\\/Terraranger-vrijstaand-klein.jpg\",\"contentUrl\":\"https:\\\/\\\/www.perfectvanwamel.com\\\/wp-content\\\/uploads\\\/2021\\\/09\\\/Terraranger-vrijstaand-klein.jpg\",\"width\":2000,\"height\":1334},{\"@type\":\"BreadcrumbList\",\"@id\":\"https:\\\/\\\/www.perfectvanwamel.com\\\/de\\\/produkt\\\/terra-ranger-mechanische-unkrautbekampfung-in-der-reihe\\\/#breadcrumb\",\"itemListElement\":[{\"@type\":\"ListItem\",\"position\":1,\"name\":\"Home\",\"item\":\"https:\\\/\\\/staging.perfectvanwamel.com\\\/de\\\/\"},{\"@type\":\"ListItem\",\"position\":2,\"name\":\"Produkte\",\"item\":\"https:\\\/\\\/www.perfectvanwamel.com\\\/de\\\/technologie\\\/\"},{\"@type\":\"ListItem\",\"position\":3,\"name\":\"Terra Ranger, Mechanische Unkrautbek\u00e4mpfung im Unterstockbereich\"}]},{\"@type\":\"WebSite\",\"@id\":\"https:\\\/\\\/www.perfectvanwamel.com\\\/de\\\/#website\",\"url\":\"https:\\\/\\\/www.perfectvanwamel.com\\\/de\\\/\",\"name\":\"PERFECT - Van Wamel\",\"description\":\"\",\"potentialAction\":[{\"@type\":\"SearchAction\",\"target\":{\"@type\":\"EntryPoint\",\"urlTemplate\":\"https:\\\/\\\/www.perfectvanwamel.com\\\/de\\\/?s={search_term_string}\"},\"query-input\":{\"@type\":\"PropertyValueSpecification\",\"valueRequired\":true,\"valueName\":\"search_term_string\"}}],\"inLanguage\":\"de\"}]}<\/script>\n<!-- \/ Yoast SEO plugin. -->","yoast_head_json":{"title":"Terra Ranger, Mechanische Unkrautbek\u00e4mpfung im Unterstockbereich - PERFECT - Van Wamel","robots":{"index":"index","follow":"follow","max-snippet":"max-snippet:-1","max-image-preview":"max-image-preview:large","max-video-preview":"max-video-preview:-1"},"canonical":"https:\/\/www.perfectvanwamel.com\/de\/produkt\/terra-ranger-mechanische-unkrautbekampfung-in-der-reihe\/","og_locale":"de_DE","og_type":"article","og_title":"Terra Ranger, Mechanische Unkrautbek\u00e4mpfung im Unterstockbereich - PERFECT - Van Wamel","og_description":"Der PERFECT Terra Ranger ist speziell entwickelt, um eine schnelle und effektive Bodenbearbeitung in der Reihe zu erm\u00f6glichen. Die Kombination aus zwei Gegenfr\u00e4saggregaten und intelligent positionierten Fingerhacken erm\u00f6glicht eine Arbeitsgeschwindigkeit von bis zu 15 km\/h. Dadurch wird die Vegetation auf beiden Seiten der Graspiste und in der Reihe entfernt.  &nbsp;  Damit ist der Terra Ranger die erste Maschine, die eine effektive Unkrautbek\u00e4mpfung unter dem Baum und in der Reihe mit einer hohen Fahrgeschwindigkeit kombiniert. Durch den Einsatz unterschiedlichen breiten Fr\u00e4sen und Fingerhacken kann die Maschine in Obst- und Weing\u00e4rten mit Pflanzabst\u00e4nden zwischen 2,5 und 4,0 m eingesetzt werden.","og_url":"https:\/\/www.perfectvanwamel.com\/de\/produkt\/terra-ranger-mechanische-unkrautbekampfung-in-der-reihe\/","og_site_name":"PERFECT - Van Wamel","article_modified_time":"2023-02-28T07:55:41+00:00","og_image":[{"width":2000,"height":1334,"url":"https:\/\/staging.perfectvanwamel.com\/wp-content\/uploads\/2021\/09\/Terraranger-vrijstaand-klein.jpg","type":"image\/jpeg"}],"twitter_card":"summary_large_image","twitter_misc":{"Gesch\u00e4tzte Lesezeit":"1\u00a0Minute"},"schema":{"@context":"https:\/\/schema.org","@graph":[{"@type":"WebPage","@id":"https:\/\/www.perfectvanwamel.com\/de\/produkt\/terra-ranger-mechanische-unkrautbekampfung-in-der-reihe\/","url":"https:\/\/www.perfectvanwamel.com\/de\/produkt\/terra-ranger-mechanische-unkrautbekampfung-in-der-reihe\/","name":"Terra Ranger, Mechanische Unkrautbek\u00e4mpfung im Unterstockbereich - PERFECT - Van Wamel","isPartOf":{"@id":"https:\/\/www.perfectvanwamel.com\/de\/#website"},"primaryImageOfPage":{"@id":"https:\/\/www.perfectvanwamel.com\/de\/produkt\/terra-ranger-mechanische-unkrautbekampfung-in-der-reihe\/#primaryimage"},"image":{"@id":"https:\/\/www.perfectvanwamel.com\/de\/produkt\/terra-ranger-mechanische-unkrautbekampfung-in-der-reihe\/#primaryimage"},"thumbnailUrl":"https:\/\/www.perfectvanwamel.com\/wp-content\/uploads\/2021\/09\/Terraranger-vrijstaand-klein.jpg","datePublished":"2021-11-05T09:31:50+00:00","dateModified":"2023-02-28T07:55:41+00:00","breadcrumb":{"@id":"https:\/\/www.perfectvanwamel.com\/de\/produkt\/terra-ranger-mechanische-unkrautbekampfung-in-der-reihe\/#breadcrumb"},"inLanguage":"de","potentialAction":[{"@type":"ReadAction","target":["https:\/\/www.perfectvanwamel.com\/de\/produkt\/terra-ranger-mechanische-unkrautbekampfung-in-der-reihe\/"]}]},{"@type":"ImageObject","inLanguage":"de","@id":"https:\/\/www.perfectvanwamel.com\/de\/produkt\/terra-ranger-mechanische-unkrautbekampfung-in-der-reihe\/#primaryimage","url":"https:\/\/www.perfectvanwamel.com\/wp-content\/uploads\/2021\/09\/Terraranger-vrijstaand-klein.jpg","contentUrl":"https:\/\/www.perfectvanwamel.com\/wp-content\/uploads\/2021\/09\/Terraranger-vrijstaand-klein.jpg","width":2000,"height":1334},{"@type":"BreadcrumbList","@id":"https:\/\/www.perfectvanwamel.com\/de\/produkt\/terra-ranger-mechanische-unkrautbekampfung-in-der-reihe\/#breadcrumb","itemListElement":[{"@type":"ListItem","position":1,"name":"Home","item":"https:\/\/staging.perfectvanwamel.com\/de\/"},{"@type":"ListItem","position":2,"name":"Produkte","item":"https:\/\/www.perfectvanwamel.com\/de\/technologie\/"},{"@type":"ListItem","position":3,"name":"Terra Ranger, Mechanische Unkrautbek\u00e4mpfung im Unterstockbereich"}]},{"@type":"WebSite","@id":"https:\/\/www.perfectvanwamel.com\/de\/#website","url":"https:\/\/www.perfectvanwamel.com\/de\/","name":"PERFECT - Van Wamel","description":"","potentialAction":[{"@type":"SearchAction","target":{"@type":"EntryPoint","urlTemplate":"https:\/\/www.perfectvanwamel.com\/de\/?s={search_term_string}"},"query-input":{"@type":"PropertyValueSpecification","valueRequired":true,"valueName":"search_term_string"}}],"inLanguage":"de"}]}},"_links":{"self":[{"href":"https:\/\/www.perfectvanwamel.com\/de\/wp-json\/wp\/v2\/product\/9197","targetHints":{"allow":["GET"]}}],"collection":[{"href":"https:\/\/www.perfectvanwamel.com\/de\/wp-json\/wp\/v2\/product"}],"about":[{"href":"https:\/\/www.perfectvanwamel.com\/de\/wp-json\/wp\/v2\/types\/product"}],"wp:featuredmedia":[{"embeddable":true,"href":"https:\/\/www.perfectvanwamel.com\/de\/wp-json\/wp\/v2\/media\/9099"}],"wp:attachment":[{"href":"https:\/\/www.perfectvanwamel.com\/de\/wp-json\/wp\/v2\/media?parent=9197"}],"wp:term":[{"taxonomy":"product_brand","embeddable":true,"href":"https:\/\/www.perfectvanwamel.com\/de\/wp-json\/wp\/v2\/product_brand?post=9197"},{"taxonomy":"product_cat","embeddable":true,"href":"https:\/\/www.perfectvanwamel.com\/de\/wp-json\/wp\/v2\/product_cat?post=9197"},{"taxonomy":"product_tag","embeddable":true,"href":"https:\/\/www.perfectvanwamel.com\/de\/wp-json\/wp\/v2\/product_tag?post=9197"}],"curies":[{"name":"wp","href":"https:\/\/api.w.org\/{rel}","templated":true}]}}