{"id":5713,"date":"2020-09-21T15:31:54","date_gmt":"2020-09-21T13:31:54","guid":{"rendered":"https:\/\/www.perfectvanwamel.com\/fruitteelt-wijnbouw\/"},"modified":"2026-03-17T09:40:37","modified_gmt":"2026-03-17T08:40:37","slug":"fruitteelt-wijnbouw","status":"publish","type":"page","link":"https:\/\/www.perfectvanwamel.com\/fr\/secteurs\/fruitteelt-wijnbouw\/","title":{"rendered":"Arboriculture &#038; Viticulture"},"content":{"rendered":"<section class=\"l-section wpb_row height_small\"><div class=\"l-section-h i-cf\"><div class=\"g-cols vc_row type_default valign_top reversed\"><div class=\"vc_col-sm-12 wpb_column vc_column_container\"><div class=\"vc_column-inner\"><div class=\"wpb_wrapper\">[vc_custom_heading text=&#8221;Votre sp\u00e9cialiste de la fruiticulture et de la viticulture depuis pr\u00e8s de 80 ans&#8221; font_container=&#8221;tag:h1|text_align:left&#8221; use_theme_fonts=&#8221;yes&#8221;]<div class=\"w-image align_center\"><div class=\"w-image-h\"><img decoding=\"async\" width=\"1600\" height=\"620\" src=\"https:\/\/www.perfectvanwamel.com\/wp-content\/uploads\/2026\/03\/Maaien-in-fruitteelt-en-wijnbouw.jpg\" class=\"attachment-us_1600_620_crop size-us_1600_620_crop\" alt=\"\" srcset=\"https:\/\/www.perfectvanwamel.com\/wp-content\/uploads\/2026\/03\/Maaien-in-fruitteelt-en-wijnbouw.jpg 1600w, https:\/\/www.perfectvanwamel.com\/wp-content\/uploads\/2026\/03\/Maaien-in-fruitteelt-en-wijnbouw-300x116.jpg 300w, https:\/\/www.perfectvanwamel.com\/wp-content\/uploads\/2026\/03\/Maaien-in-fruitteelt-en-wijnbouw-1024x397.jpg 1024w, https:\/\/www.perfectvanwamel.com\/wp-content\/uploads\/2026\/03\/Maaien-in-fruitteelt-en-wijnbouw-600x233.jpg 600w\" sizes=\"(max-width: 1600px) 100vw, 1600px\" \/><\/div><\/div><div class=\"w-separator size_medium\"><\/div><div class=\"g-cols wpb_row  type_default valign_top vc_inner\"><div class=\"vc_col-sm-12 wpb_column vc_column_container\"><div class=\"vc_column-inner\"><div class=\"wpb_wrapper\"><div class=\"wpb_text_column\" ><div class=\"wpb_wrapper\"><p><span class=\"--l --r hover:bg-blue-100 hover:dark:bg-blue-600\"><span class=\"container-target\"><span class=\"bg-blue-50 dark:bg-blue-500 text-unit-target\">PERFECT<\/span><\/span><\/span><span class=\"container-target\"><span class=\"bg-blue-50 dark:bg-blue-500 text-unit-target\"> \u2013 <\/span><\/span><span class=\"--l --r hover:bg-blue-100 hover:dark:bg-blue-600\"><span class=\"container-target\"><span class=\"bg-blue-50 dark:bg-blue-500 text-unit-target\">Van<\/span><\/span><\/span> <span class=\"--l --r hover:bg-blue-100 hover:dark:bg-blue-600\"><span class=\"container-target\"><span class=\"bg-blue-50 dark:bg-blue-500 text-unit-target\">Wamel<\/span><\/span><\/span> <span class=\"--l --r hover:bg-blue-100 hover:dark:bg-blue-600\"><span class=\"container-target\"><span class=\"bg-blue-50 dark:bg-blue-500 text-unit-target\">poss\u00e8de<\/span><\/span><\/span> <span class=\"--l --r hover:bg-blue-100 hover:dark:bg-blue-600\"><span class=\"container-target\"><span class=\"bg-blue-50 dark:bg-blue-500 text-unit-target\">pr\u00e8s<\/span><\/span><\/span> <span class=\"--l --r hover:bg-blue-100 hover:dark:bg-blue-600\"><span class=\"container-target\"><span class=\"bg-blue-50 dark:bg-blue-500 text-unit-target\">de<\/span><\/span><\/span> <span class=\"--l --r hover:bg-blue-100 hover:dark:bg-blue-600\"><span class=\"container-target\"><span class=\"bg-blue-50 dark:bg-blue-500 text-unit-target\">80<\/span><\/span><\/span> <span class=\"--l --r hover:bg-blue-100 hover:dark:bg-blue-600\"><span class=\"container-target\"><span class=\"bg-blue-50 dark:bg-blue-500 text-unit-target\">ans<\/span><\/span><\/span> <span class=\"--l --r hover:bg-blue-100 hover:dark:bg-blue-600\"><span class=\"container-target\"><span class=\"bg-blue-50 dark:bg-blue-500 text-unit-target\">d&#8217;exp\u00e9rience<\/span><\/span><\/span> <span class=\"--l --r hover:bg-blue-100 hover:dark:bg-blue-600\"><span class=\"container-target\"><span class=\"bg-blue-50 dark:bg-blue-500 text-unit-target\">dans<\/span><\/span><\/span> <span class=\"--l --r hover:bg-blue-100 hover:dark:bg-blue-600\"><span class=\"container-target\"><span class=\"bg-blue-50 dark:bg-blue-500 text-unit-target\">le<\/span><\/span><\/span> <span class=\"--l --r hover:bg-blue-100 hover:dark:bg-blue-600\"><span class=\"container-target\"><span class=\"bg-blue-50 dark:bg-blue-500 text-unit-target\">d\u00e9veloppement<\/span><\/span><\/span> <span class=\"--l --r hover:bg-blue-100 hover:dark:bg-blue-600\"><span class=\"container-target\"><span class=\"bg-blue-50 dark:bg-blue-500 text-unit-target\">et<\/span><\/span><\/span> <span class=\"--l --r hover:bg-blue-100 hover:dark:bg-blue-600\"><span class=\"container-target\"><span class=\"bg-blue-50 dark:bg-blue-500 text-unit-target\">la<\/span><\/span><\/span> <span class=\"--l --r hover:bg-blue-100 hover:dark:bg-blue-600\"><span class=\"container-target\"><span class=\"bg-blue-50 dark:bg-blue-500 text-unit-target\">fabrication<\/span><\/span><\/span> <span class=\"--l --r hover:bg-blue-100 hover:dark:bg-blue-600\"><span class=\"container-target\"><span class=\"bg-blue-50 dark:bg-blue-500 text-unit-target\">d&#8217;une<\/span><\/span><\/span> <span class=\"--l --r hover:bg-blue-100 hover:dark:bg-blue-600\"><span class=\"container-target\"><span class=\"bg-blue-50 dark:bg-blue-500 text-unit-target\">large<\/span><\/span><\/span> <span class=\"--l --r hover:bg-blue-100 hover:dark:bg-blue-600\"><span class=\"container-target\"><span class=\"bg-blue-50 dark:bg-blue-500 text-unit-target\">gamme<\/span><\/span><\/span> <span class=\"--l --r hover:bg-blue-100 hover:dark:bg-blue-600\"><span class=\"container-target\"><span class=\"bg-blue-50 dark:bg-blue-500 text-unit-target\">de<\/span><\/span><\/span> <span class=\"--l --r hover:bg-blue-100 hover:dark:bg-blue-600\"><span class=\"container-target\"><span class=\"bg-blue-50 dark:bg-blue-500 text-unit-target\">machines<\/span><\/span><\/span> <span class=\"--l --r hover:bg-blue-100 hover:dark:bg-blue-600\"><span class=\"container-target\"><span class=\"bg-blue-50 dark:bg-blue-500 text-unit-target\">sp\u00e9cialis\u00e9es<\/span><\/span><\/span> <span class=\"--l --r hover:bg-blue-100 hover:dark:bg-blue-600\"><span class=\"container-target\"><span class=\"bg-blue-50 dark:bg-blue-500 text-unit-target\">pour<\/span><\/span><\/span> la fruiticulture et la viticulture.<\/p>\n<p><span class=\"--l --r hover:bg-blue-100 hover:dark:bg-blue-600\"><span class=\"--l container-target\"><span class=\"--l bg-blue-50 dark:bg-blue-500 text-unit-target\">PERFECT<\/span><\/span><\/span> <span class=\"--l --r hover:bg-blue-100 hover:dark:bg-blue-600\"><span class=\"container-target\"><span class=\"bg-blue-50 dark:bg-blue-500 text-unit-target\">se<\/span><\/span><\/span> <span class=\"--l --r hover:bg-blue-100 hover:dark:bg-blue-600\"><span class=\"container-target\"><span class=\"bg-blue-50 dark:bg-blue-500 text-unit-target\">concentre<\/span><\/span><\/span> <span class=\"--l --r hover:bg-blue-100 hover:dark:bg-blue-600\"><span class=\"container-target\"><span class=\"bg-blue-50 dark:bg-blue-500 text-unit-target\">sur<\/span><\/span><\/span> <span class=\"--l --r hover:bg-blue-100 hover:dark:bg-blue-600\"><span class=\"container-target\"><span class=\"bg-blue-50 dark:bg-blue-500 text-unit-target\">les<\/span><\/span><\/span> <span class=\"--l --r hover:bg-blue-100 hover:dark:bg-blue-600\"><span class=\"container-target\"><span class=\"bg-blue-50 dark:bg-blue-500 text-unit-target\">machines<\/span><\/span><\/span> <span class=\"--l --r hover:bg-blue-100 hover:dark:bg-blue-600\"><span class=\"container-target\"><span class=\"bg-blue-50 dark:bg-blue-500 text-unit-target\">destin\u00e9es<\/span><\/span><\/span> <span class=\"--l --r hover:bg-blue-100 hover:dark:bg-blue-600\"><span class=\"container-target\"><span class=\"bg-blue-50 dark:bg-blue-500 text-unit-target\">aux<\/span><\/span><\/span> <span class=\"--l --r hover:bg-blue-100 hover:dark:bg-blue-600\"><span class=\"container-target\"><span class=\"bg-blue-50 dark:bg-blue-500 text-unit-target\">vergers<\/span><\/span><\/span> <span class=\"--l --r hover:bg-blue-100 hover:dark:bg-blue-600\"><span class=\"container-target\"><span class=\"bg-blue-50 dark:bg-blue-500 text-unit-target\">et<\/span><\/span><\/span> <span class=\"--l --r hover:bg-blue-100 hover:dark:bg-blue-600\"><span class=\"container-target\"><span class=\"bg-blue-50 dark:bg-blue-500 text-unit-target\">aux<\/span><\/span><\/span> <span class=\"--l --r hover:bg-blue-100 hover:dark:bg-blue-600\"><span class=\"container-target\"><span class=\"bg-blue-50 dark:bg-blue-500 text-unit-target\">vignobles<\/span><\/span><\/span>. Outre un vaste programme de <a href=\"https:\/\/www.perfectvanwamel.com\/fr\/secteurs\/fruitteelt-wijnbouw\/fauchage\/\">faucheuses rotatives<\/a> sp\u00e9cialis\u00e9es pour couper l\u2019herbe et la mauvaise herbe, nous livrons \u00e9galement des <a href=\"https:\/\/www.perfectvanwamel.com\/fr\/secteurs\/fruitteelt-wijnbouw\/broyage-bois-de-taille\/\">rotobroyeurs<\/a> et <a href=\"https:\/\/www.perfectvanwamel.com\/fr\/secteurs\/fruitteelt-wijnbouw\/andainage-balayage\/\">andaineurs<\/a> \u00a0pour le broyage de bois de taille\u00a0jusqu\u2019\u00e0 10 cm d\u2019\u00e9paisseur.<\/p>\n<\/div><\/div><div class=\"wpb_text_column\" ><div class=\"wpb_wrapper\"><\/div><\/div><\/div><\/div><\/div><\/div><div class=\"wpb_text_column\" ><div class=\"wpb_wrapper\"><h2>Travaux<\/h2>\n<\/div><\/div><div class=\"wpb_text_column\" ><div class=\"wpb_wrapper\"><p>Faites votre choix ci-dessous.<\/p>\n<\/div><\/div><div class=\"w-grid type_carousel layout_blog_1\" id=\"us_grid_1\"><style id=\"us_grid_1_css\">#us_grid_1 .w-grid-item{padding:1.5rem}#us_grid_1 .w-grid-list{margin:-1.5rem}.w-grid + #us_grid_1 .w-grid-list{margin-top:1.5rem}<\/style><style>.layout_blog_1 .w-grid-item-h{}.layout_blog_1 .usg_post_image_1{margin-bottom:0.5rem!important}.layout_blog_1 .usg_post_title_1{font-size:1rem!important}<\/style><div class=\"w-grid-list owl-carousel navstyle_circle navpos_outside\"><article class=\"w-grid-item post-6404 page type-page status-publish has-post-thumbnail hentry\" data-id=\"6404\">\r\n\t<div class=\"w-grid-item-h\">\r\n\t\t\t\t<div class=\"w-post-elm post_image usg_post_image_1 stretched\"><a href=\"https:\/\/www.perfectvanwamel.com\/fr\/secteurs\/fruitteelt-wijnbouw\/fauchage\/\" aria-label=\"Fauchage\"><img decoding=\"async\" width=\"600\" height=\"600\" src=\"https:\/\/www.perfectvanwamel.com\/wp-content\/uploads\/2026\/03\/Maaien-fruitteelt-600x600.jpg\" class=\"attachment-us_600_600_crop size-us_600_600_crop wp-post-image\" alt=\"\" srcset=\"https:\/\/www.perfectvanwamel.com\/wp-content\/uploads\/2026\/03\/Maaien-fruitteelt-600x600.jpg 600w, https:\/\/www.perfectvanwamel.com\/wp-content\/uploads\/2026\/03\/Maaien-fruitteelt-300x300.jpg 300w, https:\/\/www.perfectvanwamel.com\/wp-content\/uploads\/2026\/03\/Maaien-fruitteelt-1024x1024.jpg 1024w, https:\/\/www.perfectvanwamel.com\/wp-content\/uploads\/2026\/03\/Maaien-fruitteelt-150x150.jpg 150w, https:\/\/www.perfectvanwamel.com\/wp-content\/uploads\/2026\/03\/Maaien-fruitteelt-64x64.jpg 64w, https:\/\/www.perfectvanwamel.com\/wp-content\/uploads\/2026\/03\/Maaien-fruitteelt.jpg 1728w\" sizes=\"(max-width: 600px) 100vw, 600px\" \/><\/a><\/div><h2 class=\"w-post-elm post_title usg_post_title_1 entry-title color_link_inherit\"><a href=\"https:\/\/www.perfectvanwamel.com\/fr\/secteurs\/fruitteelt-wijnbouw\/fauchage\/\">Fauchage<\/a><\/h2>\t<\/div>\r\n<\/article>\r\n<article class=\"w-grid-item post-5869 page type-page status-publish has-post-thumbnail hentry\" data-id=\"5869\">\r\n\t<div class=\"w-grid-item-h\">\r\n\t\t\t\t<div class=\"w-post-elm post_image usg_post_image_1 stretched\"><a href=\"https:\/\/www.perfectvanwamel.com\/fr\/secteurs\/fruitteelt-wijnbouw\/broyage-bois-de-taille\/\" aria-label=\"Broyage bois de taille\"><img decoding=\"async\" width=\"600\" height=\"600\" src=\"https:\/\/www.perfectvanwamel.com\/wp-content\/uploads\/2026\/03\/snoeihout-versnipperen-1-600x600.jpg\" class=\"attachment-us_600_600_crop size-us_600_600_crop wp-post-image\" alt=\"\" srcset=\"https:\/\/www.perfectvanwamel.com\/wp-content\/uploads\/2026\/03\/snoeihout-versnipperen-1-600x600.jpg 600w, https:\/\/www.perfectvanwamel.com\/wp-content\/uploads\/2026\/03\/snoeihout-versnipperen-1-300x300.jpg 300w, https:\/\/www.perfectvanwamel.com\/wp-content\/uploads\/2026\/03\/snoeihout-versnipperen-1-1024x1024.jpg 1024w, https:\/\/www.perfectvanwamel.com\/wp-content\/uploads\/2026\/03\/snoeihout-versnipperen-1-150x150.jpg 150w, https:\/\/www.perfectvanwamel.com\/wp-content\/uploads\/2026\/03\/snoeihout-versnipperen-1-64x64.jpg 64w, https:\/\/www.perfectvanwamel.com\/wp-content\/uploads\/2026\/03\/snoeihout-versnipperen-1.jpg 1728w\" sizes=\"(max-width: 600px) 100vw, 600px\" \/><\/a><\/div><h2 class=\"w-post-elm post_title usg_post_title_1 entry-title color_link_inherit\"><a href=\"https:\/\/www.perfectvanwamel.com\/fr\/secteurs\/fruitteelt-wijnbouw\/broyage-bois-de-taille\/\">Broyage bois de taille<\/a><\/h2>\t<\/div>\r\n<\/article>\r\n<article class=\"w-grid-item post-5909 page type-page status-publish has-post-thumbnail hentry\" data-id=\"5909\">\r\n\t<div class=\"w-grid-item-h\">\r\n\t\t\t\t<div class=\"w-post-elm post_image usg_post_image_1 stretched\"><a href=\"https:\/\/www.perfectvanwamel.com\/fr\/secteurs\/fruitteelt-wijnbouw\/andainage-balayage\/\" aria-label=\"Andainage &#8211; balayage\"><img decoding=\"async\" width=\"600\" height=\"600\" src=\"https:\/\/www.perfectvanwamel.com\/wp-content\/uploads\/2026\/03\/strokenpoetsen-1-600x600.jpg\" class=\"attachment-us_600_600_crop size-us_600_600_crop wp-post-image\" alt=\"\" srcset=\"https:\/\/www.perfectvanwamel.com\/wp-content\/uploads\/2026\/03\/strokenpoetsen-1-600x600.jpg 600w, https:\/\/www.perfectvanwamel.com\/wp-content\/uploads\/2026\/03\/strokenpoetsen-1-300x300.jpg 300w, https:\/\/www.perfectvanwamel.com\/wp-content\/uploads\/2026\/03\/strokenpoetsen-1-1024x1024.jpg 1024w, https:\/\/www.perfectvanwamel.com\/wp-content\/uploads\/2026\/03\/strokenpoetsen-1-150x150.jpg 150w, https:\/\/www.perfectvanwamel.com\/wp-content\/uploads\/2026\/03\/strokenpoetsen-1-64x64.jpg 64w, https:\/\/www.perfectvanwamel.com\/wp-content\/uploads\/2026\/03\/strokenpoetsen-1.jpg 1728w\" sizes=\"(max-width: 600px) 100vw, 600px\" \/><\/a><\/div><h2 class=\"w-post-elm post_title usg_post_title_1 entry-title color_link_inherit\"><a href=\"https:\/\/www.perfectvanwamel.com\/fr\/secteurs\/fruitteelt-wijnbouw\/andainage-balayage\/\">Andainage &#8211; balayage<\/a><\/h2>\t<\/div>\r\n<\/article>\r\n<\/div>\t<div class=\"g-preloader type_1\">\r\n\t\t<div><\/div>\r\n\t<\/div>\r\n\t\t<div class=\"w-grid-json hidden\" onclick='return {&quot;ajax_url&quot;:&quot;https:\\\/\\\/www.perfectvanwamel.com\\\/wp-admin\\\/admin-ajax.php&quot;,&quot;permalink_url&quot;:&quot;https:\\\/\\\/www.perfectvanwamel.com\\\/fr\\\/secteurs\\\/fruitteelt-wijnbouw\\\/andainage-balayage\\\/&quot;,&quot;action&quot;:&quot;us_ajax_grid&quot;,&quot;max_num_pages&quot;:1,&quot;infinite_scroll&quot;:0,&quot;template_vars&quot;:{&quot;query_args&quot;:{&quot;ignore_sticky_posts&quot;:1,&quot;post_type&quot;:&quot;any&quot;,&quot;post__in&quot;:[&quot;944&quot;,&quot;1582&quot;,&quot;1631&quot;,&quot;1639&quot;],&quot;orderby&quot;:{&quot;post__in&quot;:&quot;ASC&quot;},&quot;posts_per_page&quot;:&quot;10&quot;},&quot;post_id&quot;:5713,&quot;us_grid_index&quot;:1,&quot;us_grid_ajax_index&quot;:null,&quot;exclude_items&quot;:&quot;none&quot;,&quot;items_offset&quot;:&quot;1&quot;,&quot;items_layout&quot;:&quot;blog_1&quot;,&quot;type&quot;:&quot;carousel&quot;,&quot;columns&quot;:&quot;4&quot;,&quot;img_size&quot;:&quot;default&quot;,&quot;overriding_link&quot;:&quot;none&quot;,&quot;lang&quot;:&quot;fr&quot;},&quot;carousel_settings&quot;:{&quot;items&quot;:&quot;4&quot;,&quot;nav&quot;:0,&quot;navNext&quot;:&quot;&quot;,&quot;navPrev&quot;:&quot;&quot;,&quot;dots&quot;:0,&quot;center&quot;:0,&quot;autoplay&quot;:0,&quot;smooth_play&quot;:0,&quot;timeout&quot;:3000,&quot;speed&quot;:250,&quot;transition&quot;:&quot;&quot;,&quot;autoHeight&quot;:0,&quot;slideby&quot;:&quot;1&quot;},&quot;carousel_breakpoints&quot;:{&quot;1200&quot;:{&quot;items&quot;:4},&quot;900&quot;:{&quot;items&quot;:3,&quot;autoplay&quot;:1,&quot;autoplayHoverPause&quot;:1,&quot;autoHeight&quot;:0},&quot;600&quot;:{&quot;items&quot;:2,&quot;autoplay&quot;:1,&quot;autoplayHoverPause&quot;:1,&quot;autoHeight&quot;:0},&quot;0&quot;:{&quot;items&quot;:1,&quot;autoplay&quot;:1,&quot;autoplayHoverPause&quot;:1,&quot;autoHeight&quot;:0}}}'><\/div>\r\n<\/div><\/div><\/div><\/div><\/div><\/div><\/section>\n","protected":false},"excerpt":{"rendered":"[vc_custom_heading text=\"Andainage dans les vergers et les vignobles\" font_container=\"tag:h1|text_align:left\" use_theme_fonts=\"yes\"]L\u2019andainage sous les arbres non seulement am\u00e9liore et simplifie le broyage du bois de coupe mais permet \u00e9galement une r\u00e9duction du risque d\u2019affection fongique et une utilisation plus efficace des herbicides du fait que les feuilles sont \u00e9galement retir\u00e9es. Les andaineurs PERFECT sont tous \u00e9quip\u00e9s d\u2019une...","protected":false},"author":1,"featured_media":0,"parent":6394,"menu_order":0,"comment_status":"closed","ping_status":"closed","template":"","meta":{"_acf_changed":false,"footnotes":""},"class_list":["post-5713","page","type-page","status-publish","hentry"],"acf":[],"yoast_head":"<!-- This site is optimized with the Yoast SEO plugin v27.4 - https:\/\/yoast.com\/product\/yoast-seo-wordpress\/ -->\n<title>Arboriculture &amp; Viticulture - PERFECT - Van Wamel<\/title>\n<meta name=\"robots\" content=\"index, follow, max-snippet:-1, max-image-preview:large, max-video-preview:-1\" \/>\n<link rel=\"canonical\" href=\"https:\/\/www.perfectvanwamel.com\/fr\/secteurs\/fruitteelt-wijnbouw\/\" \/>\n<meta property=\"og:locale\" content=\"fr_FR\" \/>\n<meta property=\"og:type\" content=\"article\" \/>\n<meta property=\"og:title\" content=\"Arboriculture &amp; Viticulture - PERFECT - Van Wamel\" \/>\n<meta property=\"og:url\" content=\"https:\/\/www.perfectvanwamel.com\/fr\/secteurs\/fruitteelt-wijnbouw\/\" \/>\n<meta property=\"og:site_name\" content=\"PERFECT - Van Wamel\" \/>\n<meta property=\"article:modified_time\" content=\"2026-03-17T08:40:37+00:00\" \/>\n<meta name=\"twitter:card\" content=\"summary_large_image\" \/>\n<meta name=\"twitter:label1\" content=\"Dur\u00e9e de lecture estim\u00e9e\" \/>\n\t<meta name=\"twitter:data1\" content=\"1 minute\" \/>\n<script type=\"application\/ld+json\" class=\"yoast-schema-graph\">{\"@context\":\"https:\\\/\\\/schema.org\",\"@graph\":[{\"@type\":\"WebPage\",\"@id\":\"https:\\\/\\\/www.perfectvanwamel.com\\\/fr\\\/secteurs\\\/fruitteelt-wijnbouw\\\/\",\"url\":\"https:\\\/\\\/www.perfectvanwamel.com\\\/fr\\\/secteurs\\\/fruitteelt-wijnbouw\\\/\",\"name\":\"Arboriculture & Viticulture - PERFECT - Van Wamel\",\"isPartOf\":{\"@id\":\"https:\\\/\\\/www.perfectvanwamel.com\\\/fr\\\/#website\"},\"datePublished\":\"2020-09-21T13:31:54+00:00\",\"dateModified\":\"2026-03-17T08:40:37+00:00\",\"breadcrumb\":{\"@id\":\"https:\\\/\\\/www.perfectvanwamel.com\\\/fr\\\/secteurs\\\/fruitteelt-wijnbouw\\\/#breadcrumb\"},\"inLanguage\":\"fr-FR\",\"potentialAction\":[{\"@type\":\"ReadAction\",\"target\":[\"https:\\\/\\\/www.perfectvanwamel.com\\\/fr\\\/secteurs\\\/fruitteelt-wijnbouw\\\/\"]}]},{\"@type\":\"BreadcrumbList\",\"@id\":\"https:\\\/\\\/www.perfectvanwamel.com\\\/fr\\\/secteurs\\\/fruitteelt-wijnbouw\\\/#breadcrumb\",\"itemListElement\":[{\"@type\":\"ListItem\",\"position\":1,\"name\":\"Home\",\"item\":\"https:\\\/\\\/staging.perfectvanwamel.com\\\/fr\\\/\"},{\"@type\":\"ListItem\",\"position\":2,\"name\":\"Secteurs\",\"item\":\"https:\\\/\\\/staging.perfectvanwamel.com\\\/fr\\\/secteurs\\\/\"},{\"@type\":\"ListItem\",\"position\":3,\"name\":\"Arboriculture &#038; Viticulture\"}]},{\"@type\":\"WebSite\",\"@id\":\"https:\\\/\\\/www.perfectvanwamel.com\\\/fr\\\/#website\",\"url\":\"https:\\\/\\\/www.perfectvanwamel.com\\\/fr\\\/\",\"name\":\"PERFECT - Van Wamel\",\"description\":\"\",\"potentialAction\":[{\"@type\":\"SearchAction\",\"target\":{\"@type\":\"EntryPoint\",\"urlTemplate\":\"https:\\\/\\\/www.perfectvanwamel.com\\\/fr\\\/?s={search_term_string}\"},\"query-input\":{\"@type\":\"PropertyValueSpecification\",\"valueRequired\":true,\"valueName\":\"search_term_string\"}}],\"inLanguage\":\"fr-FR\"}]}<\/script>\n<!-- \/ Yoast SEO plugin. -->","yoast_head_json":{"title":"Arboriculture & Viticulture - PERFECT - Van Wamel","robots":{"index":"index","follow":"follow","max-snippet":"max-snippet:-1","max-image-preview":"max-image-preview:large","max-video-preview":"max-video-preview:-1"},"canonical":"https:\/\/www.perfectvanwamel.com\/fr\/secteurs\/fruitteelt-wijnbouw\/","og_locale":"fr_FR","og_type":"article","og_title":"Arboriculture & Viticulture - PERFECT - Van Wamel","og_url":"https:\/\/www.perfectvanwamel.com\/fr\/secteurs\/fruitteelt-wijnbouw\/","og_site_name":"PERFECT - Van Wamel","article_modified_time":"2026-03-17T08:40:37+00:00","twitter_card":"summary_large_image","twitter_misc":{"Dur\u00e9e de lecture estim\u00e9e":"1 minute"},"schema":{"@context":"https:\/\/schema.org","@graph":[{"@type":"WebPage","@id":"https:\/\/www.perfectvanwamel.com\/fr\/secteurs\/fruitteelt-wijnbouw\/","url":"https:\/\/www.perfectvanwamel.com\/fr\/secteurs\/fruitteelt-wijnbouw\/","name":"Arboriculture & Viticulture - PERFECT - Van Wamel","isPartOf":{"@id":"https:\/\/www.perfectvanwamel.com\/fr\/#website"},"datePublished":"2020-09-21T13:31:54+00:00","dateModified":"2026-03-17T08:40:37+00:00","breadcrumb":{"@id":"https:\/\/www.perfectvanwamel.com\/fr\/secteurs\/fruitteelt-wijnbouw\/#breadcrumb"},"inLanguage":"fr-FR","potentialAction":[{"@type":"ReadAction","target":["https:\/\/www.perfectvanwamel.com\/fr\/secteurs\/fruitteelt-wijnbouw\/"]}]},{"@type":"BreadcrumbList","@id":"https:\/\/www.perfectvanwamel.com\/fr\/secteurs\/fruitteelt-wijnbouw\/#breadcrumb","itemListElement":[{"@type":"ListItem","position":1,"name":"Home","item":"https:\/\/staging.perfectvanwamel.com\/fr\/"},{"@type":"ListItem","position":2,"name":"Secteurs","item":"https:\/\/staging.perfectvanwamel.com\/fr\/secteurs\/"},{"@type":"ListItem","position":3,"name":"Arboriculture &#038; Viticulture"}]},{"@type":"WebSite","@id":"https:\/\/www.perfectvanwamel.com\/fr\/#website","url":"https:\/\/www.perfectvanwamel.com\/fr\/","name":"PERFECT - Van Wamel","description":"","potentialAction":[{"@type":"SearchAction","target":{"@type":"EntryPoint","urlTemplate":"https:\/\/www.perfectvanwamel.com\/fr\/?s={search_term_string}"},"query-input":{"@type":"PropertyValueSpecification","valueRequired":true,"valueName":"search_term_string"}}],"inLanguage":"fr-FR"}]}},"_links":{"self":[{"href":"https:\/\/www.perfectvanwamel.com\/fr\/wp-json\/wp\/v2\/pages\/5713","targetHints":{"allow":["GET"]}}],"collection":[{"href":"https:\/\/www.perfectvanwamel.com\/fr\/wp-json\/wp\/v2\/pages"}],"about":[{"href":"https:\/\/www.perfectvanwamel.com\/fr\/wp-json\/wp\/v2\/types\/page"}],"author":[{"embeddable":true,"href":"https:\/\/www.perfectvanwamel.com\/fr\/wp-json\/wp\/v2\/users\/1"}],"replies":[{"embeddable":true,"href":"https:\/\/www.perfectvanwamel.com\/fr\/wp-json\/wp\/v2\/comments?post=5713"}],"version-history":[{"count":18,"href":"https:\/\/www.perfectvanwamel.com\/fr\/wp-json\/wp\/v2\/pages\/5713\/revisions"}],"predecessor-version":[{"id":28680,"href":"https:\/\/www.perfectvanwamel.com\/fr\/wp-json\/wp\/v2\/pages\/5713\/revisions\/28680"}],"up":[{"embeddable":true,"href":"https:\/\/www.perfectvanwamel.com\/fr\/wp-json\/wp\/v2\/pages\/6394"}],"wp:attachment":[{"href":"https:\/\/www.perfectvanwamel.com\/fr\/wp-json\/wp\/v2\/media?parent=5713"}],"curies":[{"name":"wp","href":"https:\/\/api.w.org\/{rel}","templated":true}]}}