{"id":5804,"date":"2020-09-21T16:35:45","date_gmt":"2020-09-21T14:35:45","guid":{"rendered":"https:\/\/www.perfectvanwamel.com\/largeur-de-coupe-variable\/"},"modified":"2026-03-17T10:29:29","modified_gmt":"2026-03-17T09:29:29","slug":"largeur-de-coupe-variable","status":"publish","type":"page","link":"https:\/\/www.perfectvanwamel.com\/fr\/secteurs\/fruitteelt-wijnbouw\/fauchage\/largeur-de-coupe-variable\/","title":{"rendered":"Largeur de coupe variable"},"content":{"rendered":"<section class=\"l-section wpb_row height_small\"><div class=\"l-section-h i-cf\"><div class=\"g-cols vc_row type_default valign_top reversed\"><div class=\"vc_col-sm-12 wpb_column vc_column_container\"><div class=\"vc_column-inner\"><div class=\"wpb_wrapper\">[vc_custom_heading text=&#8221;Faucheuses rotatives \u00e0 largeur variable pour l\u2019arboriculture et la viticulture&#8221; font_container=&#8221;tag:h1|text_align:left&#8221; use_theme_fonts=&#8221;yes&#8221;]<div class=\"g-cols wpb_row  type_default valign_top vc_inner\"><div class=\"vc_col-sm-12 wpb_column vc_column_container\"><div class=\"vc_column-inner\"><div class=\"wpb_wrapper\"><div class=\"w-image align_none\"><div class=\"w-image-h\"><img decoding=\"async\" width=\"1600\" height=\"620\" src=\"https:\/\/www.perfectvanwamel.com\/wp-content\/uploads\/2026\/03\/Cirkelmaaiers-met-verstelbare-werkbreedte.jpg\" class=\"attachment-us_1600_620_crop size-us_1600_620_crop\" alt=\"\" srcset=\"https:\/\/www.perfectvanwamel.com\/wp-content\/uploads\/2026\/03\/Cirkelmaaiers-met-verstelbare-werkbreedte.jpg 1600w, https:\/\/www.perfectvanwamel.com\/wp-content\/uploads\/2026\/03\/Cirkelmaaiers-met-verstelbare-werkbreedte-300x116.jpg 300w, https:\/\/www.perfectvanwamel.com\/wp-content\/uploads\/2026\/03\/Cirkelmaaiers-met-verstelbare-werkbreedte-1024x397.jpg 1024w, https:\/\/www.perfectvanwamel.com\/wp-content\/uploads\/2026\/03\/Cirkelmaaiers-met-verstelbare-werkbreedte-600x233.jpg 600w\" sizes=\"(max-width: 1600px) 100vw, 1600px\" \/><\/div><\/div><div class=\"w-separator size_medium\"><\/div><div class=\"wpb_text_column\" ><div class=\"wpb_wrapper\"><p>Pour les exploitations avec des distances entre les rang\u00e9es diff\u00e9rentes ou plus importantes, PERFECT propose diverses faucheuses rotatives \u00e0 largeur de travail variable. PERFECT a r\u00e9ussi \u00e0 int\u00e9grer les m\u00e9canismes de r\u00e9glage et l\u2019entra\u00eenement de sorte que ces faucheuses disposent aussi de la qualit\u00e9 de fauche et de la dur\u00e9e de vie qui ont fait la r\u00e9putation de nos machines.<\/p>\n<h2><strong>Mod\u00e8les<\/strong><\/h2>\n<p>L\u2019assortiment PERFECT comprend un mod\u00e8le entra\u00een\u00e9 par courroie trap\u00e9zo\u00efdale \u00e0 ailettes mais aussi une faucheuse lin\u00e9aire r\u00e9glable \u00e9quip\u00e9e d\u2019un tr\u00e8s robuste entra\u00eenement \u00e0 bo\u00eete \u00e0 engrenages.<\/p>\n<\/div><\/div><\/div><\/div><\/div><\/div><div class=\"w-separator size_small\"><\/div><div class=\"w-grid type_carousel layout_121\" id=\"us_grid_1\"><style id=\"us_grid_1_css\">#us_grid_1 .w-grid-item{padding:1.5rem}#us_grid_1 .w-grid-list{margin:-1.5rem}.w-grid + #us_grid_1 .w-grid-list{margin-top:1.5rem}<\/style><style>.layout_121 .w-grid-item-h{}.layout_121 .usg_post_image_1{width:100%!important;max-height:100%!important}.layout_121 .usg_product_field_1{position:absolute!important;top:10px!important;left:10px!important;padding-left:0.8rem!important;padding-right:0.8rem!important;font-family:'Interstate', sans-serif!important;font-size:12px!important;font-weight:700!important;text-transform:uppercase!important;color:#fff!important;border-radius:2rem!important;background:#eb690b!important}.layout_121 .usg_post_title_1{margin-top:0.8rem!important;margin-bottom:0.2rem!important;font-family:'Interstate', sans-serif!important;font-size:1rem!important}.layout_121 .usg_html_3{margin-bottom:0!important}.layout_121 .usg_post_custom_field_1{font-family:'Interstate', sans-serif!important}.layout_121 .usg_vwrapper_2{height:300px!important}<\/style><div class=\"w-grid-list owl-carousel navstyle_circle navpos_outside\"><article class=\"w-grid-item post-6439 product type-product status-publish has-post-thumbnail product_cat-faucheuses-arboricoles pa_aantal-maaimessen-2-fr pa_denkende-schijf-nee-fr pa_gewicht-kg-450-fr pa_gewicht-kg-460-fr pa_gewicht-kg-640-fr pa_gewicht-kg-700-fr pa_maaihoogte-cm-4-9-fr pa_min-benodigd-vermogen-kw-pk-18-25-fr-2 pa_min-benodigd-vermogen-kw-pk-25-35-fr pa_min-benodigd-vermogen-kw-pk-45-60-fr pa_transportbreedte-cm-118-fr pa_transportbreedte-cm-136-fr pa_transportbreedte-cm-168-fr pa_transportbreedte-cm-193-fr pa_werkbreedte-max-145-fr pa_werkbreedte-max-180-fr pa_werkbreedte-max-225-fr pa_werkbreedte-max-260-fr pa_werkbreedte-max-280-fr pa_werkbreedte-min-115-fr pa_werkbreedte-min-133-fr pa_werkbreedte-min-165-fr pa_werkbreedte-min-190-fr first instock shipping-taxable product-type-simple\" data-id=\"6439\">\r\n\t<div class=\"w-grid-item-h\">\r\n\t\t\t\t<div class=\"w-vwrapper usg_vwrapper_1 align_left valign_top \"><div class=\"w-vwrapper usg_vwrapper_2 align_center valign_middle product_image_wrapper\"><div class=\"w-post-elm post_image usg_post_image_1 stretched has_width\"><a href=\"https:\/\/www.perfectvanwamel.com\/fr\/produit\/faucheuse-serie-vt\/\" aria-label=\"Faucheuse rotative, s\u00e9rie VT\"><img decoding=\"async\" width=\"1413\" height=\"1012\" src=\"https:\/\/www.perfectvanwamel.com\/wp-content\/uploads\/2019\/12\/PERFECT_rotary_mower_VT_blanc.png\" class=\"attachment-full size-full wp-post-image\" alt=\"\" srcset=\"https:\/\/www.perfectvanwamel.com\/wp-content\/uploads\/2019\/12\/PERFECT_rotary_mower_VT_blanc.png 1413w, https:\/\/www.perfectvanwamel.com\/wp-content\/uploads\/2019\/12\/PERFECT_rotary_mower_VT_blanc-300x215.png 300w, https:\/\/www.perfectvanwamel.com\/wp-content\/uploads\/2019\/12\/PERFECT_rotary_mower_VT_blanc-1024x733.png 1024w, https:\/\/www.perfectvanwamel.com\/wp-content\/uploads\/2019\/12\/PERFECT_rotary_mower_VT_blanc-600x430.png 600w\" sizes=\"(max-width: 1413px) 100vw, 1413px\" \/><\/a><\/div><\/div><h2 class=\"w-post-elm post_title usg_post_title_1 woocommerce-loop-product__title color_link_inherit\"><a href=\"https:\/\/www.perfectvanwamel.com\/fr\/produit\/faucheuse-serie-vt\/\">Faucheuse rotative, s\u00e9rie VT<\/a><\/h2><div class=\"w-post-elm post_custom_field usg_post_custom_field_1 type_text\"><\/div><div class=\"w-html usg_html_3\">    <div class=\"product-icons\">\n                                <\/div>\n    <\/div><div class=\"w-html usg_html_2\"><a href=\"#\" class=\"button add-to-compare-button btn button btn-default theme-button theme-btn\" data-product-id=\"6439\" rel=\"nofollow\">ajouter pour comparer<\/a><\/div><\/div>\t<\/div>\r\n<\/article>\r\n<article class=\"w-grid-item post-6390 product type-product status-publish has-post-thumbnail product_cat-faucheuses-arboricoles pa_aantal-maaimessen-4-fr pa_aantal-maaimessen-5-fr pa_aantal-maaimessen-7-fr pa_denkende-schijf-nee-fr pa_gewicht-kg-1100-fr pa_gewicht-kg-540-fr pa_gewicht-kg-580-fr pa_gewicht-kg-600-fr pa_gewicht-kg-615-fr pa_gewicht-kg-625-fr pa_gewicht-kg-660-fr pa_gewicht-kg-710-fr pa_gewicht-kg-740-fr pa_gewicht-kg-825-fr pa_maaihoogte-cm-4-9-fr-2 pa_min-benodigd-vermogen-kw-pk-28-38-fr-2 pa_min-benodigd-vermogen-kw-pk-29-40-fr pa_min-benodigd-vermogen-kw-pk-36-50-fr-2 pa_min-benodigd-vermogen-kw-pk-40-55-fr pa_min-benodigd-vermogen-kw-pk-48-65-fr pa_min-benodigd-vermogen-kw-pk-50-58-fr pa_min-benodigd-vermogen-kw-pk-60-82-fr pa_transportbreedte-cm-161-fr pa_transportbreedte-cm-178-fr pa_transportbreedte-cm-193-fr pa_transportbreedte-cm-205-fr pa_transportbreedte-cm-228-fr pa_transportbreedte-cm-248-fr pa_transportbreedte-cm-300-fr pa_werkbreedte-max-250-fr pa_werkbreedte-max-280-fr pa_werkbreedte-max-320-fr pa_werkbreedte-max-365-fr pa_werkbreedte-max-405-fr pa_werkbreedte-max-440-fr pa_werkbreedte-max-480-fr pa_werkbreedte-max-570-fr pa_werkbreedte-min-150-fr pa_werkbreedte-min-175-fr pa_werkbreedte-min-190-fr pa_werkbreedte-min-195-fr pa_werkbreedte-min-225-fr pa_werkbreedte-min-245-fr pa_werkbreedte-min-290-fr  instock shipping-taxable product-type-simple\" data-id=\"6390\">\r\n\t<div class=\"w-grid-item-h\">\r\n\t\t\t\t<div class=\"w-vwrapper usg_vwrapper_1 align_left valign_top \"><div class=\"w-vwrapper usg_vwrapper_2 align_center valign_middle product_image_wrapper\"><div class=\"w-post-elm post_image usg_post_image_1 stretched has_width\"><a href=\"https:\/\/www.perfectvanwamel.com\/fr\/produit\/faucheuses-serie-dr-mv\/\" aria-label=\"Faucheuses ciseaux largeur de travail r\u00e9glable, s\u00e9rie DR\/MV\"><img decoding=\"async\" width=\"2000\" height=\"1335\" src=\"https:\/\/www.perfectvanwamel.com\/wp-content\/uploads\/2019\/12\/PERFECT_rotary_mower_DR_1_-removebg.png\" class=\"attachment-full size-full wp-post-image\" alt=\"\" srcset=\"https:\/\/www.perfectvanwamel.com\/wp-content\/uploads\/2019\/12\/PERFECT_rotary_mower_DR_1_-removebg.png 2000w, https:\/\/www.perfectvanwamel.com\/wp-content\/uploads\/2019\/12\/PERFECT_rotary_mower_DR_1_-removebg-300x200.png 300w, https:\/\/www.perfectvanwamel.com\/wp-content\/uploads\/2019\/12\/PERFECT_rotary_mower_DR_1_-removebg-1024x684.png 1024w, https:\/\/www.perfectvanwamel.com\/wp-content\/uploads\/2019\/12\/PERFECT_rotary_mower_DR_1_-removebg-600x401.png 600w\" sizes=\"(max-width: 2000px) 100vw, 2000px\" \/><\/a><\/div><\/div><h2 class=\"w-post-elm post_title usg_post_title_1 woocommerce-loop-product__title color_link_inherit\"><a href=\"https:\/\/www.perfectvanwamel.com\/fr\/produit\/faucheuses-serie-dr-mv\/\">Faucheuses ciseaux largeur de travail r\u00e9glable, s\u00e9rie DR\/MV<\/a><\/h2><div class=\"w-post-elm post_custom_field usg_post_custom_field_1 type_text\"><\/div><div class=\"w-html usg_html_3\">    <div class=\"product-icons\">\n                                <\/div>\n    <\/div><div class=\"w-html usg_html_2\"><a href=\"#\" class=\"button add-to-compare-button btn button btn-default theme-button theme-btn\" data-product-id=\"6390\" rel=\"nofollow\">ajouter pour comparer<\/a><\/div><\/div>\t<\/div>\r\n<\/article>\r\n<\/div>\t<div class=\"g-preloader type_1\">\r\n\t\t<div><\/div>\r\n\t<\/div>\r\n\t\t<div class=\"w-grid-json hidden\" onclick='return {&quot;ajax_url&quot;:&quot;https:\\\/\\\/www.perfectvanwamel.com\\\/wp-admin\\\/admin-ajax.php&quot;,&quot;permalink_url&quot;:&quot;https:\\\/\\\/www.perfectvanwamel.com\\\/fr\\\/produit\\\/faucheuses-serie-dr-mv\\\/&quot;,&quot;action&quot;:&quot;us_ajax_grid&quot;,&quot;max_num_pages&quot;:1,&quot;infinite_scroll&quot;:0,&quot;template_vars&quot;:{&quot;query_args&quot;:{&quot;ignore_sticky_posts&quot;:1,&quot;post_type&quot;:&quot;any&quot;,&quot;post__in&quot;:[&quot;693&quot;,&quot;696&quot;],&quot;orderby&quot;:{&quot;date&quot;:&quot;DESC&quot;},&quot;posts_per_page&quot;:&quot;10&quot;},&quot;post_id&quot;:5804,&quot;us_grid_index&quot;:1,&quot;us_grid_ajax_index&quot;:null,&quot;exclude_items&quot;:&quot;none&quot;,&quot;items_offset&quot;:&quot;1&quot;,&quot;items_layout&quot;:&quot;121&quot;,&quot;type&quot;:&quot;carousel&quot;,&quot;columns&quot;:&quot;2&quot;,&quot;img_size&quot;:&quot;default&quot;,&quot;overriding_link&quot;:&quot;none&quot;,&quot;lang&quot;:&quot;fr&quot;},&quot;carousel_settings&quot;:{&quot;items&quot;:&quot;2&quot;,&quot;nav&quot;:0,&quot;navNext&quot;:&quot;&quot;,&quot;navPrev&quot;:&quot;&quot;,&quot;dots&quot;:0,&quot;center&quot;:0,&quot;autoplay&quot;:0,&quot;smooth_play&quot;:0,&quot;timeout&quot;:3000,&quot;speed&quot;:250,&quot;transition&quot;:&quot;&quot;,&quot;autoHeight&quot;:0,&quot;slideby&quot;:&quot;1&quot;},&quot;carousel_breakpoints&quot;:{&quot;1200&quot;:{&quot;items&quot;:2},&quot;900&quot;:{&quot;items&quot;:&quot;2&quot;,&quot;autoplay&quot;:1,&quot;autoplayHoverPause&quot;:1,&quot;autoHeight&quot;:0},&quot;600&quot;:{&quot;items&quot;:2,&quot;autoplay&quot;:1,&quot;autoplayHoverPause&quot;:1,&quot;autoHeight&quot;:0},&quot;0&quot;:{&quot;items&quot;:1,&quot;autoplay&quot;:1,&quot;autoplayHoverPause&quot;:1,&quot;autoHeight&quot;:0}}}'><\/div>\r\n<\/div><\/div><\/div><\/div><\/div><\/div><\/section>\n","protected":false},"excerpt":{"rendered":"Pour faucher une large bande d\u2019herbe et\/ou dans des vergers ou vignobles dont la largeur des trav\u00e9es est irr\u00e9guli\u00e8re, PERFECT propose les faucheuses rotatives DR et MV. Les deux machines se composent d\u2019un cadre fixe et de deux ailes individuelles \u00e0 r\u00e9glage (hydraulique), ce qui permet de tr\u00e8s grandes variations dans les largeurs de travail....","protected":false},"author":1,"featured_media":28574,"parent":6404,"menu_order":0,"comment_status":"closed","ping_status":"closed","template":"","meta":{"_acf_changed":false,"footnotes":""},"class_list":["post-5804","page","type-page","status-publish","has-post-thumbnail","hentry"],"acf":[],"yoast_head":"<!-- This site is optimized with the Yoast SEO plugin v27.4 - https:\/\/yoast.com\/product\/yoast-seo-wordpress\/ -->\n<title>Largeur de coupe variable - PERFECT - Van Wamel<\/title>\n<meta name=\"robots\" content=\"index, follow, max-snippet:-1, max-image-preview:large, max-video-preview:-1\" \/>\n<link rel=\"canonical\" href=\"https:\/\/www.perfectvanwamel.com\/fr\/secteurs\/fruitteelt-wijnbouw\/fauchage\/largeur-de-coupe-variable\/\" \/>\n<meta property=\"og:locale\" content=\"fr_FR\" \/>\n<meta property=\"og:type\" content=\"article\" \/>\n<meta property=\"og:title\" content=\"Largeur de coupe variable - PERFECT - Van Wamel\" \/>\n<meta property=\"og:url\" content=\"https:\/\/www.perfectvanwamel.com\/fr\/secteurs\/fruitteelt-wijnbouw\/fauchage\/largeur-de-coupe-variable\/\" \/>\n<meta property=\"og:site_name\" content=\"PERFECT - Van Wamel\" \/>\n<meta property=\"article:modified_time\" content=\"2026-03-17T09:29:29+00:00\" \/>\n<meta property=\"og:image\" content=\"https:\/\/staging.perfectvanwamel.com\/wp-content\/uploads\/2026\/03\/verstelbare-werkbreedte-1024x1024.jpg\" \/>\n\t<meta property=\"og:image:width\" content=\"1024\" \/>\n\t<meta property=\"og:image:height\" content=\"1024\" \/>\n\t<meta property=\"og:image:type\" content=\"image\/jpeg\" \/>\n<meta name=\"twitter:card\" content=\"summary_large_image\" \/>\n<meta name=\"twitter:label1\" content=\"Dur\u00e9e de lecture estim\u00e9e\" \/>\n\t<meta name=\"twitter:data1\" content=\"1 minute\" \/>\n<script type=\"application\/ld+json\" class=\"yoast-schema-graph\">{\"@context\":\"https:\\\/\\\/schema.org\",\"@graph\":[{\"@type\":\"WebPage\",\"@id\":\"https:\\\/\\\/www.perfectvanwamel.com\\\/fr\\\/secteurs\\\/fruitteelt-wijnbouw\\\/fauchage\\\/largeur-de-coupe-variable\\\/\",\"url\":\"https:\\\/\\\/www.perfectvanwamel.com\\\/fr\\\/secteurs\\\/fruitteelt-wijnbouw\\\/fauchage\\\/largeur-de-coupe-variable\\\/\",\"name\":\"Largeur de coupe variable - PERFECT - Van Wamel\",\"isPartOf\":{\"@id\":\"https:\\\/\\\/www.perfectvanwamel.com\\\/fr\\\/#website\"},\"primaryImageOfPage\":{\"@id\":\"https:\\\/\\\/www.perfectvanwamel.com\\\/fr\\\/secteurs\\\/fruitteelt-wijnbouw\\\/fauchage\\\/largeur-de-coupe-variable\\\/#primaryimage\"},\"image\":{\"@id\":\"https:\\\/\\\/www.perfectvanwamel.com\\\/fr\\\/secteurs\\\/fruitteelt-wijnbouw\\\/fauchage\\\/largeur-de-coupe-variable\\\/#primaryimage\"},\"thumbnailUrl\":\"https:\\\/\\\/www.perfectvanwamel.com\\\/wp-content\\\/uploads\\\/2026\\\/03\\\/verstelbare-werkbreedte.jpg\",\"datePublished\":\"2020-09-21T14:35:45+00:00\",\"dateModified\":\"2026-03-17T09:29:29+00:00\",\"breadcrumb\":{\"@id\":\"https:\\\/\\\/www.perfectvanwamel.com\\\/fr\\\/secteurs\\\/fruitteelt-wijnbouw\\\/fauchage\\\/largeur-de-coupe-variable\\\/#breadcrumb\"},\"inLanguage\":\"fr-FR\",\"potentialAction\":[{\"@type\":\"ReadAction\",\"target\":[\"https:\\\/\\\/www.perfectvanwamel.com\\\/fr\\\/secteurs\\\/fruitteelt-wijnbouw\\\/fauchage\\\/largeur-de-coupe-variable\\\/\"]}]},{\"@type\":\"ImageObject\",\"inLanguage\":\"fr-FR\",\"@id\":\"https:\\\/\\\/www.perfectvanwamel.com\\\/fr\\\/secteurs\\\/fruitteelt-wijnbouw\\\/fauchage\\\/largeur-de-coupe-variable\\\/#primaryimage\",\"url\":\"https:\\\/\\\/www.perfectvanwamel.com\\\/wp-content\\\/uploads\\\/2026\\\/03\\\/verstelbare-werkbreedte.jpg\",\"contentUrl\":\"https:\\\/\\\/www.perfectvanwamel.com\\\/wp-content\\\/uploads\\\/2026\\\/03\\\/verstelbare-werkbreedte.jpg\",\"width\":1728,\"height\":1728},{\"@type\":\"BreadcrumbList\",\"@id\":\"https:\\\/\\\/www.perfectvanwamel.com\\\/fr\\\/secteurs\\\/fruitteelt-wijnbouw\\\/fauchage\\\/largeur-de-coupe-variable\\\/#breadcrumb\",\"itemListElement\":[{\"@type\":\"ListItem\",\"position\":1,\"name\":\"Home\",\"item\":\"https:\\\/\\\/staging.perfectvanwamel.com\\\/fr\\\/\"},{\"@type\":\"ListItem\",\"position\":2,\"name\":\"Secteurs\",\"item\":\"https:\\\/\\\/staging.perfectvanwamel.com\\\/fr\\\/secteurs\\\/\"},{\"@type\":\"ListItem\",\"position\":3,\"name\":\"Arboriculture &#038; Viticulture\",\"item\":\"https:\\\/\\\/staging.perfectvanwamel.com\\\/fr\\\/secteurs\\\/fruitteelt-wijnbouw\\\/\"},{\"@type\":\"ListItem\",\"position\":4,\"name\":\"Fauchage\",\"item\":\"https:\\\/\\\/staging.perfectvanwamel.com\\\/fr\\\/secteurs\\\/fruitteelt-wijnbouw\\\/fauchage\\\/\"},{\"@type\":\"ListItem\",\"position\":5,\"name\":\"Largeur de coupe variable\"}]},{\"@type\":\"WebSite\",\"@id\":\"https:\\\/\\\/www.perfectvanwamel.com\\\/fr\\\/#website\",\"url\":\"https:\\\/\\\/www.perfectvanwamel.com\\\/fr\\\/\",\"name\":\"PERFECT - Van Wamel\",\"description\":\"\",\"potentialAction\":[{\"@type\":\"SearchAction\",\"target\":{\"@type\":\"EntryPoint\",\"urlTemplate\":\"https:\\\/\\\/www.perfectvanwamel.com\\\/fr\\\/?s={search_term_string}\"},\"query-input\":{\"@type\":\"PropertyValueSpecification\",\"valueRequired\":true,\"valueName\":\"search_term_string\"}}],\"inLanguage\":\"fr-FR\"}]}<\/script>\n<!-- \/ Yoast SEO plugin. -->","yoast_head_json":{"title":"Largeur de coupe variable - PERFECT - Van Wamel","robots":{"index":"index","follow":"follow","max-snippet":"max-snippet:-1","max-image-preview":"max-image-preview:large","max-video-preview":"max-video-preview:-1"},"canonical":"https:\/\/www.perfectvanwamel.com\/fr\/secteurs\/fruitteelt-wijnbouw\/fauchage\/largeur-de-coupe-variable\/","og_locale":"fr_FR","og_type":"article","og_title":"Largeur de coupe variable - PERFECT - Van Wamel","og_url":"https:\/\/www.perfectvanwamel.com\/fr\/secteurs\/fruitteelt-wijnbouw\/fauchage\/largeur-de-coupe-variable\/","og_site_name":"PERFECT - Van Wamel","article_modified_time":"2026-03-17T09:29:29+00:00","og_image":[{"width":1024,"height":1024,"url":"https:\/\/staging.perfectvanwamel.com\/wp-content\/uploads\/2026\/03\/verstelbare-werkbreedte-1024x1024.jpg","type":"image\/jpeg"}],"twitter_card":"summary_large_image","twitter_misc":{"Dur\u00e9e de lecture estim\u00e9e":"1 minute"},"schema":{"@context":"https:\/\/schema.org","@graph":[{"@type":"WebPage","@id":"https:\/\/www.perfectvanwamel.com\/fr\/secteurs\/fruitteelt-wijnbouw\/fauchage\/largeur-de-coupe-variable\/","url":"https:\/\/www.perfectvanwamel.com\/fr\/secteurs\/fruitteelt-wijnbouw\/fauchage\/largeur-de-coupe-variable\/","name":"Largeur de coupe variable - PERFECT - Van Wamel","isPartOf":{"@id":"https:\/\/www.perfectvanwamel.com\/fr\/#website"},"primaryImageOfPage":{"@id":"https:\/\/www.perfectvanwamel.com\/fr\/secteurs\/fruitteelt-wijnbouw\/fauchage\/largeur-de-coupe-variable\/#primaryimage"},"image":{"@id":"https:\/\/www.perfectvanwamel.com\/fr\/secteurs\/fruitteelt-wijnbouw\/fauchage\/largeur-de-coupe-variable\/#primaryimage"},"thumbnailUrl":"https:\/\/www.perfectvanwamel.com\/wp-content\/uploads\/2026\/03\/verstelbare-werkbreedte.jpg","datePublished":"2020-09-21T14:35:45+00:00","dateModified":"2026-03-17T09:29:29+00:00","breadcrumb":{"@id":"https:\/\/www.perfectvanwamel.com\/fr\/secteurs\/fruitteelt-wijnbouw\/fauchage\/largeur-de-coupe-variable\/#breadcrumb"},"inLanguage":"fr-FR","potentialAction":[{"@type":"ReadAction","target":["https:\/\/www.perfectvanwamel.com\/fr\/secteurs\/fruitteelt-wijnbouw\/fauchage\/largeur-de-coupe-variable\/"]}]},{"@type":"ImageObject","inLanguage":"fr-FR","@id":"https:\/\/www.perfectvanwamel.com\/fr\/secteurs\/fruitteelt-wijnbouw\/fauchage\/largeur-de-coupe-variable\/#primaryimage","url":"https:\/\/www.perfectvanwamel.com\/wp-content\/uploads\/2026\/03\/verstelbare-werkbreedte.jpg","contentUrl":"https:\/\/www.perfectvanwamel.com\/wp-content\/uploads\/2026\/03\/verstelbare-werkbreedte.jpg","width":1728,"height":1728},{"@type":"BreadcrumbList","@id":"https:\/\/www.perfectvanwamel.com\/fr\/secteurs\/fruitteelt-wijnbouw\/fauchage\/largeur-de-coupe-variable\/#breadcrumb","itemListElement":[{"@type":"ListItem","position":1,"name":"Home","item":"https:\/\/staging.perfectvanwamel.com\/fr\/"},{"@type":"ListItem","position":2,"name":"Secteurs","item":"https:\/\/staging.perfectvanwamel.com\/fr\/secteurs\/"},{"@type":"ListItem","position":3,"name":"Arboriculture &#038; Viticulture","item":"https:\/\/staging.perfectvanwamel.com\/fr\/secteurs\/fruitteelt-wijnbouw\/"},{"@type":"ListItem","position":4,"name":"Fauchage","item":"https:\/\/staging.perfectvanwamel.com\/fr\/secteurs\/fruitteelt-wijnbouw\/fauchage\/"},{"@type":"ListItem","position":5,"name":"Largeur de coupe variable"}]},{"@type":"WebSite","@id":"https:\/\/www.perfectvanwamel.com\/fr\/#website","url":"https:\/\/www.perfectvanwamel.com\/fr\/","name":"PERFECT - Van Wamel","description":"","potentialAction":[{"@type":"SearchAction","target":{"@type":"EntryPoint","urlTemplate":"https:\/\/www.perfectvanwamel.com\/fr\/?s={search_term_string}"},"query-input":{"@type":"PropertyValueSpecification","valueRequired":true,"valueName":"search_term_string"}}],"inLanguage":"fr-FR"}]}},"_links":{"self":[{"href":"https:\/\/www.perfectvanwamel.com\/fr\/wp-json\/wp\/v2\/pages\/5804","targetHints":{"allow":["GET"]}}],"collection":[{"href":"https:\/\/www.perfectvanwamel.com\/fr\/wp-json\/wp\/v2\/pages"}],"about":[{"href":"https:\/\/www.perfectvanwamel.com\/fr\/wp-json\/wp\/v2\/types\/page"}],"author":[{"embeddable":true,"href":"https:\/\/www.perfectvanwamel.com\/fr\/wp-json\/wp\/v2\/users\/1"}],"replies":[{"embeddable":true,"href":"https:\/\/www.perfectvanwamel.com\/fr\/wp-json\/wp\/v2\/comments?post=5804"}],"version-history":[{"count":6,"href":"https:\/\/www.perfectvanwamel.com\/fr\/wp-json\/wp\/v2\/pages\/5804\/revisions"}],"predecessor-version":[{"id":28715,"href":"https:\/\/www.perfectvanwamel.com\/fr\/wp-json\/wp\/v2\/pages\/5804\/revisions\/28715"}],"up":[{"embeddable":true,"href":"https:\/\/www.perfectvanwamel.com\/fr\/wp-json\/wp\/v2\/pages\/6404"}],"wp:featuredmedia":[{"embeddable":true,"href":"https:\/\/www.perfectvanwamel.com\/fr\/wp-json\/wp\/v2\/media\/28574"}],"wp:attachment":[{"href":"https:\/\/www.perfectvanwamel.com\/fr\/wp-json\/wp\/v2\/media?parent=5804"}],"curies":[{"name":"wp","href":"https:\/\/api.w.org\/{rel}","templated":true}]}}