{"id":5838,"date":"2020-09-21T16:49:47","date_gmt":"2020-09-21T14:49:47","guid":{"rendered":"https:\/\/www.perfectvanwamel.com\/disques-de-tonte-solo-swing\/"},"modified":"2026-03-17T10:37:37","modified_gmt":"2026-03-17T09:37:37","slug":"disques-de-tonte-solo-swing","status":"publish","type":"page","link":"https:\/\/www.perfectvanwamel.com\/fr\/secteurs\/fruitteelt-wijnbouw\/fauchage\/disques-de-tonte-solo-swing\/","title":{"rendered":"Disques de tonte Solo-Swing"},"content":{"rendered":"<section class=\"l-section wpb_row height_small\"><div class=\"l-section-h i-cf\"><div class=\"g-cols vc_row type_default valign_top reversed\"><div class=\"vc_col-sm-12 wpb_column vc_column_container\"><div class=\"vc_column-inner\"><div class=\"wpb_wrapper\">[vc_custom_heading text=&#8221;Satellite de tonte&#8221; font_container=&#8221;tag:h1|text_align:left&#8221; use_theme_fonts=&#8221;yes&#8221;]<div class=\"g-cols wpb_row  type_default valign_top vc_inner\"><div class=\"vc_col-sm-12 wpb_column vc_column_container\"><div class=\"vc_column-inner\"><div class=\"wpb_wrapper\"><div class=\"w-image align_none\"><div class=\"w-image-h\"><img decoding=\"async\" width=\"1600\" height=\"620\" src=\"https:\/\/www.perfectvanwamel.com\/wp-content\/uploads\/2026\/03\/Zwenkende-schijven.jpg\" class=\"attachment-us_1600_620_crop size-us_1600_620_crop\" alt=\"\" srcset=\"https:\/\/www.perfectvanwamel.com\/wp-content\/uploads\/2026\/03\/Zwenkende-schijven.jpg 1600w, https:\/\/www.perfectvanwamel.com\/wp-content\/uploads\/2026\/03\/Zwenkende-schijven-300x116.jpg 300w, https:\/\/www.perfectvanwamel.com\/wp-content\/uploads\/2026\/03\/Zwenkende-schijven-1024x397.jpg 1024w, https:\/\/www.perfectvanwamel.com\/wp-content\/uploads\/2026\/03\/Zwenkende-schijven-600x233.jpg 600w\" sizes=\"(max-width: 1600px) 100vw, 1600px\" \/><\/div><\/div><div class=\"w-separator size_medium\"><\/div><div class=\"wpb_text_column\" ><div class=\"wpb_wrapper\"><p>Outre les faucheuses rotatives \u00e0 disque, PERFECT \u2013 Van Wamel livre \u00e9galement des disques mobiles s\u00e9par\u00e9s sous le nom de Solo-Swing.<\/p>\n<p>L\u2019entra\u00eenement des disques Solo-Swing est hydraulique ; ces machines offrent ainsi des possibilit\u00e9s d\u2019extension quasi-illimit\u00e9es. Le Solo-Swing est livr\u00e9 en s\u00e9rie avec un m\u00e9canisme de ressort ; un t\u00e2tonneur hydraulique est \u00e9galement livrable pour travailler sur les terrains en pente.<\/p>\n<p>Gr\u00e2ce \u00e0 la protection autour des couteaux, le Solo-Swing PERFECT est un des rares dispositifs de son genre \u00e0 satisfaire aux normes europ\u00e9ennes. Chaque Solo-Swing est en outre \u00e9quip\u00e9 dans sa partie inf\u00e9rieure du rotor d\u2019une soucoupe de support ; en cas d\u2019irr\u00e9gularit\u00e9s dans le terrain, les couteaux ne sont pas frein\u00e9s et la machine conserve toute sa capacit\u00e9 !<\/p>\n<h2><strong>Mod\u00e8les pour attelage \u00e0 une machine ou un tracteur<\/strong><\/h2>\n<p>Il existe divers mod\u00e8les de Solo-Swing pour montage sur une faucheuse rotative, un rotobroyeur, une mini-pelle ou attelage \u00e0 l\u2019avant ou l\u2019arri\u00e8re d\u2019un tracteur.<\/p>\n<\/div><\/div><\/div><\/div><\/div><\/div><div class=\"w-separator size_small\"><\/div><div class=\"w-grid type_carousel layout_3518\" id=\"us_grid_1\"><style id=\"us_grid_1_css\">#us_grid_1 .w-grid-item{padding:1.5rem}#us_grid_1 .w-grid-list{margin:-1.5rem}.w-grid + #us_grid_1 .w-grid-list{margin-top:1.5rem}<\/style><style>.layout_3518 .w-grid-item-h{}.layout_3518 .usg_post_image_1{margin-bottom:0.5rem!important}.layout_3518 .usg_post_title_1{font-size:1rem!important}<\/style><div class=\"w-grid-list owl-carousel navstyle_circle navpos_outside\"><article class=\"w-grid-item post-6507 product type-product status-publish has-post-thumbnail product_cat-disques-mobiles pa_denkende-schijf-ja-fr pa_gewicht-kg-100-fr pa_gewicht-kg-110-fr pa_gewicht-kg-85-fr pa_werkbreedte-cm-50-fr pa_werkbreedte-cm-60-fr pa_werkbreedte-cm-85-fr first instock shipping-taxable product-type-simple\" data-id=\"6507\">\r\n\t<div class=\"w-grid-item-h\">\r\n\t\t\t\t<div class=\"w-post-elm post_image usg_post_image_1 stretched\"><a href=\"https:\/\/www.perfectvanwamel.com\/fr\/produit\/solo-swing-serie-sza\/\" aria-label=\"Attelage Solo-Swing \u2013 S\u00e9rie SZA\"><img decoding=\"async\" width=\"600\" height=\"600\" src=\"https:\/\/www.perfectvanwamel.com\/wp-content\/uploads\/2020\/04\/SZA-600-600x600.jpg\" class=\"attachment-us_600_600_crop size-us_600_600_crop wp-post-image\" alt=\"\" srcset=\"https:\/\/www.perfectvanwamel.com\/wp-content\/uploads\/2020\/04\/SZA-600-600x600.jpg 600w, https:\/\/www.perfectvanwamel.com\/wp-content\/uploads\/2020\/04\/SZA-600-150x150.jpg 150w, https:\/\/www.perfectvanwamel.com\/wp-content\/uploads\/2020\/04\/SZA-600-64x64.jpg 64w, https:\/\/www.perfectvanwamel.com\/wp-content\/uploads\/2020\/04\/SZA-600-300x300.jpg 300w\" sizes=\"(max-width: 600px) 100vw, 600px\" \/><\/a><\/div><h2 class=\"w-post-elm post_title usg_post_title_1 woocommerce-loop-product__title color_link_inherit\"><a href=\"https:\/\/www.perfectvanwamel.com\/fr\/produit\/solo-swing-serie-sza\/\">Attelage Solo-Swing \u2013 S\u00e9rie SZA<\/a><\/h2>\t<\/div>\r\n<\/article>\r\n<article class=\"w-grid-item post-6510 product type-product status-publish has-post-thumbnail product_cat-disques-mobiles pa_denkende-schijf-ja-fr pa_gewicht-kg-275-fr pa_max-verstrek-midden-cm-245-fr pa_werkbreedte-cm-85-fr  instock shipping-taxable product-type-simple\" data-id=\"6510\">\r\n\t<div class=\"w-grid-item-h\">\r\n\t\t\t\t<div class=\"w-post-elm post_image usg_post_image_1 stretched\"><a href=\"https:\/\/www.perfectvanwamel.com\/fr\/produit\/solo-swing-serie-szx\/\" aria-label=\"Solo-Swing avec grand disque pour relevage frontal\u2013 S\u00e9rie SZX\"><img decoding=\"async\" width=\"600\" height=\"600\" src=\"https:\/\/www.perfectvanwamel.com\/wp-content\/uploads\/2020\/04\/SZX-850-600x600.jpg\" class=\"attachment-us_600_600_crop size-us_600_600_crop wp-post-image\" alt=\"\" srcset=\"https:\/\/www.perfectvanwamel.com\/wp-content\/uploads\/2020\/04\/SZX-850-600x600.jpg 600w, https:\/\/www.perfectvanwamel.com\/wp-content\/uploads\/2020\/04\/SZX-850-150x150.jpg 150w, https:\/\/www.perfectvanwamel.com\/wp-content\/uploads\/2020\/04\/SZX-850-64x64.jpg 64w, https:\/\/www.perfectvanwamel.com\/wp-content\/uploads\/2020\/04\/SZX-850-300x300.jpg 300w\" sizes=\"(max-width: 600px) 100vw, 600px\" \/><\/a><\/div><h2 class=\"w-post-elm post_title usg_post_title_1 woocommerce-loop-product__title color_link_inherit\"><a href=\"https:\/\/www.perfectvanwamel.com\/fr\/produit\/solo-swing-serie-szx\/\">Solo-Swing avec grand disque pour relevage frontal\u2013 S\u00e9rie SZX<\/a><\/h2>\t<\/div>\r\n<\/article>\r\n<article class=\"w-grid-item post-6508 product type-product status-publish has-post-thumbnail product_cat-disques-mobiles pa_denkende-schijf-ja-fr pa_gewicht-kg-175-fr pa_gewicht-kg-195-fr pa_max-verstrek-midden-cm-210-fr pa_max-verstrek-midden-cm-220-fr pa_werkbreedte-cm-60-fr pa_werkbreedte-cm-85-fr last instock shipping-taxable product-type-simple\" data-id=\"6508\">\r\n\t<div class=\"w-grid-item-h\">\r\n\t\t\t\t<div class=\"w-post-elm post_image usg_post_image_1 stretched\"><a href=\"https:\/\/www.perfectvanwamel.com\/fr\/produit\/solo-swing-serie-szs\/\" aria-label=\"Solo-Swing \u00e0 3 points \u2013 S\u00e9rie SZS\"><img decoding=\"async\" width=\"600\" height=\"600\" src=\"https:\/\/www.perfectvanwamel.com\/wp-content\/uploads\/2020\/04\/PERFECT_rotary_mowers_SZS_2_-removebg-1-600x600.png\" class=\"attachment-us_600_600_crop size-us_600_600_crop wp-post-image\" alt=\"\" srcset=\"https:\/\/www.perfectvanwamel.com\/wp-content\/uploads\/2020\/04\/PERFECT_rotary_mowers_SZS_2_-removebg-1-600x600.png 600w, https:\/\/www.perfectvanwamel.com\/wp-content\/uploads\/2020\/04\/PERFECT_rotary_mowers_SZS_2_-removebg-1-150x150.png 150w, https:\/\/www.perfectvanwamel.com\/wp-content\/uploads\/2020\/04\/PERFECT_rotary_mowers_SZS_2_-removebg-1-64x64.png 64w, https:\/\/www.perfectvanwamel.com\/wp-content\/uploads\/2020\/04\/PERFECT_rotary_mowers_SZS_2_-removebg-1-300x300.png 300w\" sizes=\"(max-width: 600px) 100vw, 600px\" \/><\/a><\/div><h2 class=\"w-post-elm post_title usg_post_title_1 woocommerce-loop-product__title color_link_inherit\"><a href=\"https:\/\/www.perfectvanwamel.com\/fr\/produit\/solo-swing-serie-szs\/\">Solo-Swing \u00e0 3 points \u2013 S\u00e9rie SZS<\/a><\/h2>\t<\/div>\r\n<\/article>\r\n<article class=\"w-grid-item post-8600 product type-product status-publish has-post-thumbnail product_cat-disques-mobiles first instock shipping-taxable product-type-simple\" data-id=\"8600\">\r\n\t<div class=\"w-grid-item-h\">\r\n\t\t\t\t<div class=\"w-post-elm post_image usg_post_image_1 stretched\"><a href=\"https:\/\/www.perfectvanwamel.com\/fr\/produit\/duo-swing\/\" aria-label=\"Duo-Swing\"><img decoding=\"async\" width=\"600\" height=\"600\" src=\"https:\/\/www.perfectvanwamel.com\/wp-content\/uploads\/2021\/02\/Duo-Swing-600-met-tasters-600x600.jpg\" class=\"attachment-us_600_600_crop size-us_600_600_crop wp-post-image\" alt=\"\" srcset=\"https:\/\/www.perfectvanwamel.com\/wp-content\/uploads\/2021\/02\/Duo-Swing-600-met-tasters-600x600.jpg 600w, https:\/\/www.perfectvanwamel.com\/wp-content\/uploads\/2021\/02\/Duo-Swing-600-met-tasters-150x150.jpg 150w, https:\/\/www.perfectvanwamel.com\/wp-content\/uploads\/2021\/02\/Duo-Swing-600-met-tasters-64x64.jpg 64w, https:\/\/www.perfectvanwamel.com\/wp-content\/uploads\/2021\/02\/Duo-Swing-600-met-tasters-300x300.jpg 300w\" sizes=\"(max-width: 600px) 100vw, 600px\" \/><\/a><\/div><h2 class=\"w-post-elm post_title usg_post_title_1 woocommerce-loop-product__title color_link_inherit\"><a href=\"https:\/\/www.perfectvanwamel.com\/fr\/produit\/duo-swing\/\">Duo-Swing<\/a><\/h2>\t<\/div>\r\n<\/article>\r\n<\/div>\t<div class=\"g-preloader type_1\">\r\n\t\t<div><\/div>\r\n\t<\/div>\r\n\t\t<div class=\"w-grid-json hidden\" onclick='return {&quot;ajax_url&quot;:&quot;https:\\\/\\\/www.perfectvanwamel.com\\\/wp-admin\\\/admin-ajax.php&quot;,&quot;permalink_url&quot;:&quot;https:\\\/\\\/www.perfectvanwamel.com\\\/fr\\\/produit\\\/duo-swing\\\/&quot;,&quot;action&quot;:&quot;us_ajax_grid&quot;,&quot;max_num_pages&quot;:1,&quot;infinite_scroll&quot;:0,&quot;template_vars&quot;:{&quot;query_args&quot;:{&quot;ignore_sticky_posts&quot;:1,&quot;post_type&quot;:&quot;any&quot;,&quot;post__in&quot;:[&quot;1807&quot;,&quot;1828&quot;,&quot;1822&quot;,&quot;8566&quot;],&quot;orderby&quot;:{&quot;post__in&quot;:&quot;ASC&quot;},&quot;posts_per_page&quot;:&quot;10&quot;},&quot;post_id&quot;:5838,&quot;us_grid_index&quot;:1,&quot;us_grid_ajax_index&quot;:null,&quot;exclude_items&quot;:&quot;none&quot;,&quot;items_offset&quot;:&quot;1&quot;,&quot;items_layout&quot;:&quot;3518&quot;,&quot;type&quot;:&quot;carousel&quot;,&quot;columns&quot;:&quot;4&quot;,&quot;img_size&quot;:&quot;default&quot;,&quot;overriding_link&quot;:&quot;none&quot;,&quot;lang&quot;:&quot;fr&quot;},&quot;carousel_settings&quot;:{&quot;items&quot;:&quot;4&quot;,&quot;nav&quot;:0,&quot;navNext&quot;:&quot;&quot;,&quot;navPrev&quot;:&quot;&quot;,&quot;dots&quot;:0,&quot;center&quot;:0,&quot;autoplay&quot;:0,&quot;smooth_play&quot;:0,&quot;timeout&quot;:3000,&quot;speed&quot;:250,&quot;transition&quot;:&quot;&quot;,&quot;autoHeight&quot;:0,&quot;slideby&quot;:&quot;1&quot;},&quot;carousel_breakpoints&quot;:{&quot;1200&quot;:{&quot;items&quot;:4},&quot;900&quot;:{&quot;items&quot;:3,&quot;autoplay&quot;:1,&quot;autoplayHoverPause&quot;:1,&quot;autoHeight&quot;:0},&quot;600&quot;:{&quot;items&quot;:2,&quot;autoplay&quot;:1,&quot;autoplayHoverPause&quot;:1,&quot;autoHeight&quot;:0},&quot;0&quot;:{&quot;items&quot;:1,&quot;autoplay&quot;:1,&quot;autoplayHoverPause&quot;:1,&quot;autoHeight&quot;:0}}}'><\/div>\r\n<\/div><\/div><\/div><\/div><\/div><\/div><\/section>\n","protected":false},"excerpt":{"rendered":"Le disque mobile, \u00e9quip\u00e9 en s\u00e9rie de couteaux oscillants, est pourvu d\u2019un dispositif de r\u00e9glage de la hauteur de fauche et de la pression de collision ; cela permet un ajustement \u00e0 diverses circonstances de travail. Les mod\u00e8les Duo-Swing sont livr\u00e9s en standard avec deux disques mobiles. Pour maximiser la rayon de coupe, la largeur...","protected":false},"author":1,"featured_media":4510,"parent":6404,"menu_order":0,"comment_status":"closed","ping_status":"closed","template":"","meta":{"_acf_changed":false,"footnotes":""},"class_list":["post-5838","page","type-page","status-publish","has-post-thumbnail","hentry"],"acf":[],"yoast_head":"<!-- This site is optimized with the Yoast SEO plugin v27.4 - https:\/\/yoast.com\/product\/yoast-seo-wordpress\/ -->\n<title>Disques de tonte Solo-Swing - PERFECT - Van Wamel<\/title>\n<meta name=\"robots\" content=\"index, follow, max-snippet:-1, max-image-preview:large, max-video-preview:-1\" \/>\n<link rel=\"canonical\" href=\"https:\/\/www.perfectvanwamel.com\/fr\/secteurs\/fruitteelt-wijnbouw\/fauchage\/disques-de-tonte-solo-swing\/\" \/>\n<meta property=\"og:locale\" content=\"fr_FR\" \/>\n<meta property=\"og:type\" content=\"article\" \/>\n<meta property=\"og:title\" content=\"Disques de tonte Solo-Swing - PERFECT - Van Wamel\" \/>\n<meta property=\"og:url\" content=\"https:\/\/www.perfectvanwamel.com\/fr\/secteurs\/fruitteelt-wijnbouw\/fauchage\/disques-de-tonte-solo-swing\/\" \/>\n<meta property=\"og:site_name\" content=\"PERFECT - Van Wamel\" \/>\n<meta property=\"article:modified_time\" content=\"2026-03-17T09:37:37+00:00\" \/>\n<meta property=\"og:image\" content=\"https:\/\/staging.perfectvanwamel.com\/wp-content\/uploads\/2020\/06\/PERFECT_SWING_ARM_ORCHARD-2-1.jpg\" \/>\n\t<meta property=\"og:image:width\" content=\"2262\" \/>\n\t<meta property=\"og:image:height\" content=\"1118\" \/>\n\t<meta property=\"og:image:type\" content=\"image\/jpeg\" \/>\n<meta name=\"twitter:card\" content=\"summary_large_image\" \/>\n<meta name=\"twitter:label1\" content=\"Dur\u00e9e de lecture estim\u00e9e\" \/>\n\t<meta name=\"twitter:data1\" content=\"1 minute\" \/>\n<script type=\"application\/ld+json\" class=\"yoast-schema-graph\">{\"@context\":\"https:\\\/\\\/schema.org\",\"@graph\":[{\"@type\":\"WebPage\",\"@id\":\"https:\\\/\\\/www.perfectvanwamel.com\\\/fr\\\/secteurs\\\/fruitteelt-wijnbouw\\\/fauchage\\\/disques-de-tonte-solo-swing\\\/\",\"url\":\"https:\\\/\\\/www.perfectvanwamel.com\\\/fr\\\/secteurs\\\/fruitteelt-wijnbouw\\\/fauchage\\\/disques-de-tonte-solo-swing\\\/\",\"name\":\"Disques de tonte Solo-Swing - PERFECT - Van Wamel\",\"isPartOf\":{\"@id\":\"https:\\\/\\\/www.perfectvanwamel.com\\\/fr\\\/#website\"},\"primaryImageOfPage\":{\"@id\":\"https:\\\/\\\/www.perfectvanwamel.com\\\/fr\\\/secteurs\\\/fruitteelt-wijnbouw\\\/fauchage\\\/disques-de-tonte-solo-swing\\\/#primaryimage\"},\"image\":{\"@id\":\"https:\\\/\\\/www.perfectvanwamel.com\\\/fr\\\/secteurs\\\/fruitteelt-wijnbouw\\\/fauchage\\\/disques-de-tonte-solo-swing\\\/#primaryimage\"},\"thumbnailUrl\":\"https:\\\/\\\/www.perfectvanwamel.com\\\/wp-content\\\/uploads\\\/2020\\\/06\\\/PERFECT_SWING_ARM_ORCHARD-2-1.jpg\",\"datePublished\":\"2020-09-21T14:49:47+00:00\",\"dateModified\":\"2026-03-17T09:37:37+00:00\",\"breadcrumb\":{\"@id\":\"https:\\\/\\\/www.perfectvanwamel.com\\\/fr\\\/secteurs\\\/fruitteelt-wijnbouw\\\/fauchage\\\/disques-de-tonte-solo-swing\\\/#breadcrumb\"},\"inLanguage\":\"fr-FR\",\"potentialAction\":[{\"@type\":\"ReadAction\",\"target\":[\"https:\\\/\\\/www.perfectvanwamel.com\\\/fr\\\/secteurs\\\/fruitteelt-wijnbouw\\\/fauchage\\\/disques-de-tonte-solo-swing\\\/\"]}]},{\"@type\":\"ImageObject\",\"inLanguage\":\"fr-FR\",\"@id\":\"https:\\\/\\\/www.perfectvanwamel.com\\\/fr\\\/secteurs\\\/fruitteelt-wijnbouw\\\/fauchage\\\/disques-de-tonte-solo-swing\\\/#primaryimage\",\"url\":\"https:\\\/\\\/www.perfectvanwamel.com\\\/wp-content\\\/uploads\\\/2020\\\/06\\\/PERFECT_SWING_ARM_ORCHARD-2-1.jpg\",\"contentUrl\":\"https:\\\/\\\/www.perfectvanwamel.com\\\/wp-content\\\/uploads\\\/2020\\\/06\\\/PERFECT_SWING_ARM_ORCHARD-2-1.jpg\",\"width\":2262,\"height\":1118},{\"@type\":\"BreadcrumbList\",\"@id\":\"https:\\\/\\\/www.perfectvanwamel.com\\\/fr\\\/secteurs\\\/fruitteelt-wijnbouw\\\/fauchage\\\/disques-de-tonte-solo-swing\\\/#breadcrumb\",\"itemListElement\":[{\"@type\":\"ListItem\",\"position\":1,\"name\":\"Home\",\"item\":\"https:\\\/\\\/staging.perfectvanwamel.com\\\/fr\\\/\"},{\"@type\":\"ListItem\",\"position\":2,\"name\":\"Secteurs\",\"item\":\"https:\\\/\\\/staging.perfectvanwamel.com\\\/fr\\\/secteurs\\\/\"},{\"@type\":\"ListItem\",\"position\":3,\"name\":\"Arboriculture &#038; Viticulture\",\"item\":\"https:\\\/\\\/staging.perfectvanwamel.com\\\/fr\\\/secteurs\\\/fruitteelt-wijnbouw\\\/\"},{\"@type\":\"ListItem\",\"position\":4,\"name\":\"Fauchage\",\"item\":\"https:\\\/\\\/staging.perfectvanwamel.com\\\/fr\\\/secteurs\\\/fruitteelt-wijnbouw\\\/fauchage\\\/\"},{\"@type\":\"ListItem\",\"position\":5,\"name\":\"Disques de tonte Solo-Swing\"}]},{\"@type\":\"WebSite\",\"@id\":\"https:\\\/\\\/www.perfectvanwamel.com\\\/fr\\\/#website\",\"url\":\"https:\\\/\\\/www.perfectvanwamel.com\\\/fr\\\/\",\"name\":\"PERFECT - Van Wamel\",\"description\":\"\",\"potentialAction\":[{\"@type\":\"SearchAction\",\"target\":{\"@type\":\"EntryPoint\",\"urlTemplate\":\"https:\\\/\\\/www.perfectvanwamel.com\\\/fr\\\/?s={search_term_string}\"},\"query-input\":{\"@type\":\"PropertyValueSpecification\",\"valueRequired\":true,\"valueName\":\"search_term_string\"}}],\"inLanguage\":\"fr-FR\"}]}<\/script>\n<!-- \/ Yoast SEO plugin. -->","yoast_head_json":{"title":"Disques de tonte Solo-Swing - PERFECT - Van Wamel","robots":{"index":"index","follow":"follow","max-snippet":"max-snippet:-1","max-image-preview":"max-image-preview:large","max-video-preview":"max-video-preview:-1"},"canonical":"https:\/\/www.perfectvanwamel.com\/fr\/secteurs\/fruitteelt-wijnbouw\/fauchage\/disques-de-tonte-solo-swing\/","og_locale":"fr_FR","og_type":"article","og_title":"Disques de tonte Solo-Swing - PERFECT - Van Wamel","og_url":"https:\/\/www.perfectvanwamel.com\/fr\/secteurs\/fruitteelt-wijnbouw\/fauchage\/disques-de-tonte-solo-swing\/","og_site_name":"PERFECT - Van Wamel","article_modified_time":"2026-03-17T09:37:37+00:00","og_image":[{"width":2262,"height":1118,"url":"https:\/\/staging.perfectvanwamel.com\/wp-content\/uploads\/2020\/06\/PERFECT_SWING_ARM_ORCHARD-2-1.jpg","type":"image\/jpeg"}],"twitter_card":"summary_large_image","twitter_misc":{"Dur\u00e9e de lecture estim\u00e9e":"1 minute"},"schema":{"@context":"https:\/\/schema.org","@graph":[{"@type":"WebPage","@id":"https:\/\/www.perfectvanwamel.com\/fr\/secteurs\/fruitteelt-wijnbouw\/fauchage\/disques-de-tonte-solo-swing\/","url":"https:\/\/www.perfectvanwamel.com\/fr\/secteurs\/fruitteelt-wijnbouw\/fauchage\/disques-de-tonte-solo-swing\/","name":"Disques de tonte Solo-Swing - PERFECT - Van Wamel","isPartOf":{"@id":"https:\/\/www.perfectvanwamel.com\/fr\/#website"},"primaryImageOfPage":{"@id":"https:\/\/www.perfectvanwamel.com\/fr\/secteurs\/fruitteelt-wijnbouw\/fauchage\/disques-de-tonte-solo-swing\/#primaryimage"},"image":{"@id":"https:\/\/www.perfectvanwamel.com\/fr\/secteurs\/fruitteelt-wijnbouw\/fauchage\/disques-de-tonte-solo-swing\/#primaryimage"},"thumbnailUrl":"https:\/\/www.perfectvanwamel.com\/wp-content\/uploads\/2020\/06\/PERFECT_SWING_ARM_ORCHARD-2-1.jpg","datePublished":"2020-09-21T14:49:47+00:00","dateModified":"2026-03-17T09:37:37+00:00","breadcrumb":{"@id":"https:\/\/www.perfectvanwamel.com\/fr\/secteurs\/fruitteelt-wijnbouw\/fauchage\/disques-de-tonte-solo-swing\/#breadcrumb"},"inLanguage":"fr-FR","potentialAction":[{"@type":"ReadAction","target":["https:\/\/www.perfectvanwamel.com\/fr\/secteurs\/fruitteelt-wijnbouw\/fauchage\/disques-de-tonte-solo-swing\/"]}]},{"@type":"ImageObject","inLanguage":"fr-FR","@id":"https:\/\/www.perfectvanwamel.com\/fr\/secteurs\/fruitteelt-wijnbouw\/fauchage\/disques-de-tonte-solo-swing\/#primaryimage","url":"https:\/\/www.perfectvanwamel.com\/wp-content\/uploads\/2020\/06\/PERFECT_SWING_ARM_ORCHARD-2-1.jpg","contentUrl":"https:\/\/www.perfectvanwamel.com\/wp-content\/uploads\/2020\/06\/PERFECT_SWING_ARM_ORCHARD-2-1.jpg","width":2262,"height":1118},{"@type":"BreadcrumbList","@id":"https:\/\/www.perfectvanwamel.com\/fr\/secteurs\/fruitteelt-wijnbouw\/fauchage\/disques-de-tonte-solo-swing\/#breadcrumb","itemListElement":[{"@type":"ListItem","position":1,"name":"Home","item":"https:\/\/staging.perfectvanwamel.com\/fr\/"},{"@type":"ListItem","position":2,"name":"Secteurs","item":"https:\/\/staging.perfectvanwamel.com\/fr\/secteurs\/"},{"@type":"ListItem","position":3,"name":"Arboriculture &#038; Viticulture","item":"https:\/\/staging.perfectvanwamel.com\/fr\/secteurs\/fruitteelt-wijnbouw\/"},{"@type":"ListItem","position":4,"name":"Fauchage","item":"https:\/\/staging.perfectvanwamel.com\/fr\/secteurs\/fruitteelt-wijnbouw\/fauchage\/"},{"@type":"ListItem","position":5,"name":"Disques de tonte Solo-Swing"}]},{"@type":"WebSite","@id":"https:\/\/www.perfectvanwamel.com\/fr\/#website","url":"https:\/\/www.perfectvanwamel.com\/fr\/","name":"PERFECT - Van Wamel","description":"","potentialAction":[{"@type":"SearchAction","target":{"@type":"EntryPoint","urlTemplate":"https:\/\/www.perfectvanwamel.com\/fr\/?s={search_term_string}"},"query-input":{"@type":"PropertyValueSpecification","valueRequired":true,"valueName":"search_term_string"}}],"inLanguage":"fr-FR"}]}},"_links":{"self":[{"href":"https:\/\/www.perfectvanwamel.com\/fr\/wp-json\/wp\/v2\/pages\/5838","targetHints":{"allow":["GET"]}}],"collection":[{"href":"https:\/\/www.perfectvanwamel.com\/fr\/wp-json\/wp\/v2\/pages"}],"about":[{"href":"https:\/\/www.perfectvanwamel.com\/fr\/wp-json\/wp\/v2\/types\/page"}],"author":[{"embeddable":true,"href":"https:\/\/www.perfectvanwamel.com\/fr\/wp-json\/wp\/v2\/users\/1"}],"replies":[{"embeddable":true,"href":"https:\/\/www.perfectvanwamel.com\/fr\/wp-json\/wp\/v2\/comments?post=5838"}],"version-history":[{"count":6,"href":"https:\/\/www.perfectvanwamel.com\/fr\/wp-json\/wp\/v2\/pages\/5838\/revisions"}],"predecessor-version":[{"id":28723,"href":"https:\/\/www.perfectvanwamel.com\/fr\/wp-json\/wp\/v2\/pages\/5838\/revisions\/28723"}],"up":[{"embeddable":true,"href":"https:\/\/www.perfectvanwamel.com\/fr\/wp-json\/wp\/v2\/pages\/6404"}],"wp:featuredmedia":[{"embeddable":true,"href":"https:\/\/www.perfectvanwamel.com\/fr\/wp-json\/wp\/v2\/media\/4510"}],"wp:attachment":[{"href":"https:\/\/www.perfectvanwamel.com\/fr\/wp-json\/wp\/v2\/media?parent=5838"}],"curies":[{"name":"wp","href":"https:\/\/api.w.org\/{rel}","templated":true}]}}