{"id":5909,"date":"2020-09-23T13:26:17","date_gmt":"2020-09-23T11:26:17","guid":{"rendered":"https:\/\/www.perfectvanwamel.com\/fruitteelt-wijnbouw\/andainage-balayage\/"},"modified":"2026-03-17T11:12:41","modified_gmt":"2026-03-17T10:12:41","slug":"andainage-balayage","status":"publish","type":"page","link":"https:\/\/www.perfectvanwamel.com\/fr\/secteurs\/fruitteelt-wijnbouw\/andainage-balayage\/","title":{"rendered":"Andainage &#8211; balayage"},"content":{"rendered":"<section class=\"l-section wpb_row height_small\"><div class=\"l-section-h i-cf\"><div class=\"g-cols vc_row type_default valign_top reversed\"><div class=\"vc_col-sm-12 wpb_column vc_column_container\"><div class=\"vc_column-inner\"><div class=\"wpb_wrapper\">[vc_custom_heading text=&#8221;Andainage dans les vergers et les vignobles&#8221; font_container=&#8221;tag:h1|text_align:left&#8221; use_theme_fonts=&#8221;yes&#8221;]<div class=\"g-cols wpb_row  type_default valign_top vc_inner\"><div class=\"vc_col-sm-12 wpb_column vc_column_container\"><div class=\"vc_column-inner\"><div class=\"wpb_wrapper\"><div class=\"w-image align_none\"><div class=\"w-image-h\"><img decoding=\"async\" width=\"1600\" height=\"620\" src=\"https:\/\/www.perfectvanwamel.com\/wp-content\/uploads\/2026\/03\/Strokenpoetsen.jpg\" class=\"attachment-us_1600_620_crop size-us_1600_620_crop\" alt=\"\" srcset=\"https:\/\/www.perfectvanwamel.com\/wp-content\/uploads\/2026\/03\/Strokenpoetsen.jpg 1600w, https:\/\/www.perfectvanwamel.com\/wp-content\/uploads\/2026\/03\/Strokenpoetsen-300x116.jpg 300w, https:\/\/www.perfectvanwamel.com\/wp-content\/uploads\/2026\/03\/Strokenpoetsen-1024x397.jpg 1024w, https:\/\/www.perfectvanwamel.com\/wp-content\/uploads\/2026\/03\/Strokenpoetsen-600x233.jpg 600w\" sizes=\"(max-width: 1600px) 100vw, 1600px\" \/><\/div><\/div><div class=\"w-separator size_medium\"><\/div><div class=\"wpb_text_column\" ><div class=\"wpb_wrapper\"><p>L\u2019andainage sous les arbres non seulement am\u00e9liore et simplifie le broyage du bois de coupe mais permet \u00e9galement une r\u00e9duction du risque d\u2019affection fongique et une utilisation plus efficace des herbicides du fait que les feuilles sont \u00e9galement retir\u00e9es.<\/p>\n<p>Les andaineurs PERFECT sont tous \u00e9quip\u00e9s d\u2019une roue de support ; les brosses tournent autour de cette roue. L\u2019andaineur suit ainsi toujours la configuration du sol, ind\u00e9pendamment du tracteur. Le r\u00e9sultat est ainsi optimal. Les andaineurs PERFECT sont \u00e9galement connus pour leur dur\u00e9e de vie exceptionnellement longue.<\/p>\n<p>Au lieu des balais inusables flexibles, les andaineurs PERFECT peuvent \u00e9galement \u00eatre livr\u00e9s avec des balais en caoutchouc plac\u00e9s \u00e0 l\u2019horizontale et qui tournent autour d\u2019une soucoupe de support. Cette solution est id\u00e9ale pour le traitement de bois de coupe plus \u00e9pais ou par exemple de restes de fruits.<\/p>\n<\/div><\/div><div class=\"wpb_text_column\" ><div class=\"wpb_wrapper\"><h2><strong>Andaineurs pour les feuilles et le bois de coupe<\/strong><\/h2>\n<p>L\u2019assortiment PERFECT comprend des <a href=\"https:\/\/www.perfectvanwamel.com\/fr\/produit\/spa-andaineur-dattachement\/\">andaineurs pour fixation sur un broyeur<\/a> de bois de coupe (SPA) ou pour <a href=\"https:\/\/www.perfectvanwamel.com\/fr\/produit\/spf-andaineur-frontal\/\">montage \u00e0 l\u2019avant du tracteur<\/a> (SPF). Pour nettoyer sous les arbres des deux c\u00f4t\u00e9s en un seul passage,<a href=\"https:\/\/www.perfectvanwamel.com\/fr\/produit\/spd-andaineur-double\/\"> l\u2019andaineur double<\/a> SPD est la solution id\u00e9ale.<\/p>\n<\/div><\/div><\/div><\/div><\/div><\/div><div class=\"w-separator size_small\"><\/div><div class=\"w-grid type_carousel layout_121\" id=\"us_grid_1\"><style id=\"us_grid_1_css\">#us_grid_1 .w-grid-item{padding:1.5rem}#us_grid_1 .w-grid-list{margin:-1.5rem}.w-grid + #us_grid_1 .w-grid-list{margin-top:1.5rem}<\/style><style>.layout_121 .w-grid-item-h{}.layout_121 .usg_post_image_1{width:100%!important;max-height:100%!important}.layout_121 .usg_product_field_1{position:absolute!important;top:10px!important;left:10px!important;padding-left:0.8rem!important;padding-right:0.8rem!important;font-family:'Interstate', sans-serif!important;font-size:12px!important;font-weight:700!important;text-transform:uppercase!important;color:#fff!important;border-radius:2rem!important;background:#eb690b!important}.layout_121 .usg_post_title_1{margin-top:0.8rem!important;margin-bottom:0.2rem!important;font-family:'Interstate', sans-serif!important;font-size:1rem!important}.layout_121 .usg_html_3{margin-bottom:0!important}.layout_121 .usg_post_custom_field_1{font-family:'Interstate', sans-serif!important}.layout_121 .usg_vwrapper_2{height:300px!important}<\/style><div class=\"w-grid-list owl-carousel navstyle_circle navpos_outside\"><article class=\"w-grid-item post-6496 product type-product status-publish has-post-thumbnail product_cat-andaineurs pa_denkende-schijf-nee-fr first instock shipping-taxable product-type-simple\" data-id=\"6496\">\r\n\t<div class=\"w-grid-item-h\">\r\n\t\t\t\t<div class=\"w-vwrapper usg_vwrapper_1 align_left valign_top \"><div class=\"w-vwrapper usg_vwrapper_2 align_center valign_middle product_image_wrapper\"><div class=\"w-post-elm post_image usg_post_image_1 stretched has_width\"><a href=\"https:\/\/www.perfectvanwamel.com\/fr\/produit\/spa-andaineur-dattachement\/\" aria-label=\"SPA, andaineur d&#8217;attachement\"><img decoding=\"async\" width=\"1500\" height=\"1001\" src=\"https:\/\/www.perfectvanwamel.com\/wp-content\/uploads\/2020\/04\/SPA.jpg\" class=\"attachment-full size-full wp-post-image\" alt=\"\" srcset=\"https:\/\/www.perfectvanwamel.com\/wp-content\/uploads\/2020\/04\/SPA.jpg 1500w, https:\/\/www.perfectvanwamel.com\/wp-content\/uploads\/2020\/04\/SPA-300x200.jpg 300w, https:\/\/www.perfectvanwamel.com\/wp-content\/uploads\/2020\/04\/SPA-1024x683.jpg 1024w, https:\/\/www.perfectvanwamel.com\/wp-content\/uploads\/2020\/04\/SPA-600x400.jpg 600w\" sizes=\"(max-width: 1500px) 100vw, 1500px\" \/><\/a><\/div><\/div><h2 class=\"w-post-elm post_title usg_post_title_1 woocommerce-loop-product__title color_link_inherit\"><a href=\"https:\/\/www.perfectvanwamel.com\/fr\/produit\/spa-andaineur-dattachement\/\">SPA, andaineur d&#8217;attachement<\/a><\/h2><div class=\"w-post-elm post_custom_field usg_post_custom_field_1 type_text\"><\/div><div class=\"w-html usg_html_3\">    <div class=\"product-icons\">\n                                <\/div>\n    <\/div><div class=\"w-html usg_html_2\"><a href=\"#\" class=\"button add-to-compare-button btn button btn-default theme-button theme-btn\" data-product-id=\"6496\" rel=\"nofollow\">ajouter pour comparer<\/a><\/div><\/div>\t<\/div>\r\n<\/article>\r\n<article class=\"w-grid-item post-6497 product type-product status-publish has-post-thumbnail product_cat-andaineurs pa_denkende-schijf-nee-fr  instock shipping-taxable product-type-simple\" data-id=\"6497\">\r\n\t<div class=\"w-grid-item-h\">\r\n\t\t\t\t<div class=\"w-vwrapper usg_vwrapper_1 align_left valign_top \"><div class=\"w-vwrapper usg_vwrapper_2 align_center valign_middle product_image_wrapper\"><div class=\"w-post-elm post_image usg_post_image_1 stretched has_width\"><a href=\"https:\/\/www.perfectvanwamel.com\/fr\/produit\/spf-andaineur-frontal\/\" aria-label=\"SPF, andaineur frontal\"><img decoding=\"async\" width=\"2094\" height=\"1365\" src=\"https:\/\/www.perfectvanwamel.com\/wp-content\/uploads\/2020\/04\/SPF.jpg\" class=\"attachment-full size-full wp-post-image\" alt=\"\" srcset=\"https:\/\/www.perfectvanwamel.com\/wp-content\/uploads\/2020\/04\/SPF.jpg 2094w, https:\/\/www.perfectvanwamel.com\/wp-content\/uploads\/2020\/04\/SPF-300x196.jpg 300w, https:\/\/www.perfectvanwamel.com\/wp-content\/uploads\/2020\/04\/SPF-1024x668.jpg 1024w, https:\/\/www.perfectvanwamel.com\/wp-content\/uploads\/2020\/04\/SPF-600x391.jpg 600w\" sizes=\"(max-width: 2094px) 100vw, 2094px\" \/><\/a><\/div><\/div><h2 class=\"w-post-elm post_title usg_post_title_1 woocommerce-loop-product__title color_link_inherit\"><a href=\"https:\/\/www.perfectvanwamel.com\/fr\/produit\/spf-andaineur-frontal\/\">SPF, andaineur frontal<\/a><\/h2><div class=\"w-post-elm post_custom_field usg_post_custom_field_1 type_text\"><\/div><div class=\"w-html usg_html_3\">    <div class=\"product-icons\">\n                                <\/div>\n    <\/div><div class=\"w-html usg_html_2\"><a href=\"#\" class=\"button add-to-compare-button btn button btn-default theme-button theme-btn\" data-product-id=\"6497\" rel=\"nofollow\">ajouter pour comparer<\/a><\/div><\/div>\t<\/div>\r\n<\/article>\r\n<article class=\"w-grid-item post-6498 product type-product status-publish has-post-thumbnail product_cat-andaineurs pa_denkende-schijf-nee-fr last instock shipping-taxable product-type-simple\" data-id=\"6498\">\r\n\t<div class=\"w-grid-item-h\">\r\n\t\t\t\t<div class=\"w-vwrapper usg_vwrapper_1 align_left valign_top \"><div class=\"w-vwrapper usg_vwrapper_2 align_center valign_middle product_image_wrapper\"><div class=\"w-post-elm post_image usg_post_image_1 stretched has_width\"><a href=\"https:\/\/www.perfectvanwamel.com\/fr\/produit\/spd-andaineur-double\/\" aria-label=\"SPD, andaineur double\"><img decoding=\"async\" width=\"1500\" height=\"1001\" src=\"https:\/\/www.perfectvanwamel.com\/wp-content\/uploads\/2020\/04\/SPD.jpg\" class=\"attachment-full size-full wp-post-image\" alt=\"\" srcset=\"https:\/\/www.perfectvanwamel.com\/wp-content\/uploads\/2020\/04\/SPD.jpg 1500w, https:\/\/www.perfectvanwamel.com\/wp-content\/uploads\/2020\/04\/SPD-300x200.jpg 300w, https:\/\/www.perfectvanwamel.com\/wp-content\/uploads\/2020\/04\/SPD-1024x683.jpg 1024w, https:\/\/www.perfectvanwamel.com\/wp-content\/uploads\/2020\/04\/SPD-600x400.jpg 600w\" sizes=\"(max-width: 1500px) 100vw, 1500px\" \/><\/a><\/div><\/div><h2 class=\"w-post-elm post_title usg_post_title_1 woocommerce-loop-product__title color_link_inherit\"><a href=\"https:\/\/www.perfectvanwamel.com\/fr\/produit\/spd-andaineur-double\/\">SPD, andaineur double<\/a><\/h2><div class=\"w-post-elm post_custom_field usg_post_custom_field_1 type_text\"><\/div><div class=\"w-html usg_html_3\">    <div class=\"product-icons\">\n                                <\/div>\n    <\/div><div class=\"w-html usg_html_2\"><a href=\"#\" class=\"button add-to-compare-button btn button btn-default theme-button theme-btn\" data-product-id=\"6498\" rel=\"nofollow\">ajouter pour comparer<\/a><\/div><\/div>\t<\/div>\r\n<\/article>\r\n<\/div>\t<div class=\"g-preloader type_1\">\r\n\t\t<div><\/div>\r\n\t<\/div>\r\n\t\t<div class=\"w-grid-json hidden\" onclick='return {&quot;ajax_url&quot;:&quot;https:\\\/\\\/www.perfectvanwamel.com\\\/wp-admin\\\/admin-ajax.php&quot;,&quot;permalink_url&quot;:&quot;https:\\\/\\\/www.perfectvanwamel.com\\\/fr\\\/produit\\\/spd-andaineur-double\\\/&quot;,&quot;action&quot;:&quot;us_ajax_grid&quot;,&quot;max_num_pages&quot;:1,&quot;infinite_scroll&quot;:0,&quot;template_vars&quot;:{&quot;query_args&quot;:{&quot;ignore_sticky_posts&quot;:1,&quot;post_type&quot;:&quot;any&quot;,&quot;post__in&quot;:[&quot;2146&quot;,&quot;2155&quot;,&quot;2164&quot;],&quot;orderby&quot;:{&quot;post__in&quot;:&quot;ASC&quot;},&quot;posts_per_page&quot;:&quot;10&quot;},&quot;post_id&quot;:5909,&quot;us_grid_index&quot;:1,&quot;us_grid_ajax_index&quot;:null,&quot;exclude_items&quot;:&quot;none&quot;,&quot;items_offset&quot;:&quot;1&quot;,&quot;items_layout&quot;:&quot;121&quot;,&quot;type&quot;:&quot;carousel&quot;,&quot;columns&quot;:&quot;3&quot;,&quot;img_size&quot;:&quot;default&quot;,&quot;overriding_link&quot;:&quot;none&quot;,&quot;lang&quot;:&quot;fr&quot;},&quot;carousel_settings&quot;:{&quot;items&quot;:&quot;3&quot;,&quot;nav&quot;:0,&quot;navNext&quot;:&quot;&quot;,&quot;navPrev&quot;:&quot;&quot;,&quot;dots&quot;:0,&quot;center&quot;:0,&quot;autoplay&quot;:0,&quot;smooth_play&quot;:0,&quot;timeout&quot;:3000,&quot;speed&quot;:250,&quot;transition&quot;:&quot;&quot;,&quot;autoHeight&quot;:0,&quot;slideby&quot;:&quot;1&quot;},&quot;carousel_breakpoints&quot;:{&quot;1200&quot;:{&quot;items&quot;:3},&quot;900&quot;:{&quot;items&quot;:3,&quot;autoplay&quot;:1,&quot;autoplayHoverPause&quot;:1,&quot;autoHeight&quot;:0},&quot;600&quot;:{&quot;items&quot;:2,&quot;autoplay&quot;:1,&quot;autoplayHoverPause&quot;:1,&quot;autoHeight&quot;:0},&quot;0&quot;:{&quot;items&quot;:1,&quot;autoplay&quot;:1,&quot;autoplayHoverPause&quot;:1,&quot;autoHeight&quot;:0}}}'><\/div>\r\n<\/div><\/div><\/div><\/div><\/div><\/div><\/section>\n","protected":false},"excerpt":{"rendered":"Sur des tracteurs sans relevage avant l'andaineur double est fix\u00e9 sur le devant du tracteur, par exemple sur le porte-masse.Les t\u00eates de balayage sont lev\u00e9es hydrauliquement, la largeur de travail est \u00e9galement ajust\u00e9 hydrauliquement. Le radius de chaque t\u00eate est de 1,0 m, mais pour des conditions sp\u00e9ciales il y a la possibilit\u00e9 d'avoir un...","protected":false},"author":1,"featured_media":28864,"parent":5713,"menu_order":0,"comment_status":"closed","ping_status":"closed","template":"","meta":{"_acf_changed":false,"footnotes":""},"class_list":["post-5909","page","type-page","status-publish","has-post-thumbnail","hentry"],"acf":[],"yoast_head":"<!-- This site is optimized with the Yoast SEO plugin v27.4 - https:\/\/yoast.com\/product\/yoast-seo-wordpress\/ -->\n<title>Andainage - balayage - PERFECT - Van Wamel<\/title>\n<meta name=\"robots\" content=\"index, follow, max-snippet:-1, max-image-preview:large, max-video-preview:-1\" \/>\n<link rel=\"canonical\" href=\"https:\/\/www.perfectvanwamel.com\/fr\/secteurs\/fruitteelt-wijnbouw\/andainage-balayage\/\" \/>\n<meta property=\"og:locale\" content=\"fr_FR\" \/>\n<meta property=\"og:type\" content=\"article\" \/>\n<meta property=\"og:title\" content=\"Andainage - balayage - PERFECT - Van Wamel\" \/>\n<meta property=\"og:url\" content=\"https:\/\/www.perfectvanwamel.com\/fr\/secteurs\/fruitteelt-wijnbouw\/andainage-balayage\/\" \/>\n<meta property=\"og:site_name\" content=\"PERFECT - Van Wamel\" \/>\n<meta property=\"article:modified_time\" content=\"2026-03-17T10:12:41+00:00\" \/>\n<meta property=\"og:image\" content=\"https:\/\/staging.perfectvanwamel.com\/wp-content\/uploads\/2020\/06\/PERFECT_BRUSH_SWEEPER-3-1.jpg\" \/>\n\t<meta property=\"og:image:width\" content=\"2269\" \/>\n\t<meta property=\"og:image:height\" content=\"1207\" \/>\n\t<meta property=\"og:image:type\" content=\"image\/jpeg\" \/>\n<meta name=\"twitter:card\" content=\"summary_large_image\" \/>\n<meta name=\"twitter:label1\" content=\"Dur\u00e9e de lecture estim\u00e9e\" \/>\n\t<meta name=\"twitter:data1\" content=\"1 minute\" \/>\n<script type=\"application\/ld+json\" class=\"yoast-schema-graph\">{\"@context\":\"https:\\\/\\\/schema.org\",\"@graph\":[{\"@type\":\"WebPage\",\"@id\":\"https:\\\/\\\/www.perfectvanwamel.com\\\/fr\\\/secteurs\\\/fruitteelt-wijnbouw\\\/andainage-balayage\\\/\",\"url\":\"https:\\\/\\\/www.perfectvanwamel.com\\\/fr\\\/secteurs\\\/fruitteelt-wijnbouw\\\/andainage-balayage\\\/\",\"name\":\"Andainage - balayage - PERFECT - Van Wamel\",\"isPartOf\":{\"@id\":\"https:\\\/\\\/www.perfectvanwamel.com\\\/fr\\\/#website\"},\"primaryImageOfPage\":{\"@id\":\"https:\\\/\\\/www.perfectvanwamel.com\\\/fr\\\/secteurs\\\/fruitteelt-wijnbouw\\\/andainage-balayage\\\/#primaryimage\"},\"image\":{\"@id\":\"https:\\\/\\\/www.perfectvanwamel.com\\\/fr\\\/secteurs\\\/fruitteelt-wijnbouw\\\/andainage-balayage\\\/#primaryimage\"},\"thumbnailUrl\":\"https:\\\/\\\/www.perfectvanwamel.com\\\/wp-content\\\/uploads\\\/2026\\\/03\\\/strokenpoetsen-1.jpg\",\"datePublished\":\"2020-09-23T11:26:17+00:00\",\"dateModified\":\"2026-03-17T10:12:41+00:00\",\"breadcrumb\":{\"@id\":\"https:\\\/\\\/www.perfectvanwamel.com\\\/fr\\\/secteurs\\\/fruitteelt-wijnbouw\\\/andainage-balayage\\\/#breadcrumb\"},\"inLanguage\":\"fr-FR\",\"potentialAction\":[{\"@type\":\"ReadAction\",\"target\":[\"https:\\\/\\\/www.perfectvanwamel.com\\\/fr\\\/secteurs\\\/fruitteelt-wijnbouw\\\/andainage-balayage\\\/\"]}]},{\"@type\":\"ImageObject\",\"inLanguage\":\"fr-FR\",\"@id\":\"https:\\\/\\\/www.perfectvanwamel.com\\\/fr\\\/secteurs\\\/fruitteelt-wijnbouw\\\/andainage-balayage\\\/#primaryimage\",\"url\":\"https:\\\/\\\/www.perfectvanwamel.com\\\/wp-content\\\/uploads\\\/2026\\\/03\\\/strokenpoetsen-1.jpg\",\"contentUrl\":\"https:\\\/\\\/www.perfectvanwamel.com\\\/wp-content\\\/uploads\\\/2026\\\/03\\\/strokenpoetsen-1.jpg\",\"width\":1728,\"height\":1728},{\"@type\":\"BreadcrumbList\",\"@id\":\"https:\\\/\\\/www.perfectvanwamel.com\\\/fr\\\/secteurs\\\/fruitteelt-wijnbouw\\\/andainage-balayage\\\/#breadcrumb\",\"itemListElement\":[{\"@type\":\"ListItem\",\"position\":1,\"name\":\"Home\",\"item\":\"https:\\\/\\\/staging.perfectvanwamel.com\\\/fr\\\/\"},{\"@type\":\"ListItem\",\"position\":2,\"name\":\"Secteurs\",\"item\":\"https:\\\/\\\/staging.perfectvanwamel.com\\\/fr\\\/secteurs\\\/\"},{\"@type\":\"ListItem\",\"position\":3,\"name\":\"Arboriculture &#038; Viticulture\",\"item\":\"https:\\\/\\\/staging.perfectvanwamel.com\\\/fr\\\/secteurs\\\/fruitteelt-wijnbouw\\\/\"},{\"@type\":\"ListItem\",\"position\":4,\"name\":\"Andainage &#8211; balayage\"}]},{\"@type\":\"WebSite\",\"@id\":\"https:\\\/\\\/www.perfectvanwamel.com\\\/fr\\\/#website\",\"url\":\"https:\\\/\\\/www.perfectvanwamel.com\\\/fr\\\/\",\"name\":\"PERFECT - Van Wamel\",\"description\":\"\",\"potentialAction\":[{\"@type\":\"SearchAction\",\"target\":{\"@type\":\"EntryPoint\",\"urlTemplate\":\"https:\\\/\\\/www.perfectvanwamel.com\\\/fr\\\/?s={search_term_string}\"},\"query-input\":{\"@type\":\"PropertyValueSpecification\",\"valueRequired\":true,\"valueName\":\"search_term_string\"}}],\"inLanguage\":\"fr-FR\"}]}<\/script>\n<!-- \/ Yoast SEO plugin. -->","yoast_head_json":{"title":"Andainage - balayage - PERFECT - Van Wamel","robots":{"index":"index","follow":"follow","max-snippet":"max-snippet:-1","max-image-preview":"max-image-preview:large","max-video-preview":"max-video-preview:-1"},"canonical":"https:\/\/www.perfectvanwamel.com\/fr\/secteurs\/fruitteelt-wijnbouw\/andainage-balayage\/","og_locale":"fr_FR","og_type":"article","og_title":"Andainage - balayage - PERFECT - Van Wamel","og_url":"https:\/\/www.perfectvanwamel.com\/fr\/secteurs\/fruitteelt-wijnbouw\/andainage-balayage\/","og_site_name":"PERFECT - Van Wamel","article_modified_time":"2026-03-17T10:12:41+00:00","og_image":[{"width":2269,"height":1207,"url":"https:\/\/staging.perfectvanwamel.com\/wp-content\/uploads\/2020\/06\/PERFECT_BRUSH_SWEEPER-3-1.jpg","type":"image\/jpeg"}],"twitter_card":"summary_large_image","twitter_misc":{"Dur\u00e9e de lecture estim\u00e9e":"1 minute"},"schema":{"@context":"https:\/\/schema.org","@graph":[{"@type":"WebPage","@id":"https:\/\/www.perfectvanwamel.com\/fr\/secteurs\/fruitteelt-wijnbouw\/andainage-balayage\/","url":"https:\/\/www.perfectvanwamel.com\/fr\/secteurs\/fruitteelt-wijnbouw\/andainage-balayage\/","name":"Andainage - balayage - PERFECT - Van Wamel","isPartOf":{"@id":"https:\/\/www.perfectvanwamel.com\/fr\/#website"},"primaryImageOfPage":{"@id":"https:\/\/www.perfectvanwamel.com\/fr\/secteurs\/fruitteelt-wijnbouw\/andainage-balayage\/#primaryimage"},"image":{"@id":"https:\/\/www.perfectvanwamel.com\/fr\/secteurs\/fruitteelt-wijnbouw\/andainage-balayage\/#primaryimage"},"thumbnailUrl":"https:\/\/www.perfectvanwamel.com\/wp-content\/uploads\/2026\/03\/strokenpoetsen-1.jpg","datePublished":"2020-09-23T11:26:17+00:00","dateModified":"2026-03-17T10:12:41+00:00","breadcrumb":{"@id":"https:\/\/www.perfectvanwamel.com\/fr\/secteurs\/fruitteelt-wijnbouw\/andainage-balayage\/#breadcrumb"},"inLanguage":"fr-FR","potentialAction":[{"@type":"ReadAction","target":["https:\/\/www.perfectvanwamel.com\/fr\/secteurs\/fruitteelt-wijnbouw\/andainage-balayage\/"]}]},{"@type":"ImageObject","inLanguage":"fr-FR","@id":"https:\/\/www.perfectvanwamel.com\/fr\/secteurs\/fruitteelt-wijnbouw\/andainage-balayage\/#primaryimage","url":"https:\/\/www.perfectvanwamel.com\/wp-content\/uploads\/2026\/03\/strokenpoetsen-1.jpg","contentUrl":"https:\/\/www.perfectvanwamel.com\/wp-content\/uploads\/2026\/03\/strokenpoetsen-1.jpg","width":1728,"height":1728},{"@type":"BreadcrumbList","@id":"https:\/\/www.perfectvanwamel.com\/fr\/secteurs\/fruitteelt-wijnbouw\/andainage-balayage\/#breadcrumb","itemListElement":[{"@type":"ListItem","position":1,"name":"Home","item":"https:\/\/staging.perfectvanwamel.com\/fr\/"},{"@type":"ListItem","position":2,"name":"Secteurs","item":"https:\/\/staging.perfectvanwamel.com\/fr\/secteurs\/"},{"@type":"ListItem","position":3,"name":"Arboriculture &#038; Viticulture","item":"https:\/\/staging.perfectvanwamel.com\/fr\/secteurs\/fruitteelt-wijnbouw\/"},{"@type":"ListItem","position":4,"name":"Andainage &#8211; balayage"}]},{"@type":"WebSite","@id":"https:\/\/www.perfectvanwamel.com\/fr\/#website","url":"https:\/\/www.perfectvanwamel.com\/fr\/","name":"PERFECT - Van Wamel","description":"","potentialAction":[{"@type":"SearchAction","target":{"@type":"EntryPoint","urlTemplate":"https:\/\/www.perfectvanwamel.com\/fr\/?s={search_term_string}"},"query-input":{"@type":"PropertyValueSpecification","valueRequired":true,"valueName":"search_term_string"}}],"inLanguage":"fr-FR"}]}},"_links":{"self":[{"href":"https:\/\/www.perfectvanwamel.com\/fr\/wp-json\/wp\/v2\/pages\/5909","targetHints":{"allow":["GET"]}}],"collection":[{"href":"https:\/\/www.perfectvanwamel.com\/fr\/wp-json\/wp\/v2\/pages"}],"about":[{"href":"https:\/\/www.perfectvanwamel.com\/fr\/wp-json\/wp\/v2\/types\/page"}],"author":[{"embeddable":true,"href":"https:\/\/www.perfectvanwamel.com\/fr\/wp-json\/wp\/v2\/users\/1"}],"replies":[{"embeddable":true,"href":"https:\/\/www.perfectvanwamel.com\/fr\/wp-json\/wp\/v2\/comments?post=5909"}],"version-history":[{"count":6,"href":"https:\/\/www.perfectvanwamel.com\/fr\/wp-json\/wp\/v2\/pages\/5909\/revisions"}],"predecessor-version":[{"id":28755,"href":"https:\/\/www.perfectvanwamel.com\/fr\/wp-json\/wp\/v2\/pages\/5909\/revisions\/28755"}],"up":[{"embeddable":true,"href":"https:\/\/www.perfectvanwamel.com\/fr\/wp-json\/wp\/v2\/pages\/5713"}],"wp:featuredmedia":[{"embeddable":true,"href":"https:\/\/www.perfectvanwamel.com\/fr\/wp-json\/wp\/v2\/media\/28864"}],"wp:attachment":[{"href":"https:\/\/www.perfectvanwamel.com\/fr\/wp-json\/wp\/v2\/media?parent=5909"}],"curies":[{"name":"wp","href":"https:\/\/api.w.org\/{rel}","templated":true}]}}