{"id":5913,"date":"2020-09-23T14:02:59","date_gmt":"2020-09-23T12:02:59","guid":{"rendered":"https:\/\/www.perfectvanwamel.com\/espaces-verts\/tonte-de-parcs-etc\/"},"modified":"2026-03-17T11:25:43","modified_gmt":"2026-03-17T10:25:43","slug":"tonte-de-parcs-etc","status":"publish","type":"page","link":"https:\/\/www.perfectvanwamel.com\/fr\/secteurs\/espaces-verts\/tonte-de-parcs-etc\/","title":{"rendered":"Tonte de parcs etc."},"content":{"rendered":"<section class=\"l-section wpb_row height_small\"><div class=\"l-section-h i-cf\"><div class=\"g-cols vc_row type_default valign_top reversed\"><div class=\"vc_col-sm-12 wpb_column vc_column_container\"><div class=\"vc_column-inner\"><div class=\"wpb_wrapper\">[vc_custom_heading text=&#8221;Tonte de parcs etc.&#8221; font_container=&#8221;tag:h1|text_align:left&#8221; use_theme_fonts=&#8221;yes&#8221;]<div class=\"w-image align_none\"><div class=\"w-image-h\"><img decoding=\"async\" width=\"1600\" height=\"620\" src=\"https:\/\/www.perfectvanwamel.com\/wp-content\/uploads\/2026\/03\/Maaien-van-parken-1.jpg\" class=\"attachment-us_1600_620_crop size-us_1600_620_crop\" alt=\"\" srcset=\"https:\/\/www.perfectvanwamel.com\/wp-content\/uploads\/2026\/03\/Maaien-van-parken-1.jpg 1600w, https:\/\/www.perfectvanwamel.com\/wp-content\/uploads\/2026\/03\/Maaien-van-parken-1-300x116.jpg 300w, https:\/\/www.perfectvanwamel.com\/wp-content\/uploads\/2026\/03\/Maaien-van-parken-1-1024x397.jpg 1024w, https:\/\/www.perfectvanwamel.com\/wp-content\/uploads\/2026\/03\/Maaien-van-parken-1-600x233.jpg 600w\" sizes=\"(max-width: 1600px) 100vw, 1600px\" \/><\/div><\/div><div class=\"w-separator size_medium\"><\/div><div class=\"g-cols wpb_row  type_default valign_top vc_inner\"><div class=\"vc_col-sm-12 wpb_column vc_column_container\"><div class=\"vc_column-inner\"><div class=\"wpb_wrapper\"><div class=\"wpb_text_column\" ><div class=\"wpb_wrapper\"><p>Pour tondre les pelouses dans les parcs, campings et terrains de sport, PERFECT \u2013 Van Wamel propose un assortiment bien pens\u00e9 qui comprend \u00e0 la fois des rotobroyeurs et des faucheuses rotatives.<\/p>\n<h2>Rotobroyeurs et faucheuses rotatives<\/h2>\n<p>Gr\u00e2ce \u00e0 la construction renforc\u00e9e des faucheuses rotatives et des rotobroyeurs, PERFECT constitue un investissement r\u00e9fl\u00e9chi dans un produit de qualit\u00e9 dont la dur\u00e9e de vie est plus longue, les frais d\u2019amortissement plus faibles et demandant moins d\u2019entretien.<\/p>\n<p>Les marteaux de 0,9 kg des rotobroyeurs PERFECT garantissent un broyage parfait et un fauchage d\u2019aspect tr\u00e8s homog\u00e8ne.<\/p>\n<\/div><\/div><\/div><\/div><\/div><\/div><\/div><\/div><\/div><\/div><\/div><\/section><section class=\"l-section wpb_row height_small\"><div class=\"l-section-h i-cf\"><div class=\"g-cols vc_row type_default valign_top\"><div class=\"vc_col-sm-12 wpb_column vc_column_container\"><div class=\"vc_column-inner\"><div class=\"wpb_wrapper\"><div class=\"w-grid type_carousel layout_3514\" id=\"us_grid_1\"><style id=\"us_grid_1_css\">#us_grid_1 .w-grid-item{padding:1.5rem}#us_grid_1 .w-grid-list{margin:-1.5rem}.w-grid + #us_grid_1 .w-grid-list{margin-top:1.5rem}<\/style><style>.layout_3514 .w-grid-item-h{}.layout_3514 .usg_post_title_1{margin-top:0.8rem!important;margin-bottom:0.2rem!important;font-family:'Interstate', sans-serif!important;font-size:1rem!important}<\/style><div class=\"w-grid-list owl-carousel navstyle_circle navpos_outside\"><article class=\"w-grid-item post-6505 product type-product status-publish has-post-thumbnail product_cat-broyeurs-daccotement pa_aftakas-opm-540-fr pa_denkende-schijf-nee-fr pa_gewicht-kg-735-fr pa_gewicht-kg-780-fr pa_gewicht-kg-840-fr pa_gewicht-kg-900-fr pa_hefinrichting-tractor-cat-ii-fr pa_max-verstrek-midden-cm-225-fr pa_max-verstrek-midden-cm-255-fr pa_max-verstrek-midden-cm-285-fr pa_max-verstrek-midden-cm-315-fr pa_max-verstrek-midden-cm-345-fr pa_min-benodigd-vermogen-kw-pk-37-50-fr-2 pa_min-benodigd-vermogen-kw-pk-44-60-fr-2 pa_min-benodigd-vermogen-kw-pk-51-70-fr pa_min-benodigd-vermogen-kw-pk-59-80-fr pa_transportbreedte-cm-140-fr pa_werkbreedte-cm-150-fr pa_werkbreedte-cm-180-fr pa_werkbreedte-cm-210-fr pa_werkbreedte-cm-240-fr first instock shipping-taxable product-type-simple\" data-id=\"6505\">\r\n\t<div class=\"w-grid-item-h\">\r\n\t\t\t\t<div class=\"w-vwrapper usg_vwrapper_1 align_left valign_top \"><div class=\"w-post-elm post_image usg_post_image_1 stretched\"><a href=\"https:\/\/www.perfectvanwamel.com\/fr\/produit\/multibroyeur-daccotement-serie-zw\/\" aria-label=\"Multibroyeur d\u2019accotement, s\u00e9rie ZW PLUS\"><img decoding=\"async\" width=\"300\" height=\"225\" src=\"https:\/\/www.perfectvanwamel.com\/wp-content\/uploads\/2020\/04\/ZW-PLUS-vrijstaand-300x225.jpg\" class=\"attachment-us_300_225_crop size-us_300_225_crop wp-post-image\" alt=\"\" srcset=\"https:\/\/www.perfectvanwamel.com\/wp-content\/uploads\/2020\/04\/ZW-PLUS-vrijstaand-300x225.jpg 300w, https:\/\/www.perfectvanwamel.com\/wp-content\/uploads\/2020\/04\/ZW-PLUS-vrijstaand-1024x768.jpg 1024w, https:\/\/www.perfectvanwamel.com\/wp-content\/uploads\/2020\/04\/ZW-PLUS-vrijstaand-600x450.jpg 600w, https:\/\/www.perfectvanwamel.com\/wp-content\/uploads\/2020\/04\/ZW-PLUS-vrijstaand.jpg 2000w\" sizes=\"(max-width: 300px) 100vw, 300px\" \/><\/a><\/div><h2 class=\"w-post-elm post_title usg_post_title_1 woocommerce-loop-product__title color_link_inherit\"><a href=\"https:\/\/www.perfectvanwamel.com\/fr\/produit\/multibroyeur-daccotement-serie-zw\/\">Multibroyeur d\u2019accotement, s\u00e9rie ZW PLUS<\/a><\/h2><\/div>\t<\/div>\r\n<\/article>\r\n<article class=\"w-grid-item post-6477 product type-product status-publish has-post-thumbnail product_cat-rotobroyeurs pa_aftakas-opm-540-fr pa_denkende-schijf-nee-fr pa_gewicht-kg-1020-fr pa_gewicht-kg-930-fr pa_gewicht-kg-975-fr pa_hefinrichting-tractor-cat-ii-fr pa_max-verstrek-midden-cm-135-fr pa_max-verstrek-midden-cm-160-fr pa_max-verstrek-midden-cm-190-fr pa_min-benodigd-vermogen-kw-pk-33-45-fr pa_min-benodigd-vermogen-kw-pk-40-45-fr pa_min-benodigd-vermogen-kw-pk-48-65-fr pa_totale-breedte-cm-261-fr pa_totale-breedte-cm-286-fr pa_totale-breedte-cm-316-fr pa_werkbreedte-cm-245-fr pa_werkbreedte-cm-270-fr pa_werkbreedte-cm-300-fr  instock shipping-taxable product-type-simple\" data-id=\"6477\">\r\n\t<div class=\"w-grid-item-h\">\r\n\t\t\t\t<div class=\"w-vwrapper usg_vwrapper_1 align_left valign_top \"><div class=\"w-post-elm post_image usg_post_image_1 stretched\"><a href=\"https:\/\/www.perfectvanwamel.com\/fr\/produit\/rotobroyeur-serie-kr\/\" aria-label=\"Rotobroyeur pour montage \u00e0 l\u2019avant ou \u00e0 l\u2019arri\u00e8re du tracteur, s\u00e9rie KR\"><img decoding=\"async\" width=\"300\" height=\"225\" src=\"https:\/\/www.perfectvanwamel.com\/wp-content\/uploads\/2020\/04\/KR-vrijstaand-300x225.png\" class=\"attachment-us_300_225_crop size-us_300_225_crop wp-post-image\" alt=\"KR vrijstaand\" \/><\/a><\/div><h2 class=\"w-post-elm post_title usg_post_title_1 woocommerce-loop-product__title color_link_inherit\"><a href=\"https:\/\/www.perfectvanwamel.com\/fr\/produit\/rotobroyeur-serie-kr\/\">Rotobroyeur pour montage \u00e0 l\u2019avant ou \u00e0 l\u2019arri\u00e8re du tracteur, s\u00e9rie KR<\/a><\/h2><\/div>\t<\/div>\r\n<\/article>\r\n<article class=\"w-grid-item post-6476 product type-product status-publish has-post-thumbnail product_cat-rotobroyeurs pa_aftakas-opm-540-fr pa_denkende-schijf-nee-fr pa_gewicht-kg-830-fr pa_gewicht-kg-875-fr pa_gewicht-kg-920-fr pa_hefinrichting-tractor-cat-ii-fr pa_max-verstrek-midden-cm-135-fr pa_max-verstrek-midden-cm-160-fr pa_max-verstrek-midden-cm-190-fr pa_min-benodigd-vermogen-kw-pk-33-45-fr pa_min-benodigd-vermogen-kw-pk-40-55-fr pa_min-benodigd-vermogen-kw-pk-48-65-fr pa_totale-breedte-cm-261-fr pa_totale-breedte-cm-286-fr pa_totale-breedte-cm-316-fr pa_werkbreedte-cm-245-fr pa_werkbreedte-cm-270-fr pa_werkbreedte-cm-300-fr last instock shipping-taxable product-type-simple\" data-id=\"6476\">\r\n\t<div class=\"w-grid-item-h\">\r\n\t\t\t\t<div class=\"w-vwrapper usg_vwrapper_1 align_left valign_top \"><div class=\"w-post-elm post_image usg_post_image_1 stretched\"><a href=\"https:\/\/www.perfectvanwamel.com\/fr\/produit\/rotobroyeur-pour-montage-a-larriere-serie-kw\/\" aria-label=\"Rotobroyeur pour montage \u00e0 l\u2019arri\u00e8re, s\u00e9rie KW\"><img decoding=\"async\" width=\"300\" height=\"225\" src=\"https:\/\/www.perfectvanwamel.com\/wp-content\/uploads\/2020\/04\/KW-vrijstaand-300x225.png\" class=\"attachment-us_300_225_crop size-us_300_225_crop wp-post-image\" alt=\"\" \/><\/a><\/div><h2 class=\"w-post-elm post_title usg_post_title_1 woocommerce-loop-product__title color_link_inherit\"><a href=\"https:\/\/www.perfectvanwamel.com\/fr\/produit\/rotobroyeur-pour-montage-a-larriere-serie-kw\/\">Rotobroyeur pour montage \u00e0 l\u2019arri\u00e8re, s\u00e9rie KW<\/a><\/h2><\/div>\t<\/div>\r\n<\/article>\r\n<article class=\"w-grid-item post-6475 product type-product status-publish has-post-thumbnail product_cat-rotobroyeurs pa_aftakas-opm-540-fr pa_denkende-schijf-nee-fr pa_hefinrichting-tractor-cat-i-ii-fr pa_max-verstrek-midden-cm-110-fr pa_max-verstrek-midden-cm-140-fr pa_max-verstrek-midden-cm-154-fr pa_max-verstrek-midden-cm-80-fr first instock shipping-taxable product-type-simple\" data-id=\"6475\">\r\n\t<div class=\"w-grid-item-h\">\r\n\t\t\t\t<div class=\"w-vwrapper usg_vwrapper_1 align_left valign_top \"><div class=\"w-post-elm post_image usg_post_image_1 stretched\"><a href=\"https:\/\/www.perfectvanwamel.com\/fr\/produit\/rotobroyeur-compact-serie-kp\/\" aria-label=\"Rotobroyeur compact, s\u00e9rie KP\"><img decoding=\"async\" width=\"300\" height=\"225\" src=\"https:\/\/www.perfectvanwamel.com\/wp-content\/uploads\/2020\/04\/KP-vrijstaand1-300x225.png\" class=\"attachment-us_300_225_crop size-us_300_225_crop wp-post-image\" alt=\"\" \/><\/a><\/div><h2 class=\"w-post-elm post_title usg_post_title_1 woocommerce-loop-product__title color_link_inherit\"><a href=\"https:\/\/www.perfectvanwamel.com\/fr\/produit\/rotobroyeur-compact-serie-kp\/\">Rotobroyeur compact, s\u00e9rie KP<\/a><\/h2><\/div>\t<\/div>\r\n<\/article>\r\n<article class=\"w-grid-item post-6474 product type-product status-publish has-post-thumbnail product_cat-rotobroyeurs pa_aftakas-opm-540-fr pa_denkende-schijf-nee-fr pa_gewicht-kg-305-fr pa_gewicht-kg-325-fr pa_gewicht-kg-350-fr pa_gewicht-kg-460-fr pa_hefinrichting-tractor-cat-i-ii-fr pa_min-benodigd-vermogen-kw-pk-15-20-fr pa_min-benodigd-vermogen-kw-pk-17-23-fr pa_min-benodigd-vermogen-kw-pk-20-27-fr pa_min-benodigd-vermogen-kw-pk-24-32-fr-2 pa_transportbreedte-cm-305-fr pa_transportbreedte-cm-325-fr pa_transportbreedte-cm-350-fr pa_transportbreedte-cm-460-fr pa_werkbreedte-cm-120-fr pa_werkbreedte-cm-150-fr pa_werkbreedte-cm-180-fr pa_werkbreedte-cm-210-fr  instock shipping-taxable product-type-simple\" data-id=\"6474\">\r\n\t<div class=\"w-grid-item-h\">\r\n\t\t\t\t<div class=\"w-vwrapper usg_vwrapper_1 align_left valign_top \"><div class=\"w-post-elm post_image usg_post_image_1 stretched\"><a href=\"https:\/\/www.perfectvanwamel.com\/fr\/produit\/broyeur-a-marteaux-serie-kj\/\" aria-label=\"Broyeur \u00e0 marteaux de base, s\u00e9rie KJ\"><img decoding=\"async\" width=\"300\" height=\"225\" src=\"https:\/\/www.perfectvanwamel.com\/wp-content\/uploads\/2020\/04\/KJ-Hydro-300x225.jpg\" class=\"attachment-us_300_225_crop size-us_300_225_crop wp-post-image\" alt=\"\" \/><\/a><\/div><h2 class=\"w-post-elm post_title usg_post_title_1 woocommerce-loop-product__title color_link_inherit\"><a href=\"https:\/\/www.perfectvanwamel.com\/fr\/produit\/broyeur-a-marteaux-serie-kj\/\">Broyeur \u00e0 marteaux de base, s\u00e9rie KJ<\/a><\/h2><\/div>\t<\/div>\r\n<\/article>\r\n<\/div>\t<div class=\"g-preloader type_1\">\r\n\t\t<div><\/div>\r\n\t<\/div>\r\n\t\t<div class=\"w-grid-json hidden\" onclick='return {&quot;ajax_url&quot;:&quot;https:\\\/\\\/www.perfectvanwamel.com\\\/wp-admin\\\/admin-ajax.php&quot;,&quot;permalink_url&quot;:&quot;https:\\\/\\\/www.perfectvanwamel.com\\\/fr\\\/produit\\\/broyeur-a-marteaux-serie-kj\\\/&quot;,&quot;action&quot;:&quot;us_ajax_grid&quot;,&quot;max_num_pages&quot;:1,&quot;infinite_scroll&quot;:0,&quot;template_vars&quot;:{&quot;query_args&quot;:{&quot;ignore_sticky_posts&quot;:1,&quot;post_type&quot;:&quot;any&quot;,&quot;post__in&quot;:[&quot;1833&quot;,&quot;1860&quot;,&quot;1893&quot;,&quot;1923&quot;,&quot;2048&quot;],&quot;orderby&quot;:{&quot;date&quot;:&quot;DESC&quot;},&quot;posts_per_page&quot;:&quot;10&quot;},&quot;post_id&quot;:5913,&quot;us_grid_index&quot;:1,&quot;us_grid_ajax_index&quot;:null,&quot;exclude_items&quot;:&quot;none&quot;,&quot;items_offset&quot;:&quot;1&quot;,&quot;items_layout&quot;:&quot;3514&quot;,&quot;type&quot;:&quot;carousel&quot;,&quot;columns&quot;:&quot;3&quot;,&quot;img_size&quot;:&quot;us_300_225_crop&quot;,&quot;overriding_link&quot;:&quot;none&quot;,&quot;lang&quot;:&quot;fr&quot;},&quot;carousel_settings&quot;:{&quot;items&quot;:&quot;3&quot;,&quot;nav&quot;:1,&quot;navNext&quot;:&quot;&quot;,&quot;navPrev&quot;:&quot;&quot;,&quot;dots&quot;:0,&quot;center&quot;:0,&quot;autoplay&quot;:0,&quot;smooth_play&quot;:0,&quot;timeout&quot;:3000,&quot;speed&quot;:250,&quot;transition&quot;:&quot;&quot;,&quot;autoHeight&quot;:0,&quot;slideby&quot;:&quot;1&quot;},&quot;carousel_breakpoints&quot;:{&quot;1200&quot;:{&quot;items&quot;:3},&quot;900&quot;:{&quot;items&quot;:3,&quot;autoplay&quot;:1,&quot;autoplayHoverPause&quot;:1,&quot;autoHeight&quot;:0},&quot;600&quot;:{&quot;items&quot;:2,&quot;autoplay&quot;:1,&quot;autoplayHoverPause&quot;:1,&quot;autoHeight&quot;:0},&quot;0&quot;:{&quot;items&quot;:1,&quot;autoplay&quot;:1,&quot;autoplayHoverPause&quot;:1,&quot;autoHeight&quot;:0}}}'><\/div>\r\n<\/div><\/div><\/div><\/div><\/div><\/div><\/section>\n","protected":false},"excerpt":{"rendered":"Le KJ est un broyeur \u00e0 marteaux de construction simple mais dot\u00e9 de toutes les qualit\u00e9s d\u2019une machine PERFECT. Le KJ suit parfaitement les contours du terrain et est id\u00e9al pour utilisation sur de petits tracteurs. Cela en fait une machine id\u00e9ale pour les agriculteurs amateurs ou par exemple pour les campings. Le broyeur \u00e0...","protected":false},"author":1,"featured_media":28587,"parent":5911,"menu_order":0,"comment_status":"closed","ping_status":"closed","template":"","meta":{"_acf_changed":false,"footnotes":""},"class_list":["post-5913","page","type-page","status-publish","has-post-thumbnail","hentry"],"acf":[],"yoast_head":"<!-- This site is optimized with the Yoast SEO plugin v27.4 - https:\/\/yoast.com\/product\/yoast-seo-wordpress\/ -->\n<title>Tonte de parcs etc. - PERFECT - Van Wamel<\/title>\n<meta name=\"robots\" content=\"index, follow, max-snippet:-1, max-image-preview:large, max-video-preview:-1\" \/>\n<link rel=\"canonical\" href=\"https:\/\/www.perfectvanwamel.com\/fr\/secteurs\/espaces-verts\/tonte-de-parcs-etc\/\" \/>\n<meta property=\"og:locale\" content=\"fr_FR\" \/>\n<meta property=\"og:type\" content=\"article\" \/>\n<meta property=\"og:title\" content=\"Tonte de parcs etc. - PERFECT - Van Wamel\" \/>\n<meta property=\"og:url\" content=\"https:\/\/www.perfectvanwamel.com\/fr\/secteurs\/espaces-verts\/tonte-de-parcs-etc\/\" \/>\n<meta property=\"og:site_name\" content=\"PERFECT - Van Wamel\" \/>\n<meta property=\"article:modified_time\" content=\"2026-03-17T10:25:43+00:00\" \/>\n<meta property=\"og:image\" content=\"https:\/\/staging.perfectvanwamel.com\/wp-content\/uploads\/2026\/03\/maaien-van-parken-1024x1024.jpg\" \/>\n\t<meta property=\"og:image:width\" content=\"1024\" \/>\n\t<meta property=\"og:image:height\" content=\"1024\" \/>\n\t<meta property=\"og:image:type\" content=\"image\/jpeg\" \/>\n<meta name=\"twitter:card\" content=\"summary_large_image\" \/>\n<meta name=\"twitter:label1\" content=\"Dur\u00e9e de lecture estim\u00e9e\" \/>\n\t<meta name=\"twitter:data1\" content=\"2 minutes\" \/>\n<script type=\"application\/ld+json\" class=\"yoast-schema-graph\">{\"@context\":\"https:\\\/\\\/schema.org\",\"@graph\":[{\"@type\":\"WebPage\",\"@id\":\"https:\\\/\\\/www.perfectvanwamel.com\\\/fr\\\/secteurs\\\/espaces-verts\\\/tonte-de-parcs-etc\\\/\",\"url\":\"https:\\\/\\\/www.perfectvanwamel.com\\\/fr\\\/secteurs\\\/espaces-verts\\\/tonte-de-parcs-etc\\\/\",\"name\":\"Tonte de parcs etc. - PERFECT - Van Wamel\",\"isPartOf\":{\"@id\":\"https:\\\/\\\/www.perfectvanwamel.com\\\/fr\\\/#website\"},\"primaryImageOfPage\":{\"@id\":\"https:\\\/\\\/www.perfectvanwamel.com\\\/fr\\\/secteurs\\\/espaces-verts\\\/tonte-de-parcs-etc\\\/#primaryimage\"},\"image\":{\"@id\":\"https:\\\/\\\/www.perfectvanwamel.com\\\/fr\\\/secteurs\\\/espaces-verts\\\/tonte-de-parcs-etc\\\/#primaryimage\"},\"thumbnailUrl\":\"https:\\\/\\\/www.perfectvanwamel.com\\\/wp-content\\\/uploads\\\/2026\\\/03\\\/maaien-van-parken.jpg\",\"datePublished\":\"2020-09-23T12:02:59+00:00\",\"dateModified\":\"2026-03-17T10:25:43+00:00\",\"breadcrumb\":{\"@id\":\"https:\\\/\\\/www.perfectvanwamel.com\\\/fr\\\/secteurs\\\/espaces-verts\\\/tonte-de-parcs-etc\\\/#breadcrumb\"},\"inLanguage\":\"fr-FR\",\"potentialAction\":[{\"@type\":\"ReadAction\",\"target\":[\"https:\\\/\\\/www.perfectvanwamel.com\\\/fr\\\/secteurs\\\/espaces-verts\\\/tonte-de-parcs-etc\\\/\"]}]},{\"@type\":\"ImageObject\",\"inLanguage\":\"fr-FR\",\"@id\":\"https:\\\/\\\/www.perfectvanwamel.com\\\/fr\\\/secteurs\\\/espaces-verts\\\/tonte-de-parcs-etc\\\/#primaryimage\",\"url\":\"https:\\\/\\\/www.perfectvanwamel.com\\\/wp-content\\\/uploads\\\/2026\\\/03\\\/maaien-van-parken.jpg\",\"contentUrl\":\"https:\\\/\\\/www.perfectvanwamel.com\\\/wp-content\\\/uploads\\\/2026\\\/03\\\/maaien-van-parken.jpg\",\"width\":1728,\"height\":1728},{\"@type\":\"BreadcrumbList\",\"@id\":\"https:\\\/\\\/www.perfectvanwamel.com\\\/fr\\\/secteurs\\\/espaces-verts\\\/tonte-de-parcs-etc\\\/#breadcrumb\",\"itemListElement\":[{\"@type\":\"ListItem\",\"position\":1,\"name\":\"Home\",\"item\":\"https:\\\/\\\/staging.perfectvanwamel.com\\\/fr\\\/\"},{\"@type\":\"ListItem\",\"position\":2,\"name\":\"Secteurs\",\"item\":\"https:\\\/\\\/staging.perfectvanwamel.com\\\/fr\\\/secteurs\\\/\"},{\"@type\":\"ListItem\",\"position\":3,\"name\":\"Espaces verts\",\"item\":\"https:\\\/\\\/staging.perfectvanwamel.com\\\/fr\\\/secteurs\\\/espaces-verts\\\/\"},{\"@type\":\"ListItem\",\"position\":4,\"name\":\"Tonte de parcs etc.\"}]},{\"@type\":\"WebSite\",\"@id\":\"https:\\\/\\\/www.perfectvanwamel.com\\\/fr\\\/#website\",\"url\":\"https:\\\/\\\/www.perfectvanwamel.com\\\/fr\\\/\",\"name\":\"PERFECT - Van Wamel\",\"description\":\"\",\"potentialAction\":[{\"@type\":\"SearchAction\",\"target\":{\"@type\":\"EntryPoint\",\"urlTemplate\":\"https:\\\/\\\/www.perfectvanwamel.com\\\/fr\\\/?s={search_term_string}\"},\"query-input\":{\"@type\":\"PropertyValueSpecification\",\"valueRequired\":true,\"valueName\":\"search_term_string\"}}],\"inLanguage\":\"fr-FR\"}]}<\/script>\n<!-- \/ Yoast SEO plugin. -->","yoast_head_json":{"title":"Tonte de parcs etc. - PERFECT - Van Wamel","robots":{"index":"index","follow":"follow","max-snippet":"max-snippet:-1","max-image-preview":"max-image-preview:large","max-video-preview":"max-video-preview:-1"},"canonical":"https:\/\/www.perfectvanwamel.com\/fr\/secteurs\/espaces-verts\/tonte-de-parcs-etc\/","og_locale":"fr_FR","og_type":"article","og_title":"Tonte de parcs etc. - PERFECT - Van Wamel","og_url":"https:\/\/www.perfectvanwamel.com\/fr\/secteurs\/espaces-verts\/tonte-de-parcs-etc\/","og_site_name":"PERFECT - Van Wamel","article_modified_time":"2026-03-17T10:25:43+00:00","og_image":[{"width":1024,"height":1024,"url":"https:\/\/staging.perfectvanwamel.com\/wp-content\/uploads\/2026\/03\/maaien-van-parken-1024x1024.jpg","type":"image\/jpeg"}],"twitter_card":"summary_large_image","twitter_misc":{"Dur\u00e9e de lecture estim\u00e9e":"2 minutes"},"schema":{"@context":"https:\/\/schema.org","@graph":[{"@type":"WebPage","@id":"https:\/\/www.perfectvanwamel.com\/fr\/secteurs\/espaces-verts\/tonte-de-parcs-etc\/","url":"https:\/\/www.perfectvanwamel.com\/fr\/secteurs\/espaces-verts\/tonte-de-parcs-etc\/","name":"Tonte de parcs etc. - PERFECT - Van Wamel","isPartOf":{"@id":"https:\/\/www.perfectvanwamel.com\/fr\/#website"},"primaryImageOfPage":{"@id":"https:\/\/www.perfectvanwamel.com\/fr\/secteurs\/espaces-verts\/tonte-de-parcs-etc\/#primaryimage"},"image":{"@id":"https:\/\/www.perfectvanwamel.com\/fr\/secteurs\/espaces-verts\/tonte-de-parcs-etc\/#primaryimage"},"thumbnailUrl":"https:\/\/www.perfectvanwamel.com\/wp-content\/uploads\/2026\/03\/maaien-van-parken.jpg","datePublished":"2020-09-23T12:02:59+00:00","dateModified":"2026-03-17T10:25:43+00:00","breadcrumb":{"@id":"https:\/\/www.perfectvanwamel.com\/fr\/secteurs\/espaces-verts\/tonte-de-parcs-etc\/#breadcrumb"},"inLanguage":"fr-FR","potentialAction":[{"@type":"ReadAction","target":["https:\/\/www.perfectvanwamel.com\/fr\/secteurs\/espaces-verts\/tonte-de-parcs-etc\/"]}]},{"@type":"ImageObject","inLanguage":"fr-FR","@id":"https:\/\/www.perfectvanwamel.com\/fr\/secteurs\/espaces-verts\/tonte-de-parcs-etc\/#primaryimage","url":"https:\/\/www.perfectvanwamel.com\/wp-content\/uploads\/2026\/03\/maaien-van-parken.jpg","contentUrl":"https:\/\/www.perfectvanwamel.com\/wp-content\/uploads\/2026\/03\/maaien-van-parken.jpg","width":1728,"height":1728},{"@type":"BreadcrumbList","@id":"https:\/\/www.perfectvanwamel.com\/fr\/secteurs\/espaces-verts\/tonte-de-parcs-etc\/#breadcrumb","itemListElement":[{"@type":"ListItem","position":1,"name":"Home","item":"https:\/\/staging.perfectvanwamel.com\/fr\/"},{"@type":"ListItem","position":2,"name":"Secteurs","item":"https:\/\/staging.perfectvanwamel.com\/fr\/secteurs\/"},{"@type":"ListItem","position":3,"name":"Espaces verts","item":"https:\/\/staging.perfectvanwamel.com\/fr\/secteurs\/espaces-verts\/"},{"@type":"ListItem","position":4,"name":"Tonte de parcs etc."}]},{"@type":"WebSite","@id":"https:\/\/www.perfectvanwamel.com\/fr\/#website","url":"https:\/\/www.perfectvanwamel.com\/fr\/","name":"PERFECT - Van Wamel","description":"","potentialAction":[{"@type":"SearchAction","target":{"@type":"EntryPoint","urlTemplate":"https:\/\/www.perfectvanwamel.com\/fr\/?s={search_term_string}"},"query-input":{"@type":"PropertyValueSpecification","valueRequired":true,"valueName":"search_term_string"}}],"inLanguage":"fr-FR"}]}},"_links":{"self":[{"href":"https:\/\/www.perfectvanwamel.com\/fr\/wp-json\/wp\/v2\/pages\/5913","targetHints":{"allow":["GET"]}}],"collection":[{"href":"https:\/\/www.perfectvanwamel.com\/fr\/wp-json\/wp\/v2\/pages"}],"about":[{"href":"https:\/\/www.perfectvanwamel.com\/fr\/wp-json\/wp\/v2\/types\/page"}],"author":[{"embeddable":true,"href":"https:\/\/www.perfectvanwamel.com\/fr\/wp-json\/wp\/v2\/users\/1"}],"replies":[{"embeddable":true,"href":"https:\/\/www.perfectvanwamel.com\/fr\/wp-json\/wp\/v2\/comments?post=5913"}],"version-history":[{"count":5,"href":"https:\/\/www.perfectvanwamel.com\/fr\/wp-json\/wp\/v2\/pages\/5913\/revisions"}],"predecessor-version":[{"id":28763,"href":"https:\/\/www.perfectvanwamel.com\/fr\/wp-json\/wp\/v2\/pages\/5913\/revisions\/28763"}],"up":[{"embeddable":true,"href":"https:\/\/www.perfectvanwamel.com\/fr\/wp-json\/wp\/v2\/pages\/5911"}],"wp:featuredmedia":[{"embeddable":true,"href":"https:\/\/www.perfectvanwamel.com\/fr\/wp-json\/wp\/v2\/media\/28587"}],"wp:attachment":[{"href":"https:\/\/www.perfectvanwamel.com\/fr\/wp-json\/wp\/v2\/media?parent=5913"}],"curies":[{"name":"wp","href":"https:\/\/api.w.org\/{rel}","templated":true}]}}