{"id":5915,"date":"2020-09-23T14:31:43","date_gmt":"2020-09-23T12:31:43","guid":{"rendered":"https:\/\/www.perfectvanwamel.com\/espaces-verts\/broyage-accotements-et-bords-de-parcelles\/"},"modified":"2026-03-17T11:29:28","modified_gmt":"2026-03-17T10:29:28","slug":"broyage-accotements-et-bords-de-parcelles","status":"publish","type":"page","link":"https:\/\/www.perfectvanwamel.com\/fr\/secteurs\/espaces-verts\/broyage-accotements-et-bords-de-parcelles\/","title":{"rendered":"Broyage accotements et bords de parcelles"},"content":{"rendered":"<section class=\"l-section wpb_row height_small\"><div class=\"l-section-h i-cf\"><div class=\"g-cols vc_row type_default valign_top reversed\"><div class=\"vc_col-sm-12 wpb_column vc_column_container\"><div class=\"vc_column-inner\"><div class=\"wpb_wrapper\">[vc_custom_heading text=&#8221;Broyage accotements et bords de parcelles&#8221; font_container=&#8221;tag:h1|text_align:left&#8221; use_theme_fonts=&#8221;yes&#8221;]<div class=\"w-image align_none\"><div class=\"w-image-h\"><img decoding=\"async\" width=\"1600\" height=\"620\" src=\"https:\/\/www.perfectvanwamel.com\/wp-content\/uploads\/2026\/03\/Maaien-van-wegbermen-en-perceel-randen.jpg\" class=\"attachment-us_1600_620_crop size-us_1600_620_crop\" alt=\"\" srcset=\"https:\/\/www.perfectvanwamel.com\/wp-content\/uploads\/2026\/03\/Maaien-van-wegbermen-en-perceel-randen.jpg 1600w, https:\/\/www.perfectvanwamel.com\/wp-content\/uploads\/2026\/03\/Maaien-van-wegbermen-en-perceel-randen-300x116.jpg 300w, https:\/\/www.perfectvanwamel.com\/wp-content\/uploads\/2026\/03\/Maaien-van-wegbermen-en-perceel-randen-1024x397.jpg 1024w, https:\/\/www.perfectvanwamel.com\/wp-content\/uploads\/2026\/03\/Maaien-van-wegbermen-en-perceel-randen-600x233.jpg 600w\" sizes=\"(max-width: 1600px) 100vw, 1600px\" \/><\/div><\/div><div class=\"w-separator size_medium\"><\/div><div class=\"g-cols wpb_row  type_default valign_top vc_inner\"><div class=\"vc_col-sm-12 wpb_column vc_column_container\"><div class=\"vc_column-inner\"><div class=\"wpb_wrapper\"><div class=\"wpb_text_column\" ><div class=\"wpb_wrapper\"><p>PERFECT \u2013 Van Wamel dispose dans son assortiment de plusieurs broyeurs d\u2019accotement tr\u00e8s robustes mais aussi polyvalents.<\/p>\n<p>Un mod\u00e8le sp\u00e9cifique est disponible tant pour <a href=\"https:\/\/www.perfectvanwamel.com\/fr\/produit\/multibroyeur-daccotement-serie-zw\/\">le fauchage de bords de parcelles<\/a> que pour d\u2019autres activit\u00e9s de fauchage plus g\u00e9n\u00e9rales dans la ferme ainsi que pour <a href=\"https:\/\/www.perfectvanwamel.com\/fr\/produit\/broyeur-daccotement-industriel-serie-zw\/\">l\u2019entretien professionnel d\u2019accotements.<\/a><\/p>\n<p>Les deux mod\u00e8les se distinguent par leur robuste et astucieuse construction. C\u2019est en partie pour cette raison que les rotobroyeurs PERFECT sont utilis\u00e9s depuis tant d\u2019ann\u00e9es et sans pannes notables par tant d\u2019agriculteurs et de professionnels de l\u2019entretien des accotements du monde entier et font partie des champions dans leur cat\u00e9gorie.<\/p>\n<\/div><\/div><\/div><\/div><\/div><\/div><\/div><\/div><\/div><\/div><\/div><\/section><section class=\"l-section wpb_row height_small\"><div class=\"l-section-h i-cf\"><div class=\"g-cols vc_row type_default valign_top\"><div class=\"vc_col-sm-12 wpb_column vc_column_container\"><div class=\"vc_column-inner\"><div class=\"wpb_wrapper\"><div class=\"w-grid type_carousel layout_3514\" id=\"us_grid_1\"><style id=\"us_grid_1_css\">#us_grid_1 .w-grid-item{padding:1.5rem}#us_grid_1 .w-grid-list{margin:-1.5rem}.w-grid + #us_grid_1 .w-grid-list{margin-top:1.5rem}<\/style><style>.layout_3514 .w-grid-item-h{}.layout_3514 .usg_post_title_1{margin-top:0.8rem!important;margin-bottom:0.2rem!important;font-family:'Interstate', sans-serif!important;font-size:1rem!important}<\/style><div class=\"w-grid-list owl-carousel navstyle_circle navpos_outside\"><article class=\"w-grid-item post-6505 product type-product status-publish has-post-thumbnail product_cat-broyeurs-daccotement pa_aftakas-opm-540-fr pa_denkende-schijf-nee-fr pa_gewicht-kg-735-fr pa_gewicht-kg-780-fr pa_gewicht-kg-840-fr pa_gewicht-kg-900-fr pa_hefinrichting-tractor-cat-ii-fr pa_max-verstrek-midden-cm-225-fr pa_max-verstrek-midden-cm-255-fr pa_max-verstrek-midden-cm-285-fr pa_max-verstrek-midden-cm-315-fr pa_max-verstrek-midden-cm-345-fr pa_min-benodigd-vermogen-kw-pk-37-50-fr-2 pa_min-benodigd-vermogen-kw-pk-44-60-fr-2 pa_min-benodigd-vermogen-kw-pk-51-70-fr pa_min-benodigd-vermogen-kw-pk-59-80-fr pa_transportbreedte-cm-140-fr pa_werkbreedte-cm-150-fr pa_werkbreedte-cm-180-fr pa_werkbreedte-cm-210-fr pa_werkbreedte-cm-240-fr first instock shipping-taxable product-type-simple\" data-id=\"6505\">\r\n\t<div class=\"w-grid-item-h\">\r\n\t\t\t\t<div class=\"w-vwrapper usg_vwrapper_1 align_left valign_top \"><div class=\"w-post-elm post_image usg_post_image_1 stretched\"><a href=\"https:\/\/www.perfectvanwamel.com\/fr\/produit\/multibroyeur-daccotement-serie-zw\/\" aria-label=\"Multibroyeur d\u2019accotement, s\u00e9rie ZW PLUS\"><img decoding=\"async\" width=\"300\" height=\"225\" src=\"https:\/\/www.perfectvanwamel.com\/wp-content\/uploads\/2020\/04\/ZW-PLUS-vrijstaand-300x225.jpg\" class=\"attachment-us_300_225_crop size-us_300_225_crop wp-post-image\" alt=\"\" srcset=\"https:\/\/www.perfectvanwamel.com\/wp-content\/uploads\/2020\/04\/ZW-PLUS-vrijstaand-300x225.jpg 300w, https:\/\/www.perfectvanwamel.com\/wp-content\/uploads\/2020\/04\/ZW-PLUS-vrijstaand-1024x768.jpg 1024w, https:\/\/www.perfectvanwamel.com\/wp-content\/uploads\/2020\/04\/ZW-PLUS-vrijstaand-600x450.jpg 600w, https:\/\/www.perfectvanwamel.com\/wp-content\/uploads\/2020\/04\/ZW-PLUS-vrijstaand.jpg 2000w\" sizes=\"(max-width: 300px) 100vw, 300px\" \/><\/a><\/div><h2 class=\"w-post-elm post_title usg_post_title_1 woocommerce-loop-product__title color_link_inherit\"><a href=\"https:\/\/www.perfectvanwamel.com\/fr\/produit\/multibroyeur-daccotement-serie-zw\/\">Multibroyeur d\u2019accotement, s\u00e9rie ZW PLUS<\/a><\/h2><\/div>\t<\/div>\r\n<\/article>\r\n<article class=\"w-grid-item post-6506 product type-product status-publish has-post-thumbnail product_cat-broyeurs-daccotement pa_aftakas-opm-1000-fr pa_denkende-schijf-nee-fr pa_gewicht-kg-1050-fr pa_gewicht-kg-890-fr pa_gewicht-kg-940-fr pa_gewicht-kg-990-fr pa_hefinrichting-tractor-cat-ii-fr pa_max-verstrek-midden-cm-325-fr pa_max-verstrek-midden-cm-355-fr pa_max-verstrek-midden-cm-385-fr pa_max-verstrek-midden-cm-415-fr pa_min-benodigd-vermogen-kw-pk-44-60-fr-2 pa_min-benodigd-vermogen-kw-pk-50-68-fr pa_min-benodigd-vermogen-kw-pk-55-75-fr pa_min-benodigd-vermogen-kw-pk-65-88-fr pa_transportbreedte-cm-187-fr pa_werkbreedte-cm-150-fr pa_werkbreedte-cm-180-fr pa_werkbreedte-cm-210-fr pa_werkbreedte-cm-240-fr  instock shipping-taxable product-type-simple\" data-id=\"6506\">\r\n\t<div class=\"w-grid-item-h\">\r\n\t\t\t\t<div class=\"w-vwrapper usg_vwrapper_1 align_left valign_top \"><div class=\"w-post-elm post_image usg_post_image_1 stretched\"><a href=\"https:\/\/www.perfectvanwamel.com\/fr\/produit\/broyeur-daccotement-industriel-serie-zf-pro\/\" aria-label=\"Broyeur d\u2019accotement industriel, s\u00e9rie ZF PRO\"><img decoding=\"async\" width=\"300\" height=\"225\" src=\"https:\/\/www.perfectvanwamel.com\/wp-content\/uploads\/2020\/04\/ZF-PRO-vrijstaand-300x225.jpg\" class=\"attachment-us_300_225_crop size-us_300_225_crop wp-post-image\" alt=\"\" srcset=\"https:\/\/www.perfectvanwamel.com\/wp-content\/uploads\/2020\/04\/ZF-PRO-vrijstaand-300x225.jpg 300w, https:\/\/www.perfectvanwamel.com\/wp-content\/uploads\/2020\/04\/ZF-PRO-vrijstaand-1024x768.jpg 1024w, https:\/\/www.perfectvanwamel.com\/wp-content\/uploads\/2020\/04\/ZF-PRO-vrijstaand-600x450.jpg 600w, https:\/\/www.perfectvanwamel.com\/wp-content\/uploads\/2020\/04\/ZF-PRO-vrijstaand.jpg 2000w\" sizes=\"(max-width: 300px) 100vw, 300px\" \/><\/a><\/div><h2 class=\"w-post-elm post_title usg_post_title_1 woocommerce-loop-product__title color_link_inherit\"><a href=\"https:\/\/www.perfectvanwamel.com\/fr\/produit\/broyeur-daccotement-industriel-serie-zf-pro\/\">Broyeur d\u2019accotement industriel, s\u00e9rie ZF PRO<\/a><\/h2><\/div>\t<\/div>\r\n<\/article>\r\n<\/div>\t<div class=\"g-preloader type_1\">\r\n\t\t<div><\/div>\r\n\t<\/div>\r\n\t\t<div class=\"w-grid-json hidden\" onclick='return {&quot;ajax_url&quot;:&quot;https:\\\/\\\/www.perfectvanwamel.com\\\/wp-admin\\\/admin-ajax.php&quot;,&quot;permalink_url&quot;:&quot;https:\\\/\\\/www.perfectvanwamel.com\\\/fr\\\/produit\\\/broyeur-daccotement-industriel-serie-zf-pro\\\/&quot;,&quot;action&quot;:&quot;us_ajax_grid&quot;,&quot;max_num_pages&quot;:1,&quot;infinite_scroll&quot;:0,&quot;template_vars&quot;:{&quot;query_args&quot;:{&quot;ignore_sticky_posts&quot;:1,&quot;post_type&quot;:&quot;any&quot;,&quot;post__in&quot;:[&quot;2048&quot;,&quot;2074&quot;],&quot;orderby&quot;:{&quot;post__in&quot;:&quot;ASC&quot;},&quot;posts_per_page&quot;:&quot;10&quot;},&quot;post_id&quot;:5915,&quot;us_grid_index&quot;:1,&quot;us_grid_ajax_index&quot;:null,&quot;exclude_items&quot;:&quot;none&quot;,&quot;items_offset&quot;:&quot;1&quot;,&quot;items_layout&quot;:&quot;3514&quot;,&quot;type&quot;:&quot;carousel&quot;,&quot;columns&quot;:&quot;2&quot;,&quot;img_size&quot;:&quot;us_300_225_crop&quot;,&quot;overriding_link&quot;:&quot;none&quot;,&quot;lang&quot;:&quot;fr&quot;},&quot;carousel_settings&quot;:{&quot;items&quot;:&quot;2&quot;,&quot;nav&quot;:1,&quot;navNext&quot;:&quot;&quot;,&quot;navPrev&quot;:&quot;&quot;,&quot;dots&quot;:0,&quot;center&quot;:0,&quot;autoplay&quot;:0,&quot;smooth_play&quot;:0,&quot;timeout&quot;:3000,&quot;speed&quot;:250,&quot;transition&quot;:&quot;&quot;,&quot;autoHeight&quot;:0,&quot;slideby&quot;:&quot;1&quot;},&quot;carousel_breakpoints&quot;:{&quot;1200&quot;:{&quot;items&quot;:2},&quot;900&quot;:{&quot;items&quot;:&quot;2&quot;,&quot;autoplay&quot;:1,&quot;autoplayHoverPause&quot;:1,&quot;autoHeight&quot;:0},&quot;600&quot;:{&quot;items&quot;:2,&quot;autoplay&quot;:1,&quot;autoplayHoverPause&quot;:1,&quot;autoHeight&quot;:0},&quot;0&quot;:{&quot;items&quot;:1,&quot;autoplay&quot;:1,&quot;autoplayHoverPause&quot;:1,&quot;autoHeight&quot;:0}}}'><\/div>\r\n<\/div><\/div><\/div><\/div><\/div><\/div><\/section>\n","protected":false},"excerpt":{"rendered":"Un broyeur d\u2019accotement industriel Le ZF PRO est un broyeur d\u2019accotement r\u00e9ellement industriel; tant la construction de la machine que son entra\u00eenement sont calcul\u00e9s pour faire face aux circonstances les plus difficiles. L\u2019arbre \u00e0 marteaux est entra\u00een\u00e9 par une courroie \u00ab\u00a0 Powerband \u00bb 5 brins \u00e0 tension automatique et par une tr\u00e8s robuste bo\u00eete \u00e0...","protected":false},"author":1,"featured_media":28591,"parent":5911,"menu_order":0,"comment_status":"closed","ping_status":"closed","template":"","meta":{"_acf_changed":false,"footnotes":""},"class_list":["post-5915","page","type-page","status-publish","has-post-thumbnail","hentry"],"acf":[],"yoast_head":"<!-- This site is optimized with the Yoast SEO plugin v27.4 - https:\/\/yoast.com\/product\/yoast-seo-wordpress\/ -->\n<title>Broyage accotements et bords de parcelles - PERFECT - Van Wamel<\/title>\n<meta name=\"robots\" content=\"index, follow, max-snippet:-1, max-image-preview:large, max-video-preview:-1\" \/>\n<link rel=\"canonical\" href=\"https:\/\/www.perfectvanwamel.com\/fr\/secteurs\/espaces-verts\/broyage-accotements-et-bords-de-parcelles\/\" \/>\n<meta property=\"og:locale\" content=\"fr_FR\" \/>\n<meta property=\"og:type\" content=\"article\" \/>\n<meta property=\"og:title\" content=\"Broyage accotements et bords de parcelles - PERFECT - Van Wamel\" \/>\n<meta property=\"og:url\" content=\"https:\/\/www.perfectvanwamel.com\/fr\/secteurs\/espaces-verts\/broyage-accotements-et-bords-de-parcelles\/\" \/>\n<meta property=\"og:site_name\" content=\"PERFECT - Van Wamel\" \/>\n<meta property=\"article:modified_time\" content=\"2026-03-17T10:29:28+00:00\" \/>\n<meta property=\"og:image\" content=\"https:\/\/staging.perfectvanwamel.com\/wp-content\/uploads\/2026\/03\/wegbermen-en-perceelranden-1024x1024.jpg\" \/>\n\t<meta property=\"og:image:width\" content=\"1024\" \/>\n\t<meta property=\"og:image:height\" content=\"1024\" \/>\n\t<meta property=\"og:image:type\" content=\"image\/jpeg\" \/>\n<meta name=\"twitter:card\" content=\"summary_large_image\" \/>\n<meta name=\"twitter:label1\" content=\"Dur\u00e9e de lecture estim\u00e9e\" \/>\n\t<meta name=\"twitter:data1\" content=\"2 minutes\" \/>\n<script type=\"application\/ld+json\" class=\"yoast-schema-graph\">{\"@context\":\"https:\\\/\\\/schema.org\",\"@graph\":[{\"@type\":\"WebPage\",\"@id\":\"https:\\\/\\\/www.perfectvanwamel.com\\\/fr\\\/secteurs\\\/espaces-verts\\\/broyage-accotements-et-bords-de-parcelles\\\/\",\"url\":\"https:\\\/\\\/www.perfectvanwamel.com\\\/fr\\\/secteurs\\\/espaces-verts\\\/broyage-accotements-et-bords-de-parcelles\\\/\",\"name\":\"Broyage accotements et bords de parcelles - PERFECT - Van Wamel\",\"isPartOf\":{\"@id\":\"https:\\\/\\\/www.perfectvanwamel.com\\\/fr\\\/#website\"},\"primaryImageOfPage\":{\"@id\":\"https:\\\/\\\/www.perfectvanwamel.com\\\/fr\\\/secteurs\\\/espaces-verts\\\/broyage-accotements-et-bords-de-parcelles\\\/#primaryimage\"},\"image\":{\"@id\":\"https:\\\/\\\/www.perfectvanwamel.com\\\/fr\\\/secteurs\\\/espaces-verts\\\/broyage-accotements-et-bords-de-parcelles\\\/#primaryimage\"},\"thumbnailUrl\":\"https:\\\/\\\/www.perfectvanwamel.com\\\/wp-content\\\/uploads\\\/2026\\\/03\\\/wegbermen-en-perceelranden.jpg\",\"datePublished\":\"2020-09-23T12:31:43+00:00\",\"dateModified\":\"2026-03-17T10:29:28+00:00\",\"breadcrumb\":{\"@id\":\"https:\\\/\\\/www.perfectvanwamel.com\\\/fr\\\/secteurs\\\/espaces-verts\\\/broyage-accotements-et-bords-de-parcelles\\\/#breadcrumb\"},\"inLanguage\":\"fr-FR\",\"potentialAction\":[{\"@type\":\"ReadAction\",\"target\":[\"https:\\\/\\\/www.perfectvanwamel.com\\\/fr\\\/secteurs\\\/espaces-verts\\\/broyage-accotements-et-bords-de-parcelles\\\/\"]}]},{\"@type\":\"ImageObject\",\"inLanguage\":\"fr-FR\",\"@id\":\"https:\\\/\\\/www.perfectvanwamel.com\\\/fr\\\/secteurs\\\/espaces-verts\\\/broyage-accotements-et-bords-de-parcelles\\\/#primaryimage\",\"url\":\"https:\\\/\\\/www.perfectvanwamel.com\\\/wp-content\\\/uploads\\\/2026\\\/03\\\/wegbermen-en-perceelranden.jpg\",\"contentUrl\":\"https:\\\/\\\/www.perfectvanwamel.com\\\/wp-content\\\/uploads\\\/2026\\\/03\\\/wegbermen-en-perceelranden.jpg\",\"width\":1728,\"height\":1728},{\"@type\":\"BreadcrumbList\",\"@id\":\"https:\\\/\\\/www.perfectvanwamel.com\\\/fr\\\/secteurs\\\/espaces-verts\\\/broyage-accotements-et-bords-de-parcelles\\\/#breadcrumb\",\"itemListElement\":[{\"@type\":\"ListItem\",\"position\":1,\"name\":\"Home\",\"item\":\"https:\\\/\\\/staging.perfectvanwamel.com\\\/fr\\\/\"},{\"@type\":\"ListItem\",\"position\":2,\"name\":\"Secteurs\",\"item\":\"https:\\\/\\\/staging.perfectvanwamel.com\\\/fr\\\/secteurs\\\/\"},{\"@type\":\"ListItem\",\"position\":3,\"name\":\"Espaces verts\",\"item\":\"https:\\\/\\\/staging.perfectvanwamel.com\\\/fr\\\/secteurs\\\/espaces-verts\\\/\"},{\"@type\":\"ListItem\",\"position\":4,\"name\":\"Broyage accotements et bords de parcelles\"}]},{\"@type\":\"WebSite\",\"@id\":\"https:\\\/\\\/www.perfectvanwamel.com\\\/fr\\\/#website\",\"url\":\"https:\\\/\\\/www.perfectvanwamel.com\\\/fr\\\/\",\"name\":\"PERFECT - Van Wamel\",\"description\":\"\",\"potentialAction\":[{\"@type\":\"SearchAction\",\"target\":{\"@type\":\"EntryPoint\",\"urlTemplate\":\"https:\\\/\\\/www.perfectvanwamel.com\\\/fr\\\/?s={search_term_string}\"},\"query-input\":{\"@type\":\"PropertyValueSpecification\",\"valueRequired\":true,\"valueName\":\"search_term_string\"}}],\"inLanguage\":\"fr-FR\"}]}<\/script>\n<!-- \/ Yoast SEO plugin. -->","yoast_head_json":{"title":"Broyage accotements et bords de parcelles - PERFECT - Van Wamel","robots":{"index":"index","follow":"follow","max-snippet":"max-snippet:-1","max-image-preview":"max-image-preview:large","max-video-preview":"max-video-preview:-1"},"canonical":"https:\/\/www.perfectvanwamel.com\/fr\/secteurs\/espaces-verts\/broyage-accotements-et-bords-de-parcelles\/","og_locale":"fr_FR","og_type":"article","og_title":"Broyage accotements et bords de parcelles - PERFECT - Van Wamel","og_url":"https:\/\/www.perfectvanwamel.com\/fr\/secteurs\/espaces-verts\/broyage-accotements-et-bords-de-parcelles\/","og_site_name":"PERFECT - Van Wamel","article_modified_time":"2026-03-17T10:29:28+00:00","og_image":[{"width":1024,"height":1024,"url":"https:\/\/staging.perfectvanwamel.com\/wp-content\/uploads\/2026\/03\/wegbermen-en-perceelranden-1024x1024.jpg","type":"image\/jpeg"}],"twitter_card":"summary_large_image","twitter_misc":{"Dur\u00e9e de lecture estim\u00e9e":"2 minutes"},"schema":{"@context":"https:\/\/schema.org","@graph":[{"@type":"WebPage","@id":"https:\/\/www.perfectvanwamel.com\/fr\/secteurs\/espaces-verts\/broyage-accotements-et-bords-de-parcelles\/","url":"https:\/\/www.perfectvanwamel.com\/fr\/secteurs\/espaces-verts\/broyage-accotements-et-bords-de-parcelles\/","name":"Broyage accotements et bords de parcelles - PERFECT - Van Wamel","isPartOf":{"@id":"https:\/\/www.perfectvanwamel.com\/fr\/#website"},"primaryImageOfPage":{"@id":"https:\/\/www.perfectvanwamel.com\/fr\/secteurs\/espaces-verts\/broyage-accotements-et-bords-de-parcelles\/#primaryimage"},"image":{"@id":"https:\/\/www.perfectvanwamel.com\/fr\/secteurs\/espaces-verts\/broyage-accotements-et-bords-de-parcelles\/#primaryimage"},"thumbnailUrl":"https:\/\/www.perfectvanwamel.com\/wp-content\/uploads\/2026\/03\/wegbermen-en-perceelranden.jpg","datePublished":"2020-09-23T12:31:43+00:00","dateModified":"2026-03-17T10:29:28+00:00","breadcrumb":{"@id":"https:\/\/www.perfectvanwamel.com\/fr\/secteurs\/espaces-verts\/broyage-accotements-et-bords-de-parcelles\/#breadcrumb"},"inLanguage":"fr-FR","potentialAction":[{"@type":"ReadAction","target":["https:\/\/www.perfectvanwamel.com\/fr\/secteurs\/espaces-verts\/broyage-accotements-et-bords-de-parcelles\/"]}]},{"@type":"ImageObject","inLanguage":"fr-FR","@id":"https:\/\/www.perfectvanwamel.com\/fr\/secteurs\/espaces-verts\/broyage-accotements-et-bords-de-parcelles\/#primaryimage","url":"https:\/\/www.perfectvanwamel.com\/wp-content\/uploads\/2026\/03\/wegbermen-en-perceelranden.jpg","contentUrl":"https:\/\/www.perfectvanwamel.com\/wp-content\/uploads\/2026\/03\/wegbermen-en-perceelranden.jpg","width":1728,"height":1728},{"@type":"BreadcrumbList","@id":"https:\/\/www.perfectvanwamel.com\/fr\/secteurs\/espaces-verts\/broyage-accotements-et-bords-de-parcelles\/#breadcrumb","itemListElement":[{"@type":"ListItem","position":1,"name":"Home","item":"https:\/\/staging.perfectvanwamel.com\/fr\/"},{"@type":"ListItem","position":2,"name":"Secteurs","item":"https:\/\/staging.perfectvanwamel.com\/fr\/secteurs\/"},{"@type":"ListItem","position":3,"name":"Espaces verts","item":"https:\/\/staging.perfectvanwamel.com\/fr\/secteurs\/espaces-verts\/"},{"@type":"ListItem","position":4,"name":"Broyage accotements et bords de parcelles"}]},{"@type":"WebSite","@id":"https:\/\/www.perfectvanwamel.com\/fr\/#website","url":"https:\/\/www.perfectvanwamel.com\/fr\/","name":"PERFECT - Van Wamel","description":"","potentialAction":[{"@type":"SearchAction","target":{"@type":"EntryPoint","urlTemplate":"https:\/\/www.perfectvanwamel.com\/fr\/?s={search_term_string}"},"query-input":{"@type":"PropertyValueSpecification","valueRequired":true,"valueName":"search_term_string"}}],"inLanguage":"fr-FR"}]}},"_links":{"self":[{"href":"https:\/\/www.perfectvanwamel.com\/fr\/wp-json\/wp\/v2\/pages\/5915","targetHints":{"allow":["GET"]}}],"collection":[{"href":"https:\/\/www.perfectvanwamel.com\/fr\/wp-json\/wp\/v2\/pages"}],"about":[{"href":"https:\/\/www.perfectvanwamel.com\/fr\/wp-json\/wp\/v2\/types\/page"}],"author":[{"embeddable":true,"href":"https:\/\/www.perfectvanwamel.com\/fr\/wp-json\/wp\/v2\/users\/1"}],"replies":[{"embeddable":true,"href":"https:\/\/www.perfectvanwamel.com\/fr\/wp-json\/wp\/v2\/comments?post=5915"}],"version-history":[{"count":3,"href":"https:\/\/www.perfectvanwamel.com\/fr\/wp-json\/wp\/v2\/pages\/5915\/revisions"}],"predecessor-version":[{"id":28771,"href":"https:\/\/www.perfectvanwamel.com\/fr\/wp-json\/wp\/v2\/pages\/5915\/revisions\/28771"}],"up":[{"embeddable":true,"href":"https:\/\/www.perfectvanwamel.com\/fr\/wp-json\/wp\/v2\/pages\/5911"}],"wp:featuredmedia":[{"embeddable":true,"href":"https:\/\/www.perfectvanwamel.com\/fr\/wp-json\/wp\/v2\/media\/28591"}],"wp:attachment":[{"href":"https:\/\/www.perfectvanwamel.com\/fr\/wp-json\/wp\/v2\/media?parent=5915"}],"curies":[{"name":"wp","href":"https:\/\/api.w.org\/{rel}","templated":true}]}}