{"id":5919,"date":"2020-09-23T14:59:04","date_gmt":"2020-09-23T12:59:04","guid":{"rendered":"https:\/\/www.perfectvanwamel.com\/service\/"},"modified":"2026-03-06T14:48:04","modified_gmt":"2026-03-06T13:48:04","slug":"service","status":"publish","type":"page","link":"https:\/\/www.perfectvanwamel.com\/fr\/service\/","title":{"rendered":"Service"},"content":{"rendered":"<section class=\"l-section wpb_row height_small\"><div class=\"l-section-h i-cf\"><div class=\"g-cols vc_row type_default valign_top\"><div class=\"vc_col-sm-12 wpb_column vc_column_container\"><div class=\"vc_column-inner\"><div class=\"wpb_wrapper\">[vc_custom_heading text=&#8221;Service&#8221; font_container=&#8221;tag:h1|text_align:left&#8221; use_theme_fonts=&#8221;yes&#8221;]<div class=\"w-image align_none\"><div class=\"w-image-h\"><img decoding=\"async\" width=\"1600\" height=\"620\" src=\"https:\/\/www.perfectvanwamel.com\/wp-content\/uploads\/2026\/03\/Van-Wamel-met-verloop.jpg\" class=\"attachment-us_1600_620_crop size-us_1600_620_crop\" alt=\"\" srcset=\"https:\/\/www.perfectvanwamel.com\/wp-content\/uploads\/2026\/03\/Van-Wamel-met-verloop.jpg 1600w, https:\/\/www.perfectvanwamel.com\/wp-content\/uploads\/2026\/03\/Van-Wamel-met-verloop-300x116.jpg 300w, https:\/\/www.perfectvanwamel.com\/wp-content\/uploads\/2026\/03\/Van-Wamel-met-verloop-1024x397.jpg 1024w, https:\/\/www.perfectvanwamel.com\/wp-content\/uploads\/2026\/03\/Van-Wamel-met-verloop-600x233.jpg 600w\" sizes=\"(max-width: 1600px) 100vw, 1600px\" \/><\/div><\/div><div class=\"w-separator size_medium\"><\/div><div class=\"g-cols wpb_row  type_default valign_top vc_inner\"><div class=\"vc_col-sm-12 wpb_column vc_column_container\"><div class=\"vc_column-inner\"><div class=\"wpb_wrapper\"><div class=\"wpb_text_column\" ><div class=\"wpb_wrapper\"><h2>S\u00fbret\u00e9<\/h2>\n<p>La s\u00fbret\u00e9 va plus loin qu&#8217;un machine bien construite et une livraison fiable. En \u00e9troite collaboration avec nos concessionnaires et importeurs nous assurons un approvisionnement en pi\u00e8ces fiable et rapide. Peu importe que ce soit au sujet\u00a0 d&#8217;une calibreuse \u00e0 fruits tout neuve ou un broyeur bois de taille des ann\u00e9es 1970. Cliquez <a href=\"mailto:parts@vanwamel.nl\">ici<\/a> pour commander vos pi\u00e8ces de rechange.<\/p>\n<h2>Contact<\/h2>\n<p><span class=\"--l --r hover:bg-blue-100 hover:dark:bg-blue-600\"><span class=\"--l container-target\">Vous<\/span><\/span> <span class=\"--l --r hover:bg-blue-100 hover:dark:bg-blue-600\"><span class=\"container-target\">souhaitez<\/span><\/span> <span class=\"--l --r hover:bg-blue-100 hover:dark:bg-blue-600\"><span class=\"container-target\">nous<\/span><\/span> <span class=\"--l --r hover:bg-blue-100 hover:dark:bg-blue-600\"><span class=\"container-target\">contacter<\/span><\/span> <span class=\"--l --r hover:bg-blue-100 hover:dark:bg-blue-600\"><span class=\"container-target\">pour<\/span><\/span> <span class=\"--l --r hover:bg-blue-100 hover:dark:bg-blue-600\"><span class=\"container-target\">nous<\/span><\/span> <span class=\"--l --r hover:bg-blue-100 hover:dark:bg-blue-600\"><span class=\"container-target\">poser<\/span><\/span> <span class=\"--l --r hover:bg-blue-100 hover:dark:bg-blue-600\"><span class=\"container-target\">des<\/span><\/span> <span class=\"--l --r hover:bg-blue-100 hover:dark:bg-blue-600\"><span class=\"container-target\">questions<\/span><\/span> <span class=\"--l --r hover:bg-blue-100 hover:dark:bg-blue-600\"><span class=\"container-target\">sur<\/span><\/span> <span class=\"--l --r hover:bg-blue-100 hover:dark:bg-blue-600\"><span class=\"container-target\">la<\/span><\/span> <span class=\"--l --r hover:bg-blue-100 hover:dark:bg-blue-600\"><span class=\"container-target\">maintenance<\/span><\/span> <span class=\"--l --r hover:bg-blue-100 hover:dark:bg-blue-600\"><span class=\"container-target\">ou<\/span><\/span> <span class=\"--l --r hover:bg-blue-100 hover:dark:bg-blue-600\"><span class=\"container-target\">commander<\/span><\/span> <span class=\"--l --r hover:bg-blue-100 hover:dark:bg-blue-600\"><span class=\"container-target\">des<\/span><\/span> <span class=\"--l --r hover:bg-blue-100 hover:dark:bg-blue-600\"><span class=\"container-target\">pi\u00e8ces<\/span><\/span> <span class=\"--l --r hover:bg-blue-100 hover:dark:bg-blue-600\"><span class=\"container-target\">d\u00e9tach\u00e9es<\/span><\/span><span class=\"container-target\">? <\/span><span class=\"--l --r hover:bg-blue-100 hover:dark:bg-blue-600\"><span class=\"container-target\">Cliquez<\/span><\/span> <span class=\"--l --r hover:bg-blue-100 hover:dark:bg-blue-600\"><span class=\"container-target\">alors<\/span><\/span> <span class=\"--l --r hover:bg-blue-100 hover:dark:bg-blue-600\"><span class=\"container-target\">sur<\/span><\/span> <span class=\"--l --r hover:bg-blue-100 hover:dark:bg-blue-600\"><span class=\"container-target\">l&#8217;une<\/span><\/span> <span class=\"--l --r hover:bg-blue-100 hover:dark:bg-blue-600\"><span class=\"container-target\">des<\/span><\/span> <span class=\"--l --r hover:bg-blue-100 hover:dark:bg-blue-600\"><span class=\"container-target\">options<\/span><\/span> <span class=\"--l --r hover:bg-blue-100 hover:dark:bg-blue-600\"><span class=\"container-target\">du<\/span><\/span> <span class=\"--l --r hover:bg-blue-100 hover:dark:bg-blue-600\"><span class=\"container-target\">menu<\/span><\/span> <span class=\"--l --r hover:bg-blue-100 hover:dark:bg-blue-600\"><span class=\"container-target\">Service<\/span><\/span><span class=\"container-target\">.<\/span><\/p>\n<p><span class=\"--l --r hover:bg-blue-100 hover:dark:bg-blue-600\"><span class=\"container-target\">Si<\/span><\/span> <span class=\"--l --r hover:bg-blue-100 hover:dark:bg-blue-600\"><span class=\"container-target\">vous<\/span><\/span> <span class=\"--l --r hover:bg-blue-100 hover:dark:bg-blue-600\"><span class=\"container-target\">pr\u00e9f\u00e9rez<\/span><\/span> <span class=\"--l --r hover:bg-blue-100 hover:dark:bg-blue-600\"><span class=\"container-target\">nous<\/span><\/span> <span class=\"--l --r hover:bg-blue-100 hover:dark:bg-blue-600\"><span class=\"container-target\">envoyer<\/span><\/span> <span class=\"--l --r hover:bg-blue-100 hover:dark:bg-blue-600\"><span class=\"container-target\">vos<\/span><\/span> <span class=\"--l --r hover:bg-blue-100 hover:dark:bg-blue-600\"><span class=\"container-target\">questions<\/span><\/span> <span class=\"--l --r hover:bg-blue-100 hover:dark:bg-blue-600\"><span class=\"container-target\">par<\/span><\/span> <span class=\"--l --r hover:bg-blue-100 hover:dark:bg-blue-600\"><span class=\"container-target\">e<\/span><\/span><span class=\"container-target\">&#8211;<\/span><span class=\"--l --r hover:bg-blue-100 hover:dark:bg-blue-600\"><span class=\"container-target\">mail<\/span><\/span><span class=\"container-target\">, <\/span><span class=\"--l --r hover:bg-blue-100 hover:dark:bg-blue-600\"><span class=\"container-target\">vous<\/span><\/span> <span class=\"--l --r hover:bg-blue-100 hover:dark:bg-blue-600\"><span class=\"container-target\">pouvez<\/span><\/span> <span class=\"--l --r hover:bg-blue-100 hover:dark:bg-blue-600\"><span class=\"container-target\">adresser<\/span><\/span> <span class=\"--l --r hover:bg-blue-100 hover:dark:bg-blue-600\"><span class=\"container-target\">votre<\/span><\/span> <span class=\"--l --r hover:bg-blue-100 hover:dark:bg-blue-600\"><span class=\"container-target\">message<\/span><\/span> <span class=\"--l --r hover:bg-blue-100 hover:dark:bg-blue-600\"><span class=\"container-target\">\u00e0<\/span><\/span> <span class=\"--l --r hover:bg-blue-100 hover:dark:bg-blue-600\"><span class=\"container-target\">l&#8217;une<\/span><\/span> <span class=\"--l --r hover:bg-blue-100 hover:dark:bg-blue-600\"><span class=\"container-target\">des<\/span><\/span> <span class=\"--l --r hover:bg-blue-100 hover:dark:bg-blue-600\"><span class=\"container-target\">adresses<\/span><\/span> <span class=\"--l --r hover:bg-blue-100 hover:dark:bg-blue-600\"><span class=\"container-target\">suivantes<\/span><\/span><span class=\"container-target\">:<\/span><\/p>\n<ul>\n<li><a href=\"mailto:parts@vanwamel.nl\"><span class=\"--l --r hover:bg-blue-100 hover:dark:bg-blue-600\"><span class=\"container-target\">parts<\/span><\/span><span class=\"container-target\">@<\/span><span class=\"--l --r hover:bg-blue-100 hover:dark:bg-blue-600\"><span class=\"container-target\">vanwamel.nl<\/span><\/span><\/a><span class=\"container-target\"> (<\/span><span class=\"--l --r hover:bg-blue-100 hover:dark:bg-blue-600\"><span class=\"container-target\">Tondeuses<\/span><\/span><span class=\"container-target\">)<\/span><\/li>\n<li><a href=\"mailto:service@vanwamel.nl\"><span class=\"--l --r hover:bg-blue-100 hover:dark:bg-blue-600\"><span class=\"container-target\">service<\/span><\/span><span class=\"container-target\">@<\/span><span class=\"--l --r hover:bg-blue-100 hover:dark:bg-blue-600\"><span class=\"container-target\">vanwamel.nl<\/span><\/span><\/a><span class=\"container-target\"> (<\/span><span class=\"--l --r hover:bg-blue-100 hover:dark:bg-blue-600\"><span class=\"container-target\">Trieuses<\/span><\/span><span class=\"--r container-target\">)<\/span><\/li>\n<\/ul>\n<\/div><\/div><\/div><\/div><\/div><\/div><\/div><\/div><\/div><\/div><\/div><\/section>\n","protected":false},"excerpt":{"rendered":"[vc_custom_heading text=\"Service\" font_container=\"tag:h1|text_align:left\" use_theme_fonts=\"yes\"]S\u00fbret\u00e9 La s\u00fbret\u00e9 va plus loin qu&#8217;un machine bien construite et une livraison fiable. En \u00e9troite collaboration avec nos concessionnaires et importeurs nous assurons un approvisionnement en pi\u00e8ces fiable et rapide. Peu importe que ce soit au sujet\u00a0 d&#8217;une calibreuse \u00e0 fruits tout neuve ou un broyeur bois de taille des ann\u00e9es...","protected":false},"author":1,"featured_media":0,"parent":0,"menu_order":0,"comment_status":"closed","ping_status":"closed","template":"","meta":{"_acf_changed":false,"footnotes":""},"class_list":["post-5919","page","type-page","status-publish","hentry"],"acf":[],"yoast_head":"<!-- This site is optimized with the Yoast SEO plugin v27.4 - https:\/\/yoast.com\/product\/yoast-seo-wordpress\/ -->\n<title>Service - PERFECT - Van Wamel<\/title>\n<meta name=\"robots\" content=\"index, follow, max-snippet:-1, max-image-preview:large, max-video-preview:-1\" \/>\n<link rel=\"canonical\" href=\"https:\/\/www.perfectvanwamel.com\/fr\/service\/\" \/>\n<meta property=\"og:locale\" content=\"fr_FR\" \/>\n<meta property=\"og:type\" content=\"article\" \/>\n<meta property=\"og:title\" content=\"Service - PERFECT - Van Wamel\" \/>\n<meta property=\"og:url\" content=\"https:\/\/www.perfectvanwamel.com\/fr\/service\/\" \/>\n<meta property=\"og:site_name\" content=\"PERFECT - Van Wamel\" \/>\n<meta property=\"article:modified_time\" content=\"2026-03-06T13:48:04+00:00\" \/>\n<meta name=\"twitter:card\" content=\"summary_large_image\" \/>\n<meta name=\"twitter:label1\" content=\"Dur\u00e9e de lecture estim\u00e9e\" \/>\n\t<meta name=\"twitter:data1\" content=\"1 minute\" \/>\n<script type=\"application\/ld+json\" class=\"yoast-schema-graph\">{\"@context\":\"https:\\\/\\\/schema.org\",\"@graph\":[{\"@type\":\"WebPage\",\"@id\":\"https:\\\/\\\/www.perfectvanwamel.com\\\/fr\\\/service\\\/\",\"url\":\"https:\\\/\\\/www.perfectvanwamel.com\\\/fr\\\/service\\\/\",\"name\":\"Service - PERFECT - Van Wamel\",\"isPartOf\":{\"@id\":\"https:\\\/\\\/www.perfectvanwamel.com\\\/fr\\\/#website\"},\"datePublished\":\"2020-09-23T12:59:04+00:00\",\"dateModified\":\"2026-03-06T13:48:04+00:00\",\"breadcrumb\":{\"@id\":\"https:\\\/\\\/www.perfectvanwamel.com\\\/fr\\\/service\\\/#breadcrumb\"},\"inLanguage\":\"fr-FR\",\"potentialAction\":[{\"@type\":\"ReadAction\",\"target\":[\"https:\\\/\\\/www.perfectvanwamel.com\\\/fr\\\/service\\\/\"]}]},{\"@type\":\"BreadcrumbList\",\"@id\":\"https:\\\/\\\/www.perfectvanwamel.com\\\/fr\\\/service\\\/#breadcrumb\",\"itemListElement\":[{\"@type\":\"ListItem\",\"position\":1,\"name\":\"Home\",\"item\":\"https:\\\/\\\/staging.perfectvanwamel.com\\\/fr\\\/\"},{\"@type\":\"ListItem\",\"position\":2,\"name\":\"Service\"}]},{\"@type\":\"WebSite\",\"@id\":\"https:\\\/\\\/www.perfectvanwamel.com\\\/fr\\\/#website\",\"url\":\"https:\\\/\\\/www.perfectvanwamel.com\\\/fr\\\/\",\"name\":\"PERFECT - Van Wamel\",\"description\":\"\",\"potentialAction\":[{\"@type\":\"SearchAction\",\"target\":{\"@type\":\"EntryPoint\",\"urlTemplate\":\"https:\\\/\\\/www.perfectvanwamel.com\\\/fr\\\/?s={search_term_string}\"},\"query-input\":{\"@type\":\"PropertyValueSpecification\",\"valueRequired\":true,\"valueName\":\"search_term_string\"}}],\"inLanguage\":\"fr-FR\"}]}<\/script>\n<!-- \/ Yoast SEO plugin. -->","yoast_head_json":{"title":"Service - PERFECT - Van Wamel","robots":{"index":"index","follow":"follow","max-snippet":"max-snippet:-1","max-image-preview":"max-image-preview:large","max-video-preview":"max-video-preview:-1"},"canonical":"https:\/\/www.perfectvanwamel.com\/fr\/service\/","og_locale":"fr_FR","og_type":"article","og_title":"Service - PERFECT - Van Wamel","og_url":"https:\/\/www.perfectvanwamel.com\/fr\/service\/","og_site_name":"PERFECT - Van Wamel","article_modified_time":"2026-03-06T13:48:04+00:00","twitter_card":"summary_large_image","twitter_misc":{"Dur\u00e9e de lecture estim\u00e9e":"1 minute"},"schema":{"@context":"https:\/\/schema.org","@graph":[{"@type":"WebPage","@id":"https:\/\/www.perfectvanwamel.com\/fr\/service\/","url":"https:\/\/www.perfectvanwamel.com\/fr\/service\/","name":"Service - PERFECT - Van Wamel","isPartOf":{"@id":"https:\/\/www.perfectvanwamel.com\/fr\/#website"},"datePublished":"2020-09-23T12:59:04+00:00","dateModified":"2026-03-06T13:48:04+00:00","breadcrumb":{"@id":"https:\/\/www.perfectvanwamel.com\/fr\/service\/#breadcrumb"},"inLanguage":"fr-FR","potentialAction":[{"@type":"ReadAction","target":["https:\/\/www.perfectvanwamel.com\/fr\/service\/"]}]},{"@type":"BreadcrumbList","@id":"https:\/\/www.perfectvanwamel.com\/fr\/service\/#breadcrumb","itemListElement":[{"@type":"ListItem","position":1,"name":"Home","item":"https:\/\/staging.perfectvanwamel.com\/fr\/"},{"@type":"ListItem","position":2,"name":"Service"}]},{"@type":"WebSite","@id":"https:\/\/www.perfectvanwamel.com\/fr\/#website","url":"https:\/\/www.perfectvanwamel.com\/fr\/","name":"PERFECT - Van Wamel","description":"","potentialAction":[{"@type":"SearchAction","target":{"@type":"EntryPoint","urlTemplate":"https:\/\/www.perfectvanwamel.com\/fr\/?s={search_term_string}"},"query-input":{"@type":"PropertyValueSpecification","valueRequired":true,"valueName":"search_term_string"}}],"inLanguage":"fr-FR"}]}},"_links":{"self":[{"href":"https:\/\/www.perfectvanwamel.com\/fr\/wp-json\/wp\/v2\/pages\/5919","targetHints":{"allow":["GET"]}}],"collection":[{"href":"https:\/\/www.perfectvanwamel.com\/fr\/wp-json\/wp\/v2\/pages"}],"about":[{"href":"https:\/\/www.perfectvanwamel.com\/fr\/wp-json\/wp\/v2\/types\/page"}],"author":[{"embeddable":true,"href":"https:\/\/www.perfectvanwamel.com\/fr\/wp-json\/wp\/v2\/users\/1"}],"replies":[{"embeddable":true,"href":"https:\/\/www.perfectvanwamel.com\/fr\/wp-json\/wp\/v2\/comments?post=5919"}],"version-history":[{"count":9,"href":"https:\/\/www.perfectvanwamel.com\/fr\/wp-json\/wp\/v2\/pages\/5919\/revisions"}],"predecessor-version":[{"id":28528,"href":"https:\/\/www.perfectvanwamel.com\/fr\/wp-json\/wp\/v2\/pages\/5919\/revisions\/28528"}],"wp:attachment":[{"href":"https:\/\/www.perfectvanwamel.com\/fr\/wp-json\/wp\/v2\/media?parent=5919"}],"curies":[{"name":"wp","href":"https:\/\/api.w.org\/{rel}","templated":true}]}}