{"id":6394,"date":"2020-10-01T14:39:35","date_gmt":"2020-10-01T12:39:35","guid":{"rendered":"https:\/\/www.perfectvanwamel.com\/secteurs\/"},"modified":"2020-10-12T16:30:49","modified_gmt":"2020-10-12T14:30:49","slug":"secteurs","status":"publish","type":"page","link":"https:\/\/www.perfectvanwamel.com\/fr\/secteurs\/","title":{"rendered":"Secteurs"},"content":{"rendered":"<section class=\"l-section wpb_row height_small\"><div class=\"l-section-h i-cf\"><div class=\"g-cols vc_row type_default valign_top reversed\"><div class=\"vc_col-sm-12 wpb_column vc_column_container\"><div class=\"vc_column-inner\"><div class=\"wpb_wrapper\">[vc_custom_heading text=&#8221;PERFECT &#8211; Van Wamel&#8221; font_container=&#8221;tag:h1|text_align:left&#8221; use_theme_fonts=&#8221;yes&#8221;]<div class=\"g-cols wpb_row  type_default valign_top vc_inner\"><div class=\"vc_col-sm-12 wpb_column vc_column_container\"><div class=\"vc_column-inner\"><div class=\"wpb_wrapper\"><div class=\"wpb_text_column\" ><div class=\"wpb_wrapper\"><p>PERFECT \u2013 Van Wamel livre dans le monde entier des solutions de broyage et de calibrage pour divers secteurs professionnels.<\/p>\n<p>Pour vous permettre de choisir de fa\u00e7on optimale la machine qui r\u00e9pondra le mieux \u00e0 vos besoins, nous vous prions de bien vouloir indiquer ci-dessous votre secteur d\u2019activit\u00e9.<\/p>\n<p>Afin de vous servir aussi bien que possible dans la s\u00e9lection de la meilleure solution veuillez s\u00e9lectionner votre secteur de travail.<\/p>\n<\/div><\/div><div class=\"wpb_text_column\" ><div class=\"wpb_wrapper\"><\/div><\/div><\/div><\/div><\/div><\/div>[vc_custom_heading text=&#8221;Secteurs&#8221; use_theme_fonts=&#8221;yes&#8221;]<div class=\"g-cols wpb_row  us_custom_a92bf69e type_default valign_top vc_inner\"><div class=\"vc_col-sm-6 wpb_column vc_column_container\"><div class=\"vc_column-inner\"><div class=\"wpb_wrapper\"><div class=\"w-image align_center\"><a class=\"w-image-h\" href=\"https:\/\/www.perfectvanwamel.com\/fr\/secteurs\/fruitteelt-wijnbouw\/\"><img decoding=\"async\" width=\"850\" height=\"566\" src=\"https:\/\/www.perfectvanwamel.com\/wp-content\/uploads\/2020\/05\/Fruitteelt-Wijnbouw.jpg\" class=\"attachment-large size-large\" alt=\"\" srcset=\"https:\/\/www.perfectvanwamel.com\/wp-content\/uploads\/2020\/05\/Fruitteelt-Wijnbouw.jpg 850w, https:\/\/www.perfectvanwamel.com\/wp-content\/uploads\/2020\/05\/Fruitteelt-Wijnbouw-300x200.jpg 300w, https:\/\/www.perfectvanwamel.com\/wp-content\/uploads\/2020\/05\/Fruitteelt-Wijnbouw-600x400.jpg 600w\" sizes=\"(max-width: 850px) 100vw, 850px\" \/><\/a><\/div><div class=\"w-separator size_small\"><\/div><div class=\"wpb_text_column\" ><div class=\"wpb_wrapper\"><h2 style=\"text-align: center;\"><a href=\"https:\/\/www.perfectvanwamel.com\/fr\/secteurs\/fruitteelt-wijnbouw\/\">Arboriculture &amp; Viticulture<\/a><\/h2>\n<h2 style=\"text-align: center;\"><\/h2>\n<\/div><\/div><\/div><\/div><\/div><div class=\"vc_col-sm-6 wpb_column vc_column_container\"><div class=\"vc_column-inner\"><div class=\"wpb_wrapper\"><div class=\"w-image align_center\"><a class=\"w-image-h\" href=\"https:\/\/www.perfectvanwamel.com\/fr\/secteurs\/espaces-verts\/\" title=\"Espaces verts\"><img decoding=\"async\" width=\"850\" height=\"567\" src=\"https:\/\/www.perfectvanwamel.com\/wp-content\/uploads\/2020\/05\/Groenbeheer.jpg\" class=\"attachment-large size-large\" alt=\"\" srcset=\"https:\/\/www.perfectvanwamel.com\/wp-content\/uploads\/2020\/05\/Groenbeheer.jpg 850w, https:\/\/www.perfectvanwamel.com\/wp-content\/uploads\/2020\/05\/Groenbeheer-300x200.jpg 300w, https:\/\/www.perfectvanwamel.com\/wp-content\/uploads\/2020\/05\/Groenbeheer-600x400.jpg 600w\" sizes=\"(max-width: 850px) 100vw, 850px\" \/><\/a><\/div><div class=\"w-separator size_small\"><\/div><div class=\"wpb_text_column\" ><div class=\"wpb_wrapper\"><h2 style=\"text-align: center;\"><a href=\"https:\/\/www.perfectvanwamel.com\/fr\/secteurs\/espaces-verts\/\">Espaces verts<\/a><\/h2>\n<\/div><\/div><\/div><\/div><\/div><\/div><div class=\"w-separator size_small\"><\/div><div class=\"g-cols wpb_row  us_custom_a92bf69e type_default valign_top vc_inner\"><div class=\"vc_col-sm-6 wpb_column vc_column_container\"><div class=\"vc_column-inner\"><div class=\"wpb_wrapper\"><div class=\"w-image align_center\"><a class=\"w-image-h\" href=\"https:\/\/www.perfectvanwamel.com\/fr\/secteurs\/parcs-solaires\/\" title=\"Entretien de parcs solaires\t\"><img decoding=\"async\" width=\"850\" height=\"567\" src=\"https:\/\/www.perfectvanwamel.com\/wp-content\/uploads\/2020\/05\/Solarveld.jpg\" class=\"attachment-large size-large\" alt=\"\" srcset=\"https:\/\/www.perfectvanwamel.com\/wp-content\/uploads\/2020\/05\/Solarveld.jpg 850w, https:\/\/www.perfectvanwamel.com\/wp-content\/uploads\/2020\/05\/Solarveld-300x200.jpg 300w, https:\/\/www.perfectvanwamel.com\/wp-content\/uploads\/2020\/05\/Solarveld-600x400.jpg 600w\" sizes=\"(max-width: 850px) 100vw, 850px\" \/><\/a><\/div><div class=\"w-separator size_small\"><\/div><div class=\"wpb_text_column\" ><div class=\"wpb_wrapper\"><h2 style=\"text-align: center;\"><a href=\"https:\/\/www.perfectvanwamel.com\/fr\/secteurs\/parcs-solaires\/\">Entretien parcs solaires<\/a><\/h2>\n<\/div><\/div><\/div><\/div><\/div><div class=\"vc_col-sm-6 wpb_column vc_column_container\"><div class=\"vc_column-inner\"><div class=\"wpb_wrapper\"><div class=\"w-image align_center\"><a class=\"w-image-h\" href=\"https:\/\/www.perfectvanwamel.com\/fr\/secteurs\/grandes-cultures-et-elevage\/\" title=\"Espaces verts\"><img decoding=\"async\" width=\"850\" height=\"567\" src=\"https:\/\/www.perfectvanwamel.com\/wp-content\/uploads\/2020\/05\/Veeteelt-Akkerbouw.jpg\" class=\"attachment-large size-large\" alt=\"\" srcset=\"https:\/\/www.perfectvanwamel.com\/wp-content\/uploads\/2020\/05\/Veeteelt-Akkerbouw.jpg 850w, https:\/\/www.perfectvanwamel.com\/wp-content\/uploads\/2020\/05\/Veeteelt-Akkerbouw-300x200.jpg 300w, https:\/\/www.perfectvanwamel.com\/wp-content\/uploads\/2020\/05\/Veeteelt-Akkerbouw-600x400.jpg 600w\" sizes=\"(max-width: 850px) 100vw, 850px\" \/><\/a><\/div><div class=\"w-separator size_small\"><\/div><div class=\"wpb_text_column\" ><div class=\"wpb_wrapper\"><h2 style=\"text-align: center;\"><a href=\"https:\/\/www.perfectvanwamel.com\/fr\/secteurs\/grandes-cultures-et-elevage\/\">Grandes cultures et Elevage<\/a><\/h2>\n<\/div><\/div><\/div><\/div><\/div><\/div><\/div><\/div><\/div><\/div><\/div><\/section>\n","protected":false},"excerpt":{"rendered":"[vc_custom_heading text=\"PERFECT - Van Wamel\" font_container=\"tag:h1|text_align:left\" use_theme_fonts=\"yes\"]PERFECT \u2013 Van Wamel livre dans le monde entier des solutions de broyage et de calibrage pour divers secteurs professionnels. Pour vous permettre de choisir de fa\u00e7on optimale la machine qui r\u00e9pondra le mieux \u00e0 vos besoins, nous vous prions de bien vouloir indiquer ci-dessous votre secteur d\u2019activit\u00e9. Afin...","protected":false},"author":1,"featured_media":0,"parent":0,"menu_order":0,"comment_status":"closed","ping_status":"closed","template":"","meta":{"_acf_changed":false,"footnotes":""},"class_list":["post-6394","page","type-page","status-publish","hentry"],"acf":[],"yoast_head":"<!-- This site is optimized with the Yoast SEO plugin v27.4 - https:\/\/yoast.com\/product\/yoast-seo-wordpress\/ -->\n<title>Secteurs - PERFECT - Van Wamel<\/title>\n<meta name=\"robots\" content=\"index, follow, max-snippet:-1, max-image-preview:large, max-video-preview:-1\" \/>\n<link rel=\"canonical\" href=\"https:\/\/www.perfectvanwamel.com\/fr\/secteurs\/\" \/>\n<meta property=\"og:locale\" content=\"fr_FR\" \/>\n<meta property=\"og:type\" content=\"article\" \/>\n<meta property=\"og:title\" content=\"Secteurs - PERFECT - Van Wamel\" \/>\n<meta property=\"og:url\" content=\"https:\/\/www.perfectvanwamel.com\/fr\/secteurs\/\" \/>\n<meta property=\"og:site_name\" content=\"PERFECT - Van Wamel\" \/>\n<meta property=\"article:modified_time\" content=\"2020-10-12T14:30:49+00:00\" \/>\n<meta name=\"twitter:card\" content=\"summary_large_image\" \/>\n<meta name=\"twitter:label1\" content=\"Dur\u00e9e de lecture estim\u00e9e\" \/>\n\t<meta name=\"twitter:data1\" content=\"2 minutes\" \/>\n<script type=\"application\/ld+json\" class=\"yoast-schema-graph\">{\"@context\":\"https:\\\/\\\/schema.org\",\"@graph\":[{\"@type\":\"WebPage\",\"@id\":\"https:\\\/\\\/www.perfectvanwamel.com\\\/fr\\\/secteurs\\\/\",\"url\":\"https:\\\/\\\/www.perfectvanwamel.com\\\/fr\\\/secteurs\\\/\",\"name\":\"Secteurs - PERFECT - Van Wamel\",\"isPartOf\":{\"@id\":\"https:\\\/\\\/www.perfectvanwamel.com\\\/fr\\\/#website\"},\"datePublished\":\"2020-10-01T12:39:35+00:00\",\"dateModified\":\"2020-10-12T14:30:49+00:00\",\"breadcrumb\":{\"@id\":\"https:\\\/\\\/www.perfectvanwamel.com\\\/fr\\\/secteurs\\\/#breadcrumb\"},\"inLanguage\":\"fr-FR\",\"potentialAction\":[{\"@type\":\"ReadAction\",\"target\":[\"https:\\\/\\\/www.perfectvanwamel.com\\\/fr\\\/secteurs\\\/\"]}]},{\"@type\":\"BreadcrumbList\",\"@id\":\"https:\\\/\\\/www.perfectvanwamel.com\\\/fr\\\/secteurs\\\/#breadcrumb\",\"itemListElement\":[{\"@type\":\"ListItem\",\"position\":1,\"name\":\"Home\",\"item\":\"https:\\\/\\\/staging.perfectvanwamel.com\\\/fr\\\/\"},{\"@type\":\"ListItem\",\"position\":2,\"name\":\"Secteurs\"}]},{\"@type\":\"WebSite\",\"@id\":\"https:\\\/\\\/www.perfectvanwamel.com\\\/fr\\\/#website\",\"url\":\"https:\\\/\\\/www.perfectvanwamel.com\\\/fr\\\/\",\"name\":\"PERFECT - Van Wamel\",\"description\":\"\",\"potentialAction\":[{\"@type\":\"SearchAction\",\"target\":{\"@type\":\"EntryPoint\",\"urlTemplate\":\"https:\\\/\\\/www.perfectvanwamel.com\\\/fr\\\/?s={search_term_string}\"},\"query-input\":{\"@type\":\"PropertyValueSpecification\",\"valueRequired\":true,\"valueName\":\"search_term_string\"}}],\"inLanguage\":\"fr-FR\"}]}<\/script>\n<!-- \/ Yoast SEO plugin. -->","yoast_head_json":{"title":"Secteurs - PERFECT - Van Wamel","robots":{"index":"index","follow":"follow","max-snippet":"max-snippet:-1","max-image-preview":"max-image-preview:large","max-video-preview":"max-video-preview:-1"},"canonical":"https:\/\/www.perfectvanwamel.com\/fr\/secteurs\/","og_locale":"fr_FR","og_type":"article","og_title":"Secteurs - PERFECT - Van Wamel","og_url":"https:\/\/www.perfectvanwamel.com\/fr\/secteurs\/","og_site_name":"PERFECT - Van Wamel","article_modified_time":"2020-10-12T14:30:49+00:00","twitter_card":"summary_large_image","twitter_misc":{"Dur\u00e9e de lecture estim\u00e9e":"2 minutes"},"schema":{"@context":"https:\/\/schema.org","@graph":[{"@type":"WebPage","@id":"https:\/\/www.perfectvanwamel.com\/fr\/secteurs\/","url":"https:\/\/www.perfectvanwamel.com\/fr\/secteurs\/","name":"Secteurs - PERFECT - Van Wamel","isPartOf":{"@id":"https:\/\/www.perfectvanwamel.com\/fr\/#website"},"datePublished":"2020-10-01T12:39:35+00:00","dateModified":"2020-10-12T14:30:49+00:00","breadcrumb":{"@id":"https:\/\/www.perfectvanwamel.com\/fr\/secteurs\/#breadcrumb"},"inLanguage":"fr-FR","potentialAction":[{"@type":"ReadAction","target":["https:\/\/www.perfectvanwamel.com\/fr\/secteurs\/"]}]},{"@type":"BreadcrumbList","@id":"https:\/\/www.perfectvanwamel.com\/fr\/secteurs\/#breadcrumb","itemListElement":[{"@type":"ListItem","position":1,"name":"Home","item":"https:\/\/staging.perfectvanwamel.com\/fr\/"},{"@type":"ListItem","position":2,"name":"Secteurs"}]},{"@type":"WebSite","@id":"https:\/\/www.perfectvanwamel.com\/fr\/#website","url":"https:\/\/www.perfectvanwamel.com\/fr\/","name":"PERFECT - Van Wamel","description":"","potentialAction":[{"@type":"SearchAction","target":{"@type":"EntryPoint","urlTemplate":"https:\/\/www.perfectvanwamel.com\/fr\/?s={search_term_string}"},"query-input":{"@type":"PropertyValueSpecification","valueRequired":true,"valueName":"search_term_string"}}],"inLanguage":"fr-FR"}]}},"_links":{"self":[{"href":"https:\/\/www.perfectvanwamel.com\/fr\/wp-json\/wp\/v2\/pages\/6394","targetHints":{"allow":["GET"]}}],"collection":[{"href":"https:\/\/www.perfectvanwamel.com\/fr\/wp-json\/wp\/v2\/pages"}],"about":[{"href":"https:\/\/www.perfectvanwamel.com\/fr\/wp-json\/wp\/v2\/types\/page"}],"author":[{"embeddable":true,"href":"https:\/\/www.perfectvanwamel.com\/fr\/wp-json\/wp\/v2\/users\/1"}],"replies":[{"embeddable":true,"href":"https:\/\/www.perfectvanwamel.com\/fr\/wp-json\/wp\/v2\/comments?post=6394"}],"version-history":[{"count":8,"href":"https:\/\/www.perfectvanwamel.com\/fr\/wp-json\/wp\/v2\/pages\/6394\/revisions"}],"predecessor-version":[{"id":7320,"href":"https:\/\/www.perfectvanwamel.com\/fr\/wp-json\/wp\/v2\/pages\/6394\/revisions\/7320"}],"wp:attachment":[{"href":"https:\/\/www.perfectvanwamel.com\/fr\/wp-json\/wp\/v2\/media?parent=6394"}],"curies":[{"name":"wp","href":"https:\/\/api.w.org\/{rel}","templated":true}]}}