{"id":6404,"date":"2020-10-01T14:54:45","date_gmt":"2020-10-01T12:54:45","guid":{"rendered":"https:\/\/www.perfectvanwamel.com\/fruitteelt-wijnbouw\/fauchage\/"},"modified":"2026-03-17T09:45:51","modified_gmt":"2026-03-17T08:45:51","slug":"fauchage","status":"publish","type":"page","link":"https:\/\/www.perfectvanwamel.com\/fr\/secteurs\/fruitteelt-wijnbouw\/fauchage\/","title":{"rendered":"Fauchage"},"content":{"rendered":"<section class=\"l-section wpb_row height_small\"><div class=\"l-section-h i-cf\"><div class=\"g-cols vc_row type_default valign_top reversed\"><div class=\"vc_col-sm-12 wpb_column vc_column_container\"><div class=\"vc_column-inner\"><div class=\"wpb_wrapper\">[vc_custom_heading text=&#8221;Fauchage en verger \/ vignoble&#8221; font_container=&#8221;tag:h1|text_align:left&#8221; use_theme_fonts=&#8221;yes&#8221;]<div class=\"w-image align_none\"><div class=\"w-image-h\"><img decoding=\"async\" width=\"1600\" height=\"620\" src=\"https:\/\/www.perfectvanwamel.com\/wp-content\/uploads\/2026\/03\/Maaien-in-fruitteelt-wijnbouw.jpg\" class=\"attachment-us_1600_620_crop size-us_1600_620_crop\" alt=\"\" srcset=\"https:\/\/www.perfectvanwamel.com\/wp-content\/uploads\/2026\/03\/Maaien-in-fruitteelt-wijnbouw.jpg 1600w, https:\/\/www.perfectvanwamel.com\/wp-content\/uploads\/2026\/03\/Maaien-in-fruitteelt-wijnbouw-300x116.jpg 300w, https:\/\/www.perfectvanwamel.com\/wp-content\/uploads\/2026\/03\/Maaien-in-fruitteelt-wijnbouw-1024x397.jpg 1024w, https:\/\/www.perfectvanwamel.com\/wp-content\/uploads\/2026\/03\/Maaien-in-fruitteelt-wijnbouw-600x233.jpg 600w\" sizes=\"(max-width: 1600px) 100vw, 1600px\" \/><\/div><\/div><div class=\"w-separator size_medium\"><\/div><div class=\"g-cols wpb_row  type_default valign_top vc_inner\"><div class=\"vc_col-sm-12 wpb_column vc_column_container\"><div class=\"vc_column-inner\"><div class=\"wpb_wrapper\"><div class=\"wpb_text_column\" ><div class=\"wpb_wrapper\"><p>PERFECT \u2013 Van Wamel est <span class=\"--l --r hover:bg-blue-100 hover:dark:bg-blue-600\"><span class=\"--l container-target\">depuis<\/span><\/span> <span class=\"--l --r hover:bg-blue-100 hover:dark:bg-blue-600\"><span class=\"container-target\">pr\u00e8s<\/span><\/span> <span class=\"--l --r hover:bg-blue-100 hover:dark:bg-blue-600\"><span class=\"container-target\">de<\/span><\/span> <span class=\"--l --r hover:bg-blue-100 hover:dark:bg-blue-600\"><span class=\"container-target\">80<\/span><\/span> <span class=\"--l --r hover:bg-blue-100 hover:dark:bg-blue-600\"><span class=\"--r container-target\">ans <\/span><\/span>votre adresse pour les faucheuses sp\u00e9cialis\u00e9es utilis\u00e9es dans l\u2019arboriculture et la viticulture.<\/p>\n<p>Nous avons durant cette p\u00e9riode cr\u00e9\u00e9 un tr\u00e8s vaste assortiment. Nous sommes donc fiers de pouvoir proposer la faucheuse rotative qui convient pour chaque producteur et chaque parcelle dans le monde entier.<\/p>\n<p>Dans la construction de nos faucheuses rotatives pour vergers, nous faisons de la qualit\u00e9 de la fauche et de la machine elle-m\u00eame (et donc de sa dur\u00e9e de vie) une priorit\u00e9. Des producteurs de fruits et des viticulteurs sur tous les continents travaillent depuis de nombreuses ann\u00e9es et \u00e0 leur plus grande satisfaction avec des faucheuses PERFECT, confirmant qu\u2019elles font partie des championnes dans leur cat\u00e9gorie.<\/p>\n<h2><strong>Tondeuses arboricoles<\/strong><\/h2>\n<p>L\u2019assortiment PERFECT contient diverses faucheuses sur patins \u00e0 <a href=\"https:\/\/www.perfectvanwamel.com\/fr\/secteurs\/fruitteelt-wijnbouw\/fauchage\/largeur-fixe\/\">largeur de travail fixe<\/a>, faucheuses pour vergers \u00e0 largeur de <a href=\"https:\/\/www.perfectvanwamel.com\/fr\/secteurs\/fruitteelt-wijnbouw\/fauchage\/largeur-de-coupe-variable\/\">travail variable<\/a> et <a href=\"https:\/\/www.perfectvanwamel.com\/fr\/secteurs\/fruitteelt-wijnbouw\/fauchage\/dans-le-rang-lintercep\/\">faucheuses rotatives avec 1 ou 2 disques<\/a> pour faucher dans les rang\u00e9es.<\/p>\n<\/div><\/div><\/div><\/div><\/div><\/div><\/div><\/div><\/div><\/div><\/div><\/section><section class=\"l-section wpb_row height_small\"><div class=\"l-section-h i-cf\"><div class=\"g-cols vc_row type_default valign_top\"><div class=\"vc_col-sm-12 wpb_column vc_column_container\"><div class=\"vc_column-inner\"><div class=\"wpb_wrapper\"><div class=\"w-grid type_carousel layout_3514\" id=\"us_grid_1\"><style id=\"us_grid_1_css\">#us_grid_1 .w-grid-item{padding:1.5rem}#us_grid_1 .w-grid-list{margin:-1.5rem}.w-grid + #us_grid_1 .w-grid-list{margin-top:1.5rem}<\/style><style>.layout_3514 .w-grid-item-h{}.layout_3514 .usg_post_title_1{margin-top:0.8rem!important;margin-bottom:0.2rem!important;font-family:'Interstate', sans-serif!important;font-size:1rem!important}<\/style><div class=\"w-grid-list owl-carousel navstyle_circle navpos_outside\"><article class=\"w-grid-item post-5824 page type-page status-publish has-post-thumbnail hentry\" data-id=\"5824\">\r\n\t<div class=\"w-grid-item-h\">\r\n\t\t\t\t<div class=\"w-vwrapper usg_vwrapper_1 align_left valign_top \"><div class=\"w-post-elm post_image usg_post_image_1 stretched\"><a href=\"https:\/\/www.perfectvanwamel.com\/fr\/secteurs\/fruitteelt-wijnbouw\/fauchage\/largeur-fixe\/\" aria-label=\"Largeur fixe\"><img decoding=\"async\" width=\"300\" height=\"225\" src=\"https:\/\/www.perfectvanwamel.com\/wp-content\/uploads\/2026\/03\/vaste-werkbreedte-300x225.jpg\" class=\"attachment-us_300_225_crop size-us_300_225_crop wp-post-image\" alt=\"\" \/><\/a><\/div><h2 class=\"w-post-elm post_title usg_post_title_1 entry-title color_link_inherit\"><a href=\"https:\/\/www.perfectvanwamel.com\/fr\/secteurs\/fruitteelt-wijnbouw\/fauchage\/largeur-fixe\/\">Largeur fixe<\/a><\/h2><\/div>\t<\/div>\r\n<\/article>\r\n<article class=\"w-grid-item post-5804 page type-page status-publish has-post-thumbnail hentry\" data-id=\"5804\">\r\n\t<div class=\"w-grid-item-h\">\r\n\t\t\t\t<div class=\"w-vwrapper usg_vwrapper_1 align_left valign_top \"><div class=\"w-post-elm post_image usg_post_image_1 stretched\"><a href=\"https:\/\/www.perfectvanwamel.com\/fr\/secteurs\/fruitteelt-wijnbouw\/fauchage\/largeur-de-coupe-variable\/\" aria-label=\"Largeur de coupe variable\"><img decoding=\"async\" width=\"300\" height=\"225\" src=\"https:\/\/www.perfectvanwamel.com\/wp-content\/uploads\/2026\/03\/verstelbare-werkbreedte-300x225.jpg\" class=\"attachment-us_300_225_crop size-us_300_225_crop wp-post-image\" alt=\"\" \/><\/a><\/div><h2 class=\"w-post-elm post_title usg_post_title_1 entry-title color_link_inherit\"><a href=\"https:\/\/www.perfectvanwamel.com\/fr\/secteurs\/fruitteelt-wijnbouw\/fauchage\/largeur-de-coupe-variable\/\">Largeur de coupe variable<\/a><\/h2><\/div>\t<\/div>\r\n<\/article>\r\n<article class=\"w-grid-item post-5742 page type-page status-publish has-post-thumbnail hentry\" data-id=\"5742\">\r\n\t<div class=\"w-grid-item-h\">\r\n\t\t\t\t<div class=\"w-vwrapper usg_vwrapper_1 align_left valign_top \"><div class=\"w-post-elm post_image usg_post_image_1 stretched\"><a href=\"https:\/\/www.perfectvanwamel.com\/fr\/secteurs\/fruitteelt-wijnbouw\/fauchage\/dans-le-rang-lintercep\/\" aria-label=\"Dans le rang \/ l&#8217;intercep\"><img decoding=\"async\" width=\"300\" height=\"225\" src=\"https:\/\/www.perfectvanwamel.com\/wp-content\/uploads\/2026\/03\/rondom-bomen-en-ranken-1-300x225.jpg\" class=\"attachment-us_300_225_crop size-us_300_225_crop wp-post-image\" alt=\"\" \/><\/a><\/div><h2 class=\"w-post-elm post_title usg_post_title_1 entry-title color_link_inherit\"><a href=\"https:\/\/www.perfectvanwamel.com\/fr\/secteurs\/fruitteelt-wijnbouw\/fauchage\/dans-le-rang-lintercep\/\">Dans le rang \/ l&#8217;intercep<\/a><\/h2><\/div>\t<\/div>\r\n<\/article>\r\n<\/div>\t<div class=\"g-preloader type_1\">\r\n\t\t<div><\/div>\r\n\t<\/div>\r\n\t\t<div class=\"w-grid-json hidden\" onclick='return {&quot;ajax_url&quot;:&quot;https:\\\/\\\/www.perfectvanwamel.com\\\/wp-admin\\\/admin-ajax.php&quot;,&quot;permalink_url&quot;:&quot;https:\\\/\\\/www.perfectvanwamel.com\\\/fr\\\/secteurs\\\/fruitteelt-wijnbouw\\\/fauchage\\\/dans-le-rang-lintercep\\\/&quot;,&quot;action&quot;:&quot;us_ajax_grid&quot;,&quot;max_num_pages&quot;:1,&quot;infinite_scroll&quot;:0,&quot;template_vars&quot;:{&quot;query_args&quot;:{&quot;ignore_sticky_posts&quot;:1,&quot;post_type&quot;:&quot;any&quot;,&quot;post__in&quot;:[&quot;1585&quot;,&quot;1595&quot;,&quot;1602&quot;],&quot;orderby&quot;:{&quot;date&quot;:&quot;DESC&quot;},&quot;posts_per_page&quot;:&quot;10&quot;},&quot;post_id&quot;:6404,&quot;us_grid_index&quot;:1,&quot;us_grid_ajax_index&quot;:null,&quot;exclude_items&quot;:&quot;none&quot;,&quot;items_offset&quot;:&quot;1&quot;,&quot;items_layout&quot;:&quot;3514&quot;,&quot;type&quot;:&quot;carousel&quot;,&quot;columns&quot;:&quot;3&quot;,&quot;img_size&quot;:&quot;us_300_225_crop&quot;,&quot;overriding_link&quot;:&quot;none&quot;,&quot;lang&quot;:&quot;fr&quot;},&quot;carousel_settings&quot;:{&quot;items&quot;:&quot;3&quot;,&quot;nav&quot;:1,&quot;navNext&quot;:&quot;&quot;,&quot;navPrev&quot;:&quot;&quot;,&quot;dots&quot;:0,&quot;center&quot;:0,&quot;autoplay&quot;:0,&quot;smooth_play&quot;:0,&quot;timeout&quot;:3000,&quot;speed&quot;:250,&quot;transition&quot;:&quot;&quot;,&quot;autoHeight&quot;:0,&quot;slideby&quot;:&quot;1&quot;},&quot;carousel_breakpoints&quot;:{&quot;1200&quot;:{&quot;items&quot;:3},&quot;900&quot;:{&quot;items&quot;:3,&quot;autoplay&quot;:1,&quot;autoplayHoverPause&quot;:1,&quot;autoHeight&quot;:0},&quot;600&quot;:{&quot;items&quot;:2,&quot;autoplay&quot;:1,&quot;autoplayHoverPause&quot;:1,&quot;autoHeight&quot;:0},&quot;0&quot;:{&quot;items&quot;:1,&quot;autoplay&quot;:1,&quot;autoplayHoverPause&quot;:1,&quot;autoHeight&quot;:0}}}'><\/div>\r\n<\/div><\/div><\/div><\/div><\/div><\/div><\/section>\n","protected":false},"excerpt":{"rendered":"[vc_custom_heading text=\"Faucheuses rotatives \u00e0 satellites pour l\u2019arboriculture et la viticulture\" font_container=\"tag:h1|text_align:left\" use_theme_fonts=\"yes\"]L\u2019utilisation de produits chimiques pour le d\u00e9sherbage sous les arbres est dans un nombre croissant de pays limit\u00e9e, voire interdite. Les faucheuses rotatives \u00e0 disque mobile PERFECT sont depuis des d\u00e9cennies une solution \u00e9prouv\u00e9e pour la tonte de l&#8217;herbe et autre v\u00e9g\u00e9tation sous les...","protected":false},"author":1,"featured_media":28666,"parent":5713,"menu_order":0,"comment_status":"closed","ping_status":"closed","template":"","meta":{"_acf_changed":false,"footnotes":""},"class_list":["post-6404","page","type-page","status-publish","has-post-thumbnail","hentry"],"acf":[],"yoast_head":"<!-- This site is optimized with the Yoast SEO plugin v27.4 - https:\/\/yoast.com\/product\/yoast-seo-wordpress\/ -->\n<title>Fauchage - PERFECT - Van Wamel<\/title>\n<meta name=\"robots\" content=\"index, follow, max-snippet:-1, max-image-preview:large, max-video-preview:-1\" \/>\n<link rel=\"canonical\" href=\"https:\/\/www.perfectvanwamel.com\/fr\/secteurs\/fruitteelt-wijnbouw\/fauchage\/\" \/>\n<meta property=\"og:locale\" content=\"fr_FR\" \/>\n<meta property=\"og:type\" content=\"article\" \/>\n<meta property=\"og:title\" content=\"Fauchage - PERFECT - Van Wamel\" \/>\n<meta property=\"og:url\" content=\"https:\/\/www.perfectvanwamel.com\/fr\/secteurs\/fruitteelt-wijnbouw\/fauchage\/\" \/>\n<meta property=\"og:site_name\" content=\"PERFECT - Van Wamel\" \/>\n<meta property=\"article:modified_time\" content=\"2026-03-17T08:45:51+00:00\" \/>\n<meta property=\"og:image\" content=\"https:\/\/staging.perfectvanwamel.com\/wp-content\/uploads\/2026\/03\/Maaien-fruitteelt.jpg\" \/>\n\t<meta property=\"og:image:width\" content=\"1728\" \/>\n\t<meta property=\"og:image:height\" content=\"1728\" \/>\n\t<meta property=\"og:image:type\" content=\"image\/jpeg\" \/>\n<meta name=\"twitter:card\" content=\"summary_large_image\" \/>\n<meta name=\"twitter:label1\" content=\"Dur\u00e9e de lecture estim\u00e9e\" \/>\n\t<meta name=\"twitter:data1\" content=\"2 minutes\" \/>\n<script type=\"application\/ld+json\" class=\"yoast-schema-graph\">{\"@context\":\"https:\\\/\\\/schema.org\",\"@graph\":[{\"@type\":\"WebPage\",\"@id\":\"https:\\\/\\\/www.perfectvanwamel.com\\\/fr\\\/secteurs\\\/fruitteelt-wijnbouw\\\/fauchage\\\/\",\"url\":\"https:\\\/\\\/www.perfectvanwamel.com\\\/fr\\\/secteurs\\\/fruitteelt-wijnbouw\\\/fauchage\\\/\",\"name\":\"Fauchage - PERFECT - Van Wamel\",\"isPartOf\":{\"@id\":\"https:\\\/\\\/www.perfectvanwamel.com\\\/fr\\\/#website\"},\"primaryImageOfPage\":{\"@id\":\"https:\\\/\\\/www.perfectvanwamel.com\\\/fr\\\/secteurs\\\/fruitteelt-wijnbouw\\\/fauchage\\\/#primaryimage\"},\"image\":{\"@id\":\"https:\\\/\\\/www.perfectvanwamel.com\\\/fr\\\/secteurs\\\/fruitteelt-wijnbouw\\\/fauchage\\\/#primaryimage\"},\"thumbnailUrl\":\"https:\\\/\\\/www.perfectvanwamel.com\\\/wp-content\\\/uploads\\\/2026\\\/03\\\/Maaien-fruitteelt.jpg\",\"datePublished\":\"2020-10-01T12:54:45+00:00\",\"dateModified\":\"2026-03-17T08:45:51+00:00\",\"breadcrumb\":{\"@id\":\"https:\\\/\\\/www.perfectvanwamel.com\\\/fr\\\/secteurs\\\/fruitteelt-wijnbouw\\\/fauchage\\\/#breadcrumb\"},\"inLanguage\":\"fr-FR\",\"potentialAction\":[{\"@type\":\"ReadAction\",\"target\":[\"https:\\\/\\\/www.perfectvanwamel.com\\\/fr\\\/secteurs\\\/fruitteelt-wijnbouw\\\/fauchage\\\/\"]}]},{\"@type\":\"ImageObject\",\"inLanguage\":\"fr-FR\",\"@id\":\"https:\\\/\\\/www.perfectvanwamel.com\\\/fr\\\/secteurs\\\/fruitteelt-wijnbouw\\\/fauchage\\\/#primaryimage\",\"url\":\"https:\\\/\\\/www.perfectvanwamel.com\\\/wp-content\\\/uploads\\\/2026\\\/03\\\/Maaien-fruitteelt.jpg\",\"contentUrl\":\"https:\\\/\\\/www.perfectvanwamel.com\\\/wp-content\\\/uploads\\\/2026\\\/03\\\/Maaien-fruitteelt.jpg\",\"width\":1728,\"height\":1728},{\"@type\":\"BreadcrumbList\",\"@id\":\"https:\\\/\\\/www.perfectvanwamel.com\\\/fr\\\/secteurs\\\/fruitteelt-wijnbouw\\\/fauchage\\\/#breadcrumb\",\"itemListElement\":[{\"@type\":\"ListItem\",\"position\":1,\"name\":\"Home\",\"item\":\"https:\\\/\\\/staging.perfectvanwamel.com\\\/fr\\\/\"},{\"@type\":\"ListItem\",\"position\":2,\"name\":\"Secteurs\",\"item\":\"https:\\\/\\\/staging.perfectvanwamel.com\\\/fr\\\/secteurs\\\/\"},{\"@type\":\"ListItem\",\"position\":3,\"name\":\"Arboriculture &#038; Viticulture\",\"item\":\"https:\\\/\\\/staging.perfectvanwamel.com\\\/fr\\\/secteurs\\\/fruitteelt-wijnbouw\\\/\"},{\"@type\":\"ListItem\",\"position\":4,\"name\":\"Fauchage\"}]},{\"@type\":\"WebSite\",\"@id\":\"https:\\\/\\\/www.perfectvanwamel.com\\\/fr\\\/#website\",\"url\":\"https:\\\/\\\/www.perfectvanwamel.com\\\/fr\\\/\",\"name\":\"PERFECT - Van Wamel\",\"description\":\"\",\"potentialAction\":[{\"@type\":\"SearchAction\",\"target\":{\"@type\":\"EntryPoint\",\"urlTemplate\":\"https:\\\/\\\/www.perfectvanwamel.com\\\/fr\\\/?s={search_term_string}\"},\"query-input\":{\"@type\":\"PropertyValueSpecification\",\"valueRequired\":true,\"valueName\":\"search_term_string\"}}],\"inLanguage\":\"fr-FR\"}]}<\/script>\n<!-- \/ Yoast SEO plugin. -->","yoast_head_json":{"title":"Fauchage - PERFECT - Van Wamel","robots":{"index":"index","follow":"follow","max-snippet":"max-snippet:-1","max-image-preview":"max-image-preview:large","max-video-preview":"max-video-preview:-1"},"canonical":"https:\/\/www.perfectvanwamel.com\/fr\/secteurs\/fruitteelt-wijnbouw\/fauchage\/","og_locale":"fr_FR","og_type":"article","og_title":"Fauchage - PERFECT - Van Wamel","og_url":"https:\/\/www.perfectvanwamel.com\/fr\/secteurs\/fruitteelt-wijnbouw\/fauchage\/","og_site_name":"PERFECT - Van Wamel","article_modified_time":"2026-03-17T08:45:51+00:00","og_image":[{"width":1728,"height":1728,"url":"https:\/\/staging.perfectvanwamel.com\/wp-content\/uploads\/2026\/03\/Maaien-fruitteelt.jpg","type":"image\/jpeg"}],"twitter_card":"summary_large_image","twitter_misc":{"Dur\u00e9e de lecture estim\u00e9e":"2 minutes"},"schema":{"@context":"https:\/\/schema.org","@graph":[{"@type":"WebPage","@id":"https:\/\/www.perfectvanwamel.com\/fr\/secteurs\/fruitteelt-wijnbouw\/fauchage\/","url":"https:\/\/www.perfectvanwamel.com\/fr\/secteurs\/fruitteelt-wijnbouw\/fauchage\/","name":"Fauchage - PERFECT - Van Wamel","isPartOf":{"@id":"https:\/\/www.perfectvanwamel.com\/fr\/#website"},"primaryImageOfPage":{"@id":"https:\/\/www.perfectvanwamel.com\/fr\/secteurs\/fruitteelt-wijnbouw\/fauchage\/#primaryimage"},"image":{"@id":"https:\/\/www.perfectvanwamel.com\/fr\/secteurs\/fruitteelt-wijnbouw\/fauchage\/#primaryimage"},"thumbnailUrl":"https:\/\/www.perfectvanwamel.com\/wp-content\/uploads\/2026\/03\/Maaien-fruitteelt.jpg","datePublished":"2020-10-01T12:54:45+00:00","dateModified":"2026-03-17T08:45:51+00:00","breadcrumb":{"@id":"https:\/\/www.perfectvanwamel.com\/fr\/secteurs\/fruitteelt-wijnbouw\/fauchage\/#breadcrumb"},"inLanguage":"fr-FR","potentialAction":[{"@type":"ReadAction","target":["https:\/\/www.perfectvanwamel.com\/fr\/secteurs\/fruitteelt-wijnbouw\/fauchage\/"]}]},{"@type":"ImageObject","inLanguage":"fr-FR","@id":"https:\/\/www.perfectvanwamel.com\/fr\/secteurs\/fruitteelt-wijnbouw\/fauchage\/#primaryimage","url":"https:\/\/www.perfectvanwamel.com\/wp-content\/uploads\/2026\/03\/Maaien-fruitteelt.jpg","contentUrl":"https:\/\/www.perfectvanwamel.com\/wp-content\/uploads\/2026\/03\/Maaien-fruitteelt.jpg","width":1728,"height":1728},{"@type":"BreadcrumbList","@id":"https:\/\/www.perfectvanwamel.com\/fr\/secteurs\/fruitteelt-wijnbouw\/fauchage\/#breadcrumb","itemListElement":[{"@type":"ListItem","position":1,"name":"Home","item":"https:\/\/staging.perfectvanwamel.com\/fr\/"},{"@type":"ListItem","position":2,"name":"Secteurs","item":"https:\/\/staging.perfectvanwamel.com\/fr\/secteurs\/"},{"@type":"ListItem","position":3,"name":"Arboriculture &#038; Viticulture","item":"https:\/\/staging.perfectvanwamel.com\/fr\/secteurs\/fruitteelt-wijnbouw\/"},{"@type":"ListItem","position":4,"name":"Fauchage"}]},{"@type":"WebSite","@id":"https:\/\/www.perfectvanwamel.com\/fr\/#website","url":"https:\/\/www.perfectvanwamel.com\/fr\/","name":"PERFECT - Van Wamel","description":"","potentialAction":[{"@type":"SearchAction","target":{"@type":"EntryPoint","urlTemplate":"https:\/\/www.perfectvanwamel.com\/fr\/?s={search_term_string}"},"query-input":{"@type":"PropertyValueSpecification","valueRequired":true,"valueName":"search_term_string"}}],"inLanguage":"fr-FR"}]}},"_links":{"self":[{"href":"https:\/\/www.perfectvanwamel.com\/fr\/wp-json\/wp\/v2\/pages\/6404","targetHints":{"allow":["GET"]}}],"collection":[{"href":"https:\/\/www.perfectvanwamel.com\/fr\/wp-json\/wp\/v2\/pages"}],"about":[{"href":"https:\/\/www.perfectvanwamel.com\/fr\/wp-json\/wp\/v2\/types\/page"}],"author":[{"embeddable":true,"href":"https:\/\/www.perfectvanwamel.com\/fr\/wp-json\/wp\/v2\/users\/1"}],"replies":[{"embeddable":true,"href":"https:\/\/www.perfectvanwamel.com\/fr\/wp-json\/wp\/v2\/comments?post=6404"}],"version-history":[{"count":7,"href":"https:\/\/www.perfectvanwamel.com\/fr\/wp-json\/wp\/v2\/pages\/6404\/revisions"}],"predecessor-version":[{"id":28683,"href":"https:\/\/www.perfectvanwamel.com\/fr\/wp-json\/wp\/v2\/pages\/6404\/revisions\/28683"}],"up":[{"embeddable":true,"href":"https:\/\/www.perfectvanwamel.com\/fr\/wp-json\/wp\/v2\/pages\/5713"}],"wp:featuredmedia":[{"embeddable":true,"href":"https:\/\/www.perfectvanwamel.com\/fr\/wp-json\/wp\/v2\/media\/28666"}],"wp:attachment":[{"href":"https:\/\/www.perfectvanwamel.com\/fr\/wp-json\/wp\/v2\/media?parent=6404"}],"curies":[{"name":"wp","href":"https:\/\/api.w.org\/{rel}","templated":true}]}}