{"id":6425,"date":"2020-10-01T15:16:24","date_gmt":"2020-10-01T13:16:24","guid":{"rendered":"https:\/\/www.perfectvanwamel.com\/secteurs\/grandes-cultures-et-elevage\/fauchage-de-prairies\/"},"modified":"2026-03-17T08:57:46","modified_gmt":"2026-03-17T07:57:46","slug":"fauchage-de-prairies","status":"publish","type":"page","link":"https:\/\/www.perfectvanwamel.com\/fr\/secteurs\/grandes-cultures-et-elevage\/fauchage-de-prairies\/","title":{"rendered":"Fauchage de prairies"},"content":{"rendered":"<section class=\"l-section wpb_row height_small\"><div class=\"l-section-h i-cf\"><div class=\"g-cols vc_row type_default valign_top reversed\"><div class=\"vc_col-sm-12 wpb_column vc_column_container\"><div class=\"vc_column-inner\"><div class=\"wpb_wrapper\">[vc_custom_heading text=&#8221;Tondeuses de praireis&#8221; font_container=&#8221;tag:h1|text_align:left&#8221; use_theme_fonts=&#8221;yes&#8221;]<div class=\"g-cols wpb_row  type_default valign_top vc_inner\"><div class=\"vc_col-sm-12 wpb_column vc_column_container\"><div class=\"vc_column-inner\"><div class=\"wpb_wrapper\"><div class=\"w-image align_none\"><div class=\"w-image-h\"><img decoding=\"async\" width=\"1600\" height=\"620\" src=\"https:\/\/www.perfectvanwamel.com\/wp-content\/uploads\/2026\/03\/Weilandbloten-in-de-veehouderij.jpg\" class=\"attachment-us_1600_620_crop size-us_1600_620_crop\" alt=\"\" srcset=\"https:\/\/www.perfectvanwamel.com\/wp-content\/uploads\/2026\/03\/Weilandbloten-in-de-veehouderij.jpg 1600w, https:\/\/www.perfectvanwamel.com\/wp-content\/uploads\/2026\/03\/Weilandbloten-in-de-veehouderij-300x116.jpg 300w, https:\/\/www.perfectvanwamel.com\/wp-content\/uploads\/2026\/03\/Weilandbloten-in-de-veehouderij-1024x397.jpg 1024w, https:\/\/www.perfectvanwamel.com\/wp-content\/uploads\/2026\/03\/Weilandbloten-in-de-veehouderij-600x233.jpg 600w\" sizes=\"(max-width: 1600px) 100vw, 1600px\" \/><\/div><\/div><div class=\"w-separator size_medium\"><\/div><div class=\"wpb_text_column\" ><div class=\"wpb_wrapper\"><p>Pour le fauchage ou la recoupe de prairies dans l\u2019\u00e9levage, PERFECT \u2013 Van Wamel a cr\u00e9\u00e9 plusieurs types de gyrotondeuses.<\/p>\n<p>Le fauchage permet d\u2019\u00e9liminer les chardons ou autres mauvaises herbes ind\u00e9sirables et d\u2019\u00e9viter leur prolif\u00e9ration dans votre prairie. Cette tonde r\u00e9guli\u00e8re permet en outre une reprise homog\u00e8ne de la croissance de l\u2019herbe sur toute la parcelle. La gyrotondeuse r\u00e9partit de plus la bouse sur le terrain, qui ne peut plus emp\u00eacher \u00e0 certains endroits la croissance de l\u2019herbe.<\/p>\n<p>Gr\u00e2ce \u00e0 une robuste transmission par courroie trap\u00e9zo\u00efdale, les couteaux des tondeuses PERFECT ont une grande puissance et une grande capacit\u00e9, ce qui d\u00e9bouche sur un r\u00e9sultat magnifique de la fauche. Des plaques de guidage dans la partie inf\u00e9rieure de la tondeuse veillent \u00e0 ce que le produit de la fauche soit r\u00e9parti de fa\u00e7on r\u00e9guli\u00e8re sur toute la largeur.<\/p>\n<\/div><\/div><div class=\"wpb_text_column\" ><div class=\"wpb_wrapper\"><h2><strong>Tondeuses de refus<\/strong><\/h2>\n<p>Vous trouverez ci-dessous un aper\u00e7u de nos mod\u00e8les \u00e0 entra\u00eenement par courroie trap\u00e9zo\u00efdale et par bo\u00eete \u00e0 engrenages<\/p>\n<\/div><\/div><\/div><\/div><\/div><\/div><\/div><\/div><\/div><\/div><\/div><\/section><section class=\"l-section wpb_row height_small\"><div class=\"l-section-h i-cf\"><div class=\"g-cols vc_row type_default valign_top\"><div class=\"vc_col-sm-12 wpb_column vc_column_container\"><div class=\"vc_column-inner\"><div class=\"wpb_wrapper\"><div class=\"w-grid type_carousel layout_3514\" id=\"us_grid_1\"><style id=\"us_grid_1_css\">#us_grid_1 .w-grid-item{padding:1.5rem}#us_grid_1 .w-grid-list{margin:-1.5rem}.w-grid + #us_grid_1 .w-grid-list{margin-top:1.5rem}<\/style><style>.layout_3514 .w-grid-item-h{}.layout_3514 .usg_post_title_1{margin-top:0.8rem!important;margin-bottom:0.2rem!important;font-family:'Interstate', sans-serif!important;font-size:1rem!important}<\/style><div class=\"w-grid-list owl-carousel navstyle_circle navpos_outside\"><article class=\"w-grid-item post-6391 product type-product status-publish has-post-thumbnail product_cat-fauchage-de-prairies pa_aftakas-opm-540-fr pa_denkende-schijf-nee-fr pa_gewicht-kg-360-fr pa_gewicht-kg-460-fr pa_gewicht-kg-510-fr pa_gewicht-kg-670-fr pa_hefinrichting-tractor-cat-i-ii-fr pa_maaihoogte-cm-4-14-fr pa_maairotors-aantal-2-fr pa_maairotors-aantal-3-fr pa_maairotors-aantal-4-fr pa_maairotors-opm-1540-fr pa_maairotors-opm-1685-fr pa_max-parallellogram-verstek-135-fr pa_max-parallellogram-verstek-200-fr pa_max-parallellogram-verstek-218-fr pa_max-parallellogram-verstek-224-fr pa_maximum-handmatig-standaard-135-fr pa_maximum-handmatig-standaard-205-fr pa_maximum-handmatig-standaard-220-fr pa_maximum-handmatig-standaard-230-fr pa_min-benodigd-vermogen-kw-pk-18-25-fr pa_min-benodigd-vermogen-kw-pk-26-35-fr pa_min-benodigd-vermogen-kw-pk-29-40-fr pa_min-benodigd-vermogen-kw-pk-33-45-fr pa_minimum-centr-aankoppeling-122-fr pa_minimum-centr-aankoppeling-138-fr pa_minimum-centr-aankoppeling-183-fr pa_minimum-centr-aankoppeling-93-fr pa_totale-breedte-cm-194-fr pa_totale-breedte-cm-258-fr pa_totale-breedte-cm-284-fr pa_totale-breedte-cm-374-fr pa_werkbreedte-cm-120-fr pa_werkbreedte-cm-245-fr pa_werkbreedte-cm-275-fr pa_werkbreedte-cm-360-fr first instock shipping-taxable product-type-simple\" data-id=\"6391\">\r\n\t<div class=\"w-grid-item-h\">\r\n\t\t\t\t<div class=\"w-vwrapper usg_vwrapper_1 align_left valign_top \"><div class=\"w-post-elm post_image usg_post_image_1 stretched\"><a href=\"https:\/\/www.perfectvanwamel.com\/fr\/produit\/tondeuse-serie-lb\/\" aria-label=\"S\u00e9rie LB, la tondeuse id\u00e9ale avec entra\u00eenement \u00e0 courroie trap\u00e9zo\u00efdale\"><img decoding=\"async\" width=\"1772\" height=\"1068\" src=\"https:\/\/www.perfectvanwamel.com\/wp-content\/uploads\/2019\/08\/LB-275V.jpg\" class=\"attachment-shop_catalog size-shop_catalog wp-post-image\" alt=\"LB-275V\" srcset=\"https:\/\/www.perfectvanwamel.com\/wp-content\/uploads\/2019\/08\/LB-275V.jpg 1772w, https:\/\/www.perfectvanwamel.com\/wp-content\/uploads\/2019\/08\/LB-275V-300x181.jpg 300w, https:\/\/www.perfectvanwamel.com\/wp-content\/uploads\/2019\/08\/LB-275V-1024x617.jpg 1024w, https:\/\/www.perfectvanwamel.com\/wp-content\/uploads\/2019\/08\/LB-275V-600x362.jpg 600w\" sizes=\"(max-width: 1772px) 100vw, 1772px\" \/><\/a><\/div><h2 class=\"w-post-elm post_title usg_post_title_1 woocommerce-loop-product__title color_link_inherit\"><a href=\"https:\/\/www.perfectvanwamel.com\/fr\/produit\/tondeuse-serie-lb\/\">S\u00e9rie LB, la tondeuse id\u00e9ale avec entra\u00eenement \u00e0 courroie trap\u00e9zo\u00efdale<\/a><\/h2><\/div>\t<\/div>\r\n<\/article>\r\n<article class=\"w-grid-item post-6503 product type-product status-publish has-post-thumbnail product_cat-fauchage-de-prairies pa_aantal-maaimessen-2-fr pa_aantal-maaimessen-3-fr pa_aftakas-opm-37-50-fr pa_aftakas-opm-41-55-fr pa_aftakas-opm-45-60-fr pa_aftakas-opm-56-75-fr pa_gewicht-kg-470-fr pa_gewicht-kg-490-fr pa_gewicht-kg-625-fr pa_gewicht-kg-700-fr pa_maaihoogte-cm-4-14-fr pa_max-verstrek-midden-cm-141-fr pa_max-verstrek-midden-cm-156-fr pa_max-verstrek-midden-cm-171-fr pa_max-verstrek-midden-cm-186-fr pa_transportbreedte-cm-195-fr pa_transportbreedte-cm-225-fr pa_transportbreedte-cm-255-fr pa_transportbreedte-cm-285-fr pa_werkbreedte-cm-185-fr pa_werkbreedte-cm-215-fr pa_werkbreedte-cm-245-fr pa_werkbreedte-cm-275-fr  instock shipping-taxable product-type-simple\" data-id=\"6503\">\r\n\t<div class=\"w-grid-item-h\">\r\n\t\t\t\t<div class=\"w-vwrapper usg_vwrapper_1 align_left valign_top \"><div class=\"w-post-elm post_image usg_post_image_1 stretched\"><a href=\"https:\/\/www.perfectvanwamel.com\/fr\/produit\/faucheuse-rotative-serie-lk\/\" aria-label=\"Faucheuse rotative grande puissance, s\u00e9rie LK\"><img decoding=\"async\" width=\"1844\" height=\"1026\" src=\"https:\/\/www.perfectvanwamel.com\/wp-content\/uploads\/2019\/12\/LK.jpg\" class=\"attachment-shop_catalog size-shop_catalog wp-post-image\" alt=\"\" srcset=\"https:\/\/www.perfectvanwamel.com\/wp-content\/uploads\/2019\/12\/LK.jpg 1844w, https:\/\/www.perfectvanwamel.com\/wp-content\/uploads\/2019\/12\/LK-300x167.jpg 300w, https:\/\/www.perfectvanwamel.com\/wp-content\/uploads\/2019\/12\/LK-1024x570.jpg 1024w, https:\/\/www.perfectvanwamel.com\/wp-content\/uploads\/2019\/12\/LK-600x334.jpg 600w\" sizes=\"(max-width: 1844px) 100vw, 1844px\" \/><\/a><\/div><h2 class=\"w-post-elm post_title usg_post_title_1 woocommerce-loop-product__title color_link_inherit\"><a href=\"https:\/\/www.perfectvanwamel.com\/fr\/produit\/faucheuse-rotative-serie-lk\/\">Faucheuse rotative grande puissance, s\u00e9rie LK<\/a><\/h2><\/div>\t<\/div>\r\n<\/article>\r\n<article class=\"w-grid-item post-6504 product type-product status-publish has-post-thumbnail product_cat-fauchage-de-prairies pa_aftakas-opm-540-fr pa_hefinrichting-tractor-cat-ii-fr pa_maaihoogte-cm-4-14-fr pa_maairotors-aantal-3-fr pa_maairotors-opm-1685-fr pa_werkbreedte-cm-275-fr last instock shipping-taxable product-type-simple\" data-id=\"6504\">\r\n\t<div class=\"w-grid-item-h\">\r\n\t\t\t\t<div class=\"w-vwrapper usg_vwrapper_1 align_left valign_top \"><div class=\"w-post-elm post_image usg_post_image_1 stretched\"><a href=\"https:\/\/www.perfectvanwamel.com\/fr\/produit\/tondeuse-avec-deport-total-modele-sv2-275\/\" aria-label=\"Tondeuse avec d\u00e9port total, mod\u00e9le SV2-275\"><img decoding=\"async\" width=\"1821\" height=\"1289\" src=\"https:\/\/www.perfectvanwamel.com\/wp-content\/uploads\/2019\/12\/SV2-275.jpg\" class=\"attachment-shop_catalog size-shop_catalog wp-post-image\" alt=\"\" srcset=\"https:\/\/www.perfectvanwamel.com\/wp-content\/uploads\/2019\/12\/SV2-275.jpg 1821w, https:\/\/www.perfectvanwamel.com\/wp-content\/uploads\/2019\/12\/SV2-275-300x212.jpg 300w, https:\/\/www.perfectvanwamel.com\/wp-content\/uploads\/2019\/12\/SV2-275-1024x725.jpg 1024w, https:\/\/www.perfectvanwamel.com\/wp-content\/uploads\/2019\/12\/SV2-275-600x425.jpg 600w\" sizes=\"(max-width: 1821px) 100vw, 1821px\" \/><\/a><\/div><h2 class=\"w-post-elm post_title usg_post_title_1 woocommerce-loop-product__title color_link_inherit\"><a href=\"https:\/\/www.perfectvanwamel.com\/fr\/produit\/tondeuse-avec-deport-total-modele-sv2-275\/\">Tondeuse avec d\u00e9port total, mod\u00e9le SV2-275<\/a><\/h2><\/div>\t<\/div>\r\n<\/article>\r\n<\/div>\t<div class=\"g-preloader type_1\">\r\n\t\t<div><\/div>\r\n\t<\/div>\r\n\t\t<div class=\"w-grid-json hidden\" onclick='return {&quot;ajax_url&quot;:&quot;https:\\\/\\\/www.perfectvanwamel.com\\\/wp-admin\\\/admin-ajax.php&quot;,&quot;permalink_url&quot;:&quot;https:\\\/\\\/www.perfectvanwamel.com\\\/fr\\\/produit\\\/tondeuse-avec-deport-total-modele-sv2-275\\\/&quot;,&quot;action&quot;:&quot;us_ajax_grid&quot;,&quot;max_num_pages&quot;:1,&quot;infinite_scroll&quot;:0,&quot;template_vars&quot;:{&quot;query_args&quot;:{&quot;ignore_sticky_posts&quot;:1,&quot;post_type&quot;:&quot;any&quot;,&quot;post__in&quot;:[&quot;120&quot;,&quot;688&quot;,&quot;687&quot;],&quot;orderby&quot;:{&quot;post__in&quot;:&quot;ASC&quot;},&quot;posts_per_page&quot;:&quot;10&quot;},&quot;post_id&quot;:6425,&quot;us_grid_index&quot;:1,&quot;us_grid_ajax_index&quot;:null,&quot;exclude_items&quot;:&quot;none&quot;,&quot;items_offset&quot;:&quot;1&quot;,&quot;items_layout&quot;:&quot;3514&quot;,&quot;type&quot;:&quot;carousel&quot;,&quot;columns&quot;:&quot;3&quot;,&quot;img_size&quot;:&quot;shop_catalog&quot;,&quot;overriding_link&quot;:&quot;none&quot;,&quot;lang&quot;:&quot;fr&quot;},&quot;carousel_settings&quot;:{&quot;items&quot;:&quot;3&quot;,&quot;nav&quot;:1,&quot;navNext&quot;:&quot;&quot;,&quot;navPrev&quot;:&quot;&quot;,&quot;dots&quot;:0,&quot;center&quot;:0,&quot;autoplay&quot;:0,&quot;smooth_play&quot;:0,&quot;timeout&quot;:3000,&quot;speed&quot;:250,&quot;transition&quot;:&quot;&quot;,&quot;autoHeight&quot;:0,&quot;slideby&quot;:&quot;1&quot;},&quot;carousel_breakpoints&quot;:{&quot;1200&quot;:{&quot;items&quot;:3},&quot;900&quot;:{&quot;items&quot;:3,&quot;autoplay&quot;:1,&quot;autoplayHoverPause&quot;:1,&quot;autoHeight&quot;:0},&quot;600&quot;:{&quot;items&quot;:2,&quot;autoplay&quot;:1,&quot;autoplayHoverPause&quot;:1,&quot;autoHeight&quot;:0},&quot;0&quot;:{&quot;items&quot;:1,&quot;autoplay&quot;:1,&quot;autoplayHoverPause&quot;:1,&quot;autoHeight&quot;:0}}}'><\/div>\r\n<\/div><\/div><\/div><\/div><\/div><\/div><\/section>\n","protected":false},"excerpt":{"rendered":"La SV2-275 est une robuste faucheuse rotative permettant de faucher compl\u00e8tement \u00e0 c\u00f4t\u00e9 de la piste du tracteur. La port\u00e9e maximale est de 3,85 m\u00e8tres depuis le centre du tracteur. L\u2019entra\u00eenement r\u00e9fl\u00e9chi par courroie trap\u00e9zo\u00efdale \u00e0 tension automatique garantit une transmission optimale de la force aux couteaux. Les patins profil\u00e9s permettent \u00e0 la SV2-275 de...","protected":false},"author":1,"featured_media":28650,"parent":6418,"menu_order":0,"comment_status":"closed","ping_status":"closed","template":"","meta":{"_acf_changed":false,"footnotes":""},"class_list":["post-6425","page","type-page","status-publish","has-post-thumbnail","hentry"],"acf":[],"yoast_head":"<!-- This site is optimized with the Yoast SEO plugin v27.4 - https:\/\/yoast.com\/product\/yoast-seo-wordpress\/ -->\n<title>Fauchage de prairies - PERFECT - Van Wamel<\/title>\n<meta name=\"robots\" content=\"index, follow, max-snippet:-1, max-image-preview:large, max-video-preview:-1\" \/>\n<link rel=\"canonical\" href=\"https:\/\/www.perfectvanwamel.com\/fr\/secteurs\/grandes-cultures-et-elevage\/fauchage-de-prairies\/\" \/>\n<meta property=\"og:locale\" content=\"fr_FR\" \/>\n<meta property=\"og:type\" content=\"article\" \/>\n<meta property=\"og:title\" content=\"Fauchage de prairies - PERFECT - Van Wamel\" \/>\n<meta property=\"og:url\" content=\"https:\/\/www.perfectvanwamel.com\/fr\/secteurs\/grandes-cultures-et-elevage\/fauchage-de-prairies\/\" \/>\n<meta property=\"og:site_name\" content=\"PERFECT - Van Wamel\" \/>\n<meta property=\"article:modified_time\" content=\"2026-03-17T07:57:46+00:00\" \/>\n<meta property=\"og:image\" content=\"https:\/\/staging.perfectvanwamel.com\/wp-content\/uploads\/2026\/03\/Weilandbloten.jpg\" \/>\n\t<meta property=\"og:image:width\" content=\"1728\" \/>\n\t<meta property=\"og:image:height\" content=\"1728\" \/>\n\t<meta property=\"og:image:type\" content=\"image\/jpeg\" \/>\n<meta name=\"twitter:card\" content=\"summary_large_image\" \/>\n<meta name=\"twitter:label1\" content=\"Dur\u00e9e de lecture estim\u00e9e\" \/>\n\t<meta name=\"twitter:data1\" content=\"1 minute\" \/>\n<script type=\"application\/ld+json\" class=\"yoast-schema-graph\">{\"@context\":\"https:\\\/\\\/schema.org\",\"@graph\":[{\"@type\":\"WebPage\",\"@id\":\"https:\\\/\\\/www.perfectvanwamel.com\\\/fr\\\/secteurs\\\/grandes-cultures-et-elevage\\\/fauchage-de-prairies\\\/\",\"url\":\"https:\\\/\\\/www.perfectvanwamel.com\\\/fr\\\/secteurs\\\/grandes-cultures-et-elevage\\\/fauchage-de-prairies\\\/\",\"name\":\"Fauchage de prairies - PERFECT - Van Wamel\",\"isPartOf\":{\"@id\":\"https:\\\/\\\/www.perfectvanwamel.com\\\/fr\\\/#website\"},\"primaryImageOfPage\":{\"@id\":\"https:\\\/\\\/www.perfectvanwamel.com\\\/fr\\\/secteurs\\\/grandes-cultures-et-elevage\\\/fauchage-de-prairies\\\/#primaryimage\"},\"image\":{\"@id\":\"https:\\\/\\\/www.perfectvanwamel.com\\\/fr\\\/secteurs\\\/grandes-cultures-et-elevage\\\/fauchage-de-prairies\\\/#primaryimage\"},\"thumbnailUrl\":\"https:\\\/\\\/www.perfectvanwamel.com\\\/wp-content\\\/uploads\\\/2026\\\/03\\\/Weilandbloten.jpg\",\"datePublished\":\"2020-10-01T13:16:24+00:00\",\"dateModified\":\"2026-03-17T07:57:46+00:00\",\"breadcrumb\":{\"@id\":\"https:\\\/\\\/www.perfectvanwamel.com\\\/fr\\\/secteurs\\\/grandes-cultures-et-elevage\\\/fauchage-de-prairies\\\/#breadcrumb\"},\"inLanguage\":\"fr-FR\",\"potentialAction\":[{\"@type\":\"ReadAction\",\"target\":[\"https:\\\/\\\/www.perfectvanwamel.com\\\/fr\\\/secteurs\\\/grandes-cultures-et-elevage\\\/fauchage-de-prairies\\\/\"]}]},{\"@type\":\"ImageObject\",\"inLanguage\":\"fr-FR\",\"@id\":\"https:\\\/\\\/www.perfectvanwamel.com\\\/fr\\\/secteurs\\\/grandes-cultures-et-elevage\\\/fauchage-de-prairies\\\/#primaryimage\",\"url\":\"https:\\\/\\\/www.perfectvanwamel.com\\\/wp-content\\\/uploads\\\/2026\\\/03\\\/Weilandbloten.jpg\",\"contentUrl\":\"https:\\\/\\\/www.perfectvanwamel.com\\\/wp-content\\\/uploads\\\/2026\\\/03\\\/Weilandbloten.jpg\",\"width\":1728,\"height\":1728},{\"@type\":\"BreadcrumbList\",\"@id\":\"https:\\\/\\\/www.perfectvanwamel.com\\\/fr\\\/secteurs\\\/grandes-cultures-et-elevage\\\/fauchage-de-prairies\\\/#breadcrumb\",\"itemListElement\":[{\"@type\":\"ListItem\",\"position\":1,\"name\":\"Home\",\"item\":\"https:\\\/\\\/staging.perfectvanwamel.com\\\/fr\\\/\"},{\"@type\":\"ListItem\",\"position\":2,\"name\":\"Secteurs\",\"item\":\"https:\\\/\\\/staging.perfectvanwamel.com\\\/fr\\\/secteurs\\\/\"},{\"@type\":\"ListItem\",\"position\":3,\"name\":\"Grandes cultures et \u00e9levage\",\"item\":\"https:\\\/\\\/staging.perfectvanwamel.com\\\/fr\\\/secteurs\\\/grandes-cultures-et-elevage\\\/\"},{\"@type\":\"ListItem\",\"position\":4,\"name\":\"Fauchage de prairies\"}]},{\"@type\":\"WebSite\",\"@id\":\"https:\\\/\\\/www.perfectvanwamel.com\\\/fr\\\/#website\",\"url\":\"https:\\\/\\\/www.perfectvanwamel.com\\\/fr\\\/\",\"name\":\"PERFECT - Van Wamel\",\"description\":\"\",\"potentialAction\":[{\"@type\":\"SearchAction\",\"target\":{\"@type\":\"EntryPoint\",\"urlTemplate\":\"https:\\\/\\\/www.perfectvanwamel.com\\\/fr\\\/?s={search_term_string}\"},\"query-input\":{\"@type\":\"PropertyValueSpecification\",\"valueRequired\":true,\"valueName\":\"search_term_string\"}}],\"inLanguage\":\"fr-FR\"}]}<\/script>\n<!-- \/ Yoast SEO plugin. -->","yoast_head_json":{"title":"Fauchage de prairies - PERFECT - Van Wamel","robots":{"index":"index","follow":"follow","max-snippet":"max-snippet:-1","max-image-preview":"max-image-preview:large","max-video-preview":"max-video-preview:-1"},"canonical":"https:\/\/www.perfectvanwamel.com\/fr\/secteurs\/grandes-cultures-et-elevage\/fauchage-de-prairies\/","og_locale":"fr_FR","og_type":"article","og_title":"Fauchage de prairies - PERFECT - Van Wamel","og_url":"https:\/\/www.perfectvanwamel.com\/fr\/secteurs\/grandes-cultures-et-elevage\/fauchage-de-prairies\/","og_site_name":"PERFECT - Van Wamel","article_modified_time":"2026-03-17T07:57:46+00:00","og_image":[{"width":1728,"height":1728,"url":"https:\/\/staging.perfectvanwamel.com\/wp-content\/uploads\/2026\/03\/Weilandbloten.jpg","type":"image\/jpeg"}],"twitter_card":"summary_large_image","twitter_misc":{"Dur\u00e9e de lecture estim\u00e9e":"1 minute"},"schema":{"@context":"https:\/\/schema.org","@graph":[{"@type":"WebPage","@id":"https:\/\/www.perfectvanwamel.com\/fr\/secteurs\/grandes-cultures-et-elevage\/fauchage-de-prairies\/","url":"https:\/\/www.perfectvanwamel.com\/fr\/secteurs\/grandes-cultures-et-elevage\/fauchage-de-prairies\/","name":"Fauchage de prairies - PERFECT - Van Wamel","isPartOf":{"@id":"https:\/\/www.perfectvanwamel.com\/fr\/#website"},"primaryImageOfPage":{"@id":"https:\/\/www.perfectvanwamel.com\/fr\/secteurs\/grandes-cultures-et-elevage\/fauchage-de-prairies\/#primaryimage"},"image":{"@id":"https:\/\/www.perfectvanwamel.com\/fr\/secteurs\/grandes-cultures-et-elevage\/fauchage-de-prairies\/#primaryimage"},"thumbnailUrl":"https:\/\/www.perfectvanwamel.com\/wp-content\/uploads\/2026\/03\/Weilandbloten.jpg","datePublished":"2020-10-01T13:16:24+00:00","dateModified":"2026-03-17T07:57:46+00:00","breadcrumb":{"@id":"https:\/\/www.perfectvanwamel.com\/fr\/secteurs\/grandes-cultures-et-elevage\/fauchage-de-prairies\/#breadcrumb"},"inLanguage":"fr-FR","potentialAction":[{"@type":"ReadAction","target":["https:\/\/www.perfectvanwamel.com\/fr\/secteurs\/grandes-cultures-et-elevage\/fauchage-de-prairies\/"]}]},{"@type":"ImageObject","inLanguage":"fr-FR","@id":"https:\/\/www.perfectvanwamel.com\/fr\/secteurs\/grandes-cultures-et-elevage\/fauchage-de-prairies\/#primaryimage","url":"https:\/\/www.perfectvanwamel.com\/wp-content\/uploads\/2026\/03\/Weilandbloten.jpg","contentUrl":"https:\/\/www.perfectvanwamel.com\/wp-content\/uploads\/2026\/03\/Weilandbloten.jpg","width":1728,"height":1728},{"@type":"BreadcrumbList","@id":"https:\/\/www.perfectvanwamel.com\/fr\/secteurs\/grandes-cultures-et-elevage\/fauchage-de-prairies\/#breadcrumb","itemListElement":[{"@type":"ListItem","position":1,"name":"Home","item":"https:\/\/staging.perfectvanwamel.com\/fr\/"},{"@type":"ListItem","position":2,"name":"Secteurs","item":"https:\/\/staging.perfectvanwamel.com\/fr\/secteurs\/"},{"@type":"ListItem","position":3,"name":"Grandes cultures et \u00e9levage","item":"https:\/\/staging.perfectvanwamel.com\/fr\/secteurs\/grandes-cultures-et-elevage\/"},{"@type":"ListItem","position":4,"name":"Fauchage de prairies"}]},{"@type":"WebSite","@id":"https:\/\/www.perfectvanwamel.com\/fr\/#website","url":"https:\/\/www.perfectvanwamel.com\/fr\/","name":"PERFECT - Van Wamel","description":"","potentialAction":[{"@type":"SearchAction","target":{"@type":"EntryPoint","urlTemplate":"https:\/\/www.perfectvanwamel.com\/fr\/?s={search_term_string}"},"query-input":{"@type":"PropertyValueSpecification","valueRequired":true,"valueName":"search_term_string"}}],"inLanguage":"fr-FR"}]}},"_links":{"self":[{"href":"https:\/\/www.perfectvanwamel.com\/fr\/wp-json\/wp\/v2\/pages\/6425","targetHints":{"allow":["GET"]}}],"collection":[{"href":"https:\/\/www.perfectvanwamel.com\/fr\/wp-json\/wp\/v2\/pages"}],"about":[{"href":"https:\/\/www.perfectvanwamel.com\/fr\/wp-json\/wp\/v2\/types\/page"}],"author":[{"embeddable":true,"href":"https:\/\/www.perfectvanwamel.com\/fr\/wp-json\/wp\/v2\/users\/1"}],"replies":[{"embeddable":true,"href":"https:\/\/www.perfectvanwamel.com\/fr\/wp-json\/wp\/v2\/comments?post=6425"}],"version-history":[{"count":3,"href":"https:\/\/www.perfectvanwamel.com\/fr\/wp-json\/wp\/v2\/pages\/6425\/revisions"}],"predecessor-version":[{"id":28658,"href":"https:\/\/www.perfectvanwamel.com\/fr\/wp-json\/wp\/v2\/pages\/6425\/revisions\/28658"}],"up":[{"embeddable":true,"href":"https:\/\/www.perfectvanwamel.com\/fr\/wp-json\/wp\/v2\/pages\/6418"}],"wp:featuredmedia":[{"embeddable":true,"href":"https:\/\/www.perfectvanwamel.com\/fr\/wp-json\/wp\/v2\/media\/28650"}],"wp:attachment":[{"href":"https:\/\/www.perfectvanwamel.com\/fr\/wp-json\/wp\/v2\/media?parent=6425"}],"curies":[{"name":"wp","href":"https:\/\/api.w.org\/{rel}","templated":true}]}}