{"id":6535,"date":"2020-10-02T12:10:59","date_gmt":"2020-10-02T10:10:59","guid":{"rendered":"https:\/\/www.perfectvanwamel.com\/contact\/"},"modified":"2026-03-25T09:28:56","modified_gmt":"2026-03-25T08:28:56","slug":"contact","status":"publish","type":"page","link":"https:\/\/www.perfectvanwamel.com\/fr\/contact\/","title":{"rendered":"Contact"},"content":{"rendered":"<section class=\"l-section wpb_row height_small\"><div class=\"l-section-h i-cf\"><div class=\"g-cols vc_row type_default valign_top\"><div class=\"vc_col-sm-8 wpb_column vc_column_container contact-pagina-form\"><div class=\"vc_column-inner us_custom_e30afda7 \"><div class=\"wpb_wrapper\">[vc_custom_heading text=&#8221;Contactez nous&#8221; use_theme_fonts=&#8221;yes&#8221;]<div class=\"wpb_text_column\" ><div class=\"wpb_wrapper\"><p>Nous souhaitons r\u00e9pondre \u00e0 vos questions le plus rapide\u00a0et compl\u00e8tement que possible. C&#8217;est pour cela que nous vous prions de remplir le formulaire ci-dessous le plus compl\u00e8tement que possible.<\/p>\n<\/div><\/div>\n<div class=\"wpcf7 no-js\" id=\"wpcf7-f6038-o1\" lang=\"fr-FR\" dir=\"ltr\" data-wpcf7-id=\"6038\">\n<div class=\"screen-reader-response\"><p role=\"status\" aria-live=\"polite\" aria-atomic=\"true\"><\/p> <ul><\/ul><\/div>\n<form action=\"\/fr\/wp-json\/wp\/v2\/pages\/6535#wpcf7-f6038-o1\" method=\"post\" class=\"wpcf7-form init\" aria-label=\"Formulaire de contact\" novalidate=\"novalidate\" data-status=\"init\">\n<fieldset class=\"hidden-fields-container\"><input type=\"hidden\" name=\"_wpcf7\" value=\"6038\" \/><input type=\"hidden\" name=\"_wpcf7_version\" value=\"6.1.5\" \/><input type=\"hidden\" name=\"_wpcf7_locale\" value=\"fr_FR\" \/><input type=\"hidden\" name=\"_wpcf7_unit_tag\" value=\"wpcf7-f6038-o1\" \/><input type=\"hidden\" name=\"_wpcf7_container_post\" value=\"0\" \/><input type=\"hidden\" name=\"_wpcf7_posted_data_hash\" value=\"\" \/><input type=\"hidden\" name=\"_wpcf7_recaptcha_response\" value=\"\" \/>\n<\/fieldset>\n<div class=\"g-cols vc_row type_default valign_top contact-form\">\n\t<div class=\"vc_col-sm-6 wpb_column vc_column_container\">\n\t\t<div class=\"vc_column-inner\">\n\t\t\t<p><span class=\"wpcf7-form-control-wrap\" data-name=\"company-name\"><input size=\"40\" maxlength=\"400\" class=\"wpcf7-form-control wpcf7-text\" aria-invalid=\"false\" placeholder=\"Nom de la soci\u00e9t\u00e9\" value=\"\" type=\"text\" name=\"company-name\" \/><\/span>\n\t\t\t<\/p>\n\t\t<\/div>\n\t<\/div>\n\t<div class=\"vc_col-sm-6 wpb_column vc_column_container\">\n\t\t<div class=\"vc_column-inner\">\n\t\t\t<p><span class=\"wpcf7-form-control-wrap\" data-name=\"your-name\"><input size=\"40\" maxlength=\"400\" class=\"wpcf7-form-control wpcf7-text wpcf7-validates-as-required\" aria-required=\"true\" aria-invalid=\"false\" placeholder=\"Nom*\" value=\"\" type=\"text\" name=\"your-name\" \/><\/span>\n\t\t\t<\/p>\n\t\t<\/div>\n\t<\/div>\n\t<div class=\"vc_col-sm-6 wpb_column vc_column_container\">\n\t\t<div class=\"vc_column-inner\">\n\t\t\t<p><span class=\"wpcf7-form-control-wrap\" data-name=\"address\"><input size=\"40\" maxlength=\"400\" class=\"wpcf7-form-control wpcf7-text\" aria-invalid=\"false\" placeholder=\"Adresse\" value=\"\" type=\"text\" name=\"address\" \/><\/span>\n\t\t\t<\/p>\n\t\t<\/div>\n\t<\/div>\n\t<div class=\"vc_col-sm-6 wpb_column vc_column_container\">\n\t\t<div class=\"vc_column-inner\">\n\t\t\t<p><span class=\"wpcf7-form-control-wrap\" data-name=\"postcode\"><input size=\"40\" maxlength=\"400\" class=\"wpcf7-form-control wpcf7-text\" aria-invalid=\"false\" placeholder=\"Code postal\" value=\"\" type=\"text\" name=\"postcode\" \/><\/span>\n\t\t\t<\/p>\n\t\t<\/div>\n\t<\/div>\n\t<div class=\"vc_col-sm-6 wpb_column vc_column_container\">\n\t\t<div class=\"vc_column-inner\">\n\t\t\t<p><span class=\"wpcf7-form-control-wrap\" data-name=\"city\"><input size=\"40\" maxlength=\"400\" class=\"wpcf7-form-control wpcf7-text wpcf7-validates-as-required\" aria-required=\"true\" aria-invalid=\"false\" placeholder=\"Lieu de r\u00e9sidence*\" value=\"\" type=\"text\" name=\"city\" \/><\/span>\n\t\t\t<\/p>\n\t\t<\/div>\n\t<\/div>\n\t<div class=\"vc_col-sm-6 wpb_column vc_column_container\">\n\t\t<div class=\"vc_column-inner\">\n\t\t\t<p><span class=\"wpcf7-form-control-wrap\" data-name=\"land\"><input size=\"40\" maxlength=\"400\" class=\"wpcf7-form-control wpcf7-text wpcf7-validates-as-required\" aria-required=\"true\" aria-invalid=\"false\" placeholder=\"Pays*\" value=\"\" type=\"text\" name=\"land\" \/><\/span>\n\t\t\t<\/p>\n\t\t<\/div>\n\t<\/div>\n\t<div class=\"vc_col-sm-6 wpb_column vc_column_container\">\n\t\t<div class=\"vc_column-inner\">\n\t\t\t<p><span class=\"wpcf7-form-control-wrap\" data-name=\"your-tel\"><input size=\"40\" maxlength=\"400\" class=\"wpcf7-form-control wpcf7-tel wpcf7-text wpcf7-validates-as-tel\" aria-invalid=\"false\" placeholder=\"Num\u00e9ro de t\u00e9l\u00e9phone\" value=\"\" type=\"tel\" name=\"your-tel\" \/><\/span>\n\t\t\t<\/p>\n\t\t<\/div>\n\t<\/div>\n\t<div class=\"vc_col-sm-6 wpb_column vc_column_container\">\n\t\t<div class=\"vc_column-inner\">\n\t\t\t<p><span class=\"wpcf7-form-control-wrap\" data-name=\"your-email\"><input size=\"40\" maxlength=\"400\" class=\"wpcf7-form-control wpcf7-email wpcf7-validates-as-required wpcf7-text wpcf7-validates-as-email\" aria-required=\"true\" aria-invalid=\"false\" placeholder=\"Adresse \u00e9lectronique\" value=\"\" type=\"email\" name=\"your-email\" \/><\/span>\n\t\t\t<\/p>\n\t\t<\/div>\n\t<\/div>\n\t<div class=\"vc_col-sm-12 wpb_column vc_column_container\">\n\t\t<div class=\"vc_column-inner\">\n\t\t\t<p>Message ou commentaire<br \/>\n<span class=\"wpcf7-form-control-wrap\" data-name=\"your-message\"><textarea cols=\"40\" rows=\"10\" maxlength=\"2000\" class=\"wpcf7-form-control wpcf7-textarea wpcf7-validates-as-required\" aria-required=\"true\" aria-invalid=\"false\" placeholder=\"...\" name=\"your-message\"><\/textarea><\/span>\n\t\t\t<\/p>\n\t\t<\/div>\n\t<\/div>\n<\/div>\n<div class=\"vc_col-sm-12 wpb_column vc_column_container\">\n\t<div class=\"vc_column-inner\">\n\t\t<p><strong>Fruits et viticulture<\/strong><span class=\"wpcf7-form-control-wrap\" data-name=\"fruitteelt\"><span class=\"wpcf7-form-control wpcf7-checkbox\"><span class=\"wpcf7-list-item first\"><label><input type=\"checkbox\" name=\"fruitteelt[]\" value=\"Faucheuses circulaires\" \/><span class=\"wpcf7-list-item-label\">Faucheuses circulaires<\/span><\/label><\/span><span class=\"wpcf7-list-item\"><label><input type=\"checkbox\" name=\"fruitteelt[]\" value=\"D\u00e9chiqueteurs de bois d&#039;\u00e9lagage\" \/><span class=\"wpcf7-list-item-label\">D\u00e9chiqueteurs de bois d&#039;\u00e9lagage<\/span><\/label><\/span><span class=\"wpcf7-list-item\"><label><input type=\"checkbox\" name=\"fruitteelt[]\" value=\"Solo-Swing\" \/><span class=\"wpcf7-list-item-label\">Solo-Swing<\/span><\/label><\/span><span class=\"wpcf7-list-item last\"><label><input type=\"checkbox\" name=\"fruitteelt[]\" value=\"Nettoyeurs de bandes\" \/><span class=\"wpcf7-list-item-label\">Nettoyeurs de bandes<\/span><\/label><\/span><\/span><\/span><br \/>\n<strong>Agriculture et ing\u00e9nierie culturelle<\/strong><span class=\"wpcf7-form-control-wrap\" data-name=\"landbouw\"><span class=\"wpcf7-form-control wpcf7-checkbox\"><span class=\"wpcf7-list-item first\"><label><input type=\"checkbox\" name=\"landbouw[]\" value=\"Br\u00fbleurs de prairie\" \/><span class=\"wpcf7-list-item-label\">Br\u00fbleurs de prairie<\/span><\/label><\/span><span class=\"wpcf7-list-item\"><label><input type=\"checkbox\" name=\"landbouw[]\" value=\"Faucheuses \u00e0 fl\u00e9aux\" \/><span class=\"wpcf7-list-item-label\">Faucheuses \u00e0 fl\u00e9aux<\/span><\/label><\/span><span class=\"wpcf7-list-item\"><label><input type=\"checkbox\" name=\"landbouw[]\" value=\"Faucheuses \u00e0 fl\u00e9aux multiples et lat\u00e9rales\" \/><span class=\"wpcf7-list-item-label\">Faucheuses \u00e0 fl\u00e9aux multiples et lat\u00e9rales<\/span><\/label><\/span><span class=\"wpcf7-list-item\"><label><input type=\"checkbox\" name=\"landbouw[]\" value=\"Faucheuses triples\" \/><span class=\"wpcf7-list-item-label\">Faucheuses triples<\/span><\/label><\/span><span class=\"wpcf7-list-item last\"><label><input type=\"checkbox\" name=\"landbouw[]\" value=\"Solo-Swing\" \/><span class=\"wpcf7-list-item-label\">Solo-Swing<\/span><\/label><\/span><\/span><\/span><br \/>\n<strong>Je souhaite recevoir<\/strong><span class=\"wpcf7-form-control-wrap\" data-name=\"folder\"><span class=\"wpcf7-form-control wpcf7-checkbox\"><span class=\"wpcf7-list-item first\"><label><input type=\"checkbox\" name=\"folder[]\" value=\"D\u00e9pliants et prix\" \/><span class=\"wpcf7-list-item-label\">D\u00e9pliants et prix<\/span><\/label><\/span><span class=\"wpcf7-list-item last\"><label><input type=\"checkbox\" name=\"folder[]\" value=\"Coordonn\u00e9es de mon revendeur Perfect le plus proche\" \/><span class=\"wpcf7-list-item-label\">Coordonn\u00e9es de mon revendeur Perfect le plus proche<\/span><\/label><\/span><\/span><\/span>\n\t\t<\/p>\n\t<\/div>\n<\/div>\n<p><strong>D\u00e9claration de confidentialit\u00e9<\/strong><br \/>\n<span class=\"wpcf7-form-control-wrap\" data-name=\"terms\"><span class=\"wpcf7-form-control wpcf7-acceptance\"><span class=\"wpcf7-list-item\"><label><input type=\"checkbox\" name=\"terms\" value=\"1\" aria-invalid=\"false\" \/><span class=\"wpcf7-list-item-label\">J'accepte que mes donn\u00e9es soient stock\u00e9es.<\/span><\/label><\/span><\/span><\/span>\n<\/p>\n<p><input class=\"wpcf7-form-control wpcf7-submit has-spinner\" type=\"submit\" value=\"Exp\u00e9dition\" \/>\n<\/p><div class=\"wpcf7-response-output\" aria-hidden=\"true\"><\/div>\n<\/form>\n<\/div>\n<\/div><\/div><\/div><div class=\"vc_col-sm-4 wpb_column vc_column_container\"><div class=\"vc_column-inner\"><div class=\"wpb_wrapper\"><div class=\"g-cols wpb_row  us_custom_62e46706 type_default valign_top vc_inner\"><div class=\"vc_col-sm-12 wpb_column vc_column_container\"><div class=\"vc_column-inner us_custom_31214a47 \"><div class=\"wpb_wrapper\">[vc_custom_heading text=&#8221;PERFECT van Wamel&#8221; use_theme_fonts=&#8221;yes&#8221;]<div class=\"wpb_text_column\" ><div class=\"wpb_wrapper\"><p>Energieweg 1<br \/>6658AE Beneden-Leeuwen<br \/>Nederland<\/p>\n<p>KvK: 10022212<br \/>BTW nr: NL.004064537B06<\/p>\n<\/div><\/div><\/div><\/div><\/div><\/div><div class=\"g-cols wpb_row  us_custom_62e46706 type_default valign_top vc_inner\"><div class=\"vc_col-sm-12 wpb_column vc_column_container\"><div class=\"vc_column-inner us_custom_31214a47 \"><div class=\"wpb_wrapper\">[vc_custom_heading text=&#8221;D\u00e9tails du contact&#8221; use_theme_fonts=&#8221;yes&#8221;]<div class=\"wpb_text_column\" ><div class=\"wpb_wrapper\"><p><strong>Onderdelen\/Spare Parts &amp; Service:<br \/>\n<\/strong>Email: <strong><a href=\"mailto:parts@vanwamel.nl\">parts@vanwamel.nl<\/a><\/strong><br \/>Tel: <a href=\"tel:+31(0) 487 74 58 07\">+31(0) 487 74 58 07<\/a><\/p>\n<p><strong>Verkoop\/Sales Machines:<br \/>\n<\/strong>Email<strong>:<a href=\"mailto:sales@vanwamel.nl\"> sales@vanwamel.nl<\/a><br \/>\n<\/strong><strong><br \/>\nEmail:<a href=\"mailto:service@vanwamel.nl\"> service@vanwamel.nl<\/a><br \/>\n<\/strong>Tel: <a href=\"tel:+31 (0)6 5799 6622\">+31 (0)6 5799 6622<\/a> (after hours)<\/p>\n<\/div><\/div><\/div><\/div><\/div><\/div><div class=\"g-cols wpb_row  us_custom_f2b6838a type_default valign_top vc_inner\"><div class=\"vc_col-sm-12 wpb_column vc_column_container\"><div class=\"vc_column-inner us_custom_31214a47 \"><div class=\"wpb_wrapper\">[vc_custom_heading text=&#8221;Horaires d&apos;ouvertures Bureau&#8221; use_theme_fonts=&#8221;yes&#8221;]<div class=\"wpb_text_column\" ><div class=\"wpb_wrapper\"><p>Lundi \u00e0 vendredi<\/p>\n<p>08h30 &#8211; 12h00 et 12h30 &#8211; 17h00<\/p>\n<\/div><\/div><\/div><\/div><\/div><\/div><\/div><\/div><\/div><\/div><\/div><\/section><section class=\"l-section wpb_row height_small\"><div class=\"l-section-h i-cf\"><div class=\"g-cols vc_row type_default valign_top\"><div class=\"vc_col-sm-12 wpb_column vc_column_container\"><div class=\"vc_column-inner\"><div class=\"wpb_wrapper\">[vc_raw_html]PGlmcmFtZSBzdHlsZT0iYm9yZGVyOiAwOyIgdGFiaW5kZXg9IjAiIHNyYz0iaHR0cHM6Ly93d3cuZ29vZ2xlLmNvbS9tYXBzL2VtYmVkP3BiPSExbTE4ITFtMTIhMW0zITFkMjQ2Mi42MzAzNjAyMTU3NDEzITJkNS41MzA2NTY1MTY0NzQyMTUhM2Q1MS44ODU5NTk1Nzk2OTkwNiEybTMhMWYwITJmMCEzZjAhM20yITFpMTAyNCEyaTc2OCE0ZjEzLjEhM20zITFtMiExczB4NDdjNmZmNTBhOTBiOWVmNyUzQTB4MTlkOThmNWY2MDM1NWM1MCEyc1ZhbiUyMFdhbWVsJTIwQlYhNWUwITNtMiExc25sITJzbmwhNHYxNjAyNTgwNzQ3NDEzITVtMiExc25sITJzbmwiIHdpZHRoPSIxMDAlIiBoZWlnaHQ9IjQ1MCIgZnJhbWVib3JkZXI9IjAiIGFsbG93ZnVsbHNjcmVlbj0iYWxsb3dmdWxsc2NyZWVuIiBhcmlhLWhpZGRlbj0iZmFsc2UiPjwvaWZyYW1lPg==[\/vc_raw_html]<\/div><\/div><\/div><\/div><\/div><\/section>\n","protected":false},"excerpt":{"rendered":"[vc_custom_heading text=\"Contactez nous\" use_theme_fonts=\"yes\"]Nous souhaitons r\u00e9pondre \u00e0 vos questions le plus rapide\u00a0et compl\u00e8tement que possible. C&#8217;est pour cela que nous vous prions de remplir le formulaire ci-dessous le plus compl\u00e8tement que possible. Message ou commentaire Fruits et viticultureFaucheuses circulairesD\u00e9chiqueteurs de bois d&#039;\u00e9lagageSolo-SwingNettoyeurs de bandes Agriculture et ing\u00e9nierie culturelleBr\u00fbleurs de prairieFaucheuses \u00e0 fl\u00e9auxFaucheuses \u00e0 fl\u00e9aux multiples...","protected":false},"author":1,"featured_media":0,"parent":0,"menu_order":50,"comment_status":"closed","ping_status":"closed","template":"","meta":{"_acf_changed":false,"footnotes":""},"class_list":["post-6535","page","type-page","status-publish","hentry"],"acf":[],"yoast_head":"<!-- This site is optimized with the Yoast SEO plugin v27.6 - https:\/\/yoast.com\/product\/yoast-seo-wordpress\/ -->\n<title>Contact - PERFECT - Van Wamel<\/title>\n<meta name=\"robots\" content=\"index, follow, max-snippet:-1, max-image-preview:large, max-video-preview:-1\" \/>\n<link rel=\"canonical\" href=\"https:\/\/www.perfectvanwamel.com\/fr\/contact\/\" \/>\n<meta property=\"og:locale\" content=\"fr_FR\" \/>\n<meta property=\"og:type\" content=\"article\" \/>\n<meta property=\"og:title\" content=\"Contact - PERFECT - Van Wamel\" \/>\n<meta property=\"og:url\" content=\"https:\/\/www.perfectvanwamel.com\/fr\/contact\/\" \/>\n<meta property=\"og:site_name\" content=\"PERFECT - Van Wamel\" \/>\n<meta property=\"article:modified_time\" content=\"2026-03-25T08:28:56+00:00\" \/>\n<meta name=\"twitter:card\" content=\"summary_large_image\" \/>\n<meta name=\"twitter:label1\" content=\"Dur\u00e9e de lecture estim\u00e9e\" \/>\n\t<meta name=\"twitter:data1\" content=\"2 minutes\" \/>\n<script type=\"application\/ld+json\" class=\"yoast-schema-graph\">{\"@context\":\"https:\\\/\\\/schema.org\",\"@graph\":[{\"@type\":\"WebPage\",\"@id\":\"https:\\\/\\\/www.perfectvanwamel.com\\\/fr\\\/contact\\\/\",\"url\":\"https:\\\/\\\/www.perfectvanwamel.com\\\/fr\\\/contact\\\/\",\"name\":\"Contact - PERFECT - Van Wamel\",\"isPartOf\":{\"@id\":\"https:\\\/\\\/www.perfectvanwamel.com\\\/fr\\\/#website\"},\"datePublished\":\"2020-10-02T10:10:59+00:00\",\"dateModified\":\"2026-03-25T08:28:56+00:00\",\"breadcrumb\":{\"@id\":\"https:\\\/\\\/www.perfectvanwamel.com\\\/fr\\\/contact\\\/#breadcrumb\"},\"inLanguage\":\"fr-FR\",\"potentialAction\":[{\"@type\":\"ReadAction\",\"target\":[\"https:\\\/\\\/www.perfectvanwamel.com\\\/fr\\\/contact\\\/\"]}]},{\"@type\":\"BreadcrumbList\",\"@id\":\"https:\\\/\\\/www.perfectvanwamel.com\\\/fr\\\/contact\\\/#breadcrumb\",\"itemListElement\":[{\"@type\":\"ListItem\",\"position\":1,\"name\":\"Home\",\"item\":\"https:\\\/\\\/staging.perfectvanwamel.com\\\/fr\\\/\"},{\"@type\":\"ListItem\",\"position\":2,\"name\":\"Contact\"}]},{\"@type\":\"WebSite\",\"@id\":\"https:\\\/\\\/www.perfectvanwamel.com\\\/fr\\\/#website\",\"url\":\"https:\\\/\\\/www.perfectvanwamel.com\\\/fr\\\/\",\"name\":\"PERFECT - Van Wamel\",\"description\":\"\",\"potentialAction\":[{\"@type\":\"SearchAction\",\"target\":{\"@type\":\"EntryPoint\",\"urlTemplate\":\"https:\\\/\\\/www.perfectvanwamel.com\\\/fr\\\/?s={search_term_string}\"},\"query-input\":{\"@type\":\"PropertyValueSpecification\",\"valueRequired\":true,\"valueName\":\"search_term_string\"}}],\"inLanguage\":\"fr-FR\"}]}<\/script>\n<!-- \/ Yoast SEO plugin. -->","yoast_head_json":{"title":"Contact - PERFECT - Van Wamel","robots":{"index":"index","follow":"follow","max-snippet":"max-snippet:-1","max-image-preview":"max-image-preview:large","max-video-preview":"max-video-preview:-1"},"canonical":"https:\/\/www.perfectvanwamel.com\/fr\/contact\/","og_locale":"fr_FR","og_type":"article","og_title":"Contact - PERFECT - Van Wamel","og_url":"https:\/\/www.perfectvanwamel.com\/fr\/contact\/","og_site_name":"PERFECT - Van Wamel","article_modified_time":"2026-03-25T08:28:56+00:00","twitter_card":"summary_large_image","twitter_misc":{"Dur\u00e9e de lecture estim\u00e9e":"2 minutes"},"schema":{"@context":"https:\/\/schema.org","@graph":[{"@type":"WebPage","@id":"https:\/\/www.perfectvanwamel.com\/fr\/contact\/","url":"https:\/\/www.perfectvanwamel.com\/fr\/contact\/","name":"Contact - PERFECT - Van Wamel","isPartOf":{"@id":"https:\/\/www.perfectvanwamel.com\/fr\/#website"},"datePublished":"2020-10-02T10:10:59+00:00","dateModified":"2026-03-25T08:28:56+00:00","breadcrumb":{"@id":"https:\/\/www.perfectvanwamel.com\/fr\/contact\/#breadcrumb"},"inLanguage":"fr-FR","potentialAction":[{"@type":"ReadAction","target":["https:\/\/www.perfectvanwamel.com\/fr\/contact\/"]}]},{"@type":"BreadcrumbList","@id":"https:\/\/www.perfectvanwamel.com\/fr\/contact\/#breadcrumb","itemListElement":[{"@type":"ListItem","position":1,"name":"Home","item":"https:\/\/staging.perfectvanwamel.com\/fr\/"},{"@type":"ListItem","position":2,"name":"Contact"}]},{"@type":"WebSite","@id":"https:\/\/www.perfectvanwamel.com\/fr\/#website","url":"https:\/\/www.perfectvanwamel.com\/fr\/","name":"PERFECT - Van Wamel","description":"","potentialAction":[{"@type":"SearchAction","target":{"@type":"EntryPoint","urlTemplate":"https:\/\/www.perfectvanwamel.com\/fr\/?s={search_term_string}"},"query-input":{"@type":"PropertyValueSpecification","valueRequired":true,"valueName":"search_term_string"}}],"inLanguage":"fr-FR"}]}},"_links":{"self":[{"href":"https:\/\/www.perfectvanwamel.com\/fr\/wp-json\/wp\/v2\/pages\/6535","targetHints":{"allow":["GET"]}}],"collection":[{"href":"https:\/\/www.perfectvanwamel.com\/fr\/wp-json\/wp\/v2\/pages"}],"about":[{"href":"https:\/\/www.perfectvanwamel.com\/fr\/wp-json\/wp\/v2\/types\/page"}],"author":[{"embeddable":true,"href":"https:\/\/www.perfectvanwamel.com\/fr\/wp-json\/wp\/v2\/users\/1"}],"replies":[{"embeddable":true,"href":"https:\/\/www.perfectvanwamel.com\/fr\/wp-json\/wp\/v2\/comments?post=6535"}],"version-history":[{"count":22,"href":"https:\/\/www.perfectvanwamel.com\/fr\/wp-json\/wp\/v2\/pages\/6535\/revisions"}],"predecessor-version":[{"id":28891,"href":"https:\/\/www.perfectvanwamel.com\/fr\/wp-json\/wp\/v2\/pages\/6535\/revisions\/28891"}],"wp:attachment":[{"href":"https:\/\/www.perfectvanwamel.com\/fr\/wp-json\/wp\/v2\/media?parent=6535"}],"curies":[{"name":"wp","href":"https:\/\/api.w.org\/{rel}","templated":true}]}}