{"id":6541,"date":"2020-10-02T12:13:05","date_gmt":"2020-10-02T10:13:05","guid":{"rendered":"https:\/\/www.perfectvanwamel.com\/privacy-disclaimer\/"},"modified":"2020-10-06T11:45:49","modified_gmt":"2020-10-06T09:45:49","slug":"privacy-disclaimer","status":"publish","type":"page","link":"https:\/\/www.perfectvanwamel.com\/fr\/privacy-disclaimer\/","title":{"rendered":"Privacy &#038; disclaimer"},"content":{"rendered":"<section class=\"l-section wpb_row height_small\"><div class=\"l-section-h i-cf\"><div class=\"g-cols vc_row type_default valign_top\"><div class=\"vc_col-sm-12 wpb_column vc_column_container\"><div class=\"vc_column-inner\"><div class=\"wpb_wrapper\"><div class=\"g-cols wpb_row  type_default valign_top vc_inner\"><div class=\"vc_col-sm-12 wpb_column vc_column_container\"><div class=\"vc_column-inner\"><div class=\"wpb_wrapper\"><\/div><\/div><\/div><\/div><div class=\"wpb_text_column\" ><div class=\"wpb_wrapper\"><div class=\"page-title\">\n<h2>Politique de confidentialit\u00e9<\/h2>\n<p>PARFECT &#8211; Van Wamel, situ\u00e9 \u00e0 Energieweg 1 6658 AE Beneden-Leeuwen, est responsable du traitement des donn\u00e9es personnelles comme indiqu\u00e9 dans cette d\u00e9claration de confidentialit\u00e9.<\/p>\n<p>D\u00e9tails du contact:<\/p>\n<p>www.perfectvanwamel.com Energieweg 1 6658 AE Beneden-Leeuwen +31 (0) 487 59 29 44<\/p>\n<h2>Donn\u00e9es personnelles que nous traitons<\/h2>\n<p>PERFECT &#8211; Van Wamel traite vos donn\u00e9es personnelles parce que vous utilisez nos services et \/ ou parce que vous nous fournissez vous-m\u00eame ces donn\u00e9es. Vous trouverez ci-dessous un aper\u00e7u des donn\u00e9es personnelles que nous traitons:<\/p>\n<p>&#8211; Pr\u00e9nom et nom<br \/>\n&#8211; Sexe<br \/>\n&#8211; Date de naissance<br \/>\n&#8211; Lieu de naissance<br \/>\n&#8211; Donn\u00e9es d&#8217;adresse<br \/>\n&#8211; Num\u00e9ro de t\u00e9l\u00e9phone<br \/>\n&#8211; Adresse \u00e9lectronique<br \/>\n&#8211; Donn\u00e9es de localisation<\/p>\n<h2>Donn\u00e9es personnelles sp\u00e9ciales et \/ ou sensibles que nous traitons<\/h2>\n<p>Notre site Web et \/ ou service n&#8217;a pas l&#8217;intention de collecter des donn\u00e9es sur les visiteurs du site Web \u00e2g\u00e9s de moins de 16 ans. Sauf s&#8217;ils ont la permission de leurs parents ou tuteurs. Cependant, nous ne pouvons pas v\u00e9rifier si un visiteur a plus de 16 ans. Nous conseillons donc aux parents de s&#8217;impliquer dans les activit\u00e9s en ligne de leurs enfants, afin d&#8217;\u00e9viter que des donn\u00e9es sur les enfants ne soient collect\u00e9es sans le consentement des parents. Si vous \u00eates convaincu que nous avons collect\u00e9 des informations personnelles sur un mineur sans cette autorisation, veuillez nous contacter via info@vanwamel.nl et nous supprimerons ces informations.<\/p>\n<h2>Dans quel but et sur quelle base nous traitons les donn\u00e9es personnelles<\/h2>\n<p>PERFECT &#8211; Van Wamel traite vos donn\u00e9es personnelles aux fins suivantes:<\/p>\n<p>&#8211; Traitement de votre paiement<br \/>\n&#8211; Pour pouvoir vous appeler ou vous envoyer un e-mail si n\u00e9cessaire pour effectuer nos services<br \/>\n&#8211; Pour vous informer des modifications apport\u00e9es \u00e0 nos services et produits<br \/>\n&#8211; Pour vous offrir la possibilit\u00e9 de cr\u00e9er un compte<br \/>\n&#8211; Pour vous livrer des biens et services<br \/>\n&#8211; PERFAIT &#8211; Van Wamel traite \u00e9galement des donn\u00e9es personnelles si nous sommes l\u00e9galement oblig\u00e9s de le faire, telles que les informations dont nous avons besoin pour notre d\u00e9claration de revenus.<\/p>\n<h2>Prise de d\u00e9cision automatis\u00e9e<\/h2>\n<p>PERFECT &#8211; Van Wamel prend des d\u00e9cisions bas\u00e9es sur un traitement automatis\u00e9 sur des sujets qui peuvent avoir des cons\u00e9quences (importantes) pour les personnes. Ce sont des d\u00e9cisions prises par des programmes ou des syst\u00e8mes informatiques, sans impliquer une personne (par exemple, un employ\u00e9 de PERFECT &#8211; Van Wamel).<\/p>\n<h2>Combien de temps conservons-nous les donn\u00e9es personnelles<\/h2>\n<p>PERFECT &#8211; Van Wamel ne conserve pas vos donn\u00e9es personnelles plus longtemps que ce qui est strictement n\u00e9cessaire pour atteindre les finalit\u00e9s pour lesquelles vos donn\u00e9es sont collect\u00e9es. Notre (nos) p\u00e9riode (s) de conservation sont d&#8217;une dur\u00e9e ind\u00e9termin\u00e9e.<\/p>\n<h2>Partage de donn\u00e9es personnelles avec des tiers<\/h2>\n<p>PERFECT- Van Wamel fournit uniquement \u00e0 des tiers et uniquement si cela est n\u00e9cessaire pour l&#8217;ex\u00e9cution de notre accord avec vous ou pour se conformer \u00e0 une obligation l\u00e9gale.<\/p>\n<h2>Cookies, ou techniques similaires, que nous utilisons<\/h2>\n<p>PERFECT &#8211; Van Wamel utilise des cookies fonctionnels, analytiques et de suivi. Un cookie est un petit fichier texte qui est stock\u00e9 dans le navigateur de votre ordinateur, tablette ou smartphone lors de votre premi\u00e8re visite sur ce site. PERFECT &#8211; Van Wamel utilise des cookies avec une fonctionnalit\u00e9 purement technique. Ceux-ci garantissent que le site Web fonctionne correctement et que, par exemple, vos param\u00e8tres pr\u00e9f\u00e9r\u00e9s sont m\u00e9moris\u00e9s. Ces cookies sont \u00e9galement utilis\u00e9s pour faire fonctionner correctement le site Web et pour l&#8217;optimiser. De plus, nous pla\u00e7ons des cookies qui gardent une trace de votre comportement de navigation afin que nous puissions offrir un contenu et des publicit\u00e9s personnalis\u00e9s. Lors de votre premi\u00e8re visite sur notre site Web, nous vous avons d\u00e9j\u00e0 inform\u00e9 de l&#8217;existence de ces cookies et nous vous avons demand\u00e9 l&#8217;autorisation de les placer. Vous pouvez d\u00e9sactiver les cookies en configurant votre navigateur Internet afin qu&#8217;il ne stocke plus de cookies. En outre, vous pouvez \u00e9galement supprimer toutes les informations pr\u00e9c\u00e9demment enregistr\u00e9es via les param\u00e8tres de votre navigateur. Pour une explication, voir: https:\/\/veiliginternetten.nl\/themes\/situation\/cookies-wat-zijn-het-en-wat-doe-ik-ermee\/<\/p>\n<p>Des cookies sont \u00e9galement plac\u00e9s sur ce site Web par des tiers. Il s&#8217;agit, par exemple, des annonceurs et \/ ou des soci\u00e9t\u00e9s de m\u00e9dias sociaux. Ci-dessous un aper\u00e7u:<\/p>\n<p><strong>Types de cookies<\/strong><br \/>\nCookie: Google Tag Manager<br \/>\nNom: _ga, _utma<br \/>\nFonction: cookie analytique qui mesure les visites et la conversion du site Web.<br \/>\nDur\u00e9e de conservation: 2 ans<\/p>\n<h2>Afficher, modifier ou supprimer des donn\u00e9es<\/h2>\n<p>Vous avez le droit de consulter, de corriger ou de supprimer vos donn\u00e9es personnelles. Vous avez \u00e9galement le droit de retirer votre consentement au traitement des donn\u00e9es ou de vous opposer au traitement de vos donn\u00e9es personnelles par PERFECT &#8211; Van Wamel et vous avez le droit \u00e0 la portabilit\u00e9 des donn\u00e9es. Cela signifie que vous pouvez nous soumettre une demande d&#8217;envoi des donn\u00e9es personnelles que nous d\u00e9tenons \u00e0 votre sujet dans un fichier informatique \u00e0 vous ou \u00e0 une autre organisation que vous avez mentionn\u00e9e. Vous pouvez envoyer une demande d&#8217;acc\u00e8s, de correction, de suppression, de transfert de donn\u00e9es de vos donn\u00e9es personnelles ou une demande d&#8217;annulation de votre consentement ou d&#8217;opposition au traitement de vos donn\u00e9es personnelles \u00e0 info@vanwamel.nl. Pour vous assurer que la demande d&#8217;acc\u00e8s a bien \u00e9t\u00e9 faite par vous, nous vous demandons d&#8217;envoyer une copie de votre pi\u00e8ce d&#8217;identit\u00e9 avec la demande. Faites en noir votre photo d&#8217;identit\u00e9, la MRZ (zone lisible par machine, la bande avec les num\u00e9ros au bas du passeport), le num\u00e9ro de passeport et le num\u00e9ro de service aux citoyens (BSN). C&#8217;est pour prot\u00e9ger votre vie priv\u00e9e. Nous r\u00e9pondrons \u00e0 votre demande dans les plus brefs d\u00e9lais, mais dans un d\u00e9lai de quatre semaines. PERFECT &#8211; Van Wamel tient \u00e9galement \u00e0 souligner que vous avez la possibilit\u00e9 de d\u00e9poser une plainte aupr\u00e8s de l&#8217;autorit\u00e9 de contr\u00f4le nationale, l&#8217;autorit\u00e9 n\u00e9erlandaise de protection des donn\u00e9es. Cela peut \u00eatre fait via le lien suivant: https:\/\/autoriteitpersoonsgegevens.nl\/nl\/contact-met-de-autoriteit-persoonsgegevens\/tip-ons<\/p>\n<h2>Comment nous s\u00e9curisons les donn\u00e9es personnelles<\/h2>\n<p>PARFECT &#8211; Van Wamel prend la protection de vos donn\u00e9es au s\u00e9rieux et prend les mesures appropri\u00e9es pour \u00e9viter toute utilisation abusive, perte, acc\u00e8s non autoris\u00e9, divulgation non d\u00e9sir\u00e9e et modifications non autoris\u00e9es. Si vous pensez que vos donn\u00e9es ne sont pas correctement s\u00e9curis\u00e9es ou s&#8217;il y a des signes d&#8217;abus, veuillez contacter notre service client ou via info@vanwamel.nl<\/p>\n<\/div>\n<div class=\"std\"><\/div>\n<\/div><\/div><\/div><\/div><\/div><\/div><\/div><\/section>\n","protected":false},"excerpt":{"rendered":"Politique de confidentialit\u00e9 PARFECT &#8211; Van Wamel, situ\u00e9 \u00e0 Energieweg 1 6658 AE Beneden-Leeuwen, est responsable du traitement des donn\u00e9es personnelles comme indiqu\u00e9 dans cette d\u00e9claration de confidentialit\u00e9. D\u00e9tails du contact: www.perfectvanwamel.com Energieweg 1 6658 AE Beneden-Leeuwen +31 (0) 487 59 29 44 Donn\u00e9es personnelles que nous traitons PERFECT &#8211; Van Wamel traite vos donn\u00e9es...","protected":false},"author":1,"featured_media":0,"parent":0,"menu_order":9999,"comment_status":"closed","ping_status":"closed","template":"","meta":{"_acf_changed":false,"footnotes":""},"class_list":["post-6541","page","type-page","status-publish","hentry"],"acf":[],"yoast_head":"<!-- This site is optimized with the Yoast SEO plugin v27.4 - https:\/\/yoast.com\/product\/yoast-seo-wordpress\/ -->\n<title>Privacy &amp; disclaimer - PERFECT - Van Wamel<\/title>\n<meta name=\"robots\" content=\"index, follow, max-snippet:-1, max-image-preview:large, max-video-preview:-1\" \/>\n<link rel=\"canonical\" href=\"https:\/\/www.perfectvanwamel.com\/fr\/privacy-disclaimer\/\" \/>\n<meta property=\"og:locale\" content=\"fr_FR\" \/>\n<meta property=\"og:type\" content=\"article\" \/>\n<meta property=\"og:title\" content=\"Privacy &amp; disclaimer - PERFECT - Van Wamel\" \/>\n<meta property=\"og:url\" content=\"https:\/\/www.perfectvanwamel.com\/fr\/privacy-disclaimer\/\" \/>\n<meta property=\"og:site_name\" content=\"PERFECT - Van Wamel\" \/>\n<meta property=\"article:modified_time\" content=\"2020-10-06T09:45:49+00:00\" \/>\n<meta name=\"twitter:card\" content=\"summary_large_image\" \/>\n<meta name=\"twitter:label1\" content=\"Dur\u00e9e de lecture estim\u00e9e\" \/>\n\t<meta name=\"twitter:data1\" content=\"6 minutes\" \/>\n<script type=\"application\/ld+json\" class=\"yoast-schema-graph\">{\"@context\":\"https:\\\/\\\/schema.org\",\"@graph\":[{\"@type\":\"WebPage\",\"@id\":\"https:\\\/\\\/www.perfectvanwamel.com\\\/fr\\\/privacy-disclaimer\\\/\",\"url\":\"https:\\\/\\\/www.perfectvanwamel.com\\\/fr\\\/privacy-disclaimer\\\/\",\"name\":\"Privacy & disclaimer - PERFECT - Van Wamel\",\"isPartOf\":{\"@id\":\"https:\\\/\\\/www.perfectvanwamel.com\\\/fr\\\/#website\"},\"datePublished\":\"2020-10-02T10:13:05+00:00\",\"dateModified\":\"2020-10-06T09:45:49+00:00\",\"breadcrumb\":{\"@id\":\"https:\\\/\\\/www.perfectvanwamel.com\\\/fr\\\/privacy-disclaimer\\\/#breadcrumb\"},\"inLanguage\":\"fr-FR\",\"potentialAction\":[{\"@type\":\"ReadAction\",\"target\":[\"https:\\\/\\\/www.perfectvanwamel.com\\\/fr\\\/privacy-disclaimer\\\/\"]}]},{\"@type\":\"BreadcrumbList\",\"@id\":\"https:\\\/\\\/www.perfectvanwamel.com\\\/fr\\\/privacy-disclaimer\\\/#breadcrumb\",\"itemListElement\":[{\"@type\":\"ListItem\",\"position\":1,\"name\":\"Home\",\"item\":\"https:\\\/\\\/staging.perfectvanwamel.com\\\/fr\\\/\"},{\"@type\":\"ListItem\",\"position\":2,\"name\":\"Privacy &#038; disclaimer\"}]},{\"@type\":\"WebSite\",\"@id\":\"https:\\\/\\\/www.perfectvanwamel.com\\\/fr\\\/#website\",\"url\":\"https:\\\/\\\/www.perfectvanwamel.com\\\/fr\\\/\",\"name\":\"PERFECT - Van Wamel\",\"description\":\"\",\"potentialAction\":[{\"@type\":\"SearchAction\",\"target\":{\"@type\":\"EntryPoint\",\"urlTemplate\":\"https:\\\/\\\/www.perfectvanwamel.com\\\/fr\\\/?s={search_term_string}\"},\"query-input\":{\"@type\":\"PropertyValueSpecification\",\"valueRequired\":true,\"valueName\":\"search_term_string\"}}],\"inLanguage\":\"fr-FR\"}]}<\/script>\n<!-- \/ Yoast SEO plugin. -->","yoast_head_json":{"title":"Privacy & disclaimer - PERFECT - Van Wamel","robots":{"index":"index","follow":"follow","max-snippet":"max-snippet:-1","max-image-preview":"max-image-preview:large","max-video-preview":"max-video-preview:-1"},"canonical":"https:\/\/www.perfectvanwamel.com\/fr\/privacy-disclaimer\/","og_locale":"fr_FR","og_type":"article","og_title":"Privacy & disclaimer - PERFECT - Van Wamel","og_url":"https:\/\/www.perfectvanwamel.com\/fr\/privacy-disclaimer\/","og_site_name":"PERFECT - Van Wamel","article_modified_time":"2020-10-06T09:45:49+00:00","twitter_card":"summary_large_image","twitter_misc":{"Dur\u00e9e de lecture estim\u00e9e":"6 minutes"},"schema":{"@context":"https:\/\/schema.org","@graph":[{"@type":"WebPage","@id":"https:\/\/www.perfectvanwamel.com\/fr\/privacy-disclaimer\/","url":"https:\/\/www.perfectvanwamel.com\/fr\/privacy-disclaimer\/","name":"Privacy & disclaimer - PERFECT - Van Wamel","isPartOf":{"@id":"https:\/\/www.perfectvanwamel.com\/fr\/#website"},"datePublished":"2020-10-02T10:13:05+00:00","dateModified":"2020-10-06T09:45:49+00:00","breadcrumb":{"@id":"https:\/\/www.perfectvanwamel.com\/fr\/privacy-disclaimer\/#breadcrumb"},"inLanguage":"fr-FR","potentialAction":[{"@type":"ReadAction","target":["https:\/\/www.perfectvanwamel.com\/fr\/privacy-disclaimer\/"]}]},{"@type":"BreadcrumbList","@id":"https:\/\/www.perfectvanwamel.com\/fr\/privacy-disclaimer\/#breadcrumb","itemListElement":[{"@type":"ListItem","position":1,"name":"Home","item":"https:\/\/staging.perfectvanwamel.com\/fr\/"},{"@type":"ListItem","position":2,"name":"Privacy &#038; disclaimer"}]},{"@type":"WebSite","@id":"https:\/\/www.perfectvanwamel.com\/fr\/#website","url":"https:\/\/www.perfectvanwamel.com\/fr\/","name":"PERFECT - Van Wamel","description":"","potentialAction":[{"@type":"SearchAction","target":{"@type":"EntryPoint","urlTemplate":"https:\/\/www.perfectvanwamel.com\/fr\/?s={search_term_string}"},"query-input":{"@type":"PropertyValueSpecification","valueRequired":true,"valueName":"search_term_string"}}],"inLanguage":"fr-FR"}]}},"_links":{"self":[{"href":"https:\/\/www.perfectvanwamel.com\/fr\/wp-json\/wp\/v2\/pages\/6541","targetHints":{"allow":["GET"]}}],"collection":[{"href":"https:\/\/www.perfectvanwamel.com\/fr\/wp-json\/wp\/v2\/pages"}],"about":[{"href":"https:\/\/www.perfectvanwamel.com\/fr\/wp-json\/wp\/v2\/types\/page"}],"author":[{"embeddable":true,"href":"https:\/\/www.perfectvanwamel.com\/fr\/wp-json\/wp\/v2\/users\/1"}],"replies":[{"embeddable":true,"href":"https:\/\/www.perfectvanwamel.com\/fr\/wp-json\/wp\/v2\/comments?post=6541"}],"version-history":[{"count":3,"href":"https:\/\/www.perfectvanwamel.com\/fr\/wp-json\/wp\/v2\/pages\/6541\/revisions"}],"predecessor-version":[{"id":7010,"href":"https:\/\/www.perfectvanwamel.com\/fr\/wp-json\/wp\/v2\/pages\/6541\/revisions\/7010"}],"wp:attachment":[{"href":"https:\/\/www.perfectvanwamel.com\/fr\/wp-json\/wp\/v2\/media?parent=6541"}],"curies":[{"name":"wp","href":"https:\/\/api.w.org\/{rel}","templated":true}]}}