{"id":16278,"date":"2024-12-08T12:06:40","date_gmt":"2024-12-08T13:08:45","guid":{"rendered":"https:\/\/www.perfectvanwamel.com\/?post_type=product&#038;p=16278"},"modified":"2024-12-09T15:08:35","modified_gmt":"2024-12-09T14:08:35","slug":"wbg-2-sous-soleuse-pour-prairies","status":"publish","type":"product","link":"https:\/\/www.perfectvanwamel.com\/fr\/produit\/wbg-2-sous-soleuse-pour-prairies\/","title":{"rendered":"WBG 2 &#8211; Sous-soleuse pour la bande herbeuse"},"content":{"rendered":"<p><span class=\"fontstyle0\">Avec la sous-soleuse Perfect pour prairies, vous \u00e9liminez le compactage du sol tout en conservant la couche v\u00e9g\u00e9tale intacte. La capacit\u00e9 d\u2019absorption d\u2019eau du sol s\u2019am\u00e9liore, ce qui facilite la conduite de la bande herbeuse au printemps. L\u2019am\u00e9lioration de la structure du sol permet \u00e9galement \u00e0 la bande herbeuse de conserver plus longtemps les bonnes gramin\u00e9es, de sorte que le processus de sur-semis (relativement co\u00fbteux) peut \u00eatre effectu\u00e9 plus tard.<\/span><\/p>\n","protected":false},"excerpt":{"rendered":"<p>Sous-souleuse pour prairies tr\u00e8s robuste \u00e0 2 dents.<\/p>\n<p>Les deux dents, espac\u00e9es de 90 cm, brisent efficacement les couches perturbatrices du sous-sol et le compactage de la couche arable jusqu&#8217;\u00e0 une largeur de 180 cm.<\/p>\n<p>\u00c9quip\u00e9 de s\u00e9rie d&#8217;un disque de coupe avec r\u00e9glage de la broche devant chaque dent et d&#8217;un rouleau Orion \u00d8 47 cm derri\u00e8re chaque dent.<\/p>\n","protected":false},"featured_media":28455,"template":"","meta":{"_acf_changed":false},"product_brand":[],"product_cat":[2407],"product_tag":[],"class_list":{"0":"post-16278","1":"product","2":"type-product","3":"status-publish","4":"has-post-thumbnail","6":"product_cat-entretien-de-la-bande-herbeuse","8":"first","9":"instock","10":"shipping-taxable","11":"product-type-simple"},"acf":[],"yoast_head":"<!-- This site is optimized with the Yoast SEO plugin v27.5 - https:\/\/yoast.com\/product\/yoast-seo-wordpress\/ -->\n<title>WBG 2 - Sous-soleuse pour la bande herbeuse - PERFECT - Van Wamel<\/title>\n<meta name=\"robots\" content=\"index, follow, max-snippet:-1, max-image-preview:large, max-video-preview:-1\" \/>\n<link rel=\"canonical\" href=\"https:\/\/www.perfectvanwamel.com\/fr\/produit\/wbg-2-sous-soleuse-pour-prairies\/\" \/>\n<meta property=\"og:locale\" content=\"fr_FR\" \/>\n<meta property=\"og:type\" content=\"article\" \/>\n<meta property=\"og:title\" content=\"WBG 2 - Sous-soleuse pour la bande herbeuse - PERFECT - Van Wamel\" \/>\n<meta property=\"og:description\" content=\"Sous-souleuse pour prairies tr\u00e8s robuste \u00e0 2 dents.  Les deux dents, espac\u00e9es de 90 cm, brisent efficacement les couches perturbatrices du sous-sol et le compactage de la couche arable jusqu&#039;\u00e0 une largeur de 180 cm.  \u00c9quip\u00e9 de s\u00e9rie d&#039;un disque de coupe avec r\u00e9glage de la broche devant chaque dent et d&#039;un rouleau Orion \u00d8 47 cm derri\u00e8re chaque dent.\" \/>\n<meta property=\"og:url\" content=\"https:\/\/www.perfectvanwamel.com\/fr\/produit\/wbg-2-sous-soleuse-pour-prairies\/\" \/>\n<meta property=\"og:site_name\" content=\"PERFECT - Van Wamel\" \/>\n<meta property=\"article:modified_time\" content=\"2024-12-09T14:08:35+00:00\" \/>\n<meta property=\"og:image\" content=\"https:\/\/staging.perfectvanwamel.com\/wp-content\/uploads\/2024\/12\/WBG-2-180.-Perfect-Van-Wamel-1_ID_met-logo.jpg\" \/>\n\t<meta property=\"og:image:width\" content=\"2500\" \/>\n\t<meta property=\"og:image:height\" content=\"1875\" \/>\n\t<meta property=\"og:image:type\" content=\"image\/jpeg\" \/>\n<meta name=\"twitter:card\" content=\"summary_large_image\" \/>\n<script type=\"application\/ld+json\" class=\"yoast-schema-graph\">{\"@context\":\"https:\\\/\\\/schema.org\",\"@graph\":[{\"@type\":\"WebPage\",\"@id\":\"https:\\\/\\\/www.perfectvanwamel.com\\\/fr\\\/produit\\\/wbg-2-sous-soleuse-pour-prairies\\\/\",\"url\":\"https:\\\/\\\/www.perfectvanwamel.com\\\/fr\\\/produit\\\/wbg-2-sous-soleuse-pour-prairies\\\/\",\"name\":\"WBG 2 - Sous-soleuse pour la bande herbeuse - PERFECT - Van Wamel\",\"isPartOf\":{\"@id\":\"https:\\\/\\\/www.perfectvanwamel.com\\\/fr\\\/#website\"},\"primaryImageOfPage\":{\"@id\":\"https:\\\/\\\/www.perfectvanwamel.com\\\/fr\\\/produit\\\/wbg-2-sous-soleuse-pour-prairies\\\/#primaryimage\"},\"image\":{\"@id\":\"https:\\\/\\\/www.perfectvanwamel.com\\\/fr\\\/produit\\\/wbg-2-sous-soleuse-pour-prairies\\\/#primaryimage\"},\"thumbnailUrl\":\"https:\\\/\\\/www.perfectvanwamel.com\\\/wp-content\\\/uploads\\\/2024\\\/12\\\/WBG-2-180-1.jpg\",\"datePublished\":\"2024-12-08T13:08:45+00:00\",\"dateModified\":\"2024-12-09T14:08:35+00:00\",\"breadcrumb\":{\"@id\":\"https:\\\/\\\/www.perfectvanwamel.com\\\/fr\\\/produit\\\/wbg-2-sous-soleuse-pour-prairies\\\/#breadcrumb\"},\"inLanguage\":\"fr-FR\",\"potentialAction\":[{\"@type\":\"ReadAction\",\"target\":[\"https:\\\/\\\/www.perfectvanwamel.com\\\/fr\\\/produit\\\/wbg-2-sous-soleuse-pour-prairies\\\/\"]}]},{\"@type\":\"ImageObject\",\"inLanguage\":\"fr-FR\",\"@id\":\"https:\\\/\\\/www.perfectvanwamel.com\\\/fr\\\/produit\\\/wbg-2-sous-soleuse-pour-prairies\\\/#primaryimage\",\"url\":\"https:\\\/\\\/www.perfectvanwamel.com\\\/wp-content\\\/uploads\\\/2024\\\/12\\\/WBG-2-180-1.jpg\",\"contentUrl\":\"https:\\\/\\\/www.perfectvanwamel.com\\\/wp-content\\\/uploads\\\/2024\\\/12\\\/WBG-2-180-1.jpg\",\"width\":2000,\"height\":1484},{\"@type\":\"BreadcrumbList\",\"@id\":\"https:\\\/\\\/www.perfectvanwamel.com\\\/fr\\\/produit\\\/wbg-2-sous-soleuse-pour-prairies\\\/#breadcrumb\",\"itemListElement\":[{\"@type\":\"ListItem\",\"position\":1,\"name\":\"Home\",\"item\":\"https:\\\/\\\/staging.perfectvanwamel.com\\\/fr\\\/\"},{\"@type\":\"ListItem\",\"position\":2,\"name\":\"Produits\",\"item\":\"https:\\\/\\\/www.perfectvanwamel.com\\\/fr\\\/technologie\\\/\"},{\"@type\":\"ListItem\",\"position\":3,\"name\":\"WBG 2 &#8211; Sous-soleuse pour la bande herbeuse\"}]},{\"@type\":\"WebSite\",\"@id\":\"https:\\\/\\\/www.perfectvanwamel.com\\\/fr\\\/#website\",\"url\":\"https:\\\/\\\/www.perfectvanwamel.com\\\/fr\\\/\",\"name\":\"PERFECT - Van Wamel\",\"description\":\"\",\"potentialAction\":[{\"@type\":\"SearchAction\",\"target\":{\"@type\":\"EntryPoint\",\"urlTemplate\":\"https:\\\/\\\/www.perfectvanwamel.com\\\/fr\\\/?s={search_term_string}\"},\"query-input\":{\"@type\":\"PropertyValueSpecification\",\"valueRequired\":true,\"valueName\":\"search_term_string\"}}],\"inLanguage\":\"fr-FR\"}]}<\/script>\n<!-- \/ Yoast SEO plugin. -->","yoast_head_json":{"title":"WBG 2 - Sous-soleuse pour la bande herbeuse - PERFECT - Van Wamel","robots":{"index":"index","follow":"follow","max-snippet":"max-snippet:-1","max-image-preview":"max-image-preview:large","max-video-preview":"max-video-preview:-1"},"canonical":"https:\/\/www.perfectvanwamel.com\/fr\/produit\/wbg-2-sous-soleuse-pour-prairies\/","og_locale":"fr_FR","og_type":"article","og_title":"WBG 2 - Sous-soleuse pour la bande herbeuse - PERFECT - Van Wamel","og_description":"Sous-souleuse pour prairies tr\u00e8s robuste \u00e0 2 dents.  Les deux dents, espac\u00e9es de 90 cm, brisent efficacement les couches perturbatrices du sous-sol et le compactage de la couche arable jusqu'\u00e0 une largeur de 180 cm.  \u00c9quip\u00e9 de s\u00e9rie d'un disque de coupe avec r\u00e9glage de la broche devant chaque dent et d'un rouleau Orion \u00d8 47 cm derri\u00e8re chaque dent.","og_url":"https:\/\/www.perfectvanwamel.com\/fr\/produit\/wbg-2-sous-soleuse-pour-prairies\/","og_site_name":"PERFECT - Van Wamel","article_modified_time":"2024-12-09T14:08:35+00:00","og_image":[{"width":2500,"height":1875,"url":"https:\/\/staging.perfectvanwamel.com\/wp-content\/uploads\/2024\/12\/WBG-2-180.-Perfect-Van-Wamel-1_ID_met-logo.jpg","type":"image\/jpeg"}],"twitter_card":"summary_large_image","schema":{"@context":"https:\/\/schema.org","@graph":[{"@type":"WebPage","@id":"https:\/\/www.perfectvanwamel.com\/fr\/produit\/wbg-2-sous-soleuse-pour-prairies\/","url":"https:\/\/www.perfectvanwamel.com\/fr\/produit\/wbg-2-sous-soleuse-pour-prairies\/","name":"WBG 2 - Sous-soleuse pour la bande herbeuse - PERFECT - Van Wamel","isPartOf":{"@id":"https:\/\/www.perfectvanwamel.com\/fr\/#website"},"primaryImageOfPage":{"@id":"https:\/\/www.perfectvanwamel.com\/fr\/produit\/wbg-2-sous-soleuse-pour-prairies\/#primaryimage"},"image":{"@id":"https:\/\/www.perfectvanwamel.com\/fr\/produit\/wbg-2-sous-soleuse-pour-prairies\/#primaryimage"},"thumbnailUrl":"https:\/\/www.perfectvanwamel.com\/wp-content\/uploads\/2024\/12\/WBG-2-180-1.jpg","datePublished":"2024-12-08T13:08:45+00:00","dateModified":"2024-12-09T14:08:35+00:00","breadcrumb":{"@id":"https:\/\/www.perfectvanwamel.com\/fr\/produit\/wbg-2-sous-soleuse-pour-prairies\/#breadcrumb"},"inLanguage":"fr-FR","potentialAction":[{"@type":"ReadAction","target":["https:\/\/www.perfectvanwamel.com\/fr\/produit\/wbg-2-sous-soleuse-pour-prairies\/"]}]},{"@type":"ImageObject","inLanguage":"fr-FR","@id":"https:\/\/www.perfectvanwamel.com\/fr\/produit\/wbg-2-sous-soleuse-pour-prairies\/#primaryimage","url":"https:\/\/www.perfectvanwamel.com\/wp-content\/uploads\/2024\/12\/WBG-2-180-1.jpg","contentUrl":"https:\/\/www.perfectvanwamel.com\/wp-content\/uploads\/2024\/12\/WBG-2-180-1.jpg","width":2000,"height":1484},{"@type":"BreadcrumbList","@id":"https:\/\/www.perfectvanwamel.com\/fr\/produit\/wbg-2-sous-soleuse-pour-prairies\/#breadcrumb","itemListElement":[{"@type":"ListItem","position":1,"name":"Home","item":"https:\/\/staging.perfectvanwamel.com\/fr\/"},{"@type":"ListItem","position":2,"name":"Produits","item":"https:\/\/www.perfectvanwamel.com\/fr\/technologie\/"},{"@type":"ListItem","position":3,"name":"WBG 2 &#8211; Sous-soleuse pour la bande herbeuse"}]},{"@type":"WebSite","@id":"https:\/\/www.perfectvanwamel.com\/fr\/#website","url":"https:\/\/www.perfectvanwamel.com\/fr\/","name":"PERFECT - Van Wamel","description":"","potentialAction":[{"@type":"SearchAction","target":{"@type":"EntryPoint","urlTemplate":"https:\/\/www.perfectvanwamel.com\/fr\/?s={search_term_string}"},"query-input":{"@type":"PropertyValueSpecification","valueRequired":true,"valueName":"search_term_string"}}],"inLanguage":"fr-FR"}]}},"_links":{"self":[{"href":"https:\/\/www.perfectvanwamel.com\/fr\/wp-json\/wp\/v2\/product\/16278","targetHints":{"allow":["GET"]}}],"collection":[{"href":"https:\/\/www.perfectvanwamel.com\/fr\/wp-json\/wp\/v2\/product"}],"about":[{"href":"https:\/\/www.perfectvanwamel.com\/fr\/wp-json\/wp\/v2\/types\/product"}],"wp:featuredmedia":[{"embeddable":true,"href":"https:\/\/www.perfectvanwamel.com\/fr\/wp-json\/wp\/v2\/media\/28455"}],"wp:attachment":[{"href":"https:\/\/www.perfectvanwamel.com\/fr\/wp-json\/wp\/v2\/media?parent=16278"}],"wp:term":[{"taxonomy":"product_brand","embeddable":true,"href":"https:\/\/www.perfectvanwamel.com\/fr\/wp-json\/wp\/v2\/product_brand?post=16278"},{"taxonomy":"product_cat","embeddable":true,"href":"https:\/\/www.perfectvanwamel.com\/fr\/wp-json\/wp\/v2\/product_cat?post=16278"},{"taxonomy":"product_tag","embeddable":true,"href":"https:\/\/www.perfectvanwamel.com\/fr\/wp-json\/wp\/v2\/product_tag?post=16278"}],"curies":[{"name":"wp","href":"https:\/\/api.w.org\/{rel}","templated":true}]}}