{"id":16289,"date":"2024-12-08T14:40:09","date_gmt":"2024-12-08T13:41:33","guid":{"rendered":"https:\/\/www.perfectvanwamel.com\/?post_type=product&#038;p=16289"},"modified":"2024-12-11T20:47:01","modified_gmt":"2024-12-11T19:47:01","slug":"gb-aerateur-de-surface-pour-larboriculture-et-la-viticulture","status":"publish","type":"product","link":"https:\/\/www.perfectvanwamel.com\/fr\/produit\/gb-aerateur-de-surface-pour-larboriculture-et-la-viticulture\/","title":{"rendered":"GB &#8211; A\u00e9rateur de surface pour l&#8217;arboriculture et la viticulture"},"content":{"rendered":"<p>L&#8217;a\u00e9rateur de sol Perfect \u00e9limine sans effort le compactage de la structure du sol jusqu&#8217;\u00e0 une profondeur de 18,5 cm. Le compactage ou l&#8217;\u00e9talement dans la couche arable et les dommages caus\u00e9s par les parasites sont r\u00e9solus sans effort. Il am\u00e9liore l&#8217;a\u00e9ration et la perm\u00e9abilit\u00e9, ce qui est positif pour la capacit\u00e9 de r\u00e9tention d&#8217;eau.<\/p>\n<p>La couche arable draine l&#8217;eau plus rapidement et plus d&#8217;oxyg\u00e8ne atteint les racines. Plus d&#8217;oxyg\u00e8ne est essentiel pour la croissance, la qualit\u00e9 et augmente la capacit\u00e9 du sol.<\/p>\n","protected":false},"excerpt":{"rendered":"<p>A\u00e9rateur de surface robuste avec 24 lames par m\u00e8tre.<br \/>\nLes lames \u00e0 deux tranchants sont con\u00e7ues pour ne pas endommager la pelouse.<\/p>\n<p>Les patins plac\u00e9s sous les paliers des a\u00e9rateurs de sol Perfect prot\u00e8gent les paliers, limitent la profondeur de travail maximale et garantissent une couche v\u00e9g\u00e9tale intacte. Ils sont int\u00e9gr\u00e9s au ch\u00e2ssis et fabriqu\u00e9s en acier de haute qualit\u00e9 pour une longue dur\u00e9e de vie.<\/p>\n","protected":false},"featured_media":16134,"template":"","meta":{"_acf_changed":false},"product_brand":[],"product_cat":[2407],"product_tag":[],"class_list":{"0":"post-16289","1":"product","2":"type-product","3":"status-publish","4":"has-post-thumbnail","6":"product_cat-entretien-de-la-bande-herbeuse","8":"first","9":"instock","10":"shipping-taxable","11":"product-type-simple"},"acf":[],"yoast_head":"<!-- This site is optimized with the Yoast SEO plugin v27.4 - https:\/\/yoast.com\/product\/yoast-seo-wordpress\/ -->\n<title>GB - A\u00e9rateur de surface pour l&#039;arboriculture et la viticulture - PERFECT - Van Wamel<\/title>\n<meta name=\"robots\" content=\"index, follow, max-snippet:-1, max-image-preview:large, max-video-preview:-1\" \/>\n<link rel=\"canonical\" href=\"https:\/\/www.perfectvanwamel.com\/fr\/produit\/gb-aerateur-de-surface-pour-larboriculture-et-la-viticulture\/\" \/>\n<meta property=\"og:locale\" content=\"fr_FR\" \/>\n<meta property=\"og:type\" content=\"article\" \/>\n<meta property=\"og:title\" content=\"GB - A\u00e9rateur de surface pour l&#039;arboriculture et la viticulture - PERFECT - Van Wamel\" \/>\n<meta property=\"og:description\" content=\"A\u00e9rateur de surface robuste avec 24 lames par m\u00e8tre. Les lames \u00e0 deux tranchants sont con\u00e7ues pour ne pas endommager la pelouse.  Les patins plac\u00e9s sous les paliers des a\u00e9rateurs de sol Perfect prot\u00e8gent les paliers, limitent la profondeur de travail maximale et garantissent une couche v\u00e9g\u00e9tale intacte. Ils sont int\u00e9gr\u00e9s au ch\u00e2ssis et fabriqu\u00e9s en acier de haute qualit\u00e9 pour une longue dur\u00e9e de vie.\" \/>\n<meta property=\"og:url\" content=\"https:\/\/www.perfectvanwamel.com\/fr\/produit\/gb-aerateur-de-surface-pour-larboriculture-et-la-viticulture\/\" \/>\n<meta property=\"og:site_name\" content=\"PERFECT - Van Wamel\" \/>\n<meta property=\"article:modified_time\" content=\"2024-12-11T19:47:01+00:00\" \/>\n<meta property=\"og:image\" content=\"https:\/\/staging.perfectvanwamel.com\/wp-content\/uploads\/2024\/12\/GB-150-zonder-logo.jpg\" \/>\n\t<meta property=\"og:image:width\" content=\"1386\" \/>\n\t<meta property=\"og:image:height\" content=\"974\" \/>\n\t<meta property=\"og:image:type\" content=\"image\/jpeg\" \/>\n<meta name=\"twitter:card\" content=\"summary_large_image\" \/>\n<script type=\"application\/ld+json\" class=\"yoast-schema-graph\">{\"@context\":\"https:\\\/\\\/schema.org\",\"@graph\":[{\"@type\":\"WebPage\",\"@id\":\"https:\\\/\\\/www.perfectvanwamel.com\\\/fr\\\/produit\\\/gb-aerateur-de-surface-pour-larboriculture-et-la-viticulture\\\/\",\"url\":\"https:\\\/\\\/www.perfectvanwamel.com\\\/fr\\\/produit\\\/gb-aerateur-de-surface-pour-larboriculture-et-la-viticulture\\\/\",\"name\":\"GB - A\u00e9rateur de surface pour l'arboriculture et la viticulture - PERFECT - Van Wamel\",\"isPartOf\":{\"@id\":\"https:\\\/\\\/www.perfectvanwamel.com\\\/fr\\\/#website\"},\"primaryImageOfPage\":{\"@id\":\"https:\\\/\\\/www.perfectvanwamel.com\\\/fr\\\/produit\\\/gb-aerateur-de-surface-pour-larboriculture-et-la-viticulture\\\/#primaryimage\"},\"image\":{\"@id\":\"https:\\\/\\\/www.perfectvanwamel.com\\\/fr\\\/produit\\\/gb-aerateur-de-surface-pour-larboriculture-et-la-viticulture\\\/#primaryimage\"},\"thumbnailUrl\":\"https:\\\/\\\/www.perfectvanwamel.com\\\/wp-content\\\/uploads\\\/2024\\\/12\\\/GB-150-zonder-logo.jpg\",\"datePublished\":\"2024-12-08T13:41:33+00:00\",\"dateModified\":\"2024-12-11T19:47:01+00:00\",\"breadcrumb\":{\"@id\":\"https:\\\/\\\/www.perfectvanwamel.com\\\/fr\\\/produit\\\/gb-aerateur-de-surface-pour-larboriculture-et-la-viticulture\\\/#breadcrumb\"},\"inLanguage\":\"fr-FR\",\"potentialAction\":[{\"@type\":\"ReadAction\",\"target\":[\"https:\\\/\\\/www.perfectvanwamel.com\\\/fr\\\/produit\\\/gb-aerateur-de-surface-pour-larboriculture-et-la-viticulture\\\/\"]}]},{\"@type\":\"ImageObject\",\"inLanguage\":\"fr-FR\",\"@id\":\"https:\\\/\\\/www.perfectvanwamel.com\\\/fr\\\/produit\\\/gb-aerateur-de-surface-pour-larboriculture-et-la-viticulture\\\/#primaryimage\",\"url\":\"https:\\\/\\\/www.perfectvanwamel.com\\\/wp-content\\\/uploads\\\/2024\\\/12\\\/GB-150-zonder-logo.jpg\",\"contentUrl\":\"https:\\\/\\\/www.perfectvanwamel.com\\\/wp-content\\\/uploads\\\/2024\\\/12\\\/GB-150-zonder-logo.jpg\",\"width\":1386,\"height\":974},{\"@type\":\"BreadcrumbList\",\"@id\":\"https:\\\/\\\/www.perfectvanwamel.com\\\/fr\\\/produit\\\/gb-aerateur-de-surface-pour-larboriculture-et-la-viticulture\\\/#breadcrumb\",\"itemListElement\":[{\"@type\":\"ListItem\",\"position\":1,\"name\":\"Home\",\"item\":\"https:\\\/\\\/staging.perfectvanwamel.com\\\/fr\\\/\"},{\"@type\":\"ListItem\",\"position\":2,\"name\":\"Technologie\",\"item\":\"https:\\\/\\\/staging.perfectvanwamel.com\\\/fr\\\/technologie\\\/\"},{\"@type\":\"ListItem\",\"position\":3,\"name\":\"GB &#8211; A\u00e9rateur de surface pour l&#8217;arboriculture et la viticulture\"}]},{\"@type\":\"WebSite\",\"@id\":\"https:\\\/\\\/www.perfectvanwamel.com\\\/fr\\\/#website\",\"url\":\"https:\\\/\\\/www.perfectvanwamel.com\\\/fr\\\/\",\"name\":\"PERFECT - Van Wamel\",\"description\":\"\",\"potentialAction\":[{\"@type\":\"SearchAction\",\"target\":{\"@type\":\"EntryPoint\",\"urlTemplate\":\"https:\\\/\\\/www.perfectvanwamel.com\\\/fr\\\/?s={search_term_string}\"},\"query-input\":{\"@type\":\"PropertyValueSpecification\",\"valueRequired\":true,\"valueName\":\"search_term_string\"}}],\"inLanguage\":\"fr-FR\"}]}<\/script>\n<!-- \/ Yoast SEO plugin. -->","yoast_head_json":{"title":"GB - A\u00e9rateur de surface pour l'arboriculture et la viticulture - PERFECT - Van Wamel","robots":{"index":"index","follow":"follow","max-snippet":"max-snippet:-1","max-image-preview":"max-image-preview:large","max-video-preview":"max-video-preview:-1"},"canonical":"https:\/\/www.perfectvanwamel.com\/fr\/produit\/gb-aerateur-de-surface-pour-larboriculture-et-la-viticulture\/","og_locale":"fr_FR","og_type":"article","og_title":"GB - A\u00e9rateur de surface pour l'arboriculture et la viticulture - PERFECT - Van Wamel","og_description":"A\u00e9rateur de surface robuste avec 24 lames par m\u00e8tre. Les lames \u00e0 deux tranchants sont con\u00e7ues pour ne pas endommager la pelouse.  Les patins plac\u00e9s sous les paliers des a\u00e9rateurs de sol Perfect prot\u00e8gent les paliers, limitent la profondeur de travail maximale et garantissent une couche v\u00e9g\u00e9tale intacte. Ils sont int\u00e9gr\u00e9s au ch\u00e2ssis et fabriqu\u00e9s en acier de haute qualit\u00e9 pour une longue dur\u00e9e de vie.","og_url":"https:\/\/www.perfectvanwamel.com\/fr\/produit\/gb-aerateur-de-surface-pour-larboriculture-et-la-viticulture\/","og_site_name":"PERFECT - Van Wamel","article_modified_time":"2024-12-11T19:47:01+00:00","og_image":[{"width":1386,"height":974,"url":"https:\/\/staging.perfectvanwamel.com\/wp-content\/uploads\/2024\/12\/GB-150-zonder-logo.jpg","type":"image\/jpeg"}],"twitter_card":"summary_large_image","schema":{"@context":"https:\/\/schema.org","@graph":[{"@type":"WebPage","@id":"https:\/\/www.perfectvanwamel.com\/fr\/produit\/gb-aerateur-de-surface-pour-larboriculture-et-la-viticulture\/","url":"https:\/\/www.perfectvanwamel.com\/fr\/produit\/gb-aerateur-de-surface-pour-larboriculture-et-la-viticulture\/","name":"GB - A\u00e9rateur de surface pour l'arboriculture et la viticulture - PERFECT - Van Wamel","isPartOf":{"@id":"https:\/\/www.perfectvanwamel.com\/fr\/#website"},"primaryImageOfPage":{"@id":"https:\/\/www.perfectvanwamel.com\/fr\/produit\/gb-aerateur-de-surface-pour-larboriculture-et-la-viticulture\/#primaryimage"},"image":{"@id":"https:\/\/www.perfectvanwamel.com\/fr\/produit\/gb-aerateur-de-surface-pour-larboriculture-et-la-viticulture\/#primaryimage"},"thumbnailUrl":"https:\/\/www.perfectvanwamel.com\/wp-content\/uploads\/2024\/12\/GB-150-zonder-logo.jpg","datePublished":"2024-12-08T13:41:33+00:00","dateModified":"2024-12-11T19:47:01+00:00","breadcrumb":{"@id":"https:\/\/www.perfectvanwamel.com\/fr\/produit\/gb-aerateur-de-surface-pour-larboriculture-et-la-viticulture\/#breadcrumb"},"inLanguage":"fr-FR","potentialAction":[{"@type":"ReadAction","target":["https:\/\/www.perfectvanwamel.com\/fr\/produit\/gb-aerateur-de-surface-pour-larboriculture-et-la-viticulture\/"]}]},{"@type":"ImageObject","inLanguage":"fr-FR","@id":"https:\/\/www.perfectvanwamel.com\/fr\/produit\/gb-aerateur-de-surface-pour-larboriculture-et-la-viticulture\/#primaryimage","url":"https:\/\/www.perfectvanwamel.com\/wp-content\/uploads\/2024\/12\/GB-150-zonder-logo.jpg","contentUrl":"https:\/\/www.perfectvanwamel.com\/wp-content\/uploads\/2024\/12\/GB-150-zonder-logo.jpg","width":1386,"height":974},{"@type":"BreadcrumbList","@id":"https:\/\/www.perfectvanwamel.com\/fr\/produit\/gb-aerateur-de-surface-pour-larboriculture-et-la-viticulture\/#breadcrumb","itemListElement":[{"@type":"ListItem","position":1,"name":"Home","item":"https:\/\/staging.perfectvanwamel.com\/fr\/"},{"@type":"ListItem","position":2,"name":"Technologie","item":"https:\/\/staging.perfectvanwamel.com\/fr\/technologie\/"},{"@type":"ListItem","position":3,"name":"GB &#8211; A\u00e9rateur de surface pour l&#8217;arboriculture et la viticulture"}]},{"@type":"WebSite","@id":"https:\/\/www.perfectvanwamel.com\/fr\/#website","url":"https:\/\/www.perfectvanwamel.com\/fr\/","name":"PERFECT - Van Wamel","description":"","potentialAction":[{"@type":"SearchAction","target":{"@type":"EntryPoint","urlTemplate":"https:\/\/www.perfectvanwamel.com\/fr\/?s={search_term_string}"},"query-input":{"@type":"PropertyValueSpecification","valueRequired":true,"valueName":"search_term_string"}}],"inLanguage":"fr-FR"}]}},"_links":{"self":[{"href":"https:\/\/www.perfectvanwamel.com\/fr\/wp-json\/wp\/v2\/product\/16289","targetHints":{"allow":["GET"]}}],"collection":[{"href":"https:\/\/www.perfectvanwamel.com\/fr\/wp-json\/wp\/v2\/product"}],"about":[{"href":"https:\/\/www.perfectvanwamel.com\/fr\/wp-json\/wp\/v2\/types\/product"}],"wp:featuredmedia":[{"embeddable":true,"href":"https:\/\/www.perfectvanwamel.com\/fr\/wp-json\/wp\/v2\/media\/16134"}],"wp:attachment":[{"href":"https:\/\/www.perfectvanwamel.com\/fr\/wp-json\/wp\/v2\/media?parent=16289"}],"wp:term":[{"taxonomy":"product_brand","embeddable":true,"href":"https:\/\/www.perfectvanwamel.com\/fr\/wp-json\/wp\/v2\/product_brand?post=16289"},{"taxonomy":"product_cat","embeddable":true,"href":"https:\/\/www.perfectvanwamel.com\/fr\/wp-json\/wp\/v2\/product_cat?post=16289"},{"taxonomy":"product_tag","embeddable":true,"href":"https:\/\/www.perfectvanwamel.com\/fr\/wp-json\/wp\/v2\/product_tag?post=16289"}],"curies":[{"name":"wp","href":"https:\/\/api.w.org\/{rel}","templated":true}]}}