{"id":16320,"date":"2024-12-08T15:07:13","date_gmt":"2024-12-08T14:07:13","guid":{"rendered":"https:\/\/www.perfectvanwamel.com\/product\/grass-profi-regarnisseur-pour-larboriculture-et-viticulture\/"},"modified":"2026-03-10T12:51:42","modified_gmt":"2026-03-10T11:51:42","slug":"grass-profi-regarnisseur-pour-larboriculture-et-viticulture","status":"publish","type":"product","link":"https:\/\/www.perfectvanwamel.com\/fr\/produit\/grass-profi-regarnisseur-pour-larboriculture-et-viticulture\/","title":{"rendered":"Grass Profi &#8211; Regarnisseur pour l&#8217;arboriculture et viticulture"},"content":{"rendered":"<p>Le Grass Profi PERFECT est un \u00e9quipement pour l\u2019entretien ou le sur-semis des praires permettant d\u2019effectuer en un seul passage l\u2019hersage, le nivellement, le sur-semis et le roulage.<\/p>\n<ul>\n<li>nivellement : des irr\u00e9gularit\u00e9s, comme par exemple les taupini\u00e8res dans la prairie, avec la barre niveleuse<\/li>\n<li>hersage : les dents de herse robustes \u00e9liminent les mauvaises herbes, y compris celles qui sont superficiellement enracin\u00e9es. L\u2019agressivit\u00e9 des dents est r\u00e9glable en continu<\/li>\n<li>sur-semis : le semoir adaptable sur le regarnisseur s\u00e8me et r\u00e9partit les semences de gramin\u00e9es avec pr\u00e9cision. Avec la bonne quantit\u00e9 de graines, vous semez de jeunes gramin\u00e9es souhaitables et maintenez le tapis herbeux en parfait \u00e9tat<\/li>\n<li>roulage : le(s) rouleau(x) arri\u00e8re de finition permet(tent) de rappuyer les semences de gramin\u00e9es pour une germination rapide et homog\u00e8ne. De plus, il(s) active(nt) la vie du sol et favorise(nt) le tallage des herbes existante<\/li>\n<\/ul>\n","protected":false},"excerpt":{"rendered":"<p>Regarnisseur pour bandes herbeuses d&#8217;une largeur de travail de 180 cm.<\/p>\n<p>\u00c9quip\u00e9 en standard de :<br \/>\n<span class=\"fontstyle0\"><span class=\"fontstyle2\">\u2022<\/span> 2 rang\u00e9es de dents de herse robustes \u00d8 12\u00a0<\/span><span class=\"fontstyle0\">mm, agressivit\u00e9 r\u00e9glable en continu<br \/>\n<\/span><span class=\"fontstyle2\">\u2022 \u00a0<span class=\"fontstyle0\">Barre niveleuse solide, \u00e0 ressort, r\u00e9glable en h<\/span><\/span><span class=\"fontstyle2\"><span class=\"fontstyle0\">auteur<\/span><br \/>\n<\/span><span class=\"fontstyle2\">\u2022 Rouleau P<\/span><span class=\"fontstyle0\">ictor \u00d8 44\/49 cm<br \/>\n<\/span><span class=\"fontstyle2\">\u2022 P-box STI semoir pneumatique<\/span><\/p>\n","protected":false},"featured_media":28374,"template":"","meta":{"_acf_changed":false},"product_brand":[],"product_cat":[2407],"product_tag":[],"class_list":{"0":"post-16320","1":"product","2":"type-product","3":"status-publish","4":"has-post-thumbnail","6":"product_cat-entretien-de-la-bande-herbeuse","8":"first","9":"instock","10":"shipping-taxable","11":"product-type-simple"},"acf":[],"yoast_head":"<!-- This site is optimized with the Yoast SEO plugin v27.4 - https:\/\/yoast.com\/product\/yoast-seo-wordpress\/ -->\n<title>Grass Profi - Regarnisseur pour l&#039;arboriculture et viticulture - PERFECT - Van Wamel<\/title>\n<meta name=\"robots\" content=\"index, follow, max-snippet:-1, max-image-preview:large, max-video-preview:-1\" \/>\n<link rel=\"canonical\" href=\"https:\/\/www.perfectvanwamel.com\/fr\/produit\/grass-profi-regarnisseur-pour-larboriculture-et-viticulture\/\" \/>\n<meta property=\"og:locale\" content=\"fr_FR\" \/>\n<meta property=\"og:type\" content=\"article\" \/>\n<meta property=\"og:title\" content=\"Grass Profi - Regarnisseur pour l&#039;arboriculture et viticulture - PERFECT - Van Wamel\" \/>\n<meta property=\"og:description\" content=\"Regarnisseur pour bandes herbeuses d&#039;une largeur de travail de 180 cm.  \u00c9quip\u00e9 en standard de : \u2022 2 rang\u00e9es de dents de herse robustes \u00d8 12\u00a0mm, agressivit\u00e9 r\u00e9glable en continu \u2022 \u00a0Barre niveleuse solide, \u00e0 ressort, r\u00e9glable en hauteur \u2022 Rouleau Pictor \u00d8 44\/49 cm \u2022 P-box STI semoir pneumatique\" \/>\n<meta property=\"og:url\" content=\"https:\/\/www.perfectvanwamel.com\/fr\/produit\/grass-profi-regarnisseur-pour-larboriculture-et-viticulture\/\" \/>\n<meta property=\"og:site_name\" content=\"PERFECT - Van Wamel\" \/>\n<meta property=\"article:modified_time\" content=\"2026-03-10T11:51:42+00:00\" \/>\n<meta property=\"og:image\" content=\"https:\/\/staging.perfectvanwamel.com\/wp-content\/uploads\/2024\/12\/Grass-profi-new.jpg\" \/>\n\t<meta property=\"og:image:width\" content=\"1920\" \/>\n\t<meta property=\"og:image:height\" content=\"1440\" \/>\n\t<meta property=\"og:image:type\" content=\"image\/jpeg\" \/>\n<meta name=\"twitter:card\" content=\"summary_large_image\" \/>\n<meta name=\"twitter:label1\" content=\"Dur\u00e9e de lecture estim\u00e9e\" \/>\n\t<meta name=\"twitter:data1\" content=\"1 minute\" \/>\n<script type=\"application\/ld+json\" class=\"yoast-schema-graph\">{\"@context\":\"https:\\\/\\\/schema.org\",\"@graph\":[{\"@type\":\"WebPage\",\"@id\":\"https:\\\/\\\/www.perfectvanwamel.com\\\/fr\\\/produit\\\/grass-profi-regarnisseur-pour-larboriculture-et-viticulture\\\/\",\"url\":\"https:\\\/\\\/www.perfectvanwamel.com\\\/fr\\\/produit\\\/grass-profi-regarnisseur-pour-larboriculture-et-viticulture\\\/\",\"name\":\"Grass Profi - Regarnisseur pour l'arboriculture et viticulture - PERFECT - Van Wamel\",\"isPartOf\":{\"@id\":\"https:\\\/\\\/www.perfectvanwamel.com\\\/fr\\\/#website\"},\"primaryImageOfPage\":{\"@id\":\"https:\\\/\\\/www.perfectvanwamel.com\\\/fr\\\/produit\\\/grass-profi-regarnisseur-pour-larboriculture-et-viticulture\\\/#primaryimage\"},\"image\":{\"@id\":\"https:\\\/\\\/www.perfectvanwamel.com\\\/fr\\\/produit\\\/grass-profi-regarnisseur-pour-larboriculture-et-viticulture\\\/#primaryimage\"},\"thumbnailUrl\":\"https:\\\/\\\/www.perfectvanwamel.com\\\/wp-content\\\/uploads\\\/2024\\\/12\\\/Grass-profi-new.jpg\",\"datePublished\":\"2024-12-08T14:07:13+00:00\",\"dateModified\":\"2026-03-10T11:51:42+00:00\",\"breadcrumb\":{\"@id\":\"https:\\\/\\\/www.perfectvanwamel.com\\\/fr\\\/produit\\\/grass-profi-regarnisseur-pour-larboriculture-et-viticulture\\\/#breadcrumb\"},\"inLanguage\":\"fr-FR\",\"potentialAction\":[{\"@type\":\"ReadAction\",\"target\":[\"https:\\\/\\\/www.perfectvanwamel.com\\\/fr\\\/produit\\\/grass-profi-regarnisseur-pour-larboriculture-et-viticulture\\\/\"]}]},{\"@type\":\"ImageObject\",\"inLanguage\":\"fr-FR\",\"@id\":\"https:\\\/\\\/www.perfectvanwamel.com\\\/fr\\\/produit\\\/grass-profi-regarnisseur-pour-larboriculture-et-viticulture\\\/#primaryimage\",\"url\":\"https:\\\/\\\/www.perfectvanwamel.com\\\/wp-content\\\/uploads\\\/2024\\\/12\\\/Grass-profi-new.jpg\",\"contentUrl\":\"https:\\\/\\\/www.perfectvanwamel.com\\\/wp-content\\\/uploads\\\/2024\\\/12\\\/Grass-profi-new.jpg\",\"width\":1920,\"height\":1440},{\"@type\":\"BreadcrumbList\",\"@id\":\"https:\\\/\\\/www.perfectvanwamel.com\\\/fr\\\/produit\\\/grass-profi-regarnisseur-pour-larboriculture-et-viticulture\\\/#breadcrumb\",\"itemListElement\":[{\"@type\":\"ListItem\",\"position\":1,\"name\":\"Home\",\"item\":\"https:\\\/\\\/staging.perfectvanwamel.com\\\/fr\\\/\"},{\"@type\":\"ListItem\",\"position\":2,\"name\":\"Technologie\",\"item\":\"https:\\\/\\\/staging.perfectvanwamel.com\\\/fr\\\/technologie\\\/\"},{\"@type\":\"ListItem\",\"position\":3,\"name\":\"Grass Profi &#8211; Regarnisseur pour l&#8217;arboriculture et viticulture\"}]},{\"@type\":\"WebSite\",\"@id\":\"https:\\\/\\\/www.perfectvanwamel.com\\\/fr\\\/#website\",\"url\":\"https:\\\/\\\/www.perfectvanwamel.com\\\/fr\\\/\",\"name\":\"PERFECT - Van Wamel\",\"description\":\"\",\"potentialAction\":[{\"@type\":\"SearchAction\",\"target\":{\"@type\":\"EntryPoint\",\"urlTemplate\":\"https:\\\/\\\/www.perfectvanwamel.com\\\/fr\\\/?s={search_term_string}\"},\"query-input\":{\"@type\":\"PropertyValueSpecification\",\"valueRequired\":true,\"valueName\":\"search_term_string\"}}],\"inLanguage\":\"fr-FR\"}]}<\/script>\n<!-- \/ Yoast SEO plugin. -->","yoast_head_json":{"title":"Grass Profi - Regarnisseur pour l'arboriculture et viticulture - PERFECT - Van Wamel","robots":{"index":"index","follow":"follow","max-snippet":"max-snippet:-1","max-image-preview":"max-image-preview:large","max-video-preview":"max-video-preview:-1"},"canonical":"https:\/\/www.perfectvanwamel.com\/fr\/produit\/grass-profi-regarnisseur-pour-larboriculture-et-viticulture\/","og_locale":"fr_FR","og_type":"article","og_title":"Grass Profi - Regarnisseur pour l'arboriculture et viticulture - PERFECT - Van Wamel","og_description":"Regarnisseur pour bandes herbeuses d'une largeur de travail de 180 cm.  \u00c9quip\u00e9 en standard de : \u2022 2 rang\u00e9es de dents de herse robustes \u00d8 12\u00a0mm, agressivit\u00e9 r\u00e9glable en continu \u2022 \u00a0Barre niveleuse solide, \u00e0 ressort, r\u00e9glable en hauteur \u2022 Rouleau Pictor \u00d8 44\/49 cm \u2022 P-box STI semoir pneumatique","og_url":"https:\/\/www.perfectvanwamel.com\/fr\/produit\/grass-profi-regarnisseur-pour-larboriculture-et-viticulture\/","og_site_name":"PERFECT - Van Wamel","article_modified_time":"2026-03-10T11:51:42+00:00","og_image":[{"width":1920,"height":1440,"url":"https:\/\/staging.perfectvanwamel.com\/wp-content\/uploads\/2024\/12\/Grass-profi-new.jpg","type":"image\/jpeg"}],"twitter_card":"summary_large_image","twitter_misc":{"Dur\u00e9e de lecture estim\u00e9e":"1 minute"},"schema":{"@context":"https:\/\/schema.org","@graph":[{"@type":"WebPage","@id":"https:\/\/www.perfectvanwamel.com\/fr\/produit\/grass-profi-regarnisseur-pour-larboriculture-et-viticulture\/","url":"https:\/\/www.perfectvanwamel.com\/fr\/produit\/grass-profi-regarnisseur-pour-larboriculture-et-viticulture\/","name":"Grass Profi - Regarnisseur pour l'arboriculture et viticulture - PERFECT - Van Wamel","isPartOf":{"@id":"https:\/\/www.perfectvanwamel.com\/fr\/#website"},"primaryImageOfPage":{"@id":"https:\/\/www.perfectvanwamel.com\/fr\/produit\/grass-profi-regarnisseur-pour-larboriculture-et-viticulture\/#primaryimage"},"image":{"@id":"https:\/\/www.perfectvanwamel.com\/fr\/produit\/grass-profi-regarnisseur-pour-larboriculture-et-viticulture\/#primaryimage"},"thumbnailUrl":"https:\/\/www.perfectvanwamel.com\/wp-content\/uploads\/2024\/12\/Grass-profi-new.jpg","datePublished":"2024-12-08T14:07:13+00:00","dateModified":"2026-03-10T11:51:42+00:00","breadcrumb":{"@id":"https:\/\/www.perfectvanwamel.com\/fr\/produit\/grass-profi-regarnisseur-pour-larboriculture-et-viticulture\/#breadcrumb"},"inLanguage":"fr-FR","potentialAction":[{"@type":"ReadAction","target":["https:\/\/www.perfectvanwamel.com\/fr\/produit\/grass-profi-regarnisseur-pour-larboriculture-et-viticulture\/"]}]},{"@type":"ImageObject","inLanguage":"fr-FR","@id":"https:\/\/www.perfectvanwamel.com\/fr\/produit\/grass-profi-regarnisseur-pour-larboriculture-et-viticulture\/#primaryimage","url":"https:\/\/www.perfectvanwamel.com\/wp-content\/uploads\/2024\/12\/Grass-profi-new.jpg","contentUrl":"https:\/\/www.perfectvanwamel.com\/wp-content\/uploads\/2024\/12\/Grass-profi-new.jpg","width":1920,"height":1440},{"@type":"BreadcrumbList","@id":"https:\/\/www.perfectvanwamel.com\/fr\/produit\/grass-profi-regarnisseur-pour-larboriculture-et-viticulture\/#breadcrumb","itemListElement":[{"@type":"ListItem","position":1,"name":"Home","item":"https:\/\/staging.perfectvanwamel.com\/fr\/"},{"@type":"ListItem","position":2,"name":"Technologie","item":"https:\/\/staging.perfectvanwamel.com\/fr\/technologie\/"},{"@type":"ListItem","position":3,"name":"Grass Profi &#8211; Regarnisseur pour l&#8217;arboriculture et viticulture"}]},{"@type":"WebSite","@id":"https:\/\/www.perfectvanwamel.com\/fr\/#website","url":"https:\/\/www.perfectvanwamel.com\/fr\/","name":"PERFECT - Van Wamel","description":"","potentialAction":[{"@type":"SearchAction","target":{"@type":"EntryPoint","urlTemplate":"https:\/\/www.perfectvanwamel.com\/fr\/?s={search_term_string}"},"query-input":{"@type":"PropertyValueSpecification","valueRequired":true,"valueName":"search_term_string"}}],"inLanguage":"fr-FR"}]}},"_links":{"self":[{"href":"https:\/\/www.perfectvanwamel.com\/fr\/wp-json\/wp\/v2\/product\/16320","targetHints":{"allow":["GET"]}}],"collection":[{"href":"https:\/\/www.perfectvanwamel.com\/fr\/wp-json\/wp\/v2\/product"}],"about":[{"href":"https:\/\/www.perfectvanwamel.com\/fr\/wp-json\/wp\/v2\/types\/product"}],"wp:featuredmedia":[{"embeddable":true,"href":"https:\/\/www.perfectvanwamel.com\/fr\/wp-json\/wp\/v2\/media\/28374"}],"wp:attachment":[{"href":"https:\/\/www.perfectvanwamel.com\/fr\/wp-json\/wp\/v2\/media?parent=16320"}],"wp:term":[{"taxonomy":"product_brand","embeddable":true,"href":"https:\/\/www.perfectvanwamel.com\/fr\/wp-json\/wp\/v2\/product_brand?post=16320"},{"taxonomy":"product_cat","embeddable":true,"href":"https:\/\/www.perfectvanwamel.com\/fr\/wp-json\/wp\/v2\/product_cat?post=16320"},{"taxonomy":"product_tag","embeddable":true,"href":"https:\/\/www.perfectvanwamel.com\/fr\/wp-json\/wp\/v2\/product_tag?post=16320"}],"curies":[{"name":"wp","href":"https:\/\/api.w.org\/{rel}","templated":true}]}}