{"id":16501,"date":"2024-12-09T14:04:06","date_gmt":"2024-12-09T13:04:06","guid":{"rendered":"https:\/\/www.perfectvanwamel.com\/product\/herse-a-disques-skyros-vario\/"},"modified":"2025-04-18T15:51:18","modified_gmt":"2025-04-18T13:51:18","slug":"herse-a-disques-skyros-vario","status":"publish","type":"product","link":"https:\/\/www.perfectvanwamel.com\/fr\/produit\/herse-a-disques-skyros-vario\/","title":{"rendered":"Herse \u00e0 disques &#8211; Skyros Vario"},"content":{"rendered":"<p>La herse \u00e0 disques Perfect Skyros Vario convient au d\u00e9chaumage int\u00e9gral et \u00e0 tous les types de sol. Le d\u00e9chaumeur \u00e0 disques assure un bon lit de semences, le processus de digestion est lanc\u00e9 rapidement et intensivement, et l&#8217;\u00e9miettement du sol est optimal.<\/p>\n<p>\u00c9quip\u00e9 en standard de :<br \/>\n<span class=\"fontstyle0\">\u2022 <\/span><span class=\"fontstyle2\">2 rang\u00e9es de disques crant\u00e9s \u00d8 510 mm<br \/>\n<\/span><span class=\"fontstyle0\">\u2022 <\/span><span class=\"fontstyle2\">Profondeur de travail maximale de 10 cm<br \/>\n<\/span><span class=\"fontstyle0\">\u2022 <\/span><span class=\"fontstyle2\">Syst\u00e8me de r\u00e9glage en continu de l\u2019angle des disques<br \/>\n<\/span><span class=\"fontstyle0\">\u2022 <\/span><span class=\"fontstyle2\">Rouleau arri\u00e8re standard : rouleau tubulaire \u00d8 45 cm\u00a0<\/span><span class=\"fontstyle2\">8&#215;1.25\u201d forme en V<\/span><\/p>\n","protected":false},"excerpt":{"rendered":"<p>Le r\u00e9glage en continu innovant de l\u2019angle des herses \u00e0 disques garantit un ajustement optimal pour l\u2019op\u00e9ration souhait\u00e9e. Travail profond ou peu profond, beaucoup ou peu de r\u00e9sidus v\u00e9g\u00e9taux, sol sec ou humide : les herses \u00e0 disques Vario-Disc fonctionnent sans probl\u00e8mes en toutes circonstances. Gr\u00e2ce au r\u00e9glage de l\u2019angle des disques par rang\u00e9e, les disques sont ultra-performants.<\/p>\n<p>Disponible avec des largeurs de travail de 1,50 et 2,50 m\u00e8tres.<\/p>\n","protected":false},"featured_media":16448,"template":"","meta":{"_acf_changed":false},"product_brand":[],"product_cat":[2407],"product_tag":[],"class_list":{"0":"post-16501","1":"product","2":"type-product","3":"status-publish","4":"has-post-thumbnail","6":"product_cat-entretien-de-la-bande-herbeuse","8":"first","9":"instock","10":"shipping-taxable","11":"product-type-simple"},"acf":[],"yoast_head":"<!-- This site is optimized with the Yoast SEO plugin v27.5 - https:\/\/yoast.com\/product\/yoast-seo-wordpress\/ -->\n<title>Herse \u00e0 disques - Skyros Vario - PERFECT - Van Wamel<\/title>\n<meta name=\"robots\" content=\"index, follow, max-snippet:-1, max-image-preview:large, max-video-preview:-1\" \/>\n<link rel=\"canonical\" href=\"https:\/\/www.perfectvanwamel.com\/fr\/produit\/herse-a-disques-skyros-vario\/\" \/>\n<meta property=\"og:locale\" content=\"fr_FR\" \/>\n<meta property=\"og:type\" content=\"article\" \/>\n<meta property=\"og:title\" content=\"Herse \u00e0 disques - Skyros Vario - PERFECT - Van Wamel\" \/>\n<meta property=\"og:description\" content=\"Le r\u00e9glage en continu innovant de l\u2019angle des herses \u00e0 disques garantit un ajustement optimal pour l\u2019op\u00e9ration souhait\u00e9e. Travail profond ou peu profond, beaucoup ou peu de r\u00e9sidus v\u00e9g\u00e9taux, sol sec ou humide : les herses \u00e0 disques Vario-Disc fonctionnent sans probl\u00e8mes en toutes circonstances. Gr\u00e2ce au r\u00e9glage de l\u2019angle des disques par rang\u00e9e, les disques sont ultra-performants.  Disponible avec des largeurs de travail de 1,50 et 2,50 m\u00e8tres.\" \/>\n<meta property=\"og:url\" content=\"https:\/\/www.perfectvanwamel.com\/fr\/produit\/herse-a-disques-skyros-vario\/\" \/>\n<meta property=\"og:site_name\" content=\"PERFECT - Van Wamel\" \/>\n<meta property=\"article:modified_time\" content=\"2025-04-18T13:51:18+00:00\" \/>\n<meta property=\"og:image\" content=\"https:\/\/staging.perfectvanwamel.com\/wp-content\/uploads\/2024\/12\/SKYROS-V250-51.-Perfect-Van-Wamel-1-min-scaled.jpg\" \/>\n\t<meta property=\"og:image:width\" content=\"2560\" \/>\n\t<meta property=\"og:image:height\" content=\"1920\" \/>\n\t<meta property=\"og:image:type\" content=\"image\/jpeg\" \/>\n<meta name=\"twitter:card\" content=\"summary_large_image\" \/>\n<script type=\"application\/ld+json\" class=\"yoast-schema-graph\">{\"@context\":\"https:\\\/\\\/schema.org\",\"@graph\":[{\"@type\":\"WebPage\",\"@id\":\"https:\\\/\\\/www.perfectvanwamel.com\\\/fr\\\/produit\\\/herse-a-disques-skyros-vario\\\/\",\"url\":\"https:\\\/\\\/www.perfectvanwamel.com\\\/fr\\\/produit\\\/herse-a-disques-skyros-vario\\\/\",\"name\":\"Herse \u00e0 disques - Skyros Vario - PERFECT - Van Wamel\",\"isPartOf\":{\"@id\":\"https:\\\/\\\/www.perfectvanwamel.com\\\/fr\\\/#website\"},\"primaryImageOfPage\":{\"@id\":\"https:\\\/\\\/www.perfectvanwamel.com\\\/fr\\\/produit\\\/herse-a-disques-skyros-vario\\\/#primaryimage\"},\"image\":{\"@id\":\"https:\\\/\\\/www.perfectvanwamel.com\\\/fr\\\/produit\\\/herse-a-disques-skyros-vario\\\/#primaryimage\"},\"thumbnailUrl\":\"https:\\\/\\\/www.perfectvanwamel.com\\\/wp-content\\\/uploads\\\/2024\\\/12\\\/SKYROS-V250-51.-Perfect-Van-Wamel-1-min-scaled.jpg\",\"datePublished\":\"2024-12-09T13:04:06+00:00\",\"dateModified\":\"2025-04-18T13:51:18+00:00\",\"breadcrumb\":{\"@id\":\"https:\\\/\\\/www.perfectvanwamel.com\\\/fr\\\/produit\\\/herse-a-disques-skyros-vario\\\/#breadcrumb\"},\"inLanguage\":\"fr-FR\",\"potentialAction\":[{\"@type\":\"ReadAction\",\"target\":[\"https:\\\/\\\/www.perfectvanwamel.com\\\/fr\\\/produit\\\/herse-a-disques-skyros-vario\\\/\"]}]},{\"@type\":\"ImageObject\",\"inLanguage\":\"fr-FR\",\"@id\":\"https:\\\/\\\/www.perfectvanwamel.com\\\/fr\\\/produit\\\/herse-a-disques-skyros-vario\\\/#primaryimage\",\"url\":\"https:\\\/\\\/www.perfectvanwamel.com\\\/wp-content\\\/uploads\\\/2024\\\/12\\\/SKYROS-V250-51.-Perfect-Van-Wamel-1-min-scaled.jpg\",\"contentUrl\":\"https:\\\/\\\/www.perfectvanwamel.com\\\/wp-content\\\/uploads\\\/2024\\\/12\\\/SKYROS-V250-51.-Perfect-Van-Wamel-1-min-scaled.jpg\",\"width\":2560,\"height\":1920},{\"@type\":\"BreadcrumbList\",\"@id\":\"https:\\\/\\\/www.perfectvanwamel.com\\\/fr\\\/produit\\\/herse-a-disques-skyros-vario\\\/#breadcrumb\",\"itemListElement\":[{\"@type\":\"ListItem\",\"position\":1,\"name\":\"Home\",\"item\":\"https:\\\/\\\/staging.perfectvanwamel.com\\\/fr\\\/\"},{\"@type\":\"ListItem\",\"position\":2,\"name\":\"Produits\",\"item\":\"https:\\\/\\\/www.perfectvanwamel.com\\\/fr\\\/technologie\\\/\"},{\"@type\":\"ListItem\",\"position\":3,\"name\":\"Herse \u00e0 disques &#8211; Skyros Vario\"}]},{\"@type\":\"WebSite\",\"@id\":\"https:\\\/\\\/www.perfectvanwamel.com\\\/fr\\\/#website\",\"url\":\"https:\\\/\\\/www.perfectvanwamel.com\\\/fr\\\/\",\"name\":\"PERFECT - Van Wamel\",\"description\":\"\",\"potentialAction\":[{\"@type\":\"SearchAction\",\"target\":{\"@type\":\"EntryPoint\",\"urlTemplate\":\"https:\\\/\\\/www.perfectvanwamel.com\\\/fr\\\/?s={search_term_string}\"},\"query-input\":{\"@type\":\"PropertyValueSpecification\",\"valueRequired\":true,\"valueName\":\"search_term_string\"}}],\"inLanguage\":\"fr-FR\"}]}<\/script>\n<!-- \/ Yoast SEO plugin. -->","yoast_head_json":{"title":"Herse \u00e0 disques - Skyros Vario - PERFECT - Van Wamel","robots":{"index":"index","follow":"follow","max-snippet":"max-snippet:-1","max-image-preview":"max-image-preview:large","max-video-preview":"max-video-preview:-1"},"canonical":"https:\/\/www.perfectvanwamel.com\/fr\/produit\/herse-a-disques-skyros-vario\/","og_locale":"fr_FR","og_type":"article","og_title":"Herse \u00e0 disques - Skyros Vario - PERFECT - Van Wamel","og_description":"Le r\u00e9glage en continu innovant de l\u2019angle des herses \u00e0 disques garantit un ajustement optimal pour l\u2019op\u00e9ration souhait\u00e9e. Travail profond ou peu profond, beaucoup ou peu de r\u00e9sidus v\u00e9g\u00e9taux, sol sec ou humide : les herses \u00e0 disques Vario-Disc fonctionnent sans probl\u00e8mes en toutes circonstances. Gr\u00e2ce au r\u00e9glage de l\u2019angle des disques par rang\u00e9e, les disques sont ultra-performants.  Disponible avec des largeurs de travail de 1,50 et 2,50 m\u00e8tres.","og_url":"https:\/\/www.perfectvanwamel.com\/fr\/produit\/herse-a-disques-skyros-vario\/","og_site_name":"PERFECT - Van Wamel","article_modified_time":"2025-04-18T13:51:18+00:00","og_image":[{"width":2560,"height":1920,"url":"https:\/\/staging.perfectvanwamel.com\/wp-content\/uploads\/2024\/12\/SKYROS-V250-51.-Perfect-Van-Wamel-1-min-scaled.jpg","type":"image\/jpeg"}],"twitter_card":"summary_large_image","schema":{"@context":"https:\/\/schema.org","@graph":[{"@type":"WebPage","@id":"https:\/\/www.perfectvanwamel.com\/fr\/produit\/herse-a-disques-skyros-vario\/","url":"https:\/\/www.perfectvanwamel.com\/fr\/produit\/herse-a-disques-skyros-vario\/","name":"Herse \u00e0 disques - Skyros Vario - PERFECT - Van Wamel","isPartOf":{"@id":"https:\/\/www.perfectvanwamel.com\/fr\/#website"},"primaryImageOfPage":{"@id":"https:\/\/www.perfectvanwamel.com\/fr\/produit\/herse-a-disques-skyros-vario\/#primaryimage"},"image":{"@id":"https:\/\/www.perfectvanwamel.com\/fr\/produit\/herse-a-disques-skyros-vario\/#primaryimage"},"thumbnailUrl":"https:\/\/www.perfectvanwamel.com\/wp-content\/uploads\/2024\/12\/SKYROS-V250-51.-Perfect-Van-Wamel-1-min-scaled.jpg","datePublished":"2024-12-09T13:04:06+00:00","dateModified":"2025-04-18T13:51:18+00:00","breadcrumb":{"@id":"https:\/\/www.perfectvanwamel.com\/fr\/produit\/herse-a-disques-skyros-vario\/#breadcrumb"},"inLanguage":"fr-FR","potentialAction":[{"@type":"ReadAction","target":["https:\/\/www.perfectvanwamel.com\/fr\/produit\/herse-a-disques-skyros-vario\/"]}]},{"@type":"ImageObject","inLanguage":"fr-FR","@id":"https:\/\/www.perfectvanwamel.com\/fr\/produit\/herse-a-disques-skyros-vario\/#primaryimage","url":"https:\/\/www.perfectvanwamel.com\/wp-content\/uploads\/2024\/12\/SKYROS-V250-51.-Perfect-Van-Wamel-1-min-scaled.jpg","contentUrl":"https:\/\/www.perfectvanwamel.com\/wp-content\/uploads\/2024\/12\/SKYROS-V250-51.-Perfect-Van-Wamel-1-min-scaled.jpg","width":2560,"height":1920},{"@type":"BreadcrumbList","@id":"https:\/\/www.perfectvanwamel.com\/fr\/produit\/herse-a-disques-skyros-vario\/#breadcrumb","itemListElement":[{"@type":"ListItem","position":1,"name":"Home","item":"https:\/\/staging.perfectvanwamel.com\/fr\/"},{"@type":"ListItem","position":2,"name":"Produits","item":"https:\/\/www.perfectvanwamel.com\/fr\/technologie\/"},{"@type":"ListItem","position":3,"name":"Herse \u00e0 disques &#8211; Skyros Vario"}]},{"@type":"WebSite","@id":"https:\/\/www.perfectvanwamel.com\/fr\/#website","url":"https:\/\/www.perfectvanwamel.com\/fr\/","name":"PERFECT - Van Wamel","description":"","potentialAction":[{"@type":"SearchAction","target":{"@type":"EntryPoint","urlTemplate":"https:\/\/www.perfectvanwamel.com\/fr\/?s={search_term_string}"},"query-input":{"@type":"PropertyValueSpecification","valueRequired":true,"valueName":"search_term_string"}}],"inLanguage":"fr-FR"}]}},"_links":{"self":[{"href":"https:\/\/www.perfectvanwamel.com\/fr\/wp-json\/wp\/v2\/product\/16501","targetHints":{"allow":["GET"]}}],"collection":[{"href":"https:\/\/www.perfectvanwamel.com\/fr\/wp-json\/wp\/v2\/product"}],"about":[{"href":"https:\/\/www.perfectvanwamel.com\/fr\/wp-json\/wp\/v2\/types\/product"}],"wp:featuredmedia":[{"embeddable":true,"href":"https:\/\/www.perfectvanwamel.com\/fr\/wp-json\/wp\/v2\/media\/16448"}],"wp:attachment":[{"href":"https:\/\/www.perfectvanwamel.com\/fr\/wp-json\/wp\/v2\/media?parent=16501"}],"wp:term":[{"taxonomy":"product_brand","embeddable":true,"href":"https:\/\/www.perfectvanwamel.com\/fr\/wp-json\/wp\/v2\/product_brand?post=16501"},{"taxonomy":"product_cat","embeddable":true,"href":"https:\/\/www.perfectvanwamel.com\/fr\/wp-json\/wp\/v2\/product_cat?post=16501"},{"taxonomy":"product_tag","embeddable":true,"href":"https:\/\/www.perfectvanwamel.com\/fr\/wp-json\/wp\/v2\/product_tag?post=16501"}],"curies":[{"name":"wp","href":"https:\/\/api.w.org\/{rel}","templated":true}]}}