{"id":22162,"date":"2025-04-03T15:54:17","date_gmt":"2025-04-03T13:54:17","guid":{"rendered":"https:\/\/www.perfectvanwamel.com\/product\/faucheuse-arboriculture-a-usage-intensif-t-rex\/"},"modified":"2025-05-28T09:01:55","modified_gmt":"2025-05-28T07:01:55","slug":"faucheuse-arboriculture-a-usage-intensif-t-rex","status":"publish","type":"product","link":"https:\/\/www.perfectvanwamel.com\/fr\/produit\/faucheuse-arboriculture-a-usage-intensif-t-rex\/","title":{"rendered":"Faucheuse arboriculture \u00e0 usage intensif T-Rex"},"content":{"rendered":"<p><strong>Conduite efficace et polyvalence<\/strong><\/p>\n<p>La T-Rex est \u00e9quip\u00e9e de trois lames (200, 225, 250, 270 et 290 cm ), ce qui permet \u00e0 la faucheuse de rester compacte. Le carter de la tondeuse est suspendu pour un suivi optimal du sol, ce qui garantit une coupe r\u00e9guli\u00e8re m\u00eame sur les terrains irr\u00e9guliers. La T-Rex utilise une bo\u00eete de vitesses au lieu de courroies trap\u00e9zo\u00efdales. Cela garantit une transmission directe et puissante, moins d&#8217;usure et une dur\u00e9e de vie plus longue. Id\u00e9al pour les conditions intenses dans lesquelles vous travaillez tous les jours.<\/p>\n<p><strong>Vous avez le choix entre 4 configurations<\/strong> :<\/p>\n<p><strong>Faucheuse frontale<\/strong> : vous offre une visibilit\u00e9 et une pr\u00e9cision optimales.<br \/>\n<strong>Faucheuse<\/strong> <strong>arri\u00e8re<\/strong> : assure une coupe efficace sur de grandes surfaces.<br \/>\n<strong>Attelage frontal et arri\u00e8re<\/strong> : Cette configuration vous permet d&#8217;attacher la faucheuse \u00e0 l&#8217;avant du tracteur ainsi qu&#8217;\u00e0 l&#8217;arri\u00e8re.<br \/>\n<strong>Combinaison faucheuse-pulv\u00e9risateur<\/strong> : combine la tonte et la pulv\u00e9risation, ce qui vous permet d&#8217;\u00e9conomiser du temps et de l&#8217;argent.<\/p>\n<p>Le T-Rex est \u00e9quip\u00e9 de s\u00e9rie d&#8217;options d&#8217;\u00e9jection lat\u00e9rale et arri\u00e8re de l&#8217;herbe et d&#8217;un grand rouleau pour un suivi optimal du sol, parfaitement adapt\u00e9 \u00e0 votre verger.<\/p>\n<p><strong>Durable et fiable<\/strong><\/p>\n<p>Avec des composants de haute qualit\u00e9 tels que la bo\u00eete de vitesses allemande R\u00f6gelberg et la prise de force \u00e0 cames Walterscheid, vous \u00eates assur\u00e9 d&#8217;une qualit\u00e9 sup\u00e9rieure. Pour prot\u00e9ger la cha\u00eene cin\u00e9matique, des accouplements en caoutchouc sont pr\u00e9vus : entre la lame et la bo\u00eete de vitesses et entre les bo\u00eetes de vitesses elles-m\u00eames. La construction robuste et les exigences minimales en mati\u00e8re d&#8217;entretien garantissent la fiabilit\u00e9 et l&#8217;efficacit\u00e9 de votre faucheuse.<\/p>\n","protected":false},"excerpt":{"rendered":"<p><strong>Votre tondeuse puissante et polyvalente pour l&#8217;arboriculture et la viticulture<\/strong><\/p>\n<p>La T-Rex est la tondeuse fiable qui ma\u00eetrise sans effort l&#8217;herbe haute. Gr\u00e2ce \u00e0 sa construction robuste et \u00e0 son entra\u00eenement par bo\u00eete de vitesses, il est possible de tondre moins souvent, ce qui permet de r\u00e9aliser des \u00e9conomies. Sp\u00e9cialement con\u00e7ue pour les arboriculteurs. La faucheuse est disponible en version faucheuse arri\u00e8re, faucheuse avant, faucheuse avant et arri\u00e8re et Combinaison faucheuse-pulv\u00e9risateur, ce qui vous permet de rester flexible dans votre travail.<\/p>\n<p>D\u00e9couvrez la vid\u00e9o d&#8217;animation du T-Rex <a href=\"https:\/\/www.youtube.com\/watch?v=j63MEhWS8mU\">ici<\/a>.<\/p>\n","protected":false},"featured_media":28349,"template":"","meta":{"_acf_changed":false},"product_brand":[],"product_cat":[1826],"product_tag":[],"class_list":{"0":"post-22162","1":"product","2":"type-product","3":"status-publish","4":"has-post-thumbnail","6":"product_cat-faucheuses-arboricoles","8":"first","9":"instock","10":"shipping-taxable","11":"product-type-simple"},"acf":[],"yoast_head":"<!-- This site is optimized with the Yoast SEO plugin v27.4 - https:\/\/yoast.com\/product\/yoast-seo-wordpress\/ -->\n<title>Faucheuse arboriculture \u00e0 usage intensif T-Rex - PERFECT - Van Wamel<\/title>\n<meta name=\"robots\" content=\"index, follow, max-snippet:-1, max-image-preview:large, max-video-preview:-1\" \/>\n<link rel=\"canonical\" href=\"https:\/\/www.perfectvanwamel.com\/fr\/produit\/faucheuse-arboriculture-a-usage-intensif-t-rex\/\" \/>\n<meta property=\"og:locale\" content=\"fr_FR\" \/>\n<meta property=\"og:type\" content=\"article\" \/>\n<meta property=\"og:title\" content=\"Faucheuse arboriculture \u00e0 usage intensif T-Rex - PERFECT - Van Wamel\" \/>\n<meta property=\"og:description\" content=\"Votre tondeuse puissante et polyvalente pour l&#039;arboriculture et la viticulture  La T-Rex est la tondeuse fiable qui ma\u00eetrise sans effort l&#039;herbe haute. Gr\u00e2ce \u00e0 sa construction robuste et \u00e0 son entra\u00eenement par bo\u00eete de vitesses, il est possible de tondre moins souvent, ce qui permet de r\u00e9aliser des \u00e9conomies. Sp\u00e9cialement con\u00e7ue pour les arboriculteurs. La faucheuse est disponible en version faucheuse arri\u00e8re, faucheuse avant, faucheuse avant et arri\u00e8re et Combinaison faucheuse-pulv\u00e9risateur, ce qui vous permet de rester flexible dans votre travail.  D\u00e9couvrez la vid\u00e9o d&#039;animation du T-Rex ici.\" \/>\n<meta property=\"og:url\" content=\"https:\/\/www.perfectvanwamel.com\/fr\/produit\/faucheuse-arboriculture-a-usage-intensif-t-rex\/\" \/>\n<meta property=\"og:site_name\" content=\"PERFECT - Van Wamel\" \/>\n<meta property=\"article:modified_time\" content=\"2025-05-28T07:01:55+00:00\" \/>\n<meta property=\"og:image\" content=\"https:\/\/staging.perfectvanwamel.com\/wp-content\/uploads\/2025\/04\/T-Rex-8.jpg\" \/>\n\t<meta property=\"og:image:width\" content=\"709\" \/>\n\t<meta property=\"og:image:height\" content=\"399\" \/>\n\t<meta property=\"og:image:type\" content=\"image\/jpeg\" \/>\n<meta name=\"twitter:card\" content=\"summary_large_image\" \/>\n<meta name=\"twitter:label1\" content=\"Dur\u00e9e de lecture estim\u00e9e\" \/>\n\t<meta name=\"twitter:data1\" content=\"1 minute\" \/>\n<script type=\"application\/ld+json\" class=\"yoast-schema-graph\">{\"@context\":\"https:\\\/\\\/schema.org\",\"@graph\":[{\"@type\":\"WebPage\",\"@id\":\"https:\\\/\\\/www.perfectvanwamel.com\\\/fr\\\/produit\\\/faucheuse-arboriculture-a-usage-intensif-t-rex\\\/\",\"url\":\"https:\\\/\\\/www.perfectvanwamel.com\\\/fr\\\/produit\\\/faucheuse-arboriculture-a-usage-intensif-t-rex\\\/\",\"name\":\"Faucheuse arboriculture \u00e0 usage intensif T-Rex - PERFECT - Van Wamel\",\"isPartOf\":{\"@id\":\"https:\\\/\\\/www.perfectvanwamel.com\\\/fr\\\/#website\"},\"primaryImageOfPage\":{\"@id\":\"https:\\\/\\\/www.perfectvanwamel.com\\\/fr\\\/produit\\\/faucheuse-arboriculture-a-usage-intensif-t-rex\\\/#primaryimage\"},\"image\":{\"@id\":\"https:\\\/\\\/www.perfectvanwamel.com\\\/fr\\\/produit\\\/faucheuse-arboriculture-a-usage-intensif-t-rex\\\/#primaryimage\"},\"thumbnailUrl\":\"https:\\\/\\\/www.perfectvanwamel.com\\\/wp-content\\\/uploads\\\/2025\\\/04\\\/T-Rex-245.jpg\",\"datePublished\":\"2025-04-03T13:54:17+00:00\",\"dateModified\":\"2025-05-28T07:01:55+00:00\",\"breadcrumb\":{\"@id\":\"https:\\\/\\\/www.perfectvanwamel.com\\\/fr\\\/produit\\\/faucheuse-arboriculture-a-usage-intensif-t-rex\\\/#breadcrumb\"},\"inLanguage\":\"fr-FR\",\"potentialAction\":[{\"@type\":\"ReadAction\",\"target\":[\"https:\\\/\\\/www.perfectvanwamel.com\\\/fr\\\/produit\\\/faucheuse-arboriculture-a-usage-intensif-t-rex\\\/\"]}]},{\"@type\":\"ImageObject\",\"inLanguage\":\"fr-FR\",\"@id\":\"https:\\\/\\\/www.perfectvanwamel.com\\\/fr\\\/produit\\\/faucheuse-arboriculture-a-usage-intensif-t-rex\\\/#primaryimage\",\"url\":\"https:\\\/\\\/www.perfectvanwamel.com\\\/wp-content\\\/uploads\\\/2025\\\/04\\\/T-Rex-245.jpg\",\"contentUrl\":\"https:\\\/\\\/www.perfectvanwamel.com\\\/wp-content\\\/uploads\\\/2025\\\/04\\\/T-Rex-245.jpg\",\"width\":2000,\"height\":1500},{\"@type\":\"BreadcrumbList\",\"@id\":\"https:\\\/\\\/www.perfectvanwamel.com\\\/fr\\\/produit\\\/faucheuse-arboriculture-a-usage-intensif-t-rex\\\/#breadcrumb\",\"itemListElement\":[{\"@type\":\"ListItem\",\"position\":1,\"name\":\"Home\",\"item\":\"https:\\\/\\\/staging.perfectvanwamel.com\\\/fr\\\/\"},{\"@type\":\"ListItem\",\"position\":2,\"name\":\"Produits\",\"item\":\"https:\\\/\\\/www.perfectvanwamel.com\\\/fr\\\/technologie\\\/\"},{\"@type\":\"ListItem\",\"position\":3,\"name\":\"Faucheuse arboriculture \u00e0 usage intensif T-Rex\"}]},{\"@type\":\"WebSite\",\"@id\":\"https:\\\/\\\/www.perfectvanwamel.com\\\/fr\\\/#website\",\"url\":\"https:\\\/\\\/www.perfectvanwamel.com\\\/fr\\\/\",\"name\":\"PERFECT - Van Wamel\",\"description\":\"\",\"potentialAction\":[{\"@type\":\"SearchAction\",\"target\":{\"@type\":\"EntryPoint\",\"urlTemplate\":\"https:\\\/\\\/www.perfectvanwamel.com\\\/fr\\\/?s={search_term_string}\"},\"query-input\":{\"@type\":\"PropertyValueSpecification\",\"valueRequired\":true,\"valueName\":\"search_term_string\"}}],\"inLanguage\":\"fr-FR\"}]}<\/script>\n<!-- \/ Yoast SEO plugin. -->","yoast_head_json":{"title":"Faucheuse arboriculture \u00e0 usage intensif T-Rex - PERFECT - Van Wamel","robots":{"index":"index","follow":"follow","max-snippet":"max-snippet:-1","max-image-preview":"max-image-preview:large","max-video-preview":"max-video-preview:-1"},"canonical":"https:\/\/www.perfectvanwamel.com\/fr\/produit\/faucheuse-arboriculture-a-usage-intensif-t-rex\/","og_locale":"fr_FR","og_type":"article","og_title":"Faucheuse arboriculture \u00e0 usage intensif T-Rex - PERFECT - Van Wamel","og_description":"Votre tondeuse puissante et polyvalente pour l'arboriculture et la viticulture  La T-Rex est la tondeuse fiable qui ma\u00eetrise sans effort l'herbe haute. Gr\u00e2ce \u00e0 sa construction robuste et \u00e0 son entra\u00eenement par bo\u00eete de vitesses, il est possible de tondre moins souvent, ce qui permet de r\u00e9aliser des \u00e9conomies. Sp\u00e9cialement con\u00e7ue pour les arboriculteurs. La faucheuse est disponible en version faucheuse arri\u00e8re, faucheuse avant, faucheuse avant et arri\u00e8re et Combinaison faucheuse-pulv\u00e9risateur, ce qui vous permet de rester flexible dans votre travail.  D\u00e9couvrez la vid\u00e9o d'animation du T-Rex ici.","og_url":"https:\/\/www.perfectvanwamel.com\/fr\/produit\/faucheuse-arboriculture-a-usage-intensif-t-rex\/","og_site_name":"PERFECT - Van Wamel","article_modified_time":"2025-05-28T07:01:55+00:00","og_image":[{"width":709,"height":399,"url":"https:\/\/staging.perfectvanwamel.com\/wp-content\/uploads\/2025\/04\/T-Rex-8.jpg","type":"image\/jpeg"}],"twitter_card":"summary_large_image","twitter_misc":{"Dur\u00e9e de lecture estim\u00e9e":"1 minute"},"schema":{"@context":"https:\/\/schema.org","@graph":[{"@type":"WebPage","@id":"https:\/\/www.perfectvanwamel.com\/fr\/produit\/faucheuse-arboriculture-a-usage-intensif-t-rex\/","url":"https:\/\/www.perfectvanwamel.com\/fr\/produit\/faucheuse-arboriculture-a-usage-intensif-t-rex\/","name":"Faucheuse arboriculture \u00e0 usage intensif T-Rex - PERFECT - Van Wamel","isPartOf":{"@id":"https:\/\/www.perfectvanwamel.com\/fr\/#website"},"primaryImageOfPage":{"@id":"https:\/\/www.perfectvanwamel.com\/fr\/produit\/faucheuse-arboriculture-a-usage-intensif-t-rex\/#primaryimage"},"image":{"@id":"https:\/\/www.perfectvanwamel.com\/fr\/produit\/faucheuse-arboriculture-a-usage-intensif-t-rex\/#primaryimage"},"thumbnailUrl":"https:\/\/www.perfectvanwamel.com\/wp-content\/uploads\/2025\/04\/T-Rex-245.jpg","datePublished":"2025-04-03T13:54:17+00:00","dateModified":"2025-05-28T07:01:55+00:00","breadcrumb":{"@id":"https:\/\/www.perfectvanwamel.com\/fr\/produit\/faucheuse-arboriculture-a-usage-intensif-t-rex\/#breadcrumb"},"inLanguage":"fr-FR","potentialAction":[{"@type":"ReadAction","target":["https:\/\/www.perfectvanwamel.com\/fr\/produit\/faucheuse-arboriculture-a-usage-intensif-t-rex\/"]}]},{"@type":"ImageObject","inLanguage":"fr-FR","@id":"https:\/\/www.perfectvanwamel.com\/fr\/produit\/faucheuse-arboriculture-a-usage-intensif-t-rex\/#primaryimage","url":"https:\/\/www.perfectvanwamel.com\/wp-content\/uploads\/2025\/04\/T-Rex-245.jpg","contentUrl":"https:\/\/www.perfectvanwamel.com\/wp-content\/uploads\/2025\/04\/T-Rex-245.jpg","width":2000,"height":1500},{"@type":"BreadcrumbList","@id":"https:\/\/www.perfectvanwamel.com\/fr\/produit\/faucheuse-arboriculture-a-usage-intensif-t-rex\/#breadcrumb","itemListElement":[{"@type":"ListItem","position":1,"name":"Home","item":"https:\/\/staging.perfectvanwamel.com\/fr\/"},{"@type":"ListItem","position":2,"name":"Produits","item":"https:\/\/www.perfectvanwamel.com\/fr\/technologie\/"},{"@type":"ListItem","position":3,"name":"Faucheuse arboriculture \u00e0 usage intensif T-Rex"}]},{"@type":"WebSite","@id":"https:\/\/www.perfectvanwamel.com\/fr\/#website","url":"https:\/\/www.perfectvanwamel.com\/fr\/","name":"PERFECT - Van Wamel","description":"","potentialAction":[{"@type":"SearchAction","target":{"@type":"EntryPoint","urlTemplate":"https:\/\/www.perfectvanwamel.com\/fr\/?s={search_term_string}"},"query-input":{"@type":"PropertyValueSpecification","valueRequired":true,"valueName":"search_term_string"}}],"inLanguage":"fr-FR"}]}},"_links":{"self":[{"href":"https:\/\/www.perfectvanwamel.com\/fr\/wp-json\/wp\/v2\/product\/22162","targetHints":{"allow":["GET"]}}],"collection":[{"href":"https:\/\/www.perfectvanwamel.com\/fr\/wp-json\/wp\/v2\/product"}],"about":[{"href":"https:\/\/www.perfectvanwamel.com\/fr\/wp-json\/wp\/v2\/types\/product"}],"wp:featuredmedia":[{"embeddable":true,"href":"https:\/\/www.perfectvanwamel.com\/fr\/wp-json\/wp\/v2\/media\/28349"}],"wp:attachment":[{"href":"https:\/\/www.perfectvanwamel.com\/fr\/wp-json\/wp\/v2\/media?parent=22162"}],"wp:term":[{"taxonomy":"product_brand","embeddable":true,"href":"https:\/\/www.perfectvanwamel.com\/fr\/wp-json\/wp\/v2\/product_brand?post=22162"},{"taxonomy":"product_cat","embeddable":true,"href":"https:\/\/www.perfectvanwamel.com\/fr\/wp-json\/wp\/v2\/product_cat?post=22162"},{"taxonomy":"product_tag","embeddable":true,"href":"https:\/\/www.perfectvanwamel.com\/fr\/wp-json\/wp\/v2\/product_tag?post=22162"}],"curies":[{"name":"wp","href":"https:\/\/api.w.org\/{rel}","templated":true}]}}