{"id":28022,"date":"2026-02-02T13:33:43","date_gmt":"2026-02-02T12:33:43","guid":{"rendered":"https:\/\/www.perfectvanwamel.com\/product\/rabbit-serie-toegankelijke-klepelmaaier\/"},"modified":"2026-02-02T13:44:09","modified_gmt":"2026-02-02T12:44:09","slug":"rabbit-serie-broyeur-accessible","status":"publish","type":"product","link":"https:\/\/www.perfectvanwamel.com\/fr\/produit\/rabbit-serie-broyeur-accessible\/","title":{"rendered":"Broyeur accessible &#8211; S\u00e9rie RABBIT"},"content":{"rendered":"<section class=\"l-section wpb_row height_small\"><div class=\"l-section-h i-cf\"><div class=\"g-cols vc_row type_default valign_top\"><div class=\"vc_col-sm-12 wpb_column vc_column_container\"><div class=\"vc_column-inner\"><div class=\"wpb_wrapper\"><div class=\"wpb_text_column\" ><div class=\"wpb_wrapper\"><h3><span class=\"--l --r hover:bg-blue-100 hover:dark:bg-blue-600\"><span class=\"--l container-target\"><span class=\"--l bg-blue-50 text-unit-target\">La<\/span><\/span><\/span> <span class=\"--l --r hover:bg-blue-100 hover:dark:bg-blue-600\"><span class=\"container-target\"><span class=\"bg-blue-50 text-unit-target\">broyeur<\/span><\/span><\/span>\u00a0<span class=\"--l --r hover:bg-blue-100 hover:dark:bg-blue-600\"><span class=\"container-target\"><span class=\"bg-blue-50 text-unit-target\">\u00e0<\/span><\/span><\/span> <span class=\"--l --r hover:bg-blue-100 hover:dark:bg-blue-600\"><span class=\"container-target\"><span class=\"bg-blue-50 text-unit-target\">matreaux id\u00e9ale<\/span><\/span><\/span> <span class=\"--l --r hover:bg-blue-100 hover:dark:bg-blue-600\"><span class=\"container-target\"><span class=\"bg-blue-50 text-unit-target\">pour<\/span><\/span><\/span> <span class=\"--l --r hover:bg-blue-100 hover:dark:bg-blue-600\"><span class=\"container-target\"><span class=\"bg-blue-50 text-unit-target\">l&#8217;entretien<\/span><\/span><\/span> <span class=\"--l --r hover:bg-blue-100 hover:dark:bg-blue-600\"><span class=\"container-target\"><span class=\"bg-blue-50 text-unit-target\">des<\/span><\/span><\/span> <span class=\"--l --r hover:bg-blue-100 hover:dark:bg-blue-600\"><span class=\"container-target\"><span class=\"bg-blue-50 text-unit-target\">espaces<\/span><\/span><\/span> <span class=\"--l --r hover:bg-blue-100 hover:dark:bg-blue-600\"><span class=\"container-target\"><span class=\"bg-blue-50 text-unit-target\">verts<\/span><\/span><\/span> <span class=\"--l --r hover:bg-blue-100 hover:dark:bg-blue-600\"><span class=\"container-target\"><span class=\"bg-blue-50 text-unit-target\">accessibles<\/span><\/span><\/span><\/h3>\n<p><span class=\"--l --r hover:bg-blue-100 hover:dark:bg-blue-600\"><span class=\"container-target\"><span class=\"bg-blue-50 text-unit-target\">La<\/span><\/span><\/span> <span class=\"--l --r hover:bg-blue-100 hover:dark:bg-blue-600\"><span class=\"container-target\"><span class=\"bg-blue-50 text-unit-target\">s\u00e9rie<\/span><\/span><\/span> <span class=\"--l --r hover:bg-blue-100 hover:dark:bg-blue-600\"><span class=\"container-target\"><span class=\"bg-blue-50 text-unit-target\">RABBIT<\/span><\/span><\/span> <span class=\"--l --r hover:bg-blue-100 hover:dark:bg-blue-600\"><span class=\"container-target\"><span class=\"bg-blue-50 text-unit-target\">a<\/span><\/span><\/span> <span class=\"--l --r hover:bg-blue-100 hover:dark:bg-blue-600\"><span class=\"container-target\"><span class=\"bg-blue-50 text-unit-target\">\u00e9t\u00e9<\/span><\/span><\/span> <span class=\"--l --r hover:bg-blue-100 hover:dark:bg-blue-600\"><span class=\"container-target\"><span class=\"bg-blue-50 text-unit-target\">sp\u00e9cialement<\/span><\/span><\/span> <span class=\"--l --r hover:bg-blue-100 hover:dark:bg-blue-600\"><span class=\"container-target\"><span class=\"bg-blue-50 text-unit-target\">con\u00e7ue<\/span><\/span><\/span> <span class=\"--l --r hover:bg-blue-100 hover:dark:bg-blue-600\"><span class=\"container-target\"><span class=\"bg-blue-50 text-unit-target\">pour<\/span><\/span><\/span> <span class=\"--l --r hover:bg-blue-100 hover:dark:bg-blue-600\"><span class=\"container-target\"><span class=\"bg-blue-50 text-unit-target\">l&#8217;entretien<\/span><\/span><\/span> <span class=\"--l --r hover:bg-blue-100 hover:dark:bg-blue-600\"><span class=\"container-target\"><span class=\"bg-blue-50 text-unit-target\">des<\/span><\/span><\/span> <span class=\"--l --r hover:bg-blue-100 hover:dark:bg-blue-600\"><span class=\"container-target\"><span class=\"bg-blue-50 text-unit-target\">pelouses<\/span><\/span><\/span><span class=\"container-target\"><span class=\"bg-blue-50 text-unit-target\">, <\/span><\/span><span class=\"--l --r hover:bg-blue-100 hover:dark:bg-blue-600\"><span class=\"container-target\"><span class=\"bg-blue-50 text-unit-target\">des<\/span><\/span><\/span> <span class=\"--l --r hover:bg-blue-100 hover:dark:bg-blue-600\"><span class=\"container-target\"><span class=\"bg-blue-50 text-unit-target\">terrains<\/span><\/span><\/span> <span class=\"--l --r hover:bg-blue-100 hover:dark:bg-blue-600\"><span class=\"container-target\"><span class=\"bg-blue-50 text-unit-target\">de<\/span><\/span><\/span> <span class=\"--l --r hover:bg-blue-100 hover:dark:bg-blue-600\"><span class=\"container-target\"><span class=\"bg-blue-50 text-unit-target\">camping<\/span><\/span><\/span> <span class=\"--l --r hover:bg-blue-100 hover:dark:bg-blue-600\"><span class=\"container-target\"><span class=\"bg-blue-50 text-unit-target\">et<\/span><\/span><\/span> <span class=\"--l --r hover:bg-blue-100 hover:dark:bg-blue-600\"><span class=\"container-target\"><span class=\"bg-blue-50 text-unit-target\">des<\/span><\/span><\/span> <span class=\"--l --r hover:bg-blue-100 hover:dark:bg-blue-600\"><span class=\"container-target\"><span class=\"bg-blue-50 text-unit-target\">espaces<\/span><\/span><\/span> <span class=\"--l --r hover:bg-blue-100 hover:dark:bg-blue-600\"><span class=\"container-target\"><span class=\"bg-blue-50 text-unit-target\">verts<\/span><\/span><\/span> <span class=\"--l --r hover:bg-blue-100 hover:dark:bg-blue-600\"><span class=\"container-target\"><span class=\"bg-blue-50 text-unit-target\">publics<\/span><\/span><\/span><span class=\"container-target\"><span class=\"bg-blue-50 text-unit-target\">. <\/span><\/span><span class=\"--l --r hover:bg-blue-100 hover:dark:bg-blue-600\"><span class=\"container-target\"><span class=\"bg-blue-50 text-unit-target\">Elle<\/span><\/span><\/span> <span class=\"--l --r hover:bg-blue-100 hover:dark:bg-blue-600\"><span class=\"container-target\"><span class=\"bg-blue-50 text-unit-target\">est<\/span><\/span><\/span> <span class=\"--l --r hover:bg-blue-100 hover:dark:bg-blue-600\"><span class=\"container-target\"><span class=\"bg-blue-50 text-unit-target\">id\u00e9ale<\/span><\/span><\/span> <span class=\"--l --r hover:bg-blue-100 hover:dark:bg-blue-600\"><span class=\"container-target\"><span class=\"bg-blue-50 text-unit-target\">pour<\/span><\/span><\/span> <span class=\"--l --r hover:bg-blue-100 hover:dark:bg-blue-600\"><span class=\"container-target\"><span class=\"bg-blue-50 text-unit-target\">les<\/span><\/span><\/span> <span class=\"--l --r hover:bg-blue-100 hover:dark:bg-blue-600\"><span class=\"container-target\"><span class=\"bg-blue-50 text-unit-target\">zones<\/span><\/span><\/span> <span class=\"--l --r hover:bg-blue-100 hover:dark:bg-blue-600\"><span class=\"container-target\"><span class=\"bg-blue-50 text-unit-target\">agricoles<\/span><\/span><\/span> <span class=\"--l --r hover:bg-blue-100 hover:dark:bg-blue-600\"><span class=\"container-target\"><span class=\"bg-blue-50 text-unit-target\">et<\/span><\/span><\/span> <span class=\"--l --r hover:bg-blue-100 hover:dark:bg-blue-600\"><span class=\"container-target\"><span class=\"bg-blue-50 text-unit-target\">les<\/span><\/span><\/span> <span class=\"--l --r hover:bg-blue-100 hover:dark:bg-blue-600\"><span class=\"container-target\"><span class=\"bg-blue-50 text-unit-target\">espaces<\/span><\/span><\/span> <span class=\"--l --r hover:bg-blue-100 hover:dark:bg-blue-600\"><span class=\"container-target\"><span class=\"bg-blue-50 text-unit-target\">verts<\/span><\/span><\/span> <span class=\"--l --r hover:bg-blue-100 hover:dark:bg-blue-600\"><span class=\"container-target\"><span class=\"bg-blue-50 text-unit-target\">o\u00f9<\/span><\/span><\/span> <span class=\"--l --r hover:bg-blue-100 hover:dark:bg-blue-600\"><span class=\"container-target\"><span class=\"bg-blue-50 text-unit-target\">la<\/span><\/span><\/span> <span class=\"--l --r hover:bg-blue-100 hover:dark:bg-blue-600\"><span class=\"container-target\"><span class=\"bg-blue-50 text-unit-target\">fiabilit\u00e9<\/span><\/span><\/span> <span class=\"--l --r hover:bg-blue-100 hover:dark:bg-blue-600\"><span class=\"container-target\"><span class=\"bg-blue-50 text-unit-target\">et<\/span><\/span><\/span> <span class=\"--l --r hover:bg-blue-100 hover:dark:bg-blue-600\"><span class=\"container-target\"><span class=\"bg-blue-50 text-unit-target\">l&#8217;efficacit\u00e9<\/span><\/span><\/span> <span class=\"--l --r hover:bg-blue-100 hover:dark:bg-blue-600\"><span class=\"container-target\"><span class=\"bg-blue-50 text-unit-target\">sont<\/span><\/span><\/span> <span class=\"--l --r hover:bg-blue-100 hover:dark:bg-blue-600\"><span class=\"container-target\"><span class=\"bg-blue-50 text-unit-target\">essentielles<\/span><\/span><\/span><span class=\"--r container-target\"><span class=\"--r bg-blue-50 text-unit-target\">.<\/span><\/span><\/p>\n<h3>Adapt\u00e9 \u00e0 vos travaux<\/h3>\n<p><span class=\"--r container-target\">Gr\u00e2ce \u00e0 une technologie intelligente et \u00e0 des composants robustes, vous travaillez plus rapidement et en toute s\u00e9curit\u00e9. Le RABBIT allie facilit\u00e9 d&#8217;utilisation et durabilit\u00e9, pour que vous puissiez toujours compter sur une qualit\u00e9 optimale.<\/span><\/p>\n<h3>Sp\u00e9cifications<\/h3>\n<ul>\n<li><span class=\"container-target\">PERFECT matreaux et suspension des matreaux <\/span><\/li>\n<li><span class=\"container-target\">Patins r\u00e9glables en hauteur<\/span><\/li>\n<li><span class=\"container-target\">Rouleau r\u00e9glable en hauteur<\/span><\/li>\n<li><span class=\"--r container-target\">Protection en caoutchouc standard pour \u00e9viter autant que possible que des r\u00e9sidus durs ne soient projet\u00e9s<\/span><\/li>\n<\/ul>\n<\/div><\/div><\/div><\/div><\/div><\/div><\/div><\/section>\n","protected":false},"excerpt":{"rendered":"<p><span class=\"--l --r hover:bg-blue-100 hover:dark:bg-blue-600\"><span class=\"--l container-target\">La<\/span><\/span> <span class=\"--l --r hover:bg-blue-100 hover:dark:bg-blue-600\"><span class=\"container-target\">broyeur<\/span><\/span> <span class=\"--l --r hover:bg-blue-100 hover:dark:bg-blue-600\"><span class=\"container-target\">\u00e0<\/span><\/span> <span class=\"--l --r hover:bg-blue-100 hover:dark:bg-blue-600\"><span class=\"container-target\">matreaux <\/span><\/span><span class=\"--l --r hover:bg-blue-100 hover:dark:bg-blue-600\"><span class=\"container-target\">RABBIT<\/span><\/span> <span class=\"--l --r hover:bg-blue-100 hover:dark:bg-blue-600\"><span class=\"container-target\">est<\/span><\/span> <span class=\"--l --r hover:bg-blue-100 hover:dark:bg-blue-600\"><span class=\"container-target\">id\u00e9ale<\/span><\/span> <span class=\"--l --r hover:bg-blue-100 hover:dark:bg-blue-600\"><span class=\"container-target\">pour<\/span><\/span> <span class=\"--l --r hover:bg-blue-100 hover:dark:bg-blue-600\"><span class=\"container-target\">l&#8217;entretien<\/span><\/span> <span class=\"--l --r hover:bg-blue-100 hover:dark:bg-blue-600\"><span class=\"container-target\">des<\/span><\/span> <span class=\"--l --r hover:bg-blue-100 hover:dark:bg-blue-600\"><span class=\"container-target\">pelouses<\/span><\/span><span class=\"container-target\">, <\/span><span class=\"--l --r hover:bg-blue-100 hover:dark:bg-blue-600\"><span class=\"container-target\">des<\/span><\/span> <span class=\"--l --r hover:bg-blue-100 hover:dark:bg-blue-600\"><span class=\"container-target\">campings<\/span><\/span> <span class=\"--l --r hover:bg-blue-100 hover:dark:bg-blue-600\"><span class=\"container-target\">et<\/span><\/span> <span class=\"--l --r hover:bg-blue-100 hover:dark:bg-blue-600\"><span class=\"container-target\">des<\/span><\/span> <span class=\"--l --r hover:bg-blue-100 hover:dark:bg-blue-600\"><span class=\"container-target\">espaces<\/span><\/span> <span class=\"--l --r hover:bg-blue-100 hover:dark:bg-blue-600\"><span class=\"container-target\">verts<\/span><\/span> <span class=\"--l --r hover:bg-blue-100 hover:dark:bg-blue-600\"><span class=\"container-target\">publics<\/span><\/span><span class=\"container-target\">. <\/span><span class=\"--l --r hover:bg-blue-100 hover:dark:bg-blue-600\"><span class=\"container-target\">Gr\u00e2ce<\/span><\/span> <span class=\"--l --r hover:bg-blue-100 hover:dark:bg-blue-600\"><span class=\"container-target\">\u00e0<\/span><\/span> <span class=\"--l --r hover:bg-blue-100 hover:dark:bg-blue-600\"><span class=\"container-target\">sa<\/span><\/span> <span class=\"--l --r hover:bg-blue-100 hover:dark:bg-blue-600\"><span class=\"container-target\">conception<\/span><\/span> <span class=\"--l --r hover:bg-blue-100 hover:dark:bg-blue-600\"><span class=\"container-target\">robuste<\/span><\/span> <span class=\"--l --r hover:bg-blue-100 hover:dark:bg-blue-600\"><span class=\"container-target\">et<\/span><\/span> <span class=\"--l --r hover:bg-blue-100 hover:dark:bg-blue-600\"><span class=\"container-target\">durable<\/span><\/span><span class=\"container-target\">, <\/span><span class=\"--l --r hover:bg-blue-100 hover:dark:bg-blue-600\"><span class=\"container-target\">elle<\/span><\/span> <span class=\"--l --r hover:bg-blue-100 hover:dark:bg-blue-600\"><span class=\"container-target\">est<\/span><\/span> <span class=\"--l --r hover:bg-blue-100 hover:dark:bg-blue-600\"><span class=\"container-target\">PARFAITE<\/span><\/span> <span class=\"--l --r hover:bg-blue-100 hover:dark:bg-blue-600\"><span class=\"container-target\">pour<\/span><\/span> <span class=\"--l --r hover:bg-blue-100 hover:dark:bg-blue-600\"><span class=\"container-target\">une<\/span><\/span> <span class=\"--l --r hover:bg-blue-100 hover:dark:bg-blue-600\"><span class=\"container-target\">utilisation<\/span><\/span> <span class=\"--l --r hover:bg-blue-100 hover:dark:bg-blue-600\"><span class=\"container-target\">dans<\/span><\/span> <span class=\"--l --r hover:bg-blue-100 hover:dark:bg-blue-600\"><span class=\"container-target\">les<\/span><\/span> <span class=\"--l --r hover:bg-blue-100 hover:dark:bg-blue-600\"><span class=\"container-target\">zones<\/span><\/span> <span class=\"--l --r hover:bg-blue-100 hover:dark:bg-blue-600\"><span class=\"container-target\">agricoles<\/span><\/span> <span class=\"--l --r hover:bg-blue-100 hover:dark:bg-blue-600\"><span class=\"container-target\">et<\/span><\/span> <span class=\"--l --r hover:bg-blue-100 hover:dark:bg-blue-600\"><span class=\"container-target\">les<\/span><\/span> <span class=\"--l --r hover:bg-blue-100 hover:dark:bg-blue-600\"><span class=\"container-target\">espaces<\/span><\/span> <span class=\"--l --r hover:bg-blue-100 hover:dark:bg-blue-600\"><span class=\"container-target\">verts<\/span><\/span><span class=\"--r container-target\">.<\/span><\/p>\n","protected":false},"featured_media":28019,"template":"","meta":{"_acf_changed":false},"product_brand":[],"product_cat":[1828],"product_tag":[],"class_list":{"0":"post-28022","1":"product","2":"type-product","3":"status-publish","4":"has-post-thumbnail","6":"product_cat-rotobroyeurs","8":"first","9":"instock","10":"shipping-taxable","11":"product-type-simple"},"acf":[],"yoast_head":"<!-- This site is optimized with the Yoast SEO plugin v27.4 - https:\/\/yoast.com\/product\/yoast-seo-wordpress\/ -->\n<title>Broyeur accessible - S\u00e9rie RABBIT - PERFECT - Van Wamel<\/title>\n<meta name=\"robots\" content=\"index, follow, max-snippet:-1, max-image-preview:large, max-video-preview:-1\" \/>\n<link rel=\"canonical\" href=\"https:\/\/www.perfectvanwamel.com\/fr\/produit\/rabbit-serie-broyeur-accessible\/\" \/>\n<meta property=\"og:locale\" content=\"fr_FR\" \/>\n<meta property=\"og:type\" content=\"article\" \/>\n<meta property=\"og:title\" content=\"Broyeur accessible - S\u00e9rie RABBIT - PERFECT - Van Wamel\" \/>\n<meta property=\"og:description\" content=\"La broyeur \u00e0 matreaux RABBIT est id\u00e9ale pour l&#039;entretien des pelouses, des campings et des espaces verts publics. Gr\u00e2ce \u00e0 sa conception robuste et durable, elle est PARFAITE pour une utilisation dans les zones agricoles et les espaces verts.\" \/>\n<meta property=\"og:url\" content=\"https:\/\/www.perfectvanwamel.com\/fr\/produit\/rabbit-serie-broyeur-accessible\/\" \/>\n<meta property=\"og:site_name\" content=\"PERFECT - Van Wamel\" \/>\n<meta property=\"article:modified_time\" content=\"2026-02-02T12:44:09+00:00\" \/>\n<meta property=\"og:image\" content=\"https:\/\/staging.perfectvanwamel.com\/wp-content\/uploads\/2026\/02\/RABBIT-Vrijstaand-website.jpg\" \/>\n\t<meta property=\"og:image:width\" content=\"1320\" \/>\n\t<meta property=\"og:image:height\" content=\"990\" \/>\n\t<meta property=\"og:image:type\" content=\"image\/jpeg\" \/>\n<meta name=\"twitter:card\" content=\"summary_large_image\" \/>\n<meta name=\"twitter:label1\" content=\"Dur\u00e9e de lecture estim\u00e9e\" \/>\n\t<meta name=\"twitter:data1\" content=\"1 minute\" \/>\n<script type=\"application\/ld+json\" class=\"yoast-schema-graph\">{\"@context\":\"https:\\\/\\\/schema.org\",\"@graph\":[{\"@type\":\"WebPage\",\"@id\":\"https:\\\/\\\/www.perfectvanwamel.com\\\/fr\\\/produit\\\/rabbit-serie-broyeur-accessible\\\/\",\"url\":\"https:\\\/\\\/www.perfectvanwamel.com\\\/fr\\\/produit\\\/rabbit-serie-broyeur-accessible\\\/\",\"name\":\"Broyeur accessible - S\u00e9rie RABBIT - PERFECT - Van Wamel\",\"isPartOf\":{\"@id\":\"https:\\\/\\\/www.perfectvanwamel.com\\\/fr\\\/#website\"},\"primaryImageOfPage\":{\"@id\":\"https:\\\/\\\/www.perfectvanwamel.com\\\/fr\\\/produit\\\/rabbit-serie-broyeur-accessible\\\/#primaryimage\"},\"image\":{\"@id\":\"https:\\\/\\\/www.perfectvanwamel.com\\\/fr\\\/produit\\\/rabbit-serie-broyeur-accessible\\\/#primaryimage\"},\"thumbnailUrl\":\"https:\\\/\\\/www.perfectvanwamel.com\\\/wp-content\\\/uploads\\\/2026\\\/02\\\/RABBIT-Vrijstaand-website.jpg\",\"datePublished\":\"2026-02-02T12:33:43+00:00\",\"dateModified\":\"2026-02-02T12:44:09+00:00\",\"breadcrumb\":{\"@id\":\"https:\\\/\\\/www.perfectvanwamel.com\\\/fr\\\/produit\\\/rabbit-serie-broyeur-accessible\\\/#breadcrumb\"},\"inLanguage\":\"fr-FR\",\"potentialAction\":[{\"@type\":\"ReadAction\",\"target\":[\"https:\\\/\\\/www.perfectvanwamel.com\\\/fr\\\/produit\\\/rabbit-serie-broyeur-accessible\\\/\"]}]},{\"@type\":\"ImageObject\",\"inLanguage\":\"fr-FR\",\"@id\":\"https:\\\/\\\/www.perfectvanwamel.com\\\/fr\\\/produit\\\/rabbit-serie-broyeur-accessible\\\/#primaryimage\",\"url\":\"https:\\\/\\\/www.perfectvanwamel.com\\\/wp-content\\\/uploads\\\/2026\\\/02\\\/RABBIT-Vrijstaand-website.jpg\",\"contentUrl\":\"https:\\\/\\\/www.perfectvanwamel.com\\\/wp-content\\\/uploads\\\/2026\\\/02\\\/RABBIT-Vrijstaand-website.jpg\",\"width\":1320,\"height\":990},{\"@type\":\"BreadcrumbList\",\"@id\":\"https:\\\/\\\/www.perfectvanwamel.com\\\/fr\\\/produit\\\/rabbit-serie-broyeur-accessible\\\/#breadcrumb\",\"itemListElement\":[{\"@type\":\"ListItem\",\"position\":1,\"name\":\"Home\",\"item\":\"https:\\\/\\\/staging.perfectvanwamel.com\\\/fr\\\/\"},{\"@type\":\"ListItem\",\"position\":2,\"name\":\"Technologie\",\"item\":\"https:\\\/\\\/staging.perfectvanwamel.com\\\/fr\\\/technologie\\\/\"},{\"@type\":\"ListItem\",\"position\":3,\"name\":\"Broyeur accessible &#8211; S\u00e9rie RABBIT\"}]},{\"@type\":\"WebSite\",\"@id\":\"https:\\\/\\\/www.perfectvanwamel.com\\\/fr\\\/#website\",\"url\":\"https:\\\/\\\/www.perfectvanwamel.com\\\/fr\\\/\",\"name\":\"PERFECT - Van Wamel\",\"description\":\"\",\"potentialAction\":[{\"@type\":\"SearchAction\",\"target\":{\"@type\":\"EntryPoint\",\"urlTemplate\":\"https:\\\/\\\/www.perfectvanwamel.com\\\/fr\\\/?s={search_term_string}\"},\"query-input\":{\"@type\":\"PropertyValueSpecification\",\"valueRequired\":true,\"valueName\":\"search_term_string\"}}],\"inLanguage\":\"fr-FR\"}]}<\/script>\n<!-- \/ Yoast SEO plugin. -->","yoast_head_json":{"title":"Broyeur accessible - S\u00e9rie RABBIT - PERFECT - Van Wamel","robots":{"index":"index","follow":"follow","max-snippet":"max-snippet:-1","max-image-preview":"max-image-preview:large","max-video-preview":"max-video-preview:-1"},"canonical":"https:\/\/www.perfectvanwamel.com\/fr\/produit\/rabbit-serie-broyeur-accessible\/","og_locale":"fr_FR","og_type":"article","og_title":"Broyeur accessible - S\u00e9rie RABBIT - PERFECT - Van Wamel","og_description":"La broyeur \u00e0 matreaux RABBIT est id\u00e9ale pour l'entretien des pelouses, des campings et des espaces verts publics. Gr\u00e2ce \u00e0 sa conception robuste et durable, elle est PARFAITE pour une utilisation dans les zones agricoles et les espaces verts.","og_url":"https:\/\/www.perfectvanwamel.com\/fr\/produit\/rabbit-serie-broyeur-accessible\/","og_site_name":"PERFECT - Van Wamel","article_modified_time":"2026-02-02T12:44:09+00:00","og_image":[{"width":1320,"height":990,"url":"https:\/\/staging.perfectvanwamel.com\/wp-content\/uploads\/2026\/02\/RABBIT-Vrijstaand-website.jpg","type":"image\/jpeg"}],"twitter_card":"summary_large_image","twitter_misc":{"Dur\u00e9e de lecture estim\u00e9e":"1 minute"},"schema":{"@context":"https:\/\/schema.org","@graph":[{"@type":"WebPage","@id":"https:\/\/www.perfectvanwamel.com\/fr\/produit\/rabbit-serie-broyeur-accessible\/","url":"https:\/\/www.perfectvanwamel.com\/fr\/produit\/rabbit-serie-broyeur-accessible\/","name":"Broyeur accessible - S\u00e9rie RABBIT - PERFECT - Van Wamel","isPartOf":{"@id":"https:\/\/www.perfectvanwamel.com\/fr\/#website"},"primaryImageOfPage":{"@id":"https:\/\/www.perfectvanwamel.com\/fr\/produit\/rabbit-serie-broyeur-accessible\/#primaryimage"},"image":{"@id":"https:\/\/www.perfectvanwamel.com\/fr\/produit\/rabbit-serie-broyeur-accessible\/#primaryimage"},"thumbnailUrl":"https:\/\/www.perfectvanwamel.com\/wp-content\/uploads\/2026\/02\/RABBIT-Vrijstaand-website.jpg","datePublished":"2026-02-02T12:33:43+00:00","dateModified":"2026-02-02T12:44:09+00:00","breadcrumb":{"@id":"https:\/\/www.perfectvanwamel.com\/fr\/produit\/rabbit-serie-broyeur-accessible\/#breadcrumb"},"inLanguage":"fr-FR","potentialAction":[{"@type":"ReadAction","target":["https:\/\/www.perfectvanwamel.com\/fr\/produit\/rabbit-serie-broyeur-accessible\/"]}]},{"@type":"ImageObject","inLanguage":"fr-FR","@id":"https:\/\/www.perfectvanwamel.com\/fr\/produit\/rabbit-serie-broyeur-accessible\/#primaryimage","url":"https:\/\/www.perfectvanwamel.com\/wp-content\/uploads\/2026\/02\/RABBIT-Vrijstaand-website.jpg","contentUrl":"https:\/\/www.perfectvanwamel.com\/wp-content\/uploads\/2026\/02\/RABBIT-Vrijstaand-website.jpg","width":1320,"height":990},{"@type":"BreadcrumbList","@id":"https:\/\/www.perfectvanwamel.com\/fr\/produit\/rabbit-serie-broyeur-accessible\/#breadcrumb","itemListElement":[{"@type":"ListItem","position":1,"name":"Home","item":"https:\/\/staging.perfectvanwamel.com\/fr\/"},{"@type":"ListItem","position":2,"name":"Technologie","item":"https:\/\/staging.perfectvanwamel.com\/fr\/technologie\/"},{"@type":"ListItem","position":3,"name":"Broyeur accessible &#8211; S\u00e9rie RABBIT"}]},{"@type":"WebSite","@id":"https:\/\/www.perfectvanwamel.com\/fr\/#website","url":"https:\/\/www.perfectvanwamel.com\/fr\/","name":"PERFECT - Van Wamel","description":"","potentialAction":[{"@type":"SearchAction","target":{"@type":"EntryPoint","urlTemplate":"https:\/\/www.perfectvanwamel.com\/fr\/?s={search_term_string}"},"query-input":{"@type":"PropertyValueSpecification","valueRequired":true,"valueName":"search_term_string"}}],"inLanguage":"fr-FR"}]}},"_links":{"self":[{"href":"https:\/\/www.perfectvanwamel.com\/fr\/wp-json\/wp\/v2\/product\/28022","targetHints":{"allow":["GET"]}}],"collection":[{"href":"https:\/\/www.perfectvanwamel.com\/fr\/wp-json\/wp\/v2\/product"}],"about":[{"href":"https:\/\/www.perfectvanwamel.com\/fr\/wp-json\/wp\/v2\/types\/product"}],"wp:featuredmedia":[{"embeddable":true,"href":"https:\/\/www.perfectvanwamel.com\/fr\/wp-json\/wp\/v2\/media\/28019"}],"wp:attachment":[{"href":"https:\/\/www.perfectvanwamel.com\/fr\/wp-json\/wp\/v2\/media?parent=28022"}],"wp:term":[{"taxonomy":"product_brand","embeddable":true,"href":"https:\/\/www.perfectvanwamel.com\/fr\/wp-json\/wp\/v2\/product_brand?post=28022"},{"taxonomy":"product_cat","embeddable":true,"href":"https:\/\/www.perfectvanwamel.com\/fr\/wp-json\/wp\/v2\/product_cat?post=28022"},{"taxonomy":"product_tag","embeddable":true,"href":"https:\/\/www.perfectvanwamel.com\/fr\/wp-json\/wp\/v2\/product_tag?post=28022"}],"curies":[{"name":"wp","href":"https:\/\/api.w.org\/{rel}","templated":true}]}}