{"id":28041,"date":"2026-02-02T13:55:11","date_gmt":"2026-02-02T12:55:11","guid":{"rendered":"https:\/\/www.perfectvanwamel.com\/product\/vinichop-serie\/"},"modified":"2026-02-02T14:07:10","modified_gmt":"2026-02-02T13:07:10","slug":"vinichop-serie-broyeur-a-bois-pour-dechiqueter-les-dechets-de-taille","status":"publish","type":"product","link":"https:\/\/www.perfectvanwamel.com\/fr\/produit\/vinichop-serie-broyeur-a-bois-pour-dechiqueter-les-dechets-de-taille\/","title":{"rendered":"Broyeur \u00e0 bois pour d\u00e9chiqueter les d\u00e9chets de taille &#8211; S\u00e9rie VINICHOP"},"content":{"rendered":"<section class=\"l-section wpb_row height_small\"><div class=\"l-section-h i-cf\"><div class=\"g-cols vc_row type_default valign_top\"><div class=\"vc_col-sm-12 wpb_column vc_column_container\"><div class=\"vc_column-inner\"><div class=\"wpb_wrapper\"><div class=\"wpb_text_column\" ><div class=\"wpb_wrapper\"><h3>Broyeur id\u00e9al pour les travaux de taille fins<\/h3>\n<p>Le Vinichop a \u00e9t\u00e9 sp\u00e9cialement con\u00e7u pour le broyage des sarments jusqu\u2019\u00e0 un diam\u00e8tre de 4 cm. Id\u00e9al pour la viticulture et la culture des baies, o\u00f9 pr\u00e9cision et efficacit\u00e9 sont essentielles. Les dents de herse, marteaux 0,9kg et un capot mobile \u00e0 l&#8217;arri\u00e8re garantissent un travail optimal.<\/p>\n<h3>Adapt\u00e9 \u00e0 vos travaux<\/h3>\n<p>Grace \u00e0 une technologie intelligente et \u00e0 des composants robustes, vous travaillez plus rapidement et en toute s\u00e9curit\u00e9. Le Vinichop allie facilit\u00e9 d\u2019utilisation et durabilit\u00e9, pour que vous puissiez toujours compter sur une qualit\u00e9 optimale.<\/p>\n<p><strong>Sp\u00e9cifications\u00a0<\/strong><\/p>\n<ul>\n<li>Dents de herse en standard<\/li>\n<li>Capot mobile en standard<\/li>\n<li>Patins larges et r\u00e9glables en hauteur<\/li>\n<li>Rouleau r\u00e9glable en hauteur<\/li>\n<li>Prise de force Walterscheid<\/li>\n<li>Roulements SKF<\/li>\n<\/ul>\n<\/div><\/div><\/div><\/div><\/div><\/div><\/div><\/section>\n","protected":false},"excerpt":{"rendered":"<p><span class=\"--l --r hover:bg-blue-100 hover:dark:bg-blue-600\"><span class=\"--l container-target\">Le<\/span><\/span> <span class=\"--l --r hover:bg-blue-100 hover:dark:bg-blue-600\"><span class=\"container-target\">broyeur<\/span><\/span> <span class=\"--l --r hover:bg-blue-100 hover:dark:bg-blue-600\"><span class=\"container-target\">de<\/span><\/span> <span class=\"--l --r hover:bg-blue-100 hover:dark:bg-blue-600\"><span class=\"container-target\">bois<\/span><\/span> <span class=\"--l --r hover:bg-blue-100 hover:dark:bg-blue-600\"><span class=\"container-target\">VINICHOP<\/span><\/span> <span class=\"--l --r hover:bg-blue-100 hover:dark:bg-blue-600\"><span class=\"container-target\">est<\/span><\/span> <span class=\"--l --r hover:bg-blue-100 hover:dark:bg-blue-600\"><span class=\"container-target\">destin\u00e9<\/span><\/span> <span class=\"--l --r hover:bg-blue-100 hover:dark:bg-blue-600\"><span class=\"container-target\">au<\/span><\/span> <span class=\"--l --r hover:bg-blue-100 hover:dark:bg-blue-600\"><span class=\"container-target\">broyage<\/span><\/span> <span class=\"--l --r hover:bg-blue-100 hover:dark:bg-blue-600\"><span class=\"container-target\">fin<\/span><\/span> <span class=\"--l --r hover:bg-blue-100 hover:dark:bg-blue-600\"><span class=\"container-target\">jusqu&#8217;\u00e0<\/span><\/span> <span class=\"--l --r hover:bg-blue-100 hover:dark:bg-blue-600\"><span class=\"container-target\">4<\/span><\/span> <span class=\"--l --r hover:bg-blue-100 hover:dark:bg-blue-600\"><span class=\"container-target\">cm<\/span><\/span><span class=\"container-target\">. <\/span><span class=\"--l --r hover:bg-blue-100 hover:dark:bg-blue-600\"><span class=\"container-target\">Id\u00e9al<\/span><\/span> <span class=\"--l --r hover:bg-blue-100 hover:dark:bg-blue-600\"><span class=\"container-target\">pour<\/span><\/span> <span class=\"--l --r hover:bg-blue-100 hover:dark:bg-blue-600\"><span class=\"container-target\">la<\/span><\/span> <span class=\"--l --r hover:bg-blue-100 hover:dark:bg-blue-600\"><span class=\"container-target\">viticulture<\/span><\/span> <span class=\"--l --r hover:bg-blue-100 hover:dark:bg-blue-600\"><span class=\"container-target\">ou<\/span><\/span> <span class=\"--l --r hover:bg-blue-100 hover:dark:bg-blue-600\"><span class=\"container-target\">les<\/span><\/span> <span class=\"--l --r hover:bg-blue-100 hover:dark:bg-blue-600\"><span class=\"container-target\">fruits<\/span><\/span> <span class=\"--l --r hover:bg-blue-100 hover:dark:bg-blue-600\"><span class=\"container-target\">rouges<\/span><\/span> <span class=\"--l --r hover:bg-blue-100 hover:dark:bg-blue-600\"><span class=\"container-target\">lorsque<\/span><\/span> <span class=\"--l --r hover:bg-blue-100 hover:dark:bg-blue-600\"><span class=\"container-target\">vous<\/span><\/span> <span class=\"--l --r hover:bg-blue-100 hover:dark:bg-blue-600\"><span class=\"container-target\">ne<\/span><\/span> <span class=\"--l --r hover:bg-blue-100 hover:dark:bg-blue-600\"><span class=\"container-target\">taillez<\/span><\/span> <span class=\"--l --r hover:bg-blue-100 hover:dark:bg-blue-600\"><span class=\"container-target\">que<\/span><\/span> <span class=\"--l --r hover:bg-blue-100 hover:dark:bg-blue-600\"><span class=\"container-target\">le<\/span><\/span> <span class=\"--l --r hover:bg-blue-100 hover:dark:bg-blue-600\"><span class=\"container-target\">bois<\/span><\/span> <span class=\"--l --r hover:bg-blue-100 hover:dark:bg-blue-600\"><span class=\"container-target\">l\u00e9ger<\/span><\/span> <span class=\"--l --r hover:bg-blue-100 hover:dark:bg-blue-600\"><span class=\"container-target\">des<\/span><\/span> <span class=\"--l --r hover:bg-blue-100 hover:dark:bg-blue-600\"><span class=\"container-target\">arbustes<\/span><\/span><span class=\"--r container-target\">.<\/span><\/p>\n","protected":false},"featured_media":28038,"template":"","meta":{"_acf_changed":false},"product_brand":[],"product_cat":[1829],"product_tag":[],"class_list":{"0":"post-28041","1":"product","2":"type-product","3":"status-publish","4":"has-post-thumbnail","6":"product_cat-broyeurs-bois-de-taille","8":"first","9":"instock","10":"shipping-taxable","11":"product-type-simple"},"acf":[],"yoast_head":"<!-- This site is optimized with the Yoast SEO plugin v27.4 - https:\/\/yoast.com\/product\/yoast-seo-wordpress\/ -->\n<title>Broyeur \u00e0 bois pour d\u00e9chiqueter les d\u00e9chets de taille - S\u00e9rie VINICHOP - PERFECT - Van Wamel<\/title>\n<meta name=\"robots\" content=\"index, follow, max-snippet:-1, max-image-preview:large, max-video-preview:-1\" \/>\n<link rel=\"canonical\" href=\"https:\/\/www.perfectvanwamel.com\/fr\/produit\/vinichop-serie-broyeur-a-bois-pour-dechiqueter-les-dechets-de-taille\/\" \/>\n<meta property=\"og:locale\" content=\"fr_FR\" \/>\n<meta property=\"og:type\" content=\"article\" \/>\n<meta property=\"og:title\" content=\"Broyeur \u00e0 bois pour d\u00e9chiqueter les d\u00e9chets de taille - S\u00e9rie VINICHOP - PERFECT - Van Wamel\" \/>\n<meta property=\"og:description\" content=\"Le broyeur de bois VINICHOP est destin\u00e9 au broyage fin jusqu&#039;\u00e0 4 cm. Id\u00e9al pour la viticulture ou les fruits rouges lorsque vous ne taillez que le bois l\u00e9ger des arbustes.\" \/>\n<meta property=\"og:url\" content=\"https:\/\/www.perfectvanwamel.com\/fr\/produit\/vinichop-serie-broyeur-a-bois-pour-dechiqueter-les-dechets-de-taille\/\" \/>\n<meta property=\"og:site_name\" content=\"PERFECT - Van Wamel\" \/>\n<meta property=\"article:modified_time\" content=\"2026-02-02T13:07:10+00:00\" \/>\n<meta property=\"og:image\" content=\"https:\/\/staging.perfectvanwamel.com\/wp-content\/uploads\/2026\/02\/Vinichop-vrijstaand-website.jpg\" \/>\n\t<meta property=\"og:image:width\" content=\"2000\" \/>\n\t<meta property=\"og:image:height\" content=\"1500\" \/>\n\t<meta property=\"og:image:type\" content=\"image\/jpeg\" \/>\n<meta name=\"twitter:card\" content=\"summary_large_image\" \/>\n<meta name=\"twitter:label1\" content=\"Dur\u00e9e de lecture estim\u00e9e\" \/>\n\t<meta name=\"twitter:data1\" content=\"1 minute\" \/>\n<script type=\"application\/ld+json\" class=\"yoast-schema-graph\">{\"@context\":\"https:\\\/\\\/schema.org\",\"@graph\":[{\"@type\":\"WebPage\",\"@id\":\"https:\\\/\\\/www.perfectvanwamel.com\\\/fr\\\/produit\\\/vinichop-serie-broyeur-a-bois-pour-dechiqueter-les-dechets-de-taille\\\/\",\"url\":\"https:\\\/\\\/www.perfectvanwamel.com\\\/fr\\\/produit\\\/vinichop-serie-broyeur-a-bois-pour-dechiqueter-les-dechets-de-taille\\\/\",\"name\":\"Broyeur \u00e0 bois pour d\u00e9chiqueter les d\u00e9chets de taille - S\u00e9rie VINICHOP - PERFECT - Van Wamel\",\"isPartOf\":{\"@id\":\"https:\\\/\\\/www.perfectvanwamel.com\\\/fr\\\/#website\"},\"primaryImageOfPage\":{\"@id\":\"https:\\\/\\\/www.perfectvanwamel.com\\\/fr\\\/produit\\\/vinichop-serie-broyeur-a-bois-pour-dechiqueter-les-dechets-de-taille\\\/#primaryimage\"},\"image\":{\"@id\":\"https:\\\/\\\/www.perfectvanwamel.com\\\/fr\\\/produit\\\/vinichop-serie-broyeur-a-bois-pour-dechiqueter-les-dechets-de-taille\\\/#primaryimage\"},\"thumbnailUrl\":\"https:\\\/\\\/www.perfectvanwamel.com\\\/wp-content\\\/uploads\\\/2026\\\/02\\\/Vinichop-vrijstaand-website.jpg\",\"datePublished\":\"2026-02-02T12:55:11+00:00\",\"dateModified\":\"2026-02-02T13:07:10+00:00\",\"breadcrumb\":{\"@id\":\"https:\\\/\\\/www.perfectvanwamel.com\\\/fr\\\/produit\\\/vinichop-serie-broyeur-a-bois-pour-dechiqueter-les-dechets-de-taille\\\/#breadcrumb\"},\"inLanguage\":\"fr-FR\",\"potentialAction\":[{\"@type\":\"ReadAction\",\"target\":[\"https:\\\/\\\/www.perfectvanwamel.com\\\/fr\\\/produit\\\/vinichop-serie-broyeur-a-bois-pour-dechiqueter-les-dechets-de-taille\\\/\"]}]},{\"@type\":\"ImageObject\",\"inLanguage\":\"fr-FR\",\"@id\":\"https:\\\/\\\/www.perfectvanwamel.com\\\/fr\\\/produit\\\/vinichop-serie-broyeur-a-bois-pour-dechiqueter-les-dechets-de-taille\\\/#primaryimage\",\"url\":\"https:\\\/\\\/www.perfectvanwamel.com\\\/wp-content\\\/uploads\\\/2026\\\/02\\\/Vinichop-vrijstaand-website.jpg\",\"contentUrl\":\"https:\\\/\\\/www.perfectvanwamel.com\\\/wp-content\\\/uploads\\\/2026\\\/02\\\/Vinichop-vrijstaand-website.jpg\",\"width\":2000,\"height\":1500},{\"@type\":\"BreadcrumbList\",\"@id\":\"https:\\\/\\\/www.perfectvanwamel.com\\\/fr\\\/produit\\\/vinichop-serie-broyeur-a-bois-pour-dechiqueter-les-dechets-de-taille\\\/#breadcrumb\",\"itemListElement\":[{\"@type\":\"ListItem\",\"position\":1,\"name\":\"Home\",\"item\":\"https:\\\/\\\/staging.perfectvanwamel.com\\\/fr\\\/\"},{\"@type\":\"ListItem\",\"position\":2,\"name\":\"Technologie\",\"item\":\"https:\\\/\\\/staging.perfectvanwamel.com\\\/fr\\\/technologie\\\/\"},{\"@type\":\"ListItem\",\"position\":3,\"name\":\"Broyeur \u00e0 bois pour d\u00e9chiqueter les d\u00e9chets de taille &#8211; S\u00e9rie VINICHOP\"}]},{\"@type\":\"WebSite\",\"@id\":\"https:\\\/\\\/www.perfectvanwamel.com\\\/fr\\\/#website\",\"url\":\"https:\\\/\\\/www.perfectvanwamel.com\\\/fr\\\/\",\"name\":\"PERFECT - Van Wamel\",\"description\":\"\",\"potentialAction\":[{\"@type\":\"SearchAction\",\"target\":{\"@type\":\"EntryPoint\",\"urlTemplate\":\"https:\\\/\\\/www.perfectvanwamel.com\\\/fr\\\/?s={search_term_string}\"},\"query-input\":{\"@type\":\"PropertyValueSpecification\",\"valueRequired\":true,\"valueName\":\"search_term_string\"}}],\"inLanguage\":\"fr-FR\"}]}<\/script>\n<!-- \/ Yoast SEO plugin. -->","yoast_head_json":{"title":"Broyeur \u00e0 bois pour d\u00e9chiqueter les d\u00e9chets de taille - S\u00e9rie VINICHOP - PERFECT - Van Wamel","robots":{"index":"index","follow":"follow","max-snippet":"max-snippet:-1","max-image-preview":"max-image-preview:large","max-video-preview":"max-video-preview:-1"},"canonical":"https:\/\/www.perfectvanwamel.com\/fr\/produit\/vinichop-serie-broyeur-a-bois-pour-dechiqueter-les-dechets-de-taille\/","og_locale":"fr_FR","og_type":"article","og_title":"Broyeur \u00e0 bois pour d\u00e9chiqueter les d\u00e9chets de taille - S\u00e9rie VINICHOP - PERFECT - Van Wamel","og_description":"Le broyeur de bois VINICHOP est destin\u00e9 au broyage fin jusqu'\u00e0 4 cm. Id\u00e9al pour la viticulture ou les fruits rouges lorsque vous ne taillez que le bois l\u00e9ger des arbustes.","og_url":"https:\/\/www.perfectvanwamel.com\/fr\/produit\/vinichop-serie-broyeur-a-bois-pour-dechiqueter-les-dechets-de-taille\/","og_site_name":"PERFECT - Van Wamel","article_modified_time":"2026-02-02T13:07:10+00:00","og_image":[{"width":2000,"height":1500,"url":"https:\/\/staging.perfectvanwamel.com\/wp-content\/uploads\/2026\/02\/Vinichop-vrijstaand-website.jpg","type":"image\/jpeg"}],"twitter_card":"summary_large_image","twitter_misc":{"Dur\u00e9e de lecture estim\u00e9e":"1 minute"},"schema":{"@context":"https:\/\/schema.org","@graph":[{"@type":"WebPage","@id":"https:\/\/www.perfectvanwamel.com\/fr\/produit\/vinichop-serie-broyeur-a-bois-pour-dechiqueter-les-dechets-de-taille\/","url":"https:\/\/www.perfectvanwamel.com\/fr\/produit\/vinichop-serie-broyeur-a-bois-pour-dechiqueter-les-dechets-de-taille\/","name":"Broyeur \u00e0 bois pour d\u00e9chiqueter les d\u00e9chets de taille - S\u00e9rie VINICHOP - PERFECT - Van Wamel","isPartOf":{"@id":"https:\/\/www.perfectvanwamel.com\/fr\/#website"},"primaryImageOfPage":{"@id":"https:\/\/www.perfectvanwamel.com\/fr\/produit\/vinichop-serie-broyeur-a-bois-pour-dechiqueter-les-dechets-de-taille\/#primaryimage"},"image":{"@id":"https:\/\/www.perfectvanwamel.com\/fr\/produit\/vinichop-serie-broyeur-a-bois-pour-dechiqueter-les-dechets-de-taille\/#primaryimage"},"thumbnailUrl":"https:\/\/www.perfectvanwamel.com\/wp-content\/uploads\/2026\/02\/Vinichop-vrijstaand-website.jpg","datePublished":"2026-02-02T12:55:11+00:00","dateModified":"2026-02-02T13:07:10+00:00","breadcrumb":{"@id":"https:\/\/www.perfectvanwamel.com\/fr\/produit\/vinichop-serie-broyeur-a-bois-pour-dechiqueter-les-dechets-de-taille\/#breadcrumb"},"inLanguage":"fr-FR","potentialAction":[{"@type":"ReadAction","target":["https:\/\/www.perfectvanwamel.com\/fr\/produit\/vinichop-serie-broyeur-a-bois-pour-dechiqueter-les-dechets-de-taille\/"]}]},{"@type":"ImageObject","inLanguage":"fr-FR","@id":"https:\/\/www.perfectvanwamel.com\/fr\/produit\/vinichop-serie-broyeur-a-bois-pour-dechiqueter-les-dechets-de-taille\/#primaryimage","url":"https:\/\/www.perfectvanwamel.com\/wp-content\/uploads\/2026\/02\/Vinichop-vrijstaand-website.jpg","contentUrl":"https:\/\/www.perfectvanwamel.com\/wp-content\/uploads\/2026\/02\/Vinichop-vrijstaand-website.jpg","width":2000,"height":1500},{"@type":"BreadcrumbList","@id":"https:\/\/www.perfectvanwamel.com\/fr\/produit\/vinichop-serie-broyeur-a-bois-pour-dechiqueter-les-dechets-de-taille\/#breadcrumb","itemListElement":[{"@type":"ListItem","position":1,"name":"Home","item":"https:\/\/staging.perfectvanwamel.com\/fr\/"},{"@type":"ListItem","position":2,"name":"Technologie","item":"https:\/\/staging.perfectvanwamel.com\/fr\/technologie\/"},{"@type":"ListItem","position":3,"name":"Broyeur \u00e0 bois pour d\u00e9chiqueter les d\u00e9chets de taille &#8211; S\u00e9rie VINICHOP"}]},{"@type":"WebSite","@id":"https:\/\/www.perfectvanwamel.com\/fr\/#website","url":"https:\/\/www.perfectvanwamel.com\/fr\/","name":"PERFECT - Van Wamel","description":"","potentialAction":[{"@type":"SearchAction","target":{"@type":"EntryPoint","urlTemplate":"https:\/\/www.perfectvanwamel.com\/fr\/?s={search_term_string}"},"query-input":{"@type":"PropertyValueSpecification","valueRequired":true,"valueName":"search_term_string"}}],"inLanguage":"fr-FR"}]}},"_links":{"self":[{"href":"https:\/\/www.perfectvanwamel.com\/fr\/wp-json\/wp\/v2\/product\/28041","targetHints":{"allow":["GET"]}}],"collection":[{"href":"https:\/\/www.perfectvanwamel.com\/fr\/wp-json\/wp\/v2\/product"}],"about":[{"href":"https:\/\/www.perfectvanwamel.com\/fr\/wp-json\/wp\/v2\/types\/product"}],"wp:featuredmedia":[{"embeddable":true,"href":"https:\/\/www.perfectvanwamel.com\/fr\/wp-json\/wp\/v2\/media\/28038"}],"wp:attachment":[{"href":"https:\/\/www.perfectvanwamel.com\/fr\/wp-json\/wp\/v2\/media?parent=28041"}],"wp:term":[{"taxonomy":"product_brand","embeddable":true,"href":"https:\/\/www.perfectvanwamel.com\/fr\/wp-json\/wp\/v2\/product_brand?post=28041"},{"taxonomy":"product_cat","embeddable":true,"href":"https:\/\/www.perfectvanwamel.com\/fr\/wp-json\/wp\/v2\/product_cat?post=28041"},{"taxonomy":"product_tag","embeddable":true,"href":"https:\/\/www.perfectvanwamel.com\/fr\/wp-json\/wp\/v2\/product_tag?post=28041"}],"curies":[{"name":"wp","href":"https:\/\/api.w.org\/{rel}","templated":true}]}}