{"id":6390,"date":"2019-12-03T13:02:39","date_gmt":"2019-12-03T12:02:39","guid":{"rendered":"https:\/\/www.perfectvanwamel.com\/product\/faucheuses-ciseaux-serie-dr-mv\/"},"modified":"2020-10-29T09:35:38","modified_gmt":"2020-10-29T08:35:38","slug":"faucheuses-serie-dr-mv","status":"publish","type":"product","link":"https:\/\/www.perfectvanwamel.com\/fr\/produit\/faucheuses-serie-dr-mv\/","title":{"rendered":"Faucheuses ciseaux largeur de travail r\u00e9glable, s\u00e9rie DR\/MV"},"content":{"rendered":"<p>Pour faucher une large bande d\u2019herbe et\/ou dans des vergers ou vignobles dont la largeur des trav\u00e9es est irr\u00e9guli\u00e8re, PERFECT propose les faucheuses rotatives DR et MV.<\/p>\n<p>Les deux machines se composent d\u2019un cadre fixe et de deux ailes individuelles \u00e0 r\u00e9glage (hydraulique), ce qui permet de tr\u00e8s grandes variations dans les largeurs de travail.<\/p>\n<p>Gr\u00e2ce au double entra\u00eenement par deux bo\u00eetes \u00e0 engrenages et \u00e0 la tension automatique des courroies trap\u00e9zo\u00efdales, cette faucheuse est dot\u00e9e d\u2019une grande capacit\u00e9 sur toute la largeur.<\/p>\n<p>Le m\u00e9canisme de r\u00e9glage se compose de pi\u00e8ces enti\u00e8rement produites chez PERFECT \u2013 Van Wamel, ce qui rend tr\u00e8s fiable cette faucheuse pour vergers, qui ne demande par ailleurs que peu d\u2019entretien et dont la dur\u00e9e de vie est tr\u00e8s longue.<\/p>\n","protected":false},"excerpt":{"rendered":"<p>Faucheuses pour vergers r\u00e9glable pour les trav\u00e9es plus larges et\/ou irr\u00e9guli\u00e8res. Les ailes \u00e0 r\u00e9glage hydraulique de cette faucheuse rotative lui conf\u00e8rent une tr\u00e8s grande flexibilit\u00e9 quant \u00e0 la largeur de la bande d\u2019herbe \u00e0 faucher.<strong><u><br \/>\n<\/u><\/strong><\/p>\n","protected":false},"featured_media":3354,"template":"","meta":{"_acf_changed":false},"product_brand":[],"product_cat":[1826],"product_tag":[],"class_list":{"0":"post-6390","1":"product","2":"type-product","3":"status-publish","4":"has-post-thumbnail","6":"product_cat-faucheuses-arboricoles","7":"pa_aantal-maaimessen-4-fr","8":"pa_aantal-maaimessen-5-fr","9":"pa_aantal-maaimessen-7-fr","10":"pa_denkende-schijf-nee-fr","11":"pa_gewicht-kg-1100-fr","12":"pa_gewicht-kg-540-fr","13":"pa_gewicht-kg-580-fr","14":"pa_gewicht-kg-600-fr","15":"pa_gewicht-kg-615-fr","16":"pa_gewicht-kg-625-fr","17":"pa_gewicht-kg-660-fr","18":"pa_gewicht-kg-710-fr","19":"pa_gewicht-kg-740-fr","20":"pa_gewicht-kg-825-fr","21":"pa_maaihoogte-cm-4-9-fr-2","22":"pa_min-benodigd-vermogen-kw-pk-28-38-fr-2","23":"pa_min-benodigd-vermogen-kw-pk-29-40-fr","24":"pa_min-benodigd-vermogen-kw-pk-36-50-fr-2","25":"pa_min-benodigd-vermogen-kw-pk-40-55-fr","26":"pa_min-benodigd-vermogen-kw-pk-48-65-fr","27":"pa_min-benodigd-vermogen-kw-pk-50-58-fr","28":"pa_min-benodigd-vermogen-kw-pk-60-82-fr","29":"pa_transportbreedte-cm-161-fr","30":"pa_transportbreedte-cm-178-fr","31":"pa_transportbreedte-cm-193-fr","32":"pa_transportbreedte-cm-205-fr","33":"pa_transportbreedte-cm-228-fr","34":"pa_transportbreedte-cm-248-fr","35":"pa_transportbreedte-cm-300-fr","36":"pa_werkbreedte-max-250-fr","37":"pa_werkbreedte-max-280-fr","38":"pa_werkbreedte-max-320-fr","39":"pa_werkbreedte-max-365-fr","40":"pa_werkbreedte-max-405-fr","41":"pa_werkbreedte-max-440-fr","42":"pa_werkbreedte-max-480-fr","43":"pa_werkbreedte-max-570-fr","44":"pa_werkbreedte-min-150-fr","45":"pa_werkbreedte-min-175-fr","46":"pa_werkbreedte-min-190-fr","47":"pa_werkbreedte-min-195-fr","48":"pa_werkbreedte-min-225-fr","49":"pa_werkbreedte-min-245-fr","50":"pa_werkbreedte-min-290-fr","52":"first","53":"instock","54":"shipping-taxable","55":"product-type-simple"},"acf":[],"yoast_head":"<!-- This site is optimized with the Yoast SEO plugin v27.4 - https:\/\/yoast.com\/product\/yoast-seo-wordpress\/ -->\n<title>Tondeuse largeur variable s\u00e9rie DR - PERFECT - Van Wamel<\/title>\n<meta name=\"description\" content=\"Tondeuse fruiti\u00e8re sp\u00e9cialis\u00e9e avec largeur de travail r\u00e9glable. Surtout pour les producteurs avec cultures diff\u00e9rentes et des distances de conduite diff\u00e9rentes.\" \/>\n<meta name=\"robots\" content=\"index, follow, max-snippet:-1, max-image-preview:large, max-video-preview:-1\" \/>\n<link rel=\"canonical\" href=\"https:\/\/www.perfectvanwamel.com\/fr\/produit\/faucheuses-serie-dr-mv\/\" \/>\n<meta property=\"og:locale\" content=\"fr_FR\" \/>\n<meta property=\"og:type\" content=\"article\" \/>\n<meta property=\"og:title\" content=\"Tondeuse largeur variable s\u00e9rie DR - PERFECT - Van Wamel\" \/>\n<meta property=\"og:description\" content=\"Tondeuse fruiti\u00e8re sp\u00e9cialis\u00e9e avec largeur de travail r\u00e9glable. Surtout pour les producteurs avec cultures diff\u00e9rentes et des distances de conduite diff\u00e9rentes.\" \/>\n<meta property=\"og:url\" content=\"https:\/\/www.perfectvanwamel.com\/fr\/produit\/faucheuses-serie-dr-mv\/\" \/>\n<meta property=\"og:site_name\" content=\"PERFECT - Van Wamel\" \/>\n<meta property=\"article:modified_time\" content=\"2020-10-29T08:35:38+00:00\" \/>\n<meta property=\"og:image\" content=\"https:\/\/staging.perfectvanwamel.com\/wp-content\/uploads\/2019\/12\/PERFECT_rotary_mower_DR_1_-removebg.png\" \/>\n\t<meta property=\"og:image:width\" content=\"2000\" \/>\n\t<meta property=\"og:image:height\" content=\"1335\" \/>\n\t<meta property=\"og:image:type\" content=\"image\/png\" \/>\n<meta name=\"twitter:card\" content=\"summary_large_image\" \/>\n<meta name=\"twitter:label1\" content=\"Dur\u00e9e de lecture estim\u00e9e\" \/>\n\t<meta name=\"twitter:data1\" content=\"1 minute\" \/>\n<script type=\"application\/ld+json\" class=\"yoast-schema-graph\">{\"@context\":\"https:\\\/\\\/schema.org\",\"@graph\":[{\"@type\":\"WebPage\",\"@id\":\"https:\\\/\\\/www.perfectvanwamel.com\\\/fr\\\/produit\\\/faucheuses-serie-dr-mv\\\/\",\"url\":\"https:\\\/\\\/www.perfectvanwamel.com\\\/fr\\\/produit\\\/faucheuses-serie-dr-mv\\\/\",\"name\":\"Tondeuse largeur variable s\u00e9rie DR - PERFECT - Van Wamel\",\"isPartOf\":{\"@id\":\"https:\\\/\\\/www.perfectvanwamel.com\\\/fr\\\/#website\"},\"primaryImageOfPage\":{\"@id\":\"https:\\\/\\\/www.perfectvanwamel.com\\\/fr\\\/produit\\\/faucheuses-serie-dr-mv\\\/#primaryimage\"},\"image\":{\"@id\":\"https:\\\/\\\/www.perfectvanwamel.com\\\/fr\\\/produit\\\/faucheuses-serie-dr-mv\\\/#primaryimage\"},\"thumbnailUrl\":\"https:\\\/\\\/www.perfectvanwamel.com\\\/wp-content\\\/uploads\\\/2019\\\/12\\\/PERFECT_rotary_mower_DR_1_-removebg.png\",\"datePublished\":\"2019-12-03T12:02:39+00:00\",\"dateModified\":\"2020-10-29T08:35:38+00:00\",\"description\":\"Tondeuse fruiti\u00e8re sp\u00e9cialis\u00e9e avec largeur de travail r\u00e9glable. Surtout pour les producteurs avec cultures diff\u00e9rentes et des distances de conduite diff\u00e9rentes.\",\"breadcrumb\":{\"@id\":\"https:\\\/\\\/www.perfectvanwamel.com\\\/fr\\\/produit\\\/faucheuses-serie-dr-mv\\\/#breadcrumb\"},\"inLanguage\":\"fr-FR\",\"potentialAction\":[{\"@type\":\"ReadAction\",\"target\":[\"https:\\\/\\\/www.perfectvanwamel.com\\\/fr\\\/produit\\\/faucheuses-serie-dr-mv\\\/\"]}]},{\"@type\":\"ImageObject\",\"inLanguage\":\"fr-FR\",\"@id\":\"https:\\\/\\\/www.perfectvanwamel.com\\\/fr\\\/produit\\\/faucheuses-serie-dr-mv\\\/#primaryimage\",\"url\":\"https:\\\/\\\/www.perfectvanwamel.com\\\/wp-content\\\/uploads\\\/2019\\\/12\\\/PERFECT_rotary_mower_DR_1_-removebg.png\",\"contentUrl\":\"https:\\\/\\\/www.perfectvanwamel.com\\\/wp-content\\\/uploads\\\/2019\\\/12\\\/PERFECT_rotary_mower_DR_1_-removebg.png\",\"width\":2000,\"height\":1335},{\"@type\":\"BreadcrumbList\",\"@id\":\"https:\\\/\\\/www.perfectvanwamel.com\\\/fr\\\/produit\\\/faucheuses-serie-dr-mv\\\/#breadcrumb\",\"itemListElement\":[{\"@type\":\"ListItem\",\"position\":1,\"name\":\"Home\",\"item\":\"https:\\\/\\\/staging.perfectvanwamel.com\\\/fr\\\/\"},{\"@type\":\"ListItem\",\"position\":2,\"name\":\"Technologie\",\"item\":\"https:\\\/\\\/staging.perfectvanwamel.com\\\/fr\\\/technologie\\\/\"},{\"@type\":\"ListItem\",\"position\":3,\"name\":\"Faucheuses ciseaux largeur de travail r\u00e9glable, s\u00e9rie DR\\\/MV\"}]},{\"@type\":\"WebSite\",\"@id\":\"https:\\\/\\\/www.perfectvanwamel.com\\\/fr\\\/#website\",\"url\":\"https:\\\/\\\/www.perfectvanwamel.com\\\/fr\\\/\",\"name\":\"PERFECT - Van Wamel\",\"description\":\"\",\"potentialAction\":[{\"@type\":\"SearchAction\",\"target\":{\"@type\":\"EntryPoint\",\"urlTemplate\":\"https:\\\/\\\/www.perfectvanwamel.com\\\/fr\\\/?s={search_term_string}\"},\"query-input\":{\"@type\":\"PropertyValueSpecification\",\"valueRequired\":true,\"valueName\":\"search_term_string\"}}],\"inLanguage\":\"fr-FR\"}]}<\/script>\n<!-- \/ Yoast SEO plugin. -->","yoast_head_json":{"title":"Tondeuse largeur variable s\u00e9rie DR - PERFECT - Van Wamel","description":"Tondeuse fruiti\u00e8re sp\u00e9cialis\u00e9e avec largeur de travail r\u00e9glable. Surtout pour les producteurs avec cultures diff\u00e9rentes et des distances de conduite diff\u00e9rentes.","robots":{"index":"index","follow":"follow","max-snippet":"max-snippet:-1","max-image-preview":"max-image-preview:large","max-video-preview":"max-video-preview:-1"},"canonical":"https:\/\/www.perfectvanwamel.com\/fr\/produit\/faucheuses-serie-dr-mv\/","og_locale":"fr_FR","og_type":"article","og_title":"Tondeuse largeur variable s\u00e9rie DR - PERFECT - Van Wamel","og_description":"Tondeuse fruiti\u00e8re sp\u00e9cialis\u00e9e avec largeur de travail r\u00e9glable. Surtout pour les producteurs avec cultures diff\u00e9rentes et des distances de conduite diff\u00e9rentes.","og_url":"https:\/\/www.perfectvanwamel.com\/fr\/produit\/faucheuses-serie-dr-mv\/","og_site_name":"PERFECT - Van Wamel","article_modified_time":"2020-10-29T08:35:38+00:00","og_image":[{"width":2000,"height":1335,"url":"https:\/\/staging.perfectvanwamel.com\/wp-content\/uploads\/2019\/12\/PERFECT_rotary_mower_DR_1_-removebg.png","type":"image\/png"}],"twitter_card":"summary_large_image","twitter_misc":{"Dur\u00e9e de lecture estim\u00e9e":"1 minute"},"schema":{"@context":"https:\/\/schema.org","@graph":[{"@type":"WebPage","@id":"https:\/\/www.perfectvanwamel.com\/fr\/produit\/faucheuses-serie-dr-mv\/","url":"https:\/\/www.perfectvanwamel.com\/fr\/produit\/faucheuses-serie-dr-mv\/","name":"Tondeuse largeur variable s\u00e9rie DR - PERFECT - Van Wamel","isPartOf":{"@id":"https:\/\/www.perfectvanwamel.com\/fr\/#website"},"primaryImageOfPage":{"@id":"https:\/\/www.perfectvanwamel.com\/fr\/produit\/faucheuses-serie-dr-mv\/#primaryimage"},"image":{"@id":"https:\/\/www.perfectvanwamel.com\/fr\/produit\/faucheuses-serie-dr-mv\/#primaryimage"},"thumbnailUrl":"https:\/\/www.perfectvanwamel.com\/wp-content\/uploads\/2019\/12\/PERFECT_rotary_mower_DR_1_-removebg.png","datePublished":"2019-12-03T12:02:39+00:00","dateModified":"2020-10-29T08:35:38+00:00","description":"Tondeuse fruiti\u00e8re sp\u00e9cialis\u00e9e avec largeur de travail r\u00e9glable. Surtout pour les producteurs avec cultures diff\u00e9rentes et des distances de conduite diff\u00e9rentes.","breadcrumb":{"@id":"https:\/\/www.perfectvanwamel.com\/fr\/produit\/faucheuses-serie-dr-mv\/#breadcrumb"},"inLanguage":"fr-FR","potentialAction":[{"@type":"ReadAction","target":["https:\/\/www.perfectvanwamel.com\/fr\/produit\/faucheuses-serie-dr-mv\/"]}]},{"@type":"ImageObject","inLanguage":"fr-FR","@id":"https:\/\/www.perfectvanwamel.com\/fr\/produit\/faucheuses-serie-dr-mv\/#primaryimage","url":"https:\/\/www.perfectvanwamel.com\/wp-content\/uploads\/2019\/12\/PERFECT_rotary_mower_DR_1_-removebg.png","contentUrl":"https:\/\/www.perfectvanwamel.com\/wp-content\/uploads\/2019\/12\/PERFECT_rotary_mower_DR_1_-removebg.png","width":2000,"height":1335},{"@type":"BreadcrumbList","@id":"https:\/\/www.perfectvanwamel.com\/fr\/produit\/faucheuses-serie-dr-mv\/#breadcrumb","itemListElement":[{"@type":"ListItem","position":1,"name":"Home","item":"https:\/\/staging.perfectvanwamel.com\/fr\/"},{"@type":"ListItem","position":2,"name":"Technologie","item":"https:\/\/staging.perfectvanwamel.com\/fr\/technologie\/"},{"@type":"ListItem","position":3,"name":"Faucheuses ciseaux largeur de travail r\u00e9glable, s\u00e9rie DR\/MV"}]},{"@type":"WebSite","@id":"https:\/\/www.perfectvanwamel.com\/fr\/#website","url":"https:\/\/www.perfectvanwamel.com\/fr\/","name":"PERFECT - Van Wamel","description":"","potentialAction":[{"@type":"SearchAction","target":{"@type":"EntryPoint","urlTemplate":"https:\/\/www.perfectvanwamel.com\/fr\/?s={search_term_string}"},"query-input":{"@type":"PropertyValueSpecification","valueRequired":true,"valueName":"search_term_string"}}],"inLanguage":"fr-FR"}]}},"_links":{"self":[{"href":"https:\/\/www.perfectvanwamel.com\/fr\/wp-json\/wp\/v2\/product\/6390","targetHints":{"allow":["GET"]}}],"collection":[{"href":"https:\/\/www.perfectvanwamel.com\/fr\/wp-json\/wp\/v2\/product"}],"about":[{"href":"https:\/\/www.perfectvanwamel.com\/fr\/wp-json\/wp\/v2\/types\/product"}],"wp:featuredmedia":[{"embeddable":true,"href":"https:\/\/www.perfectvanwamel.com\/fr\/wp-json\/wp\/v2\/media\/3354"}],"wp:attachment":[{"href":"https:\/\/www.perfectvanwamel.com\/fr\/wp-json\/wp\/v2\/media?parent=6390"}],"wp:term":[{"taxonomy":"product_brand","embeddable":true,"href":"https:\/\/www.perfectvanwamel.com\/fr\/wp-json\/wp\/v2\/product_brand?post=6390"},{"taxonomy":"product_cat","embeddable":true,"href":"https:\/\/www.perfectvanwamel.com\/fr\/wp-json\/wp\/v2\/product_cat?post=6390"},{"taxonomy":"product_tag","embeddable":true,"href":"https:\/\/www.perfectvanwamel.com\/fr\/wp-json\/wp\/v2\/product_tag?post=6390"}],"curies":[{"name":"wp","href":"https:\/\/api.w.org\/{rel}","templated":true}]}}