{"id":6391,"date":"2019-08-29T09:26:23","date_gmt":"2019-08-29T07:26:23","guid":{"rendered":"https:\/\/www.perfectvanwamel.com\/product\/tondeuse-serie-lb\/"},"modified":"2020-11-11T16:12:57","modified_gmt":"2020-11-11T15:12:57","slug":"tondeuse-serie-lb","status":"publish","type":"product","link":"https:\/\/www.perfectvanwamel.com\/fr\/produit\/tondeuse-serie-lb\/","title":{"rendered":"S\u00e9rie LB, la tondeuse id\u00e9ale avec entra\u00eenement \u00e0 courroie trap\u00e9zo\u00efdale"},"content":{"rendered":"<p>Les rotors de la LB ne sont pas align\u00e9s mais dispos\u00e9s en \u00ab\u00a0V\u00a0\u00bb, ce qui garantit un grand chevauchement entre les couteaux de la tondeuse. Il en r\u00e9sulte un fauchage de qualit\u00e9 in\u00e9gal\u00e9e et une capacit\u00e9 exceptionnelle.<\/p>\n<p>Les couteaux peuvent \u00eatre retourn\u00e9s et ont ainsi une dur\u00e9e de vie double. L\u2019entra\u00eenement par courroie trap\u00e9zo\u00efdale \u00e0 tension automatique est non seulement efficace mais ne n\u00e9cessite en outre que peu d\u2019entretien.<\/p>\n<p>Toutes les tondeuses LB peuvent \u00eatre utilis\u00e9es en d\u00e9port et les mod\u00e8les LB-245V et LB-275V disposent de plus d\u2019un syst\u00e8me d\u2019accouplement rapide permettant \u00e9galement de passer rapidement et en toute s\u00e9curit\u00e9 \u00e0 la position d\u00e9port.<\/p>\n","protected":false},"excerpt":{"rendered":"<p>La tondeuse LB est pourvue de patins profil\u00e9s inusables gr\u00e2ce auxquels la machine suit sans difficult\u00e9 les irr\u00e9gularit\u00e9s du terrain. L\u2019efficacit\u00e9 de l\u2019entra\u00eenement conf\u00e8re \u00e0 la machine une grande capacit\u00e9.<\/p>\n","protected":false},"featured_media":28427,"template":"","meta":{"_acf_changed":false},"product_brand":[],"product_cat":[1777],"product_tag":[],"class_list":{"0":"post-6391","1":"product","2":"type-product","3":"status-publish","4":"has-post-thumbnail","6":"product_cat-fauchage-de-prairies","7":"pa_aftakas-opm-540-fr","8":"pa_denkende-schijf-nee-fr","9":"pa_gewicht-kg-360-fr","10":"pa_gewicht-kg-460-fr","11":"pa_gewicht-kg-510-fr","12":"pa_gewicht-kg-670-fr","13":"pa_hefinrichting-tractor-cat-i-ii-fr","14":"pa_maaihoogte-cm-4-14-fr","15":"pa_maairotors-aantal-2-fr","16":"pa_maairotors-aantal-3-fr","17":"pa_maairotors-aantal-4-fr","18":"pa_maairotors-opm-1540-fr","19":"pa_maairotors-opm-1685-fr","20":"pa_max-parallellogram-verstek-135-fr","21":"pa_max-parallellogram-verstek-200-fr","22":"pa_max-parallellogram-verstek-218-fr","23":"pa_max-parallellogram-verstek-224-fr","24":"pa_maximum-handmatig-standaard-135-fr","25":"pa_maximum-handmatig-standaard-205-fr","26":"pa_maximum-handmatig-standaard-220-fr","27":"pa_maximum-handmatig-standaard-230-fr","28":"pa_min-benodigd-vermogen-kw-pk-18-25-fr","29":"pa_min-benodigd-vermogen-kw-pk-26-35-fr","30":"pa_min-benodigd-vermogen-kw-pk-29-40-fr","31":"pa_min-benodigd-vermogen-kw-pk-33-45-fr","32":"pa_minimum-centr-aankoppeling-122-fr","33":"pa_minimum-centr-aankoppeling-138-fr","34":"pa_minimum-centr-aankoppeling-183-fr","35":"pa_minimum-centr-aankoppeling-93-fr","36":"pa_totale-breedte-cm-194-fr","37":"pa_totale-breedte-cm-258-fr","38":"pa_totale-breedte-cm-284-fr","39":"pa_totale-breedte-cm-374-fr","40":"pa_werkbreedte-cm-120-fr","41":"pa_werkbreedte-cm-245-fr","42":"pa_werkbreedte-cm-275-fr","43":"pa_werkbreedte-cm-360-fr","45":"first","46":"instock","47":"shipping-taxable","48":"product-type-simple"},"acf":[],"yoast_head":"<!-- This site is optimized with the Yoast SEO plugin v27.4 - https:\/\/yoast.com\/product\/yoast-seo-wordpress\/ -->\n<title>S\u00e9rie LB, la tondeuse id\u00e9ale avec entra\u00eenement \u00e0 courroie trap\u00e9zo\u00efdale - PERFECT - Van Wamel<\/title>\n<meta name=\"robots\" content=\"index, follow, max-snippet:-1, max-image-preview:large, max-video-preview:-1\" \/>\n<link rel=\"canonical\" href=\"https:\/\/www.perfectvanwamel.com\/fr\/produit\/tondeuse-serie-lb\/\" \/>\n<meta property=\"og:locale\" content=\"fr_FR\" \/>\n<meta property=\"og:type\" content=\"article\" \/>\n<meta property=\"og:title\" content=\"S\u00e9rie LB, la tondeuse id\u00e9ale avec entra\u00eenement \u00e0 courroie trap\u00e9zo\u00efdale - PERFECT - Van Wamel\" \/>\n<meta property=\"og:description\" content=\"La tondeuse LB est pourvue de patins profil\u00e9s inusables gr\u00e2ce auxquels la machine suit sans difficult\u00e9 les irr\u00e9gularit\u00e9s du terrain. L\u2019efficacit\u00e9 de l\u2019entra\u00eenement conf\u00e8re \u00e0 la machine une grande capacit\u00e9.\" \/>\n<meta property=\"og:url\" content=\"https:\/\/www.perfectvanwamel.com\/fr\/produit\/tondeuse-serie-lb\/\" \/>\n<meta property=\"og:site_name\" content=\"PERFECT - Van Wamel\" \/>\n<meta property=\"article:modified_time\" content=\"2020-11-11T15:12:57+00:00\" \/>\n<meta name=\"twitter:card\" content=\"summary_large_image\" \/>\n<meta name=\"twitter:label1\" content=\"Dur\u00e9e de lecture estim\u00e9e\" \/>\n\t<meta name=\"twitter:data1\" content=\"1 minute\" \/>\n<script type=\"application\/ld+json\" class=\"yoast-schema-graph\">{\"@context\":\"https:\\\/\\\/schema.org\",\"@graph\":[{\"@type\":\"WebPage\",\"@id\":\"https:\\\/\\\/www.perfectvanwamel.com\\\/fr\\\/produit\\\/tondeuse-serie-lb\\\/\",\"url\":\"https:\\\/\\\/www.perfectvanwamel.com\\\/fr\\\/produit\\\/tondeuse-serie-lb\\\/\",\"name\":\"S\u00e9rie LB, la tondeuse id\u00e9ale avec entra\u00eenement \u00e0 courroie trap\u00e9zo\u00efdale - PERFECT - Van Wamel\",\"isPartOf\":{\"@id\":\"https:\\\/\\\/www.perfectvanwamel.com\\\/fr\\\/#website\"},\"primaryImageOfPage\":{\"@id\":\"https:\\\/\\\/www.perfectvanwamel.com\\\/fr\\\/produit\\\/tondeuse-serie-lb\\\/#primaryimage\"},\"image\":{\"@id\":\"https:\\\/\\\/www.perfectvanwamel.com\\\/fr\\\/produit\\\/tondeuse-serie-lb\\\/#primaryimage\"},\"thumbnailUrl\":\"https:\\\/\\\/www.perfectvanwamel.com\\\/wp-content\\\/uploads\\\/2019\\\/08\\\/LB-275V.jpg\",\"datePublished\":\"2019-08-29T07:26:23+00:00\",\"dateModified\":\"2020-11-11T15:12:57+00:00\",\"breadcrumb\":{\"@id\":\"https:\\\/\\\/www.perfectvanwamel.com\\\/fr\\\/produit\\\/tondeuse-serie-lb\\\/#breadcrumb\"},\"inLanguage\":\"fr-FR\",\"potentialAction\":[{\"@type\":\"ReadAction\",\"target\":[\"https:\\\/\\\/www.perfectvanwamel.com\\\/fr\\\/produit\\\/tondeuse-serie-lb\\\/\"]}]},{\"@type\":\"ImageObject\",\"inLanguage\":\"fr-FR\",\"@id\":\"https:\\\/\\\/www.perfectvanwamel.com\\\/fr\\\/produit\\\/tondeuse-serie-lb\\\/#primaryimage\",\"url\":\"https:\\\/\\\/www.perfectvanwamel.com\\\/wp-content\\\/uploads\\\/2019\\\/08\\\/LB-275V.jpg\",\"contentUrl\":\"https:\\\/\\\/www.perfectvanwamel.com\\\/wp-content\\\/uploads\\\/2019\\\/08\\\/LB-275V.jpg\",\"width\":1772,\"height\":1068,\"caption\":\"LB-275V\"},{\"@type\":\"BreadcrumbList\",\"@id\":\"https:\\\/\\\/www.perfectvanwamel.com\\\/fr\\\/produit\\\/tondeuse-serie-lb\\\/#breadcrumb\",\"itemListElement\":[{\"@type\":\"ListItem\",\"position\":1,\"name\":\"Home\",\"item\":\"https:\\\/\\\/staging.perfectvanwamel.com\\\/fr\\\/\"},{\"@type\":\"ListItem\",\"position\":2,\"name\":\"Produits\",\"item\":\"https:\\\/\\\/www.perfectvanwamel.com\\\/fr\\\/technologie\\\/\"},{\"@type\":\"ListItem\",\"position\":3,\"name\":\"S\u00e9rie LB, la tondeuse id\u00e9ale avec entra\u00eenement \u00e0 courroie trap\u00e9zo\u00efdale\"}]},{\"@type\":\"WebSite\",\"@id\":\"https:\\\/\\\/www.perfectvanwamel.com\\\/fr\\\/#website\",\"url\":\"https:\\\/\\\/www.perfectvanwamel.com\\\/fr\\\/\",\"name\":\"PERFECT - Van Wamel\",\"description\":\"\",\"potentialAction\":[{\"@type\":\"SearchAction\",\"target\":{\"@type\":\"EntryPoint\",\"urlTemplate\":\"https:\\\/\\\/www.perfectvanwamel.com\\\/fr\\\/?s={search_term_string}\"},\"query-input\":{\"@type\":\"PropertyValueSpecification\",\"valueRequired\":true,\"valueName\":\"search_term_string\"}}],\"inLanguage\":\"fr-FR\"}]}<\/script>\n<!-- \/ Yoast SEO plugin. -->","yoast_head_json":{"title":"S\u00e9rie LB, la tondeuse id\u00e9ale avec entra\u00eenement \u00e0 courroie trap\u00e9zo\u00efdale - PERFECT - Van Wamel","robots":{"index":"index","follow":"follow","max-snippet":"max-snippet:-1","max-image-preview":"max-image-preview:large","max-video-preview":"max-video-preview:-1"},"canonical":"https:\/\/www.perfectvanwamel.com\/fr\/produit\/tondeuse-serie-lb\/","og_locale":"fr_FR","og_type":"article","og_title":"S\u00e9rie LB, la tondeuse id\u00e9ale avec entra\u00eenement \u00e0 courroie trap\u00e9zo\u00efdale - PERFECT - Van Wamel","og_description":"La tondeuse LB est pourvue de patins profil\u00e9s inusables gr\u00e2ce auxquels la machine suit sans difficult\u00e9 les irr\u00e9gularit\u00e9s du terrain. L\u2019efficacit\u00e9 de l\u2019entra\u00eenement conf\u00e8re \u00e0 la machine une grande capacit\u00e9.","og_url":"https:\/\/www.perfectvanwamel.com\/fr\/produit\/tondeuse-serie-lb\/","og_site_name":"PERFECT - Van Wamel","article_modified_time":"2020-11-11T15:12:57+00:00","twitter_card":"summary_large_image","twitter_misc":{"Dur\u00e9e de lecture estim\u00e9e":"1 minute"},"schema":{"@context":"https:\/\/schema.org","@graph":[{"@type":"WebPage","@id":"https:\/\/www.perfectvanwamel.com\/fr\/produit\/tondeuse-serie-lb\/","url":"https:\/\/www.perfectvanwamel.com\/fr\/produit\/tondeuse-serie-lb\/","name":"S\u00e9rie LB, la tondeuse id\u00e9ale avec entra\u00eenement \u00e0 courroie trap\u00e9zo\u00efdale - PERFECT - Van Wamel","isPartOf":{"@id":"https:\/\/www.perfectvanwamel.com\/fr\/#website"},"primaryImageOfPage":{"@id":"https:\/\/www.perfectvanwamel.com\/fr\/produit\/tondeuse-serie-lb\/#primaryimage"},"image":{"@id":"https:\/\/www.perfectvanwamel.com\/fr\/produit\/tondeuse-serie-lb\/#primaryimage"},"thumbnailUrl":"https:\/\/www.perfectvanwamel.com\/wp-content\/uploads\/2019\/08\/LB-275V.jpg","datePublished":"2019-08-29T07:26:23+00:00","dateModified":"2020-11-11T15:12:57+00:00","breadcrumb":{"@id":"https:\/\/www.perfectvanwamel.com\/fr\/produit\/tondeuse-serie-lb\/#breadcrumb"},"inLanguage":"fr-FR","potentialAction":[{"@type":"ReadAction","target":["https:\/\/www.perfectvanwamel.com\/fr\/produit\/tondeuse-serie-lb\/"]}]},{"@type":"ImageObject","inLanguage":"fr-FR","@id":"https:\/\/www.perfectvanwamel.com\/fr\/produit\/tondeuse-serie-lb\/#primaryimage","url":"https:\/\/www.perfectvanwamel.com\/wp-content\/uploads\/2019\/08\/LB-275V.jpg","contentUrl":"https:\/\/www.perfectvanwamel.com\/wp-content\/uploads\/2019\/08\/LB-275V.jpg","width":1772,"height":1068,"caption":"LB-275V"},{"@type":"BreadcrumbList","@id":"https:\/\/www.perfectvanwamel.com\/fr\/produit\/tondeuse-serie-lb\/#breadcrumb","itemListElement":[{"@type":"ListItem","position":1,"name":"Home","item":"https:\/\/staging.perfectvanwamel.com\/fr\/"},{"@type":"ListItem","position":2,"name":"Produits","item":"https:\/\/www.perfectvanwamel.com\/fr\/technologie\/"},{"@type":"ListItem","position":3,"name":"S\u00e9rie LB, la tondeuse id\u00e9ale avec entra\u00eenement \u00e0 courroie trap\u00e9zo\u00efdale"}]},{"@type":"WebSite","@id":"https:\/\/www.perfectvanwamel.com\/fr\/#website","url":"https:\/\/www.perfectvanwamel.com\/fr\/","name":"PERFECT - Van Wamel","description":"","potentialAction":[{"@type":"SearchAction","target":{"@type":"EntryPoint","urlTemplate":"https:\/\/www.perfectvanwamel.com\/fr\/?s={search_term_string}"},"query-input":{"@type":"PropertyValueSpecification","valueRequired":true,"valueName":"search_term_string"}}],"inLanguage":"fr-FR"}]}},"_links":{"self":[{"href":"https:\/\/www.perfectvanwamel.com\/fr\/wp-json\/wp\/v2\/product\/6391","targetHints":{"allow":["GET"]}}],"collection":[{"href":"https:\/\/www.perfectvanwamel.com\/fr\/wp-json\/wp\/v2\/product"}],"about":[{"href":"https:\/\/www.perfectvanwamel.com\/fr\/wp-json\/wp\/v2\/types\/product"}],"wp:featuredmedia":[{"embeddable":true,"href":"https:\/\/www.perfectvanwamel.com\/fr\/wp-json\/wp\/v2\/media\/28427"}],"wp:attachment":[{"href":"https:\/\/www.perfectvanwamel.com\/fr\/wp-json\/wp\/v2\/media?parent=6391"}],"wp:term":[{"taxonomy":"product_brand","embeddable":true,"href":"https:\/\/www.perfectvanwamel.com\/fr\/wp-json\/wp\/v2\/product_brand?post=6391"},{"taxonomy":"product_cat","embeddable":true,"href":"https:\/\/www.perfectvanwamel.com\/fr\/wp-json\/wp\/v2\/product_cat?post=6391"},{"taxonomy":"product_tag","embeddable":true,"href":"https:\/\/www.perfectvanwamel.com\/fr\/wp-json\/wp\/v2\/product_tag?post=6391"}],"curies":[{"name":"wp","href":"https:\/\/api.w.org\/{rel}","templated":true}]}}