{"id":6434,"date":"2019-12-03T13:01:38","date_gmt":"2019-12-03T12:01:38","guid":{"rendered":"https:\/\/www.perfectvanwamel.com\/product\/faucheuse-serie-t\/"},"modified":"2020-10-05T10:23:58","modified_gmt":"2020-10-05T08:23:58","slug":"faucheuse-serie-t","status":"publish","type":"product","link":"https:\/\/www.perfectvanwamel.com\/fr\/produit\/faucheuse-serie-t\/","title":{"rendered":"Faucheuse basse sur patins, s\u00e9rie T"},"content":{"rendered":"<p>Le tr\u00e8s robuste entra\u00eenement automatique \u00e0 courroie trap\u00e9zo\u00efdale et la grande vitesse de rotation des trois rotors conf\u00e8rent \u00e0 cette faucheuse une grande capacit\u00e9. Les faucheuses T sont livrables avec un attelage sp\u00e9cial pour combiner le fauchage et la pulv\u00e9risation et il en existe \u00e9galement une version pour montage frontal.<\/p>\n","protected":false},"excerpt":{"rendered":"<p>Les faucheuses de la s\u00e9rie T sont des machines tr\u00e8s robustes et maniables pour la fruiticulture et la viticulture, livrables avec des largeurs de travail de 1,55 \u00e0 2,90 m\u00e8tres.<\/p>\n","protected":false},"featured_media":4922,"template":"","meta":{"_acf_changed":false},"product_brand":[],"product_cat":[1826],"product_tag":[],"class_list":{"0":"post-6434","1":"product","2":"type-product","3":"status-publish","4":"has-post-thumbnail","6":"product_cat-faucheuses-arboricoles","7":"pa_aantal-maaimessen-3-fr","8":"pa_denkende-schijf-nee-fr","9":"pa_gewicht-kg-350-fr","10":"pa_gewicht-kg-385-fr","11":"pa_gewicht-kg-415-fr","12":"pa_gewicht-kg-500-fr","13":"pa_gewicht-kg-525-fr","14":"pa_gewicht-kg-535-fr","15":"pa_lengte-looprol-cm-1-102-fr","16":"pa_lengte-looprol-cm-2-38-fr","17":"pa_lengte-looprol-cm-2-48-fr","18":"pa_lengte-looprol-cm-2-53-fr","19":"pa_maaihoogte-cm-4-10-fr","20":"pa_min-benodigd-vermogen-kw-pk-16-22-fr","21":"pa_min-benodigd-vermogen-kw-pk-18-25-fr-2","22":"pa_min-benodigd-vermogen-kw-pk-22-30-fr","23":"pa_min-benodigd-vermogen-kw-pk-26-35-fr-2","24":"pa_min-benodigd-vermogen-kw-pk-29-40-fr-2","25":"pa_min-benodigd-vermogen-kw-pk-33-45-fr-2","26":"pa_transportbreedte-cm-160-fr","27":"pa_transportbreedte-cm-185-fr","28":"pa_transportbreedte-cm-205-fr","29":"pa_transportbreedte-cm-230-fr","30":"pa_transportbreedte-cm-255-fr","31":"pa_transportbreedte-cm-295-fr","32":"pa_werkbreedte-cm-155-fr","33":"pa_werkbreedte-cm-180-fr","34":"pa_werkbreedte-cm-200-fr","35":"pa_werkbreedte-cm-225-fr","36":"pa_werkbreedte-cm-250-fr","37":"pa_werkbreedte-cm-290-fr","39":"first","40":"instock","41":"shipping-taxable","42":"product-type-simple"},"acf":[],"yoast_head":"<!-- This site is optimized with the Yoast SEO plugin v27.5 - https:\/\/yoast.com\/product\/yoast-seo-wordpress\/ -->\n<title>Faucheuse basse sur patins, s\u00e9rie T - PERFECT - Van Wamel<\/title>\n<meta name=\"robots\" content=\"index, follow, max-snippet:-1, max-image-preview:large, max-video-preview:-1\" \/>\n<link rel=\"canonical\" href=\"https:\/\/www.perfectvanwamel.com\/fr\/produit\/faucheuse-serie-t\/\" \/>\n<meta property=\"og:locale\" content=\"fr_FR\" \/>\n<meta property=\"og:type\" content=\"article\" \/>\n<meta property=\"og:title\" content=\"Faucheuse basse sur patins, s\u00e9rie T - PERFECT - Van Wamel\" \/>\n<meta property=\"og:description\" content=\"Les faucheuses de la s\u00e9rie T sont des machines tr\u00e8s robustes et maniables pour la fruiticulture et la viticulture, livrables avec des largeurs de travail de 1,55 \u00e0 2,90 m\u00e8tres.\" \/>\n<meta property=\"og:url\" content=\"https:\/\/www.perfectvanwamel.com\/fr\/produit\/faucheuse-serie-t\/\" \/>\n<meta property=\"og:site_name\" content=\"PERFECT - Van Wamel\" \/>\n<meta property=\"article:modified_time\" content=\"2020-10-05T08:23:58+00:00\" \/>\n<meta property=\"og:image\" content=\"https:\/\/staging.perfectvanwamel.com\/wp-content\/uploads\/2019\/12\/T-series.png\" \/>\n\t<meta property=\"og:image:width\" content=\"2000\" \/>\n\t<meta property=\"og:image:height\" content=\"1335\" \/>\n\t<meta property=\"og:image:type\" content=\"image\/png\" \/>\n<meta name=\"twitter:card\" content=\"summary_large_image\" \/>\n<script type=\"application\/ld+json\" class=\"yoast-schema-graph\">{\"@context\":\"https:\\\/\\\/schema.org\",\"@graph\":[{\"@type\":\"WebPage\",\"@id\":\"https:\\\/\\\/www.perfectvanwamel.com\\\/fr\\\/produit\\\/faucheuse-serie-t\\\/\",\"url\":\"https:\\\/\\\/www.perfectvanwamel.com\\\/fr\\\/produit\\\/faucheuse-serie-t\\\/\",\"name\":\"Faucheuse basse sur patins, s\u00e9rie T - PERFECT - Van Wamel\",\"isPartOf\":{\"@id\":\"https:\\\/\\\/www.perfectvanwamel.com\\\/fr\\\/#website\"},\"primaryImageOfPage\":{\"@id\":\"https:\\\/\\\/www.perfectvanwamel.com\\\/fr\\\/produit\\\/faucheuse-serie-t\\\/#primaryimage\"},\"image\":{\"@id\":\"https:\\\/\\\/www.perfectvanwamel.com\\\/fr\\\/produit\\\/faucheuse-serie-t\\\/#primaryimage\"},\"thumbnailUrl\":\"https:\\\/\\\/www.perfectvanwamel.com\\\/wp-content\\\/uploads\\\/2019\\\/12\\\/T-series.png\",\"datePublished\":\"2019-12-03T12:01:38+00:00\",\"dateModified\":\"2020-10-05T08:23:58+00:00\",\"breadcrumb\":{\"@id\":\"https:\\\/\\\/www.perfectvanwamel.com\\\/fr\\\/produit\\\/faucheuse-serie-t\\\/#breadcrumb\"},\"inLanguage\":\"fr-FR\",\"potentialAction\":[{\"@type\":\"ReadAction\",\"target\":[\"https:\\\/\\\/www.perfectvanwamel.com\\\/fr\\\/produit\\\/faucheuse-serie-t\\\/\"]}]},{\"@type\":\"ImageObject\",\"inLanguage\":\"fr-FR\",\"@id\":\"https:\\\/\\\/www.perfectvanwamel.com\\\/fr\\\/produit\\\/faucheuse-serie-t\\\/#primaryimage\",\"url\":\"https:\\\/\\\/www.perfectvanwamel.com\\\/wp-content\\\/uploads\\\/2019\\\/12\\\/T-series.png\",\"contentUrl\":\"https:\\\/\\\/www.perfectvanwamel.com\\\/wp-content\\\/uploads\\\/2019\\\/12\\\/T-series.png\",\"width\":2000,\"height\":1335},{\"@type\":\"BreadcrumbList\",\"@id\":\"https:\\\/\\\/www.perfectvanwamel.com\\\/fr\\\/produit\\\/faucheuse-serie-t\\\/#breadcrumb\",\"itemListElement\":[{\"@type\":\"ListItem\",\"position\":1,\"name\":\"Home\",\"item\":\"https:\\\/\\\/staging.perfectvanwamel.com\\\/fr\\\/\"},{\"@type\":\"ListItem\",\"position\":2,\"name\":\"Produits\",\"item\":\"https:\\\/\\\/www.perfectvanwamel.com\\\/fr\\\/technologie\\\/\"},{\"@type\":\"ListItem\",\"position\":3,\"name\":\"Faucheuse basse sur patins, s\u00e9rie T\"}]},{\"@type\":\"WebSite\",\"@id\":\"https:\\\/\\\/www.perfectvanwamel.com\\\/fr\\\/#website\",\"url\":\"https:\\\/\\\/www.perfectvanwamel.com\\\/fr\\\/\",\"name\":\"PERFECT - Van Wamel\",\"description\":\"\",\"potentialAction\":[{\"@type\":\"SearchAction\",\"target\":{\"@type\":\"EntryPoint\",\"urlTemplate\":\"https:\\\/\\\/www.perfectvanwamel.com\\\/fr\\\/?s={search_term_string}\"},\"query-input\":{\"@type\":\"PropertyValueSpecification\",\"valueRequired\":true,\"valueName\":\"search_term_string\"}}],\"inLanguage\":\"fr-FR\"}]}<\/script>\n<!-- \/ Yoast SEO plugin. -->","yoast_head_json":{"title":"Faucheuse basse sur patins, s\u00e9rie T - PERFECT - Van Wamel","robots":{"index":"index","follow":"follow","max-snippet":"max-snippet:-1","max-image-preview":"max-image-preview:large","max-video-preview":"max-video-preview:-1"},"canonical":"https:\/\/www.perfectvanwamel.com\/fr\/produit\/faucheuse-serie-t\/","og_locale":"fr_FR","og_type":"article","og_title":"Faucheuse basse sur patins, s\u00e9rie T - PERFECT - Van Wamel","og_description":"Les faucheuses de la s\u00e9rie T sont des machines tr\u00e8s robustes et maniables pour la fruiticulture et la viticulture, livrables avec des largeurs de travail de 1,55 \u00e0 2,90 m\u00e8tres.","og_url":"https:\/\/www.perfectvanwamel.com\/fr\/produit\/faucheuse-serie-t\/","og_site_name":"PERFECT - Van Wamel","article_modified_time":"2020-10-05T08:23:58+00:00","og_image":[{"width":2000,"height":1335,"url":"https:\/\/staging.perfectvanwamel.com\/wp-content\/uploads\/2019\/12\/T-series.png","type":"image\/png"}],"twitter_card":"summary_large_image","schema":{"@context":"https:\/\/schema.org","@graph":[{"@type":"WebPage","@id":"https:\/\/www.perfectvanwamel.com\/fr\/produit\/faucheuse-serie-t\/","url":"https:\/\/www.perfectvanwamel.com\/fr\/produit\/faucheuse-serie-t\/","name":"Faucheuse basse sur patins, s\u00e9rie T - PERFECT - Van Wamel","isPartOf":{"@id":"https:\/\/www.perfectvanwamel.com\/fr\/#website"},"primaryImageOfPage":{"@id":"https:\/\/www.perfectvanwamel.com\/fr\/produit\/faucheuse-serie-t\/#primaryimage"},"image":{"@id":"https:\/\/www.perfectvanwamel.com\/fr\/produit\/faucheuse-serie-t\/#primaryimage"},"thumbnailUrl":"https:\/\/www.perfectvanwamel.com\/wp-content\/uploads\/2019\/12\/T-series.png","datePublished":"2019-12-03T12:01:38+00:00","dateModified":"2020-10-05T08:23:58+00:00","breadcrumb":{"@id":"https:\/\/www.perfectvanwamel.com\/fr\/produit\/faucheuse-serie-t\/#breadcrumb"},"inLanguage":"fr-FR","potentialAction":[{"@type":"ReadAction","target":["https:\/\/www.perfectvanwamel.com\/fr\/produit\/faucheuse-serie-t\/"]}]},{"@type":"ImageObject","inLanguage":"fr-FR","@id":"https:\/\/www.perfectvanwamel.com\/fr\/produit\/faucheuse-serie-t\/#primaryimage","url":"https:\/\/www.perfectvanwamel.com\/wp-content\/uploads\/2019\/12\/T-series.png","contentUrl":"https:\/\/www.perfectvanwamel.com\/wp-content\/uploads\/2019\/12\/T-series.png","width":2000,"height":1335},{"@type":"BreadcrumbList","@id":"https:\/\/www.perfectvanwamel.com\/fr\/produit\/faucheuse-serie-t\/#breadcrumb","itemListElement":[{"@type":"ListItem","position":1,"name":"Home","item":"https:\/\/staging.perfectvanwamel.com\/fr\/"},{"@type":"ListItem","position":2,"name":"Produits","item":"https:\/\/www.perfectvanwamel.com\/fr\/technologie\/"},{"@type":"ListItem","position":3,"name":"Faucheuse basse sur patins, s\u00e9rie T"}]},{"@type":"WebSite","@id":"https:\/\/www.perfectvanwamel.com\/fr\/#website","url":"https:\/\/www.perfectvanwamel.com\/fr\/","name":"PERFECT - Van Wamel","description":"","potentialAction":[{"@type":"SearchAction","target":{"@type":"EntryPoint","urlTemplate":"https:\/\/www.perfectvanwamel.com\/fr\/?s={search_term_string}"},"query-input":{"@type":"PropertyValueSpecification","valueRequired":true,"valueName":"search_term_string"}}],"inLanguage":"fr-FR"}]}},"_links":{"self":[{"href":"https:\/\/www.perfectvanwamel.com\/fr\/wp-json\/wp\/v2\/product\/6434","targetHints":{"allow":["GET"]}}],"collection":[{"href":"https:\/\/www.perfectvanwamel.com\/fr\/wp-json\/wp\/v2\/product"}],"about":[{"href":"https:\/\/www.perfectvanwamel.com\/fr\/wp-json\/wp\/v2\/types\/product"}],"wp:featuredmedia":[{"embeddable":true,"href":"https:\/\/www.perfectvanwamel.com\/fr\/wp-json\/wp\/v2\/media\/4922"}],"wp:attachment":[{"href":"https:\/\/www.perfectvanwamel.com\/fr\/wp-json\/wp\/v2\/media?parent=6434"}],"wp:term":[{"taxonomy":"product_brand","embeddable":true,"href":"https:\/\/www.perfectvanwamel.com\/fr\/wp-json\/wp\/v2\/product_brand?post=6434"},{"taxonomy":"product_cat","embeddable":true,"href":"https:\/\/www.perfectvanwamel.com\/fr\/wp-json\/wp\/v2\/product_cat?post=6434"},{"taxonomy":"product_tag","embeddable":true,"href":"https:\/\/www.perfectvanwamel.com\/fr\/wp-json\/wp\/v2\/product_tag?post=6434"}],"curies":[{"name":"wp","href":"https:\/\/api.w.org\/{rel}","templated":true}]}}