{"id":6435,"date":"2019-12-03T13:02:07","date_gmt":"2019-12-03T12:02:07","guid":{"rendered":"https:\/\/www.perfectvanwamel.com\/product\/faucheuse-serie-rn\/"},"modified":"2020-10-29T19:22:56","modified_gmt":"2020-10-29T18:22:56","slug":"faucheuse-serie-rn","status":"publish","type":"product","link":"https:\/\/www.perfectvanwamel.com\/fr\/produit\/faucheuse-serie-rn\/","title":{"rendered":"Faucheuse \u00e0 d\u00e9charge lat\u00e9rale, s\u00e9rie RN"},"content":{"rendered":"<p>Les couteaux de la faucheuse RN sur patins tournent vers l&#8217;ext\u00e9rieur ; gr\u00e2ce \u00e0 des capots amovibles, l\u2019herbe peut \u00eatre d\u00e9charg\u00e9e sur le c\u00f4t\u00e9 (paillage), ce qui apporte une protection contre la d\u00e9shydratation et la croissance de mauvaises herbes tout en apportant de l\u2019engrais \u00e0 l\u2019arbre et aux pieds de vigne.<\/p>\n<p>Les faucheuses RN sont disponibles avec un attelage sp\u00e9cial pour faucher et sulfater en un seul passage. Cette faucheuse pour vergers est disponible pour une utilisation \u00e0 l\u2019avant du tracteur. Pour faucher loin de la piste du tracteur, un d\u00e9port parall\u00e9logramme est disponible.<\/p>\n","protected":false},"excerpt":{"rendered":"<p>La faucheuse RN est dot\u00e9e d\u2019un robuste entra\u00eenement \u00e0 deux bo\u00eetes d\u2019engrenages ; il en r\u00e9sulte une grande capacit\u00e9, m\u00eame pour la fauche d\u2019herbe plus haute. La cadre bas et arrondi et les roues pivotantes standards conf\u00e8rent \u00e0 cette faucheuse pour vergers une maniabilit\u00e9 optimale. Toutes les faucheuses RN pour vergers sont pourvues de trois rotors.<br \/>\nLes faucheuses rotatives RN pour vergers sont livrables avec des largeurs de travail de 1,80 \u00e0 2,90 m\u00e8tres.<\/p>\n","protected":false},"featured_media":3373,"template":"","meta":{"_acf_changed":false},"product_brand":[],"product_cat":[1826],"product_tag":[],"class_list":{"0":"post-6435","1":"product","2":"type-product","3":"status-publish","4":"has-post-thumbnail","6":"product_cat-faucheuses-arboricoles","7":"pa_aantal-maaimessen-3-fr","8":"pa_denkende-schijf-ja-fr","9":"pa_gewicht-kg-415-fr","10":"pa_gewicht-kg-460-fr","11":"pa_gewicht-kg-480-fr","12":"pa_gewicht-kg-530-fr","13":"pa_gewicht-kg-585-fr","14":"pa_lengte-looprol-cm-48-fr","15":"pa_lengte-looprol-cm-76-fr","16":"pa_lengte-looprol-cm-95-fr","17":"pa_maaihoogte-cm-4-10-fr","18":"pa_max-verstrek-midden-cm-126-fr","19":"pa_max-verstrek-midden-cm-136-fr","20":"pa_max-verstrek-midden-cm-148-fr","21":"pa_max-verstrek-midden-cm-161-fr","22":"pa_min-benodigd-vermogen-kw-pk-18-25-fr-2","23":"pa_min-benodigd-vermogen-kw-pk-22-30-fr","24":"pa_min-benodigd-vermogen-kw-pk-26-35-fr-2","25":"pa_min-benodigd-vermogen-kw-pk-29-40-fr-2","26":"pa_min-benodigd-vermogen-kw-pk-33-45-fr-2","27":"pa_transportbreedte-cm-185-fr","28":"pa_transportbreedte-cm-205-fr","29":"pa_transportbreedte-cm-230-fr","30":"pa_transportbreedte-cm-255-fr","31":"pa_transportbreedte-cm-295-fr","32":"pa_werkbreedte-cm-180-fr","33":"pa_werkbreedte-cm-200-fr","34":"pa_werkbreedte-cm-225-fr","35":"pa_werkbreedte-cm-250-fr","36":"pa_werkbreedte-cm-290-fr","38":"first","39":"instock","40":"shipping-taxable","41":"product-type-simple"},"acf":[],"yoast_head":"<!-- This site is optimized with the Yoast SEO plugin v27.5 - https:\/\/yoast.com\/product\/yoast-seo-wordpress\/ -->\n<title>Tondeuse fruiti\u00e8re \u00e0 d\u00e9charge lat\u00e9rale s\u00e9rie RN. - PERFECT - Van Wamel<\/title>\n<meta name=\"description\" content=\"Tondeuse fruiti\u00e8re sp\u00e9cialis\u00e9e. L&#039;herbe peut \u00eatre \u00e9ject\u00e9e lat\u00e9ralement dans la rang\u00e9e gr\u00e2ce aux capots amovibles.\" \/>\n<meta name=\"robots\" content=\"index, follow, max-snippet:-1, max-image-preview:large, max-video-preview:-1\" \/>\n<link rel=\"canonical\" href=\"https:\/\/www.perfectvanwamel.com\/fr\/produit\/faucheuse-serie-rn\/\" \/>\n<meta property=\"og:locale\" content=\"fr_FR\" \/>\n<meta property=\"og:type\" content=\"article\" \/>\n<meta property=\"og:title\" content=\"Tondeuse fruiti\u00e8re \u00e0 d\u00e9charge lat\u00e9rale s\u00e9rie RN. - PERFECT - Van Wamel\" \/>\n<meta property=\"og:description\" content=\"Tondeuse fruiti\u00e8re sp\u00e9cialis\u00e9e. L&#039;herbe peut \u00eatre \u00e9ject\u00e9e lat\u00e9ralement dans la rang\u00e9e gr\u00e2ce aux capots amovibles.\" \/>\n<meta property=\"og:url\" content=\"https:\/\/www.perfectvanwamel.com\/fr\/produit\/faucheuse-serie-rn\/\" \/>\n<meta property=\"og:site_name\" content=\"PERFECT - Van Wamel\" \/>\n<meta property=\"article:modified_time\" content=\"2020-10-29T18:22:56+00:00\" \/>\n<meta property=\"og:image\" content=\"https:\/\/staging.perfectvanwamel.com\/wp-content\/uploads\/2019\/12\/PERFECT_rotary_mower_RN_1_-removebg.png\" \/>\n\t<meta property=\"og:image:width\" content=\"2000\" \/>\n\t<meta property=\"og:image:height\" content=\"1335\" \/>\n\t<meta property=\"og:image:type\" content=\"image\/png\" \/>\n<meta name=\"twitter:card\" content=\"summary_large_image\" \/>\n<meta name=\"twitter:label1\" content=\"Dur\u00e9e de lecture estim\u00e9e\" \/>\n\t<meta name=\"twitter:data1\" content=\"1 minute\" \/>\n<script type=\"application\/ld+json\" class=\"yoast-schema-graph\">{\"@context\":\"https:\\\/\\\/schema.org\",\"@graph\":[{\"@type\":\"WebPage\",\"@id\":\"https:\\\/\\\/www.perfectvanwamel.com\\\/fr\\\/produit\\\/faucheuse-serie-rn\\\/\",\"url\":\"https:\\\/\\\/www.perfectvanwamel.com\\\/fr\\\/produit\\\/faucheuse-serie-rn\\\/\",\"name\":\"Tondeuse fruiti\u00e8re \u00e0 d\u00e9charge lat\u00e9rale s\u00e9rie RN. - PERFECT - Van Wamel\",\"isPartOf\":{\"@id\":\"https:\\\/\\\/www.perfectvanwamel.com\\\/fr\\\/#website\"},\"primaryImageOfPage\":{\"@id\":\"https:\\\/\\\/www.perfectvanwamel.com\\\/fr\\\/produit\\\/faucheuse-serie-rn\\\/#primaryimage\"},\"image\":{\"@id\":\"https:\\\/\\\/www.perfectvanwamel.com\\\/fr\\\/produit\\\/faucheuse-serie-rn\\\/#primaryimage\"},\"thumbnailUrl\":\"https:\\\/\\\/www.perfectvanwamel.com\\\/wp-content\\\/uploads\\\/2019\\\/12\\\/PERFECT_rotary_mower_RN_1_-removebg.png\",\"datePublished\":\"2019-12-03T12:02:07+00:00\",\"dateModified\":\"2020-10-29T18:22:56+00:00\",\"description\":\"Tondeuse fruiti\u00e8re sp\u00e9cialis\u00e9e. L'herbe peut \u00eatre \u00e9ject\u00e9e lat\u00e9ralement dans la rang\u00e9e gr\u00e2ce aux capots amovibles.\",\"breadcrumb\":{\"@id\":\"https:\\\/\\\/www.perfectvanwamel.com\\\/fr\\\/produit\\\/faucheuse-serie-rn\\\/#breadcrumb\"},\"inLanguage\":\"fr-FR\",\"potentialAction\":[{\"@type\":\"ReadAction\",\"target\":[\"https:\\\/\\\/www.perfectvanwamel.com\\\/fr\\\/produit\\\/faucheuse-serie-rn\\\/\"]}]},{\"@type\":\"ImageObject\",\"inLanguage\":\"fr-FR\",\"@id\":\"https:\\\/\\\/www.perfectvanwamel.com\\\/fr\\\/produit\\\/faucheuse-serie-rn\\\/#primaryimage\",\"url\":\"https:\\\/\\\/www.perfectvanwamel.com\\\/wp-content\\\/uploads\\\/2019\\\/12\\\/PERFECT_rotary_mower_RN_1_-removebg.png\",\"contentUrl\":\"https:\\\/\\\/www.perfectvanwamel.com\\\/wp-content\\\/uploads\\\/2019\\\/12\\\/PERFECT_rotary_mower_RN_1_-removebg.png\",\"width\":2000,\"height\":1335},{\"@type\":\"BreadcrumbList\",\"@id\":\"https:\\\/\\\/www.perfectvanwamel.com\\\/fr\\\/produit\\\/faucheuse-serie-rn\\\/#breadcrumb\",\"itemListElement\":[{\"@type\":\"ListItem\",\"position\":1,\"name\":\"Home\",\"item\":\"https:\\\/\\\/staging.perfectvanwamel.com\\\/fr\\\/\"},{\"@type\":\"ListItem\",\"position\":2,\"name\":\"Produits\",\"item\":\"https:\\\/\\\/www.perfectvanwamel.com\\\/fr\\\/technologie\\\/\"},{\"@type\":\"ListItem\",\"position\":3,\"name\":\"Faucheuse \u00e0 d\u00e9charge lat\u00e9rale, s\u00e9rie RN\"}]},{\"@type\":\"WebSite\",\"@id\":\"https:\\\/\\\/www.perfectvanwamel.com\\\/fr\\\/#website\",\"url\":\"https:\\\/\\\/www.perfectvanwamel.com\\\/fr\\\/\",\"name\":\"PERFECT - Van Wamel\",\"description\":\"\",\"potentialAction\":[{\"@type\":\"SearchAction\",\"target\":{\"@type\":\"EntryPoint\",\"urlTemplate\":\"https:\\\/\\\/www.perfectvanwamel.com\\\/fr\\\/?s={search_term_string}\"},\"query-input\":{\"@type\":\"PropertyValueSpecification\",\"valueRequired\":true,\"valueName\":\"search_term_string\"}}],\"inLanguage\":\"fr-FR\"}]}<\/script>\n<!-- \/ Yoast SEO plugin. -->","yoast_head_json":{"title":"Tondeuse fruiti\u00e8re \u00e0 d\u00e9charge lat\u00e9rale s\u00e9rie RN. - PERFECT - Van Wamel","description":"Tondeuse fruiti\u00e8re sp\u00e9cialis\u00e9e. L'herbe peut \u00eatre \u00e9ject\u00e9e lat\u00e9ralement dans la rang\u00e9e gr\u00e2ce aux capots amovibles.","robots":{"index":"index","follow":"follow","max-snippet":"max-snippet:-1","max-image-preview":"max-image-preview:large","max-video-preview":"max-video-preview:-1"},"canonical":"https:\/\/www.perfectvanwamel.com\/fr\/produit\/faucheuse-serie-rn\/","og_locale":"fr_FR","og_type":"article","og_title":"Tondeuse fruiti\u00e8re \u00e0 d\u00e9charge lat\u00e9rale s\u00e9rie RN. - PERFECT - Van Wamel","og_description":"Tondeuse fruiti\u00e8re sp\u00e9cialis\u00e9e. L'herbe peut \u00eatre \u00e9ject\u00e9e lat\u00e9ralement dans la rang\u00e9e gr\u00e2ce aux capots amovibles.","og_url":"https:\/\/www.perfectvanwamel.com\/fr\/produit\/faucheuse-serie-rn\/","og_site_name":"PERFECT - Van Wamel","article_modified_time":"2020-10-29T18:22:56+00:00","og_image":[{"width":2000,"height":1335,"url":"https:\/\/staging.perfectvanwamel.com\/wp-content\/uploads\/2019\/12\/PERFECT_rotary_mower_RN_1_-removebg.png","type":"image\/png"}],"twitter_card":"summary_large_image","twitter_misc":{"Dur\u00e9e de lecture estim\u00e9e":"1 minute"},"schema":{"@context":"https:\/\/schema.org","@graph":[{"@type":"WebPage","@id":"https:\/\/www.perfectvanwamel.com\/fr\/produit\/faucheuse-serie-rn\/","url":"https:\/\/www.perfectvanwamel.com\/fr\/produit\/faucheuse-serie-rn\/","name":"Tondeuse fruiti\u00e8re \u00e0 d\u00e9charge lat\u00e9rale s\u00e9rie RN. - PERFECT - Van Wamel","isPartOf":{"@id":"https:\/\/www.perfectvanwamel.com\/fr\/#website"},"primaryImageOfPage":{"@id":"https:\/\/www.perfectvanwamel.com\/fr\/produit\/faucheuse-serie-rn\/#primaryimage"},"image":{"@id":"https:\/\/www.perfectvanwamel.com\/fr\/produit\/faucheuse-serie-rn\/#primaryimage"},"thumbnailUrl":"https:\/\/www.perfectvanwamel.com\/wp-content\/uploads\/2019\/12\/PERFECT_rotary_mower_RN_1_-removebg.png","datePublished":"2019-12-03T12:02:07+00:00","dateModified":"2020-10-29T18:22:56+00:00","description":"Tondeuse fruiti\u00e8re sp\u00e9cialis\u00e9e. L'herbe peut \u00eatre \u00e9ject\u00e9e lat\u00e9ralement dans la rang\u00e9e gr\u00e2ce aux capots amovibles.","breadcrumb":{"@id":"https:\/\/www.perfectvanwamel.com\/fr\/produit\/faucheuse-serie-rn\/#breadcrumb"},"inLanguage":"fr-FR","potentialAction":[{"@type":"ReadAction","target":["https:\/\/www.perfectvanwamel.com\/fr\/produit\/faucheuse-serie-rn\/"]}]},{"@type":"ImageObject","inLanguage":"fr-FR","@id":"https:\/\/www.perfectvanwamel.com\/fr\/produit\/faucheuse-serie-rn\/#primaryimage","url":"https:\/\/www.perfectvanwamel.com\/wp-content\/uploads\/2019\/12\/PERFECT_rotary_mower_RN_1_-removebg.png","contentUrl":"https:\/\/www.perfectvanwamel.com\/wp-content\/uploads\/2019\/12\/PERFECT_rotary_mower_RN_1_-removebg.png","width":2000,"height":1335},{"@type":"BreadcrumbList","@id":"https:\/\/www.perfectvanwamel.com\/fr\/produit\/faucheuse-serie-rn\/#breadcrumb","itemListElement":[{"@type":"ListItem","position":1,"name":"Home","item":"https:\/\/staging.perfectvanwamel.com\/fr\/"},{"@type":"ListItem","position":2,"name":"Produits","item":"https:\/\/www.perfectvanwamel.com\/fr\/technologie\/"},{"@type":"ListItem","position":3,"name":"Faucheuse \u00e0 d\u00e9charge lat\u00e9rale, s\u00e9rie RN"}]},{"@type":"WebSite","@id":"https:\/\/www.perfectvanwamel.com\/fr\/#website","url":"https:\/\/www.perfectvanwamel.com\/fr\/","name":"PERFECT - Van Wamel","description":"","potentialAction":[{"@type":"SearchAction","target":{"@type":"EntryPoint","urlTemplate":"https:\/\/www.perfectvanwamel.com\/fr\/?s={search_term_string}"},"query-input":{"@type":"PropertyValueSpecification","valueRequired":true,"valueName":"search_term_string"}}],"inLanguage":"fr-FR"}]}},"_links":{"self":[{"href":"https:\/\/www.perfectvanwamel.com\/fr\/wp-json\/wp\/v2\/product\/6435","targetHints":{"allow":["GET"]}}],"collection":[{"href":"https:\/\/www.perfectvanwamel.com\/fr\/wp-json\/wp\/v2\/product"}],"about":[{"href":"https:\/\/www.perfectvanwamel.com\/fr\/wp-json\/wp\/v2\/types\/product"}],"wp:featuredmedia":[{"embeddable":true,"href":"https:\/\/www.perfectvanwamel.com\/fr\/wp-json\/wp\/v2\/media\/3373"}],"wp:attachment":[{"href":"https:\/\/www.perfectvanwamel.com\/fr\/wp-json\/wp\/v2\/media?parent=6435"}],"wp:term":[{"taxonomy":"product_brand","embeddable":true,"href":"https:\/\/www.perfectvanwamel.com\/fr\/wp-json\/wp\/v2\/product_brand?post=6435"},{"taxonomy":"product_cat","embeddable":true,"href":"https:\/\/www.perfectvanwamel.com\/fr\/wp-json\/wp\/v2\/product_cat?post=6435"},{"taxonomy":"product_tag","embeddable":true,"href":"https:\/\/www.perfectvanwamel.com\/fr\/wp-json\/wp\/v2\/product_tag?post=6435"}],"curies":[{"name":"wp","href":"https:\/\/api.w.org\/{rel}","templated":true}]}}