{"id":6437,"date":"2020-04-23T07:41:40","date_gmt":"2020-04-23T05:41:40","guid":{"rendered":"https:\/\/www.perfectvanwamel.com\/product\/faucheuse-serie-lf\/"},"modified":"2020-10-29T20:04:21","modified_gmt":"2020-10-29T19:04:21","slug":"faucheuse-serie-lf","status":"publish","type":"product","link":"https:\/\/www.perfectvanwamel.com\/fr\/produit\/faucheuse-serie-lf\/","title":{"rendered":"Faucheuse sur patins, s\u00e9rie LF"},"content":{"rendered":"<p>La faucheuse LF pour vergers est une tr\u00e8s robuste machine dot\u00e9e d\u2019une grande capacit\u00e9. Gr\u00e2ce au robuste entra\u00eenement \u00e0 tension automatique de la courroie trap\u00e9zo\u00efdale et au guide d\u2019herbe sous la machine, la faucheuse LF fonctionne \u00e9galement \u00e0 la perfection dans l\u2019herbe haute. De plus, les patins permettent une plus grande vitesse, jusqu\u2019\u00e0 10 km\/h.<\/p>\n<p>Les faucheuses LF sur patins sont livrables avec des largeurs de travail de 1,40 \u00e0 3,60 m\u00e8tres.<\/p>\n<p>Les faucheuses rotatives LF sont \u00e9quip\u00e9es en s\u00e9rie d\u2019un grand d\u00e9port pour pouvoir faucher \u00e9galement loin du tracteur ; l\u2019\u00e9troite patte de montage veille \u00e0 ce que les fruits sur les arbres ne soient pas endommag\u00e9s.<\/p>\n<p>Pour suivre les contours du sol de fa\u00e7on optimale, cette faucheuse peut \u00eatre \u00e9quip\u00e9e d\u2019un rouleau.<\/p>\n","protected":false},"excerpt":{"rendered":"<p>Robuste faucheuse rotative pour la fruiticulture et la viticulture, puissant entra\u00eenement et grande capacit\u00e9. Gr\u00e2ce aux longs patins, il est possible d\u2019atteindre une grande vitesse d\u2019avancement.<\/p>\n","protected":false},"featured_media":3359,"template":"","meta":{"_acf_changed":false},"product_brand":[],"product_cat":[1826],"product_tag":[],"class_list":{"0":"post-6437","1":"product","2":"type-product","3":"status-publish","4":"has-post-thumbnail","6":"product_cat-faucheuses-arboricoles","7":"pa_aantal-maaimessen-2-fr","8":"pa_aantal-maaimessen-3-fr","9":"pa_aantal-maaimessen-4-fr","10":"pa_denkende-schijf-nee-fr","11":"pa_gewicht-kg-480-fr","12":"pa_gewicht-kg-560-fr","13":"pa_gewicht-kg-640-fr","14":"pa_lengte-looprol-cm-162-fr","15":"pa_lengte-looprol-cm-53-fr","16":"pa_lengte-looprol-cm-95-fr","17":"pa_maaihoogte-cm-4-14-fr","18":"pa_max-parallellogram-verstek-133-fr","19":"pa_max-parallellogram-verstek-148-fr","20":"pa_max-parallellogram-verstek-163-fr","21":"pa_max-parallellogram-verstek-178-fr","22":"pa_max-parallellogram-verstek-223-fr","23":"pa_max-verstrek-midden-cm-140-fr","24":"pa_max-verstrek-midden-cm-155-fr","25":"pa_max-verstrek-midden-cm-170-fr","26":"pa_max-verstrek-midden-cm-185-fr","27":"pa_max-verstrek-midden-cm-230-fr","28":"pa_min-benodigd-vermogen-kw-pk-18-25-fr-2","29":"pa_min-benodigd-vermogen-kw-pk-21-28-fr","30":"pa_min-benodigd-vermogen-kw-pk-24-32-fr","31":"pa_min-benodigd-vermogen-kw-pk-28-38-fr","32":"pa_min-benodigd-vermogen-kw-pk-32-42-fr","33":"pa_min-benodigd-vermogen-kw-pk-39-50-fr","34":"pa_transportbreedte-cm-149-fr","35":"pa_transportbreedte-cm-194-fr","36":"pa_transportbreedte-cm-224-fr","37":"pa_transportbreedte-cm-254-fr","38":"pa_transportbreedte-cm-284-fr","39":"pa_transportbreedte-cm-374-fr","40":"pa_werkbreedte-cm-140-fr","41":"pa_werkbreedte-cm-185-fr","42":"pa_werkbreedte-cm-215-fr","43":"pa_werkbreedte-cm-245-fr","44":"pa_werkbreedte-cm-275-fr","45":"pa_werkbreedte-cm-360-fr","47":"first","48":"instock","49":"shipping-taxable","50":"product-type-simple"},"acf":[],"yoast_head":"<!-- This site is optimized with the Yoast SEO plugin v27.5 - https:\/\/yoast.com\/product\/yoast-seo-wordpress\/ -->\n<title>Faucheuse sur patins s\u00e9rie LF - PERFECT - Van Wamel<\/title>\n<meta name=\"description\" content=\"Robuste faucheuse rotative pour la fruiticulture et la viticulture. Gr\u00e2ce aux longs patins, il est possible d\u2019atteindre une grande vitesse d\u2019avancement\" \/>\n<meta name=\"robots\" content=\"index, follow, max-snippet:-1, max-image-preview:large, max-video-preview:-1\" \/>\n<link rel=\"canonical\" href=\"https:\/\/www.perfectvanwamel.com\/fr\/produit\/faucheuse-serie-lf\/\" \/>\n<meta property=\"og:locale\" content=\"fr_FR\" \/>\n<meta property=\"og:type\" content=\"article\" \/>\n<meta property=\"og:title\" content=\"Faucheuse sur patins s\u00e9rie LF - PERFECT - Van Wamel\" \/>\n<meta property=\"og:description\" content=\"Robuste faucheuse rotative pour la fruiticulture et la viticulture. Gr\u00e2ce aux longs patins, il est possible d\u2019atteindre une grande vitesse d\u2019avancement\" \/>\n<meta property=\"og:url\" content=\"https:\/\/www.perfectvanwamel.com\/fr\/produit\/faucheuse-serie-lf\/\" \/>\n<meta property=\"og:site_name\" content=\"PERFECT - Van Wamel\" \/>\n<meta property=\"article:modified_time\" content=\"2020-10-29T19:04:21+00:00\" \/>\n<meta property=\"og:image\" content=\"https:\/\/staging.perfectvanwamel.com\/wp-content\/uploads\/2020\/04\/PERFECT_rotary_mower_LF_1_-removebg.png\" \/>\n\t<meta property=\"og:image:width\" content=\"2000\" \/>\n\t<meta property=\"og:image:height\" content=\"1335\" \/>\n\t<meta property=\"og:image:type\" content=\"image\/png\" \/>\n<meta name=\"twitter:card\" content=\"summary_large_image\" \/>\n<meta name=\"twitter:label1\" content=\"Dur\u00e9e de lecture estim\u00e9e\" \/>\n\t<meta name=\"twitter:data1\" content=\"1 minute\" \/>\n<script type=\"application\/ld+json\" class=\"yoast-schema-graph\">{\"@context\":\"https:\\\/\\\/schema.org\",\"@graph\":[{\"@type\":\"WebPage\",\"@id\":\"https:\\\/\\\/www.perfectvanwamel.com\\\/fr\\\/produit\\\/faucheuse-serie-lf\\\/\",\"url\":\"https:\\\/\\\/www.perfectvanwamel.com\\\/fr\\\/produit\\\/faucheuse-serie-lf\\\/\",\"name\":\"Faucheuse sur patins s\u00e9rie LF - PERFECT - Van Wamel\",\"isPartOf\":{\"@id\":\"https:\\\/\\\/www.perfectvanwamel.com\\\/fr\\\/#website\"},\"primaryImageOfPage\":{\"@id\":\"https:\\\/\\\/www.perfectvanwamel.com\\\/fr\\\/produit\\\/faucheuse-serie-lf\\\/#primaryimage\"},\"image\":{\"@id\":\"https:\\\/\\\/www.perfectvanwamel.com\\\/fr\\\/produit\\\/faucheuse-serie-lf\\\/#primaryimage\"},\"thumbnailUrl\":\"https:\\\/\\\/www.perfectvanwamel.com\\\/wp-content\\\/uploads\\\/2020\\\/04\\\/PERFECT_rotary_mower_LF_1_-removebg.png\",\"datePublished\":\"2020-04-23T05:41:40+00:00\",\"dateModified\":\"2020-10-29T19:04:21+00:00\",\"description\":\"Robuste faucheuse rotative pour la fruiticulture et la viticulture. Gr\u00e2ce aux longs patins, il est possible d\u2019atteindre une grande vitesse d\u2019avancement\",\"breadcrumb\":{\"@id\":\"https:\\\/\\\/www.perfectvanwamel.com\\\/fr\\\/produit\\\/faucheuse-serie-lf\\\/#breadcrumb\"},\"inLanguage\":\"fr-FR\",\"potentialAction\":[{\"@type\":\"ReadAction\",\"target\":[\"https:\\\/\\\/www.perfectvanwamel.com\\\/fr\\\/produit\\\/faucheuse-serie-lf\\\/\"]}]},{\"@type\":\"ImageObject\",\"inLanguage\":\"fr-FR\",\"@id\":\"https:\\\/\\\/www.perfectvanwamel.com\\\/fr\\\/produit\\\/faucheuse-serie-lf\\\/#primaryimage\",\"url\":\"https:\\\/\\\/www.perfectvanwamel.com\\\/wp-content\\\/uploads\\\/2020\\\/04\\\/PERFECT_rotary_mower_LF_1_-removebg.png\",\"contentUrl\":\"https:\\\/\\\/www.perfectvanwamel.com\\\/wp-content\\\/uploads\\\/2020\\\/04\\\/PERFECT_rotary_mower_LF_1_-removebg.png\",\"width\":2000,\"height\":1335},{\"@type\":\"BreadcrumbList\",\"@id\":\"https:\\\/\\\/www.perfectvanwamel.com\\\/fr\\\/produit\\\/faucheuse-serie-lf\\\/#breadcrumb\",\"itemListElement\":[{\"@type\":\"ListItem\",\"position\":1,\"name\":\"Home\",\"item\":\"https:\\\/\\\/staging.perfectvanwamel.com\\\/fr\\\/\"},{\"@type\":\"ListItem\",\"position\":2,\"name\":\"Produits\",\"item\":\"https:\\\/\\\/www.perfectvanwamel.com\\\/fr\\\/technologie\\\/\"},{\"@type\":\"ListItem\",\"position\":3,\"name\":\"Faucheuse sur patins, s\u00e9rie LF\"}]},{\"@type\":\"WebSite\",\"@id\":\"https:\\\/\\\/www.perfectvanwamel.com\\\/fr\\\/#website\",\"url\":\"https:\\\/\\\/www.perfectvanwamel.com\\\/fr\\\/\",\"name\":\"PERFECT - Van Wamel\",\"description\":\"\",\"potentialAction\":[{\"@type\":\"SearchAction\",\"target\":{\"@type\":\"EntryPoint\",\"urlTemplate\":\"https:\\\/\\\/www.perfectvanwamel.com\\\/fr\\\/?s={search_term_string}\"},\"query-input\":{\"@type\":\"PropertyValueSpecification\",\"valueRequired\":true,\"valueName\":\"search_term_string\"}}],\"inLanguage\":\"fr-FR\"}]}<\/script>\n<!-- \/ Yoast SEO plugin. -->","yoast_head_json":{"title":"Faucheuse sur patins s\u00e9rie LF - PERFECT - Van Wamel","description":"Robuste faucheuse rotative pour la fruiticulture et la viticulture. Gr\u00e2ce aux longs patins, il est possible d\u2019atteindre une grande vitesse d\u2019avancement","robots":{"index":"index","follow":"follow","max-snippet":"max-snippet:-1","max-image-preview":"max-image-preview:large","max-video-preview":"max-video-preview:-1"},"canonical":"https:\/\/www.perfectvanwamel.com\/fr\/produit\/faucheuse-serie-lf\/","og_locale":"fr_FR","og_type":"article","og_title":"Faucheuse sur patins s\u00e9rie LF - PERFECT - Van Wamel","og_description":"Robuste faucheuse rotative pour la fruiticulture et la viticulture. Gr\u00e2ce aux longs patins, il est possible d\u2019atteindre une grande vitesse d\u2019avancement","og_url":"https:\/\/www.perfectvanwamel.com\/fr\/produit\/faucheuse-serie-lf\/","og_site_name":"PERFECT - Van Wamel","article_modified_time":"2020-10-29T19:04:21+00:00","og_image":[{"width":2000,"height":1335,"url":"https:\/\/staging.perfectvanwamel.com\/wp-content\/uploads\/2020\/04\/PERFECT_rotary_mower_LF_1_-removebg.png","type":"image\/png"}],"twitter_card":"summary_large_image","twitter_misc":{"Dur\u00e9e de lecture estim\u00e9e":"1 minute"},"schema":{"@context":"https:\/\/schema.org","@graph":[{"@type":"WebPage","@id":"https:\/\/www.perfectvanwamel.com\/fr\/produit\/faucheuse-serie-lf\/","url":"https:\/\/www.perfectvanwamel.com\/fr\/produit\/faucheuse-serie-lf\/","name":"Faucheuse sur patins s\u00e9rie LF - PERFECT - Van Wamel","isPartOf":{"@id":"https:\/\/www.perfectvanwamel.com\/fr\/#website"},"primaryImageOfPage":{"@id":"https:\/\/www.perfectvanwamel.com\/fr\/produit\/faucheuse-serie-lf\/#primaryimage"},"image":{"@id":"https:\/\/www.perfectvanwamel.com\/fr\/produit\/faucheuse-serie-lf\/#primaryimage"},"thumbnailUrl":"https:\/\/www.perfectvanwamel.com\/wp-content\/uploads\/2020\/04\/PERFECT_rotary_mower_LF_1_-removebg.png","datePublished":"2020-04-23T05:41:40+00:00","dateModified":"2020-10-29T19:04:21+00:00","description":"Robuste faucheuse rotative pour la fruiticulture et la viticulture. Gr\u00e2ce aux longs patins, il est possible d\u2019atteindre une grande vitesse d\u2019avancement","breadcrumb":{"@id":"https:\/\/www.perfectvanwamel.com\/fr\/produit\/faucheuse-serie-lf\/#breadcrumb"},"inLanguage":"fr-FR","potentialAction":[{"@type":"ReadAction","target":["https:\/\/www.perfectvanwamel.com\/fr\/produit\/faucheuse-serie-lf\/"]}]},{"@type":"ImageObject","inLanguage":"fr-FR","@id":"https:\/\/www.perfectvanwamel.com\/fr\/produit\/faucheuse-serie-lf\/#primaryimage","url":"https:\/\/www.perfectvanwamel.com\/wp-content\/uploads\/2020\/04\/PERFECT_rotary_mower_LF_1_-removebg.png","contentUrl":"https:\/\/www.perfectvanwamel.com\/wp-content\/uploads\/2020\/04\/PERFECT_rotary_mower_LF_1_-removebg.png","width":2000,"height":1335},{"@type":"BreadcrumbList","@id":"https:\/\/www.perfectvanwamel.com\/fr\/produit\/faucheuse-serie-lf\/#breadcrumb","itemListElement":[{"@type":"ListItem","position":1,"name":"Home","item":"https:\/\/staging.perfectvanwamel.com\/fr\/"},{"@type":"ListItem","position":2,"name":"Produits","item":"https:\/\/www.perfectvanwamel.com\/fr\/technologie\/"},{"@type":"ListItem","position":3,"name":"Faucheuse sur patins, s\u00e9rie LF"}]},{"@type":"WebSite","@id":"https:\/\/www.perfectvanwamel.com\/fr\/#website","url":"https:\/\/www.perfectvanwamel.com\/fr\/","name":"PERFECT - Van Wamel","description":"","potentialAction":[{"@type":"SearchAction","target":{"@type":"EntryPoint","urlTemplate":"https:\/\/www.perfectvanwamel.com\/fr\/?s={search_term_string}"},"query-input":{"@type":"PropertyValueSpecification","valueRequired":true,"valueName":"search_term_string"}}],"inLanguage":"fr-FR"}]}},"_links":{"self":[{"href":"https:\/\/www.perfectvanwamel.com\/fr\/wp-json\/wp\/v2\/product\/6437","targetHints":{"allow":["GET"]}}],"collection":[{"href":"https:\/\/www.perfectvanwamel.com\/fr\/wp-json\/wp\/v2\/product"}],"about":[{"href":"https:\/\/www.perfectvanwamel.com\/fr\/wp-json\/wp\/v2\/types\/product"}],"wp:featuredmedia":[{"embeddable":true,"href":"https:\/\/www.perfectvanwamel.com\/fr\/wp-json\/wp\/v2\/media\/3359"}],"wp:attachment":[{"href":"https:\/\/www.perfectvanwamel.com\/fr\/wp-json\/wp\/v2\/media?parent=6437"}],"wp:term":[{"taxonomy":"product_brand","embeddable":true,"href":"https:\/\/www.perfectvanwamel.com\/fr\/wp-json\/wp\/v2\/product_brand?post=6437"},{"taxonomy":"product_cat","embeddable":true,"href":"https:\/\/www.perfectvanwamel.com\/fr\/wp-json\/wp\/v2\/product_cat?post=6437"},{"taxonomy":"product_tag","embeddable":true,"href":"https:\/\/www.perfectvanwamel.com\/fr\/wp-json\/wp\/v2\/product_tag?post=6437"}],"curies":[{"name":"wp","href":"https:\/\/api.w.org\/{rel}","templated":true}]}}