{"id":6438,"date":"2019-12-03T13:02:24","date_gmt":"2019-12-03T12:02:24","guid":{"rendered":"https:\/\/www.perfectvanwamel.com\/product\/faucheuse-serie-lk\/"},"modified":"2019-12-03T13:02:24","modified_gmt":"2019-12-03T12:02:24","slug":"faucheuse-serie-lk","status":"publish","type":"product","link":"https:\/\/www.perfectvanwamel.com\/fr\/produit\/faucheuse-serie-lk\/","title":{"rendered":"Faucheuse \u00e0 grande capacit\u00e9, s\u00e9rie LK"},"content":{"rendered":"<p>Les faucheuses LK pour vergers et vignobles sont entra\u00een\u00e9es via des bo\u00eetes \u00e0 engrenages, ce qui permet de transmettre plus de puissance aux couteaux. Il en r\u00e9sulte une tr\u00e8s grande capacit\u00e9 permettant de faucher ais\u00e9ment les herbes tr\u00e8s hautes mais aussi la v\u00e9g\u00e9tation plus r\u00e9sistante. Cette machine convient donc parfaitement pour les vergers et vignobles n\u00e9cessitant des fauchages moins fr\u00e9quents.<\/p>\n<p>Ces faucheuses rotatives LK industrielles sont disponibles dans diverses largeurs de 1,85 \u00e0 2,75 m\u00e8tres et sont \u00e9quip\u00e9es en s\u00e9rie d\u2019une prise de force avec d\u00e9brayage de surcharge pour prot\u00e9ger l\u2019entra\u00eenement.<\/p>\n<p>Pour suivre les contours du sol de fa\u00e7on optimale, cette faucheuse LK peut \u00eatre \u00e9quip\u00e9e d\u2019un rouleau.<\/p>\n","protected":false},"excerpt":{"rendered":"<p>Faucheuse \u00e0 grande capacit\u00e9, convient parfaitement pour l\u2019herbe haute et la v\u00e9g\u00e9tation plus dure.<br \/>\nGrande vitesse gr\u00e2ce aux longs patins.<\/p>\n","protected":false},"featured_media":3365,"template":"","meta":{"_acf_changed":false},"product_brand":[],"product_cat":[1826],"product_tag":[],"class_list":{"0":"post-6438","1":"product","2":"type-product","3":"status-publish","4":"has-post-thumbnail","6":"product_cat-faucheuses-arboricoles","7":"pa_aantal-maaimessen-2-fr","8":"pa_aantal-maaimessen-3-fr","9":"pa_aftakas-opm-37-50-fr","10":"pa_aftakas-opm-41-55-fr","11":"pa_aftakas-opm-45-60-fr","12":"pa_aftakas-opm-56-75-fr","13":"pa_denkende-schijf-nee-fr","14":"pa_gewicht-kg-470-fr","15":"pa_gewicht-kg-490-fr","16":"pa_gewicht-kg-625-fr","17":"pa_gewicht-kg-700-fr","18":"pa_maaihoogte-cm-4-14-fr","19":"pa_max-verstrek-midden-cm-141-fr","20":"pa_max-verstrek-midden-cm-156-fr","21":"pa_max-verstrek-midden-cm-171-fr","22":"pa_max-verstrek-midden-cm-186-fr","23":"pa_transportbreedte-cm-195-fr","24":"pa_transportbreedte-cm-225-fr","25":"pa_transportbreedte-cm-255-fr","26":"pa_transportbreedte-cm-285-fr","27":"pa_werkbreedte-cm-185-fr","28":"pa_werkbreedte-cm-215-fr","29":"pa_werkbreedte-cm-245-fr","30":"pa_werkbreedte-cm-275-fr","32":"first","33":"instock","34":"shipping-taxable","35":"product-type-simple"},"acf":[],"yoast_head":"<!-- This site is optimized with the Yoast SEO plugin v27.5 - https:\/\/yoast.com\/product\/yoast-seo-wordpress\/ -->\n<title>Faucheuse \u00e0 grande capacit\u00e9, s\u00e9rie LK - PERFECT - Van Wamel<\/title>\n<meta name=\"robots\" content=\"index, follow, max-snippet:-1, max-image-preview:large, max-video-preview:-1\" \/>\n<link rel=\"canonical\" href=\"https:\/\/www.perfectvanwamel.com\/fr\/produit\/faucheuse-serie-lk\/\" \/>\n<meta property=\"og:locale\" content=\"fr_FR\" \/>\n<meta property=\"og:type\" content=\"article\" \/>\n<meta property=\"og:title\" content=\"Faucheuse \u00e0 grande capacit\u00e9, s\u00e9rie LK - PERFECT - Van Wamel\" \/>\n<meta property=\"og:description\" content=\"Faucheuse \u00e0 grande capacit\u00e9, convient parfaitement pour l\u2019herbe haute et la v\u00e9g\u00e9tation plus dure. Grande vitesse gr\u00e2ce aux longs patins.\" \/>\n<meta property=\"og:url\" content=\"https:\/\/www.perfectvanwamel.com\/fr\/produit\/faucheuse-serie-lk\/\" \/>\n<meta property=\"og:site_name\" content=\"PERFECT - Van Wamel\" \/>\n<meta property=\"og:image\" content=\"https:\/\/staging.perfectvanwamel.com\/wp-content\/uploads\/2019\/12\/PERFECT_rotary_mower_LK-245_blanc-1024x766.jpg\" \/>\n\t<meta property=\"og:image:width\" content=\"1024\" \/>\n\t<meta property=\"og:image:height\" content=\"766\" \/>\n\t<meta property=\"og:image:type\" content=\"image\/jpeg\" \/>\n<meta name=\"twitter:card\" content=\"summary_large_image\" \/>\n<meta name=\"twitter:label1\" content=\"Dur\u00e9e de lecture estim\u00e9e\" \/>\n\t<meta name=\"twitter:data1\" content=\"1 minute\" \/>\n<script type=\"application\/ld+json\" class=\"yoast-schema-graph\">{\"@context\":\"https:\\\/\\\/schema.org\",\"@graph\":[{\"@type\":\"WebPage\",\"@id\":\"https:\\\/\\\/www.perfectvanwamel.com\\\/fr\\\/produit\\\/faucheuse-serie-lk\\\/\",\"url\":\"https:\\\/\\\/www.perfectvanwamel.com\\\/fr\\\/produit\\\/faucheuse-serie-lk\\\/\",\"name\":\"Faucheuse \u00e0 grande capacit\u00e9, s\u00e9rie LK - PERFECT - Van Wamel\",\"isPartOf\":{\"@id\":\"https:\\\/\\\/www.perfectvanwamel.com\\\/fr\\\/#website\"},\"primaryImageOfPage\":{\"@id\":\"https:\\\/\\\/www.perfectvanwamel.com\\\/fr\\\/produit\\\/faucheuse-serie-lk\\\/#primaryimage\"},\"image\":{\"@id\":\"https:\\\/\\\/www.perfectvanwamel.com\\\/fr\\\/produit\\\/faucheuse-serie-lk\\\/#primaryimage\"},\"thumbnailUrl\":\"https:\\\/\\\/www.perfectvanwamel.com\\\/wp-content\\\/uploads\\\/2019\\\/12\\\/PERFECT_rotary_mower_LK-245_blanc.jpg\",\"datePublished\":\"2019-12-03T12:02:24+00:00\",\"breadcrumb\":{\"@id\":\"https:\\\/\\\/www.perfectvanwamel.com\\\/fr\\\/produit\\\/faucheuse-serie-lk\\\/#breadcrumb\"},\"inLanguage\":\"fr-FR\",\"potentialAction\":[{\"@type\":\"ReadAction\",\"target\":[\"https:\\\/\\\/www.perfectvanwamel.com\\\/fr\\\/produit\\\/faucheuse-serie-lk\\\/\"]}]},{\"@type\":\"ImageObject\",\"inLanguage\":\"fr-FR\",\"@id\":\"https:\\\/\\\/www.perfectvanwamel.com\\\/fr\\\/produit\\\/faucheuse-serie-lk\\\/#primaryimage\",\"url\":\"https:\\\/\\\/www.perfectvanwamel.com\\\/wp-content\\\/uploads\\\/2019\\\/12\\\/PERFECT_rotary_mower_LK-245_blanc.jpg\",\"contentUrl\":\"https:\\\/\\\/www.perfectvanwamel.com\\\/wp-content\\\/uploads\\\/2019\\\/12\\\/PERFECT_rotary_mower_LK-245_blanc.jpg\",\"width\":2288,\"height\":1712},{\"@type\":\"BreadcrumbList\",\"@id\":\"https:\\\/\\\/www.perfectvanwamel.com\\\/fr\\\/produit\\\/faucheuse-serie-lk\\\/#breadcrumb\",\"itemListElement\":[{\"@type\":\"ListItem\",\"position\":1,\"name\":\"Home\",\"item\":\"https:\\\/\\\/staging.perfectvanwamel.com\\\/fr\\\/\"},{\"@type\":\"ListItem\",\"position\":2,\"name\":\"Produits\",\"item\":\"https:\\\/\\\/www.perfectvanwamel.com\\\/fr\\\/technologie\\\/\"},{\"@type\":\"ListItem\",\"position\":3,\"name\":\"Faucheuse \u00e0 grande capacit\u00e9, s\u00e9rie LK\"}]},{\"@type\":\"WebSite\",\"@id\":\"https:\\\/\\\/www.perfectvanwamel.com\\\/fr\\\/#website\",\"url\":\"https:\\\/\\\/www.perfectvanwamel.com\\\/fr\\\/\",\"name\":\"PERFECT - Van Wamel\",\"description\":\"\",\"potentialAction\":[{\"@type\":\"SearchAction\",\"target\":{\"@type\":\"EntryPoint\",\"urlTemplate\":\"https:\\\/\\\/www.perfectvanwamel.com\\\/fr\\\/?s={search_term_string}\"},\"query-input\":{\"@type\":\"PropertyValueSpecification\",\"valueRequired\":true,\"valueName\":\"search_term_string\"}}],\"inLanguage\":\"fr-FR\"}]}<\/script>\n<!-- \/ Yoast SEO plugin. -->","yoast_head_json":{"title":"Faucheuse \u00e0 grande capacit\u00e9, s\u00e9rie LK - PERFECT - Van Wamel","robots":{"index":"index","follow":"follow","max-snippet":"max-snippet:-1","max-image-preview":"max-image-preview:large","max-video-preview":"max-video-preview:-1"},"canonical":"https:\/\/www.perfectvanwamel.com\/fr\/produit\/faucheuse-serie-lk\/","og_locale":"fr_FR","og_type":"article","og_title":"Faucheuse \u00e0 grande capacit\u00e9, s\u00e9rie LK - PERFECT - Van Wamel","og_description":"Faucheuse \u00e0 grande capacit\u00e9, convient parfaitement pour l\u2019herbe haute et la v\u00e9g\u00e9tation plus dure. Grande vitesse gr\u00e2ce aux longs patins.","og_url":"https:\/\/www.perfectvanwamel.com\/fr\/produit\/faucheuse-serie-lk\/","og_site_name":"PERFECT - Van Wamel","og_image":[{"width":1024,"height":766,"url":"https:\/\/staging.perfectvanwamel.com\/wp-content\/uploads\/2019\/12\/PERFECT_rotary_mower_LK-245_blanc-1024x766.jpg","type":"image\/jpeg"}],"twitter_card":"summary_large_image","twitter_misc":{"Dur\u00e9e de lecture estim\u00e9e":"1 minute"},"schema":{"@context":"https:\/\/schema.org","@graph":[{"@type":"WebPage","@id":"https:\/\/www.perfectvanwamel.com\/fr\/produit\/faucheuse-serie-lk\/","url":"https:\/\/www.perfectvanwamel.com\/fr\/produit\/faucheuse-serie-lk\/","name":"Faucheuse \u00e0 grande capacit\u00e9, s\u00e9rie LK - PERFECT - Van Wamel","isPartOf":{"@id":"https:\/\/www.perfectvanwamel.com\/fr\/#website"},"primaryImageOfPage":{"@id":"https:\/\/www.perfectvanwamel.com\/fr\/produit\/faucheuse-serie-lk\/#primaryimage"},"image":{"@id":"https:\/\/www.perfectvanwamel.com\/fr\/produit\/faucheuse-serie-lk\/#primaryimage"},"thumbnailUrl":"https:\/\/www.perfectvanwamel.com\/wp-content\/uploads\/2019\/12\/PERFECT_rotary_mower_LK-245_blanc.jpg","datePublished":"2019-12-03T12:02:24+00:00","breadcrumb":{"@id":"https:\/\/www.perfectvanwamel.com\/fr\/produit\/faucheuse-serie-lk\/#breadcrumb"},"inLanguage":"fr-FR","potentialAction":[{"@type":"ReadAction","target":["https:\/\/www.perfectvanwamel.com\/fr\/produit\/faucheuse-serie-lk\/"]}]},{"@type":"ImageObject","inLanguage":"fr-FR","@id":"https:\/\/www.perfectvanwamel.com\/fr\/produit\/faucheuse-serie-lk\/#primaryimage","url":"https:\/\/www.perfectvanwamel.com\/wp-content\/uploads\/2019\/12\/PERFECT_rotary_mower_LK-245_blanc.jpg","contentUrl":"https:\/\/www.perfectvanwamel.com\/wp-content\/uploads\/2019\/12\/PERFECT_rotary_mower_LK-245_blanc.jpg","width":2288,"height":1712},{"@type":"BreadcrumbList","@id":"https:\/\/www.perfectvanwamel.com\/fr\/produit\/faucheuse-serie-lk\/#breadcrumb","itemListElement":[{"@type":"ListItem","position":1,"name":"Home","item":"https:\/\/staging.perfectvanwamel.com\/fr\/"},{"@type":"ListItem","position":2,"name":"Produits","item":"https:\/\/www.perfectvanwamel.com\/fr\/technologie\/"},{"@type":"ListItem","position":3,"name":"Faucheuse \u00e0 grande capacit\u00e9, s\u00e9rie LK"}]},{"@type":"WebSite","@id":"https:\/\/www.perfectvanwamel.com\/fr\/#website","url":"https:\/\/www.perfectvanwamel.com\/fr\/","name":"PERFECT - Van Wamel","description":"","potentialAction":[{"@type":"SearchAction","target":{"@type":"EntryPoint","urlTemplate":"https:\/\/www.perfectvanwamel.com\/fr\/?s={search_term_string}"},"query-input":{"@type":"PropertyValueSpecification","valueRequired":true,"valueName":"search_term_string"}}],"inLanguage":"fr-FR"}]}},"_links":{"self":[{"href":"https:\/\/www.perfectvanwamel.com\/fr\/wp-json\/wp\/v2\/product\/6438","targetHints":{"allow":["GET"]}}],"collection":[{"href":"https:\/\/www.perfectvanwamel.com\/fr\/wp-json\/wp\/v2\/product"}],"about":[{"href":"https:\/\/www.perfectvanwamel.com\/fr\/wp-json\/wp\/v2\/types\/product"}],"wp:featuredmedia":[{"embeddable":true,"href":"https:\/\/www.perfectvanwamel.com\/fr\/wp-json\/wp\/v2\/media\/3365"}],"wp:attachment":[{"href":"https:\/\/www.perfectvanwamel.com\/fr\/wp-json\/wp\/v2\/media?parent=6438"}],"wp:term":[{"taxonomy":"product_brand","embeddable":true,"href":"https:\/\/www.perfectvanwamel.com\/fr\/wp-json\/wp\/v2\/product_brand?post=6438"},{"taxonomy":"product_cat","embeddable":true,"href":"https:\/\/www.perfectvanwamel.com\/fr\/wp-json\/wp\/v2\/product_cat?post=6438"},{"taxonomy":"product_tag","embeddable":true,"href":"https:\/\/www.perfectvanwamel.com\/fr\/wp-json\/wp\/v2\/product_tag?post=6438"}],"curies":[{"name":"wp","href":"https:\/\/api.w.org\/{rel}","templated":true}]}}