{"id":6439,"date":"2019-12-03T13:04:02","date_gmt":"2019-12-03T12:04:02","guid":{"rendered":"https:\/\/www.perfectvanwamel.com\/product\/faucheuse-serie-vt\/"},"modified":"2019-12-03T13:04:02","modified_gmt":"2019-12-03T12:04:02","slug":"faucheuse-serie-vt","status":"publish","type":"product","link":"https:\/\/www.perfectvanwamel.com\/fr\/produit\/faucheuse-serie-vt\/","title":{"rendered":"Faucheuse rotative, s\u00e9rie VT"},"content":{"rendered":"<p>L\u2019entra\u00eenement direct de la faucheuse rotative PERFECT VT donne encore plus de puissance aux couteaux qu\u2019une faucheuse \u00e0 entra\u00eenement par courroie trap\u00e9zo\u00efdale. Il en r\u00e9sulte une tr\u00e8s grande capacit\u00e9 et un magnifique r\u00e9sultat de la fauche. Pour \u00e9viter la surcharge de l\u2019entra\u00eenement, les faucheuses VT sont livr\u00e9es en s\u00e9rie avec une prise de force dot\u00e9e d\u2019une roue libre et d\u2019un d\u00e9brayage de surcharge.<\/p>\n<p>Il existe quatre mod\u00e8les de faucheuses VT avec des largeurs de travail de 1,15 \u00e0 2,60 m\u00e8tres.<\/p>\n<p>Les faucheuses VT sont \u00e9quip\u00e9es en s\u00e9rie de deux roues en acier \u00e0 l\u2019avant et un rouleau \u00e0 l\u2019arri\u00e8re. Pour les terrains plus difficiles et pour plus de vitesse, les faucheuses VT-225 et VT-260 peuvent \u00eatre \u00e9quip\u00e9es de roues en caoutchouc plein et\/ou d\u2019un double rouleau.<\/p>\n","protected":false},"excerpt":{"rendered":"<p>Faucheuse r\u00e9glable pour bergers \/ vignobles \/ arbustes \u00e0 baies \u00e9quip\u00e9e d\u2019un entra\u00eenement \u00e0 bo\u00eete \u00e0 engrenages ; convient parfaitement pour faucher l\u2019herbe haute. La largeur de travail r\u00e9glable permet de faucher plus pr\u00e8s de l\u2019arbre. D\u00e9charge lat\u00e9rale pour r\u00e9pandre le produit de la fauche dans la rang\u00e9e.<\/p>\n","protected":false},"featured_media":3405,"template":"","meta":{"_acf_changed":false},"product_brand":[],"product_cat":[1826],"product_tag":[],"class_list":{"0":"post-6439","1":"product","2":"type-product","3":"status-publish","4":"has-post-thumbnail","6":"product_cat-faucheuses-arboricoles","7":"pa_aantal-maaimessen-2-fr","8":"pa_denkende-schijf-nee-fr","9":"pa_gewicht-kg-450-fr","10":"pa_gewicht-kg-460-fr","11":"pa_gewicht-kg-640-fr","12":"pa_gewicht-kg-700-fr","13":"pa_maaihoogte-cm-4-9-fr","14":"pa_min-benodigd-vermogen-kw-pk-18-25-fr-2","15":"pa_min-benodigd-vermogen-kw-pk-25-35-fr","16":"pa_min-benodigd-vermogen-kw-pk-45-60-fr","17":"pa_transportbreedte-cm-118-fr","18":"pa_transportbreedte-cm-136-fr","19":"pa_transportbreedte-cm-168-fr","20":"pa_transportbreedte-cm-193-fr","21":"pa_werkbreedte-max-145-fr","22":"pa_werkbreedte-max-180-fr","23":"pa_werkbreedte-max-225-fr","24":"pa_werkbreedte-max-260-fr","25":"pa_werkbreedte-max-280-fr","26":"pa_werkbreedte-min-115-fr","27":"pa_werkbreedte-min-133-fr","28":"pa_werkbreedte-min-165-fr","29":"pa_werkbreedte-min-190-fr","31":"first","32":"instock","33":"shipping-taxable","34":"product-type-simple"},"acf":[],"yoast_head":"<!-- This site is optimized with the Yoast SEO plugin v27.4 - https:\/\/yoast.com\/product\/yoast-seo-wordpress\/ -->\n<title>Faucheuse rotative, s\u00e9rie VT - PERFECT - Van Wamel<\/title>\n<meta name=\"robots\" content=\"index, follow, max-snippet:-1, max-image-preview:large, max-video-preview:-1\" \/>\n<link rel=\"canonical\" href=\"https:\/\/www.perfectvanwamel.com\/fr\/produit\/faucheuse-serie-vt\/\" \/>\n<meta property=\"og:locale\" content=\"fr_FR\" \/>\n<meta property=\"og:type\" content=\"article\" \/>\n<meta property=\"og:title\" content=\"Faucheuse rotative, s\u00e9rie VT - PERFECT - Van Wamel\" \/>\n<meta property=\"og:description\" content=\"Faucheuse r\u00e9glable pour bergers \/ vignobles \/ arbustes \u00e0 baies \u00e9quip\u00e9e d\u2019un entra\u00eenement \u00e0 bo\u00eete \u00e0 engrenages ; convient parfaitement pour faucher l\u2019herbe haute. La largeur de travail r\u00e9glable permet de faucher plus pr\u00e8s de l\u2019arbre. D\u00e9charge lat\u00e9rale pour r\u00e9pandre le produit de la fauche dans la rang\u00e9e.\" \/>\n<meta property=\"og:url\" content=\"https:\/\/www.perfectvanwamel.com\/fr\/produit\/faucheuse-serie-vt\/\" \/>\n<meta property=\"og:site_name\" content=\"PERFECT - Van Wamel\" \/>\n<meta property=\"og:image\" content=\"https:\/\/staging.perfectvanwamel.com\/wp-content\/uploads\/2019\/12\/PERFECT_rotary_mower_VT_blanc.png\" \/>\n\t<meta property=\"og:image:width\" content=\"1413\" \/>\n\t<meta property=\"og:image:height\" content=\"1012\" \/>\n\t<meta property=\"og:image:type\" content=\"image\/png\" \/>\n<meta name=\"twitter:card\" content=\"summary_large_image\" \/>\n<meta name=\"twitter:label1\" content=\"Dur\u00e9e de lecture estim\u00e9e\" \/>\n\t<meta name=\"twitter:data1\" content=\"1 minute\" \/>\n<script type=\"application\/ld+json\" class=\"yoast-schema-graph\">{\"@context\":\"https:\\\/\\\/schema.org\",\"@graph\":[{\"@type\":\"WebPage\",\"@id\":\"https:\\\/\\\/www.perfectvanwamel.com\\\/fr\\\/produit\\\/faucheuse-serie-vt\\\/\",\"url\":\"https:\\\/\\\/www.perfectvanwamel.com\\\/fr\\\/produit\\\/faucheuse-serie-vt\\\/\",\"name\":\"Faucheuse rotative, s\u00e9rie VT - PERFECT - Van Wamel\",\"isPartOf\":{\"@id\":\"https:\\\/\\\/www.perfectvanwamel.com\\\/fr\\\/#website\"},\"primaryImageOfPage\":{\"@id\":\"https:\\\/\\\/www.perfectvanwamel.com\\\/fr\\\/produit\\\/faucheuse-serie-vt\\\/#primaryimage\"},\"image\":{\"@id\":\"https:\\\/\\\/www.perfectvanwamel.com\\\/fr\\\/produit\\\/faucheuse-serie-vt\\\/#primaryimage\"},\"thumbnailUrl\":\"https:\\\/\\\/www.perfectvanwamel.com\\\/wp-content\\\/uploads\\\/2019\\\/12\\\/PERFECT_rotary_mower_VT_blanc.png\",\"datePublished\":\"2019-12-03T12:04:02+00:00\",\"breadcrumb\":{\"@id\":\"https:\\\/\\\/www.perfectvanwamel.com\\\/fr\\\/produit\\\/faucheuse-serie-vt\\\/#breadcrumb\"},\"inLanguage\":\"fr-FR\",\"potentialAction\":[{\"@type\":\"ReadAction\",\"target\":[\"https:\\\/\\\/www.perfectvanwamel.com\\\/fr\\\/produit\\\/faucheuse-serie-vt\\\/\"]}]},{\"@type\":\"ImageObject\",\"inLanguage\":\"fr-FR\",\"@id\":\"https:\\\/\\\/www.perfectvanwamel.com\\\/fr\\\/produit\\\/faucheuse-serie-vt\\\/#primaryimage\",\"url\":\"https:\\\/\\\/www.perfectvanwamel.com\\\/wp-content\\\/uploads\\\/2019\\\/12\\\/PERFECT_rotary_mower_VT_blanc.png\",\"contentUrl\":\"https:\\\/\\\/www.perfectvanwamel.com\\\/wp-content\\\/uploads\\\/2019\\\/12\\\/PERFECT_rotary_mower_VT_blanc.png\",\"width\":1413,\"height\":1012},{\"@type\":\"BreadcrumbList\",\"@id\":\"https:\\\/\\\/www.perfectvanwamel.com\\\/fr\\\/produit\\\/faucheuse-serie-vt\\\/#breadcrumb\",\"itemListElement\":[{\"@type\":\"ListItem\",\"position\":1,\"name\":\"Home\",\"item\":\"https:\\\/\\\/staging.perfectvanwamel.com\\\/fr\\\/\"},{\"@type\":\"ListItem\",\"position\":2,\"name\":\"Technologie\",\"item\":\"https:\\\/\\\/staging.perfectvanwamel.com\\\/fr\\\/technologie\\\/\"},{\"@type\":\"ListItem\",\"position\":3,\"name\":\"Faucheuse rotative, s\u00e9rie VT\"}]},{\"@type\":\"WebSite\",\"@id\":\"https:\\\/\\\/www.perfectvanwamel.com\\\/fr\\\/#website\",\"url\":\"https:\\\/\\\/www.perfectvanwamel.com\\\/fr\\\/\",\"name\":\"PERFECT - Van Wamel\",\"description\":\"\",\"potentialAction\":[{\"@type\":\"SearchAction\",\"target\":{\"@type\":\"EntryPoint\",\"urlTemplate\":\"https:\\\/\\\/www.perfectvanwamel.com\\\/fr\\\/?s={search_term_string}\"},\"query-input\":{\"@type\":\"PropertyValueSpecification\",\"valueRequired\":true,\"valueName\":\"search_term_string\"}}],\"inLanguage\":\"fr-FR\"}]}<\/script>\n<!-- \/ Yoast SEO plugin. -->","yoast_head_json":{"title":"Faucheuse rotative, s\u00e9rie VT - PERFECT - Van Wamel","robots":{"index":"index","follow":"follow","max-snippet":"max-snippet:-1","max-image-preview":"max-image-preview:large","max-video-preview":"max-video-preview:-1"},"canonical":"https:\/\/www.perfectvanwamel.com\/fr\/produit\/faucheuse-serie-vt\/","og_locale":"fr_FR","og_type":"article","og_title":"Faucheuse rotative, s\u00e9rie VT - PERFECT - Van Wamel","og_description":"Faucheuse r\u00e9glable pour bergers \/ vignobles \/ arbustes \u00e0 baies \u00e9quip\u00e9e d\u2019un entra\u00eenement \u00e0 bo\u00eete \u00e0 engrenages ; convient parfaitement pour faucher l\u2019herbe haute. La largeur de travail r\u00e9glable permet de faucher plus pr\u00e8s de l\u2019arbre. D\u00e9charge lat\u00e9rale pour r\u00e9pandre le produit de la fauche dans la rang\u00e9e.","og_url":"https:\/\/www.perfectvanwamel.com\/fr\/produit\/faucheuse-serie-vt\/","og_site_name":"PERFECT - Van Wamel","og_image":[{"width":1413,"height":1012,"url":"https:\/\/staging.perfectvanwamel.com\/wp-content\/uploads\/2019\/12\/PERFECT_rotary_mower_VT_blanc.png","type":"image\/png"}],"twitter_card":"summary_large_image","twitter_misc":{"Dur\u00e9e de lecture estim\u00e9e":"1 minute"},"schema":{"@context":"https:\/\/schema.org","@graph":[{"@type":"WebPage","@id":"https:\/\/www.perfectvanwamel.com\/fr\/produit\/faucheuse-serie-vt\/","url":"https:\/\/www.perfectvanwamel.com\/fr\/produit\/faucheuse-serie-vt\/","name":"Faucheuse rotative, s\u00e9rie VT - PERFECT - Van Wamel","isPartOf":{"@id":"https:\/\/www.perfectvanwamel.com\/fr\/#website"},"primaryImageOfPage":{"@id":"https:\/\/www.perfectvanwamel.com\/fr\/produit\/faucheuse-serie-vt\/#primaryimage"},"image":{"@id":"https:\/\/www.perfectvanwamel.com\/fr\/produit\/faucheuse-serie-vt\/#primaryimage"},"thumbnailUrl":"https:\/\/www.perfectvanwamel.com\/wp-content\/uploads\/2019\/12\/PERFECT_rotary_mower_VT_blanc.png","datePublished":"2019-12-03T12:04:02+00:00","breadcrumb":{"@id":"https:\/\/www.perfectvanwamel.com\/fr\/produit\/faucheuse-serie-vt\/#breadcrumb"},"inLanguage":"fr-FR","potentialAction":[{"@type":"ReadAction","target":["https:\/\/www.perfectvanwamel.com\/fr\/produit\/faucheuse-serie-vt\/"]}]},{"@type":"ImageObject","inLanguage":"fr-FR","@id":"https:\/\/www.perfectvanwamel.com\/fr\/produit\/faucheuse-serie-vt\/#primaryimage","url":"https:\/\/www.perfectvanwamel.com\/wp-content\/uploads\/2019\/12\/PERFECT_rotary_mower_VT_blanc.png","contentUrl":"https:\/\/www.perfectvanwamel.com\/wp-content\/uploads\/2019\/12\/PERFECT_rotary_mower_VT_blanc.png","width":1413,"height":1012},{"@type":"BreadcrumbList","@id":"https:\/\/www.perfectvanwamel.com\/fr\/produit\/faucheuse-serie-vt\/#breadcrumb","itemListElement":[{"@type":"ListItem","position":1,"name":"Home","item":"https:\/\/staging.perfectvanwamel.com\/fr\/"},{"@type":"ListItem","position":2,"name":"Technologie","item":"https:\/\/staging.perfectvanwamel.com\/fr\/technologie\/"},{"@type":"ListItem","position":3,"name":"Faucheuse rotative, s\u00e9rie VT"}]},{"@type":"WebSite","@id":"https:\/\/www.perfectvanwamel.com\/fr\/#website","url":"https:\/\/www.perfectvanwamel.com\/fr\/","name":"PERFECT - Van Wamel","description":"","potentialAction":[{"@type":"SearchAction","target":{"@type":"EntryPoint","urlTemplate":"https:\/\/www.perfectvanwamel.com\/fr\/?s={search_term_string}"},"query-input":{"@type":"PropertyValueSpecification","valueRequired":true,"valueName":"search_term_string"}}],"inLanguage":"fr-FR"}]}},"_links":{"self":[{"href":"https:\/\/www.perfectvanwamel.com\/fr\/wp-json\/wp\/v2\/product\/6439","targetHints":{"allow":["GET"]}}],"collection":[{"href":"https:\/\/www.perfectvanwamel.com\/fr\/wp-json\/wp\/v2\/product"}],"about":[{"href":"https:\/\/www.perfectvanwamel.com\/fr\/wp-json\/wp\/v2\/types\/product"}],"wp:featuredmedia":[{"embeddable":true,"href":"https:\/\/www.perfectvanwamel.com\/fr\/wp-json\/wp\/v2\/media\/3405"}],"wp:attachment":[{"href":"https:\/\/www.perfectvanwamel.com\/fr\/wp-json\/wp\/v2\/media?parent=6439"}],"wp:term":[{"taxonomy":"product_brand","embeddable":true,"href":"https:\/\/www.perfectvanwamel.com\/fr\/wp-json\/wp\/v2\/product_brand?post=6439"},{"taxonomy":"product_cat","embeddable":true,"href":"https:\/\/www.perfectvanwamel.com\/fr\/wp-json\/wp\/v2\/product_cat?post=6439"},{"taxonomy":"product_tag","embeddable":true,"href":"https:\/\/www.perfectvanwamel.com\/fr\/wp-json\/wp\/v2\/product_tag?post=6439"}],"curies":[{"name":"wp","href":"https:\/\/api.w.org\/{rel}","templated":true}]}}