{"id":6445,"date":"2019-12-03T13:03:47","date_gmt":"2019-12-03T12:03:47","guid":{"rendered":"https:\/\/www.perfectvanwamel.com\/product\/faucheuse-serie-rf\/"},"modified":"2020-10-29T10:55:20","modified_gmt":"2020-10-29T09:55:20","slug":"faucheuse-serie-rf","status":"publish","type":"product","link":"https:\/\/www.perfectvanwamel.com\/fr\/produit\/faucheuse-serie-rf\/","title":{"rendered":"Faucheuse \u00e0 verger pour tondre autour des arbres, s\u00e9rie RF"},"content":{"rendered":"<h2>Pour faucher dans la rang\u00e9e d\u2019arbres \/ autour d\u2019obstacles<\/h2>\n<p>La faucheuse rotative RF a sp\u00e9cialement \u00e9t\u00e9 con\u00e7ue pour pouvoir faucher loin du tracteur et dans la rang\u00e9e d\u2019arbres. Le cadre bas, sp\u00e9cial pour la fruiticulture, permet de faucher sans probl\u00e8me sous les branches basses des arbres.<\/p>\n<p>Cette faucheuse pour vergers jouit d\u2019une excellente r\u00e9putation en raison de sa fiabilit\u00e9, de sa capacit\u00e9 et de sa longue dur\u00e9e de vie. La fiabilit\u00e9 du m\u00e9canisme de pivotement du disque vient du fait que cette partie de la construction (tout comme l\u2019ensemble de la machine) est enti\u00e8rement produite en propre r\u00e9gie par PERFECT-Van Wamel.<\/p>\n<p>Gr\u00e2ce \u00e0 la robuste bo\u00eete \u00e0 engrenages et \u00e0 la tension automatique de la ou des courroies trap\u00e9zo\u00efdales, la faucheuse rotative RF dispose d\u2019une tr\u00e8s grande capacit\u00e9, m\u00eame dans les herbes hautes. L\u2019herbe est r\u00e9pandue sur toute la surface fauch\u00e9e.<\/p>\n<p>Gr\u00e2ce \u00e0 un m\u00e9canisme de ressort, le disque se retire en cas de contact avec un arbre ou autre obstacle. Pour travailler dans des parcelles fra\u00eechement plant\u00e9es, la faucheuse RF peut \u00eatre \u00e9quip\u00e9e d\u2019un t\u00e2tonneur hydraulique.<\/p>\n","protected":false},"excerpt":{"rendered":"<p>La faucheuse RF pour vergers est pourvue d\u2019un grand d\u00e9port et d\u2019un robuste disque ; cette combinaison facilite \u00e9norm\u00e9ment la fauche de l\u2019herbe et des mauvaises herbes dans la rang\u00e9e d\u2019arbres ; le grand d\u00e9port veille en outre \u00e0 ce que la fauche puisse aussi \u00eatre r\u00e9alis\u00e9e loin du tracteur.<\/p>\n","protected":false},"featured_media":3369,"template":"","meta":{"_acf_changed":false},"product_brand":[],"product_cat":[1826],"product_tag":[],"class_list":{"0":"post-6445","1":"product","2":"type-product","3":"status-publish","4":"has-post-thumbnail","6":"product_cat-faucheuses-arboricoles","7":"pa_aantal-maaimessen-2-1-fr","8":"pa_aantal-maaimessen-3-1-fr","9":"pa_aantal-maaimessen-4-1-fr","10":"pa_denkende-schijf-ja-fr","11":"pa_diam-zwenkende-schijf-cm-60-fr","12":"pa_diam-zwenkende-schijf-cm-85-fr","13":"pa_gewicht-kg-495-fr","14":"pa_gewicht-kg-600-fr","15":"pa_gewicht-kg-610-fr","16":"pa_gewicht-kg-675-fr","17":"pa_gewicht-kg-715-fr","18":"pa_gewicht-kg-730-fr","19":"pa_lengte-looprol-cm-53-fr","20":"pa_lengte-looprol-cm-95-fr","21":"pa_maaibreedte-cm-220-fr","22":"pa_maaibreedte-cm-270-fr","23":"pa_maaibreedte-cm-300-fr","24":"pa_maaibreedte-cm-325-fr","25":"pa_maaibreedte-cm-340-fr","26":"pa_maaibreedte-cm-365-fr","27":"pa_maaihoogte-cm-4-14-fr","28":"pa_max-verstrek-midden-cm-215-fr","29":"pa_max-verstrek-midden-cm-230-fr","30":"pa_max-verstrek-midden-cm-255-fr","31":"pa_max-verstrek-midden-cm-280-fr","32":"pa_max-verstrek-midden-cm-297-fr","33":"pa_max-verstrek-midden-cm-322-fr","34":"pa_min-benodigd-vermogen-kw-pk-19-25-fr","35":"pa_min-benodigd-vermogen-kw-pk-24-32-fr","36":"pa_min-benodigd-vermogen-kw-pk-27-37-fr","37":"pa_min-benodigd-vermogen-kw-pk-30-41-fr","38":"pa_min-benodigd-vermogen-kw-pk-33-45-fr-2","39":"pa_min-benodigd-vermogen-kw-pk-37-50-fr","41":"first","42":"instock","43":"shipping-taxable","44":"product-type-simple"},"acf":[],"yoast_head":"<!-- This site is optimized with the Yoast SEO plugin v27.4 - https:\/\/yoast.com\/product\/yoast-seo-wordpress\/ -->\n<title>Tondeuse fruiti\u00e8re avec intercep s\u00e9rie RF - PERFECT - Van Wamel<\/title>\n<meta name=\"description\" content=\"Tondeuse fruiti\u00e8re sp\u00e9cialis\u00e9e pour une tonte facile sous et autour des arbres.\" \/>\n<meta name=\"robots\" content=\"index, follow, max-snippet:-1, max-image-preview:large, max-video-preview:-1\" \/>\n<link rel=\"canonical\" href=\"https:\/\/www.perfectvanwamel.com\/fr\/produit\/faucheuse-serie-rf\/\" \/>\n<meta property=\"og:locale\" content=\"fr_FR\" \/>\n<meta property=\"og:type\" content=\"article\" \/>\n<meta property=\"og:title\" content=\"Tondeuse fruiti\u00e8re avec intercep s\u00e9rie RF - PERFECT - Van Wamel\" \/>\n<meta property=\"og:description\" content=\"Tondeuse fruiti\u00e8re sp\u00e9cialis\u00e9e pour une tonte facile sous et autour des arbres.\" \/>\n<meta property=\"og:url\" content=\"https:\/\/www.perfectvanwamel.com\/fr\/produit\/faucheuse-serie-rf\/\" \/>\n<meta property=\"og:site_name\" content=\"PERFECT - Van Wamel\" \/>\n<meta property=\"article:modified_time\" content=\"2020-10-29T09:55:20+00:00\" \/>\n<meta property=\"og:image\" content=\"https:\/\/staging.perfectvanwamel.com\/wp-content\/uploads\/2019\/12\/PERFECT_rotary_mower_RF_3___1_-removebg.png\" \/>\n\t<meta property=\"og:image:width\" content=\"2000\" \/>\n\t<meta property=\"og:image:height\" content=\"1335\" \/>\n\t<meta property=\"og:image:type\" content=\"image\/png\" \/>\n<meta name=\"twitter:card\" content=\"summary_large_image\" \/>\n<meta name=\"twitter:label1\" content=\"Dur\u00e9e de lecture estim\u00e9e\" \/>\n\t<meta name=\"twitter:data1\" content=\"1 minute\" \/>\n<script type=\"application\/ld+json\" class=\"yoast-schema-graph\">{\"@context\":\"https:\\\/\\\/schema.org\",\"@graph\":[{\"@type\":\"WebPage\",\"@id\":\"https:\\\/\\\/www.perfectvanwamel.com\\\/fr\\\/produit\\\/faucheuse-serie-rf\\\/\",\"url\":\"https:\\\/\\\/www.perfectvanwamel.com\\\/fr\\\/produit\\\/faucheuse-serie-rf\\\/\",\"name\":\"Tondeuse fruiti\u00e8re avec intercep s\u00e9rie RF - PERFECT - Van Wamel\",\"isPartOf\":{\"@id\":\"https:\\\/\\\/www.perfectvanwamel.com\\\/fr\\\/#website\"},\"primaryImageOfPage\":{\"@id\":\"https:\\\/\\\/www.perfectvanwamel.com\\\/fr\\\/produit\\\/faucheuse-serie-rf\\\/#primaryimage\"},\"image\":{\"@id\":\"https:\\\/\\\/www.perfectvanwamel.com\\\/fr\\\/produit\\\/faucheuse-serie-rf\\\/#primaryimage\"},\"thumbnailUrl\":\"https:\\\/\\\/www.perfectvanwamel.com\\\/wp-content\\\/uploads\\\/2019\\\/12\\\/PERFECT_rotary_mower_RF_3___1_-removebg.png\",\"datePublished\":\"2019-12-03T12:03:47+00:00\",\"dateModified\":\"2020-10-29T09:55:20+00:00\",\"description\":\"Tondeuse fruiti\u00e8re sp\u00e9cialis\u00e9e pour une tonte facile sous et autour des arbres.\",\"breadcrumb\":{\"@id\":\"https:\\\/\\\/www.perfectvanwamel.com\\\/fr\\\/produit\\\/faucheuse-serie-rf\\\/#breadcrumb\"},\"inLanguage\":\"fr-FR\",\"potentialAction\":[{\"@type\":\"ReadAction\",\"target\":[\"https:\\\/\\\/www.perfectvanwamel.com\\\/fr\\\/produit\\\/faucheuse-serie-rf\\\/\"]}]},{\"@type\":\"ImageObject\",\"inLanguage\":\"fr-FR\",\"@id\":\"https:\\\/\\\/www.perfectvanwamel.com\\\/fr\\\/produit\\\/faucheuse-serie-rf\\\/#primaryimage\",\"url\":\"https:\\\/\\\/www.perfectvanwamel.com\\\/wp-content\\\/uploads\\\/2019\\\/12\\\/PERFECT_rotary_mower_RF_3___1_-removebg.png\",\"contentUrl\":\"https:\\\/\\\/www.perfectvanwamel.com\\\/wp-content\\\/uploads\\\/2019\\\/12\\\/PERFECT_rotary_mower_RF_3___1_-removebg.png\",\"width\":2000,\"height\":1335},{\"@type\":\"BreadcrumbList\",\"@id\":\"https:\\\/\\\/www.perfectvanwamel.com\\\/fr\\\/produit\\\/faucheuse-serie-rf\\\/#breadcrumb\",\"itemListElement\":[{\"@type\":\"ListItem\",\"position\":1,\"name\":\"Home\",\"item\":\"https:\\\/\\\/staging.perfectvanwamel.com\\\/fr\\\/\"},{\"@type\":\"ListItem\",\"position\":2,\"name\":\"Technologie\",\"item\":\"https:\\\/\\\/staging.perfectvanwamel.com\\\/fr\\\/technologie\\\/\"},{\"@type\":\"ListItem\",\"position\":3,\"name\":\"Faucheuse \u00e0 verger pour tondre autour des arbres, s\u00e9rie RF\"}]},{\"@type\":\"WebSite\",\"@id\":\"https:\\\/\\\/www.perfectvanwamel.com\\\/fr\\\/#website\",\"url\":\"https:\\\/\\\/www.perfectvanwamel.com\\\/fr\\\/\",\"name\":\"PERFECT - Van Wamel\",\"description\":\"\",\"potentialAction\":[{\"@type\":\"SearchAction\",\"target\":{\"@type\":\"EntryPoint\",\"urlTemplate\":\"https:\\\/\\\/www.perfectvanwamel.com\\\/fr\\\/?s={search_term_string}\"},\"query-input\":{\"@type\":\"PropertyValueSpecification\",\"valueRequired\":true,\"valueName\":\"search_term_string\"}}],\"inLanguage\":\"fr-FR\"}]}<\/script>\n<!-- \/ Yoast SEO plugin. -->","yoast_head_json":{"title":"Tondeuse fruiti\u00e8re avec intercep s\u00e9rie RF - PERFECT - Van Wamel","description":"Tondeuse fruiti\u00e8re sp\u00e9cialis\u00e9e pour une tonte facile sous et autour des arbres.","robots":{"index":"index","follow":"follow","max-snippet":"max-snippet:-1","max-image-preview":"max-image-preview:large","max-video-preview":"max-video-preview:-1"},"canonical":"https:\/\/www.perfectvanwamel.com\/fr\/produit\/faucheuse-serie-rf\/","og_locale":"fr_FR","og_type":"article","og_title":"Tondeuse fruiti\u00e8re avec intercep s\u00e9rie RF - PERFECT - Van Wamel","og_description":"Tondeuse fruiti\u00e8re sp\u00e9cialis\u00e9e pour une tonte facile sous et autour des arbres.","og_url":"https:\/\/www.perfectvanwamel.com\/fr\/produit\/faucheuse-serie-rf\/","og_site_name":"PERFECT - Van Wamel","article_modified_time":"2020-10-29T09:55:20+00:00","og_image":[{"width":2000,"height":1335,"url":"https:\/\/staging.perfectvanwamel.com\/wp-content\/uploads\/2019\/12\/PERFECT_rotary_mower_RF_3___1_-removebg.png","type":"image\/png"}],"twitter_card":"summary_large_image","twitter_misc":{"Dur\u00e9e de lecture estim\u00e9e":"1 minute"},"schema":{"@context":"https:\/\/schema.org","@graph":[{"@type":"WebPage","@id":"https:\/\/www.perfectvanwamel.com\/fr\/produit\/faucheuse-serie-rf\/","url":"https:\/\/www.perfectvanwamel.com\/fr\/produit\/faucheuse-serie-rf\/","name":"Tondeuse fruiti\u00e8re avec intercep s\u00e9rie RF - PERFECT - Van Wamel","isPartOf":{"@id":"https:\/\/www.perfectvanwamel.com\/fr\/#website"},"primaryImageOfPage":{"@id":"https:\/\/www.perfectvanwamel.com\/fr\/produit\/faucheuse-serie-rf\/#primaryimage"},"image":{"@id":"https:\/\/www.perfectvanwamel.com\/fr\/produit\/faucheuse-serie-rf\/#primaryimage"},"thumbnailUrl":"https:\/\/www.perfectvanwamel.com\/wp-content\/uploads\/2019\/12\/PERFECT_rotary_mower_RF_3___1_-removebg.png","datePublished":"2019-12-03T12:03:47+00:00","dateModified":"2020-10-29T09:55:20+00:00","description":"Tondeuse fruiti\u00e8re sp\u00e9cialis\u00e9e pour une tonte facile sous et autour des arbres.","breadcrumb":{"@id":"https:\/\/www.perfectvanwamel.com\/fr\/produit\/faucheuse-serie-rf\/#breadcrumb"},"inLanguage":"fr-FR","potentialAction":[{"@type":"ReadAction","target":["https:\/\/www.perfectvanwamel.com\/fr\/produit\/faucheuse-serie-rf\/"]}]},{"@type":"ImageObject","inLanguage":"fr-FR","@id":"https:\/\/www.perfectvanwamel.com\/fr\/produit\/faucheuse-serie-rf\/#primaryimage","url":"https:\/\/www.perfectvanwamel.com\/wp-content\/uploads\/2019\/12\/PERFECT_rotary_mower_RF_3___1_-removebg.png","contentUrl":"https:\/\/www.perfectvanwamel.com\/wp-content\/uploads\/2019\/12\/PERFECT_rotary_mower_RF_3___1_-removebg.png","width":2000,"height":1335},{"@type":"BreadcrumbList","@id":"https:\/\/www.perfectvanwamel.com\/fr\/produit\/faucheuse-serie-rf\/#breadcrumb","itemListElement":[{"@type":"ListItem","position":1,"name":"Home","item":"https:\/\/staging.perfectvanwamel.com\/fr\/"},{"@type":"ListItem","position":2,"name":"Technologie","item":"https:\/\/staging.perfectvanwamel.com\/fr\/technologie\/"},{"@type":"ListItem","position":3,"name":"Faucheuse \u00e0 verger pour tondre autour des arbres, s\u00e9rie RF"}]},{"@type":"WebSite","@id":"https:\/\/www.perfectvanwamel.com\/fr\/#website","url":"https:\/\/www.perfectvanwamel.com\/fr\/","name":"PERFECT - Van Wamel","description":"","potentialAction":[{"@type":"SearchAction","target":{"@type":"EntryPoint","urlTemplate":"https:\/\/www.perfectvanwamel.com\/fr\/?s={search_term_string}"},"query-input":{"@type":"PropertyValueSpecification","valueRequired":true,"valueName":"search_term_string"}}],"inLanguage":"fr-FR"}]}},"_links":{"self":[{"href":"https:\/\/www.perfectvanwamel.com\/fr\/wp-json\/wp\/v2\/product\/6445","targetHints":{"allow":["GET"]}}],"collection":[{"href":"https:\/\/www.perfectvanwamel.com\/fr\/wp-json\/wp\/v2\/product"}],"about":[{"href":"https:\/\/www.perfectvanwamel.com\/fr\/wp-json\/wp\/v2\/types\/product"}],"wp:featuredmedia":[{"embeddable":true,"href":"https:\/\/www.perfectvanwamel.com\/fr\/wp-json\/wp\/v2\/media\/3369"}],"wp:attachment":[{"href":"https:\/\/www.perfectvanwamel.com\/fr\/wp-json\/wp\/v2\/media?parent=6445"}],"wp:term":[{"taxonomy":"product_brand","embeddable":true,"href":"https:\/\/www.perfectvanwamel.com\/fr\/wp-json\/wp\/v2\/product_brand?post=6445"},{"taxonomy":"product_cat","embeddable":true,"href":"https:\/\/www.perfectvanwamel.com\/fr\/wp-json\/wp\/v2\/product_cat?post=6445"},{"taxonomy":"product_tag","embeddable":true,"href":"https:\/\/www.perfectvanwamel.com\/fr\/wp-json\/wp\/v2\/product_tag?post=6445"}],"curies":[{"name":"wp","href":"https:\/\/api.w.org\/{rel}","templated":true}]}}