{"id":6447,"date":"2019-12-03T13:04:17","date_gmt":"2019-12-03T12:04:17","guid":{"rendered":"https:\/\/www.perfectvanwamel.com\/product\/faucheuse-viticole-aserie-fv2\/"},"modified":"2020-10-29T13:03:01","modified_gmt":"2020-10-29T12:03:01","slug":"faucheuse-viticole-aserie-fv2","status":"publish","type":"product","link":"https:\/\/www.perfectvanwamel.com\/fr\/produit\/faucheuse-viticole-aserie-fv2\/","title":{"rendered":"Faucheuse viticole avec disques mobiles, s\u00e9rie FV2"},"content":{"rendered":"<p>La faucheuse FV2 pour vignobles est depuis de nombreuses ann\u00e9es la solution id\u00e9ale pour les exploitations viticoles qui ne d\u00e9sherbent pas avec des produits chimiques. La grande capacit\u00e9 sur toute la largeur et la tr\u00e8s grande fiabilit\u00e9 du m\u00e9canisme de pivotement font de la FV2 la machine id\u00e9ale pour la viticulture biologique.<\/p>\n<p>Gr\u00e2ce \u00e0 un robuste entra\u00eenement des disques par courroie trap\u00e9zo\u00efdale, les lourds couteaux tournent tr\u00e8s vite. Les disques ont ainsi une grande capacit\u00e9 en d\u00e9pit de leur diam\u00e8tre plus petit.<\/p>\n<p>La faucheuse FV2 est disponible en huit largeurs de travail ; pour pouvoir ajuster de fa\u00e7on optimale la position des disques aux circonstances sp\u00e9cifiques, la faucheuse FV2 peut \u00eatre livr\u00e9e avec un r\u00e9glage hydraulique des disques. La largeur maximale de travail est ainsi limit\u00e9e et l\u2019effet de pivotement reste le m\u00eame.<\/p>\n<p>Pour faucher dans les vignobles o\u00f9 les pieds de vigne sont rehauss\u00e9s, des dispositifs de pivotement rabattables sont disponibles, ce qui signifie que les disques peuvent travailler sous un angle fixe maximal de 15 degr\u00e9s.<\/p>\n","protected":false},"excerpt":{"rendered":"<h2>La faucheuse id\u00e9ale pour les vignobles (biologiques), les arbustes \u00e0 baies et les cultures de fraises<\/h2>\n<p>Faucheuse rotative \u00e0 disque \u00e0 entra\u00eenement enti\u00e8rement m\u00e9canique pour faucher dans la rang\u00e9e (viticulture, culture d\u2019arbustes \u00e0 baies) ou autour des fraisiers. Grande capacit\u00e9 et magnifique r\u00e9sultat de la fauche. Disponible en huit largeurs de travail.<\/p>\n","protected":false},"featured_media":3761,"template":"","meta":{"_acf_changed":false},"product_brand":[],"product_cat":[1826],"product_tag":[],"class_list":{"0":"post-6447","1":"product","2":"type-product","3":"status-publish","4":"has-post-thumbnail","6":"product_cat-faucheuses-arboricoles","7":"pa_aantal-maaimessen-4-fr","8":"pa_aantal-maaimessen-5-fr","9":"pa_denkende-schijf-ja-fr","10":"pa_gewicht-kg-300-fr","11":"pa_gewicht-kg-430-fr","12":"pa_gewicht-kg-460-fr","13":"pa_gewicht-kg-515-fr","14":"pa_gewicht-kg-520-fr","15":"pa_gewicht-kg-555-fr","16":"pa_gewicht-kg-615-fr","17":"pa_gewicht-kg-660-fr","18":"pa_maaihoogte-cm-4-10-fr","19":"pa_min-benodigd-vermogen-kw-pk-18-25-fr-2","20":"pa_min-benodigd-vermogen-kw-pk-22-30-fr","21":"pa_min-benodigd-vermogen-kw-pk-24-33-fr","22":"pa_min-benodigd-vermogen-kw-pk-26-35-fr-2","23":"pa_min-benodigd-vermogen-kw-pk-28-38-fr","24":"pa_min-benodigd-vermogen-kw-pk-33-44-fr","25":"pa_min-benodigd-vermogen-kw-pk-35-47-fr","26":"pa_min-benodigd-vermogen-kw-pk-38-51-fr","27":"pa_werkbreedte-max-160-fr","28":"pa_werkbreedte-max-195-fr","29":"pa_werkbreedte-max-220-fr","30":"pa_werkbreedte-max-250-fr","31":"pa_werkbreedte-max-265-fr","32":"pa_werkbreedte-max-300-fr","33":"pa_werkbreedte-max-320-fr","34":"pa_werkbreedte-max-365-fr","35":"pa_werkbreedte-min-120-fr","36":"pa_werkbreedte-min-125-fr","37":"pa_werkbreedte-min-147-fr","38":"pa_werkbreedte-min-175-fr","39":"pa_werkbreedte-min-190-fr","40":"pa_werkbreedte-min-225-fr","41":"pa_werkbreedte-min-245-fr","42":"pa_werkbreedte-min-294-fr","44":"first","45":"instock","46":"shipping-taxable","47":"product-type-simple"},"acf":[],"yoast_head":"<!-- This site is optimized with the Yoast SEO plugin v27.4 - https:\/\/yoast.com\/product\/yoast-seo-wordpress\/ -->\n<title>Faucheuse viticole avec disques mobiles, s\u00e9rie FV2 - PERFECT - Van Wamel<\/title>\n<meta name=\"robots\" content=\"index, follow, max-snippet:-1, max-image-preview:large, max-video-preview:-1\" \/>\n<link rel=\"canonical\" href=\"https:\/\/www.perfectvanwamel.com\/fr\/produit\/faucheuse-viticole-aserie-fv2\/\" \/>\n<meta property=\"og:locale\" content=\"fr_FR\" \/>\n<meta property=\"og:type\" content=\"article\" \/>\n<meta property=\"og:title\" content=\"Faucheuse viticole avec disques mobiles, s\u00e9rie FV2 - PERFECT - Van Wamel\" \/>\n<meta property=\"og:description\" content=\"La faucheuse id\u00e9ale pour les vignobles (biologiques), les arbustes \u00e0 baies et les cultures de fraises Faucheuse rotative \u00e0 disque \u00e0 entra\u00eenement enti\u00e8rement m\u00e9canique pour faucher dans la rang\u00e9e (viticulture, culture d\u2019arbustes \u00e0 baies) ou autour des fraisiers. Grande capacit\u00e9 et magnifique r\u00e9sultat de la fauche. Disponible en huit largeurs de travail.\" \/>\n<meta property=\"og:url\" content=\"https:\/\/www.perfectvanwamel.com\/fr\/produit\/faucheuse-viticole-aserie-fv2\/\" \/>\n<meta property=\"og:site_name\" content=\"PERFECT - Van Wamel\" \/>\n<meta property=\"article:modified_time\" content=\"2020-10-29T12:03:01+00:00\" \/>\n<meta property=\"og:image\" content=\"https:\/\/staging.perfectvanwamel.com\/wp-content\/uploads\/2019\/12\/PERFECT_rotary_mower_FV2_1_-removebg.png\" \/>\n\t<meta property=\"og:image:width\" content=\"2000\" \/>\n\t<meta property=\"og:image:height\" content=\"1335\" \/>\n\t<meta property=\"og:image:type\" content=\"image\/png\" \/>\n<meta name=\"twitter:card\" content=\"summary_large_image\" \/>\n<meta name=\"twitter:label1\" content=\"Dur\u00e9e de lecture estim\u00e9e\" \/>\n\t<meta name=\"twitter:data1\" content=\"1 minute\" \/>\n<script type=\"application\/ld+json\" class=\"yoast-schema-graph\">{\"@context\":\"https:\\\/\\\/schema.org\",\"@graph\":[{\"@type\":\"WebPage\",\"@id\":\"https:\\\/\\\/www.perfectvanwamel.com\\\/fr\\\/produit\\\/faucheuse-viticole-aserie-fv2\\\/\",\"url\":\"https:\\\/\\\/www.perfectvanwamel.com\\\/fr\\\/produit\\\/faucheuse-viticole-aserie-fv2\\\/\",\"name\":\"Faucheuse viticole avec disques mobiles, s\u00e9rie FV2 - PERFECT - Van Wamel\",\"isPartOf\":{\"@id\":\"https:\\\/\\\/www.perfectvanwamel.com\\\/fr\\\/#website\"},\"primaryImageOfPage\":{\"@id\":\"https:\\\/\\\/www.perfectvanwamel.com\\\/fr\\\/produit\\\/faucheuse-viticole-aserie-fv2\\\/#primaryimage\"},\"image\":{\"@id\":\"https:\\\/\\\/www.perfectvanwamel.com\\\/fr\\\/produit\\\/faucheuse-viticole-aserie-fv2\\\/#primaryimage\"},\"thumbnailUrl\":\"https:\\\/\\\/www.perfectvanwamel.com\\\/wp-content\\\/uploads\\\/2019\\\/12\\\/PERFECT_rotary_mower_FV2_1_-removebg.png\",\"datePublished\":\"2019-12-03T12:04:17+00:00\",\"dateModified\":\"2020-10-29T12:03:01+00:00\",\"breadcrumb\":{\"@id\":\"https:\\\/\\\/www.perfectvanwamel.com\\\/fr\\\/produit\\\/faucheuse-viticole-aserie-fv2\\\/#breadcrumb\"},\"inLanguage\":\"fr-FR\",\"potentialAction\":[{\"@type\":\"ReadAction\",\"target\":[\"https:\\\/\\\/www.perfectvanwamel.com\\\/fr\\\/produit\\\/faucheuse-viticole-aserie-fv2\\\/\"]}]},{\"@type\":\"ImageObject\",\"inLanguage\":\"fr-FR\",\"@id\":\"https:\\\/\\\/www.perfectvanwamel.com\\\/fr\\\/produit\\\/faucheuse-viticole-aserie-fv2\\\/#primaryimage\",\"url\":\"https:\\\/\\\/www.perfectvanwamel.com\\\/wp-content\\\/uploads\\\/2019\\\/12\\\/PERFECT_rotary_mower_FV2_1_-removebg.png\",\"contentUrl\":\"https:\\\/\\\/www.perfectvanwamel.com\\\/wp-content\\\/uploads\\\/2019\\\/12\\\/PERFECT_rotary_mower_FV2_1_-removebg.png\",\"width\":2000,\"height\":1335},{\"@type\":\"BreadcrumbList\",\"@id\":\"https:\\\/\\\/www.perfectvanwamel.com\\\/fr\\\/produit\\\/faucheuse-viticole-aserie-fv2\\\/#breadcrumb\",\"itemListElement\":[{\"@type\":\"ListItem\",\"position\":1,\"name\":\"Home\",\"item\":\"https:\\\/\\\/staging.perfectvanwamel.com\\\/fr\\\/\"},{\"@type\":\"ListItem\",\"position\":2,\"name\":\"Technologie\",\"item\":\"https:\\\/\\\/staging.perfectvanwamel.com\\\/fr\\\/technologie\\\/\"},{\"@type\":\"ListItem\",\"position\":3,\"name\":\"Faucheuse viticole avec disques mobiles, s\u00e9rie FV2\"}]},{\"@type\":\"WebSite\",\"@id\":\"https:\\\/\\\/www.perfectvanwamel.com\\\/fr\\\/#website\",\"url\":\"https:\\\/\\\/www.perfectvanwamel.com\\\/fr\\\/\",\"name\":\"PERFECT - Van Wamel\",\"description\":\"\",\"potentialAction\":[{\"@type\":\"SearchAction\",\"target\":{\"@type\":\"EntryPoint\",\"urlTemplate\":\"https:\\\/\\\/www.perfectvanwamel.com\\\/fr\\\/?s={search_term_string}\"},\"query-input\":{\"@type\":\"PropertyValueSpecification\",\"valueRequired\":true,\"valueName\":\"search_term_string\"}}],\"inLanguage\":\"fr-FR\"}]}<\/script>\n<!-- \/ Yoast SEO plugin. -->","yoast_head_json":{"title":"Faucheuse viticole avec disques mobiles, s\u00e9rie FV2 - PERFECT - Van Wamel","robots":{"index":"index","follow":"follow","max-snippet":"max-snippet:-1","max-image-preview":"max-image-preview:large","max-video-preview":"max-video-preview:-1"},"canonical":"https:\/\/www.perfectvanwamel.com\/fr\/produit\/faucheuse-viticole-aserie-fv2\/","og_locale":"fr_FR","og_type":"article","og_title":"Faucheuse viticole avec disques mobiles, s\u00e9rie FV2 - PERFECT - Van Wamel","og_description":"La faucheuse id\u00e9ale pour les vignobles (biologiques), les arbustes \u00e0 baies et les cultures de fraises Faucheuse rotative \u00e0 disque \u00e0 entra\u00eenement enti\u00e8rement m\u00e9canique pour faucher dans la rang\u00e9e (viticulture, culture d\u2019arbustes \u00e0 baies) ou autour des fraisiers. Grande capacit\u00e9 et magnifique r\u00e9sultat de la fauche. Disponible en huit largeurs de travail.","og_url":"https:\/\/www.perfectvanwamel.com\/fr\/produit\/faucheuse-viticole-aserie-fv2\/","og_site_name":"PERFECT - Van Wamel","article_modified_time":"2020-10-29T12:03:01+00:00","og_image":[{"width":2000,"height":1335,"url":"https:\/\/staging.perfectvanwamel.com\/wp-content\/uploads\/2019\/12\/PERFECT_rotary_mower_FV2_1_-removebg.png","type":"image\/png"}],"twitter_card":"summary_large_image","twitter_misc":{"Dur\u00e9e de lecture estim\u00e9e":"1 minute"},"schema":{"@context":"https:\/\/schema.org","@graph":[{"@type":"WebPage","@id":"https:\/\/www.perfectvanwamel.com\/fr\/produit\/faucheuse-viticole-aserie-fv2\/","url":"https:\/\/www.perfectvanwamel.com\/fr\/produit\/faucheuse-viticole-aserie-fv2\/","name":"Faucheuse viticole avec disques mobiles, s\u00e9rie FV2 - PERFECT - Van Wamel","isPartOf":{"@id":"https:\/\/www.perfectvanwamel.com\/fr\/#website"},"primaryImageOfPage":{"@id":"https:\/\/www.perfectvanwamel.com\/fr\/produit\/faucheuse-viticole-aserie-fv2\/#primaryimage"},"image":{"@id":"https:\/\/www.perfectvanwamel.com\/fr\/produit\/faucheuse-viticole-aserie-fv2\/#primaryimage"},"thumbnailUrl":"https:\/\/www.perfectvanwamel.com\/wp-content\/uploads\/2019\/12\/PERFECT_rotary_mower_FV2_1_-removebg.png","datePublished":"2019-12-03T12:04:17+00:00","dateModified":"2020-10-29T12:03:01+00:00","breadcrumb":{"@id":"https:\/\/www.perfectvanwamel.com\/fr\/produit\/faucheuse-viticole-aserie-fv2\/#breadcrumb"},"inLanguage":"fr-FR","potentialAction":[{"@type":"ReadAction","target":["https:\/\/www.perfectvanwamel.com\/fr\/produit\/faucheuse-viticole-aserie-fv2\/"]}]},{"@type":"ImageObject","inLanguage":"fr-FR","@id":"https:\/\/www.perfectvanwamel.com\/fr\/produit\/faucheuse-viticole-aserie-fv2\/#primaryimage","url":"https:\/\/www.perfectvanwamel.com\/wp-content\/uploads\/2019\/12\/PERFECT_rotary_mower_FV2_1_-removebg.png","contentUrl":"https:\/\/www.perfectvanwamel.com\/wp-content\/uploads\/2019\/12\/PERFECT_rotary_mower_FV2_1_-removebg.png","width":2000,"height":1335},{"@type":"BreadcrumbList","@id":"https:\/\/www.perfectvanwamel.com\/fr\/produit\/faucheuse-viticole-aserie-fv2\/#breadcrumb","itemListElement":[{"@type":"ListItem","position":1,"name":"Home","item":"https:\/\/staging.perfectvanwamel.com\/fr\/"},{"@type":"ListItem","position":2,"name":"Technologie","item":"https:\/\/staging.perfectvanwamel.com\/fr\/technologie\/"},{"@type":"ListItem","position":3,"name":"Faucheuse viticole avec disques mobiles, s\u00e9rie FV2"}]},{"@type":"WebSite","@id":"https:\/\/www.perfectvanwamel.com\/fr\/#website","url":"https:\/\/www.perfectvanwamel.com\/fr\/","name":"PERFECT - Van Wamel","description":"","potentialAction":[{"@type":"SearchAction","target":{"@type":"EntryPoint","urlTemplate":"https:\/\/www.perfectvanwamel.com\/fr\/?s={search_term_string}"},"query-input":{"@type":"PropertyValueSpecification","valueRequired":true,"valueName":"search_term_string"}}],"inLanguage":"fr-FR"}]}},"_links":{"self":[{"href":"https:\/\/www.perfectvanwamel.com\/fr\/wp-json\/wp\/v2\/product\/6447","targetHints":{"allow":["GET"]}}],"collection":[{"href":"https:\/\/www.perfectvanwamel.com\/fr\/wp-json\/wp\/v2\/product"}],"about":[{"href":"https:\/\/www.perfectvanwamel.com\/fr\/wp-json\/wp\/v2\/types\/product"}],"wp:featuredmedia":[{"embeddable":true,"href":"https:\/\/www.perfectvanwamel.com\/fr\/wp-json\/wp\/v2\/media\/3761"}],"wp:attachment":[{"href":"https:\/\/www.perfectvanwamel.com\/fr\/wp-json\/wp\/v2\/media?parent=6447"}],"wp:term":[{"taxonomy":"product_brand","embeddable":true,"href":"https:\/\/www.perfectvanwamel.com\/fr\/wp-json\/wp\/v2\/product_brand?post=6447"},{"taxonomy":"product_cat","embeddable":true,"href":"https:\/\/www.perfectvanwamel.com\/fr\/wp-json\/wp\/v2\/product_cat?post=6447"},{"taxonomy":"product_tag","embeddable":true,"href":"https:\/\/www.perfectvanwamel.com\/fr\/wp-json\/wp\/v2\/product_tag?post=6447"}],"curies":[{"name":"wp","href":"https:\/\/api.w.org\/{rel}","templated":true}]}}