{"id":6472,"date":"2019-12-03T13:03:01","date_gmt":"2019-12-03T12:03:01","guid":{"rendered":"https:\/\/www.perfectvanwamel.com\/product\/faucheuse-serie-md\/"},"modified":"2019-12-03T13:03:01","modified_gmt":"2019-12-03T12:03:01","slug":"faucheuse-serie-md","status":"publish","type":"product","link":"https:\/\/www.perfectvanwamel.com\/fr\/produit\/faucheuse-serie-md\/","title":{"rendered":"Faucheuse avec deux disques mobiles, s\u00e9rie MD"},"content":{"rendered":"<p>D\u00e8s que le disque de la faucheuse pour vergers MD touche le tronc de l\u2019arbre, il recule ; le disque habill\u00e9 de caoutchouc tourne ainsi autour du tronc sans l\u2019endommager. Apr\u00e8s avoir d\u00e9pass\u00e9 l\u2019arbre, le disque retourne dans la rang\u00e9e gr\u00e2ce \u00e0 un m\u00e9canisme \u00e0 ressort. Les robustes couteaux fauchent \u00e9galement la v\u00e9g\u00e9tation plus r\u00e9sistante et autres plantes.<\/p>\n<p>Cette faucheuse MD pour vergers es disponible avec plusieurs largeurs de travail et il en existe donc un mod\u00e8le adapt\u00e9 \u00e0 chaque verger.<\/p>\n<p>Pour pouvoir travailler \u00e9galement dans les vergers fra\u00eechement plant\u00e9s, la faucheuse MD peut \u00eatre \u00e9quip\u00e9e de t\u00e2tonneurs hydrauliques ; le t\u00e2tonneur enregistre la pr\u00e9sence d\u2019un arbre et commande un rouleau hydraulique qui veille \u00e0 ce que le disque tourne exactement autour de l\u2019arbre sans le toucher.<\/p>\n","protected":false},"excerpt":{"rendered":"<h2>La faucheuse de vergers bio id\u00e9ale pour la bande d\u2019herbe et dans la rang\u00e9e (double)<\/h2>\n<p>La faucheuse rotative MD est id\u00e9ale pour la fruiticulture, o\u00f9 le d\u00e9sherbage dans les rang\u00e9es d\u2019arbres a lieu par fauchage. L\u2019entra\u00eenement r\u00e9fl\u00e9chi et les disques, tr\u00e8s robustes mais souples, conf\u00e8rent \u00e0 la MD une grande capacit\u00e9, un magnifique r\u00e9sultat de fauchage et une longue dur\u00e9e de vie.<\/p>\n","protected":false},"featured_media":3414,"template":"","meta":{"_acf_changed":false},"product_brand":[],"product_cat":[1826],"product_tag":[],"class_list":{"0":"post-6472","1":"product","2":"type-product","3":"status-publish","4":"has-post-thumbnail","6":"product_cat-faucheuses-arboricoles","7":"pa_aantal-maaimessen-4-fr","8":"pa_aantal-maaimessen-5-fr","9":"pa_aftakas-opm-28-38-fr","10":"pa_aftakas-opm-29-40-fr","11":"pa_aftakas-opm-33-45-fr","12":"pa_aftakas-opm-38-52-fr","13":"pa_aftakas-opm-40-54-fr","14":"pa_aftakas-opm-45-62-fr","15":"pa_denkende-schijf-ja-fr","16":"pa_gewicht-kg-505-fr","17":"pa_gewicht-kg-535-fr","18":"pa_gewicht-kg-560-fr","19":"pa_gewicht-kg-565-fr","20":"pa_gewicht-kg-620-fr","21":"pa_gewicht-kg-740-fr","22":"pa_maaihoogte-cm-4-9-fr-2","23":"pa_werkbreedte-max-250-fr","24":"pa_werkbreedte-max-280-fr","25":"pa_werkbreedte-max-300-fr","26":"pa_werkbreedte-max-335-fr","27":"pa_werkbreedte-max-400-fr","28":"pa_werkbreedte-min-160-fr","29":"pa_werkbreedte-min-175-fr","30":"pa_werkbreedte-min-190-fr","31":"pa_werkbreedte-min-225-fr","32":"pa_werkbreedte-min-245-fr","33":"pa_werkbreedte-min-292-fr","35":"first","36":"instock","37":"shipping-taxable","38":"product-type-simple"},"acf":[],"yoast_head":"<!-- This site is optimized with the Yoast SEO plugin v27.5 - https:\/\/yoast.com\/product\/yoast-seo-wordpress\/ -->\n<title>Faucheuse avec deux disques mobiles, s\u00e9rie MD - PERFECT - Van Wamel<\/title>\n<meta name=\"robots\" content=\"index, follow, max-snippet:-1, max-image-preview:large, max-video-preview:-1\" \/>\n<link rel=\"canonical\" href=\"https:\/\/www.perfectvanwamel.com\/fr\/produit\/faucheuse-serie-md\/\" \/>\n<meta property=\"og:locale\" content=\"fr_FR\" \/>\n<meta property=\"og:type\" content=\"article\" \/>\n<meta property=\"og:title\" content=\"Faucheuse avec deux disques mobiles, s\u00e9rie MD - PERFECT - Van Wamel\" \/>\n<meta property=\"og:description\" content=\"La faucheuse de vergers bio id\u00e9ale pour la bande d\u2019herbe et dans la rang\u00e9e (double) La faucheuse rotative MD est id\u00e9ale pour la fruiticulture, o\u00f9 le d\u00e9sherbage dans les rang\u00e9es d\u2019arbres a lieu par fauchage. L\u2019entra\u00eenement r\u00e9fl\u00e9chi et les disques, tr\u00e8s robustes mais souples, conf\u00e8rent \u00e0 la MD une grande capacit\u00e9, un magnifique r\u00e9sultat de fauchage et une longue dur\u00e9e de vie.\" \/>\n<meta property=\"og:url\" content=\"https:\/\/www.perfectvanwamel.com\/fr\/produit\/faucheuse-serie-md\/\" \/>\n<meta property=\"og:site_name\" content=\"PERFECT - Van Wamel\" \/>\n<meta property=\"og:image\" content=\"https:\/\/staging.perfectvanwamel.com\/wp-content\/uploads\/2019\/12\/PERFECT_rotary_mower_MD-2000x1335-1.png\" \/>\n\t<meta property=\"og:image:width\" content=\"2000\" \/>\n\t<meta property=\"og:image:height\" content=\"1335\" \/>\n\t<meta property=\"og:image:type\" content=\"image\/png\" \/>\n<meta name=\"twitter:card\" content=\"summary_large_image\" \/>\n<meta name=\"twitter:label1\" content=\"Dur\u00e9e de lecture estim\u00e9e\" \/>\n\t<meta name=\"twitter:data1\" content=\"1 minute\" \/>\n<script type=\"application\/ld+json\" class=\"yoast-schema-graph\">{\"@context\":\"https:\\\/\\\/schema.org\",\"@graph\":[{\"@type\":\"WebPage\",\"@id\":\"https:\\\/\\\/www.perfectvanwamel.com\\\/fr\\\/produit\\\/faucheuse-serie-md\\\/\",\"url\":\"https:\\\/\\\/www.perfectvanwamel.com\\\/fr\\\/produit\\\/faucheuse-serie-md\\\/\",\"name\":\"Faucheuse avec deux disques mobiles, s\u00e9rie MD - PERFECT - Van Wamel\",\"isPartOf\":{\"@id\":\"https:\\\/\\\/www.perfectvanwamel.com\\\/fr\\\/#website\"},\"primaryImageOfPage\":{\"@id\":\"https:\\\/\\\/www.perfectvanwamel.com\\\/fr\\\/produit\\\/faucheuse-serie-md\\\/#primaryimage\"},\"image\":{\"@id\":\"https:\\\/\\\/www.perfectvanwamel.com\\\/fr\\\/produit\\\/faucheuse-serie-md\\\/#primaryimage\"},\"thumbnailUrl\":\"https:\\\/\\\/www.perfectvanwamel.com\\\/wp-content\\\/uploads\\\/2019\\\/12\\\/PERFECT_rotary_mower_MD-2000x1335-1.png\",\"datePublished\":\"2019-12-03T12:03:01+00:00\",\"breadcrumb\":{\"@id\":\"https:\\\/\\\/www.perfectvanwamel.com\\\/fr\\\/produit\\\/faucheuse-serie-md\\\/#breadcrumb\"},\"inLanguage\":\"fr-FR\",\"potentialAction\":[{\"@type\":\"ReadAction\",\"target\":[\"https:\\\/\\\/www.perfectvanwamel.com\\\/fr\\\/produit\\\/faucheuse-serie-md\\\/\"]}]},{\"@type\":\"ImageObject\",\"inLanguage\":\"fr-FR\",\"@id\":\"https:\\\/\\\/www.perfectvanwamel.com\\\/fr\\\/produit\\\/faucheuse-serie-md\\\/#primaryimage\",\"url\":\"https:\\\/\\\/www.perfectvanwamel.com\\\/wp-content\\\/uploads\\\/2019\\\/12\\\/PERFECT_rotary_mower_MD-2000x1335-1.png\",\"contentUrl\":\"https:\\\/\\\/www.perfectvanwamel.com\\\/wp-content\\\/uploads\\\/2019\\\/12\\\/PERFECT_rotary_mower_MD-2000x1335-1.png\",\"width\":2000,\"height\":1335},{\"@type\":\"BreadcrumbList\",\"@id\":\"https:\\\/\\\/www.perfectvanwamel.com\\\/fr\\\/produit\\\/faucheuse-serie-md\\\/#breadcrumb\",\"itemListElement\":[{\"@type\":\"ListItem\",\"position\":1,\"name\":\"Home\",\"item\":\"https:\\\/\\\/staging.perfectvanwamel.com\\\/fr\\\/\"},{\"@type\":\"ListItem\",\"position\":2,\"name\":\"Produits\",\"item\":\"https:\\\/\\\/www.perfectvanwamel.com\\\/fr\\\/technologie\\\/\"},{\"@type\":\"ListItem\",\"position\":3,\"name\":\"Faucheuse avec deux disques mobiles, s\u00e9rie MD\"}]},{\"@type\":\"WebSite\",\"@id\":\"https:\\\/\\\/www.perfectvanwamel.com\\\/fr\\\/#website\",\"url\":\"https:\\\/\\\/www.perfectvanwamel.com\\\/fr\\\/\",\"name\":\"PERFECT - Van Wamel\",\"description\":\"\",\"potentialAction\":[{\"@type\":\"SearchAction\",\"target\":{\"@type\":\"EntryPoint\",\"urlTemplate\":\"https:\\\/\\\/www.perfectvanwamel.com\\\/fr\\\/?s={search_term_string}\"},\"query-input\":{\"@type\":\"PropertyValueSpecification\",\"valueRequired\":true,\"valueName\":\"search_term_string\"}}],\"inLanguage\":\"fr-FR\"}]}<\/script>\n<!-- \/ Yoast SEO plugin. -->","yoast_head_json":{"title":"Faucheuse avec deux disques mobiles, s\u00e9rie MD - PERFECT - Van Wamel","robots":{"index":"index","follow":"follow","max-snippet":"max-snippet:-1","max-image-preview":"max-image-preview:large","max-video-preview":"max-video-preview:-1"},"canonical":"https:\/\/www.perfectvanwamel.com\/fr\/produit\/faucheuse-serie-md\/","og_locale":"fr_FR","og_type":"article","og_title":"Faucheuse avec deux disques mobiles, s\u00e9rie MD - PERFECT - Van Wamel","og_description":"La faucheuse de vergers bio id\u00e9ale pour la bande d\u2019herbe et dans la rang\u00e9e (double) La faucheuse rotative MD est id\u00e9ale pour la fruiticulture, o\u00f9 le d\u00e9sherbage dans les rang\u00e9es d\u2019arbres a lieu par fauchage. L\u2019entra\u00eenement r\u00e9fl\u00e9chi et les disques, tr\u00e8s robustes mais souples, conf\u00e8rent \u00e0 la MD une grande capacit\u00e9, un magnifique r\u00e9sultat de fauchage et une longue dur\u00e9e de vie.","og_url":"https:\/\/www.perfectvanwamel.com\/fr\/produit\/faucheuse-serie-md\/","og_site_name":"PERFECT - Van Wamel","og_image":[{"width":2000,"height":1335,"url":"https:\/\/staging.perfectvanwamel.com\/wp-content\/uploads\/2019\/12\/PERFECT_rotary_mower_MD-2000x1335-1.png","type":"image\/png"}],"twitter_card":"summary_large_image","twitter_misc":{"Dur\u00e9e de lecture estim\u00e9e":"1 minute"},"schema":{"@context":"https:\/\/schema.org","@graph":[{"@type":"WebPage","@id":"https:\/\/www.perfectvanwamel.com\/fr\/produit\/faucheuse-serie-md\/","url":"https:\/\/www.perfectvanwamel.com\/fr\/produit\/faucheuse-serie-md\/","name":"Faucheuse avec deux disques mobiles, s\u00e9rie MD - PERFECT - Van Wamel","isPartOf":{"@id":"https:\/\/www.perfectvanwamel.com\/fr\/#website"},"primaryImageOfPage":{"@id":"https:\/\/www.perfectvanwamel.com\/fr\/produit\/faucheuse-serie-md\/#primaryimage"},"image":{"@id":"https:\/\/www.perfectvanwamel.com\/fr\/produit\/faucheuse-serie-md\/#primaryimage"},"thumbnailUrl":"https:\/\/www.perfectvanwamel.com\/wp-content\/uploads\/2019\/12\/PERFECT_rotary_mower_MD-2000x1335-1.png","datePublished":"2019-12-03T12:03:01+00:00","breadcrumb":{"@id":"https:\/\/www.perfectvanwamel.com\/fr\/produit\/faucheuse-serie-md\/#breadcrumb"},"inLanguage":"fr-FR","potentialAction":[{"@type":"ReadAction","target":["https:\/\/www.perfectvanwamel.com\/fr\/produit\/faucheuse-serie-md\/"]}]},{"@type":"ImageObject","inLanguage":"fr-FR","@id":"https:\/\/www.perfectvanwamel.com\/fr\/produit\/faucheuse-serie-md\/#primaryimage","url":"https:\/\/www.perfectvanwamel.com\/wp-content\/uploads\/2019\/12\/PERFECT_rotary_mower_MD-2000x1335-1.png","contentUrl":"https:\/\/www.perfectvanwamel.com\/wp-content\/uploads\/2019\/12\/PERFECT_rotary_mower_MD-2000x1335-1.png","width":2000,"height":1335},{"@type":"BreadcrumbList","@id":"https:\/\/www.perfectvanwamel.com\/fr\/produit\/faucheuse-serie-md\/#breadcrumb","itemListElement":[{"@type":"ListItem","position":1,"name":"Home","item":"https:\/\/staging.perfectvanwamel.com\/fr\/"},{"@type":"ListItem","position":2,"name":"Produits","item":"https:\/\/www.perfectvanwamel.com\/fr\/technologie\/"},{"@type":"ListItem","position":3,"name":"Faucheuse avec deux disques mobiles, s\u00e9rie MD"}]},{"@type":"WebSite","@id":"https:\/\/www.perfectvanwamel.com\/fr\/#website","url":"https:\/\/www.perfectvanwamel.com\/fr\/","name":"PERFECT - Van Wamel","description":"","potentialAction":[{"@type":"SearchAction","target":{"@type":"EntryPoint","urlTemplate":"https:\/\/www.perfectvanwamel.com\/fr\/?s={search_term_string}"},"query-input":{"@type":"PropertyValueSpecification","valueRequired":true,"valueName":"search_term_string"}}],"inLanguage":"fr-FR"}]}},"_links":{"self":[{"href":"https:\/\/www.perfectvanwamel.com\/fr\/wp-json\/wp\/v2\/product\/6472","targetHints":{"allow":["GET"]}}],"collection":[{"href":"https:\/\/www.perfectvanwamel.com\/fr\/wp-json\/wp\/v2\/product"}],"about":[{"href":"https:\/\/www.perfectvanwamel.com\/fr\/wp-json\/wp\/v2\/types\/product"}],"wp:featuredmedia":[{"embeddable":true,"href":"https:\/\/www.perfectvanwamel.com\/fr\/wp-json\/wp\/v2\/media\/3414"}],"wp:attachment":[{"href":"https:\/\/www.perfectvanwamel.com\/fr\/wp-json\/wp\/v2\/media?parent=6472"}],"wp:term":[{"taxonomy":"product_brand","embeddable":true,"href":"https:\/\/www.perfectvanwamel.com\/fr\/wp-json\/wp\/v2\/product_brand?post=6472"},{"taxonomy":"product_cat","embeddable":true,"href":"https:\/\/www.perfectvanwamel.com\/fr\/wp-json\/wp\/v2\/product_cat?post=6472"},{"taxonomy":"product_tag","embeddable":true,"href":"https:\/\/www.perfectvanwamel.com\/fr\/wp-json\/wp\/v2\/product_tag?post=6472"}],"curies":[{"name":"wp","href":"https:\/\/api.w.org\/{rel}","templated":true}]}}