{"id":6474,"date":"2020-04-28T07:22:22","date_gmt":"2020-04-28T05:22:22","guid":{"rendered":"https:\/\/www.perfectvanwamel.com\/product\/broyeur-a-marteaux-serie-kj\/"},"modified":"2022-11-30T21:40:18","modified_gmt":"2022-11-30T20:40:18","slug":"broyeur-a-marteaux-serie-kj","status":"publish","type":"product","link":"https:\/\/www.perfectvanwamel.com\/fr\/produit\/broyeur-a-marteaux-serie-kj\/","title":{"rendered":"Broyeur \u00e0 marteaux de base, s\u00e9rie KJ"},"content":{"rendered":"<p>Le KJ est un broyeur \u00e0 marteaux de construction simple mais dot\u00e9 de toutes les qualit\u00e9s d\u2019une machine PERFECT. Le KJ suit parfaitement les contours du terrain et est id\u00e9al pour utilisation sur de petits tracteurs. Cela en fait une machine id\u00e9ale pour les agriculteurs amateurs ou par exemple pour les campings.<\/p>\n<p>Le broyeur \u00e0 marteaux KJ est livr\u00e9 en s\u00e9rie avec des <a href=\"https:\/\/www.perfectvanwamel.com\/fr\/produit\/marteaux-perfect\/\">marteaux de 0,9 kg<\/a> ; le rouleau est positionn\u00e9 de sorte \u00e0 \u00eatre nettoy\u00e9 par les marteaux.<\/p>\n<p>Cette faucheuse peut \u00eatre livr\u00e9e en option avec un d\u00e9port hydraulique ; une version de la machine est \u00e9galement disponible pour montage sur le relevage frontal.<\/p>\n","protected":false},"excerpt":{"rendered":"<p>Le broyeur \u00e0 marteaux KJ est une faucheuse compacte qui donne un tr\u00e8s beau r\u00e9sultat de fauche. Cette machine se pr\u00eate parfaitement \u00e0 un usage moins intensif, par exemple pour les propri\u00e9taires de chevaux ou les agriculteurs amateurs.<\/p>\n","protected":false},"featured_media":28366,"template":"","meta":{"_acf_changed":false},"product_brand":[],"product_cat":[1828],"product_tag":[],"class_list":{"0":"post-6474","1":"product","2":"type-product","3":"status-publish","4":"has-post-thumbnail","6":"product_cat-rotobroyeurs","7":"pa_aftakas-opm-540-fr","8":"pa_denkende-schijf-nee-fr","9":"pa_gewicht-kg-305-fr","10":"pa_gewicht-kg-325-fr","11":"pa_gewicht-kg-350-fr","12":"pa_gewicht-kg-460-fr","13":"pa_hefinrichting-tractor-cat-i-ii-fr","14":"pa_min-benodigd-vermogen-kw-pk-15-20-fr","15":"pa_min-benodigd-vermogen-kw-pk-17-23-fr","16":"pa_min-benodigd-vermogen-kw-pk-20-27-fr","17":"pa_min-benodigd-vermogen-kw-pk-24-32-fr-2","18":"pa_transportbreedte-cm-305-fr","19":"pa_transportbreedte-cm-325-fr","20":"pa_transportbreedte-cm-350-fr","21":"pa_transportbreedte-cm-460-fr","22":"pa_werkbreedte-cm-120-fr","23":"pa_werkbreedte-cm-150-fr","24":"pa_werkbreedte-cm-180-fr","25":"pa_werkbreedte-cm-210-fr","27":"first","28":"instock","29":"shipping-taxable","30":"product-type-simple"},"acf":[],"yoast_head":"<!-- This site is optimized with the Yoast SEO plugin v27.5 - https:\/\/yoast.com\/product\/yoast-seo-wordpress\/ -->\n<title>Broyeur \u00e0 marteaux de base, s\u00e9rie KJ - PERFECT - Van Wamel<\/title>\n<meta name=\"robots\" content=\"index, follow, max-snippet:-1, max-image-preview:large, max-video-preview:-1\" \/>\n<link rel=\"canonical\" href=\"https:\/\/www.perfectvanwamel.com\/fr\/produit\/broyeur-a-marteaux-serie-kj\/\" \/>\n<meta property=\"og:locale\" content=\"fr_FR\" \/>\n<meta property=\"og:type\" content=\"article\" \/>\n<meta property=\"og:title\" content=\"Broyeur \u00e0 marteaux de base, s\u00e9rie KJ - PERFECT - Van Wamel\" \/>\n<meta property=\"og:description\" content=\"Le broyeur \u00e0 marteaux KJ est une faucheuse compacte qui donne un tr\u00e8s beau r\u00e9sultat de fauche. Cette machine se pr\u00eate parfaitement \u00e0 un usage moins intensif, par exemple pour les propri\u00e9taires de chevaux ou les agriculteurs amateurs.\" \/>\n<meta property=\"og:url\" content=\"https:\/\/www.perfectvanwamel.com\/fr\/produit\/broyeur-a-marteaux-serie-kj\/\" \/>\n<meta property=\"og:site_name\" content=\"PERFECT - Van Wamel\" \/>\n<meta property=\"article:modified_time\" content=\"2022-11-30T20:40:18+00:00\" \/>\n<meta property=\"og:image\" content=\"https:\/\/staging.perfectvanwamel.com\/wp-content\/uploads\/2020\/04\/KJ-2-scaled.jpg\" \/>\n\t<meta property=\"og:image:width\" content=\"2560\" \/>\n\t<meta property=\"og:image:height\" content=\"1440\" \/>\n\t<meta property=\"og:image:type\" content=\"image\/jpeg\" \/>\n<meta name=\"twitter:card\" content=\"summary_large_image\" \/>\n<meta name=\"twitter:label1\" content=\"Dur\u00e9e de lecture estim\u00e9e\" \/>\n\t<meta name=\"twitter:data1\" content=\"1 minute\" \/>\n<script type=\"application\/ld+json\" class=\"yoast-schema-graph\">{\"@context\":\"https:\\\/\\\/schema.org\",\"@graph\":[{\"@type\":\"WebPage\",\"@id\":\"https:\\\/\\\/www.perfectvanwamel.com\\\/fr\\\/produit\\\/broyeur-a-marteaux-serie-kj\\\/\",\"url\":\"https:\\\/\\\/www.perfectvanwamel.com\\\/fr\\\/produit\\\/broyeur-a-marteaux-serie-kj\\\/\",\"name\":\"Broyeur \u00e0 marteaux de base, s\u00e9rie KJ - PERFECT - Van Wamel\",\"isPartOf\":{\"@id\":\"https:\\\/\\\/www.perfectvanwamel.com\\\/fr\\\/#website\"},\"primaryImageOfPage\":{\"@id\":\"https:\\\/\\\/www.perfectvanwamel.com\\\/fr\\\/produit\\\/broyeur-a-marteaux-serie-kj\\\/#primaryimage\"},\"image\":{\"@id\":\"https:\\\/\\\/www.perfectvanwamel.com\\\/fr\\\/produit\\\/broyeur-a-marteaux-serie-kj\\\/#primaryimage\"},\"thumbnailUrl\":\"https:\\\/\\\/www.perfectvanwamel.com\\\/wp-content\\\/uploads\\\/2020\\\/04\\\/KJ-Hydro.jpg\",\"datePublished\":\"2020-04-28T05:22:22+00:00\",\"dateModified\":\"2022-11-30T20:40:18+00:00\",\"breadcrumb\":{\"@id\":\"https:\\\/\\\/www.perfectvanwamel.com\\\/fr\\\/produit\\\/broyeur-a-marteaux-serie-kj\\\/#breadcrumb\"},\"inLanguage\":\"fr-FR\",\"potentialAction\":[{\"@type\":\"ReadAction\",\"target\":[\"https:\\\/\\\/www.perfectvanwamel.com\\\/fr\\\/produit\\\/broyeur-a-marteaux-serie-kj\\\/\"]}]},{\"@type\":\"ImageObject\",\"inLanguage\":\"fr-FR\",\"@id\":\"https:\\\/\\\/www.perfectvanwamel.com\\\/fr\\\/produit\\\/broyeur-a-marteaux-serie-kj\\\/#primaryimage\",\"url\":\"https:\\\/\\\/www.perfectvanwamel.com\\\/wp-content\\\/uploads\\\/2020\\\/04\\\/KJ-Hydro.jpg\",\"contentUrl\":\"https:\\\/\\\/www.perfectvanwamel.com\\\/wp-content\\\/uploads\\\/2020\\\/04\\\/KJ-Hydro.jpg\",\"width\":1224,\"height\":816},{\"@type\":\"BreadcrumbList\",\"@id\":\"https:\\\/\\\/www.perfectvanwamel.com\\\/fr\\\/produit\\\/broyeur-a-marteaux-serie-kj\\\/#breadcrumb\",\"itemListElement\":[{\"@type\":\"ListItem\",\"position\":1,\"name\":\"Home\",\"item\":\"https:\\\/\\\/staging.perfectvanwamel.com\\\/fr\\\/\"},{\"@type\":\"ListItem\",\"position\":2,\"name\":\"Produits\",\"item\":\"https:\\\/\\\/www.perfectvanwamel.com\\\/fr\\\/technologie\\\/\"},{\"@type\":\"ListItem\",\"position\":3,\"name\":\"Broyeur \u00e0 marteaux de base, s\u00e9rie KJ\"}]},{\"@type\":\"WebSite\",\"@id\":\"https:\\\/\\\/www.perfectvanwamel.com\\\/fr\\\/#website\",\"url\":\"https:\\\/\\\/www.perfectvanwamel.com\\\/fr\\\/\",\"name\":\"PERFECT - Van Wamel\",\"description\":\"\",\"potentialAction\":[{\"@type\":\"SearchAction\",\"target\":{\"@type\":\"EntryPoint\",\"urlTemplate\":\"https:\\\/\\\/www.perfectvanwamel.com\\\/fr\\\/?s={search_term_string}\"},\"query-input\":{\"@type\":\"PropertyValueSpecification\",\"valueRequired\":true,\"valueName\":\"search_term_string\"}}],\"inLanguage\":\"fr-FR\"}]}<\/script>\n<!-- \/ Yoast SEO plugin. -->","yoast_head_json":{"title":"Broyeur \u00e0 marteaux de base, s\u00e9rie KJ - PERFECT - Van Wamel","robots":{"index":"index","follow":"follow","max-snippet":"max-snippet:-1","max-image-preview":"max-image-preview:large","max-video-preview":"max-video-preview:-1"},"canonical":"https:\/\/www.perfectvanwamel.com\/fr\/produit\/broyeur-a-marteaux-serie-kj\/","og_locale":"fr_FR","og_type":"article","og_title":"Broyeur \u00e0 marteaux de base, s\u00e9rie KJ - PERFECT - Van Wamel","og_description":"Le broyeur \u00e0 marteaux KJ est une faucheuse compacte qui donne un tr\u00e8s beau r\u00e9sultat de fauche. Cette machine se pr\u00eate parfaitement \u00e0 un usage moins intensif, par exemple pour les propri\u00e9taires de chevaux ou les agriculteurs amateurs.","og_url":"https:\/\/www.perfectvanwamel.com\/fr\/produit\/broyeur-a-marteaux-serie-kj\/","og_site_name":"PERFECT - Van Wamel","article_modified_time":"2022-11-30T20:40:18+00:00","og_image":[{"width":2560,"height":1440,"url":"https:\/\/staging.perfectvanwamel.com\/wp-content\/uploads\/2020\/04\/KJ-2-scaled.jpg","type":"image\/jpeg"}],"twitter_card":"summary_large_image","twitter_misc":{"Dur\u00e9e de lecture estim\u00e9e":"1 minute"},"schema":{"@context":"https:\/\/schema.org","@graph":[{"@type":"WebPage","@id":"https:\/\/www.perfectvanwamel.com\/fr\/produit\/broyeur-a-marteaux-serie-kj\/","url":"https:\/\/www.perfectvanwamel.com\/fr\/produit\/broyeur-a-marteaux-serie-kj\/","name":"Broyeur \u00e0 marteaux de base, s\u00e9rie KJ - PERFECT - Van Wamel","isPartOf":{"@id":"https:\/\/www.perfectvanwamel.com\/fr\/#website"},"primaryImageOfPage":{"@id":"https:\/\/www.perfectvanwamel.com\/fr\/produit\/broyeur-a-marteaux-serie-kj\/#primaryimage"},"image":{"@id":"https:\/\/www.perfectvanwamel.com\/fr\/produit\/broyeur-a-marteaux-serie-kj\/#primaryimage"},"thumbnailUrl":"https:\/\/www.perfectvanwamel.com\/wp-content\/uploads\/2020\/04\/KJ-Hydro.jpg","datePublished":"2020-04-28T05:22:22+00:00","dateModified":"2022-11-30T20:40:18+00:00","breadcrumb":{"@id":"https:\/\/www.perfectvanwamel.com\/fr\/produit\/broyeur-a-marteaux-serie-kj\/#breadcrumb"},"inLanguage":"fr-FR","potentialAction":[{"@type":"ReadAction","target":["https:\/\/www.perfectvanwamel.com\/fr\/produit\/broyeur-a-marteaux-serie-kj\/"]}]},{"@type":"ImageObject","inLanguage":"fr-FR","@id":"https:\/\/www.perfectvanwamel.com\/fr\/produit\/broyeur-a-marteaux-serie-kj\/#primaryimage","url":"https:\/\/www.perfectvanwamel.com\/wp-content\/uploads\/2020\/04\/KJ-Hydro.jpg","contentUrl":"https:\/\/www.perfectvanwamel.com\/wp-content\/uploads\/2020\/04\/KJ-Hydro.jpg","width":1224,"height":816},{"@type":"BreadcrumbList","@id":"https:\/\/www.perfectvanwamel.com\/fr\/produit\/broyeur-a-marteaux-serie-kj\/#breadcrumb","itemListElement":[{"@type":"ListItem","position":1,"name":"Home","item":"https:\/\/staging.perfectvanwamel.com\/fr\/"},{"@type":"ListItem","position":2,"name":"Produits","item":"https:\/\/www.perfectvanwamel.com\/fr\/technologie\/"},{"@type":"ListItem","position":3,"name":"Broyeur \u00e0 marteaux de base, s\u00e9rie KJ"}]},{"@type":"WebSite","@id":"https:\/\/www.perfectvanwamel.com\/fr\/#website","url":"https:\/\/www.perfectvanwamel.com\/fr\/","name":"PERFECT - Van Wamel","description":"","potentialAction":[{"@type":"SearchAction","target":{"@type":"EntryPoint","urlTemplate":"https:\/\/www.perfectvanwamel.com\/fr\/?s={search_term_string}"},"query-input":{"@type":"PropertyValueSpecification","valueRequired":true,"valueName":"search_term_string"}}],"inLanguage":"fr-FR"}]}},"_links":{"self":[{"href":"https:\/\/www.perfectvanwamel.com\/fr\/wp-json\/wp\/v2\/product\/6474","targetHints":{"allow":["GET"]}}],"collection":[{"href":"https:\/\/www.perfectvanwamel.com\/fr\/wp-json\/wp\/v2\/product"}],"about":[{"href":"https:\/\/www.perfectvanwamel.com\/fr\/wp-json\/wp\/v2\/types\/product"}],"wp:featuredmedia":[{"embeddable":true,"href":"https:\/\/www.perfectvanwamel.com\/fr\/wp-json\/wp\/v2\/media\/28366"}],"wp:attachment":[{"href":"https:\/\/www.perfectvanwamel.com\/fr\/wp-json\/wp\/v2\/media?parent=6474"}],"wp:term":[{"taxonomy":"product_brand","embeddable":true,"href":"https:\/\/www.perfectvanwamel.com\/fr\/wp-json\/wp\/v2\/product_brand?post=6474"},{"taxonomy":"product_cat","embeddable":true,"href":"https:\/\/www.perfectvanwamel.com\/fr\/wp-json\/wp\/v2\/product_cat?post=6474"},{"taxonomy":"product_tag","embeddable":true,"href":"https:\/\/www.perfectvanwamel.com\/fr\/wp-json\/wp\/v2\/product_tag?post=6474"}],"curies":[{"name":"wp","href":"https:\/\/api.w.org\/{rel}","templated":true}]}}