{"id":6475,"date":"2020-04-28T07:36:28","date_gmt":"2020-04-28T05:36:28","guid":{"rendered":"https:\/\/www.perfectvanwamel.com\/product\/rotobroyeur-compact-serie-kp\/"},"modified":"2020-10-29T20:34:59","modified_gmt":"2020-10-29T19:34:59","slug":"rotobroyeur-compact-serie-kp","status":"publish","type":"product","link":"https:\/\/www.perfectvanwamel.com\/fr\/produit\/rotobroyeur-compact-serie-kp\/","title":{"rendered":"Rotobroyeur compact, s\u00e9rie KP"},"content":{"rendered":"<p>Le rotobroyeur KP est une machine compacte mais de construction tr\u00e8s solide ; le robuste arbre \u00e0 marteaux (qui tourne \u00e0 tr\u00e8s grande vitesse) assure un magnifique r\u00e9sultat de fauche.<\/p>\n<p>Ces rotobroyeurs compacts sont \u00e9quip\u00e9s en s\u00e9rie avec des <a href=\"https:\/\/www.perfectvanwamel.com\/fr\/produit\/marteaux-perfect\/\">marteaux de 0,9 kg<\/a>, des marteaux flexibles \u00e9tant disponibles pour les situations plus difficiles (pierres). D\u00e9port hydraulique \u00e9galement disponible en option.<\/p>\n<p>Le tr\u00e8s robuste arbre \u00e0 marteaux, \u00e0 double \u00e9quilibrage, constitue le c\u0153ur de ce rotobroyeur et fait du mod\u00e8le KP une machine extr\u00eamement fiable et dot\u00e9e d\u2019une tr\u00e8s longue dur\u00e9e de vie.<\/p>\n","protected":false},"excerpt":{"rendered":"<p>Le rotobroyeur KP est une machine compacte mais de construction tr\u00e8s solide. Il peut d\u00e9j\u00e0 \u00eatre utilis\u00e9 avec des tracteurs de 25 ch.<\/p>\n","protected":false},"featured_media":13256,"template":"","meta":{"_acf_changed":false},"product_brand":[],"product_cat":[1828],"product_tag":[],"class_list":{"0":"post-6475","1":"product","2":"type-product","3":"status-publish","4":"has-post-thumbnail","6":"product_cat-rotobroyeurs","7":"pa_aftakas-opm-540-fr","8":"pa_denkende-schijf-nee-fr","9":"pa_hefinrichting-tractor-cat-i-ii-fr","10":"pa_max-verstrek-midden-cm-110-fr","11":"pa_max-verstrek-midden-cm-140-fr","12":"pa_max-verstrek-midden-cm-154-fr","13":"pa_max-verstrek-midden-cm-80-fr","15":"first","16":"instock","17":"shipping-taxable","18":"product-type-simple"},"acf":[],"yoast_head":"<!-- This site is optimized with the Yoast SEO plugin v27.4 - https:\/\/yoast.com\/product\/yoast-seo-wordpress\/ -->\n<title>Rotobroyeur compact, s\u00e9rie KP - PERFECT - Van Wamel<\/title>\n<meta name=\"robots\" content=\"index, follow, max-snippet:-1, max-image-preview:large, max-video-preview:-1\" \/>\n<link rel=\"canonical\" href=\"https:\/\/www.perfectvanwamel.com\/fr\/produit\/rotobroyeur-compact-serie-kp\/\" \/>\n<meta property=\"og:locale\" content=\"fr_FR\" \/>\n<meta property=\"og:type\" content=\"article\" \/>\n<meta property=\"og:title\" content=\"Rotobroyeur compact, s\u00e9rie KP - PERFECT - Van Wamel\" \/>\n<meta property=\"og:description\" content=\"Le rotobroyeur KP est une machine compacte mais de construction tr\u00e8s solide. Il peut d\u00e9j\u00e0 \u00eatre utilis\u00e9 avec des tracteurs de 25 ch.\" \/>\n<meta property=\"og:url\" content=\"https:\/\/www.perfectvanwamel.com\/fr\/produit\/rotobroyeur-compact-serie-kp\/\" \/>\n<meta property=\"og:site_name\" content=\"PERFECT - Van Wamel\" \/>\n<meta property=\"article:modified_time\" content=\"2020-10-29T19:34:59+00:00\" \/>\n<meta property=\"og:image\" content=\"https:\/\/staging.perfectvanwamel.com\/wp-content\/uploads\/2020\/04\/01-PERFECT-maaier-KP-Hydraulisch-verstek.jpg\" \/>\n\t<meta property=\"og:image:width\" content=\"1408\" \/>\n\t<meta property=\"og:image:height\" content=\"1056\" \/>\n\t<meta property=\"og:image:type\" content=\"image\/jpeg\" \/>\n<meta name=\"twitter:card\" content=\"summary_large_image\" \/>\n<meta name=\"twitter:label1\" content=\"Dur\u00e9e de lecture estim\u00e9e\" \/>\n\t<meta name=\"twitter:data1\" content=\"1 minute\" \/>\n<script type=\"application\/ld+json\" class=\"yoast-schema-graph\">{\"@context\":\"https:\\\/\\\/schema.org\",\"@graph\":[{\"@type\":\"WebPage\",\"@id\":\"https:\\\/\\\/www.perfectvanwamel.com\\\/fr\\\/produit\\\/rotobroyeur-compact-serie-kp\\\/\",\"url\":\"https:\\\/\\\/www.perfectvanwamel.com\\\/fr\\\/produit\\\/rotobroyeur-compact-serie-kp\\\/\",\"name\":\"Rotobroyeur compact, s\u00e9rie KP - PERFECT - Van Wamel\",\"isPartOf\":{\"@id\":\"https:\\\/\\\/www.perfectvanwamel.com\\\/fr\\\/#website\"},\"primaryImageOfPage\":{\"@id\":\"https:\\\/\\\/www.perfectvanwamel.com\\\/fr\\\/produit\\\/rotobroyeur-compact-serie-kp\\\/#primaryimage\"},\"image\":{\"@id\":\"https:\\\/\\\/www.perfectvanwamel.com\\\/fr\\\/produit\\\/rotobroyeur-compact-serie-kp\\\/#primaryimage\"},\"thumbnailUrl\":\"https:\\\/\\\/www.perfectvanwamel.com\\\/wp-content\\\/uploads\\\/2020\\\/04\\\/KP-vrijstaand1.png\",\"datePublished\":\"2020-04-28T05:36:28+00:00\",\"dateModified\":\"2020-10-29T19:34:59+00:00\",\"breadcrumb\":{\"@id\":\"https:\\\/\\\/www.perfectvanwamel.com\\\/fr\\\/produit\\\/rotobroyeur-compact-serie-kp\\\/#breadcrumb\"},\"inLanguage\":\"fr-FR\",\"potentialAction\":[{\"@type\":\"ReadAction\",\"target\":[\"https:\\\/\\\/www.perfectvanwamel.com\\\/fr\\\/produit\\\/rotobroyeur-compact-serie-kp\\\/\"]}]},{\"@type\":\"ImageObject\",\"inLanguage\":\"fr-FR\",\"@id\":\"https:\\\/\\\/www.perfectvanwamel.com\\\/fr\\\/produit\\\/rotobroyeur-compact-serie-kp\\\/#primaryimage\",\"url\":\"https:\\\/\\\/www.perfectvanwamel.com\\\/wp-content\\\/uploads\\\/2020\\\/04\\\/KP-vrijstaand1.png\",\"contentUrl\":\"https:\\\/\\\/www.perfectvanwamel.com\\\/wp-content\\\/uploads\\\/2020\\\/04\\\/KP-vrijstaand1.png\",\"width\":2000,\"height\":1333},{\"@type\":\"BreadcrumbList\",\"@id\":\"https:\\\/\\\/www.perfectvanwamel.com\\\/fr\\\/produit\\\/rotobroyeur-compact-serie-kp\\\/#breadcrumb\",\"itemListElement\":[{\"@type\":\"ListItem\",\"position\":1,\"name\":\"Home\",\"item\":\"https:\\\/\\\/staging.perfectvanwamel.com\\\/fr\\\/\"},{\"@type\":\"ListItem\",\"position\":2,\"name\":\"Produits\",\"item\":\"https:\\\/\\\/www.perfectvanwamel.com\\\/fr\\\/technologie\\\/\"},{\"@type\":\"ListItem\",\"position\":3,\"name\":\"Rotobroyeur compact, s\u00e9rie KP\"}]},{\"@type\":\"WebSite\",\"@id\":\"https:\\\/\\\/www.perfectvanwamel.com\\\/fr\\\/#website\",\"url\":\"https:\\\/\\\/www.perfectvanwamel.com\\\/fr\\\/\",\"name\":\"PERFECT - Van Wamel\",\"description\":\"\",\"potentialAction\":[{\"@type\":\"SearchAction\",\"target\":{\"@type\":\"EntryPoint\",\"urlTemplate\":\"https:\\\/\\\/www.perfectvanwamel.com\\\/fr\\\/?s={search_term_string}\"},\"query-input\":{\"@type\":\"PropertyValueSpecification\",\"valueRequired\":true,\"valueName\":\"search_term_string\"}}],\"inLanguage\":\"fr-FR\"}]}<\/script>\n<!-- \/ Yoast SEO plugin. -->","yoast_head_json":{"title":"Rotobroyeur compact, s\u00e9rie KP - PERFECT - Van Wamel","robots":{"index":"index","follow":"follow","max-snippet":"max-snippet:-1","max-image-preview":"max-image-preview:large","max-video-preview":"max-video-preview:-1"},"canonical":"https:\/\/www.perfectvanwamel.com\/fr\/produit\/rotobroyeur-compact-serie-kp\/","og_locale":"fr_FR","og_type":"article","og_title":"Rotobroyeur compact, s\u00e9rie KP - PERFECT - Van Wamel","og_description":"Le rotobroyeur KP est une machine compacte mais de construction tr\u00e8s solide. Il peut d\u00e9j\u00e0 \u00eatre utilis\u00e9 avec des tracteurs de 25 ch.","og_url":"https:\/\/www.perfectvanwamel.com\/fr\/produit\/rotobroyeur-compact-serie-kp\/","og_site_name":"PERFECT - Van Wamel","article_modified_time":"2020-10-29T19:34:59+00:00","og_image":[{"width":1408,"height":1056,"url":"https:\/\/staging.perfectvanwamel.com\/wp-content\/uploads\/2020\/04\/01-PERFECT-maaier-KP-Hydraulisch-verstek.jpg","type":"image\/jpeg"}],"twitter_card":"summary_large_image","twitter_misc":{"Dur\u00e9e de lecture estim\u00e9e":"1 minute"},"schema":{"@context":"https:\/\/schema.org","@graph":[{"@type":"WebPage","@id":"https:\/\/www.perfectvanwamel.com\/fr\/produit\/rotobroyeur-compact-serie-kp\/","url":"https:\/\/www.perfectvanwamel.com\/fr\/produit\/rotobroyeur-compact-serie-kp\/","name":"Rotobroyeur compact, s\u00e9rie KP - PERFECT - Van Wamel","isPartOf":{"@id":"https:\/\/www.perfectvanwamel.com\/fr\/#website"},"primaryImageOfPage":{"@id":"https:\/\/www.perfectvanwamel.com\/fr\/produit\/rotobroyeur-compact-serie-kp\/#primaryimage"},"image":{"@id":"https:\/\/www.perfectvanwamel.com\/fr\/produit\/rotobroyeur-compact-serie-kp\/#primaryimage"},"thumbnailUrl":"https:\/\/www.perfectvanwamel.com\/wp-content\/uploads\/2020\/04\/KP-vrijstaand1.png","datePublished":"2020-04-28T05:36:28+00:00","dateModified":"2020-10-29T19:34:59+00:00","breadcrumb":{"@id":"https:\/\/www.perfectvanwamel.com\/fr\/produit\/rotobroyeur-compact-serie-kp\/#breadcrumb"},"inLanguage":"fr-FR","potentialAction":[{"@type":"ReadAction","target":["https:\/\/www.perfectvanwamel.com\/fr\/produit\/rotobroyeur-compact-serie-kp\/"]}]},{"@type":"ImageObject","inLanguage":"fr-FR","@id":"https:\/\/www.perfectvanwamel.com\/fr\/produit\/rotobroyeur-compact-serie-kp\/#primaryimage","url":"https:\/\/www.perfectvanwamel.com\/wp-content\/uploads\/2020\/04\/KP-vrijstaand1.png","contentUrl":"https:\/\/www.perfectvanwamel.com\/wp-content\/uploads\/2020\/04\/KP-vrijstaand1.png","width":2000,"height":1333},{"@type":"BreadcrumbList","@id":"https:\/\/www.perfectvanwamel.com\/fr\/produit\/rotobroyeur-compact-serie-kp\/#breadcrumb","itemListElement":[{"@type":"ListItem","position":1,"name":"Home","item":"https:\/\/staging.perfectvanwamel.com\/fr\/"},{"@type":"ListItem","position":2,"name":"Produits","item":"https:\/\/www.perfectvanwamel.com\/fr\/technologie\/"},{"@type":"ListItem","position":3,"name":"Rotobroyeur compact, s\u00e9rie KP"}]},{"@type":"WebSite","@id":"https:\/\/www.perfectvanwamel.com\/fr\/#website","url":"https:\/\/www.perfectvanwamel.com\/fr\/","name":"PERFECT - Van Wamel","description":"","potentialAction":[{"@type":"SearchAction","target":{"@type":"EntryPoint","urlTemplate":"https:\/\/www.perfectvanwamel.com\/fr\/?s={search_term_string}"},"query-input":{"@type":"PropertyValueSpecification","valueRequired":true,"valueName":"search_term_string"}}],"inLanguage":"fr-FR"}]}},"_links":{"self":[{"href":"https:\/\/www.perfectvanwamel.com\/fr\/wp-json\/wp\/v2\/product\/6475","targetHints":{"allow":["GET"]}}],"collection":[{"href":"https:\/\/www.perfectvanwamel.com\/fr\/wp-json\/wp\/v2\/product"}],"about":[{"href":"https:\/\/www.perfectvanwamel.com\/fr\/wp-json\/wp\/v2\/types\/product"}],"wp:featuredmedia":[{"embeddable":true,"href":"https:\/\/www.perfectvanwamel.com\/fr\/wp-json\/wp\/v2\/media\/13256"}],"wp:attachment":[{"href":"https:\/\/www.perfectvanwamel.com\/fr\/wp-json\/wp\/v2\/media?parent=6475"}],"wp:term":[{"taxonomy":"product_brand","embeddable":true,"href":"https:\/\/www.perfectvanwamel.com\/fr\/wp-json\/wp\/v2\/product_brand?post=6475"},{"taxonomy":"product_cat","embeddable":true,"href":"https:\/\/www.perfectvanwamel.com\/fr\/wp-json\/wp\/v2\/product_cat?post=6475"},{"taxonomy":"product_tag","embeddable":true,"href":"https:\/\/www.perfectvanwamel.com\/fr\/wp-json\/wp\/v2\/product_tag?post=6475"}],"curies":[{"name":"wp","href":"https:\/\/api.w.org\/{rel}","templated":true}]}}