{"id":6476,"date":"2020-04-28T07:44:33","date_gmt":"2020-04-28T05:44:33","guid":{"rendered":"https:\/\/www.perfectvanwamel.com\/product\/rotobroyeur-pour-montage-a-larriere-serie-kw\/"},"modified":"2020-04-28T07:44:33","modified_gmt":"2020-04-28T05:44:33","slug":"rotobroyeur-pour-montage-a-larriere-serie-kw","status":"publish","type":"product","link":"https:\/\/www.perfectvanwamel.com\/fr\/produit\/rotobroyeur-pour-montage-a-larriere-serie-kw\/","title":{"rendered":"Rotobroyeur pour montage \u00e0 l\u2019arri\u00e8re, s\u00e9rie KW"},"content":{"rendered":"<p>Le rotobroyeur KW est dot\u00e9 d\u2019un puissant entra\u00eenement de 540 tpm avec courroie trap\u00e9zo\u00efdale \u00e0 tension automatique. La bo\u00eete \u00e0 engrenages est pourvue d\u2019un embrayage.<\/p>\n<p>Ce robuste rotobroyeur est ex\u00e9cut\u00e9 avec des marteaux de 0,9 kg ; des marteaux Flex peuvent \u00eatre mont\u00e9s en option, qui prot\u00e8gent la machine contre les d\u00e9g\u00e2ts pouvant \u00eatre caus\u00e9s par des pierres ou autres objets durs. D\u00e9port hydraulique \u00e9galement livrable en option.<\/p>\n<p>Le robuste arbre \u00e0 marteaux de grand diam\u00e8tre est une garantie de capacit\u00e9 et de fiabilit\u00e9. Pour garantir une dur\u00e9e de vie prolong\u00e9e du rotobroyeur, les arbres de marteaux sont doublement \u00e9quilibr\u00e9s.<\/p>\n","protected":false},"excerpt":{"rendered":"<p>Le rotobroyeur KW est une machine tr\u00e8s robuste et polyvalente. Il convient pour un montage \u00e0 l\u2019arri\u00e8re du tracteur et dispose d\u2019un m\u00e9canisme de d\u00e9port tr\u00e8s simple.<\/p>\n","protected":false},"featured_media":13260,"template":"","meta":{"_acf_changed":false},"product_brand":[],"product_cat":[1828],"product_tag":[],"class_list":{"0":"post-6476","1":"product","2":"type-product","3":"status-publish","4":"has-post-thumbnail","6":"product_cat-rotobroyeurs","7":"pa_aftakas-opm-540-fr","8":"pa_denkende-schijf-nee-fr","9":"pa_gewicht-kg-830-fr","10":"pa_gewicht-kg-875-fr","11":"pa_gewicht-kg-920-fr","12":"pa_hefinrichting-tractor-cat-ii-fr","13":"pa_max-verstrek-midden-cm-135-fr","14":"pa_max-verstrek-midden-cm-160-fr","15":"pa_max-verstrek-midden-cm-190-fr","16":"pa_min-benodigd-vermogen-kw-pk-33-45-fr","17":"pa_min-benodigd-vermogen-kw-pk-40-55-fr","18":"pa_min-benodigd-vermogen-kw-pk-48-65-fr","19":"pa_totale-breedte-cm-261-fr","20":"pa_totale-breedte-cm-286-fr","21":"pa_totale-breedte-cm-316-fr","22":"pa_werkbreedte-cm-245-fr","23":"pa_werkbreedte-cm-270-fr","24":"pa_werkbreedte-cm-300-fr","26":"first","27":"instock","28":"shipping-taxable","29":"product-type-simple"},"acf":[],"yoast_head":"<!-- This site is optimized with the Yoast SEO plugin v27.5 - https:\/\/yoast.com\/product\/yoast-seo-wordpress\/ -->\n<title>Rotobroyeur pour montage \u00e0 l\u2019arri\u00e8re, s\u00e9rie KW - PERFECT - Van Wamel<\/title>\n<meta name=\"robots\" content=\"index, follow, max-snippet:-1, max-image-preview:large, max-video-preview:-1\" \/>\n<link rel=\"canonical\" href=\"https:\/\/www.perfectvanwamel.com\/fr\/produit\/rotobroyeur-pour-montage-a-larriere-serie-kw\/\" \/>\n<meta property=\"og:locale\" content=\"fr_FR\" \/>\n<meta property=\"og:type\" content=\"article\" \/>\n<meta property=\"og:title\" content=\"Rotobroyeur pour montage \u00e0 l\u2019arri\u00e8re, s\u00e9rie KW - PERFECT - Van Wamel\" \/>\n<meta property=\"og:description\" content=\"Le rotobroyeur KW est une machine tr\u00e8s robuste et polyvalente. Il convient pour un montage \u00e0 l\u2019arri\u00e8re du tracteur et dispose d\u2019un m\u00e9canisme de d\u00e9port tr\u00e8s simple.\" \/>\n<meta property=\"og:url\" content=\"https:\/\/www.perfectvanwamel.com\/fr\/produit\/rotobroyeur-pour-montage-a-larriere-serie-kw\/\" \/>\n<meta property=\"og:site_name\" content=\"PERFECT - Van Wamel\" \/>\n<meta property=\"og:image\" content=\"https:\/\/staging.perfectvanwamel.com\/wp-content\/uploads\/2020\/04\/01-PEFECT-klepelmaaier-KW-300.jpeg\" \/>\n\t<meta property=\"og:image:width\" content=\"1536\" \/>\n\t<meta property=\"og:image:height\" content=\"1152\" \/>\n\t<meta property=\"og:image:type\" content=\"image\/jpeg\" \/>\n<meta name=\"twitter:card\" content=\"summary_large_image\" \/>\n<meta name=\"twitter:label1\" content=\"Dur\u00e9e de lecture estim\u00e9e\" \/>\n\t<meta name=\"twitter:data1\" content=\"1 minute\" \/>\n<script type=\"application\/ld+json\" class=\"yoast-schema-graph\">{\"@context\":\"https:\\\/\\\/schema.org\",\"@graph\":[{\"@type\":\"WebPage\",\"@id\":\"https:\\\/\\\/www.perfectvanwamel.com\\\/fr\\\/produit\\\/rotobroyeur-pour-montage-a-larriere-serie-kw\\\/\",\"url\":\"https:\\\/\\\/www.perfectvanwamel.com\\\/fr\\\/produit\\\/rotobroyeur-pour-montage-a-larriere-serie-kw\\\/\",\"name\":\"Rotobroyeur pour montage \u00e0 l\u2019arri\u00e8re, s\u00e9rie KW - PERFECT - Van Wamel\",\"isPartOf\":{\"@id\":\"https:\\\/\\\/www.perfectvanwamel.com\\\/fr\\\/#website\"},\"primaryImageOfPage\":{\"@id\":\"https:\\\/\\\/www.perfectvanwamel.com\\\/fr\\\/produit\\\/rotobroyeur-pour-montage-a-larriere-serie-kw\\\/#primaryimage\"},\"image\":{\"@id\":\"https:\\\/\\\/www.perfectvanwamel.com\\\/fr\\\/produit\\\/rotobroyeur-pour-montage-a-larriere-serie-kw\\\/#primaryimage\"},\"thumbnailUrl\":\"https:\\\/\\\/www.perfectvanwamel.com\\\/wp-content\\\/uploads\\\/2020\\\/04\\\/KW-vrijstaand.png\",\"datePublished\":\"2020-04-28T05:44:33+00:00\",\"breadcrumb\":{\"@id\":\"https:\\\/\\\/www.perfectvanwamel.com\\\/fr\\\/produit\\\/rotobroyeur-pour-montage-a-larriere-serie-kw\\\/#breadcrumb\"},\"inLanguage\":\"fr-FR\",\"potentialAction\":[{\"@type\":\"ReadAction\",\"target\":[\"https:\\\/\\\/www.perfectvanwamel.com\\\/fr\\\/produit\\\/rotobroyeur-pour-montage-a-larriere-serie-kw\\\/\"]}]},{\"@type\":\"ImageObject\",\"inLanguage\":\"fr-FR\",\"@id\":\"https:\\\/\\\/www.perfectvanwamel.com\\\/fr\\\/produit\\\/rotobroyeur-pour-montage-a-larriere-serie-kw\\\/#primaryimage\",\"url\":\"https:\\\/\\\/www.perfectvanwamel.com\\\/wp-content\\\/uploads\\\/2020\\\/04\\\/KW-vrijstaand.png\",\"contentUrl\":\"https:\\\/\\\/www.perfectvanwamel.com\\\/wp-content\\\/uploads\\\/2020\\\/04\\\/KW-vrijstaand.png\",\"width\":2000,\"height\":1333},{\"@type\":\"BreadcrumbList\",\"@id\":\"https:\\\/\\\/www.perfectvanwamel.com\\\/fr\\\/produit\\\/rotobroyeur-pour-montage-a-larriere-serie-kw\\\/#breadcrumb\",\"itemListElement\":[{\"@type\":\"ListItem\",\"position\":1,\"name\":\"Home\",\"item\":\"https:\\\/\\\/staging.perfectvanwamel.com\\\/fr\\\/\"},{\"@type\":\"ListItem\",\"position\":2,\"name\":\"Produits\",\"item\":\"https:\\\/\\\/www.perfectvanwamel.com\\\/fr\\\/technologie\\\/\"},{\"@type\":\"ListItem\",\"position\":3,\"name\":\"Rotobroyeur pour montage \u00e0 l\u2019arri\u00e8re, s\u00e9rie KW\"}]},{\"@type\":\"WebSite\",\"@id\":\"https:\\\/\\\/www.perfectvanwamel.com\\\/fr\\\/#website\",\"url\":\"https:\\\/\\\/www.perfectvanwamel.com\\\/fr\\\/\",\"name\":\"PERFECT - Van Wamel\",\"description\":\"\",\"potentialAction\":[{\"@type\":\"SearchAction\",\"target\":{\"@type\":\"EntryPoint\",\"urlTemplate\":\"https:\\\/\\\/www.perfectvanwamel.com\\\/fr\\\/?s={search_term_string}\"},\"query-input\":{\"@type\":\"PropertyValueSpecification\",\"valueRequired\":true,\"valueName\":\"search_term_string\"}}],\"inLanguage\":\"fr-FR\"}]}<\/script>\n<!-- \/ Yoast SEO plugin. -->","yoast_head_json":{"title":"Rotobroyeur pour montage \u00e0 l\u2019arri\u00e8re, s\u00e9rie KW - PERFECT - Van Wamel","robots":{"index":"index","follow":"follow","max-snippet":"max-snippet:-1","max-image-preview":"max-image-preview:large","max-video-preview":"max-video-preview:-1"},"canonical":"https:\/\/www.perfectvanwamel.com\/fr\/produit\/rotobroyeur-pour-montage-a-larriere-serie-kw\/","og_locale":"fr_FR","og_type":"article","og_title":"Rotobroyeur pour montage \u00e0 l\u2019arri\u00e8re, s\u00e9rie KW - PERFECT - Van Wamel","og_description":"Le rotobroyeur KW est une machine tr\u00e8s robuste et polyvalente. Il convient pour un montage \u00e0 l\u2019arri\u00e8re du tracteur et dispose d\u2019un m\u00e9canisme de d\u00e9port tr\u00e8s simple.","og_url":"https:\/\/www.perfectvanwamel.com\/fr\/produit\/rotobroyeur-pour-montage-a-larriere-serie-kw\/","og_site_name":"PERFECT - Van Wamel","og_image":[{"width":1536,"height":1152,"url":"https:\/\/staging.perfectvanwamel.com\/wp-content\/uploads\/2020\/04\/01-PEFECT-klepelmaaier-KW-300.jpeg","type":"image\/jpeg"}],"twitter_card":"summary_large_image","twitter_misc":{"Dur\u00e9e de lecture estim\u00e9e":"1 minute"},"schema":{"@context":"https:\/\/schema.org","@graph":[{"@type":"WebPage","@id":"https:\/\/www.perfectvanwamel.com\/fr\/produit\/rotobroyeur-pour-montage-a-larriere-serie-kw\/","url":"https:\/\/www.perfectvanwamel.com\/fr\/produit\/rotobroyeur-pour-montage-a-larriere-serie-kw\/","name":"Rotobroyeur pour montage \u00e0 l\u2019arri\u00e8re, s\u00e9rie KW - PERFECT - Van Wamel","isPartOf":{"@id":"https:\/\/www.perfectvanwamel.com\/fr\/#website"},"primaryImageOfPage":{"@id":"https:\/\/www.perfectvanwamel.com\/fr\/produit\/rotobroyeur-pour-montage-a-larriere-serie-kw\/#primaryimage"},"image":{"@id":"https:\/\/www.perfectvanwamel.com\/fr\/produit\/rotobroyeur-pour-montage-a-larriere-serie-kw\/#primaryimage"},"thumbnailUrl":"https:\/\/www.perfectvanwamel.com\/wp-content\/uploads\/2020\/04\/KW-vrijstaand.png","datePublished":"2020-04-28T05:44:33+00:00","breadcrumb":{"@id":"https:\/\/www.perfectvanwamel.com\/fr\/produit\/rotobroyeur-pour-montage-a-larriere-serie-kw\/#breadcrumb"},"inLanguage":"fr-FR","potentialAction":[{"@type":"ReadAction","target":["https:\/\/www.perfectvanwamel.com\/fr\/produit\/rotobroyeur-pour-montage-a-larriere-serie-kw\/"]}]},{"@type":"ImageObject","inLanguage":"fr-FR","@id":"https:\/\/www.perfectvanwamel.com\/fr\/produit\/rotobroyeur-pour-montage-a-larriere-serie-kw\/#primaryimage","url":"https:\/\/www.perfectvanwamel.com\/wp-content\/uploads\/2020\/04\/KW-vrijstaand.png","contentUrl":"https:\/\/www.perfectvanwamel.com\/wp-content\/uploads\/2020\/04\/KW-vrijstaand.png","width":2000,"height":1333},{"@type":"BreadcrumbList","@id":"https:\/\/www.perfectvanwamel.com\/fr\/produit\/rotobroyeur-pour-montage-a-larriere-serie-kw\/#breadcrumb","itemListElement":[{"@type":"ListItem","position":1,"name":"Home","item":"https:\/\/staging.perfectvanwamel.com\/fr\/"},{"@type":"ListItem","position":2,"name":"Produits","item":"https:\/\/www.perfectvanwamel.com\/fr\/technologie\/"},{"@type":"ListItem","position":3,"name":"Rotobroyeur pour montage \u00e0 l\u2019arri\u00e8re, s\u00e9rie KW"}]},{"@type":"WebSite","@id":"https:\/\/www.perfectvanwamel.com\/fr\/#website","url":"https:\/\/www.perfectvanwamel.com\/fr\/","name":"PERFECT - Van Wamel","description":"","potentialAction":[{"@type":"SearchAction","target":{"@type":"EntryPoint","urlTemplate":"https:\/\/www.perfectvanwamel.com\/fr\/?s={search_term_string}"},"query-input":{"@type":"PropertyValueSpecification","valueRequired":true,"valueName":"search_term_string"}}],"inLanguage":"fr-FR"}]}},"_links":{"self":[{"href":"https:\/\/www.perfectvanwamel.com\/fr\/wp-json\/wp\/v2\/product\/6476","targetHints":{"allow":["GET"]}}],"collection":[{"href":"https:\/\/www.perfectvanwamel.com\/fr\/wp-json\/wp\/v2\/product"}],"about":[{"href":"https:\/\/www.perfectvanwamel.com\/fr\/wp-json\/wp\/v2\/types\/product"}],"wp:featuredmedia":[{"embeddable":true,"href":"https:\/\/www.perfectvanwamel.com\/fr\/wp-json\/wp\/v2\/media\/13260"}],"wp:attachment":[{"href":"https:\/\/www.perfectvanwamel.com\/fr\/wp-json\/wp\/v2\/media?parent=6476"}],"wp:term":[{"taxonomy":"product_brand","embeddable":true,"href":"https:\/\/www.perfectvanwamel.com\/fr\/wp-json\/wp\/v2\/product_brand?post=6476"},{"taxonomy":"product_cat","embeddable":true,"href":"https:\/\/www.perfectvanwamel.com\/fr\/wp-json\/wp\/v2\/product_cat?post=6476"},{"taxonomy":"product_tag","embeddable":true,"href":"https:\/\/www.perfectvanwamel.com\/fr\/wp-json\/wp\/v2\/product_tag?post=6476"}],"curies":[{"name":"wp","href":"https:\/\/api.w.org\/{rel}","templated":true}]}}