{"id":6477,"date":"2020-04-28T07:52:17","date_gmt":"2020-04-28T05:52:17","guid":{"rendered":"https:\/\/www.perfectvanwamel.com\/product\/rotobroyeur-serie-kr\/"},"modified":"2022-11-30T21:44:05","modified_gmt":"2022-11-30T20:44:05","slug":"rotobroyeur-serie-kr","status":"publish","type":"product","link":"https:\/\/www.perfectvanwamel.com\/fr\/produit\/rotobroyeur-serie-kr\/","title":{"rendered":"Rotobroyeur pour montage \u00e0 l\u2019avant ou \u00e0 l\u2019arri\u00e8re du tracteur, s\u00e9rie KR"},"content":{"rendered":"<p>Le KR est \u00e9quip\u00e9 d\u2019un puissant entra\u00eenement de 1000 tpm. Gr\u00e2ce \u00e0 la tension automatique de la courroie trap\u00e9zo\u00efdale, la machine dispose d\u2019une capacit\u00e9 constante et \u00e9lev\u00e9e.<\/p>\n<p>Ce rotobroyeur est \u00e9quip\u00e9 en s\u00e9rie de marteaux de 0,9 kg mais peut \u00e9galement \u00eatre livr\u00e9 avec des marteaux Flex, qui offrent une excellente protection contre les d\u00e9g\u00e2ts pouvant \u00eatre caus\u00e9s par des pierres ou autres objets.<\/p>\n<p>Gr\u00e2ce \u00e0 l\u2019arbre \u00e0 marteaux \u00e0 double \u00e9quilibrage, une protection optimale contre les d\u00e9s\u00e9quilibres est garantie, augmentant la dur\u00e9e de vie des coussinets et de la machine dans son ensemble.<\/p>\n","protected":false},"excerpt":{"rendered":"<p>Le rotobroyeur KR est une tr\u00e8s robuste machine avec une largeur de travail pouvant aller jusqu\u2019\u00e0 3 m\u00e8tres et peut \u00eatre mont\u00e9 tant \u00e0 l\u2019avant qu\u2019\u00e0 l\u2019arri\u00e8re du tracteur. Le d\u00e9port hydraulique standard permet d\u2019utiliser le KR dans de nombreuses situations.<\/p>\n","protected":false},"featured_media":13272,"template":"","meta":{"_acf_changed":false},"product_brand":[],"product_cat":[1828],"product_tag":[],"class_list":{"0":"post-6477","1":"product","2":"type-product","3":"status-publish","4":"has-post-thumbnail","6":"product_cat-rotobroyeurs","7":"pa_aftakas-opm-540-fr","8":"pa_denkende-schijf-nee-fr","9":"pa_gewicht-kg-1020-fr","10":"pa_gewicht-kg-930-fr","11":"pa_gewicht-kg-975-fr","12":"pa_hefinrichting-tractor-cat-ii-fr","13":"pa_max-verstrek-midden-cm-135-fr","14":"pa_max-verstrek-midden-cm-160-fr","15":"pa_max-verstrek-midden-cm-190-fr","16":"pa_min-benodigd-vermogen-kw-pk-33-45-fr","17":"pa_min-benodigd-vermogen-kw-pk-40-45-fr","18":"pa_min-benodigd-vermogen-kw-pk-48-65-fr","19":"pa_totale-breedte-cm-261-fr","20":"pa_totale-breedte-cm-286-fr","21":"pa_totale-breedte-cm-316-fr","22":"pa_werkbreedte-cm-245-fr","23":"pa_werkbreedte-cm-270-fr","24":"pa_werkbreedte-cm-300-fr","26":"first","27":"instock","28":"shipping-taxable","29":"product-type-simple"},"acf":[],"yoast_head":"<!-- This site is optimized with the Yoast SEO plugin v27.4 - https:\/\/yoast.com\/product\/yoast-seo-wordpress\/ -->\n<title>Rotobroyeur pour montage \u00e0 l\u2019avant ou \u00e0 l\u2019arri\u00e8re du tracteur, s\u00e9rie KR - PERFECT - Van Wamel<\/title>\n<meta name=\"robots\" content=\"index, follow, max-snippet:-1, max-image-preview:large, max-video-preview:-1\" \/>\n<link rel=\"canonical\" href=\"https:\/\/www.perfectvanwamel.com\/fr\/produit\/rotobroyeur-serie-kr\/\" \/>\n<meta property=\"og:locale\" content=\"fr_FR\" \/>\n<meta property=\"og:type\" content=\"article\" \/>\n<meta property=\"og:title\" content=\"Rotobroyeur pour montage \u00e0 l\u2019avant ou \u00e0 l\u2019arri\u00e8re du tracteur, s\u00e9rie KR - PERFECT - Van Wamel\" \/>\n<meta property=\"og:description\" content=\"Le rotobroyeur KR est une tr\u00e8s robuste machine avec une largeur de travail pouvant aller jusqu\u2019\u00e0 3 m\u00e8tres et peut \u00eatre mont\u00e9 tant \u00e0 l\u2019avant qu\u2019\u00e0 l\u2019arri\u00e8re du tracteur. Le d\u00e9port hydraulique standard permet d\u2019utiliser le KR dans de nombreuses situations.\" \/>\n<meta property=\"og:url\" content=\"https:\/\/www.perfectvanwamel.com\/fr\/produit\/rotobroyeur-serie-kr\/\" \/>\n<meta property=\"og:site_name\" content=\"PERFECT - Van Wamel\" \/>\n<meta property=\"article:modified_time\" content=\"2022-11-30T20:44:05+00:00\" \/>\n<meta property=\"og:image\" content=\"https:\/\/staging.perfectvanwamel.com\/wp-content\/uploads\/2020\/04\/01-PERFECT-klepelmaaier-KR-aan-trekker.jpg\" \/>\n\t<meta property=\"og:image:width\" content=\"1516\" \/>\n\t<meta property=\"og:image:height\" content=\"1178\" \/>\n\t<meta property=\"og:image:type\" content=\"image\/jpeg\" \/>\n<meta name=\"twitter:card\" content=\"summary_large_image\" \/>\n<meta name=\"twitter:label1\" content=\"Dur\u00e9e de lecture estim\u00e9e\" \/>\n\t<meta name=\"twitter:data1\" content=\"1 minute\" \/>\n<script type=\"application\/ld+json\" class=\"yoast-schema-graph\">{\"@context\":\"https:\\\/\\\/schema.org\",\"@graph\":[{\"@type\":\"WebPage\",\"@id\":\"https:\\\/\\\/www.perfectvanwamel.com\\\/fr\\\/produit\\\/rotobroyeur-serie-kr\\\/\",\"url\":\"https:\\\/\\\/www.perfectvanwamel.com\\\/fr\\\/produit\\\/rotobroyeur-serie-kr\\\/\",\"name\":\"Rotobroyeur pour montage \u00e0 l\u2019avant ou \u00e0 l\u2019arri\u00e8re du tracteur, s\u00e9rie KR - PERFECT - Van Wamel\",\"isPartOf\":{\"@id\":\"https:\\\/\\\/www.perfectvanwamel.com\\\/fr\\\/#website\"},\"primaryImageOfPage\":{\"@id\":\"https:\\\/\\\/www.perfectvanwamel.com\\\/fr\\\/produit\\\/rotobroyeur-serie-kr\\\/#primaryimage\"},\"image\":{\"@id\":\"https:\\\/\\\/www.perfectvanwamel.com\\\/fr\\\/produit\\\/rotobroyeur-serie-kr\\\/#primaryimage\"},\"thumbnailUrl\":\"https:\\\/\\\/www.perfectvanwamel.com\\\/wp-content\\\/uploads\\\/2020\\\/04\\\/KR-vrijstaand.png\",\"datePublished\":\"2020-04-28T05:52:17+00:00\",\"dateModified\":\"2022-11-30T20:44:05+00:00\",\"breadcrumb\":{\"@id\":\"https:\\\/\\\/www.perfectvanwamel.com\\\/fr\\\/produit\\\/rotobroyeur-serie-kr\\\/#breadcrumb\"},\"inLanguage\":\"fr-FR\",\"potentialAction\":[{\"@type\":\"ReadAction\",\"target\":[\"https:\\\/\\\/www.perfectvanwamel.com\\\/fr\\\/produit\\\/rotobroyeur-serie-kr\\\/\"]}]},{\"@type\":\"ImageObject\",\"inLanguage\":\"fr-FR\",\"@id\":\"https:\\\/\\\/www.perfectvanwamel.com\\\/fr\\\/produit\\\/rotobroyeur-serie-kr\\\/#primaryimage\",\"url\":\"https:\\\/\\\/www.perfectvanwamel.com\\\/wp-content\\\/uploads\\\/2020\\\/04\\\/KR-vrijstaand.png\",\"contentUrl\":\"https:\\\/\\\/www.perfectvanwamel.com\\\/wp-content\\\/uploads\\\/2020\\\/04\\\/KR-vrijstaand.png\",\"width\":2000,\"height\":1333,\"caption\":\"KR vrijstaand\"},{\"@type\":\"BreadcrumbList\",\"@id\":\"https:\\\/\\\/www.perfectvanwamel.com\\\/fr\\\/produit\\\/rotobroyeur-serie-kr\\\/#breadcrumb\",\"itemListElement\":[{\"@type\":\"ListItem\",\"position\":1,\"name\":\"Home\",\"item\":\"https:\\\/\\\/staging.perfectvanwamel.com\\\/fr\\\/\"},{\"@type\":\"ListItem\",\"position\":2,\"name\":\"Produits\",\"item\":\"https:\\\/\\\/www.perfectvanwamel.com\\\/fr\\\/technologie\\\/\"},{\"@type\":\"ListItem\",\"position\":3,\"name\":\"Rotobroyeur pour montage \u00e0 l\u2019avant ou \u00e0 l\u2019arri\u00e8re du tracteur, s\u00e9rie KR\"}]},{\"@type\":\"WebSite\",\"@id\":\"https:\\\/\\\/www.perfectvanwamel.com\\\/fr\\\/#website\",\"url\":\"https:\\\/\\\/www.perfectvanwamel.com\\\/fr\\\/\",\"name\":\"PERFECT - Van Wamel\",\"description\":\"\",\"potentialAction\":[{\"@type\":\"SearchAction\",\"target\":{\"@type\":\"EntryPoint\",\"urlTemplate\":\"https:\\\/\\\/www.perfectvanwamel.com\\\/fr\\\/?s={search_term_string}\"},\"query-input\":{\"@type\":\"PropertyValueSpecification\",\"valueRequired\":true,\"valueName\":\"search_term_string\"}}],\"inLanguage\":\"fr-FR\"}]}<\/script>\n<!-- \/ Yoast SEO plugin. -->","yoast_head_json":{"title":"Rotobroyeur pour montage \u00e0 l\u2019avant ou \u00e0 l\u2019arri\u00e8re du tracteur, s\u00e9rie KR - PERFECT - Van Wamel","robots":{"index":"index","follow":"follow","max-snippet":"max-snippet:-1","max-image-preview":"max-image-preview:large","max-video-preview":"max-video-preview:-1"},"canonical":"https:\/\/www.perfectvanwamel.com\/fr\/produit\/rotobroyeur-serie-kr\/","og_locale":"fr_FR","og_type":"article","og_title":"Rotobroyeur pour montage \u00e0 l\u2019avant ou \u00e0 l\u2019arri\u00e8re du tracteur, s\u00e9rie KR - PERFECT - Van Wamel","og_description":"Le rotobroyeur KR est une tr\u00e8s robuste machine avec une largeur de travail pouvant aller jusqu\u2019\u00e0 3 m\u00e8tres et peut \u00eatre mont\u00e9 tant \u00e0 l\u2019avant qu\u2019\u00e0 l\u2019arri\u00e8re du tracteur. Le d\u00e9port hydraulique standard permet d\u2019utiliser le KR dans de nombreuses situations.","og_url":"https:\/\/www.perfectvanwamel.com\/fr\/produit\/rotobroyeur-serie-kr\/","og_site_name":"PERFECT - Van Wamel","article_modified_time":"2022-11-30T20:44:05+00:00","og_image":[{"width":1516,"height":1178,"url":"https:\/\/staging.perfectvanwamel.com\/wp-content\/uploads\/2020\/04\/01-PERFECT-klepelmaaier-KR-aan-trekker.jpg","type":"image\/jpeg"}],"twitter_card":"summary_large_image","twitter_misc":{"Dur\u00e9e de lecture estim\u00e9e":"1 minute"},"schema":{"@context":"https:\/\/schema.org","@graph":[{"@type":"WebPage","@id":"https:\/\/www.perfectvanwamel.com\/fr\/produit\/rotobroyeur-serie-kr\/","url":"https:\/\/www.perfectvanwamel.com\/fr\/produit\/rotobroyeur-serie-kr\/","name":"Rotobroyeur pour montage \u00e0 l\u2019avant ou \u00e0 l\u2019arri\u00e8re du tracteur, s\u00e9rie KR - PERFECT - Van Wamel","isPartOf":{"@id":"https:\/\/www.perfectvanwamel.com\/fr\/#website"},"primaryImageOfPage":{"@id":"https:\/\/www.perfectvanwamel.com\/fr\/produit\/rotobroyeur-serie-kr\/#primaryimage"},"image":{"@id":"https:\/\/www.perfectvanwamel.com\/fr\/produit\/rotobroyeur-serie-kr\/#primaryimage"},"thumbnailUrl":"https:\/\/www.perfectvanwamel.com\/wp-content\/uploads\/2020\/04\/KR-vrijstaand.png","datePublished":"2020-04-28T05:52:17+00:00","dateModified":"2022-11-30T20:44:05+00:00","breadcrumb":{"@id":"https:\/\/www.perfectvanwamel.com\/fr\/produit\/rotobroyeur-serie-kr\/#breadcrumb"},"inLanguage":"fr-FR","potentialAction":[{"@type":"ReadAction","target":["https:\/\/www.perfectvanwamel.com\/fr\/produit\/rotobroyeur-serie-kr\/"]}]},{"@type":"ImageObject","inLanguage":"fr-FR","@id":"https:\/\/www.perfectvanwamel.com\/fr\/produit\/rotobroyeur-serie-kr\/#primaryimage","url":"https:\/\/www.perfectvanwamel.com\/wp-content\/uploads\/2020\/04\/KR-vrijstaand.png","contentUrl":"https:\/\/www.perfectvanwamel.com\/wp-content\/uploads\/2020\/04\/KR-vrijstaand.png","width":2000,"height":1333,"caption":"KR vrijstaand"},{"@type":"BreadcrumbList","@id":"https:\/\/www.perfectvanwamel.com\/fr\/produit\/rotobroyeur-serie-kr\/#breadcrumb","itemListElement":[{"@type":"ListItem","position":1,"name":"Home","item":"https:\/\/staging.perfectvanwamel.com\/fr\/"},{"@type":"ListItem","position":2,"name":"Produits","item":"https:\/\/www.perfectvanwamel.com\/fr\/technologie\/"},{"@type":"ListItem","position":3,"name":"Rotobroyeur pour montage \u00e0 l\u2019avant ou \u00e0 l\u2019arri\u00e8re du tracteur, s\u00e9rie KR"}]},{"@type":"WebSite","@id":"https:\/\/www.perfectvanwamel.com\/fr\/#website","url":"https:\/\/www.perfectvanwamel.com\/fr\/","name":"PERFECT - Van Wamel","description":"","potentialAction":[{"@type":"SearchAction","target":{"@type":"EntryPoint","urlTemplate":"https:\/\/www.perfectvanwamel.com\/fr\/?s={search_term_string}"},"query-input":{"@type":"PropertyValueSpecification","valueRequired":true,"valueName":"search_term_string"}}],"inLanguage":"fr-FR"}]}},"_links":{"self":[{"href":"https:\/\/www.perfectvanwamel.com\/fr\/wp-json\/wp\/v2\/product\/6477","targetHints":{"allow":["GET"]}}],"collection":[{"href":"https:\/\/www.perfectvanwamel.com\/fr\/wp-json\/wp\/v2\/product"}],"about":[{"href":"https:\/\/www.perfectvanwamel.com\/fr\/wp-json\/wp\/v2\/types\/product"}],"wp:featuredmedia":[{"embeddable":true,"href":"https:\/\/www.perfectvanwamel.com\/fr\/wp-json\/wp\/v2\/media\/13272"}],"wp:attachment":[{"href":"https:\/\/www.perfectvanwamel.com\/fr\/wp-json\/wp\/v2\/media?parent=6477"}],"wp:term":[{"taxonomy":"product_brand","embeddable":true,"href":"https:\/\/www.perfectvanwamel.com\/fr\/wp-json\/wp\/v2\/product_brand?post=6477"},{"taxonomy":"product_cat","embeddable":true,"href":"https:\/\/www.perfectvanwamel.com\/fr\/wp-json\/wp\/v2\/product_cat?post=6477"},{"taxonomy":"product_tag","embeddable":true,"href":"https:\/\/www.perfectvanwamel.com\/fr\/wp-json\/wp\/v2\/product_tag?post=6477"}],"curies":[{"name":"wp","href":"https:\/\/api.w.org\/{rel}","templated":true}]}}