{"id":6478,"date":"2020-04-28T08:03:53","date_gmt":"2020-04-28T06:03:53","guid":{"rendered":"https:\/\/www.perfectvanwamel.com\/product\/rotobroyeur-industriel-serie-kt\/"},"modified":"2022-11-30T21:45:50","modified_gmt":"2022-11-30T20:45:50","slug":"rotobroyeur-industriel-serie-kt","status":"publish","type":"product","link":"https:\/\/www.perfectvanwamel.com\/fr\/produit\/rotobroyeur-industriel-serie-kt\/","title":{"rendered":"Rotobroyeur industriel, s\u00e9rie KT"},"content":{"rendered":"<p>Le rotobroyeur KT est un des plus robustes rotobroyeurs que l\u2019on trouve sur le march\u00e9. Le tr\u00e8s solide cadre et l\u2019e puissant entra\u00eenement (1000 tpm) g\u00e9n\u00e8rent une force \u00e9norme qui fait du KT une machine id\u00e9ale pour une utilisation intensive dans l\u2019agriculture. Gr\u00e2ce \u00e0 son clapet de d\u00e9charge r\u00e9glable, le KT convient parfaitement pour traiter de grands volumes d\u2019engrais vert mais aussi pour broyer la paille de ma\u00efs.<\/p>\n<p>Ce tr\u00e8s robuste rotobroyeur est livrable en option en tant que machine frontale ; dans ce cas, vous disposez d\u2019une machine \u00e0 traction frontale avec un suivi in\u00e9galable des contours du terrain.<\/p>\n<h2><strong>Attelage<\/strong> <strong>3D-Flex<\/strong><\/h2>\n<p>Pour combiner fauche et labourage, l\u2019attelage 3D-Flex est la solution id\u00e9ale ; la suspension tract\u00e9e, le r\u00e9glage \u00e0 l\u2019horizontale et un d\u00e9port surdimensionn\u00e9 rendent cette machine id\u00e9ale pour combiner le fauchage et le labourage ; le d\u00e9port surdimensionn\u00e9 permet d\u2019atteindre la largeur de travail d\u2019une charrue 5 sillons. L\u2019attelage 3D-Flex offre de plus la possibilit\u00e9 d\u2019un r\u00e9glage de l\u2019all\u00e8gement au sol. Le rotobroyeur fonctionne ici comme une charge frontale et permet d\u2019optimiser la traction du tracteur en toutes circonstances.<\/p>\n<p>&nbsp;<\/p>\n","protected":false},"excerpt":{"rendered":"<p>Les rotobroyeurs KT sont de tr\u00e8s robustes machines, con\u00e7ues et construites pour fonctionner \u00e0 la perfection m\u00eame dans les conditions les plus difficiles. Largeurs de travail jusqu\u2019\u00e0 3,20 m\u00e8tres.<\/p>\n","protected":false},"featured_media":13268,"template":"","meta":{"_acf_changed":false},"product_brand":[],"product_cat":[1828],"product_tag":[],"class_list":{"0":"post-6478","1":"product","2":"type-product","3":"status-publish","4":"has-post-thumbnail","6":"product_cat-rotobroyeurs","7":"pa_aftakas-opm-1000-fr","8":"pa_denkende-schijf-nee-fr","9":"pa_gewicht-kg-1030-fr","10":"pa_gewicht-kg-1320-fr","11":"pa_gewicht-kg-900-fr","12":"pa_gewicht-kg-970-fr","13":"pa_hefinrichting-tractor-cat-ii-fr","14":"pa_min-benodigd-vermogen-kw-pk-21-18-fr","15":"pa_min-benodigd-vermogen-kw-pk-24-16-fr","16":"pa_min-benodigd-vermogen-kw-pk-28-16-fr","17":"pa_min-benodigd-vermogen-kw-pk-32-20-fr","18":"pa_totale-breedte-cm-274-fr","19":"pa_totale-breedte-cm-299-fr","20":"pa_totale-breedte-cm-329-fr","21":"pa_totale-breedte-cm-349-fr","22":"pa_werkbreedte-cm-245-fr","23":"pa_werkbreedte-cm-270-fr","24":"pa_werkbreedte-cm-300-fr","25":"pa_werkbreedte-cm-320-fr","27":"first","28":"instock","29":"shipping-taxable","30":"product-type-simple"},"acf":[],"yoast_head":"<!-- This site is optimized with the Yoast SEO plugin v27.4 - https:\/\/yoast.com\/product\/yoast-seo-wordpress\/ -->\n<title>Rotobroyeur industriel, s\u00e9rie KT - PERFECT - Van Wamel<\/title>\n<meta name=\"robots\" content=\"index, follow, max-snippet:-1, max-image-preview:large, max-video-preview:-1\" \/>\n<link rel=\"canonical\" href=\"https:\/\/www.perfectvanwamel.com\/fr\/produit\/rotobroyeur-industriel-serie-kt\/\" \/>\n<meta property=\"og:locale\" content=\"fr_FR\" \/>\n<meta property=\"og:type\" content=\"article\" \/>\n<meta property=\"og:title\" content=\"Rotobroyeur industriel, s\u00e9rie KT - PERFECT - Van Wamel\" \/>\n<meta property=\"og:description\" content=\"Les rotobroyeurs KT sont de tr\u00e8s robustes machines, con\u00e7ues et construites pour fonctionner \u00e0 la perfection m\u00eame dans les conditions les plus difficiles. Largeurs de travail jusqu\u2019\u00e0 3,20 m\u00e8tres.\" \/>\n<meta property=\"og:url\" content=\"https:\/\/www.perfectvanwamel.com\/fr\/produit\/rotobroyeur-industriel-serie-kt\/\" \/>\n<meta property=\"og:site_name\" content=\"PERFECT - Van Wamel\" \/>\n<meta property=\"article:modified_time\" content=\"2022-11-30T20:45:50+00:00\" \/>\n<meta property=\"og:image\" content=\"https:\/\/staging.perfectvanwamel.com\/wp-content\/uploads\/2020\/04\/01-PERFECT-klepelmaaier-KT.jpg\" \/>\n\t<meta property=\"og:image:width\" content=\"2288\" \/>\n\t<meta property=\"og:image:height\" content=\"1712\" \/>\n\t<meta property=\"og:image:type\" content=\"image\/jpeg\" \/>\n<meta name=\"twitter:card\" content=\"summary_large_image\" \/>\n<meta name=\"twitter:label1\" content=\"Dur\u00e9e de lecture estim\u00e9e\" \/>\n\t<meta name=\"twitter:data1\" content=\"1 minute\" \/>\n<script type=\"application\/ld+json\" class=\"yoast-schema-graph\">{\"@context\":\"https:\\\/\\\/schema.org\",\"@graph\":[{\"@type\":\"WebPage\",\"@id\":\"https:\\\/\\\/www.perfectvanwamel.com\\\/fr\\\/produit\\\/rotobroyeur-industriel-serie-kt\\\/\",\"url\":\"https:\\\/\\\/www.perfectvanwamel.com\\\/fr\\\/produit\\\/rotobroyeur-industriel-serie-kt\\\/\",\"name\":\"Rotobroyeur industriel, s\u00e9rie KT - PERFECT - Van Wamel\",\"isPartOf\":{\"@id\":\"https:\\\/\\\/www.perfectvanwamel.com\\\/fr\\\/#website\"},\"primaryImageOfPage\":{\"@id\":\"https:\\\/\\\/www.perfectvanwamel.com\\\/fr\\\/produit\\\/rotobroyeur-industriel-serie-kt\\\/#primaryimage\"},\"image\":{\"@id\":\"https:\\\/\\\/www.perfectvanwamel.com\\\/fr\\\/produit\\\/rotobroyeur-industriel-serie-kt\\\/#primaryimage\"},\"thumbnailUrl\":\"https:\\\/\\\/www.perfectvanwamel.com\\\/wp-content\\\/uploads\\\/2020\\\/04\\\/KT-front-vrijstaand1.png\",\"datePublished\":\"2020-04-28T06:03:53+00:00\",\"dateModified\":\"2022-11-30T20:45:50+00:00\",\"breadcrumb\":{\"@id\":\"https:\\\/\\\/www.perfectvanwamel.com\\\/fr\\\/produit\\\/rotobroyeur-industriel-serie-kt\\\/#breadcrumb\"},\"inLanguage\":\"fr-FR\",\"potentialAction\":[{\"@type\":\"ReadAction\",\"target\":[\"https:\\\/\\\/www.perfectvanwamel.com\\\/fr\\\/produit\\\/rotobroyeur-industriel-serie-kt\\\/\"]}]},{\"@type\":\"ImageObject\",\"inLanguage\":\"fr-FR\",\"@id\":\"https:\\\/\\\/www.perfectvanwamel.com\\\/fr\\\/produit\\\/rotobroyeur-industriel-serie-kt\\\/#primaryimage\",\"url\":\"https:\\\/\\\/www.perfectvanwamel.com\\\/wp-content\\\/uploads\\\/2020\\\/04\\\/KT-front-vrijstaand1.png\",\"contentUrl\":\"https:\\\/\\\/www.perfectvanwamel.com\\\/wp-content\\\/uploads\\\/2020\\\/04\\\/KT-front-vrijstaand1.png\",\"width\":2000,\"height\":1333,\"caption\":\"KT vrijstaand\"},{\"@type\":\"BreadcrumbList\",\"@id\":\"https:\\\/\\\/www.perfectvanwamel.com\\\/fr\\\/produit\\\/rotobroyeur-industriel-serie-kt\\\/#breadcrumb\",\"itemListElement\":[{\"@type\":\"ListItem\",\"position\":1,\"name\":\"Home\",\"item\":\"https:\\\/\\\/staging.perfectvanwamel.com\\\/fr\\\/\"},{\"@type\":\"ListItem\",\"position\":2,\"name\":\"Produits\",\"item\":\"https:\\\/\\\/www.perfectvanwamel.com\\\/fr\\\/technologie\\\/\"},{\"@type\":\"ListItem\",\"position\":3,\"name\":\"Rotobroyeur industriel, s\u00e9rie KT\"}]},{\"@type\":\"WebSite\",\"@id\":\"https:\\\/\\\/www.perfectvanwamel.com\\\/fr\\\/#website\",\"url\":\"https:\\\/\\\/www.perfectvanwamel.com\\\/fr\\\/\",\"name\":\"PERFECT - Van Wamel\",\"description\":\"\",\"potentialAction\":[{\"@type\":\"SearchAction\",\"target\":{\"@type\":\"EntryPoint\",\"urlTemplate\":\"https:\\\/\\\/www.perfectvanwamel.com\\\/fr\\\/?s={search_term_string}\"},\"query-input\":{\"@type\":\"PropertyValueSpecification\",\"valueRequired\":true,\"valueName\":\"search_term_string\"}}],\"inLanguage\":\"fr-FR\"}]}<\/script>\n<!-- \/ Yoast SEO plugin. -->","yoast_head_json":{"title":"Rotobroyeur industriel, s\u00e9rie KT - PERFECT - Van Wamel","robots":{"index":"index","follow":"follow","max-snippet":"max-snippet:-1","max-image-preview":"max-image-preview:large","max-video-preview":"max-video-preview:-1"},"canonical":"https:\/\/www.perfectvanwamel.com\/fr\/produit\/rotobroyeur-industriel-serie-kt\/","og_locale":"fr_FR","og_type":"article","og_title":"Rotobroyeur industriel, s\u00e9rie KT - PERFECT - Van Wamel","og_description":"Les rotobroyeurs KT sont de tr\u00e8s robustes machines, con\u00e7ues et construites pour fonctionner \u00e0 la perfection m\u00eame dans les conditions les plus difficiles. Largeurs de travail jusqu\u2019\u00e0 3,20 m\u00e8tres.","og_url":"https:\/\/www.perfectvanwamel.com\/fr\/produit\/rotobroyeur-industriel-serie-kt\/","og_site_name":"PERFECT - Van Wamel","article_modified_time":"2022-11-30T20:45:50+00:00","og_image":[{"width":2288,"height":1712,"url":"https:\/\/staging.perfectvanwamel.com\/wp-content\/uploads\/2020\/04\/01-PERFECT-klepelmaaier-KT.jpg","type":"image\/jpeg"}],"twitter_card":"summary_large_image","twitter_misc":{"Dur\u00e9e de lecture estim\u00e9e":"1 minute"},"schema":{"@context":"https:\/\/schema.org","@graph":[{"@type":"WebPage","@id":"https:\/\/www.perfectvanwamel.com\/fr\/produit\/rotobroyeur-industriel-serie-kt\/","url":"https:\/\/www.perfectvanwamel.com\/fr\/produit\/rotobroyeur-industriel-serie-kt\/","name":"Rotobroyeur industriel, s\u00e9rie KT - PERFECT - Van Wamel","isPartOf":{"@id":"https:\/\/www.perfectvanwamel.com\/fr\/#website"},"primaryImageOfPage":{"@id":"https:\/\/www.perfectvanwamel.com\/fr\/produit\/rotobroyeur-industriel-serie-kt\/#primaryimage"},"image":{"@id":"https:\/\/www.perfectvanwamel.com\/fr\/produit\/rotobroyeur-industriel-serie-kt\/#primaryimage"},"thumbnailUrl":"https:\/\/www.perfectvanwamel.com\/wp-content\/uploads\/2020\/04\/KT-front-vrijstaand1.png","datePublished":"2020-04-28T06:03:53+00:00","dateModified":"2022-11-30T20:45:50+00:00","breadcrumb":{"@id":"https:\/\/www.perfectvanwamel.com\/fr\/produit\/rotobroyeur-industriel-serie-kt\/#breadcrumb"},"inLanguage":"fr-FR","potentialAction":[{"@type":"ReadAction","target":["https:\/\/www.perfectvanwamel.com\/fr\/produit\/rotobroyeur-industriel-serie-kt\/"]}]},{"@type":"ImageObject","inLanguage":"fr-FR","@id":"https:\/\/www.perfectvanwamel.com\/fr\/produit\/rotobroyeur-industriel-serie-kt\/#primaryimage","url":"https:\/\/www.perfectvanwamel.com\/wp-content\/uploads\/2020\/04\/KT-front-vrijstaand1.png","contentUrl":"https:\/\/www.perfectvanwamel.com\/wp-content\/uploads\/2020\/04\/KT-front-vrijstaand1.png","width":2000,"height":1333,"caption":"KT vrijstaand"},{"@type":"BreadcrumbList","@id":"https:\/\/www.perfectvanwamel.com\/fr\/produit\/rotobroyeur-industriel-serie-kt\/#breadcrumb","itemListElement":[{"@type":"ListItem","position":1,"name":"Home","item":"https:\/\/staging.perfectvanwamel.com\/fr\/"},{"@type":"ListItem","position":2,"name":"Produits","item":"https:\/\/www.perfectvanwamel.com\/fr\/technologie\/"},{"@type":"ListItem","position":3,"name":"Rotobroyeur industriel, s\u00e9rie KT"}]},{"@type":"WebSite","@id":"https:\/\/www.perfectvanwamel.com\/fr\/#website","url":"https:\/\/www.perfectvanwamel.com\/fr\/","name":"PERFECT - Van Wamel","description":"","potentialAction":[{"@type":"SearchAction","target":{"@type":"EntryPoint","urlTemplate":"https:\/\/www.perfectvanwamel.com\/fr\/?s={search_term_string}"},"query-input":{"@type":"PropertyValueSpecification","valueRequired":true,"valueName":"search_term_string"}}],"inLanguage":"fr-FR"}]}},"_links":{"self":[{"href":"https:\/\/www.perfectvanwamel.com\/fr\/wp-json\/wp\/v2\/product\/6478","targetHints":{"allow":["GET"]}}],"collection":[{"href":"https:\/\/www.perfectvanwamel.com\/fr\/wp-json\/wp\/v2\/product"}],"about":[{"href":"https:\/\/www.perfectvanwamel.com\/fr\/wp-json\/wp\/v2\/types\/product"}],"wp:featuredmedia":[{"embeddable":true,"href":"https:\/\/www.perfectvanwamel.com\/fr\/wp-json\/wp\/v2\/media\/13268"}],"wp:attachment":[{"href":"https:\/\/www.perfectvanwamel.com\/fr\/wp-json\/wp\/v2\/media?parent=6478"}],"wp:term":[{"taxonomy":"product_brand","embeddable":true,"href":"https:\/\/www.perfectvanwamel.com\/fr\/wp-json\/wp\/v2\/product_brand?post=6478"},{"taxonomy":"product_cat","embeddable":true,"href":"https:\/\/www.perfectvanwamel.com\/fr\/wp-json\/wp\/v2\/product_cat?post=6478"},{"taxonomy":"product_tag","embeddable":true,"href":"https:\/\/www.perfectvanwamel.com\/fr\/wp-json\/wp\/v2\/product_tag?post=6478"}],"curies":[{"name":"wp","href":"https:\/\/api.w.org\/{rel}","templated":true}]}}