{"id":6481,"date":"2020-04-28T08:22:25","date_gmt":"2020-04-28T06:22:25","guid":{"rendered":"https:\/\/www.perfectvanwamel.com\/product\/broyeur-triple-modele-triwing\/"},"modified":"2020-10-29T20:30:44","modified_gmt":"2020-10-29T19:30:44","slug":"broyeur-triple-modele-triwing","status":"publish","type":"product","link":"https:\/\/www.perfectvanwamel.com\/fr\/produit\/broyeur-triple-modele-triwing\/","title":{"rendered":"Broyeur triple industriel avec largeur de travail de 8,60 m, mod\u00e8le TRIWING"},"content":{"rendered":"<p>L\u2019entra\u00eenement des faucheuses lat\u00e9rales a lieu au moyen de deux robustes bo\u00eetes \u00e0 engrenages et arbres d\u2019entra\u00eenement.\u00a0 L\u2019absence de bo\u00eete \u00e0 engrenages centrale augmente consid\u00e9rablement la fiabilit\u00e9 de la machine.<\/p>\n<p>Les faucheuses lat\u00e9rales industrielles de 3,20 m de largeur sont suspendues dans un tr\u00e8s robuste cadre ; l\u2019all\u00e8gement de charge de fond r\u00e9glable permet \u00e0 la machine un suivi parfait des contours du terrain dans toutes les circonstances. La suspension tract\u00e9e de la faucheuse frontale suit beaucoup mieux les contours du terrain que si elle \u00e9tait pouss\u00e9e, avec l\u00e0 aussi de consid\u00e9rables \u00e9conomies de carburant.<\/p>\n<p>Les arbres \u00e0 marteaux, d\u2019un poids de 400 kg, g\u00e9n\u00e8rent une force \u00e9norme qui permet de broyer \u00e9galement les plantes les plus volumineuses et les plus coriaces. Gr\u00e2ce aux clapet arri\u00e8re r\u00e9glables, les produits volumineux tels que la paille de ma\u00efs peuvent \u00eatre trait\u00e9s plus rapidement et avec moins de r\u00e9sistance, donc avec moins de consommation de carburant.<\/p>\n","protected":false},"excerpt":{"rendered":"<p>Le broyeur TRIWING combine une tr\u00e8s grande capacit\u00e9 et une efficacit\u00e9 \u00e9nerg\u00e9tique exceptionnelle. La suspension \u00ab\u00a0flottante\u00a0\u00bb unique tant de la faucheuse frontale que des faucheuses lat\u00e9rales garantit un suivi en souplesse des contours du terrain et une grande vitesse d\u2019avancement.<\/p>\n","protected":false},"featured_media":5980,"template":"","meta":{"_acf_changed":false},"product_brand":[],"product_cat":[1828],"product_tag":[],"class_list":{"0":"post-6481","1":"product","2":"type-product","3":"status-publish","4":"has-post-thumbnail","6":"product_cat-rotobroyeurs","7":"pa_aftakas-opm-1000-fr","8":"pa_denkende-schijf-nee-fr","9":"pa_hefinrichting-tractor-cat-iii-iv-fr","10":"pa_min-benodigd-vermogen-kw-pk-185-250-fr","11":"pa_werkbreedte-cm-860-fr","13":"first","14":"instock","15":"shipping-taxable","16":"product-type-simple"},"acf":[],"yoast_head":"<!-- This site is optimized with the Yoast SEO plugin v27.4 - https:\/\/yoast.com\/product\/yoast-seo-wordpress\/ -->\n<title>Broyeur triple industriel avec largeur de travail de 8,60 m, mod\u00e8le TRIWING - PERFECT - Van Wamel<\/title>\n<meta name=\"robots\" content=\"index, follow, max-snippet:-1, max-image-preview:large, max-video-preview:-1\" \/>\n<link rel=\"canonical\" href=\"https:\/\/www.perfectvanwamel.com\/fr\/produit\/broyeur-triple-modele-triwing\/\" \/>\n<meta property=\"og:locale\" content=\"fr_FR\" \/>\n<meta property=\"og:type\" content=\"article\" \/>\n<meta property=\"og:title\" content=\"Broyeur triple industriel avec largeur de travail de 8,60 m, mod\u00e8le TRIWING - PERFECT - Van Wamel\" \/>\n<meta property=\"og:description\" content=\"Le broyeur TRIWING combine une tr\u00e8s grande capacit\u00e9 et une efficacit\u00e9 \u00e9nerg\u00e9tique exceptionnelle. La suspension \u00ab\u00a0flottante\u00a0\u00bb unique tant de la faucheuse frontale que des faucheuses lat\u00e9rales garantit un suivi en souplesse des contours du terrain et une grande vitesse d\u2019avancement.\" \/>\n<meta property=\"og:url\" content=\"https:\/\/www.perfectvanwamel.com\/fr\/produit\/broyeur-triple-modele-triwing\/\" \/>\n<meta property=\"og:site_name\" content=\"PERFECT - Van Wamel\" \/>\n<meta property=\"article:modified_time\" content=\"2020-10-29T19:30:44+00:00\" \/>\n<meta property=\"og:image\" content=\"https:\/\/staging.perfectvanwamel.com\/wp-content\/uploads\/2020\/04\/PERFECT-Triwing-11-scaled.jpg\" \/>\n\t<meta property=\"og:image:width\" content=\"2560\" \/>\n\t<meta property=\"og:image:height\" content=\"1920\" \/>\n\t<meta property=\"og:image:type\" content=\"image\/jpeg\" \/>\n<meta name=\"twitter:card\" content=\"summary_large_image\" \/>\n<meta name=\"twitter:label1\" content=\"Dur\u00e9e de lecture estim\u00e9e\" \/>\n\t<meta name=\"twitter:data1\" content=\"1 minute\" \/>\n<script type=\"application\/ld+json\" class=\"yoast-schema-graph\">{\"@context\":\"https:\\\/\\\/schema.org\",\"@graph\":[{\"@type\":\"WebPage\",\"@id\":\"https:\\\/\\\/www.perfectvanwamel.com\\\/fr\\\/produit\\\/broyeur-triple-modele-triwing\\\/\",\"url\":\"https:\\\/\\\/www.perfectvanwamel.com\\\/fr\\\/produit\\\/broyeur-triple-modele-triwing\\\/\",\"name\":\"Broyeur triple industriel avec largeur de travail de 8,60 m, mod\u00e8le TRIWING - PERFECT - Van Wamel\",\"isPartOf\":{\"@id\":\"https:\\\/\\\/www.perfectvanwamel.com\\\/fr\\\/#website\"},\"primaryImageOfPage\":{\"@id\":\"https:\\\/\\\/www.perfectvanwamel.com\\\/fr\\\/produit\\\/broyeur-triple-modele-triwing\\\/#primaryimage\"},\"image\":{\"@id\":\"https:\\\/\\\/www.perfectvanwamel.com\\\/fr\\\/produit\\\/broyeur-triple-modele-triwing\\\/#primaryimage\"},\"thumbnailUrl\":\"https:\\\/\\\/www.perfectvanwamel.com\\\/wp-content\\\/uploads\\\/2020\\\/04\\\/PERFECT-Triwing-11-scaled.jpg\",\"datePublished\":\"2020-04-28T06:22:25+00:00\",\"dateModified\":\"2020-10-29T19:30:44+00:00\",\"breadcrumb\":{\"@id\":\"https:\\\/\\\/www.perfectvanwamel.com\\\/fr\\\/produit\\\/broyeur-triple-modele-triwing\\\/#breadcrumb\"},\"inLanguage\":\"fr-FR\",\"potentialAction\":[{\"@type\":\"ReadAction\",\"target\":[\"https:\\\/\\\/www.perfectvanwamel.com\\\/fr\\\/produit\\\/broyeur-triple-modele-triwing\\\/\"]}]},{\"@type\":\"ImageObject\",\"inLanguage\":\"fr-FR\",\"@id\":\"https:\\\/\\\/www.perfectvanwamel.com\\\/fr\\\/produit\\\/broyeur-triple-modele-triwing\\\/#primaryimage\",\"url\":\"https:\\\/\\\/www.perfectvanwamel.com\\\/wp-content\\\/uploads\\\/2020\\\/04\\\/PERFECT-Triwing-11-scaled.jpg\",\"contentUrl\":\"https:\\\/\\\/www.perfectvanwamel.com\\\/wp-content\\\/uploads\\\/2020\\\/04\\\/PERFECT-Triwing-11-scaled.jpg\",\"width\":2560,\"height\":1920},{\"@type\":\"BreadcrumbList\",\"@id\":\"https:\\\/\\\/www.perfectvanwamel.com\\\/fr\\\/produit\\\/broyeur-triple-modele-triwing\\\/#breadcrumb\",\"itemListElement\":[{\"@type\":\"ListItem\",\"position\":1,\"name\":\"Home\",\"item\":\"https:\\\/\\\/staging.perfectvanwamel.com\\\/fr\\\/\"},{\"@type\":\"ListItem\",\"position\":2,\"name\":\"Produits\",\"item\":\"https:\\\/\\\/www.perfectvanwamel.com\\\/fr\\\/technologie\\\/\"},{\"@type\":\"ListItem\",\"position\":3,\"name\":\"Broyeur triple industriel avec largeur de travail de 8,60 m, mod\u00e8le TRIWING\"}]},{\"@type\":\"WebSite\",\"@id\":\"https:\\\/\\\/www.perfectvanwamel.com\\\/fr\\\/#website\",\"url\":\"https:\\\/\\\/www.perfectvanwamel.com\\\/fr\\\/\",\"name\":\"PERFECT - Van Wamel\",\"description\":\"\",\"potentialAction\":[{\"@type\":\"SearchAction\",\"target\":{\"@type\":\"EntryPoint\",\"urlTemplate\":\"https:\\\/\\\/www.perfectvanwamel.com\\\/fr\\\/?s={search_term_string}\"},\"query-input\":{\"@type\":\"PropertyValueSpecification\",\"valueRequired\":true,\"valueName\":\"search_term_string\"}}],\"inLanguage\":\"fr-FR\"}]}<\/script>\n<!-- \/ Yoast SEO plugin. -->","yoast_head_json":{"title":"Broyeur triple industriel avec largeur de travail de 8,60 m, mod\u00e8le TRIWING - PERFECT - Van Wamel","robots":{"index":"index","follow":"follow","max-snippet":"max-snippet:-1","max-image-preview":"max-image-preview:large","max-video-preview":"max-video-preview:-1"},"canonical":"https:\/\/www.perfectvanwamel.com\/fr\/produit\/broyeur-triple-modele-triwing\/","og_locale":"fr_FR","og_type":"article","og_title":"Broyeur triple industriel avec largeur de travail de 8,60 m, mod\u00e8le TRIWING - PERFECT - Van Wamel","og_description":"Le broyeur TRIWING combine une tr\u00e8s grande capacit\u00e9 et une efficacit\u00e9 \u00e9nerg\u00e9tique exceptionnelle. La suspension \u00ab\u00a0flottante\u00a0\u00bb unique tant de la faucheuse frontale que des faucheuses lat\u00e9rales garantit un suivi en souplesse des contours du terrain et une grande vitesse d\u2019avancement.","og_url":"https:\/\/www.perfectvanwamel.com\/fr\/produit\/broyeur-triple-modele-triwing\/","og_site_name":"PERFECT - Van Wamel","article_modified_time":"2020-10-29T19:30:44+00:00","og_image":[{"width":2560,"height":1920,"url":"https:\/\/staging.perfectvanwamel.com\/wp-content\/uploads\/2020\/04\/PERFECT-Triwing-11-scaled.jpg","type":"image\/jpeg"}],"twitter_card":"summary_large_image","twitter_misc":{"Dur\u00e9e de lecture estim\u00e9e":"1 minute"},"schema":{"@context":"https:\/\/schema.org","@graph":[{"@type":"WebPage","@id":"https:\/\/www.perfectvanwamel.com\/fr\/produit\/broyeur-triple-modele-triwing\/","url":"https:\/\/www.perfectvanwamel.com\/fr\/produit\/broyeur-triple-modele-triwing\/","name":"Broyeur triple industriel avec largeur de travail de 8,60 m, mod\u00e8le TRIWING - PERFECT - Van Wamel","isPartOf":{"@id":"https:\/\/www.perfectvanwamel.com\/fr\/#website"},"primaryImageOfPage":{"@id":"https:\/\/www.perfectvanwamel.com\/fr\/produit\/broyeur-triple-modele-triwing\/#primaryimage"},"image":{"@id":"https:\/\/www.perfectvanwamel.com\/fr\/produit\/broyeur-triple-modele-triwing\/#primaryimage"},"thumbnailUrl":"https:\/\/www.perfectvanwamel.com\/wp-content\/uploads\/2020\/04\/PERFECT-Triwing-11-scaled.jpg","datePublished":"2020-04-28T06:22:25+00:00","dateModified":"2020-10-29T19:30:44+00:00","breadcrumb":{"@id":"https:\/\/www.perfectvanwamel.com\/fr\/produit\/broyeur-triple-modele-triwing\/#breadcrumb"},"inLanguage":"fr-FR","potentialAction":[{"@type":"ReadAction","target":["https:\/\/www.perfectvanwamel.com\/fr\/produit\/broyeur-triple-modele-triwing\/"]}]},{"@type":"ImageObject","inLanguage":"fr-FR","@id":"https:\/\/www.perfectvanwamel.com\/fr\/produit\/broyeur-triple-modele-triwing\/#primaryimage","url":"https:\/\/www.perfectvanwamel.com\/wp-content\/uploads\/2020\/04\/PERFECT-Triwing-11-scaled.jpg","contentUrl":"https:\/\/www.perfectvanwamel.com\/wp-content\/uploads\/2020\/04\/PERFECT-Triwing-11-scaled.jpg","width":2560,"height":1920},{"@type":"BreadcrumbList","@id":"https:\/\/www.perfectvanwamel.com\/fr\/produit\/broyeur-triple-modele-triwing\/#breadcrumb","itemListElement":[{"@type":"ListItem","position":1,"name":"Home","item":"https:\/\/staging.perfectvanwamel.com\/fr\/"},{"@type":"ListItem","position":2,"name":"Produits","item":"https:\/\/www.perfectvanwamel.com\/fr\/technologie\/"},{"@type":"ListItem","position":3,"name":"Broyeur triple industriel avec largeur de travail de 8,60 m, mod\u00e8le TRIWING"}]},{"@type":"WebSite","@id":"https:\/\/www.perfectvanwamel.com\/fr\/#website","url":"https:\/\/www.perfectvanwamel.com\/fr\/","name":"PERFECT - Van Wamel","description":"","potentialAction":[{"@type":"SearchAction","target":{"@type":"EntryPoint","urlTemplate":"https:\/\/www.perfectvanwamel.com\/fr\/?s={search_term_string}"},"query-input":{"@type":"PropertyValueSpecification","valueRequired":true,"valueName":"search_term_string"}}],"inLanguage":"fr-FR"}]}},"_links":{"self":[{"href":"https:\/\/www.perfectvanwamel.com\/fr\/wp-json\/wp\/v2\/product\/6481","targetHints":{"allow":["GET"]}}],"collection":[{"href":"https:\/\/www.perfectvanwamel.com\/fr\/wp-json\/wp\/v2\/product"}],"about":[{"href":"https:\/\/www.perfectvanwamel.com\/fr\/wp-json\/wp\/v2\/types\/product"}],"wp:featuredmedia":[{"embeddable":true,"href":"https:\/\/www.perfectvanwamel.com\/fr\/wp-json\/wp\/v2\/media\/5980"}],"wp:attachment":[{"href":"https:\/\/www.perfectvanwamel.com\/fr\/wp-json\/wp\/v2\/media?parent=6481"}],"wp:term":[{"taxonomy":"product_brand","embeddable":true,"href":"https:\/\/www.perfectvanwamel.com\/fr\/wp-json\/wp\/v2\/product_brand?post=6481"},{"taxonomy":"product_cat","embeddable":true,"href":"https:\/\/www.perfectvanwamel.com\/fr\/wp-json\/wp\/v2\/product_cat?post=6481"},{"taxonomy":"product_tag","embeddable":true,"href":"https:\/\/www.perfectvanwamel.com\/fr\/wp-json\/wp\/v2\/product_tag?post=6481"}],"curies":[{"name":"wp","href":"https:\/\/api.w.org\/{rel}","templated":true}]}}