{"id":6482,"date":"2020-04-28T08:29:49","date_gmt":"2020-04-28T06:29:49","guid":{"rendered":"https:\/\/www.perfectvanwamel.com\/product\/jeu-de-rotobroyeurs-trigant\/"},"modified":"2020-04-28T08:29:49","modified_gmt":"2020-04-28T06:29:49","slug":"jeu-de-rotobroyeurs-trigant","status":"publish","type":"product","link":"https:\/\/www.perfectvanwamel.com\/fr\/produit\/jeu-de-rotobroyeurs-trigant\/","title":{"rendered":"Jeu de rotobroyeurs pour faucheuse autonome Krone Big M 450, mod\u00e8le TRIGANT"},"content":{"rendered":"<p>Les broyeurs TRIGANT s\u2019attellent sans aucune modification \u00e0 la faucheuse Big M 450. Ils b\u00e9n\u00e9ficient ainsi de toutes les possibilit\u00e9s cr\u00e9\u00e9es par Krone lors de la conception de sa derni\u00e8re version de la Big M, \u00e0 savoir :<\/p>\n<ul>\n<li>R\u00e9glage automatique du r\u00e9gime de l\u2019arbre \u00e0 marteaux depuis les \u00e9crans dans la cabine<\/li>\n<li>Capacit\u00e9 maximale gr\u00e2ce \u00e0 des capteurs sur les poulies inf\u00e9rieures des rotobroyeurs, qui permettent d\u2019adapter la vitesse d\u2019avancement en cas de d\u00e9rapage<\/li>\n<li>Les faucheuses lat\u00e9rales peuvent monter et reculer pour \u00e9viter d\u2019endommager les rotobroyeurs<\/li>\n<li>Les broyeurs sont tir\u00e9s et non pouss\u00e9s<\/li>\n<li>R\u00e9glage depuis la cabine de l\u2019all\u00e8gement hydraulique de la charge de fond<\/li>\n<li>Protection suppl\u00e9mentaire contre les surcharges au moyen d\u2019une prise de force avec raccordement de surcharge<\/li>\n<\/ul>\n<p>&nbsp;<\/p>\n<p>Les broyeurs TRIGANT sont \u00e9quip\u00e9s de robustes marteaux de 2,2 kg qui g\u00e9n\u00e8rent une tr\u00e8s grande puissance et offrent une r\u00e9sistance aux pierres et autres objets solides. Les trois unit\u00e9s sont dot\u00e9es d\u2019un clapet de d\u00e9charge r\u00e9glable permettant de traiter \u00e9galement les produits tr\u00e8s volumineux.<\/p>\n<p>&nbsp;<\/p>\n<p>La largeur de transport d\u2019une Krone BIG M 450 avec broyeurs TRIGANT est de 3,3 m\u00e8tres.<\/p>\n","protected":false},"excerpt":{"rendered":"<p>Capacit\u00e9 et efficacit\u00e9 maximales.<\/p>\n<p>Tout est dit, en fait. Le summum de la rapidit\u00e9 et de l\u2019efficacit\u00e9 dans le traitement de l\u2019engrais vert, de la paille de ma\u00efs et autres types de v\u00e9g\u00e9tation et de restes de plantes.<\/p>\n<p>Ce jeu de rotobroyeurs, avec une largeur de travail totale de 9,20 m\u00e8tres, a \u00e9t\u00e9 con\u00e7u en coop\u00e9ration avec KRONE ; la suspension et l\u2019entra\u00eenement ont \u00e9t\u00e9 enti\u00e8rement adapt\u00e9s \u00e0 la KRONE Big M 450. Cela signifie aussi que le r\u00e9glage \u00e9lectronique du r\u00e9gime fonctionne parfaitement sur les rotobroyeurs TRIGANT.<\/p>\n<p>Quelques chiffres (test dans la pratique en Allemagne) ;<\/p>\n<p>&#8211; productivit\u00e9 (ha\/h)*; + 40 %<br \/>\n&#8211; Consommation de carburant (l\/ha)*; &#8211; 16 %<br \/>\n&#8211; Frais (carburant + main-d&#8217;\u0153uvre, \u20ac\/ha)*; &#8211; 23 %<br \/>\n*comparaison avec un broyeur triple<\/p>\n","protected":false},"featured_media":4070,"template":"","meta":{"_acf_changed":false},"product_brand":[],"product_cat":[1828],"product_tag":[],"class_list":{"0":"post-6482","1":"product","2":"type-product","3":"status-publish","4":"has-post-thumbnail","6":"product_cat-rotobroyeurs","8":"first","9":"instock","10":"shipping-taxable","11":"product-type-simple"},"acf":[],"yoast_head":"<!-- This site is optimized with the Yoast SEO plugin v27.4 - https:\/\/yoast.com\/product\/yoast-seo-wordpress\/ -->\n<title>Jeu de rotobroyeurs pour faucheuse autonome Krone Big M 450, mod\u00e8le TRIGANT - PERFECT - Van Wamel<\/title>\n<meta name=\"robots\" content=\"index, follow, max-snippet:-1, max-image-preview:large, max-video-preview:-1\" \/>\n<link rel=\"canonical\" href=\"https:\/\/www.perfectvanwamel.com\/fr\/produit\/jeu-de-rotobroyeurs-trigant\/\" \/>\n<meta property=\"og:locale\" content=\"fr_FR\" \/>\n<meta property=\"og:type\" content=\"article\" \/>\n<meta property=\"og:title\" content=\"Jeu de rotobroyeurs pour faucheuse autonome Krone Big M 450, mod\u00e8le TRIGANT - PERFECT - Van Wamel\" \/>\n<meta property=\"og:description\" content=\"Capacit\u00e9 et efficacit\u00e9 maximales.  Tout est dit, en fait. Le summum de la rapidit\u00e9 et de l\u2019efficacit\u00e9 dans le traitement de l\u2019engrais vert, de la paille de ma\u00efs et autres types de v\u00e9g\u00e9tation et de restes de plantes.  Ce jeu de rotobroyeurs, avec une largeur de travail totale de 9,20 m\u00e8tres, a \u00e9t\u00e9 con\u00e7u en coop\u00e9ration avec KRONE ; la suspension et l\u2019entra\u00eenement ont \u00e9t\u00e9 enti\u00e8rement adapt\u00e9s \u00e0 la KRONE Big M 450. Cela signifie aussi que le r\u00e9glage \u00e9lectronique du r\u00e9gime fonctionne parfaitement sur les rotobroyeurs TRIGANT.  Quelques chiffres (test dans la pratique en Allemagne) ;  - productivit\u00e9 (ha\/h)*; + 40 % - Consommation de carburant (l\/ha)*; - 16 % - Frais (carburant + main-d&#039;\u0153uvre, \u20ac\/ha)*; - 23 % *comparaison avec un broyeur triple\" \/>\n<meta property=\"og:url\" content=\"https:\/\/www.perfectvanwamel.com\/fr\/produit\/jeu-de-rotobroyeurs-trigant\/\" \/>\n<meta property=\"og:site_name\" content=\"PERFECT - Van Wamel\" \/>\n<meta property=\"og:image\" content=\"https:\/\/staging.perfectvanwamel.com\/wp-content\/uploads\/2020\/04\/PERFECT-klepelmaaier-TRIGANT-Krone-BIGM-in-het-maisveld-1-scaled.jpg\" \/>\n\t<meta property=\"og:image:width\" content=\"2560\" \/>\n\t<meta property=\"og:image:height\" content=\"1920\" \/>\n\t<meta property=\"og:image:type\" content=\"image\/jpeg\" \/>\n<meta name=\"twitter:card\" content=\"summary_large_image\" \/>\n<meta name=\"twitter:label1\" content=\"Dur\u00e9e de lecture estim\u00e9e\" \/>\n\t<meta name=\"twitter:data1\" content=\"1 minute\" \/>\n<script type=\"application\/ld+json\" class=\"yoast-schema-graph\">{\"@context\":\"https:\\\/\\\/schema.org\",\"@graph\":[{\"@type\":\"WebPage\",\"@id\":\"https:\\\/\\\/www.perfectvanwamel.com\\\/fr\\\/produit\\\/jeu-de-rotobroyeurs-trigant\\\/\",\"url\":\"https:\\\/\\\/www.perfectvanwamel.com\\\/fr\\\/produit\\\/jeu-de-rotobroyeurs-trigant\\\/\",\"name\":\"Jeu de rotobroyeurs pour faucheuse autonome Krone Big M 450, mod\u00e8le TRIGANT - PERFECT - Van Wamel\",\"isPartOf\":{\"@id\":\"https:\\\/\\\/www.perfectvanwamel.com\\\/fr\\\/#website\"},\"primaryImageOfPage\":{\"@id\":\"https:\\\/\\\/www.perfectvanwamel.com\\\/fr\\\/produit\\\/jeu-de-rotobroyeurs-trigant\\\/#primaryimage\"},\"image\":{\"@id\":\"https:\\\/\\\/www.perfectvanwamel.com\\\/fr\\\/produit\\\/jeu-de-rotobroyeurs-trigant\\\/#primaryimage\"},\"thumbnailUrl\":\"https:\\\/\\\/www.perfectvanwamel.com\\\/wp-content\\\/uploads\\\/2020\\\/04\\\/PERFECT-klepelmaaier-TRIGANT-Krone-BIGM-in-het-maisveld-1-scaled.jpg\",\"datePublished\":\"2020-04-28T06:29:49+00:00\",\"breadcrumb\":{\"@id\":\"https:\\\/\\\/www.perfectvanwamel.com\\\/fr\\\/produit\\\/jeu-de-rotobroyeurs-trigant\\\/#breadcrumb\"},\"inLanguage\":\"fr-FR\",\"potentialAction\":[{\"@type\":\"ReadAction\",\"target\":[\"https:\\\/\\\/www.perfectvanwamel.com\\\/fr\\\/produit\\\/jeu-de-rotobroyeurs-trigant\\\/\"]}]},{\"@type\":\"ImageObject\",\"inLanguage\":\"fr-FR\",\"@id\":\"https:\\\/\\\/www.perfectvanwamel.com\\\/fr\\\/produit\\\/jeu-de-rotobroyeurs-trigant\\\/#primaryimage\",\"url\":\"https:\\\/\\\/www.perfectvanwamel.com\\\/wp-content\\\/uploads\\\/2020\\\/04\\\/PERFECT-klepelmaaier-TRIGANT-Krone-BIGM-in-het-maisveld-1-scaled.jpg\",\"contentUrl\":\"https:\\\/\\\/www.perfectvanwamel.com\\\/wp-content\\\/uploads\\\/2020\\\/04\\\/PERFECT-klepelmaaier-TRIGANT-Krone-BIGM-in-het-maisveld-1-scaled.jpg\",\"width\":2560,\"height\":1920},{\"@type\":\"BreadcrumbList\",\"@id\":\"https:\\\/\\\/www.perfectvanwamel.com\\\/fr\\\/produit\\\/jeu-de-rotobroyeurs-trigant\\\/#breadcrumb\",\"itemListElement\":[{\"@type\":\"ListItem\",\"position\":1,\"name\":\"Home\",\"item\":\"https:\\\/\\\/staging.perfectvanwamel.com\\\/fr\\\/\"},{\"@type\":\"ListItem\",\"position\":2,\"name\":\"Produits\",\"item\":\"https:\\\/\\\/www.perfectvanwamel.com\\\/fr\\\/technologie\\\/\"},{\"@type\":\"ListItem\",\"position\":3,\"name\":\"Jeu de rotobroyeurs pour faucheuse autonome Krone Big M 450, mod\u00e8le TRIGANT\"}]},{\"@type\":\"WebSite\",\"@id\":\"https:\\\/\\\/www.perfectvanwamel.com\\\/fr\\\/#website\",\"url\":\"https:\\\/\\\/www.perfectvanwamel.com\\\/fr\\\/\",\"name\":\"PERFECT - Van Wamel\",\"description\":\"\",\"potentialAction\":[{\"@type\":\"SearchAction\",\"target\":{\"@type\":\"EntryPoint\",\"urlTemplate\":\"https:\\\/\\\/www.perfectvanwamel.com\\\/fr\\\/?s={search_term_string}\"},\"query-input\":{\"@type\":\"PropertyValueSpecification\",\"valueRequired\":true,\"valueName\":\"search_term_string\"}}],\"inLanguage\":\"fr-FR\"}]}<\/script>\n<!-- \/ Yoast SEO plugin. -->","yoast_head_json":{"title":"Jeu de rotobroyeurs pour faucheuse autonome Krone Big M 450, mod\u00e8le TRIGANT - PERFECT - Van Wamel","robots":{"index":"index","follow":"follow","max-snippet":"max-snippet:-1","max-image-preview":"max-image-preview:large","max-video-preview":"max-video-preview:-1"},"canonical":"https:\/\/www.perfectvanwamel.com\/fr\/produit\/jeu-de-rotobroyeurs-trigant\/","og_locale":"fr_FR","og_type":"article","og_title":"Jeu de rotobroyeurs pour faucheuse autonome Krone Big M 450, mod\u00e8le TRIGANT - PERFECT - Van Wamel","og_description":"Capacit\u00e9 et efficacit\u00e9 maximales.  Tout est dit, en fait. Le summum de la rapidit\u00e9 et de l\u2019efficacit\u00e9 dans le traitement de l\u2019engrais vert, de la paille de ma\u00efs et autres types de v\u00e9g\u00e9tation et de restes de plantes.  Ce jeu de rotobroyeurs, avec une largeur de travail totale de 9,20 m\u00e8tres, a \u00e9t\u00e9 con\u00e7u en coop\u00e9ration avec KRONE ; la suspension et l\u2019entra\u00eenement ont \u00e9t\u00e9 enti\u00e8rement adapt\u00e9s \u00e0 la KRONE Big M 450. Cela signifie aussi que le r\u00e9glage \u00e9lectronique du r\u00e9gime fonctionne parfaitement sur les rotobroyeurs TRIGANT.  Quelques chiffres (test dans la pratique en Allemagne) ;  - productivit\u00e9 (ha\/h)*; + 40 % - Consommation de carburant (l\/ha)*; - 16 % - Frais (carburant + main-d'\u0153uvre, \u20ac\/ha)*; - 23 % *comparaison avec un broyeur triple","og_url":"https:\/\/www.perfectvanwamel.com\/fr\/produit\/jeu-de-rotobroyeurs-trigant\/","og_site_name":"PERFECT - Van Wamel","og_image":[{"width":2560,"height":1920,"url":"https:\/\/staging.perfectvanwamel.com\/wp-content\/uploads\/2020\/04\/PERFECT-klepelmaaier-TRIGANT-Krone-BIGM-in-het-maisveld-1-scaled.jpg","type":"image\/jpeg"}],"twitter_card":"summary_large_image","twitter_misc":{"Dur\u00e9e de lecture estim\u00e9e":"1 minute"},"schema":{"@context":"https:\/\/schema.org","@graph":[{"@type":"WebPage","@id":"https:\/\/www.perfectvanwamel.com\/fr\/produit\/jeu-de-rotobroyeurs-trigant\/","url":"https:\/\/www.perfectvanwamel.com\/fr\/produit\/jeu-de-rotobroyeurs-trigant\/","name":"Jeu de rotobroyeurs pour faucheuse autonome Krone Big M 450, mod\u00e8le TRIGANT - PERFECT - Van Wamel","isPartOf":{"@id":"https:\/\/www.perfectvanwamel.com\/fr\/#website"},"primaryImageOfPage":{"@id":"https:\/\/www.perfectvanwamel.com\/fr\/produit\/jeu-de-rotobroyeurs-trigant\/#primaryimage"},"image":{"@id":"https:\/\/www.perfectvanwamel.com\/fr\/produit\/jeu-de-rotobroyeurs-trigant\/#primaryimage"},"thumbnailUrl":"https:\/\/www.perfectvanwamel.com\/wp-content\/uploads\/2020\/04\/PERFECT-klepelmaaier-TRIGANT-Krone-BIGM-in-het-maisveld-1-scaled.jpg","datePublished":"2020-04-28T06:29:49+00:00","breadcrumb":{"@id":"https:\/\/www.perfectvanwamel.com\/fr\/produit\/jeu-de-rotobroyeurs-trigant\/#breadcrumb"},"inLanguage":"fr-FR","potentialAction":[{"@type":"ReadAction","target":["https:\/\/www.perfectvanwamel.com\/fr\/produit\/jeu-de-rotobroyeurs-trigant\/"]}]},{"@type":"ImageObject","inLanguage":"fr-FR","@id":"https:\/\/www.perfectvanwamel.com\/fr\/produit\/jeu-de-rotobroyeurs-trigant\/#primaryimage","url":"https:\/\/www.perfectvanwamel.com\/wp-content\/uploads\/2020\/04\/PERFECT-klepelmaaier-TRIGANT-Krone-BIGM-in-het-maisveld-1-scaled.jpg","contentUrl":"https:\/\/www.perfectvanwamel.com\/wp-content\/uploads\/2020\/04\/PERFECT-klepelmaaier-TRIGANT-Krone-BIGM-in-het-maisveld-1-scaled.jpg","width":2560,"height":1920},{"@type":"BreadcrumbList","@id":"https:\/\/www.perfectvanwamel.com\/fr\/produit\/jeu-de-rotobroyeurs-trigant\/#breadcrumb","itemListElement":[{"@type":"ListItem","position":1,"name":"Home","item":"https:\/\/staging.perfectvanwamel.com\/fr\/"},{"@type":"ListItem","position":2,"name":"Produits","item":"https:\/\/www.perfectvanwamel.com\/fr\/technologie\/"},{"@type":"ListItem","position":3,"name":"Jeu de rotobroyeurs pour faucheuse autonome Krone Big M 450, mod\u00e8le TRIGANT"}]},{"@type":"WebSite","@id":"https:\/\/www.perfectvanwamel.com\/fr\/#website","url":"https:\/\/www.perfectvanwamel.com\/fr\/","name":"PERFECT - Van Wamel","description":"","potentialAction":[{"@type":"SearchAction","target":{"@type":"EntryPoint","urlTemplate":"https:\/\/www.perfectvanwamel.com\/fr\/?s={search_term_string}"},"query-input":{"@type":"PropertyValueSpecification","valueRequired":true,"valueName":"search_term_string"}}],"inLanguage":"fr-FR"}]}},"_links":{"self":[{"href":"https:\/\/www.perfectvanwamel.com\/fr\/wp-json\/wp\/v2\/product\/6482","targetHints":{"allow":["GET"]}}],"collection":[{"href":"https:\/\/www.perfectvanwamel.com\/fr\/wp-json\/wp\/v2\/product"}],"about":[{"href":"https:\/\/www.perfectvanwamel.com\/fr\/wp-json\/wp\/v2\/types\/product"}],"wp:featuredmedia":[{"embeddable":true,"href":"https:\/\/www.perfectvanwamel.com\/fr\/wp-json\/wp\/v2\/media\/4070"}],"wp:attachment":[{"href":"https:\/\/www.perfectvanwamel.com\/fr\/wp-json\/wp\/v2\/media?parent=6482"}],"wp:term":[{"taxonomy":"product_brand","embeddable":true,"href":"https:\/\/www.perfectvanwamel.com\/fr\/wp-json\/wp\/v2\/product_brand?post=6482"},{"taxonomy":"product_cat","embeddable":true,"href":"https:\/\/www.perfectvanwamel.com\/fr\/wp-json\/wp\/v2\/product_cat?post=6482"},{"taxonomy":"product_tag","embeddable":true,"href":"https:\/\/www.perfectvanwamel.com\/fr\/wp-json\/wp\/v2\/product_tag?post=6482"}],"curies":[{"name":"wp","href":"https:\/\/api.w.org\/{rel}","templated":true}]}}