{"id":6483,"date":"2020-09-07T16:12:10","date_gmt":"2020-09-07T14:12:10","guid":{"rendered":"https:\/\/www.perfectvanwamel.com\/product\/la-faucheuse-ideale-pour-les-parcs-solaires-sunswing\/"},"modified":"2022-07-26T12:07:01","modified_gmt":"2022-07-26T10:07:01","slug":"la-faucheuse-ideale-pour-les-parcs-solaires-sunswing","status":"publish","type":"product","link":"https:\/\/www.perfectvanwamel.com\/fr\/produit\/la-faucheuse-ideale-pour-les-parcs-solaires-sunswing\/","title":{"rendered":"La faucheuse id\u00e9ale pour les parcs solaires, SUNSWING"},"content":{"rendered":"<p>La SUNSWING est une machine unique ; sa robuste construction permet une utilisation tr\u00e8s intensive, par exemple par des entreprises agricoles professionnelles mais aussi une utilisation avec des tracteurs plus puissants.<\/p>\n<p>La machine est livr\u00e9e en s\u00e9rie avec un d\u00e9port hydraulique, des roulettes pivotantes en caoutchouc plein et. \u00e0 l\u2019avant, un capot de protection sur toute la largeur pour \u00e9viter les projections de pierres ou autres qui pourraient endommager les panneaux solaires.<\/p>\n<p>La SUNSWING peut \u00eatre livr\u00e9e en option avec un r\u00e9glage hydraulique du disque ou un t\u00e2tonneur hydraulique (pour travailler sur les terrains en pente).<\/p>\n","protected":false},"excerpt":{"rendered":"<p>La SUNSWING peut passer sous les panneaux solaires mont\u00e9s pr\u00e8s du sol gr\u00e2ce \u00e0 son disque mobile et faucher avec une grande pr\u00e9cision autour de la construction. Cette machine asym\u00e9trique a \u00e9t\u00e9 con\u00e7ue pour pouvoir \u00e9galement faucher loin du tracteur.<\/p>\n","protected":false},"featured_media":13280,"template":"","meta":{"_acf_changed":false},"product_brand":[],"product_cat":[1777],"product_tag":[],"class_list":{"0":"post-6483","1":"product","2":"type-product","3":"status-publish","4":"has-post-thumbnail","6":"product_cat-fauchage-de-prairies","7":"pa_aantal-maaimessen-3-1-fr","8":"pa_aantal-maaimessen-4-1-fr","9":"pa_aftakas-opm-24-32-fr","10":"pa_aftakas-opm-27-37-fr","11":"pa_aftakas-opm-30-41-fr","12":"pa_aftakas-opm-33-45-fr","13":"pa_aftakas-opm-37-50-fr","14":"pa_diam-zwenkende-schijf-cm-60-fr","15":"pa_diam-zwenkende-schijf-cm-85-fr","16":"pa_gewicht-kg-1010-fr","17":"pa_gewicht-kg-1030-fr","18":"pa_gewicht-kg-790-fr","19":"pa_gewicht-kg-900-fr","20":"pa_gewicht-kg-920-fr","21":"pa_hefinrichting-tractor-cat-i-ii-fr","22":"pa_max-verstrek-midden-cm-230-fr","23":"pa_max-verstrek-midden-cm-255-fr","24":"pa_max-verstrek-midden-cm-280-fr","25":"pa_max-verstrek-midden-cm-300-fr","26":"pa_max-verstrek-midden-cm-325-fr","27":"pa_werkbreedte-cm-270-fr","28":"pa_werkbreedte-cm-300-fr","29":"pa_werkbreedte-cm-325-fr","30":"pa_werkbreedte-cm-340-fr","31":"pa_werkbreedte-cm-365-fr","33":"first","34":"instock","35":"shipping-taxable","36":"product-type-simple"},"acf":[],"yoast_head":"<!-- This site is optimized with the Yoast SEO plugin v27.4 - https:\/\/yoast.com\/product\/yoast-seo-wordpress\/ -->\n<title>SUNSWING - Faucheuse pour parcs solaires - PERFECT - Van Wamel<\/title>\n<meta name=\"description\" content=\"La SUNSWING peut passer sous les pannea.ux solaires mont\u00e9s pr\u00e8s du sol gr\u00e2ce \u00e0 son disque mobile\" \/>\n<meta name=\"robots\" content=\"index, follow, max-snippet:-1, max-image-preview:large, max-video-preview:-1\" \/>\n<link rel=\"canonical\" href=\"https:\/\/www.perfectvanwamel.com\/fr\/produit\/la-faucheuse-ideale-pour-les-parcs-solaires-sunswing\/\" \/>\n<meta property=\"og:locale\" content=\"fr_FR\" \/>\n<meta property=\"og:type\" content=\"article\" \/>\n<meta property=\"og:title\" content=\"SUNSWING - Faucheuse pour parcs solaires - PERFECT - Van Wamel\" \/>\n<meta property=\"og:description\" content=\"La SUNSWING peut passer sous les pannea.ux solaires mont\u00e9s pr\u00e8s du sol gr\u00e2ce \u00e0 son disque mobile\" \/>\n<meta property=\"og:url\" content=\"https:\/\/www.perfectvanwamel.com\/fr\/produit\/la-faucheuse-ideale-pour-les-parcs-solaires-sunswing\/\" \/>\n<meta property=\"og:site_name\" content=\"PERFECT - Van Wamel\" \/>\n<meta property=\"article:modified_time\" content=\"2022-07-26T10:07:01+00:00\" \/>\n<meta property=\"og:image\" content=\"https:\/\/staging.perfectvanwamel.com\/wp-content\/uploads\/2020\/09\/Sunswing-vrijstaand.png\" \/>\n\t<meta property=\"og:image:width\" content=\"2000\" \/>\n\t<meta property=\"og:image:height\" content=\"1333\" \/>\n\t<meta property=\"og:image:type\" content=\"image\/png\" \/>\n<meta name=\"twitter:card\" content=\"summary_large_image\" \/>\n<meta name=\"twitter:label1\" content=\"Dur\u00e9e de lecture estim\u00e9e\" \/>\n\t<meta name=\"twitter:data1\" content=\"1 minute\" \/>\n<script type=\"application\/ld+json\" class=\"yoast-schema-graph\">{\"@context\":\"https:\\\/\\\/schema.org\",\"@graph\":[{\"@type\":\"WebPage\",\"@id\":\"https:\\\/\\\/www.perfectvanwamel.com\\\/fr\\\/produit\\\/la-faucheuse-ideale-pour-les-parcs-solaires-sunswing\\\/\",\"url\":\"https:\\\/\\\/www.perfectvanwamel.com\\\/fr\\\/produit\\\/la-faucheuse-ideale-pour-les-parcs-solaires-sunswing\\\/\",\"name\":\"SUNSWING - Faucheuse pour parcs solaires - PERFECT - Van Wamel\",\"isPartOf\":{\"@id\":\"https:\\\/\\\/www.perfectvanwamel.com\\\/fr\\\/#website\"},\"primaryImageOfPage\":{\"@id\":\"https:\\\/\\\/www.perfectvanwamel.com\\\/fr\\\/produit\\\/la-faucheuse-ideale-pour-les-parcs-solaires-sunswing\\\/#primaryimage\"},\"image\":{\"@id\":\"https:\\\/\\\/www.perfectvanwamel.com\\\/fr\\\/produit\\\/la-faucheuse-ideale-pour-les-parcs-solaires-sunswing\\\/#primaryimage\"},\"thumbnailUrl\":\"https:\\\/\\\/www.perfectvanwamel.com\\\/wp-content\\\/uploads\\\/2020\\\/09\\\/Sunswing-vrijstaand.png\",\"datePublished\":\"2020-09-07T14:12:10+00:00\",\"dateModified\":\"2022-07-26T10:07:01+00:00\",\"description\":\"La SUNSWING peut passer sous les pannea.ux solaires mont\u00e9s pr\u00e8s du sol gr\u00e2ce \u00e0 son disque mobile\",\"breadcrumb\":{\"@id\":\"https:\\\/\\\/www.perfectvanwamel.com\\\/fr\\\/produit\\\/la-faucheuse-ideale-pour-les-parcs-solaires-sunswing\\\/#breadcrumb\"},\"inLanguage\":\"fr-FR\",\"potentialAction\":[{\"@type\":\"ReadAction\",\"target\":[\"https:\\\/\\\/www.perfectvanwamel.com\\\/fr\\\/produit\\\/la-faucheuse-ideale-pour-les-parcs-solaires-sunswing\\\/\"]}]},{\"@type\":\"ImageObject\",\"inLanguage\":\"fr-FR\",\"@id\":\"https:\\\/\\\/www.perfectvanwamel.com\\\/fr\\\/produit\\\/la-faucheuse-ideale-pour-les-parcs-solaires-sunswing\\\/#primaryimage\",\"url\":\"https:\\\/\\\/www.perfectvanwamel.com\\\/wp-content\\\/uploads\\\/2020\\\/09\\\/Sunswing-vrijstaand.png\",\"contentUrl\":\"https:\\\/\\\/www.perfectvanwamel.com\\\/wp-content\\\/uploads\\\/2020\\\/09\\\/Sunswing-vrijstaand.png\",\"width\":2000,\"height\":1333,\"caption\":\"Sunswing vrijstaand\"},{\"@type\":\"BreadcrumbList\",\"@id\":\"https:\\\/\\\/www.perfectvanwamel.com\\\/fr\\\/produit\\\/la-faucheuse-ideale-pour-les-parcs-solaires-sunswing\\\/#breadcrumb\",\"itemListElement\":[{\"@type\":\"ListItem\",\"position\":1,\"name\":\"Home\",\"item\":\"https:\\\/\\\/staging.perfectvanwamel.com\\\/fr\\\/\"},{\"@type\":\"ListItem\",\"position\":2,\"name\":\"Produits\",\"item\":\"https:\\\/\\\/www.perfectvanwamel.com\\\/fr\\\/technologie\\\/\"},{\"@type\":\"ListItem\",\"position\":3,\"name\":\"La faucheuse id\u00e9ale pour les parcs solaires, SUNSWING\"}]},{\"@type\":\"WebSite\",\"@id\":\"https:\\\/\\\/www.perfectvanwamel.com\\\/fr\\\/#website\",\"url\":\"https:\\\/\\\/www.perfectvanwamel.com\\\/fr\\\/\",\"name\":\"PERFECT - Van Wamel\",\"description\":\"\",\"potentialAction\":[{\"@type\":\"SearchAction\",\"target\":{\"@type\":\"EntryPoint\",\"urlTemplate\":\"https:\\\/\\\/www.perfectvanwamel.com\\\/fr\\\/?s={search_term_string}\"},\"query-input\":{\"@type\":\"PropertyValueSpecification\",\"valueRequired\":true,\"valueName\":\"search_term_string\"}}],\"inLanguage\":\"fr-FR\"}]}<\/script>\n<!-- \/ Yoast SEO plugin. -->","yoast_head_json":{"title":"SUNSWING - Faucheuse pour parcs solaires - PERFECT - Van Wamel","description":"La SUNSWING peut passer sous les pannea.ux solaires mont\u00e9s pr\u00e8s du sol gr\u00e2ce \u00e0 son disque mobile","robots":{"index":"index","follow":"follow","max-snippet":"max-snippet:-1","max-image-preview":"max-image-preview:large","max-video-preview":"max-video-preview:-1"},"canonical":"https:\/\/www.perfectvanwamel.com\/fr\/produit\/la-faucheuse-ideale-pour-les-parcs-solaires-sunswing\/","og_locale":"fr_FR","og_type":"article","og_title":"SUNSWING - Faucheuse pour parcs solaires - PERFECT - Van Wamel","og_description":"La SUNSWING peut passer sous les pannea.ux solaires mont\u00e9s pr\u00e8s du sol gr\u00e2ce \u00e0 son disque mobile","og_url":"https:\/\/www.perfectvanwamel.com\/fr\/produit\/la-faucheuse-ideale-pour-les-parcs-solaires-sunswing\/","og_site_name":"PERFECT - Van Wamel","article_modified_time":"2022-07-26T10:07:01+00:00","og_image":[{"width":2000,"height":1333,"url":"https:\/\/staging.perfectvanwamel.com\/wp-content\/uploads\/2020\/09\/Sunswing-vrijstaand.png","type":"image\/png"}],"twitter_card":"summary_large_image","twitter_misc":{"Dur\u00e9e de lecture estim\u00e9e":"1 minute"},"schema":{"@context":"https:\/\/schema.org","@graph":[{"@type":"WebPage","@id":"https:\/\/www.perfectvanwamel.com\/fr\/produit\/la-faucheuse-ideale-pour-les-parcs-solaires-sunswing\/","url":"https:\/\/www.perfectvanwamel.com\/fr\/produit\/la-faucheuse-ideale-pour-les-parcs-solaires-sunswing\/","name":"SUNSWING - Faucheuse pour parcs solaires - PERFECT - Van Wamel","isPartOf":{"@id":"https:\/\/www.perfectvanwamel.com\/fr\/#website"},"primaryImageOfPage":{"@id":"https:\/\/www.perfectvanwamel.com\/fr\/produit\/la-faucheuse-ideale-pour-les-parcs-solaires-sunswing\/#primaryimage"},"image":{"@id":"https:\/\/www.perfectvanwamel.com\/fr\/produit\/la-faucheuse-ideale-pour-les-parcs-solaires-sunswing\/#primaryimage"},"thumbnailUrl":"https:\/\/www.perfectvanwamel.com\/wp-content\/uploads\/2020\/09\/Sunswing-vrijstaand.png","datePublished":"2020-09-07T14:12:10+00:00","dateModified":"2022-07-26T10:07:01+00:00","description":"La SUNSWING peut passer sous les pannea.ux solaires mont\u00e9s pr\u00e8s du sol gr\u00e2ce \u00e0 son disque mobile","breadcrumb":{"@id":"https:\/\/www.perfectvanwamel.com\/fr\/produit\/la-faucheuse-ideale-pour-les-parcs-solaires-sunswing\/#breadcrumb"},"inLanguage":"fr-FR","potentialAction":[{"@type":"ReadAction","target":["https:\/\/www.perfectvanwamel.com\/fr\/produit\/la-faucheuse-ideale-pour-les-parcs-solaires-sunswing\/"]}]},{"@type":"ImageObject","inLanguage":"fr-FR","@id":"https:\/\/www.perfectvanwamel.com\/fr\/produit\/la-faucheuse-ideale-pour-les-parcs-solaires-sunswing\/#primaryimage","url":"https:\/\/www.perfectvanwamel.com\/wp-content\/uploads\/2020\/09\/Sunswing-vrijstaand.png","contentUrl":"https:\/\/www.perfectvanwamel.com\/wp-content\/uploads\/2020\/09\/Sunswing-vrijstaand.png","width":2000,"height":1333,"caption":"Sunswing vrijstaand"},{"@type":"BreadcrumbList","@id":"https:\/\/www.perfectvanwamel.com\/fr\/produit\/la-faucheuse-ideale-pour-les-parcs-solaires-sunswing\/#breadcrumb","itemListElement":[{"@type":"ListItem","position":1,"name":"Home","item":"https:\/\/staging.perfectvanwamel.com\/fr\/"},{"@type":"ListItem","position":2,"name":"Produits","item":"https:\/\/www.perfectvanwamel.com\/fr\/technologie\/"},{"@type":"ListItem","position":3,"name":"La faucheuse id\u00e9ale pour les parcs solaires, SUNSWING"}]},{"@type":"WebSite","@id":"https:\/\/www.perfectvanwamel.com\/fr\/#website","url":"https:\/\/www.perfectvanwamel.com\/fr\/","name":"PERFECT - Van Wamel","description":"","potentialAction":[{"@type":"SearchAction","target":{"@type":"EntryPoint","urlTemplate":"https:\/\/www.perfectvanwamel.com\/fr\/?s={search_term_string}"},"query-input":{"@type":"PropertyValueSpecification","valueRequired":true,"valueName":"search_term_string"}}],"inLanguage":"fr-FR"}]}},"_links":{"self":[{"href":"https:\/\/www.perfectvanwamel.com\/fr\/wp-json\/wp\/v2\/product\/6483","targetHints":{"allow":["GET"]}}],"collection":[{"href":"https:\/\/www.perfectvanwamel.com\/fr\/wp-json\/wp\/v2\/product"}],"about":[{"href":"https:\/\/www.perfectvanwamel.com\/fr\/wp-json\/wp\/v2\/types\/product"}],"wp:featuredmedia":[{"embeddable":true,"href":"https:\/\/www.perfectvanwamel.com\/fr\/wp-json\/wp\/v2\/media\/13280"}],"wp:attachment":[{"href":"https:\/\/www.perfectvanwamel.com\/fr\/wp-json\/wp\/v2\/media?parent=6483"}],"wp:term":[{"taxonomy":"product_brand","embeddable":true,"href":"https:\/\/www.perfectvanwamel.com\/fr\/wp-json\/wp\/v2\/product_brand?post=6483"},{"taxonomy":"product_cat","embeddable":true,"href":"https:\/\/www.perfectvanwamel.com\/fr\/wp-json\/wp\/v2\/product_cat?post=6483"},{"taxonomy":"product_tag","embeddable":true,"href":"https:\/\/www.perfectvanwamel.com\/fr\/wp-json\/wp\/v2\/product_tag?post=6483"}],"curies":[{"name":"wp","href":"https:\/\/api.w.org\/{rel}","templated":true}]}}