{"id":6484,"date":"2020-04-28T08:57:43","date_gmt":"2020-04-28T06:57:43","guid":{"rendered":"https:\/\/www.perfectvanwamel.com\/product\/robuste-rotobroyeur-serie-kd\/"},"modified":"2020-04-28T08:57:43","modified_gmt":"2020-04-28T06:57:43","slug":"robuste-rotobroyeur-serie-kd","status":"publish","type":"product","link":"https:\/\/www.perfectvanwamel.com\/fr\/produit\/robuste-rotobroyeur-serie-kd\/","title":{"rendered":"robuste rotobroyeur \/ broyeur \u00e0 marteaux, s\u00e9rie KD"},"content":{"rendered":"<p>Le broyeur \u00e0 marteaux KD est une robuste machines pour la viticulture et autres cultures produisant une quantit\u00e9 limit\u00e9e de (petit) bois de coupe. Les marteaux de 0,9 kg et les dents de ramassage veillent \u00e0 ce que ce bois de coupe soit finement coup\u00e9 et d\u00e9charg\u00e9s derri\u00e8re le rouleau.<\/p>\n<p>Le KD est disponible avec des largeurs de travail de 1,50 \u00e0 2,40 m\u00e8tres et \u00e9quip\u00e9 en s\u00e9rie d\u2019un deuxi\u00e8me point d\u2019accouplement (d\u00e9port) pour pouvoir faucher loin du tracteur. D\u00e9port hydraulique livrable en option.<\/p>\n","protected":false},"excerpt":{"rendered":"<p>Robuste broyeur \u00e0 marteaux pour bois de coupe jusqu\u2019\u00e0 3 cm d\u2019\u00e9paisseur, pourvu de marteaux de 0,9 kilos et dents de ramassage pour les sarments.<\/p>\n","protected":false},"featured_media":4102,"template":"","meta":{"_acf_changed":false},"product_brand":[],"product_cat":[1829],"product_tag":[],"class_list":{"0":"post-6484","1":"product","2":"type-product","3":"status-publish","4":"has-post-thumbnail","6":"product_cat-broyeurs-bois-de-taille","7":"pa_aftakas-opm-540-fr","8":"pa_gewicht-kg-460-fr","9":"pa_gewicht-kg-500-fr","10":"pa_gewicht-kg-590-fr","11":"pa_gewicht-kg-685-fr","12":"pa_hefinrichting-tractor-cat-i-ii-fr","13":"pa_max-verstrek-midden-cm-127-fr","14":"pa_max-verstrek-midden-cm-142-fr","15":"pa_max-verstrek-midden-cm-160-fr","16":"pa_max-verstrek-midden-cm-80-fr","17":"pa_min-benodigd-vermogen-kw-pk-18-25-fr-2","18":"pa_min-benodigd-vermogen-kw-pk-21-28-fr","19":"pa_min-benodigd-vermogen-kw-pk-25-34-fr","20":"pa_min-benodigd-vermogen-kw-pk-30-41-fr","21":"pa_transportbreedte-cm-172-fr","22":"pa_transportbreedte-cm-202-fr","23":"pa_transportbreedte-cm-232-fr","24":"pa_transportbreedte-cm-262-fr","25":"pa_werkbreedte-cm-150-fr","26":"pa_werkbreedte-cm-180-fr","27":"pa_werkbreedte-cm-210-fr","28":"pa_werkbreedte-cm-240-fr","30":"first","31":"instock","32":"shipping-taxable","33":"product-type-simple"},"acf":[],"yoast_head":"<!-- This site is optimized with the Yoast SEO plugin v27.4 - https:\/\/yoast.com\/product\/yoast-seo-wordpress\/ -->\n<title>robuste rotobroyeur \/ broyeur \u00e0 marteaux, s\u00e9rie KD - PERFECT - Van Wamel<\/title>\n<meta name=\"robots\" content=\"index, follow, max-snippet:-1, max-image-preview:large, max-video-preview:-1\" \/>\n<link rel=\"canonical\" href=\"https:\/\/www.perfectvanwamel.com\/fr\/produit\/robuste-rotobroyeur-serie-kd\/\" \/>\n<meta property=\"og:locale\" content=\"fr_FR\" \/>\n<meta property=\"og:type\" content=\"article\" \/>\n<meta property=\"og:title\" content=\"robuste rotobroyeur \/ broyeur \u00e0 marteaux, s\u00e9rie KD - PERFECT - Van Wamel\" \/>\n<meta property=\"og:description\" content=\"Robuste broyeur \u00e0 marteaux pour bois de coupe jusqu\u2019\u00e0 3 cm d\u2019\u00e9paisseur, pourvu de marteaux de 0,9 kilos et dents de ramassage pour les sarments.\" \/>\n<meta property=\"og:url\" content=\"https:\/\/www.perfectvanwamel.com\/fr\/produit\/robuste-rotobroyeur-serie-kd\/\" \/>\n<meta property=\"og:site_name\" content=\"PERFECT - Van Wamel\" \/>\n<meta property=\"og:image\" content=\"https:\/\/staging.perfectvanwamel.com\/wp-content\/uploads\/2020\/04\/PERFECT_Flail_shredder_KD_2_-removebg.png\" \/>\n\t<meta property=\"og:image:width\" content=\"2000\" \/>\n\t<meta property=\"og:image:height\" content=\"1333\" \/>\n\t<meta property=\"og:image:type\" content=\"image\/png\" \/>\n<meta name=\"twitter:card\" content=\"summary_large_image\" \/>\n<script type=\"application\/ld+json\" class=\"yoast-schema-graph\">{\"@context\":\"https:\\\/\\\/schema.org\",\"@graph\":[{\"@type\":\"WebPage\",\"@id\":\"https:\\\/\\\/www.perfectvanwamel.com\\\/fr\\\/produit\\\/robuste-rotobroyeur-serie-kd\\\/\",\"url\":\"https:\\\/\\\/www.perfectvanwamel.com\\\/fr\\\/produit\\\/robuste-rotobroyeur-serie-kd\\\/\",\"name\":\"robuste rotobroyeur \\\/ broyeur \u00e0 marteaux, s\u00e9rie KD - PERFECT - Van Wamel\",\"isPartOf\":{\"@id\":\"https:\\\/\\\/www.perfectvanwamel.com\\\/fr\\\/#website\"},\"primaryImageOfPage\":{\"@id\":\"https:\\\/\\\/www.perfectvanwamel.com\\\/fr\\\/produit\\\/robuste-rotobroyeur-serie-kd\\\/#primaryimage\"},\"image\":{\"@id\":\"https:\\\/\\\/www.perfectvanwamel.com\\\/fr\\\/produit\\\/robuste-rotobroyeur-serie-kd\\\/#primaryimage\"},\"thumbnailUrl\":\"https:\\\/\\\/www.perfectvanwamel.com\\\/wp-content\\\/uploads\\\/2020\\\/04\\\/PERFECT_Flail_shredder_KD_2_-removebg.png\",\"datePublished\":\"2020-04-28T06:57:43+00:00\",\"breadcrumb\":{\"@id\":\"https:\\\/\\\/www.perfectvanwamel.com\\\/fr\\\/produit\\\/robuste-rotobroyeur-serie-kd\\\/#breadcrumb\"},\"inLanguage\":\"fr-FR\",\"potentialAction\":[{\"@type\":\"ReadAction\",\"target\":[\"https:\\\/\\\/www.perfectvanwamel.com\\\/fr\\\/produit\\\/robuste-rotobroyeur-serie-kd\\\/\"]}]},{\"@type\":\"ImageObject\",\"inLanguage\":\"fr-FR\",\"@id\":\"https:\\\/\\\/www.perfectvanwamel.com\\\/fr\\\/produit\\\/robuste-rotobroyeur-serie-kd\\\/#primaryimage\",\"url\":\"https:\\\/\\\/www.perfectvanwamel.com\\\/wp-content\\\/uploads\\\/2020\\\/04\\\/PERFECT_Flail_shredder_KD_2_-removebg.png\",\"contentUrl\":\"https:\\\/\\\/www.perfectvanwamel.com\\\/wp-content\\\/uploads\\\/2020\\\/04\\\/PERFECT_Flail_shredder_KD_2_-removebg.png\",\"width\":2000,\"height\":1333},{\"@type\":\"BreadcrumbList\",\"@id\":\"https:\\\/\\\/www.perfectvanwamel.com\\\/fr\\\/produit\\\/robuste-rotobroyeur-serie-kd\\\/#breadcrumb\",\"itemListElement\":[{\"@type\":\"ListItem\",\"position\":1,\"name\":\"Home\",\"item\":\"https:\\\/\\\/staging.perfectvanwamel.com\\\/fr\\\/\"},{\"@type\":\"ListItem\",\"position\":2,\"name\":\"Produits\",\"item\":\"https:\\\/\\\/www.perfectvanwamel.com\\\/fr\\\/technologie\\\/\"},{\"@type\":\"ListItem\",\"position\":3,\"name\":\"robuste rotobroyeur \\\/ broyeur \u00e0 marteaux, s\u00e9rie KD\"}]},{\"@type\":\"WebSite\",\"@id\":\"https:\\\/\\\/www.perfectvanwamel.com\\\/fr\\\/#website\",\"url\":\"https:\\\/\\\/www.perfectvanwamel.com\\\/fr\\\/\",\"name\":\"PERFECT - Van Wamel\",\"description\":\"\",\"potentialAction\":[{\"@type\":\"SearchAction\",\"target\":{\"@type\":\"EntryPoint\",\"urlTemplate\":\"https:\\\/\\\/www.perfectvanwamel.com\\\/fr\\\/?s={search_term_string}\"},\"query-input\":{\"@type\":\"PropertyValueSpecification\",\"valueRequired\":true,\"valueName\":\"search_term_string\"}}],\"inLanguage\":\"fr-FR\"}]}<\/script>\n<!-- \/ Yoast SEO plugin. -->","yoast_head_json":{"title":"robuste rotobroyeur \/ broyeur \u00e0 marteaux, s\u00e9rie KD - PERFECT - Van Wamel","robots":{"index":"index","follow":"follow","max-snippet":"max-snippet:-1","max-image-preview":"max-image-preview:large","max-video-preview":"max-video-preview:-1"},"canonical":"https:\/\/www.perfectvanwamel.com\/fr\/produit\/robuste-rotobroyeur-serie-kd\/","og_locale":"fr_FR","og_type":"article","og_title":"robuste rotobroyeur \/ broyeur \u00e0 marteaux, s\u00e9rie KD - PERFECT - Van Wamel","og_description":"Robuste broyeur \u00e0 marteaux pour bois de coupe jusqu\u2019\u00e0 3 cm d\u2019\u00e9paisseur, pourvu de marteaux de 0,9 kilos et dents de ramassage pour les sarments.","og_url":"https:\/\/www.perfectvanwamel.com\/fr\/produit\/robuste-rotobroyeur-serie-kd\/","og_site_name":"PERFECT - Van Wamel","og_image":[{"width":2000,"height":1333,"url":"https:\/\/staging.perfectvanwamel.com\/wp-content\/uploads\/2020\/04\/PERFECT_Flail_shredder_KD_2_-removebg.png","type":"image\/png"}],"twitter_card":"summary_large_image","schema":{"@context":"https:\/\/schema.org","@graph":[{"@type":"WebPage","@id":"https:\/\/www.perfectvanwamel.com\/fr\/produit\/robuste-rotobroyeur-serie-kd\/","url":"https:\/\/www.perfectvanwamel.com\/fr\/produit\/robuste-rotobroyeur-serie-kd\/","name":"robuste rotobroyeur \/ broyeur \u00e0 marteaux, s\u00e9rie KD - PERFECT - Van Wamel","isPartOf":{"@id":"https:\/\/www.perfectvanwamel.com\/fr\/#website"},"primaryImageOfPage":{"@id":"https:\/\/www.perfectvanwamel.com\/fr\/produit\/robuste-rotobroyeur-serie-kd\/#primaryimage"},"image":{"@id":"https:\/\/www.perfectvanwamel.com\/fr\/produit\/robuste-rotobroyeur-serie-kd\/#primaryimage"},"thumbnailUrl":"https:\/\/www.perfectvanwamel.com\/wp-content\/uploads\/2020\/04\/PERFECT_Flail_shredder_KD_2_-removebg.png","datePublished":"2020-04-28T06:57:43+00:00","breadcrumb":{"@id":"https:\/\/www.perfectvanwamel.com\/fr\/produit\/robuste-rotobroyeur-serie-kd\/#breadcrumb"},"inLanguage":"fr-FR","potentialAction":[{"@type":"ReadAction","target":["https:\/\/www.perfectvanwamel.com\/fr\/produit\/robuste-rotobroyeur-serie-kd\/"]}]},{"@type":"ImageObject","inLanguage":"fr-FR","@id":"https:\/\/www.perfectvanwamel.com\/fr\/produit\/robuste-rotobroyeur-serie-kd\/#primaryimage","url":"https:\/\/www.perfectvanwamel.com\/wp-content\/uploads\/2020\/04\/PERFECT_Flail_shredder_KD_2_-removebg.png","contentUrl":"https:\/\/www.perfectvanwamel.com\/wp-content\/uploads\/2020\/04\/PERFECT_Flail_shredder_KD_2_-removebg.png","width":2000,"height":1333},{"@type":"BreadcrumbList","@id":"https:\/\/www.perfectvanwamel.com\/fr\/produit\/robuste-rotobroyeur-serie-kd\/#breadcrumb","itemListElement":[{"@type":"ListItem","position":1,"name":"Home","item":"https:\/\/staging.perfectvanwamel.com\/fr\/"},{"@type":"ListItem","position":2,"name":"Produits","item":"https:\/\/www.perfectvanwamel.com\/fr\/technologie\/"},{"@type":"ListItem","position":3,"name":"robuste rotobroyeur \/ broyeur \u00e0 marteaux, s\u00e9rie KD"}]},{"@type":"WebSite","@id":"https:\/\/www.perfectvanwamel.com\/fr\/#website","url":"https:\/\/www.perfectvanwamel.com\/fr\/","name":"PERFECT - Van Wamel","description":"","potentialAction":[{"@type":"SearchAction","target":{"@type":"EntryPoint","urlTemplate":"https:\/\/www.perfectvanwamel.com\/fr\/?s={search_term_string}"},"query-input":{"@type":"PropertyValueSpecification","valueRequired":true,"valueName":"search_term_string"}}],"inLanguage":"fr-FR"}]}},"_links":{"self":[{"href":"https:\/\/www.perfectvanwamel.com\/fr\/wp-json\/wp\/v2\/product\/6484","targetHints":{"allow":["GET"]}}],"collection":[{"href":"https:\/\/www.perfectvanwamel.com\/fr\/wp-json\/wp\/v2\/product"}],"about":[{"href":"https:\/\/www.perfectvanwamel.com\/fr\/wp-json\/wp\/v2\/types\/product"}],"wp:featuredmedia":[{"embeddable":true,"href":"https:\/\/www.perfectvanwamel.com\/fr\/wp-json\/wp\/v2\/media\/4102"}],"wp:attachment":[{"href":"https:\/\/www.perfectvanwamel.com\/fr\/wp-json\/wp\/v2\/media?parent=6484"}],"wp:term":[{"taxonomy":"product_brand","embeddable":true,"href":"https:\/\/www.perfectvanwamel.com\/fr\/wp-json\/wp\/v2\/product_brand?post=6484"},{"taxonomy":"product_cat","embeddable":true,"href":"https:\/\/www.perfectvanwamel.com\/fr\/wp-json\/wp\/v2\/product_cat?post=6484"},{"taxonomy":"product_tag","embeddable":true,"href":"https:\/\/www.perfectvanwamel.com\/fr\/wp-json\/wp\/v2\/product_tag?post=6484"}],"curies":[{"name":"wp","href":"https:\/\/api.w.org\/{rel}","templated":true}]}}