{"id":6485,"date":"2020-04-28T09:00:43","date_gmt":"2020-04-28T07:00:43","guid":{"rendered":"https:\/\/www.perfectvanwamel.com\/product\/broyeur-de-bois-serie-bg2-bk2\/"},"modified":"2020-04-28T09:00:43","modified_gmt":"2020-04-28T07:00:43","slug":"broyeur-de-bois-serie-bg2-bk2","status":"publish","type":"product","link":"https:\/\/www.perfectvanwamel.com\/fr\/produit\/broyeur-de-bois-serie-bg2-bk2\/","title":{"rendered":"Broyeur de bois \u00e0 taille extra basse pour la fruiti\u00e8re et viticole, s\u00e9rie BG2-BK2"},"content":{"rendered":"<p>Ces broyeurs \u00e0 marteaux PERFECT sont livr\u00e9s en s\u00e9rie avec des marteaux de 2,2 kg qui, en combinaison avec le r\u00e9gime \u00e9lev\u00e9 de l\u2019arbre \u00e0 marteaux, permettent de broyer facilement et tr\u00e8s efficacement le bois de coupe plus \u00e9pais.<\/p>\n<p>Gr\u00e2ce au capot tr\u00e8s bas de la courroie, les BG2 &#8211; BK2 peuvent \u00e9galement couper sous les branches basses. Avec leur d\u00e9port standard, ces broyeurs \u00e0 marteaux peuvent couper loin du tracteur, donc plus pr\u00e8s des arbres fruitiers.<\/p>\n<p>Pour encore plus de puissance, un broyage tr\u00e8s fin du bois de coupe et un tr\u00e8s beau r\u00e9sultat de la fauche, ces broyeurs \u00e0 marteaux peuvent \u00e9galement \u00eatre livr\u00e9s avec de gros marteaux Combi de 2,7 kg. Ces mod\u00e8les sont pourvus d\u2019un couteau amovible, ce qui signifie de consid\u00e9rables \u00e9conomies lors du remplacement.<\/p>\n","protected":false},"excerpt":{"rendered":"<p>BG2 \u2013 tr\u00e8s robuste broyeur de bois de coupe<br \/>\nBK2 \u2013 tr\u00e8s robuste broyeur de bois de coupe avec dents de ramassage<\/p>\n<p>Tr\u00e8s solides broyeurs \u00e0 marteaux pour bois de coupe jusqu\u2019\u00e0 8 cm d\u2019\u00e9paisseur. Gr\u00e2ce \u00e0 un robuste entra\u00eenement \u00e0 courroie trap\u00e9zo\u00efdale \u00e0 tension automatique, les plus grandes quantit\u00e9s de bois peuvent \u00e9galement \u00eatre broy\u00e9es et d\u00e9charg\u00e9es sans aucune difficult\u00e9.<\/p>\n","protected":false},"featured_media":4114,"template":"","meta":{"_acf_changed":false},"product_brand":[],"product_cat":[1829],"product_tag":[],"class_list":{"0":"post-6485","1":"product","2":"type-product","3":"status-publish","4":"has-post-thumbnail","6":"product_cat-broyeurs-bois-de-taille","7":"pa_aftakas-opm-540-fr","8":"pa_denkende-schijf-nee-fr","9":"pa_gewicht-kg-385-fr","10":"pa_gewicht-kg-480-fr","11":"pa_gewicht-kg-500-fr","12":"pa_gewicht-kg-510-fr","13":"pa_gewicht-kg-525-fr","14":"pa_gewicht-kg-535-fr","15":"pa_gewicht-kg-550-fr","16":"pa_gewicht-kg-555-fr","17":"pa_gewicht-kg-590-fr","18":"pa_gewicht-kg-640-fr","19":"pa_gewicht-kg-665-fr","20":"pa_gewicht-kg-725-fr","21":"pa_gewicht-kg-800-fr","22":"pa_hefinrichting-tractor-cat-i-ii-fr","23":"pa_max-verstrek-midden-cm-110-fr","24":"pa_max-verstrek-midden-cm-140-fr","25":"pa_max-verstrek-midden-cm-170-fr","26":"pa_max-verstrek-midden-cm-56-fr","27":"pa_max-verstrek-midden-cm-62-fr","28":"pa_max-verstrek-midden-cm-80-fr","29":"pa_max-verstrek-midden-cm-95-fr","30":"pa_min-benodigd-vermogen-kw-pk-18-25-fr-2","31":"pa_min-benodigd-vermogen-kw-pk-22-27-fr","32":"pa_min-benodigd-vermogen-kw-pk-22-30-fr","33":"pa_min-benodigd-vermogen-kw-pk-26-35-fr-2","34":"pa_min-benodigd-vermogen-kw-pk-28-38-fr","35":"pa_min-benodigd-vermogen-kw-pk-29-40-fr-2","36":"pa_min-benodigd-vermogen-kw-pk-33-45-fr-2","37":"pa_min-benodigd-vermogen-kw-pk-38-52-fr","38":"pa_transportbreedte-cm-110-fr","39":"pa_transportbreedte-cm-128-fr","40":"pa_transportbreedte-cm-143-fr","41":"pa_transportbreedte-cm-158-fr","42":"pa_transportbreedte-cm-173-fr","43":"pa_transportbreedte-cm-203-fr","44":"pa_transportbreedte-cm-233-fr","45":"pa_werkbreedte-cm-105-fr","46":"pa_werkbreedte-cm-120-fr","47":"pa_werkbreedte-cm-135-fr","48":"pa_werkbreedte-cm-150-fr","49":"pa_werkbreedte-cm-180-fr","50":"pa_werkbreedte-cm-210-fr","51":"pa_werkbreedte-cm-90-fr","53":"first","54":"instock","55":"shipping-taxable","56":"product-type-simple"},"acf":[],"yoast_head":"<!-- This site is optimized with the Yoast SEO plugin v27.4 - https:\/\/yoast.com\/product\/yoast-seo-wordpress\/ -->\n<title>Broyeur de bois \u00e0 taille extra basse pour la fruiti\u00e8re et viticole, s\u00e9rie BG2-BK2 - PERFECT - Van Wamel<\/title>\n<meta name=\"robots\" content=\"index, follow, max-snippet:-1, max-image-preview:large, max-video-preview:-1\" \/>\n<link rel=\"canonical\" href=\"https:\/\/www.perfectvanwamel.com\/fr\/produit\/broyeur-de-bois-serie-bg2-bk2\/\" \/>\n<meta property=\"og:locale\" content=\"fr_FR\" \/>\n<meta property=\"og:type\" content=\"article\" \/>\n<meta property=\"og:title\" content=\"Broyeur de bois \u00e0 taille extra basse pour la fruiti\u00e8re et viticole, s\u00e9rie BG2-BK2 - PERFECT - Van Wamel\" \/>\n<meta property=\"og:description\" content=\"BG2 \u2013 tr\u00e8s robuste broyeur de bois de coupe BK2 \u2013 tr\u00e8s robuste broyeur de bois de coupe avec dents de ramassage  Tr\u00e8s solides broyeurs \u00e0 marteaux pour bois de coupe jusqu\u2019\u00e0 8 cm d\u2019\u00e9paisseur. Gr\u00e2ce \u00e0 un robuste entra\u00eenement \u00e0 courroie trap\u00e9zo\u00efdale \u00e0 tension automatique, les plus grandes quantit\u00e9s de bois peuvent \u00e9galement \u00eatre broy\u00e9es et d\u00e9charg\u00e9es sans aucune difficult\u00e9.\" \/>\n<meta property=\"og:url\" content=\"https:\/\/www.perfectvanwamel.com\/fr\/produit\/broyeur-de-bois-serie-bg2-bk2\/\" \/>\n<meta property=\"og:site_name\" content=\"PERFECT - Van Wamel\" \/>\n<meta property=\"og:image\" content=\"https:\/\/staging.perfectvanwamel.com\/wp-content\/uploads\/2020\/04\/PERFECT_flail_chopper_BG2_1_-removebg.png\" \/>\n\t<meta property=\"og:image:width\" content=\"2000\" \/>\n\t<meta property=\"og:image:height\" content=\"1335\" \/>\n\t<meta property=\"og:image:type\" content=\"image\/png\" \/>\n<meta name=\"twitter:card\" content=\"summary_large_image\" \/>\n<meta name=\"twitter:label1\" content=\"Dur\u00e9e de lecture estim\u00e9e\" \/>\n\t<meta name=\"twitter:data1\" content=\"1 minute\" \/>\n<script type=\"application\/ld+json\" class=\"yoast-schema-graph\">{\"@context\":\"https:\\\/\\\/schema.org\",\"@graph\":[{\"@type\":\"WebPage\",\"@id\":\"https:\\\/\\\/www.perfectvanwamel.com\\\/fr\\\/produit\\\/broyeur-de-bois-serie-bg2-bk2\\\/\",\"url\":\"https:\\\/\\\/www.perfectvanwamel.com\\\/fr\\\/produit\\\/broyeur-de-bois-serie-bg2-bk2\\\/\",\"name\":\"Broyeur de bois \u00e0 taille extra basse pour la fruiti\u00e8re et viticole, s\u00e9rie BG2-BK2 - PERFECT - Van Wamel\",\"isPartOf\":{\"@id\":\"https:\\\/\\\/www.perfectvanwamel.com\\\/fr\\\/#website\"},\"primaryImageOfPage\":{\"@id\":\"https:\\\/\\\/www.perfectvanwamel.com\\\/fr\\\/produit\\\/broyeur-de-bois-serie-bg2-bk2\\\/#primaryimage\"},\"image\":{\"@id\":\"https:\\\/\\\/www.perfectvanwamel.com\\\/fr\\\/produit\\\/broyeur-de-bois-serie-bg2-bk2\\\/#primaryimage\"},\"thumbnailUrl\":\"https:\\\/\\\/www.perfectvanwamel.com\\\/wp-content\\\/uploads\\\/2020\\\/04\\\/PERFECT_flail_chopper_BG2_1_-removebg.png\",\"datePublished\":\"2020-04-28T07:00:43+00:00\",\"breadcrumb\":{\"@id\":\"https:\\\/\\\/www.perfectvanwamel.com\\\/fr\\\/produit\\\/broyeur-de-bois-serie-bg2-bk2\\\/#breadcrumb\"},\"inLanguage\":\"fr-FR\",\"potentialAction\":[{\"@type\":\"ReadAction\",\"target\":[\"https:\\\/\\\/www.perfectvanwamel.com\\\/fr\\\/produit\\\/broyeur-de-bois-serie-bg2-bk2\\\/\"]}]},{\"@type\":\"ImageObject\",\"inLanguage\":\"fr-FR\",\"@id\":\"https:\\\/\\\/www.perfectvanwamel.com\\\/fr\\\/produit\\\/broyeur-de-bois-serie-bg2-bk2\\\/#primaryimage\",\"url\":\"https:\\\/\\\/www.perfectvanwamel.com\\\/wp-content\\\/uploads\\\/2020\\\/04\\\/PERFECT_flail_chopper_BG2_1_-removebg.png\",\"contentUrl\":\"https:\\\/\\\/www.perfectvanwamel.com\\\/wp-content\\\/uploads\\\/2020\\\/04\\\/PERFECT_flail_chopper_BG2_1_-removebg.png\",\"width\":2000,\"height\":1335},{\"@type\":\"BreadcrumbList\",\"@id\":\"https:\\\/\\\/www.perfectvanwamel.com\\\/fr\\\/produit\\\/broyeur-de-bois-serie-bg2-bk2\\\/#breadcrumb\",\"itemListElement\":[{\"@type\":\"ListItem\",\"position\":1,\"name\":\"Home\",\"item\":\"https:\\\/\\\/staging.perfectvanwamel.com\\\/fr\\\/\"},{\"@type\":\"ListItem\",\"position\":2,\"name\":\"Produits\",\"item\":\"https:\\\/\\\/www.perfectvanwamel.com\\\/fr\\\/technologie\\\/\"},{\"@type\":\"ListItem\",\"position\":3,\"name\":\"Broyeur de bois \u00e0 taille extra basse pour la fruiti\u00e8re et viticole, s\u00e9rie BG2-BK2\"}]},{\"@type\":\"WebSite\",\"@id\":\"https:\\\/\\\/www.perfectvanwamel.com\\\/fr\\\/#website\",\"url\":\"https:\\\/\\\/www.perfectvanwamel.com\\\/fr\\\/\",\"name\":\"PERFECT - Van Wamel\",\"description\":\"\",\"potentialAction\":[{\"@type\":\"SearchAction\",\"target\":{\"@type\":\"EntryPoint\",\"urlTemplate\":\"https:\\\/\\\/www.perfectvanwamel.com\\\/fr\\\/?s={search_term_string}\"},\"query-input\":{\"@type\":\"PropertyValueSpecification\",\"valueRequired\":true,\"valueName\":\"search_term_string\"}}],\"inLanguage\":\"fr-FR\"}]}<\/script>\n<!-- \/ Yoast SEO plugin. -->","yoast_head_json":{"title":"Broyeur de bois \u00e0 taille extra basse pour la fruiti\u00e8re et viticole, s\u00e9rie BG2-BK2 - PERFECT - Van Wamel","robots":{"index":"index","follow":"follow","max-snippet":"max-snippet:-1","max-image-preview":"max-image-preview:large","max-video-preview":"max-video-preview:-1"},"canonical":"https:\/\/www.perfectvanwamel.com\/fr\/produit\/broyeur-de-bois-serie-bg2-bk2\/","og_locale":"fr_FR","og_type":"article","og_title":"Broyeur de bois \u00e0 taille extra basse pour la fruiti\u00e8re et viticole, s\u00e9rie BG2-BK2 - PERFECT - Van Wamel","og_description":"BG2 \u2013 tr\u00e8s robuste broyeur de bois de coupe BK2 \u2013 tr\u00e8s robuste broyeur de bois de coupe avec dents de ramassage  Tr\u00e8s solides broyeurs \u00e0 marteaux pour bois de coupe jusqu\u2019\u00e0 8 cm d\u2019\u00e9paisseur. Gr\u00e2ce \u00e0 un robuste entra\u00eenement \u00e0 courroie trap\u00e9zo\u00efdale \u00e0 tension automatique, les plus grandes quantit\u00e9s de bois peuvent \u00e9galement \u00eatre broy\u00e9es et d\u00e9charg\u00e9es sans aucune difficult\u00e9.","og_url":"https:\/\/www.perfectvanwamel.com\/fr\/produit\/broyeur-de-bois-serie-bg2-bk2\/","og_site_name":"PERFECT - Van Wamel","og_image":[{"width":2000,"height":1335,"url":"https:\/\/staging.perfectvanwamel.com\/wp-content\/uploads\/2020\/04\/PERFECT_flail_chopper_BG2_1_-removebg.png","type":"image\/png"}],"twitter_card":"summary_large_image","twitter_misc":{"Dur\u00e9e de lecture estim\u00e9e":"1 minute"},"schema":{"@context":"https:\/\/schema.org","@graph":[{"@type":"WebPage","@id":"https:\/\/www.perfectvanwamel.com\/fr\/produit\/broyeur-de-bois-serie-bg2-bk2\/","url":"https:\/\/www.perfectvanwamel.com\/fr\/produit\/broyeur-de-bois-serie-bg2-bk2\/","name":"Broyeur de bois \u00e0 taille extra basse pour la fruiti\u00e8re et viticole, s\u00e9rie BG2-BK2 - PERFECT - Van Wamel","isPartOf":{"@id":"https:\/\/www.perfectvanwamel.com\/fr\/#website"},"primaryImageOfPage":{"@id":"https:\/\/www.perfectvanwamel.com\/fr\/produit\/broyeur-de-bois-serie-bg2-bk2\/#primaryimage"},"image":{"@id":"https:\/\/www.perfectvanwamel.com\/fr\/produit\/broyeur-de-bois-serie-bg2-bk2\/#primaryimage"},"thumbnailUrl":"https:\/\/www.perfectvanwamel.com\/wp-content\/uploads\/2020\/04\/PERFECT_flail_chopper_BG2_1_-removebg.png","datePublished":"2020-04-28T07:00:43+00:00","breadcrumb":{"@id":"https:\/\/www.perfectvanwamel.com\/fr\/produit\/broyeur-de-bois-serie-bg2-bk2\/#breadcrumb"},"inLanguage":"fr-FR","potentialAction":[{"@type":"ReadAction","target":["https:\/\/www.perfectvanwamel.com\/fr\/produit\/broyeur-de-bois-serie-bg2-bk2\/"]}]},{"@type":"ImageObject","inLanguage":"fr-FR","@id":"https:\/\/www.perfectvanwamel.com\/fr\/produit\/broyeur-de-bois-serie-bg2-bk2\/#primaryimage","url":"https:\/\/www.perfectvanwamel.com\/wp-content\/uploads\/2020\/04\/PERFECT_flail_chopper_BG2_1_-removebg.png","contentUrl":"https:\/\/www.perfectvanwamel.com\/wp-content\/uploads\/2020\/04\/PERFECT_flail_chopper_BG2_1_-removebg.png","width":2000,"height":1335},{"@type":"BreadcrumbList","@id":"https:\/\/www.perfectvanwamel.com\/fr\/produit\/broyeur-de-bois-serie-bg2-bk2\/#breadcrumb","itemListElement":[{"@type":"ListItem","position":1,"name":"Home","item":"https:\/\/staging.perfectvanwamel.com\/fr\/"},{"@type":"ListItem","position":2,"name":"Produits","item":"https:\/\/www.perfectvanwamel.com\/fr\/technologie\/"},{"@type":"ListItem","position":3,"name":"Broyeur de bois \u00e0 taille extra basse pour la fruiti\u00e8re et viticole, s\u00e9rie BG2-BK2"}]},{"@type":"WebSite","@id":"https:\/\/www.perfectvanwamel.com\/fr\/#website","url":"https:\/\/www.perfectvanwamel.com\/fr\/","name":"PERFECT - Van Wamel","description":"","potentialAction":[{"@type":"SearchAction","target":{"@type":"EntryPoint","urlTemplate":"https:\/\/www.perfectvanwamel.com\/fr\/?s={search_term_string}"},"query-input":{"@type":"PropertyValueSpecification","valueRequired":true,"valueName":"search_term_string"}}],"inLanguage":"fr-FR"}]}},"_links":{"self":[{"href":"https:\/\/www.perfectvanwamel.com\/fr\/wp-json\/wp\/v2\/product\/6485","targetHints":{"allow":["GET"]}}],"collection":[{"href":"https:\/\/www.perfectvanwamel.com\/fr\/wp-json\/wp\/v2\/product"}],"about":[{"href":"https:\/\/www.perfectvanwamel.com\/fr\/wp-json\/wp\/v2\/types\/product"}],"wp:featuredmedia":[{"embeddable":true,"href":"https:\/\/www.perfectvanwamel.com\/fr\/wp-json\/wp\/v2\/media\/4114"}],"wp:attachment":[{"href":"https:\/\/www.perfectvanwamel.com\/fr\/wp-json\/wp\/v2\/media?parent=6485"}],"wp:term":[{"taxonomy":"product_brand","embeddable":true,"href":"https:\/\/www.perfectvanwamel.com\/fr\/wp-json\/wp\/v2\/product_brand?post=6485"},{"taxonomy":"product_cat","embeddable":true,"href":"https:\/\/www.perfectvanwamel.com\/fr\/wp-json\/wp\/v2\/product_cat?post=6485"},{"taxonomy":"product_tag","embeddable":true,"href":"https:\/\/www.perfectvanwamel.com\/fr\/wp-json\/wp\/v2\/product_tag?post=6485"}],"curies":[{"name":"wp","href":"https:\/\/api.w.org\/{rel}","templated":true}]}}