{"id":6486,"date":"2020-04-28T09:06:04","date_gmt":"2020-04-28T07:06:04","guid":{"rendered":"https:\/\/www.perfectvanwamel.com\/product\/broyeur-serie-variochop\/"},"modified":"2020-11-02T15:31:14","modified_gmt":"2020-11-02T14:31:14","slug":"broyeur-serie-variochop","status":"publish","type":"product","link":"https:\/\/www.perfectvanwamel.com\/fr\/produit\/broyeur-serie-variochop\/","title":{"rendered":"Broyeur extra bas pour montage avant et arri\u00e8re, s\u00e9rie VARIOCHOP"},"content":{"rendered":"<p>Le broyeur de bois de coupe VARIOCHOP est une machine extr\u00eamement robuste qui convient pour du bois jusqu\u2019\u00e0 8 cm d\u2019\u00e9paisseur. Gr\u00e2ce au capot bas de la courroie, cette machine peut tr\u00e8s facilement travailler sous les branches basses des arbres. L\u2019entra\u00eenement \u00e0 tension presque enti\u00e8rement automatique de la courroie trap\u00e9zo\u00efdale conf\u00e8re \u00e0 ce broyeur une tr\u00e8s grande capacit\u00e9.<\/p>\n<p>Le broyeur \u00e0 marteaux VARIOCHOP est pourvu de courroies trap\u00e9zo\u00efdales pouvant \u00eatre \u00e9chang\u00e9es ; en \u00e9changeant ces disques, le r\u00e9gime de l\u2019arbre \u00e0 marteaux peut \u00eatre r\u00e9gl\u00e9 sur 540, 750 et 1000 tpm. Cet entra\u00eenement \u00e9vite, lors de l\u2019acquisition d\u2019un autre tracteur, d\u2019avoir \u00e0 adapter le broyeur ou m\u00eame \u00e0 le changer.<\/p>\n<p>Le VARIOCHOP est livrable avec des largeurs de travail de 1,35, 1,50, 1,80 et 2,10 m\u00e8tres.<\/p>\n","protected":false},"excerpt":{"rendered":"<p>Broyeur \u00e0 marteaux pour attelage tant \u00e0 l\u2019avant qu\u2019\u00e0 l\u2019arri\u00e8re du tracteur. Le r\u00e9gime peut \u00eatre modifi\u00e9 en changeant entre eux les disques des courroies trap\u00e9zo\u00efdales.<\/p>\n","protected":false},"featured_media":7767,"template":"","meta":{"_acf_changed":false},"product_brand":[],"product_cat":[1829],"product_tag":[],"class_list":{"0":"post-6486","1":"product","2":"type-product","3":"status-publish","4":"has-post-thumbnail","6":"product_cat-broyeurs-bois-de-taille","7":"pa_aftakas-opm-540-fr","8":"pa_denkende-schijf-nee-fr","9":"pa_gewicht-kg-660-fr","10":"pa_gewicht-kg-700-fr","11":"pa_gewicht-kg-740-fr","12":"pa_gewicht-kg-810-fr","13":"pa_hefinrichting-tractor-cat-i-ii-fr","14":"pa_max-verstrek-midden-cm-129-fr","15":"pa_max-verstrek-midden-cm-159-fr","16":"pa_max-verstrek-midden-cm-99-fr","17":"pa_min-benodigd-vermogen-kw-pk-18-25-fr-2","18":"pa_min-benodigd-vermogen-kw-pk-21-28-fr","19":"pa_min-benodigd-vermogen-kw-pk-25-34-fr","20":"pa_min-benodigd-vermogen-kw-pk-30-41-fr","21":"pa_transportbreedte-cm-157-fr","22":"pa_transportbreedte-cm-172-fr","23":"pa_transportbreedte-cm-202-fr","24":"pa_transportbreedte-cm-232-fr","25":"pa_werkbreedte-cm-135-fr","26":"pa_werkbreedte-cm-150-fr","27":"pa_werkbreedte-cm-180-fr","28":"pa_werkbreedte-cm-210-fr","30":"first","31":"instock","32":"shipping-taxable","33":"product-type-simple"},"acf":[],"yoast_head":"<!-- This site is optimized with the Yoast SEO plugin v27.4 - https:\/\/yoast.com\/product\/yoast-seo-wordpress\/ -->\n<title>Broyeur extra bas pour montage avant et arri\u00e8re, s\u00e9rie VARIOCHOP - PERFECT - Van Wamel<\/title>\n<meta name=\"robots\" content=\"index, follow, max-snippet:-1, max-image-preview:large, max-video-preview:-1\" \/>\n<link rel=\"canonical\" href=\"https:\/\/www.perfectvanwamel.com\/fr\/produit\/broyeur-serie-variochop\/\" \/>\n<meta property=\"og:locale\" content=\"fr_FR\" \/>\n<meta property=\"og:type\" content=\"article\" \/>\n<meta property=\"og:title\" content=\"Broyeur extra bas pour montage avant et arri\u00e8re, s\u00e9rie VARIOCHOP - PERFECT - Van Wamel\" \/>\n<meta property=\"og:description\" content=\"Broyeur \u00e0 marteaux pour attelage tant \u00e0 l\u2019avant qu\u2019\u00e0 l\u2019arri\u00e8re du tracteur. Le r\u00e9gime peut \u00eatre modifi\u00e9 en changeant entre eux les disques des courroies trap\u00e9zo\u00efdales.\" \/>\n<meta property=\"og:url\" content=\"https:\/\/www.perfectvanwamel.com\/fr\/produit\/broyeur-serie-variochop\/\" \/>\n<meta property=\"og:site_name\" content=\"PERFECT - Van Wamel\" \/>\n<meta property=\"article:modified_time\" content=\"2020-11-02T14:31:14+00:00\" \/>\n<meta property=\"og:image\" content=\"https:\/\/staging.perfectvanwamel.com\/wp-content\/uploads\/2020\/04\/Variochop-vrijstaand-scaled.jpg\" \/>\n\t<meta property=\"og:image:width\" content=\"2560\" \/>\n\t<meta property=\"og:image:height\" content=\"1707\" \/>\n\t<meta property=\"og:image:type\" content=\"image\/jpeg\" \/>\n<meta name=\"twitter:card\" content=\"summary_large_image\" \/>\n<meta name=\"twitter:label1\" content=\"Dur\u00e9e de lecture estim\u00e9e\" \/>\n\t<meta name=\"twitter:data1\" content=\"1 minute\" \/>\n<script type=\"application\/ld+json\" class=\"yoast-schema-graph\">{\"@context\":\"https:\\\/\\\/schema.org\",\"@graph\":[{\"@type\":\"WebPage\",\"@id\":\"https:\\\/\\\/www.perfectvanwamel.com\\\/fr\\\/produit\\\/broyeur-serie-variochop\\\/\",\"url\":\"https:\\\/\\\/www.perfectvanwamel.com\\\/fr\\\/produit\\\/broyeur-serie-variochop\\\/\",\"name\":\"Broyeur extra bas pour montage avant et arri\u00e8re, s\u00e9rie VARIOCHOP - PERFECT - Van Wamel\",\"isPartOf\":{\"@id\":\"https:\\\/\\\/www.perfectvanwamel.com\\\/fr\\\/#website\"},\"primaryImageOfPage\":{\"@id\":\"https:\\\/\\\/www.perfectvanwamel.com\\\/fr\\\/produit\\\/broyeur-serie-variochop\\\/#primaryimage\"},\"image\":{\"@id\":\"https:\\\/\\\/www.perfectvanwamel.com\\\/fr\\\/produit\\\/broyeur-serie-variochop\\\/#primaryimage\"},\"thumbnailUrl\":\"https:\\\/\\\/www.perfectvanwamel.com\\\/wp-content\\\/uploads\\\/2020\\\/04\\\/Variochop-vrijstaand-scaled.jpg\",\"datePublished\":\"2020-04-28T07:06:04+00:00\",\"dateModified\":\"2020-11-02T14:31:14+00:00\",\"breadcrumb\":{\"@id\":\"https:\\\/\\\/www.perfectvanwamel.com\\\/fr\\\/produit\\\/broyeur-serie-variochop\\\/#breadcrumb\"},\"inLanguage\":\"fr-FR\",\"potentialAction\":[{\"@type\":\"ReadAction\",\"target\":[\"https:\\\/\\\/www.perfectvanwamel.com\\\/fr\\\/produit\\\/broyeur-serie-variochop\\\/\"]}]},{\"@type\":\"ImageObject\",\"inLanguage\":\"fr-FR\",\"@id\":\"https:\\\/\\\/www.perfectvanwamel.com\\\/fr\\\/produit\\\/broyeur-serie-variochop\\\/#primaryimage\",\"url\":\"https:\\\/\\\/www.perfectvanwamel.com\\\/wp-content\\\/uploads\\\/2020\\\/04\\\/Variochop-vrijstaand-scaled.jpg\",\"contentUrl\":\"https:\\\/\\\/www.perfectvanwamel.com\\\/wp-content\\\/uploads\\\/2020\\\/04\\\/Variochop-vrijstaand-scaled.jpg\",\"width\":2560,\"height\":1707},{\"@type\":\"BreadcrumbList\",\"@id\":\"https:\\\/\\\/www.perfectvanwamel.com\\\/fr\\\/produit\\\/broyeur-serie-variochop\\\/#breadcrumb\",\"itemListElement\":[{\"@type\":\"ListItem\",\"position\":1,\"name\":\"Home\",\"item\":\"https:\\\/\\\/staging.perfectvanwamel.com\\\/fr\\\/\"},{\"@type\":\"ListItem\",\"position\":2,\"name\":\"Technologie\",\"item\":\"https:\\\/\\\/staging.perfectvanwamel.com\\\/fr\\\/technologie\\\/\"},{\"@type\":\"ListItem\",\"position\":3,\"name\":\"Broyeur extra bas pour montage avant et arri\u00e8re, s\u00e9rie VARIOCHOP\"}]},{\"@type\":\"WebSite\",\"@id\":\"https:\\\/\\\/www.perfectvanwamel.com\\\/fr\\\/#website\",\"url\":\"https:\\\/\\\/www.perfectvanwamel.com\\\/fr\\\/\",\"name\":\"PERFECT - Van Wamel\",\"description\":\"\",\"potentialAction\":[{\"@type\":\"SearchAction\",\"target\":{\"@type\":\"EntryPoint\",\"urlTemplate\":\"https:\\\/\\\/www.perfectvanwamel.com\\\/fr\\\/?s={search_term_string}\"},\"query-input\":{\"@type\":\"PropertyValueSpecification\",\"valueRequired\":true,\"valueName\":\"search_term_string\"}}],\"inLanguage\":\"fr-FR\"}]}<\/script>\n<!-- \/ Yoast SEO plugin. -->","yoast_head_json":{"title":"Broyeur extra bas pour montage avant et arri\u00e8re, s\u00e9rie VARIOCHOP - PERFECT - Van Wamel","robots":{"index":"index","follow":"follow","max-snippet":"max-snippet:-1","max-image-preview":"max-image-preview:large","max-video-preview":"max-video-preview:-1"},"canonical":"https:\/\/www.perfectvanwamel.com\/fr\/produit\/broyeur-serie-variochop\/","og_locale":"fr_FR","og_type":"article","og_title":"Broyeur extra bas pour montage avant et arri\u00e8re, s\u00e9rie VARIOCHOP - PERFECT - Van Wamel","og_description":"Broyeur \u00e0 marteaux pour attelage tant \u00e0 l\u2019avant qu\u2019\u00e0 l\u2019arri\u00e8re du tracteur. Le r\u00e9gime peut \u00eatre modifi\u00e9 en changeant entre eux les disques des courroies trap\u00e9zo\u00efdales.","og_url":"https:\/\/www.perfectvanwamel.com\/fr\/produit\/broyeur-serie-variochop\/","og_site_name":"PERFECT - Van Wamel","article_modified_time":"2020-11-02T14:31:14+00:00","og_image":[{"width":2560,"height":1707,"url":"https:\/\/staging.perfectvanwamel.com\/wp-content\/uploads\/2020\/04\/Variochop-vrijstaand-scaled.jpg","type":"image\/jpeg"}],"twitter_card":"summary_large_image","twitter_misc":{"Dur\u00e9e de lecture estim\u00e9e":"1 minute"},"schema":{"@context":"https:\/\/schema.org","@graph":[{"@type":"WebPage","@id":"https:\/\/www.perfectvanwamel.com\/fr\/produit\/broyeur-serie-variochop\/","url":"https:\/\/www.perfectvanwamel.com\/fr\/produit\/broyeur-serie-variochop\/","name":"Broyeur extra bas pour montage avant et arri\u00e8re, s\u00e9rie VARIOCHOP - PERFECT - Van Wamel","isPartOf":{"@id":"https:\/\/www.perfectvanwamel.com\/fr\/#website"},"primaryImageOfPage":{"@id":"https:\/\/www.perfectvanwamel.com\/fr\/produit\/broyeur-serie-variochop\/#primaryimage"},"image":{"@id":"https:\/\/www.perfectvanwamel.com\/fr\/produit\/broyeur-serie-variochop\/#primaryimage"},"thumbnailUrl":"https:\/\/www.perfectvanwamel.com\/wp-content\/uploads\/2020\/04\/Variochop-vrijstaand-scaled.jpg","datePublished":"2020-04-28T07:06:04+00:00","dateModified":"2020-11-02T14:31:14+00:00","breadcrumb":{"@id":"https:\/\/www.perfectvanwamel.com\/fr\/produit\/broyeur-serie-variochop\/#breadcrumb"},"inLanguage":"fr-FR","potentialAction":[{"@type":"ReadAction","target":["https:\/\/www.perfectvanwamel.com\/fr\/produit\/broyeur-serie-variochop\/"]}]},{"@type":"ImageObject","inLanguage":"fr-FR","@id":"https:\/\/www.perfectvanwamel.com\/fr\/produit\/broyeur-serie-variochop\/#primaryimage","url":"https:\/\/www.perfectvanwamel.com\/wp-content\/uploads\/2020\/04\/Variochop-vrijstaand-scaled.jpg","contentUrl":"https:\/\/www.perfectvanwamel.com\/wp-content\/uploads\/2020\/04\/Variochop-vrijstaand-scaled.jpg","width":2560,"height":1707},{"@type":"BreadcrumbList","@id":"https:\/\/www.perfectvanwamel.com\/fr\/produit\/broyeur-serie-variochop\/#breadcrumb","itemListElement":[{"@type":"ListItem","position":1,"name":"Home","item":"https:\/\/staging.perfectvanwamel.com\/fr\/"},{"@type":"ListItem","position":2,"name":"Technologie","item":"https:\/\/staging.perfectvanwamel.com\/fr\/technologie\/"},{"@type":"ListItem","position":3,"name":"Broyeur extra bas pour montage avant et arri\u00e8re, s\u00e9rie VARIOCHOP"}]},{"@type":"WebSite","@id":"https:\/\/www.perfectvanwamel.com\/fr\/#website","url":"https:\/\/www.perfectvanwamel.com\/fr\/","name":"PERFECT - Van Wamel","description":"","potentialAction":[{"@type":"SearchAction","target":{"@type":"EntryPoint","urlTemplate":"https:\/\/www.perfectvanwamel.com\/fr\/?s={search_term_string}"},"query-input":{"@type":"PropertyValueSpecification","valueRequired":true,"valueName":"search_term_string"}}],"inLanguage":"fr-FR"}]}},"_links":{"self":[{"href":"https:\/\/www.perfectvanwamel.com\/fr\/wp-json\/wp\/v2\/product\/6486","targetHints":{"allow":["GET"]}}],"collection":[{"href":"https:\/\/www.perfectvanwamel.com\/fr\/wp-json\/wp\/v2\/product"}],"about":[{"href":"https:\/\/www.perfectvanwamel.com\/fr\/wp-json\/wp\/v2\/types\/product"}],"wp:featuredmedia":[{"embeddable":true,"href":"https:\/\/www.perfectvanwamel.com\/fr\/wp-json\/wp\/v2\/media\/7767"}],"wp:attachment":[{"href":"https:\/\/www.perfectvanwamel.com\/fr\/wp-json\/wp\/v2\/media?parent=6486"}],"wp:term":[{"taxonomy":"product_brand","embeddable":true,"href":"https:\/\/www.perfectvanwamel.com\/fr\/wp-json\/wp\/v2\/product_brand?post=6486"},{"taxonomy":"product_cat","embeddable":true,"href":"https:\/\/www.perfectvanwamel.com\/fr\/wp-json\/wp\/v2\/product_cat?post=6486"},{"taxonomy":"product_tag","embeddable":true,"href":"https:\/\/www.perfectvanwamel.com\/fr\/wp-json\/wp\/v2\/product_tag?post=6486"}],"curies":[{"name":"wp","href":"https:\/\/api.w.org\/{rel}","templated":true}]}}