{"id":6487,"date":"2020-04-28T09:04:24","date_gmt":"2020-04-28T07:04:24","guid":{"rendered":"https:\/\/www.perfectvanwamel.com\/product\/broyeurs-a-marteaux-serie-kg-kk\/"},"modified":"2023-03-14T14:35:43","modified_gmt":"2023-03-14T13:35:43","slug":"broyeurs-a-marteaux-serie-kg-kk","status":"publish","type":"product","link":"https:\/\/www.perfectvanwamel.com\/fr\/produit\/broyeurs-a-marteaux-serie-kg-kk\/","title":{"rendered":"Broyeurs \u00e0 marteaux pour bois de coupe renforc\u00e9s, s\u00e9rie KG-KK"},"content":{"rendered":"<p>Ces broyeurs \u00e0 marteaux PERFECT sont livr\u00e9s en s\u00e9rie avec des marteaux de 2,2 kg qui, en combinaison avec le r\u00e9gime \u00e9lev\u00e9 de l\u2019arbre \u00e0 marteaux, permettent de broyer facilement et tr\u00e8s efficacement de plus grandes quantit\u00e9s de bois de coupe plus \u00e9pais.<\/p>\n<p>Avec leur d\u00e9port standard, ces broyeurs \u00e0 marteaux peuvent couper loin du tracteur, donc plus pr\u00e8s des arbres fruitiers. Pour \u00e9liminer le bois de coupe et les feuilles autour des troncs d\u2019arbres, un andaineur SPA peut \u00eatre mont\u00e9 sur le broyeur \u00e0 marteaux.<\/p>\n<p>Pour encore plus de puissance, un broyage tr\u00e8s fin du bois de coupe et un tr\u00e8s beau r\u00e9sultat de la fauche, ces broyeurs \u00e0 marteaux peuvent \u00e9galement \u00eatre livr\u00e9s avec de gros marteaux Combi de 2,7 kg. Ces mod\u00e8les sont pourvus d\u2019un couteau amovible, ce qui signifie de consid\u00e9rables \u00e9conomies lors du remplacement.<\/p>\n","protected":false},"excerpt":{"rendered":"<p>KG \u2013 Broyeur \u00e0 marteaux renforc\u00e9<br \/>\nKK \u2013 Broyeur \u00e0 marteaux renforc\u00e9 avec clapet de d\u00e9charge r\u00e9glable et possibilit\u00e9 d\u2019utiliser des dents de ramassage. En option \u00e9galement disponible avec chute lat\u00e9rale.<\/p>\n<p>Tr\u00e8s solides broyeurs \u00e0 marteaux pour bois de coupe jusqu\u2019\u00e0 10 cm d\u2019\u00e9paisseur. Tr\u00e8s robuste entra\u00eenement et arbre \u00e0 marteaux avec grand diam\u00e8tre et parois \u00e9paisses. Convient pour tracteurs jusqu\u2019\u00e0 140 ch.<\/p>\n","protected":false},"featured_media":5252,"template":"","meta":{"_acf_changed":false},"product_brand":[],"product_cat":[1829],"product_tag":[],"class_list":{"0":"post-6487","1":"product","2":"type-product","3":"status-publish","4":"has-post-thumbnail","6":"product_cat-broyeurs-bois-de-taille","7":"pa_aftakas-opm-540-fr","8":"pa_denkende-schijf-nee-fr","9":"pa_hefinrichting-tractor-cat-i-ii-fr","10":"pa_max-verstrek-midden-cm-112-fr","11":"pa_max-verstrek-midden-cm-142-fr","12":"pa_max-verstrek-midden-cm-181-fr","13":"pa_max-verstrek-midden-cm-182-fr","14":"pa_min-benodigd-vermogen-kw-pk-24-33-fr","15":"pa_min-benodigd-vermogen-kw-pk-26-35-fr-2","16":"pa_min-benodigd-vermogen-kw-pk-30-40-fr","17":"pa_min-benodigd-vermogen-kw-pk-30-42-fr","18":"pa_min-benodigd-vermogen-kw-pk-33-45-fr-2","19":"pa_min-benodigd-vermogen-kw-pk-44-60-fr","20":"pa_min-benodigd-vermogen-kw-pk-58-80-fr","21":"pa_transportbreedte-cm-171-fr","22":"pa_transportbreedte-cm-206-fr","23":"pa_transportbreedte-cm-246-fr","24":"pa_transportbreedte-cm-275-fr","25":"pa_werkbreedte-cm-150-fr","26":"pa_werkbreedte-cm-180-fr","27":"pa_werkbreedte-cm-220-fr","28":"pa_werkbreedte-cm-245-fr","30":"first","31":"instock","32":"shipping-taxable","33":"product-type-simple"},"acf":[],"yoast_head":"<!-- This site is optimized with the Yoast SEO plugin v27.5 - https:\/\/yoast.com\/product\/yoast-seo-wordpress\/ -->\n<title>Broyeurs \u00e0 marteaux pour bois de coupe renforc\u00e9s, s\u00e9rie KG-KK - PERFECT - Van Wamel<\/title>\n<meta name=\"robots\" content=\"index, follow, max-snippet:-1, max-image-preview:large, max-video-preview:-1\" \/>\n<link rel=\"canonical\" href=\"https:\/\/www.perfectvanwamel.com\/fr\/produit\/broyeurs-a-marteaux-serie-kg-kk\/\" \/>\n<meta property=\"og:locale\" content=\"fr_FR\" \/>\n<meta property=\"og:type\" content=\"article\" \/>\n<meta property=\"og:title\" content=\"Broyeurs \u00e0 marteaux pour bois de coupe renforc\u00e9s, s\u00e9rie KG-KK - PERFECT - Van Wamel\" \/>\n<meta property=\"og:description\" content=\"KG \u2013 Broyeur \u00e0 marteaux renforc\u00e9 KK \u2013 Broyeur \u00e0 marteaux renforc\u00e9 avec clapet de d\u00e9charge r\u00e9glable et possibilit\u00e9 d\u2019utiliser des dents de ramassage. En option \u00e9galement disponible avec chute lat\u00e9rale.  Tr\u00e8s solides broyeurs \u00e0 marteaux pour bois de coupe jusqu\u2019\u00e0 10 cm d\u2019\u00e9paisseur. Tr\u00e8s robuste entra\u00eenement et arbre \u00e0 marteaux avec grand diam\u00e8tre et parois \u00e9paisses. Convient pour tracteurs jusqu\u2019\u00e0 140 ch.\" \/>\n<meta property=\"og:url\" content=\"https:\/\/www.perfectvanwamel.com\/fr\/produit\/broyeurs-a-marteaux-serie-kg-kk\/\" \/>\n<meta property=\"og:site_name\" content=\"PERFECT - Van Wamel\" \/>\n<meta property=\"article:modified_time\" content=\"2023-03-14T13:35:43+00:00\" \/>\n<meta property=\"og:image\" content=\"https:\/\/staging.perfectvanwamel.com\/wp-content\/uploads\/2020\/04\/KK-vrijstaand.png\" \/>\n\t<meta property=\"og:image:width\" content=\"1443\" \/>\n\t<meta property=\"og:image:height\" content=\"987\" \/>\n\t<meta property=\"og:image:type\" content=\"image\/png\" \/>\n<meta name=\"twitter:card\" content=\"summary_large_image\" \/>\n<meta name=\"twitter:label1\" content=\"Dur\u00e9e de lecture estim\u00e9e\" \/>\n\t<meta name=\"twitter:data1\" content=\"1 minute\" \/>\n<script type=\"application\/ld+json\" class=\"yoast-schema-graph\">{\"@context\":\"https:\\\/\\\/schema.org\",\"@graph\":[{\"@type\":\"WebPage\",\"@id\":\"https:\\\/\\\/www.perfectvanwamel.com\\\/fr\\\/produit\\\/broyeurs-a-marteaux-serie-kg-kk\\\/\",\"url\":\"https:\\\/\\\/www.perfectvanwamel.com\\\/fr\\\/produit\\\/broyeurs-a-marteaux-serie-kg-kk\\\/\",\"name\":\"Broyeurs \u00e0 marteaux pour bois de coupe renforc\u00e9s, s\u00e9rie KG-KK - PERFECT - Van Wamel\",\"isPartOf\":{\"@id\":\"https:\\\/\\\/www.perfectvanwamel.com\\\/fr\\\/#website\"},\"primaryImageOfPage\":{\"@id\":\"https:\\\/\\\/www.perfectvanwamel.com\\\/fr\\\/produit\\\/broyeurs-a-marteaux-serie-kg-kk\\\/#primaryimage\"},\"image\":{\"@id\":\"https:\\\/\\\/www.perfectvanwamel.com\\\/fr\\\/produit\\\/broyeurs-a-marteaux-serie-kg-kk\\\/#primaryimage\"},\"thumbnailUrl\":\"https:\\\/\\\/www.perfectvanwamel.com\\\/wp-content\\\/uploads\\\/2020\\\/04\\\/KK-vrijstaand.png\",\"datePublished\":\"2020-04-28T07:04:24+00:00\",\"dateModified\":\"2023-03-14T13:35:43+00:00\",\"breadcrumb\":{\"@id\":\"https:\\\/\\\/www.perfectvanwamel.com\\\/fr\\\/produit\\\/broyeurs-a-marteaux-serie-kg-kk\\\/#breadcrumb\"},\"inLanguage\":\"fr-FR\",\"potentialAction\":[{\"@type\":\"ReadAction\",\"target\":[\"https:\\\/\\\/www.perfectvanwamel.com\\\/fr\\\/produit\\\/broyeurs-a-marteaux-serie-kg-kk\\\/\"]}]},{\"@type\":\"ImageObject\",\"inLanguage\":\"fr-FR\",\"@id\":\"https:\\\/\\\/www.perfectvanwamel.com\\\/fr\\\/produit\\\/broyeurs-a-marteaux-serie-kg-kk\\\/#primaryimage\",\"url\":\"https:\\\/\\\/www.perfectvanwamel.com\\\/wp-content\\\/uploads\\\/2020\\\/04\\\/KK-vrijstaand.png\",\"contentUrl\":\"https:\\\/\\\/www.perfectvanwamel.com\\\/wp-content\\\/uploads\\\/2020\\\/04\\\/KK-vrijstaand.png\",\"width\":1443,\"height\":987},{\"@type\":\"BreadcrumbList\",\"@id\":\"https:\\\/\\\/www.perfectvanwamel.com\\\/fr\\\/produit\\\/broyeurs-a-marteaux-serie-kg-kk\\\/#breadcrumb\",\"itemListElement\":[{\"@type\":\"ListItem\",\"position\":1,\"name\":\"Home\",\"item\":\"https:\\\/\\\/staging.perfectvanwamel.com\\\/fr\\\/\"},{\"@type\":\"ListItem\",\"position\":2,\"name\":\"Produits\",\"item\":\"https:\\\/\\\/www.perfectvanwamel.com\\\/fr\\\/technologie\\\/\"},{\"@type\":\"ListItem\",\"position\":3,\"name\":\"Broyeurs \u00e0 marteaux pour bois de coupe renforc\u00e9s, s\u00e9rie KG-KK\"}]},{\"@type\":\"WebSite\",\"@id\":\"https:\\\/\\\/www.perfectvanwamel.com\\\/fr\\\/#website\",\"url\":\"https:\\\/\\\/www.perfectvanwamel.com\\\/fr\\\/\",\"name\":\"PERFECT - Van Wamel\",\"description\":\"\",\"potentialAction\":[{\"@type\":\"SearchAction\",\"target\":{\"@type\":\"EntryPoint\",\"urlTemplate\":\"https:\\\/\\\/www.perfectvanwamel.com\\\/fr\\\/?s={search_term_string}\"},\"query-input\":{\"@type\":\"PropertyValueSpecification\",\"valueRequired\":true,\"valueName\":\"search_term_string\"}}],\"inLanguage\":\"fr-FR\"}]}<\/script>\n<!-- \/ Yoast SEO plugin. -->","yoast_head_json":{"title":"Broyeurs \u00e0 marteaux pour bois de coupe renforc\u00e9s, s\u00e9rie KG-KK - PERFECT - Van Wamel","robots":{"index":"index","follow":"follow","max-snippet":"max-snippet:-1","max-image-preview":"max-image-preview:large","max-video-preview":"max-video-preview:-1"},"canonical":"https:\/\/www.perfectvanwamel.com\/fr\/produit\/broyeurs-a-marteaux-serie-kg-kk\/","og_locale":"fr_FR","og_type":"article","og_title":"Broyeurs \u00e0 marteaux pour bois de coupe renforc\u00e9s, s\u00e9rie KG-KK - PERFECT - Van Wamel","og_description":"KG \u2013 Broyeur \u00e0 marteaux renforc\u00e9 KK \u2013 Broyeur \u00e0 marteaux renforc\u00e9 avec clapet de d\u00e9charge r\u00e9glable et possibilit\u00e9 d\u2019utiliser des dents de ramassage. En option \u00e9galement disponible avec chute lat\u00e9rale.  Tr\u00e8s solides broyeurs \u00e0 marteaux pour bois de coupe jusqu\u2019\u00e0 10 cm d\u2019\u00e9paisseur. Tr\u00e8s robuste entra\u00eenement et arbre \u00e0 marteaux avec grand diam\u00e8tre et parois \u00e9paisses. Convient pour tracteurs jusqu\u2019\u00e0 140 ch.","og_url":"https:\/\/www.perfectvanwamel.com\/fr\/produit\/broyeurs-a-marteaux-serie-kg-kk\/","og_site_name":"PERFECT - Van Wamel","article_modified_time":"2023-03-14T13:35:43+00:00","og_image":[{"width":1443,"height":987,"url":"https:\/\/staging.perfectvanwamel.com\/wp-content\/uploads\/2020\/04\/KK-vrijstaand.png","type":"image\/png"}],"twitter_card":"summary_large_image","twitter_misc":{"Dur\u00e9e de lecture estim\u00e9e":"1 minute"},"schema":{"@context":"https:\/\/schema.org","@graph":[{"@type":"WebPage","@id":"https:\/\/www.perfectvanwamel.com\/fr\/produit\/broyeurs-a-marteaux-serie-kg-kk\/","url":"https:\/\/www.perfectvanwamel.com\/fr\/produit\/broyeurs-a-marteaux-serie-kg-kk\/","name":"Broyeurs \u00e0 marteaux pour bois de coupe renforc\u00e9s, s\u00e9rie KG-KK - PERFECT - Van Wamel","isPartOf":{"@id":"https:\/\/www.perfectvanwamel.com\/fr\/#website"},"primaryImageOfPage":{"@id":"https:\/\/www.perfectvanwamel.com\/fr\/produit\/broyeurs-a-marteaux-serie-kg-kk\/#primaryimage"},"image":{"@id":"https:\/\/www.perfectvanwamel.com\/fr\/produit\/broyeurs-a-marteaux-serie-kg-kk\/#primaryimage"},"thumbnailUrl":"https:\/\/www.perfectvanwamel.com\/wp-content\/uploads\/2020\/04\/KK-vrijstaand.png","datePublished":"2020-04-28T07:04:24+00:00","dateModified":"2023-03-14T13:35:43+00:00","breadcrumb":{"@id":"https:\/\/www.perfectvanwamel.com\/fr\/produit\/broyeurs-a-marteaux-serie-kg-kk\/#breadcrumb"},"inLanguage":"fr-FR","potentialAction":[{"@type":"ReadAction","target":["https:\/\/www.perfectvanwamel.com\/fr\/produit\/broyeurs-a-marteaux-serie-kg-kk\/"]}]},{"@type":"ImageObject","inLanguage":"fr-FR","@id":"https:\/\/www.perfectvanwamel.com\/fr\/produit\/broyeurs-a-marteaux-serie-kg-kk\/#primaryimage","url":"https:\/\/www.perfectvanwamel.com\/wp-content\/uploads\/2020\/04\/KK-vrijstaand.png","contentUrl":"https:\/\/www.perfectvanwamel.com\/wp-content\/uploads\/2020\/04\/KK-vrijstaand.png","width":1443,"height":987},{"@type":"BreadcrumbList","@id":"https:\/\/www.perfectvanwamel.com\/fr\/produit\/broyeurs-a-marteaux-serie-kg-kk\/#breadcrumb","itemListElement":[{"@type":"ListItem","position":1,"name":"Home","item":"https:\/\/staging.perfectvanwamel.com\/fr\/"},{"@type":"ListItem","position":2,"name":"Produits","item":"https:\/\/www.perfectvanwamel.com\/fr\/technologie\/"},{"@type":"ListItem","position":3,"name":"Broyeurs \u00e0 marteaux pour bois de coupe renforc\u00e9s, s\u00e9rie KG-KK"}]},{"@type":"WebSite","@id":"https:\/\/www.perfectvanwamel.com\/fr\/#website","url":"https:\/\/www.perfectvanwamel.com\/fr\/","name":"PERFECT - Van Wamel","description":"","potentialAction":[{"@type":"SearchAction","target":{"@type":"EntryPoint","urlTemplate":"https:\/\/www.perfectvanwamel.com\/fr\/?s={search_term_string}"},"query-input":{"@type":"PropertyValueSpecification","valueRequired":true,"valueName":"search_term_string"}}],"inLanguage":"fr-FR"}]}},"_links":{"self":[{"href":"https:\/\/www.perfectvanwamel.com\/fr\/wp-json\/wp\/v2\/product\/6487","targetHints":{"allow":["GET"]}}],"collection":[{"href":"https:\/\/www.perfectvanwamel.com\/fr\/wp-json\/wp\/v2\/product"}],"about":[{"href":"https:\/\/www.perfectvanwamel.com\/fr\/wp-json\/wp\/v2\/types\/product"}],"wp:featuredmedia":[{"embeddable":true,"href":"https:\/\/www.perfectvanwamel.com\/fr\/wp-json\/wp\/v2\/media\/5252"}],"wp:attachment":[{"href":"https:\/\/www.perfectvanwamel.com\/fr\/wp-json\/wp\/v2\/media?parent=6487"}],"wp:term":[{"taxonomy":"product_brand","embeddable":true,"href":"https:\/\/www.perfectvanwamel.com\/fr\/wp-json\/wp\/v2\/product_brand?post=6487"},{"taxonomy":"product_cat","embeddable":true,"href":"https:\/\/www.perfectvanwamel.com\/fr\/wp-json\/wp\/v2\/product_cat?post=6487"},{"taxonomy":"product_tag","embeddable":true,"href":"https:\/\/www.perfectvanwamel.com\/fr\/wp-json\/wp\/v2\/product_tag?post=6487"}],"curies":[{"name":"wp","href":"https:\/\/api.w.org\/{rel}","templated":true}]}}