{"id":6488,"date":"2020-04-28T09:08:06","date_gmt":"2020-04-28T07:08:06","guid":{"rendered":"https:\/\/www.perfectvanwamel.com\/product\/broyeur-faucheuse-modele-nx-460\/"},"modified":"2020-10-22T23:24:18","modified_gmt":"2020-10-22T21:24:18","slug":"broyeur-nx-460","status":"publish","type":"product","link":"https:\/\/www.perfectvanwamel.com\/fr\/produit\/broyeur-nx-460\/","title":{"rendered":"Broyeur \u00e0 largeur de travail r\u00e9glable, mod\u00e8le NX-460"},"content":{"rendered":"<p>Le broyeur NX-460 est un broyeur dont la largeur de travail est facilement vari\u00e9, allant de 2,90 m jusqu`\u00e0 4,60 m. Cependant, ce broyeur se pr\u00eate parfaitement pour le broyage de vergers plus larges et\/ou des exploitations avec des diff\u00e9rents \u00e9cartements entre les rangs (entre 4 et 6 m).<\/p>\n<p>Le NX-460 consiste de deux broyeur robustes de 2,40 m chacun.<br \/>\nGrace \u00e0 la grande largeur \u00e9t la haute capacit\u00e9 cet \u00e9quipement permet de faire des importantes \u00e9conomies en ce qui concerne le broyage de l&#8217;herbe et sarments en verger. On \u00e9conomise beaucoup de main d&#8217;oeuvre et carburant par rapport au broyage avec un broyeur ou tondeuse simple.<\/p>\n<p>Le NX-460 est livr\u00e9 de s\u00e9rie avec des marteaux de 2,2 kilos qui disposent d&#8217;une haute force de frappe; pour une coupe optimale en herbe la machine peut \u00eatre livr\u00e9 avec des marteaux de 0.9 kilos avec une surface de coupe droite. Pour une combinaison des caract\u00e9ristiques positifs nous proposons le marteau Combi de 2,7 kilos, qui dispose d&#8217;une lage remplaceable.<\/p>\n","protected":false},"excerpt":{"rendered":"<p>Broyeur \u00e0 largeur variable. Grande r\u00e9duction de co\u00fbts grace \u00e0 la haute capacit\u00e9 et grande largeur de travail.<\/p>\n","protected":false},"featured_media":4777,"template":"","meta":{"_acf_changed":false},"product_brand":[],"product_cat":[1829],"product_tag":[],"class_list":{"0":"post-6488","1":"product","2":"type-product","3":"status-publish","4":"has-post-thumbnail","6":"product_cat-broyeurs-bois-de-taille","7":"pa_denkende-schijf-nee-fr","8":"pa_gewicht-kg-2100-fr","9":"pa_maaihoogte-cm-4-10-fr","10":"pa_min-benodigd-vermogen-kw-pk-81-105-fr","11":"pa_werkbreedte-max-460-fr","12":"pa_werkbreedte-min-290-fr","14":"first","15":"instock","16":"shipping-taxable","17":"product-type-simple"},"acf":[],"yoast_head":"<!-- This site is optimized with the Yoast SEO plugin v27.5 - https:\/\/yoast.com\/product\/yoast-seo-wordpress\/ -->\n<title>Broyeur \u00e0 largeur de travail r\u00e9glable, mod\u00e8le NX-460 - PERFECT - Van Wamel<\/title>\n<meta name=\"robots\" content=\"index, follow, max-snippet:-1, max-image-preview:large, max-video-preview:-1\" \/>\n<link rel=\"canonical\" href=\"https:\/\/www.perfectvanwamel.com\/fr\/produit\/broyeur-nx-460\/\" \/>\n<meta property=\"og:locale\" content=\"fr_FR\" \/>\n<meta property=\"og:type\" content=\"article\" \/>\n<meta property=\"og:title\" content=\"Broyeur \u00e0 largeur de travail r\u00e9glable, mod\u00e8le NX-460 - PERFECT - Van Wamel\" \/>\n<meta property=\"og:description\" content=\"Broyeur \u00e0 largeur variable. Grande r\u00e9duction de co\u00fbts grace \u00e0 la haute capacit\u00e9 et grande largeur de travail.\" \/>\n<meta property=\"og:url\" content=\"https:\/\/www.perfectvanwamel.com\/fr\/produit\/broyeur-nx-460\/\" \/>\n<meta property=\"og:site_name\" content=\"PERFECT - Van Wamel\" \/>\n<meta property=\"article:modified_time\" content=\"2020-10-22T21:24:18+00:00\" \/>\n<meta property=\"og:image\" content=\"https:\/\/staging.perfectvanwamel.com\/wp-content\/uploads\/2020\/04\/NX-460-blanc.jpg\" \/>\n\t<meta property=\"og:image:width\" content=\"2000\" \/>\n\t<meta property=\"og:image:height\" content=\"1335\" \/>\n\t<meta property=\"og:image:type\" content=\"image\/jpeg\" \/>\n<meta name=\"twitter:card\" content=\"summary_large_image\" \/>\n<meta name=\"twitter:label1\" content=\"Dur\u00e9e de lecture estim\u00e9e\" \/>\n\t<meta name=\"twitter:data1\" content=\"1 minute\" \/>\n<script type=\"application\/ld+json\" class=\"yoast-schema-graph\">{\"@context\":\"https:\\\/\\\/schema.org\",\"@graph\":[{\"@type\":\"WebPage\",\"@id\":\"https:\\\/\\\/www.perfectvanwamel.com\\\/fr\\\/produit\\\/broyeur-nx-460\\\/\",\"url\":\"https:\\\/\\\/www.perfectvanwamel.com\\\/fr\\\/produit\\\/broyeur-nx-460\\\/\",\"name\":\"Broyeur \u00e0 largeur de travail r\u00e9glable, mod\u00e8le NX-460 - PERFECT - Van Wamel\",\"isPartOf\":{\"@id\":\"https:\\\/\\\/www.perfectvanwamel.com\\\/fr\\\/#website\"},\"primaryImageOfPage\":{\"@id\":\"https:\\\/\\\/www.perfectvanwamel.com\\\/fr\\\/produit\\\/broyeur-nx-460\\\/#primaryimage\"},\"image\":{\"@id\":\"https:\\\/\\\/www.perfectvanwamel.com\\\/fr\\\/produit\\\/broyeur-nx-460\\\/#primaryimage\"},\"thumbnailUrl\":\"https:\\\/\\\/www.perfectvanwamel.com\\\/wp-content\\\/uploads\\\/2020\\\/04\\\/NX-460-blanc.jpg\",\"datePublished\":\"2020-04-28T07:08:06+00:00\",\"dateModified\":\"2020-10-22T21:24:18+00:00\",\"breadcrumb\":{\"@id\":\"https:\\\/\\\/www.perfectvanwamel.com\\\/fr\\\/produit\\\/broyeur-nx-460\\\/#breadcrumb\"},\"inLanguage\":\"fr-FR\",\"potentialAction\":[{\"@type\":\"ReadAction\",\"target\":[\"https:\\\/\\\/www.perfectvanwamel.com\\\/fr\\\/produit\\\/broyeur-nx-460\\\/\"]}]},{\"@type\":\"ImageObject\",\"inLanguage\":\"fr-FR\",\"@id\":\"https:\\\/\\\/www.perfectvanwamel.com\\\/fr\\\/produit\\\/broyeur-nx-460\\\/#primaryimage\",\"url\":\"https:\\\/\\\/www.perfectvanwamel.com\\\/wp-content\\\/uploads\\\/2020\\\/04\\\/NX-460-blanc.jpg\",\"contentUrl\":\"https:\\\/\\\/www.perfectvanwamel.com\\\/wp-content\\\/uploads\\\/2020\\\/04\\\/NX-460-blanc.jpg\",\"width\":2000,\"height\":1335},{\"@type\":\"BreadcrumbList\",\"@id\":\"https:\\\/\\\/www.perfectvanwamel.com\\\/fr\\\/produit\\\/broyeur-nx-460\\\/#breadcrumb\",\"itemListElement\":[{\"@type\":\"ListItem\",\"position\":1,\"name\":\"Home\",\"item\":\"https:\\\/\\\/staging.perfectvanwamel.com\\\/fr\\\/\"},{\"@type\":\"ListItem\",\"position\":2,\"name\":\"Produits\",\"item\":\"https:\\\/\\\/www.perfectvanwamel.com\\\/fr\\\/technologie\\\/\"},{\"@type\":\"ListItem\",\"position\":3,\"name\":\"Broyeur \u00e0 largeur de travail r\u00e9glable, mod\u00e8le NX-460\"}]},{\"@type\":\"WebSite\",\"@id\":\"https:\\\/\\\/www.perfectvanwamel.com\\\/fr\\\/#website\",\"url\":\"https:\\\/\\\/www.perfectvanwamel.com\\\/fr\\\/\",\"name\":\"PERFECT - Van Wamel\",\"description\":\"\",\"potentialAction\":[{\"@type\":\"SearchAction\",\"target\":{\"@type\":\"EntryPoint\",\"urlTemplate\":\"https:\\\/\\\/www.perfectvanwamel.com\\\/fr\\\/?s={search_term_string}\"},\"query-input\":{\"@type\":\"PropertyValueSpecification\",\"valueRequired\":true,\"valueName\":\"search_term_string\"}}],\"inLanguage\":\"fr-FR\"}]}<\/script>\n<!-- \/ Yoast SEO plugin. -->","yoast_head_json":{"title":"Broyeur \u00e0 largeur de travail r\u00e9glable, mod\u00e8le NX-460 - PERFECT - Van Wamel","robots":{"index":"index","follow":"follow","max-snippet":"max-snippet:-1","max-image-preview":"max-image-preview:large","max-video-preview":"max-video-preview:-1"},"canonical":"https:\/\/www.perfectvanwamel.com\/fr\/produit\/broyeur-nx-460\/","og_locale":"fr_FR","og_type":"article","og_title":"Broyeur \u00e0 largeur de travail r\u00e9glable, mod\u00e8le NX-460 - PERFECT - Van Wamel","og_description":"Broyeur \u00e0 largeur variable. Grande r\u00e9duction de co\u00fbts grace \u00e0 la haute capacit\u00e9 et grande largeur de travail.","og_url":"https:\/\/www.perfectvanwamel.com\/fr\/produit\/broyeur-nx-460\/","og_site_name":"PERFECT - Van Wamel","article_modified_time":"2020-10-22T21:24:18+00:00","og_image":[{"width":2000,"height":1335,"url":"https:\/\/staging.perfectvanwamel.com\/wp-content\/uploads\/2020\/04\/NX-460-blanc.jpg","type":"image\/jpeg"}],"twitter_card":"summary_large_image","twitter_misc":{"Dur\u00e9e de lecture estim\u00e9e":"1 minute"},"schema":{"@context":"https:\/\/schema.org","@graph":[{"@type":"WebPage","@id":"https:\/\/www.perfectvanwamel.com\/fr\/produit\/broyeur-nx-460\/","url":"https:\/\/www.perfectvanwamel.com\/fr\/produit\/broyeur-nx-460\/","name":"Broyeur \u00e0 largeur de travail r\u00e9glable, mod\u00e8le NX-460 - PERFECT - Van Wamel","isPartOf":{"@id":"https:\/\/www.perfectvanwamel.com\/fr\/#website"},"primaryImageOfPage":{"@id":"https:\/\/www.perfectvanwamel.com\/fr\/produit\/broyeur-nx-460\/#primaryimage"},"image":{"@id":"https:\/\/www.perfectvanwamel.com\/fr\/produit\/broyeur-nx-460\/#primaryimage"},"thumbnailUrl":"https:\/\/www.perfectvanwamel.com\/wp-content\/uploads\/2020\/04\/NX-460-blanc.jpg","datePublished":"2020-04-28T07:08:06+00:00","dateModified":"2020-10-22T21:24:18+00:00","breadcrumb":{"@id":"https:\/\/www.perfectvanwamel.com\/fr\/produit\/broyeur-nx-460\/#breadcrumb"},"inLanguage":"fr-FR","potentialAction":[{"@type":"ReadAction","target":["https:\/\/www.perfectvanwamel.com\/fr\/produit\/broyeur-nx-460\/"]}]},{"@type":"ImageObject","inLanguage":"fr-FR","@id":"https:\/\/www.perfectvanwamel.com\/fr\/produit\/broyeur-nx-460\/#primaryimage","url":"https:\/\/www.perfectvanwamel.com\/wp-content\/uploads\/2020\/04\/NX-460-blanc.jpg","contentUrl":"https:\/\/www.perfectvanwamel.com\/wp-content\/uploads\/2020\/04\/NX-460-blanc.jpg","width":2000,"height":1335},{"@type":"BreadcrumbList","@id":"https:\/\/www.perfectvanwamel.com\/fr\/produit\/broyeur-nx-460\/#breadcrumb","itemListElement":[{"@type":"ListItem","position":1,"name":"Home","item":"https:\/\/staging.perfectvanwamel.com\/fr\/"},{"@type":"ListItem","position":2,"name":"Produits","item":"https:\/\/www.perfectvanwamel.com\/fr\/technologie\/"},{"@type":"ListItem","position":3,"name":"Broyeur \u00e0 largeur de travail r\u00e9glable, mod\u00e8le NX-460"}]},{"@type":"WebSite","@id":"https:\/\/www.perfectvanwamel.com\/fr\/#website","url":"https:\/\/www.perfectvanwamel.com\/fr\/","name":"PERFECT - Van Wamel","description":"","potentialAction":[{"@type":"SearchAction","target":{"@type":"EntryPoint","urlTemplate":"https:\/\/www.perfectvanwamel.com\/fr\/?s={search_term_string}"},"query-input":{"@type":"PropertyValueSpecification","valueRequired":true,"valueName":"search_term_string"}}],"inLanguage":"fr-FR"}]}},"_links":{"self":[{"href":"https:\/\/www.perfectvanwamel.com\/fr\/wp-json\/wp\/v2\/product\/6488","targetHints":{"allow":["GET"]}}],"collection":[{"href":"https:\/\/www.perfectvanwamel.com\/fr\/wp-json\/wp\/v2\/product"}],"about":[{"href":"https:\/\/www.perfectvanwamel.com\/fr\/wp-json\/wp\/v2\/types\/product"}],"wp:featuredmedia":[{"embeddable":true,"href":"https:\/\/www.perfectvanwamel.com\/fr\/wp-json\/wp\/v2\/media\/4777"}],"wp:attachment":[{"href":"https:\/\/www.perfectvanwamel.com\/fr\/wp-json\/wp\/v2\/media?parent=6488"}],"wp:term":[{"taxonomy":"product_brand","embeddable":true,"href":"https:\/\/www.perfectvanwamel.com\/fr\/wp-json\/wp\/v2\/product_brand?post=6488"},{"taxonomy":"product_cat","embeddable":true,"href":"https:\/\/www.perfectvanwamel.com\/fr\/wp-json\/wp\/v2\/product_cat?post=6488"},{"taxonomy":"product_tag","embeddable":true,"href":"https:\/\/www.perfectvanwamel.com\/fr\/wp-json\/wp\/v2\/product_tag?post=6488"}],"curies":[{"name":"wp","href":"https:\/\/api.w.org\/{rel}","templated":true}]}}