{"id":6496,"date":"2020-04-28T09:10:20","date_gmt":"2020-04-28T07:10:20","guid":{"rendered":"https:\/\/www.perfectvanwamel.com\/product\/spa-andaineur-dattachement\/"},"modified":"2020-10-05T19:38:58","modified_gmt":"2020-10-05T17:38:58","slug":"spa-andaineur-dattachement","status":"publish","type":"product","link":"https:\/\/www.perfectvanwamel.com\/fr\/produit\/spa-andaineur-dattachement\/","title":{"rendered":"SPA, andaineur d&#8217;attachement"},"content":{"rendered":"<p>Les t\u00eates de l&#8217;andaineur disposent d&#8217;un parfait suivi du sol, grace \u00e0 la roue de soutien pivotante qui suit le terrain ind\u00e9pendamment du tracteur. L&#8217;angle des balais est r\u00e9glable afin de pouvoir varier la pression des balais au sol pour optimiser le r\u00e9sultat du travail.<\/p>\n<p>Les brosses sont fabriqu\u00e9s d&#8217;une mati\u00e8re synthetique qui s&#8217;use tr\u00e8s lentement; ces brosses peuvent travailler tout pr\u00e8s et m\u00eame aoutour des arbres\/ceps sans les endommager.<\/p>\n<p>L&#8217;andaineur SPA est livr\u00e9 avec une plaque de montage pour le montage sur un andaineur de sarments.<\/p>\n","protected":false},"excerpt":{"rendered":"<p>L&#8217;andaineur SPA \u00e9loigne les sarments et feuilles depuis le rang d&#8217;arbres \/ vignes, cet andaineur est mont\u00e9 sur un broyeur \u00e0 marteaux. L&#8217;andaineur suit le sol ind\u00e9pendamment du broyeur\/tracteur.<\/p>\n","protected":false},"featured_media":28382,"template":"","meta":{"_acf_changed":false},"product_brand":[],"product_cat":[1831],"product_tag":[],"class_list":{"0":"post-6496","1":"product","2":"type-product","3":"status-publish","4":"has-post-thumbnail","6":"product_cat-andaineurs","7":"pa_denkende-schijf-nee-fr","9":"first","10":"instock","11":"shipping-taxable","12":"product-type-simple"},"acf":[],"yoast_head":"<!-- This site is optimized with the Yoast SEO plugin v27.4 - https:\/\/yoast.com\/product\/yoast-seo-wordpress\/ -->\n<title>SPA, andaineur d&#039;attachement - PERFECT - Van Wamel<\/title>\n<meta name=\"robots\" content=\"index, follow, max-snippet:-1, max-image-preview:large, max-video-preview:-1\" \/>\n<link rel=\"canonical\" href=\"https:\/\/www.perfectvanwamel.com\/fr\/produit\/spa-andaineur-dattachement\/\" \/>\n<meta property=\"og:locale\" content=\"fr_FR\" \/>\n<meta property=\"og:type\" content=\"article\" \/>\n<meta property=\"og:title\" content=\"SPA, andaineur d&#039;attachement - PERFECT - Van Wamel\" \/>\n<meta property=\"og:description\" content=\"L&#039;andaineur SPA \u00e9loigne les sarments et feuilles depuis le rang d&#039;arbres \/ vignes, cet andaineur est mont\u00e9 sur un broyeur \u00e0 marteaux. L&#039;andaineur suit le sol ind\u00e9pendamment du broyeur\/tracteur.\" \/>\n<meta property=\"og:url\" content=\"https:\/\/www.perfectvanwamel.com\/fr\/produit\/spa-andaineur-dattachement\/\" \/>\n<meta property=\"og:site_name\" content=\"PERFECT - Van Wamel\" \/>\n<meta property=\"article:modified_time\" content=\"2020-10-05T17:38:58+00:00\" \/>\n<meta property=\"og:image\" content=\"https:\/\/staging.perfectvanwamel.com\/wp-content\/uploads\/2020\/04\/SPA.jpg\" \/>\n\t<meta property=\"og:image:width\" content=\"1500\" \/>\n\t<meta property=\"og:image:height\" content=\"1001\" \/>\n\t<meta property=\"og:image:type\" content=\"image\/jpeg\" \/>\n<meta name=\"twitter:card\" content=\"summary_large_image\" \/>\n<script type=\"application\/ld+json\" class=\"yoast-schema-graph\">{\"@context\":\"https:\\\/\\\/schema.org\",\"@graph\":[{\"@type\":\"WebPage\",\"@id\":\"https:\\\/\\\/www.perfectvanwamel.com\\\/fr\\\/produit\\\/spa-andaineur-dattachement\\\/\",\"url\":\"https:\\\/\\\/www.perfectvanwamel.com\\\/fr\\\/produit\\\/spa-andaineur-dattachement\\\/\",\"name\":\"SPA, andaineur d'attachement - PERFECT - Van Wamel\",\"isPartOf\":{\"@id\":\"https:\\\/\\\/www.perfectvanwamel.com\\\/fr\\\/#website\"},\"primaryImageOfPage\":{\"@id\":\"https:\\\/\\\/www.perfectvanwamel.com\\\/fr\\\/produit\\\/spa-andaineur-dattachement\\\/#primaryimage\"},\"image\":{\"@id\":\"https:\\\/\\\/www.perfectvanwamel.com\\\/fr\\\/produit\\\/spa-andaineur-dattachement\\\/#primaryimage\"},\"thumbnailUrl\":\"https:\\\/\\\/www.perfectvanwamel.com\\\/wp-content\\\/uploads\\\/2020\\\/04\\\/SPA.jpg\",\"datePublished\":\"2020-04-28T07:10:20+00:00\",\"dateModified\":\"2020-10-05T17:38:58+00:00\",\"breadcrumb\":{\"@id\":\"https:\\\/\\\/www.perfectvanwamel.com\\\/fr\\\/produit\\\/spa-andaineur-dattachement\\\/#breadcrumb\"},\"inLanguage\":\"fr-FR\",\"potentialAction\":[{\"@type\":\"ReadAction\",\"target\":[\"https:\\\/\\\/www.perfectvanwamel.com\\\/fr\\\/produit\\\/spa-andaineur-dattachement\\\/\"]}]},{\"@type\":\"ImageObject\",\"inLanguage\":\"fr-FR\",\"@id\":\"https:\\\/\\\/www.perfectvanwamel.com\\\/fr\\\/produit\\\/spa-andaineur-dattachement\\\/#primaryimage\",\"url\":\"https:\\\/\\\/www.perfectvanwamel.com\\\/wp-content\\\/uploads\\\/2020\\\/04\\\/SPA.jpg\",\"contentUrl\":\"https:\\\/\\\/www.perfectvanwamel.com\\\/wp-content\\\/uploads\\\/2020\\\/04\\\/SPA.jpg\",\"width\":1500,\"height\":1001},{\"@type\":\"BreadcrumbList\",\"@id\":\"https:\\\/\\\/www.perfectvanwamel.com\\\/fr\\\/produit\\\/spa-andaineur-dattachement\\\/#breadcrumb\",\"itemListElement\":[{\"@type\":\"ListItem\",\"position\":1,\"name\":\"Home\",\"item\":\"https:\\\/\\\/staging.perfectvanwamel.com\\\/fr\\\/\"},{\"@type\":\"ListItem\",\"position\":2,\"name\":\"Technologie\",\"item\":\"https:\\\/\\\/staging.perfectvanwamel.com\\\/fr\\\/technologie\\\/\"},{\"@type\":\"ListItem\",\"position\":3,\"name\":\"SPA, andaineur d&#8217;attachement\"}]},{\"@type\":\"WebSite\",\"@id\":\"https:\\\/\\\/www.perfectvanwamel.com\\\/fr\\\/#website\",\"url\":\"https:\\\/\\\/www.perfectvanwamel.com\\\/fr\\\/\",\"name\":\"PERFECT - Van Wamel\",\"description\":\"\",\"potentialAction\":[{\"@type\":\"SearchAction\",\"target\":{\"@type\":\"EntryPoint\",\"urlTemplate\":\"https:\\\/\\\/www.perfectvanwamel.com\\\/fr\\\/?s={search_term_string}\"},\"query-input\":{\"@type\":\"PropertyValueSpecification\",\"valueRequired\":true,\"valueName\":\"search_term_string\"}}],\"inLanguage\":\"fr-FR\"}]}<\/script>\n<!-- \/ Yoast SEO plugin. -->","yoast_head_json":{"title":"SPA, andaineur d'attachement - PERFECT - Van Wamel","robots":{"index":"index","follow":"follow","max-snippet":"max-snippet:-1","max-image-preview":"max-image-preview:large","max-video-preview":"max-video-preview:-1"},"canonical":"https:\/\/www.perfectvanwamel.com\/fr\/produit\/spa-andaineur-dattachement\/","og_locale":"fr_FR","og_type":"article","og_title":"SPA, andaineur d'attachement - PERFECT - Van Wamel","og_description":"L'andaineur SPA \u00e9loigne les sarments et feuilles depuis le rang d'arbres \/ vignes, cet andaineur est mont\u00e9 sur un broyeur \u00e0 marteaux. L'andaineur suit le sol ind\u00e9pendamment du broyeur\/tracteur.","og_url":"https:\/\/www.perfectvanwamel.com\/fr\/produit\/spa-andaineur-dattachement\/","og_site_name":"PERFECT - Van Wamel","article_modified_time":"2020-10-05T17:38:58+00:00","og_image":[{"width":1500,"height":1001,"url":"https:\/\/staging.perfectvanwamel.com\/wp-content\/uploads\/2020\/04\/SPA.jpg","type":"image\/jpeg"}],"twitter_card":"summary_large_image","schema":{"@context":"https:\/\/schema.org","@graph":[{"@type":"WebPage","@id":"https:\/\/www.perfectvanwamel.com\/fr\/produit\/spa-andaineur-dattachement\/","url":"https:\/\/www.perfectvanwamel.com\/fr\/produit\/spa-andaineur-dattachement\/","name":"SPA, andaineur d'attachement - PERFECT - Van Wamel","isPartOf":{"@id":"https:\/\/www.perfectvanwamel.com\/fr\/#website"},"primaryImageOfPage":{"@id":"https:\/\/www.perfectvanwamel.com\/fr\/produit\/spa-andaineur-dattachement\/#primaryimage"},"image":{"@id":"https:\/\/www.perfectvanwamel.com\/fr\/produit\/spa-andaineur-dattachement\/#primaryimage"},"thumbnailUrl":"https:\/\/www.perfectvanwamel.com\/wp-content\/uploads\/2020\/04\/SPA.jpg","datePublished":"2020-04-28T07:10:20+00:00","dateModified":"2020-10-05T17:38:58+00:00","breadcrumb":{"@id":"https:\/\/www.perfectvanwamel.com\/fr\/produit\/spa-andaineur-dattachement\/#breadcrumb"},"inLanguage":"fr-FR","potentialAction":[{"@type":"ReadAction","target":["https:\/\/www.perfectvanwamel.com\/fr\/produit\/spa-andaineur-dattachement\/"]}]},{"@type":"ImageObject","inLanguage":"fr-FR","@id":"https:\/\/www.perfectvanwamel.com\/fr\/produit\/spa-andaineur-dattachement\/#primaryimage","url":"https:\/\/www.perfectvanwamel.com\/wp-content\/uploads\/2020\/04\/SPA.jpg","contentUrl":"https:\/\/www.perfectvanwamel.com\/wp-content\/uploads\/2020\/04\/SPA.jpg","width":1500,"height":1001},{"@type":"BreadcrumbList","@id":"https:\/\/www.perfectvanwamel.com\/fr\/produit\/spa-andaineur-dattachement\/#breadcrumb","itemListElement":[{"@type":"ListItem","position":1,"name":"Home","item":"https:\/\/staging.perfectvanwamel.com\/fr\/"},{"@type":"ListItem","position":2,"name":"Technologie","item":"https:\/\/staging.perfectvanwamel.com\/fr\/technologie\/"},{"@type":"ListItem","position":3,"name":"SPA, andaineur d&#8217;attachement"}]},{"@type":"WebSite","@id":"https:\/\/www.perfectvanwamel.com\/fr\/#website","url":"https:\/\/www.perfectvanwamel.com\/fr\/","name":"PERFECT - Van Wamel","description":"","potentialAction":[{"@type":"SearchAction","target":{"@type":"EntryPoint","urlTemplate":"https:\/\/www.perfectvanwamel.com\/fr\/?s={search_term_string}"},"query-input":{"@type":"PropertyValueSpecification","valueRequired":true,"valueName":"search_term_string"}}],"inLanguage":"fr-FR"}]}},"_links":{"self":[{"href":"https:\/\/www.perfectvanwamel.com\/fr\/wp-json\/wp\/v2\/product\/6496","targetHints":{"allow":["GET"]}}],"collection":[{"href":"https:\/\/www.perfectvanwamel.com\/fr\/wp-json\/wp\/v2\/product"}],"about":[{"href":"https:\/\/www.perfectvanwamel.com\/fr\/wp-json\/wp\/v2\/types\/product"}],"wp:featuredmedia":[{"embeddable":true,"href":"https:\/\/www.perfectvanwamel.com\/fr\/wp-json\/wp\/v2\/media\/28382"}],"wp:attachment":[{"href":"https:\/\/www.perfectvanwamel.com\/fr\/wp-json\/wp\/v2\/media?parent=6496"}],"wp:term":[{"taxonomy":"product_brand","embeddable":true,"href":"https:\/\/www.perfectvanwamel.com\/fr\/wp-json\/wp\/v2\/product_brand?post=6496"},{"taxonomy":"product_cat","embeddable":true,"href":"https:\/\/www.perfectvanwamel.com\/fr\/wp-json\/wp\/v2\/product_cat?post=6496"},{"taxonomy":"product_tag","embeddable":true,"href":"https:\/\/www.perfectvanwamel.com\/fr\/wp-json\/wp\/v2\/product_tag?post=6496"}],"curies":[{"name":"wp","href":"https:\/\/api.w.org\/{rel}","templated":true}]}}