{"id":6497,"date":"2020-04-28T09:16:22","date_gmt":"2020-04-28T07:16:22","guid":{"rendered":"https:\/\/www.perfectvanwamel.com\/product\/spf-andaineur-frontal\/"},"modified":"2020-10-05T17:01:42","modified_gmt":"2020-10-05T15:01:42","slug":"spf-andaineur-frontal","status":"publish","type":"product","link":"https:\/\/www.perfectvanwamel.com\/fr\/produit\/spf-andaineur-frontal\/","title":{"rendered":"SPF, andaineur frontal"},"content":{"rendered":"<p>Sur des tracteurs sans relevage avant l&#8217;andaineur SPF est fix\u00e9 sur le devant du tracteur, par exemple sur le porte-masse.<\/p>\n<p>La t\u00eate de l&#8217;andaineur dispose d&#8217;un parfait suivi du sol, grace \u00e0 la roue de soutien pivotante qui suit le terrain ind\u00e9pendamment du tracteur. L&#8217;angle des balais est r\u00e9glable afin de pouvoir varier la pression des balais au sol pour optimiser le r\u00e9sultat du travail.<\/p>\n<p>Les brosses du SPF sont fabriqu\u00e9s d&#8217;une mati\u00e8re synthetique qui s&#8217;use tr\u00e8s lentement; ces brosses peuvent travailler tout pr\u00e8s et m\u00eame aoutour des arbres\/ceps sans les endommager.<\/p>\n","protected":false},"excerpt":{"rendered":"<p>L&#8217;andaineur SPF\u00a0 \u00e9loigne les sarments et feuilles depuis le rang d&#8217;arbres \/ vignes; le montage frontal permet de travailler tr\u00e8s pr\u00e9cisement. Un broyeur de sarments derri\u00e8re le tracteur assure le broyage de la mati\u00e8re balai\u00e9.<\/p>\n","protected":false},"featured_media":28386,"template":"","meta":{"_acf_changed":false},"product_brand":[],"product_cat":[1831],"product_tag":[],"class_list":{"0":"post-6497","1":"product","2":"type-product","3":"status-publish","4":"has-post-thumbnail","6":"product_cat-andaineurs","7":"pa_denkende-schijf-nee-fr","9":"first","10":"instock","11":"shipping-taxable","12":"product-type-simple"},"acf":[],"yoast_head":"<!-- This site is optimized with the Yoast SEO plugin v27.4 - https:\/\/yoast.com\/product\/yoast-seo-wordpress\/ -->\n<title>SPF, andaineur frontal - PERFECT - Van Wamel<\/title>\n<meta name=\"robots\" content=\"index, follow, max-snippet:-1, max-image-preview:large, max-video-preview:-1\" \/>\n<link rel=\"canonical\" href=\"https:\/\/www.perfectvanwamel.com\/fr\/produit\/spf-andaineur-frontal\/\" \/>\n<meta property=\"og:locale\" content=\"fr_FR\" \/>\n<meta property=\"og:type\" content=\"article\" \/>\n<meta property=\"og:title\" content=\"SPF, andaineur frontal - PERFECT - Van Wamel\" \/>\n<meta property=\"og:description\" content=\"L&#039;andaineur SPF\u00a0 \u00e9loigne les sarments et feuilles depuis le rang d&#039;arbres \/ vignes; le montage frontal permet de travailler tr\u00e8s pr\u00e9cisement. Un broyeur de sarments derri\u00e8re le tracteur assure le broyage de la mati\u00e8re balai\u00e9.\" \/>\n<meta property=\"og:url\" content=\"https:\/\/www.perfectvanwamel.com\/fr\/produit\/spf-andaineur-frontal\/\" \/>\n<meta property=\"og:site_name\" content=\"PERFECT - Van Wamel\" \/>\n<meta property=\"article:modified_time\" content=\"2020-10-05T15:01:42+00:00\" \/>\n<meta property=\"og:image\" content=\"https:\/\/staging.perfectvanwamel.com\/wp-content\/uploads\/2020\/04\/SPF.jpg\" \/>\n\t<meta property=\"og:image:width\" content=\"2094\" \/>\n\t<meta property=\"og:image:height\" content=\"1365\" \/>\n\t<meta property=\"og:image:type\" content=\"image\/jpeg\" \/>\n<meta name=\"twitter:card\" content=\"summary_large_image\" \/>\n<meta name=\"twitter:label1\" content=\"Dur\u00e9e de lecture estim\u00e9e\" \/>\n\t<meta name=\"twitter:data1\" content=\"1 minute\" \/>\n<script type=\"application\/ld+json\" class=\"yoast-schema-graph\">{\"@context\":\"https:\\\/\\\/schema.org\",\"@graph\":[{\"@type\":\"WebPage\",\"@id\":\"https:\\\/\\\/www.perfectvanwamel.com\\\/fr\\\/produit\\\/spf-andaineur-frontal\\\/\",\"url\":\"https:\\\/\\\/www.perfectvanwamel.com\\\/fr\\\/produit\\\/spf-andaineur-frontal\\\/\",\"name\":\"SPF, andaineur frontal - PERFECT - Van Wamel\",\"isPartOf\":{\"@id\":\"https:\\\/\\\/www.perfectvanwamel.com\\\/fr\\\/#website\"},\"primaryImageOfPage\":{\"@id\":\"https:\\\/\\\/www.perfectvanwamel.com\\\/fr\\\/produit\\\/spf-andaineur-frontal\\\/#primaryimage\"},\"image\":{\"@id\":\"https:\\\/\\\/www.perfectvanwamel.com\\\/fr\\\/produit\\\/spf-andaineur-frontal\\\/#primaryimage\"},\"thumbnailUrl\":\"https:\\\/\\\/www.perfectvanwamel.com\\\/wp-content\\\/uploads\\\/2020\\\/04\\\/SPF.jpg\",\"datePublished\":\"2020-04-28T07:16:22+00:00\",\"dateModified\":\"2020-10-05T15:01:42+00:00\",\"breadcrumb\":{\"@id\":\"https:\\\/\\\/www.perfectvanwamel.com\\\/fr\\\/produit\\\/spf-andaineur-frontal\\\/#breadcrumb\"},\"inLanguage\":\"fr-FR\",\"potentialAction\":[{\"@type\":\"ReadAction\",\"target\":[\"https:\\\/\\\/www.perfectvanwamel.com\\\/fr\\\/produit\\\/spf-andaineur-frontal\\\/\"]}]},{\"@type\":\"ImageObject\",\"inLanguage\":\"fr-FR\",\"@id\":\"https:\\\/\\\/www.perfectvanwamel.com\\\/fr\\\/produit\\\/spf-andaineur-frontal\\\/#primaryimage\",\"url\":\"https:\\\/\\\/www.perfectvanwamel.com\\\/wp-content\\\/uploads\\\/2020\\\/04\\\/SPF.jpg\",\"contentUrl\":\"https:\\\/\\\/www.perfectvanwamel.com\\\/wp-content\\\/uploads\\\/2020\\\/04\\\/SPF.jpg\",\"width\":2094,\"height\":1365},{\"@type\":\"BreadcrumbList\",\"@id\":\"https:\\\/\\\/www.perfectvanwamel.com\\\/fr\\\/produit\\\/spf-andaineur-frontal\\\/#breadcrumb\",\"itemListElement\":[{\"@type\":\"ListItem\",\"position\":1,\"name\":\"Home\",\"item\":\"https:\\\/\\\/staging.perfectvanwamel.com\\\/fr\\\/\"},{\"@type\":\"ListItem\",\"position\":2,\"name\":\"Technologie\",\"item\":\"https:\\\/\\\/staging.perfectvanwamel.com\\\/fr\\\/technologie\\\/\"},{\"@type\":\"ListItem\",\"position\":3,\"name\":\"SPF, andaineur frontal\"}]},{\"@type\":\"WebSite\",\"@id\":\"https:\\\/\\\/www.perfectvanwamel.com\\\/fr\\\/#website\",\"url\":\"https:\\\/\\\/www.perfectvanwamel.com\\\/fr\\\/\",\"name\":\"PERFECT - Van Wamel\",\"description\":\"\",\"potentialAction\":[{\"@type\":\"SearchAction\",\"target\":{\"@type\":\"EntryPoint\",\"urlTemplate\":\"https:\\\/\\\/www.perfectvanwamel.com\\\/fr\\\/?s={search_term_string}\"},\"query-input\":{\"@type\":\"PropertyValueSpecification\",\"valueRequired\":true,\"valueName\":\"search_term_string\"}}],\"inLanguage\":\"fr-FR\"}]}<\/script>\n<!-- \/ Yoast SEO plugin. -->","yoast_head_json":{"title":"SPF, andaineur frontal - PERFECT - Van Wamel","robots":{"index":"index","follow":"follow","max-snippet":"max-snippet:-1","max-image-preview":"max-image-preview:large","max-video-preview":"max-video-preview:-1"},"canonical":"https:\/\/www.perfectvanwamel.com\/fr\/produit\/spf-andaineur-frontal\/","og_locale":"fr_FR","og_type":"article","og_title":"SPF, andaineur frontal - PERFECT - Van Wamel","og_description":"L'andaineur SPF\u00a0 \u00e9loigne les sarments et feuilles depuis le rang d'arbres \/ vignes; le montage frontal permet de travailler tr\u00e8s pr\u00e9cisement. Un broyeur de sarments derri\u00e8re le tracteur assure le broyage de la mati\u00e8re balai\u00e9.","og_url":"https:\/\/www.perfectvanwamel.com\/fr\/produit\/spf-andaineur-frontal\/","og_site_name":"PERFECT - Van Wamel","article_modified_time":"2020-10-05T15:01:42+00:00","og_image":[{"width":2094,"height":1365,"url":"https:\/\/staging.perfectvanwamel.com\/wp-content\/uploads\/2020\/04\/SPF.jpg","type":"image\/jpeg"}],"twitter_card":"summary_large_image","twitter_misc":{"Dur\u00e9e de lecture estim\u00e9e":"1 minute"},"schema":{"@context":"https:\/\/schema.org","@graph":[{"@type":"WebPage","@id":"https:\/\/www.perfectvanwamel.com\/fr\/produit\/spf-andaineur-frontal\/","url":"https:\/\/www.perfectvanwamel.com\/fr\/produit\/spf-andaineur-frontal\/","name":"SPF, andaineur frontal - PERFECT - Van Wamel","isPartOf":{"@id":"https:\/\/www.perfectvanwamel.com\/fr\/#website"},"primaryImageOfPage":{"@id":"https:\/\/www.perfectvanwamel.com\/fr\/produit\/spf-andaineur-frontal\/#primaryimage"},"image":{"@id":"https:\/\/www.perfectvanwamel.com\/fr\/produit\/spf-andaineur-frontal\/#primaryimage"},"thumbnailUrl":"https:\/\/www.perfectvanwamel.com\/wp-content\/uploads\/2020\/04\/SPF.jpg","datePublished":"2020-04-28T07:16:22+00:00","dateModified":"2020-10-05T15:01:42+00:00","breadcrumb":{"@id":"https:\/\/www.perfectvanwamel.com\/fr\/produit\/spf-andaineur-frontal\/#breadcrumb"},"inLanguage":"fr-FR","potentialAction":[{"@type":"ReadAction","target":["https:\/\/www.perfectvanwamel.com\/fr\/produit\/spf-andaineur-frontal\/"]}]},{"@type":"ImageObject","inLanguage":"fr-FR","@id":"https:\/\/www.perfectvanwamel.com\/fr\/produit\/spf-andaineur-frontal\/#primaryimage","url":"https:\/\/www.perfectvanwamel.com\/wp-content\/uploads\/2020\/04\/SPF.jpg","contentUrl":"https:\/\/www.perfectvanwamel.com\/wp-content\/uploads\/2020\/04\/SPF.jpg","width":2094,"height":1365},{"@type":"BreadcrumbList","@id":"https:\/\/www.perfectvanwamel.com\/fr\/produit\/spf-andaineur-frontal\/#breadcrumb","itemListElement":[{"@type":"ListItem","position":1,"name":"Home","item":"https:\/\/staging.perfectvanwamel.com\/fr\/"},{"@type":"ListItem","position":2,"name":"Technologie","item":"https:\/\/staging.perfectvanwamel.com\/fr\/technologie\/"},{"@type":"ListItem","position":3,"name":"SPF, andaineur frontal"}]},{"@type":"WebSite","@id":"https:\/\/www.perfectvanwamel.com\/fr\/#website","url":"https:\/\/www.perfectvanwamel.com\/fr\/","name":"PERFECT - Van Wamel","description":"","potentialAction":[{"@type":"SearchAction","target":{"@type":"EntryPoint","urlTemplate":"https:\/\/www.perfectvanwamel.com\/fr\/?s={search_term_string}"},"query-input":{"@type":"PropertyValueSpecification","valueRequired":true,"valueName":"search_term_string"}}],"inLanguage":"fr-FR"}]}},"_links":{"self":[{"href":"https:\/\/www.perfectvanwamel.com\/fr\/wp-json\/wp\/v2\/product\/6497","targetHints":{"allow":["GET"]}}],"collection":[{"href":"https:\/\/www.perfectvanwamel.com\/fr\/wp-json\/wp\/v2\/product"}],"about":[{"href":"https:\/\/www.perfectvanwamel.com\/fr\/wp-json\/wp\/v2\/types\/product"}],"wp:featuredmedia":[{"embeddable":true,"href":"https:\/\/www.perfectvanwamel.com\/fr\/wp-json\/wp\/v2\/media\/28386"}],"wp:attachment":[{"href":"https:\/\/www.perfectvanwamel.com\/fr\/wp-json\/wp\/v2\/media?parent=6497"}],"wp:term":[{"taxonomy":"product_brand","embeddable":true,"href":"https:\/\/www.perfectvanwamel.com\/fr\/wp-json\/wp\/v2\/product_brand?post=6497"},{"taxonomy":"product_cat","embeddable":true,"href":"https:\/\/www.perfectvanwamel.com\/fr\/wp-json\/wp\/v2\/product_cat?post=6497"},{"taxonomy":"product_tag","embeddable":true,"href":"https:\/\/www.perfectvanwamel.com\/fr\/wp-json\/wp\/v2\/product_tag?post=6497"}],"curies":[{"name":"wp","href":"https:\/\/api.w.org\/{rel}","templated":true}]}}