{"id":6498,"date":"2020-04-28T09:18:56","date_gmt":"2020-04-28T07:18:56","guid":{"rendered":"https:\/\/www.perfectvanwamel.com\/product\/spd-andaineur-double\/"},"modified":"2021-04-06T13:44:01","modified_gmt":"2021-04-06T11:44:01","slug":"spd-andaineur-double","status":"publish","type":"product","link":"https:\/\/www.perfectvanwamel.com\/fr\/produit\/spd-andaineur-double\/","title":{"rendered":"SPD, andaineur double"},"content":{"rendered":"<p>Sur des tracteurs sans relevage avant l&#8217;andaineur double est fix\u00e9 sur le devant du tracteur, par exemple sur le porte-masse.<\/p>\n<p>Les t\u00eates de balayage sont lev\u00e9es hydrauliquement, la largeur de travail est \u00e9galement ajust\u00e9 hydrauliquement. Le radius de chaque t\u00eate est de 1,0 m, mais pour des conditions sp\u00e9ciales il y a la possibilit\u00e9 d&#8217;avoir un radius de 0,58 ou 1,30 m. Avec le grand radius la largeur maximale de l&#8217;andaineur double est de 5,15 m.<\/p>\n<p>Les t\u00eates de l&#8217;andaineur disposent d&#8217;un parfait suivi du sol, grace \u00e0 la roue de soutien pivotante qui suit le terrain ind\u00e9pendamment du tracteur. L&#8217;angle des balais est r\u00e9glable afin de pouvoir varier la pression des balais au sol pour optimiser le r\u00e9sultat du travail.<\/p>\n<p>Les brosses du SPF sont fabriqu\u00e9s d&#8217;une mati\u00e8re synthetique qui s&#8217;use tr\u00e8s lentement; ces brosses peuvent travailler tout pr\u00e8s et m\u00eame autour des arbres\/ceps sans les endommager.<\/p>\n","protected":false},"excerpt":{"rendered":"<p>L&#8217;andaineur SPD \u00e9loigne les sarments et feuilles depuis les rangs d&#8217;arbres \/ vignes aux deux cot\u00e9s du tracteur. Les deux andaineurs suivent le sol ind\u00e9pendamment du tracteur; suivant les sp\u00e9cifications la largeur varie entre 1.30 et \u2013 5.15 m. Aussi pour tracteurs sans relevage avant.<\/p>\n<p><\/p>\n","protected":false},"featured_media":28394,"template":"","meta":{"_acf_changed":false},"product_brand":[],"product_cat":[1831],"product_tag":[],"class_list":{"0":"post-6498","1":"product","2":"type-product","3":"status-publish","4":"has-post-thumbnail","6":"product_cat-andaineurs","7":"pa_denkende-schijf-nee-fr","9":"first","10":"instock","11":"shipping-taxable","12":"product-type-simple"},"acf":[],"yoast_head":"<!-- This site is optimized with the Yoast SEO plugin v27.4 - https:\/\/yoast.com\/product\/yoast-seo-wordpress\/ -->\n<title>SPD, andaineur double - PERFECT - Van Wamel<\/title>\n<meta name=\"robots\" content=\"index, follow, max-snippet:-1, max-image-preview:large, max-video-preview:-1\" \/>\n<link rel=\"canonical\" href=\"https:\/\/www.perfectvanwamel.com\/fr\/produit\/spd-andaineur-double\/\" \/>\n<meta property=\"og:locale\" content=\"fr_FR\" \/>\n<meta property=\"og:type\" content=\"article\" \/>\n<meta property=\"og:title\" content=\"SPD, andaineur double - PERFECT - Van Wamel\" \/>\n<meta property=\"og:description\" content=\"L&#039;andaineur SPD \u00e9loigne les sarments et feuilles depuis les rangs d&#039;arbres \/ vignes aux deux cot\u00e9s du tracteur. Les deux andaineurs suivent le sol ind\u00e9pendamment du tracteur; suivant les sp\u00e9cifications la largeur varie entre 1.30 et \u2013 5.15 m. Aussi pour tracteurs sans relevage avant.\" \/>\n<meta property=\"og:url\" content=\"https:\/\/www.perfectvanwamel.com\/fr\/produit\/spd-andaineur-double\/\" \/>\n<meta property=\"og:site_name\" content=\"PERFECT - Van Wamel\" \/>\n<meta property=\"article:modified_time\" content=\"2021-04-06T11:44:01+00:00\" \/>\n<meta property=\"og:image\" content=\"https:\/\/staging.perfectvanwamel.com\/wp-content\/uploads\/2020\/04\/SPD.jpg\" \/>\n\t<meta property=\"og:image:width\" content=\"1500\" \/>\n\t<meta property=\"og:image:height\" content=\"1001\" \/>\n\t<meta property=\"og:image:type\" content=\"image\/jpeg\" \/>\n<meta name=\"twitter:card\" content=\"summary_large_image\" \/>\n<meta name=\"twitter:label1\" content=\"Dur\u00e9e de lecture estim\u00e9e\" \/>\n\t<meta name=\"twitter:data1\" content=\"1 minute\" \/>\n<script type=\"application\/ld+json\" class=\"yoast-schema-graph\">{\"@context\":\"https:\\\/\\\/schema.org\",\"@graph\":[{\"@type\":\"WebPage\",\"@id\":\"https:\\\/\\\/www.perfectvanwamel.com\\\/fr\\\/produit\\\/spd-andaineur-double\\\/\",\"url\":\"https:\\\/\\\/www.perfectvanwamel.com\\\/fr\\\/produit\\\/spd-andaineur-double\\\/\",\"name\":\"SPD, andaineur double - PERFECT - Van Wamel\",\"isPartOf\":{\"@id\":\"https:\\\/\\\/www.perfectvanwamel.com\\\/fr\\\/#website\"},\"primaryImageOfPage\":{\"@id\":\"https:\\\/\\\/www.perfectvanwamel.com\\\/fr\\\/produit\\\/spd-andaineur-double\\\/#primaryimage\"},\"image\":{\"@id\":\"https:\\\/\\\/www.perfectvanwamel.com\\\/fr\\\/produit\\\/spd-andaineur-double\\\/#primaryimage\"},\"thumbnailUrl\":\"https:\\\/\\\/www.perfectvanwamel.com\\\/wp-content\\\/uploads\\\/2020\\\/04\\\/SPD.jpg\",\"datePublished\":\"2020-04-28T07:18:56+00:00\",\"dateModified\":\"2021-04-06T11:44:01+00:00\",\"breadcrumb\":{\"@id\":\"https:\\\/\\\/www.perfectvanwamel.com\\\/fr\\\/produit\\\/spd-andaineur-double\\\/#breadcrumb\"},\"inLanguage\":\"fr-FR\",\"potentialAction\":[{\"@type\":\"ReadAction\",\"target\":[\"https:\\\/\\\/www.perfectvanwamel.com\\\/fr\\\/produit\\\/spd-andaineur-double\\\/\"]}]},{\"@type\":\"ImageObject\",\"inLanguage\":\"fr-FR\",\"@id\":\"https:\\\/\\\/www.perfectvanwamel.com\\\/fr\\\/produit\\\/spd-andaineur-double\\\/#primaryimage\",\"url\":\"https:\\\/\\\/www.perfectvanwamel.com\\\/wp-content\\\/uploads\\\/2020\\\/04\\\/SPD.jpg\",\"contentUrl\":\"https:\\\/\\\/www.perfectvanwamel.com\\\/wp-content\\\/uploads\\\/2020\\\/04\\\/SPD.jpg\",\"width\":1500,\"height\":1001},{\"@type\":\"BreadcrumbList\",\"@id\":\"https:\\\/\\\/www.perfectvanwamel.com\\\/fr\\\/produit\\\/spd-andaineur-double\\\/#breadcrumb\",\"itemListElement\":[{\"@type\":\"ListItem\",\"position\":1,\"name\":\"Home\",\"item\":\"https:\\\/\\\/staging.perfectvanwamel.com\\\/fr\\\/\"},{\"@type\":\"ListItem\",\"position\":2,\"name\":\"Technologie\",\"item\":\"https:\\\/\\\/staging.perfectvanwamel.com\\\/fr\\\/technologie\\\/\"},{\"@type\":\"ListItem\",\"position\":3,\"name\":\"SPD, andaineur double\"}]},{\"@type\":\"WebSite\",\"@id\":\"https:\\\/\\\/www.perfectvanwamel.com\\\/fr\\\/#website\",\"url\":\"https:\\\/\\\/www.perfectvanwamel.com\\\/fr\\\/\",\"name\":\"PERFECT - Van Wamel\",\"description\":\"\",\"potentialAction\":[{\"@type\":\"SearchAction\",\"target\":{\"@type\":\"EntryPoint\",\"urlTemplate\":\"https:\\\/\\\/www.perfectvanwamel.com\\\/fr\\\/?s={search_term_string}\"},\"query-input\":{\"@type\":\"PropertyValueSpecification\",\"valueRequired\":true,\"valueName\":\"search_term_string\"}}],\"inLanguage\":\"fr-FR\"}]}<\/script>\n<!-- \/ Yoast SEO plugin. -->","yoast_head_json":{"title":"SPD, andaineur double - PERFECT - Van Wamel","robots":{"index":"index","follow":"follow","max-snippet":"max-snippet:-1","max-image-preview":"max-image-preview:large","max-video-preview":"max-video-preview:-1"},"canonical":"https:\/\/www.perfectvanwamel.com\/fr\/produit\/spd-andaineur-double\/","og_locale":"fr_FR","og_type":"article","og_title":"SPD, andaineur double - PERFECT - Van Wamel","og_description":"L'andaineur SPD \u00e9loigne les sarments et feuilles depuis les rangs d'arbres \/ vignes aux deux cot\u00e9s du tracteur. Les deux andaineurs suivent le sol ind\u00e9pendamment du tracteur; suivant les sp\u00e9cifications la largeur varie entre 1.30 et \u2013 5.15 m. Aussi pour tracteurs sans relevage avant.","og_url":"https:\/\/www.perfectvanwamel.com\/fr\/produit\/spd-andaineur-double\/","og_site_name":"PERFECT - Van Wamel","article_modified_time":"2021-04-06T11:44:01+00:00","og_image":[{"width":1500,"height":1001,"url":"https:\/\/staging.perfectvanwamel.com\/wp-content\/uploads\/2020\/04\/SPD.jpg","type":"image\/jpeg"}],"twitter_card":"summary_large_image","twitter_misc":{"Dur\u00e9e de lecture estim\u00e9e":"1 minute"},"schema":{"@context":"https:\/\/schema.org","@graph":[{"@type":"WebPage","@id":"https:\/\/www.perfectvanwamel.com\/fr\/produit\/spd-andaineur-double\/","url":"https:\/\/www.perfectvanwamel.com\/fr\/produit\/spd-andaineur-double\/","name":"SPD, andaineur double - PERFECT - Van Wamel","isPartOf":{"@id":"https:\/\/www.perfectvanwamel.com\/fr\/#website"},"primaryImageOfPage":{"@id":"https:\/\/www.perfectvanwamel.com\/fr\/produit\/spd-andaineur-double\/#primaryimage"},"image":{"@id":"https:\/\/www.perfectvanwamel.com\/fr\/produit\/spd-andaineur-double\/#primaryimage"},"thumbnailUrl":"https:\/\/www.perfectvanwamel.com\/wp-content\/uploads\/2020\/04\/SPD.jpg","datePublished":"2020-04-28T07:18:56+00:00","dateModified":"2021-04-06T11:44:01+00:00","breadcrumb":{"@id":"https:\/\/www.perfectvanwamel.com\/fr\/produit\/spd-andaineur-double\/#breadcrumb"},"inLanguage":"fr-FR","potentialAction":[{"@type":"ReadAction","target":["https:\/\/www.perfectvanwamel.com\/fr\/produit\/spd-andaineur-double\/"]}]},{"@type":"ImageObject","inLanguage":"fr-FR","@id":"https:\/\/www.perfectvanwamel.com\/fr\/produit\/spd-andaineur-double\/#primaryimage","url":"https:\/\/www.perfectvanwamel.com\/wp-content\/uploads\/2020\/04\/SPD.jpg","contentUrl":"https:\/\/www.perfectvanwamel.com\/wp-content\/uploads\/2020\/04\/SPD.jpg","width":1500,"height":1001},{"@type":"BreadcrumbList","@id":"https:\/\/www.perfectvanwamel.com\/fr\/produit\/spd-andaineur-double\/#breadcrumb","itemListElement":[{"@type":"ListItem","position":1,"name":"Home","item":"https:\/\/staging.perfectvanwamel.com\/fr\/"},{"@type":"ListItem","position":2,"name":"Technologie","item":"https:\/\/staging.perfectvanwamel.com\/fr\/technologie\/"},{"@type":"ListItem","position":3,"name":"SPD, andaineur double"}]},{"@type":"WebSite","@id":"https:\/\/www.perfectvanwamel.com\/fr\/#website","url":"https:\/\/www.perfectvanwamel.com\/fr\/","name":"PERFECT - Van Wamel","description":"","potentialAction":[{"@type":"SearchAction","target":{"@type":"EntryPoint","urlTemplate":"https:\/\/www.perfectvanwamel.com\/fr\/?s={search_term_string}"},"query-input":{"@type":"PropertyValueSpecification","valueRequired":true,"valueName":"search_term_string"}}],"inLanguage":"fr-FR"}]}},"_links":{"self":[{"href":"https:\/\/www.perfectvanwamel.com\/fr\/wp-json\/wp\/v2\/product\/6498","targetHints":{"allow":["GET"]}}],"collection":[{"href":"https:\/\/www.perfectvanwamel.com\/fr\/wp-json\/wp\/v2\/product"}],"about":[{"href":"https:\/\/www.perfectvanwamel.com\/fr\/wp-json\/wp\/v2\/types\/product"}],"wp:featuredmedia":[{"embeddable":true,"href":"https:\/\/www.perfectvanwamel.com\/fr\/wp-json\/wp\/v2\/media\/28394"}],"wp:attachment":[{"href":"https:\/\/www.perfectvanwamel.com\/fr\/wp-json\/wp\/v2\/media?parent=6498"}],"wp:term":[{"taxonomy":"product_brand","embeddable":true,"href":"https:\/\/www.perfectvanwamel.com\/fr\/wp-json\/wp\/v2\/product_brand?post=6498"},{"taxonomy":"product_cat","embeddable":true,"href":"https:\/\/www.perfectvanwamel.com\/fr\/wp-json\/wp\/v2\/product_cat?post=6498"},{"taxonomy":"product_tag","embeddable":true,"href":"https:\/\/www.perfectvanwamel.com\/fr\/wp-json\/wp\/v2\/product_tag?post=6498"}],"curies":[{"name":"wp","href":"https:\/\/api.w.org\/{rel}","templated":true}]}}