{"id":6503,"date":"2019-12-03T13:01:21","date_gmt":"2019-12-03T12:01:21","guid":{"rendered":"https:\/\/www.perfectvanwamel.com\/product\/faucheuse-rotative-serie-lk\/"},"modified":"2019-12-03T13:01:21","modified_gmt":"2019-12-03T12:01:21","slug":"faucheuse-rotative-serie-lk","status":"publish","type":"product","link":"https:\/\/www.perfectvanwamel.com\/fr\/produit\/faucheuse-rotative-serie-lk\/","title":{"rendered":"Faucheuse rotative grande puissance, s\u00e9rie LK"},"content":{"rendered":"<p>L\u2019entra\u00eenement de la faucheuse LK est prot\u00e9g\u00e9 par des accouplements entre les bo\u00eetes \u00e0 engrenages et un accouplement \u00e0 friction livr\u00e9 en s\u00e9rie sur la prise de force.<\/p>\n<p>La LK peut \u00eatre \u00e9quip\u00e9e sur demande d\u2019un d\u00e9port hydraulique. Un rouleau peut \u00e9galement \u00eatre install\u00e9 pour un suivi optimal des contours du terrain. Des roulettes pivotantes en caoutchouc font partie des possibilit\u00e9s.<\/p>\n","protected":false},"excerpt":{"rendered":"<p>Les faucheuses rotatives LK sont directement entra\u00een\u00e9es par une bo\u00eete \u00e0 engrenages qui permettent de transmettre plus de puissance aux rotors de la faucheuse. Il en r\u00e9sulte une tr\u00e8s grande capacit\u00e9 et un fauchage de qualit\u00e9 exceptionnelle, m\u00eame si la v\u00e9g\u00e9tation est particuli\u00e8rement r\u00e9sistante.<\/p>\n<p>La faucheuse LK est la machine id\u00e9ale pour les terrains o\u00f9 il n\u2019est pas possible ou souhaitable de faucher avec un rotobroyeur.<\/p>\n","protected":false},"featured_media":28435,"template":"","meta":{"_acf_changed":false},"product_brand":[],"product_cat":[1777],"product_tag":[],"class_list":{"0":"post-6503","1":"product","2":"type-product","3":"status-publish","4":"has-post-thumbnail","6":"product_cat-fauchage-de-prairies","7":"pa_aantal-maaimessen-2-fr","8":"pa_aantal-maaimessen-3-fr","9":"pa_aftakas-opm-37-50-fr","10":"pa_aftakas-opm-41-55-fr","11":"pa_aftakas-opm-45-60-fr","12":"pa_aftakas-opm-56-75-fr","13":"pa_gewicht-kg-470-fr","14":"pa_gewicht-kg-490-fr","15":"pa_gewicht-kg-625-fr","16":"pa_gewicht-kg-700-fr","17":"pa_maaihoogte-cm-4-14-fr","18":"pa_max-verstrek-midden-cm-141-fr","19":"pa_max-verstrek-midden-cm-156-fr","20":"pa_max-verstrek-midden-cm-171-fr","21":"pa_max-verstrek-midden-cm-186-fr","22":"pa_transportbreedte-cm-195-fr","23":"pa_transportbreedte-cm-225-fr","24":"pa_transportbreedte-cm-255-fr","25":"pa_transportbreedte-cm-285-fr","26":"pa_werkbreedte-cm-185-fr","27":"pa_werkbreedte-cm-215-fr","28":"pa_werkbreedte-cm-245-fr","29":"pa_werkbreedte-cm-275-fr","31":"first","32":"instock","33":"shipping-taxable","34":"product-type-simple"},"acf":[],"yoast_head":"<!-- This site is optimized with the Yoast SEO plugin v27.4 - https:\/\/yoast.com\/product\/yoast-seo-wordpress\/ -->\n<title>Faucheuse rotative grande puissance, s\u00e9rie LK - PERFECT - Van Wamel<\/title>\n<meta name=\"robots\" content=\"index, follow, max-snippet:-1, max-image-preview:large, max-video-preview:-1\" \/>\n<link rel=\"canonical\" href=\"https:\/\/www.perfectvanwamel.com\/fr\/produit\/faucheuse-rotative-serie-lk\/\" \/>\n<meta property=\"og:locale\" content=\"fr_FR\" \/>\n<meta property=\"og:type\" content=\"article\" \/>\n<meta property=\"og:title\" content=\"Faucheuse rotative grande puissance, s\u00e9rie LK - PERFECT - Van Wamel\" \/>\n<meta property=\"og:description\" content=\"Les faucheuses rotatives LK sont directement entra\u00een\u00e9es par une bo\u00eete \u00e0 engrenages qui permettent de transmettre plus de puissance aux rotors de la faucheuse. Il en r\u00e9sulte une tr\u00e8s grande capacit\u00e9 et un fauchage de qualit\u00e9 exceptionnelle, m\u00eame si la v\u00e9g\u00e9tation est particuli\u00e8rement r\u00e9sistante.  La faucheuse LK est la machine id\u00e9ale pour les terrains o\u00f9 il n\u2019est pas possible ou souhaitable de faucher avec un rotobroyeur.\" \/>\n<meta property=\"og:url\" content=\"https:\/\/www.perfectvanwamel.com\/fr\/produit\/faucheuse-rotative-serie-lk\/\" \/>\n<meta property=\"og:site_name\" content=\"PERFECT - Van Wamel\" \/>\n<meta property=\"og:image\" content=\"https:\/\/staging.perfectvanwamel.com\/wp-content\/uploads\/2019\/12\/LK.jpg\" \/>\n\t<meta property=\"og:image:width\" content=\"1844\" \/>\n\t<meta property=\"og:image:height\" content=\"1026\" \/>\n\t<meta property=\"og:image:type\" content=\"image\/jpeg\" \/>\n<meta name=\"twitter:card\" content=\"summary_large_image\" \/>\n<script type=\"application\/ld+json\" class=\"yoast-schema-graph\">{\"@context\":\"https:\\\/\\\/schema.org\",\"@graph\":[{\"@type\":\"WebPage\",\"@id\":\"https:\\\/\\\/www.perfectvanwamel.com\\\/fr\\\/produit\\\/faucheuse-rotative-serie-lk\\\/\",\"url\":\"https:\\\/\\\/www.perfectvanwamel.com\\\/fr\\\/produit\\\/faucheuse-rotative-serie-lk\\\/\",\"name\":\"Faucheuse rotative grande puissance, s\u00e9rie LK - PERFECT - Van Wamel\",\"isPartOf\":{\"@id\":\"https:\\\/\\\/www.perfectvanwamel.com\\\/fr\\\/#website\"},\"primaryImageOfPage\":{\"@id\":\"https:\\\/\\\/www.perfectvanwamel.com\\\/fr\\\/produit\\\/faucheuse-rotative-serie-lk\\\/#primaryimage\"},\"image\":{\"@id\":\"https:\\\/\\\/www.perfectvanwamel.com\\\/fr\\\/produit\\\/faucheuse-rotative-serie-lk\\\/#primaryimage\"},\"thumbnailUrl\":\"https:\\\/\\\/www.perfectvanwamel.com\\\/wp-content\\\/uploads\\\/2019\\\/12\\\/LK.jpg\",\"datePublished\":\"2019-12-03T12:01:21+00:00\",\"breadcrumb\":{\"@id\":\"https:\\\/\\\/www.perfectvanwamel.com\\\/fr\\\/produit\\\/faucheuse-rotative-serie-lk\\\/#breadcrumb\"},\"inLanguage\":\"fr-FR\",\"potentialAction\":[{\"@type\":\"ReadAction\",\"target\":[\"https:\\\/\\\/www.perfectvanwamel.com\\\/fr\\\/produit\\\/faucheuse-rotative-serie-lk\\\/\"]}]},{\"@type\":\"ImageObject\",\"inLanguage\":\"fr-FR\",\"@id\":\"https:\\\/\\\/www.perfectvanwamel.com\\\/fr\\\/produit\\\/faucheuse-rotative-serie-lk\\\/#primaryimage\",\"url\":\"https:\\\/\\\/www.perfectvanwamel.com\\\/wp-content\\\/uploads\\\/2019\\\/12\\\/LK.jpg\",\"contentUrl\":\"https:\\\/\\\/www.perfectvanwamel.com\\\/wp-content\\\/uploads\\\/2019\\\/12\\\/LK.jpg\",\"width\":1844,\"height\":1026},{\"@type\":\"BreadcrumbList\",\"@id\":\"https:\\\/\\\/www.perfectvanwamel.com\\\/fr\\\/produit\\\/faucheuse-rotative-serie-lk\\\/#breadcrumb\",\"itemListElement\":[{\"@type\":\"ListItem\",\"position\":1,\"name\":\"Home\",\"item\":\"https:\\\/\\\/staging.perfectvanwamel.com\\\/fr\\\/\"},{\"@type\":\"ListItem\",\"position\":2,\"name\":\"Produits\",\"item\":\"https:\\\/\\\/www.perfectvanwamel.com\\\/fr\\\/technologie\\\/\"},{\"@type\":\"ListItem\",\"position\":3,\"name\":\"Faucheuse rotative grande puissance, s\u00e9rie LK\"}]},{\"@type\":\"WebSite\",\"@id\":\"https:\\\/\\\/www.perfectvanwamel.com\\\/fr\\\/#website\",\"url\":\"https:\\\/\\\/www.perfectvanwamel.com\\\/fr\\\/\",\"name\":\"PERFECT - Van Wamel\",\"description\":\"\",\"potentialAction\":[{\"@type\":\"SearchAction\",\"target\":{\"@type\":\"EntryPoint\",\"urlTemplate\":\"https:\\\/\\\/www.perfectvanwamel.com\\\/fr\\\/?s={search_term_string}\"},\"query-input\":{\"@type\":\"PropertyValueSpecification\",\"valueRequired\":true,\"valueName\":\"search_term_string\"}}],\"inLanguage\":\"fr-FR\"}]}<\/script>\n<!-- \/ Yoast SEO plugin. -->","yoast_head_json":{"title":"Faucheuse rotative grande puissance, s\u00e9rie LK - PERFECT - Van Wamel","robots":{"index":"index","follow":"follow","max-snippet":"max-snippet:-1","max-image-preview":"max-image-preview:large","max-video-preview":"max-video-preview:-1"},"canonical":"https:\/\/www.perfectvanwamel.com\/fr\/produit\/faucheuse-rotative-serie-lk\/","og_locale":"fr_FR","og_type":"article","og_title":"Faucheuse rotative grande puissance, s\u00e9rie LK - PERFECT - Van Wamel","og_description":"Les faucheuses rotatives LK sont directement entra\u00een\u00e9es par une bo\u00eete \u00e0 engrenages qui permettent de transmettre plus de puissance aux rotors de la faucheuse. Il en r\u00e9sulte une tr\u00e8s grande capacit\u00e9 et un fauchage de qualit\u00e9 exceptionnelle, m\u00eame si la v\u00e9g\u00e9tation est particuli\u00e8rement r\u00e9sistante.  La faucheuse LK est la machine id\u00e9ale pour les terrains o\u00f9 il n\u2019est pas possible ou souhaitable de faucher avec un rotobroyeur.","og_url":"https:\/\/www.perfectvanwamel.com\/fr\/produit\/faucheuse-rotative-serie-lk\/","og_site_name":"PERFECT - Van Wamel","og_image":[{"width":1844,"height":1026,"url":"https:\/\/staging.perfectvanwamel.com\/wp-content\/uploads\/2019\/12\/LK.jpg","type":"image\/jpeg"}],"twitter_card":"summary_large_image","schema":{"@context":"https:\/\/schema.org","@graph":[{"@type":"WebPage","@id":"https:\/\/www.perfectvanwamel.com\/fr\/produit\/faucheuse-rotative-serie-lk\/","url":"https:\/\/www.perfectvanwamel.com\/fr\/produit\/faucheuse-rotative-serie-lk\/","name":"Faucheuse rotative grande puissance, s\u00e9rie LK - PERFECT - Van Wamel","isPartOf":{"@id":"https:\/\/www.perfectvanwamel.com\/fr\/#website"},"primaryImageOfPage":{"@id":"https:\/\/www.perfectvanwamel.com\/fr\/produit\/faucheuse-rotative-serie-lk\/#primaryimage"},"image":{"@id":"https:\/\/www.perfectvanwamel.com\/fr\/produit\/faucheuse-rotative-serie-lk\/#primaryimage"},"thumbnailUrl":"https:\/\/www.perfectvanwamel.com\/wp-content\/uploads\/2019\/12\/LK.jpg","datePublished":"2019-12-03T12:01:21+00:00","breadcrumb":{"@id":"https:\/\/www.perfectvanwamel.com\/fr\/produit\/faucheuse-rotative-serie-lk\/#breadcrumb"},"inLanguage":"fr-FR","potentialAction":[{"@type":"ReadAction","target":["https:\/\/www.perfectvanwamel.com\/fr\/produit\/faucheuse-rotative-serie-lk\/"]}]},{"@type":"ImageObject","inLanguage":"fr-FR","@id":"https:\/\/www.perfectvanwamel.com\/fr\/produit\/faucheuse-rotative-serie-lk\/#primaryimage","url":"https:\/\/www.perfectvanwamel.com\/wp-content\/uploads\/2019\/12\/LK.jpg","contentUrl":"https:\/\/www.perfectvanwamel.com\/wp-content\/uploads\/2019\/12\/LK.jpg","width":1844,"height":1026},{"@type":"BreadcrumbList","@id":"https:\/\/www.perfectvanwamel.com\/fr\/produit\/faucheuse-rotative-serie-lk\/#breadcrumb","itemListElement":[{"@type":"ListItem","position":1,"name":"Home","item":"https:\/\/staging.perfectvanwamel.com\/fr\/"},{"@type":"ListItem","position":2,"name":"Produits","item":"https:\/\/www.perfectvanwamel.com\/fr\/technologie\/"},{"@type":"ListItem","position":3,"name":"Faucheuse rotative grande puissance, s\u00e9rie LK"}]},{"@type":"WebSite","@id":"https:\/\/www.perfectvanwamel.com\/fr\/#website","url":"https:\/\/www.perfectvanwamel.com\/fr\/","name":"PERFECT - Van Wamel","description":"","potentialAction":[{"@type":"SearchAction","target":{"@type":"EntryPoint","urlTemplate":"https:\/\/www.perfectvanwamel.com\/fr\/?s={search_term_string}"},"query-input":{"@type":"PropertyValueSpecification","valueRequired":true,"valueName":"search_term_string"}}],"inLanguage":"fr-FR"}]}},"_links":{"self":[{"href":"https:\/\/www.perfectvanwamel.com\/fr\/wp-json\/wp\/v2\/product\/6503","targetHints":{"allow":["GET"]}}],"collection":[{"href":"https:\/\/www.perfectvanwamel.com\/fr\/wp-json\/wp\/v2\/product"}],"about":[{"href":"https:\/\/www.perfectvanwamel.com\/fr\/wp-json\/wp\/v2\/types\/product"}],"wp:featuredmedia":[{"embeddable":true,"href":"https:\/\/www.perfectvanwamel.com\/fr\/wp-json\/wp\/v2\/media\/28435"}],"wp:attachment":[{"href":"https:\/\/www.perfectvanwamel.com\/fr\/wp-json\/wp\/v2\/media?parent=6503"}],"wp:term":[{"taxonomy":"product_brand","embeddable":true,"href":"https:\/\/www.perfectvanwamel.com\/fr\/wp-json\/wp\/v2\/product_brand?post=6503"},{"taxonomy":"product_cat","embeddable":true,"href":"https:\/\/www.perfectvanwamel.com\/fr\/wp-json\/wp\/v2\/product_cat?post=6503"},{"taxonomy":"product_tag","embeddable":true,"href":"https:\/\/www.perfectvanwamel.com\/fr\/wp-json\/wp\/v2\/product_tag?post=6503"}],"curies":[{"name":"wp","href":"https:\/\/api.w.org\/{rel}","templated":true}]}}